{"id":445194,"date":"2026-03-21T11:59:41","date_gmt":"2026-03-21T04:59:41","guid":{"rendered":"http:\/\/tourcruiser.com\/product\/women-adidas-originals-ozgaia-putty-mauve-ig6049"},"modified":"2026-03-21T11:59:41","modified_gmt":"2026-03-21T04:59:41","slug":"women-adidas-originals-ozgaia-putty-mauve-ig6049","status":"publish","type":"product","link":"https:\/\/tourcruiser.com\/de\/products\/women-adidas-originals-ozgaia-putty-mauve-ig6049\/","title":{"rendered":"(Women) adidas Originals Ozgaia &#8222;Putty Mauve&#8220; IG6049"},"content":{"rendered":"<p>Wir pr\u00c3\u00a4sentieren die adidas Originals Ozgaia \u00e2\u20ac\u017ePutty Mauve\u00e2\u20ac\u0153 Sneaker \u00e2\u20ac\u201c die perfekte Kombination aus Style und Komfort. Ihr einzigartiges Design mit einer Mischung aus Mesh, Wildleder und Synthetik-Overlays verleiht jedem Outfit einen Hauch von Eleganz. Die Adiprene-D\u00c3\u00a4mpfungstechnologie sorgt f\u00c3\u00bcr au\u00c3\u0178ergew\u00c3\u00b6hnlichen Tragekomfort und ein geschmeidiges, m\u00c3\u00bcheloses Laufgef\u00c3\u00bchl. Egal ob beim Stadtbummel oder im Fitnessstudio \u00e2\u20ac\u201c mit diesen Sneakern siehst du immer top aus und f\u00c3\u00bchlst dich rundum wohl. Hol dir jetzt die adidas Originals Ozgaia \u00e2\u20ac\u017ePutty Mauve\u00e2\u20ac\u0153 f\u00c3\u00bcr deine Schuhkollektion!<br \/>\n&#8230;<\/p>\n","protected":false},"excerpt":{"rendered":"<p>Wir pr\u00c3\u00a4sentieren die adidas Originals Ozgaia \u00e2\u20ac\u017ePutty Mauve\u00e2\u20ac\u0153 Sneaker \u00e2\u20ac\u201c die perfekte Kombination aus Style und Komfort. Ihr einzigartiges Design mit einer Mischung aus Mesh, Wildleder und Synthetik-Overlays verleiht jedem Outfit einen Hauch von Eleganz. Die Adiprene-D\u00c3\u00a4mpfungstechnologie sorgt f\u00c3\u00bcr au\u00c3\u0178ergew\u00c3\u00b6hnlichen Tragekomfort und ein geschmeidiges, m\u00c3\u00bcheloses Laufgef\u00c3\u00bchl. Egal ob beim Stadtbummel oder im Fitnessstudio \u00e2\u20ac\u201c mit [&hellip;]<\/p>\n","protected":false},"featured_media":445195,"comment_status":"open","ping_status":"closed","template":"","meta":[],"product_brand":[],"product_cat":[10760,38840,39069,38854],"product_tag":[10759,10926,10754,10765,10768,10758],"class_list":{"0":"post-445194","1":"product","2":"type-product","3":"status-publish","4":"has-post-thumbnail","6":"product_cat-adidas","7":"product_cat-lifestyle-shoes-running-inspired","8":"product_cat-adidas-originals-ozgaia","9":"product_cat-gender-women","10":"product_tag-adidas","11":"product_tag-gift-for-her","12":"product_tag-lifestyle-casual-shoes","13":"product_tag-lifestyle-shoes-running-inspired","14":"product_tag-retro-running-shoes","15":"product_tag-under-retail","16":"wcpa_has_options","18":"first","19":"instock","20":"taxable","21":"shipping-taxable","22":"purchasable","23":"product-type-simple"},"wcpa_form_fields":{"rules":{"pric_overide_base_price":false,"pric_overide_base_price_if_gt_zero":false,"pric_overide_base_price_fully":false,"pric_cal_option_once":false,"pric_use_as_fee":false,"bind_quantity":false,"quantity_bind_formula":false},"fields":[{"type":"color-group","required":true,"elementId":"wcpa-color-group-66c4a7f817afe","label":"Gr\u00f6\u00dfe","inline":true,"priceOptions":"different_for_all","pricingType":"fixed","className":"hassizechart product-shoes-size-eu product-shoes-size","name":"color-group-66c4a7f817b18","disp_type":"square","selection_type":"tick-border","disp_size":"50","show_label_inside":true,"adjust_width":true,"cart_display_type":"text","other_text":"Other","cl_rule":"show","col":6,"values":[{"label":"35","value":"EU 35","price":"","pimage":"","pimage_id":"","pthumb":"","color":""},{"label":"35.5","value":"EU 35.5","price":"","pimage":"","pimage_id":"","pthumb":"","color":""},{"label":"36","value":"EU 36","price":"","pimage":"","pimage_id":"","pthumb":"","color":"","selected":true},{"label":"36 2\/3","value":"EU 36 2\/3","price":"","pimage":"","pimage_id":"","pthumb":"","color":""},{"label":"37 1\/3","value":"EU 37 1\/3","price":"","pimage":"","pimage_id":"","pthumb":"","color":""},{"label":"38","value":"EU 38","price":"","pimage":"","pimage_id":"","pthumb":"","color":""},{"label":"38 2\/3","value":"EU 38 2\/3","price":"","pimage":"","pimage_id":"","pthumb":"","color":""},{"label":"39 1\/3","value":"EU 39 1\/3","price":"","pimage":"","pimage_id":"","pthumb":"","color":""},{"label":"40","value":"EU 40","price":"","pimage":"","pimage_id":"","pthumb":"","color":""},{"label":"40 2\/3","value":"EU 40 2\/3","price":"","pimage":"","pimage_id":"","pthumb":"","color":""},{"label":"41 1\/3","value":"EU 41 1\/3","price":"","pimage":"","pimage_id":"","pthumb":"","color":""},{"label":"42","value":"EU 42","price":"","pimage":"","pimage_id":"","pthumb":"","color":""},{"label":"42 2\/3","value":"EU 42 2\/3","price":"","pimage":"","pimage_id":"","pthumb":"","color":""},{"label":"43 1\/3","value":"EU 43 1\/3","price":"","pimage":"","pimage_id":"","pthumb":"","color":""},{"label":"44","value":"EU 44","price":"","pimage":"","pimage_id":"","pthumb":"","color":""},{"label":"44 2\/3","value":"EU 44 2\/3","price":"","pimage":"","pimage_id":"","pthumb":"","color":""},{"label":"45 1\/3","value":"EU 45 1\/3","price":"","pimage":"","pimage_id":"","pthumb":"","color":""},{"label":"46","value":"EU 46","price":"","pimage":"","pimage_id":"","pthumb":"","color":""},{"label":"46 2\/3","value":"EU 46 2\/3","price":"","pimage":"","pimage_id":"","pthumb":"","color":""},{"label":"47 1\/3","value":"EU 47 1\/3","price":"","pimage":"","pimage_id":"","pthumb":"","color":""}],"relations":[{"operator":false,"rules":[]}],"form_id":24802,"form_rules":{"pric_cal_option_once":false,"exclude_from_discount":false,"pric_use_as_fee":false,"fee_label":"Fee","render_after_acb":false,"disp_hide_options_price":false}}]},"yoast_head":"<!-- This site is optimized with the Yoast SEO plugin v26.5 - https:\/\/yoast.com\/wordpress\/plugins\/seo\/ -->\n<title>(Women) adidas Originals Ozgaia &quot;Putty Mauve&quot; IG6049 - Tourcruiser PTE. LTD<\/title>\n<meta name=\"robots\" content=\"index, follow, max-snippet:-1, max-image-preview:large, max-video-preview:-1\" \/>\n<link rel=\"canonical\" href=\"https:\/\/tourcruiser.com\/de\/products\/women-adidas-originals-ozgaia-putty-mauve-ig6049\/\" \/>\n<meta property=\"og:locale\" content=\"de_DE\" \/>\n<meta property=\"og:type\" content=\"article\" \/>\n<meta property=\"og:title\" content=\"(Women) adidas Originals Ozgaia &quot;Putty Mauve&quot; IG6049 - Tourcruiser PTE. LTD\" \/>\n<meta property=\"og:description\" content=\"Wir pr\u00c3\u00a4sentieren die adidas Originals Ozgaia \u00e2\u20ac\u017ePutty Mauve\u00e2\u20ac\u0153 Sneaker \u00e2\u20ac\u201c die perfekte Kombination aus Style und Komfort. Ihr einzigartiges Design mit einer Mischung aus Mesh, Wildleder und Synthetik-Overlays verleiht jedem Outfit einen Hauch von Eleganz. Die Adiprene-D\u00c3\u00a4mpfungstechnologie sorgt f\u00c3\u00bcr au\u00c3\u0178ergew\u00c3\u00b6hnlichen Tragekomfort und ein geschmeidiges, m\u00c3\u00bcheloses Laufgef\u00c3\u00bchl. Egal ob beim Stadtbummel oder im Fitnessstudio \u00e2\u20ac\u201c mit [&hellip;]\" \/>\n<meta property=\"og:url\" content=\"https:\/\/tourcruiser.com\/de\/products\/women-adidas-originals-ozgaia-putty-mauve-ig6049\/\" \/>\n<meta property=\"og:site_name\" content=\"Tourcruiser Sneaker Store\" \/>\n<meta name=\"twitter:card\" content=\"summary_large_image\" \/>\n<meta name=\"twitter:image\" content=\"https:\/\/images.novelship.com\/product\/_women__adidas_originals_ozgaia__putty_mauve__ig60_0_18599.jpeg\" \/>\n<script type=\"application\/ld+json\" class=\"yoast-schema-graph\">{\"@context\":\"https:\/\/schema.org\",\"@graph\":[{\"@type\":\"WebPage\",\"@id\":\"https:\/\/tourcruiser.com\/de\/products\/women-adidas-originals-ozgaia-putty-mauve-ig6049\/\",\"url\":\"https:\/\/tourcruiser.com\/de\/products\/women-adidas-originals-ozgaia-putty-mauve-ig6049\/\",\"name\":\"(Women) adidas Originals Ozgaia \\\"Putty Mauve\\\" IG6049 - Tourcruiser PTE. LTD\",\"isPartOf\":{\"@id\":\"https:\/\/tourcruiser.com\/de\/#website\"},\"primaryImageOfPage\":{\"@id\":\"https:\/\/tourcruiser.com\/de\/products\/women-adidas-originals-ozgaia-putty-mauve-ig6049\/#primaryimage\"},\"image\":{\"@id\":\"https:\/\/tourcruiser.com\/de\/products\/women-adidas-originals-ozgaia-putty-mauve-ig6049\/#primaryimage\"},\"thumbnailUrl\":\"https:\/\/images.novelship.com\/product\/_women__adidas_originals_ozgaia__putty_mauve__ig60_0_18599.jpeg\",\"datePublished\":\"2026-03-21T04:59:41+00:00\",\"breadcrumb\":{\"@id\":\"https:\/\/tourcruiser.com\/de\/products\/women-adidas-originals-ozgaia-putty-mauve-ig6049\/#breadcrumb\"},\"inLanguage\":\"de\",\"potentialAction\":[{\"@type\":\"ReadAction\",\"target\":[\"https:\/\/tourcruiser.com\/de\/products\/women-adidas-originals-ozgaia-putty-mauve-ig6049\/\"]}]},{\"@type\":\"ImageObject\",\"inLanguage\":\"de\",\"@id\":\"https:\/\/tourcruiser.com\/de\/products\/women-adidas-originals-ozgaia-putty-mauve-ig6049\/#primaryimage\",\"url\":\"https:\/\/images.novelship.com\/product\/_women__adidas_originals_ozgaia__putty_mauve__ig60_0_18599.jpeg\",\"contentUrl\":\"https:\/\/images.novelship.com\/product\/_women__adidas_originals_ozgaia__putty_mauve__ig60_0_18599.jpeg\"},{\"@type\":\"BreadcrumbList\",\"@id\":\"https:\/\/tourcruiser.com\/de\/products\/women-adidas-originals-ozgaia-putty-mauve-ig6049\/#breadcrumb\",\"itemListElement\":[{\"@type\":\"ListItem\",\"position\":1,\"name\":\"Home\",\"item\":\"https:\/\/tourcruiser.com\/de\/\"},{\"@type\":\"ListItem\",\"position\":2,\"name\":\"Shop\",\"item\":\"https:\/\/tourcruiser.com\/de\/shop\/\"},{\"@type\":\"ListItem\",\"position\":3,\"name\":\"(Women) adidas Originals Ozgaia \\\"Putty Mauve\\\" IG6049\"}]},{\"@type\":\"WebSite\",\"@id\":\"https:\/\/tourcruiser.com\/de\/#website\",\"url\":\"https:\/\/tourcruiser.com\/de\/\",\"name\":\"Styloral Jewelry Shop\",\"description\":\"Tourcruiser Sneaker Store \u2014 der Ort, an dem das Universum deine Einzigartigkeit trifft.\",\"publisher\":{\"@id\":\"https:\/\/tourcruiser.com\/de\/#organization\"},\"potentialAction\":[{\"@type\":\"SearchAction\",\"target\":{\"@type\":\"EntryPoint\",\"urlTemplate\":\"https:\/\/tourcruiser.com\/de\/?s={search_term_string}\"},\"query-input\":{\"@type\":\"PropertyValueSpecification\",\"valueRequired\":true,\"valueName\":\"search_term_string\"}}],\"inLanguage\":\"de\"},{\"@type\":\"Organization\",\"@id\":\"https:\/\/tourcruiser.com\/de\/#organization\",\"name\":\"STYLORAL PTE. LTD\",\"url\":\"https:\/\/tourcruiser.com\/de\/\",\"logo\":{\"@type\":\"ImageObject\",\"inLanguage\":\"de\",\"@id\":\"https:\/\/tourcruiser.com\/de\/#\/schema\/logo\/image\/\",\"url\":\"https:\/\/www.tourcruiser.com\/wp-content\/uploads\/2025\/12\/logo.png\",\"contentUrl\":\"https:\/\/www.tourcruiser.com\/wp-content\/uploads\/2025\/12\/logo.png\",\"width\":200,\"height\":65,\"caption\":\"STYLORAL PTE. LTD\"},\"image\":{\"@id\":\"https:\/\/tourcruiser.com\/de\/#\/schema\/logo\/image\/\"}}]}<\/script>\n<!-- \/ Yoast SEO plugin. -->","yoast_head_json":{"title":"(Women) adidas Originals Ozgaia \"Putty Mauve\" IG6049 - Tourcruiser PTE. LTD","robots":{"index":"index","follow":"follow","max-snippet":"max-snippet:-1","max-image-preview":"max-image-preview:large","max-video-preview":"max-video-preview:-1"},"canonical":"https:\/\/tourcruiser.com\/de\/products\/women-adidas-originals-ozgaia-putty-mauve-ig6049\/","og_locale":"de_DE","og_type":"article","og_title":"(Women) adidas Originals Ozgaia \"Putty Mauve\" IG6049 - Tourcruiser PTE. LTD","og_description":"Wir pr\u00c3\u00a4sentieren die adidas Originals Ozgaia \u00e2\u20ac\u017ePutty Mauve\u00e2\u20ac\u0153 Sneaker \u00e2\u20ac\u201c die perfekte Kombination aus Style und Komfort. Ihr einzigartiges Design mit einer Mischung aus Mesh, Wildleder und Synthetik-Overlays verleiht jedem Outfit einen Hauch von Eleganz. Die Adiprene-D\u00c3\u00a4mpfungstechnologie sorgt f\u00c3\u00bcr au\u00c3\u0178ergew\u00c3\u00b6hnlichen Tragekomfort und ein geschmeidiges, m\u00c3\u00bcheloses Laufgef\u00c3\u00bchl. Egal ob beim Stadtbummel oder im Fitnessstudio \u00e2\u20ac\u201c mit [&hellip;]","og_url":"https:\/\/tourcruiser.com\/de\/products\/women-adidas-originals-ozgaia-putty-mauve-ig6049\/","og_site_name":"Tourcruiser Sneaker Store","twitter_card":"summary_large_image","twitter_image":"https:\/\/images.novelship.com\/product\/_women__adidas_originals_ozgaia__putty_mauve__ig60_0_18599.jpeg","schema":{"@context":"https:\/\/schema.org","@graph":[{"@type":"WebPage","@id":"https:\/\/tourcruiser.com\/de\/products\/women-adidas-originals-ozgaia-putty-mauve-ig6049\/","url":"https:\/\/tourcruiser.com\/de\/products\/women-adidas-originals-ozgaia-putty-mauve-ig6049\/","name":"(Women) adidas Originals Ozgaia \"Putty Mauve\" IG6049 - Tourcruiser PTE. LTD","isPartOf":{"@id":"https:\/\/tourcruiser.com\/de\/#website"},"primaryImageOfPage":{"@id":"https:\/\/tourcruiser.com\/de\/products\/women-adidas-originals-ozgaia-putty-mauve-ig6049\/#primaryimage"},"image":{"@id":"https:\/\/tourcruiser.com\/de\/products\/women-adidas-originals-ozgaia-putty-mauve-ig6049\/#primaryimage"},"thumbnailUrl":"https:\/\/images.novelship.com\/product\/_women__adidas_originals_ozgaia__putty_mauve__ig60_0_18599.jpeg","datePublished":"2026-03-21T04:59:41+00:00","breadcrumb":{"@id":"https:\/\/tourcruiser.com\/de\/products\/women-adidas-originals-ozgaia-putty-mauve-ig6049\/#breadcrumb"},"inLanguage":"de","potentialAction":[{"@type":"ReadAction","target":["https:\/\/tourcruiser.com\/de\/products\/women-adidas-originals-ozgaia-putty-mauve-ig6049\/"]}]},{"@type":"ImageObject","inLanguage":"de","@id":"https:\/\/tourcruiser.com\/de\/products\/women-adidas-originals-ozgaia-putty-mauve-ig6049\/#primaryimage","url":"https:\/\/images.novelship.com\/product\/_women__adidas_originals_ozgaia__putty_mauve__ig60_0_18599.jpeg","contentUrl":"https:\/\/images.novelship.com\/product\/_women__adidas_originals_ozgaia__putty_mauve__ig60_0_18599.jpeg"},{"@type":"BreadcrumbList","@id":"https:\/\/tourcruiser.com\/de\/products\/women-adidas-originals-ozgaia-putty-mauve-ig6049\/#breadcrumb","itemListElement":[{"@type":"ListItem","position":1,"name":"Home","item":"https:\/\/tourcruiser.com\/de\/"},{"@type":"ListItem","position":2,"name":"Shop","item":"https:\/\/tourcruiser.com\/de\/shop\/"},{"@type":"ListItem","position":3,"name":"(Women) adidas Originals Ozgaia \"Putty Mauve\" IG6049"}]},{"@type":"WebSite","@id":"https:\/\/tourcruiser.com\/de\/#website","url":"https:\/\/tourcruiser.com\/de\/","name":"Styloral Jewelry Shop","description":"Tourcruiser Sneaker Store \u2014 der Ort, an dem das Universum deine Einzigartigkeit trifft.","publisher":{"@id":"https:\/\/tourcruiser.com\/de\/#organization"},"potentialAction":[{"@type":"SearchAction","target":{"@type":"EntryPoint","urlTemplate":"https:\/\/tourcruiser.com\/de\/?s={search_term_string}"},"query-input":{"@type":"PropertyValueSpecification","valueRequired":true,"valueName":"search_term_string"}}],"inLanguage":"de"},{"@type":"Organization","@id":"https:\/\/tourcruiser.com\/de\/#organization","name":"STYLORAL PTE. LTD","url":"https:\/\/tourcruiser.com\/de\/","logo":{"@type":"ImageObject","inLanguage":"de","@id":"https:\/\/tourcruiser.com\/de\/#\/schema\/logo\/image\/","url":"https:\/\/www.tourcruiser.com\/wp-content\/uploads\/2025\/12\/logo.png","contentUrl":"https:\/\/www.tourcruiser.com\/wp-content\/uploads\/2025\/12\/logo.png","width":200,"height":65,"caption":"STYLORAL PTE. LTD"},"image":{"@id":"https:\/\/tourcruiser.com\/de\/#\/schema\/logo\/image\/"}}]}},"_links":{"self":[{"href":"https:\/\/tourcruiser.com\/de\/wp-json\/wp\/v2\/product\/445194","targetHints":{"allow":["GET"]}}],"collection":[{"href":"https:\/\/tourcruiser.com\/de\/wp-json\/wp\/v2\/product"}],"about":[{"href":"https:\/\/tourcruiser.com\/de\/wp-json\/wp\/v2\/types\/product"}],"replies":[{"embeddable":true,"href":"https:\/\/tourcruiser.com\/de\/wp-json\/wp\/v2\/comments?post=445194"}],"wp:featuredmedia":[{"embeddable":true,"href":"https:\/\/tourcruiser.com\/de\/wp-json\/wp\/v2\/media\/445195"}],"wp:attachment":[{"href":"https:\/\/tourcruiser.com\/de\/wp-json\/wp\/v2\/media?parent=445194"}],"wp:term":[{"taxonomy":"product_brand","embeddable":true,"href":"https:\/\/tourcruiser.com\/de\/wp-json\/wp\/v2\/product_brand?post=445194"},{"taxonomy":"product_cat","embeddable":true,"href":"https:\/\/tourcruiser.com\/de\/wp-json\/wp\/v2\/product_cat?post=445194"},{"taxonomy":"product_tag","embeddable":true,"href":"https:\/\/tourcruiser.com\/de\/wp-json\/wp\/v2\/product_tag?post=445194"}],"curies":[{"name":"wp","href":"https:\/\/api.w.org\/{rel}","templated":true}]}}