{"id":445080,"date":"2026-03-21T11:59:36","date_gmt":"2026-03-21T04:59:36","guid":{"rendered":"http:\/\/tourcruiser.com\/product\/women-adidas-originals-post-up-white-cream-pink-gx0828"},"modified":"2026-03-21T11:59:36","modified_gmt":"2026-03-21T04:59:36","slug":"women-adidas-originals-post-up-white-cream-pink-gx0828","status":"publish","type":"product","link":"https:\/\/tourcruiser.com\/de\/products\/women-adidas-originals-post-up-white-cream-pink-gx0828\/","title":{"rendered":"(Women) adidas Originals Post Up &#8218;White Cream Pink&#8216; GX0828"},"content":{"rendered":"<p>Mit den adidas Originals Post Up Damen-Sneakers in \u00e2\u20ac\u017eWhite Cream Pink\u00e2\u20ac\u0153 (GX0828) verleihst du deinem Sneaker-Style das gewisse Etwas. Diese stylischen Schuhe bestechen durch ein elegantes wei\u00c3\u0178es Obermaterial, das mit dezenten cremefarbenen und hellrosa Details f\u00c3\u00bcr einen schicken, femininen Look akzentuiert wird. Gefertigt aus hochwertigen Materialien f\u00c3\u00bcr Komfort und Langlebigkeit, verf\u00c3\u00bcgen sie \u00c3\u00bcber das ikonische Trefoil-Logo und eine gepolsterte Sohle f\u00c3\u00bcr ganzt\u00c3\u00a4gigen Tragekomfort. Perfekt f\u00c3\u00bcr l\u00c3\u00a4ssige Ausfl\u00c3\u00bcge oder um jedem Outfit eine sportliche Note zu verleihen \u00e2\u20ac\u201c diese Sneaker sind ein Must-have f\u00c3\u00bcr Trendsetter.<\/p>\n<ul>\n<li><strong>Farbgebung:<\/strong> WEISS\/CREME\/ROSA<\/li>\n<li><strong>Style-Code:<\/strong> GX0828<\/li>\n<li><strong>Obermaterial:<\/strong> Leder<\/li>\n<li><strong>Farbe:<\/strong> Wei\u00c3\u0178<\/li>\n<\/ul>\n","protected":false},"excerpt":{"rendered":"<p>Mit den adidas Originals Post Up Damen-Sneakers in \u00e2\u20ac\u017eWhite Cream Pink\u00e2\u20ac\u0153 (GX0828) verleihst du deinem Sneaker-Style das gewisse Etwas. Diese stylischen Schuhe bestechen durch ein elegantes wei\u00c3\u0178es Obermaterial, das mit dezenten cremefarbenen und hellrosa Details f\u00c3\u00bcr einen schicken, femininen Look akzentuiert wird. Gefertigt aus hochwertigen Materialien f\u00c3\u00bcr Komfort und Langlebigkeit, verf\u00c3\u00bcgen sie \u00c3\u00bcber das ikonische [&hellip;]<\/p>\n","protected":false},"featured_media":445081,"comment_status":"open","ping_status":"closed","template":"","meta":[],"product_brand":[],"product_cat":[10760,38878,38959,38854],"product_tag":[10759,10749,10750,10847,10926,10754,10777,10756,10785,10786,10758],"class_list":{"0":"post-445080","1":"product","2":"type-product","3":"status-publish","4":"has-post-thumbnail","6":"product_cat-adidas","7":"product_cat-lifestyle-shoes-basketball-inspired","8":"product_cat-adidas-originals-post-up","9":"product_cat-gender-women","10":"product_tag-adidas","11":"product_tag-adidas-skateboarding-shoes","12":"product_tag-athleisure-shoes","13":"product_tag-best-finds-under-100","14":"product_tag-gift-for-her","15":"product_tag-lifestyle-casual-shoes","16":"product_tag-lifestyle-shoes-basketball-inspired","17":"product_tag-retro-casual-shoes","18":"product_tag-trending-deals","19":"product_tag-trending-deals-under-150","20":"product_tag-under-retail","21":"wcpa_has_options","23":"first","24":"instock","25":"taxable","26":"shipping-taxable","27":"purchasable","28":"product-type-simple"},"wcpa_form_fields":{"rules":{"pric_overide_base_price":false,"pric_overide_base_price_if_gt_zero":false,"pric_overide_base_price_fully":false,"pric_cal_option_once":false,"pric_use_as_fee":false,"bind_quantity":false,"quantity_bind_formula":false},"fields":[{"type":"color-group","required":true,"elementId":"wcpa-color-group-66c4a7f817afe","label":"Gr\u00f6\u00dfe","inline":true,"priceOptions":"different_for_all","pricingType":"fixed","className":"hassizechart product-shoes-size-eu product-shoes-size","name":"color-group-66c4a7f817b18","disp_type":"square","selection_type":"tick-border","disp_size":"50","show_label_inside":true,"adjust_width":true,"cart_display_type":"text","other_text":"Other","cl_rule":"show","col":6,"values":[{"label":"35","value":"EU 35","price":"","pimage":"","pimage_id":"","pthumb":"","color":""},{"label":"35.5","value":"EU 35.5","price":"","pimage":"","pimage_id":"","pthumb":"","color":""},{"label":"36","value":"EU 36","price":"","pimage":"","pimage_id":"","pthumb":"","color":"","selected":true},{"label":"36 2\/3","value":"EU 36 2\/3","price":"","pimage":"","pimage_id":"","pthumb":"","color":""},{"label":"37 1\/3","value":"EU 37 1\/3","price":"","pimage":"","pimage_id":"","pthumb":"","color":""},{"label":"38","value":"EU 38","price":"","pimage":"","pimage_id":"","pthumb":"","color":""},{"label":"38 2\/3","value":"EU 38 2\/3","price":"","pimage":"","pimage_id":"","pthumb":"","color":""},{"label":"39 1\/3","value":"EU 39 1\/3","price":"","pimage":"","pimage_id":"","pthumb":"","color":""},{"label":"40","value":"EU 40","price":"","pimage":"","pimage_id":"","pthumb":"","color":""},{"label":"40 2\/3","value":"EU 40 2\/3","price":"","pimage":"","pimage_id":"","pthumb":"","color":""},{"label":"41 1\/3","value":"EU 41 1\/3","price":"","pimage":"","pimage_id":"","pthumb":"","color":""},{"label":"42","value":"EU 42","price":"","pimage":"","pimage_id":"","pthumb":"","color":""},{"label":"42 2\/3","value":"EU 42 2\/3","price":"","pimage":"","pimage_id":"","pthumb":"","color":""},{"label":"43 1\/3","value":"EU 43 1\/3","price":"","pimage":"","pimage_id":"","pthumb":"","color":""},{"label":"44","value":"EU 44","price":"","pimage":"","pimage_id":"","pthumb":"","color":""},{"label":"44 2\/3","value":"EU 44 2\/3","price":"","pimage":"","pimage_id":"","pthumb":"","color":""},{"label":"45 1\/3","value":"EU 45 1\/3","price":"","pimage":"","pimage_id":"","pthumb":"","color":""},{"label":"46","value":"EU 46","price":"","pimage":"","pimage_id":"","pthumb":"","color":""},{"label":"46 2\/3","value":"EU 46 2\/3","price":"","pimage":"","pimage_id":"","pthumb":"","color":""},{"label":"47 1\/3","value":"EU 47 1\/3","price":"","pimage":"","pimage_id":"","pthumb":"","color":""}],"relations":[{"operator":false,"rules":[]}],"form_id":24802,"form_rules":{"pric_cal_option_once":false,"exclude_from_discount":false,"pric_use_as_fee":false,"fee_label":"Fee","render_after_acb":false,"disp_hide_options_price":false}}]},"yoast_head":"<!-- This site is optimized with the Yoast SEO plugin v26.5 - https:\/\/yoast.com\/wordpress\/plugins\/seo\/ -->\n<title>(Women) adidas Originals Post Up &#039;White Cream Pink&#039; GX0828 - Tourcruiser PTE. LTD<\/title>\n<meta name=\"robots\" content=\"index, follow, max-snippet:-1, max-image-preview:large, max-video-preview:-1\" \/>\n<link rel=\"canonical\" href=\"https:\/\/tourcruiser.com\/de\/products\/women-adidas-originals-post-up-white-cream-pink-gx0828\/\" \/>\n<meta property=\"og:locale\" content=\"de_DE\" \/>\n<meta property=\"og:type\" content=\"article\" \/>\n<meta property=\"og:title\" content=\"(Women) adidas Originals Post Up &#039;White Cream Pink&#039; GX0828 - Tourcruiser PTE. LTD\" \/>\n<meta property=\"og:description\" content=\"Mit den adidas Originals Post Up Damen-Sneakers in \u00e2\u20ac\u017eWhite Cream Pink\u00e2\u20ac\u0153 (GX0828) verleihst du deinem Sneaker-Style das gewisse Etwas. Diese stylischen Schuhe bestechen durch ein elegantes wei\u00c3\u0178es Obermaterial, das mit dezenten cremefarbenen und hellrosa Details f\u00c3\u00bcr einen schicken, femininen Look akzentuiert wird. Gefertigt aus hochwertigen Materialien f\u00c3\u00bcr Komfort und Langlebigkeit, verf\u00c3\u00bcgen sie \u00c3\u00bcber das ikonische [&hellip;]\" \/>\n<meta property=\"og:url\" content=\"https:\/\/tourcruiser.com\/de\/products\/women-adidas-originals-post-up-white-cream-pink-gx0828\/\" \/>\n<meta property=\"og:site_name\" content=\"Tourcruiser Sneaker Store\" \/>\n<meta name=\"twitter:card\" content=\"summary_large_image\" \/>\n<meta name=\"twitter:image\" content=\"https:\/\/images.novelship.com\/product\/_women__adidas_originals_post_up__white__gx0828_0_90085.jpeg\" \/>\n<meta name=\"twitter:label1\" content=\"Gesch\u00e4tzte Lesezeit\" \/>\n\t<meta name=\"twitter:data1\" content=\"1\u00a0Minute\" \/>\n<script type=\"application\/ld+json\" class=\"yoast-schema-graph\">{\"@context\":\"https:\/\/schema.org\",\"@graph\":[{\"@type\":\"WebPage\",\"@id\":\"https:\/\/tourcruiser.com\/de\/products\/women-adidas-originals-post-up-white-cream-pink-gx0828\/\",\"url\":\"https:\/\/tourcruiser.com\/de\/products\/women-adidas-originals-post-up-white-cream-pink-gx0828\/\",\"name\":\"(Women) adidas Originals Post Up 'White Cream Pink' GX0828 - Tourcruiser PTE. LTD\",\"isPartOf\":{\"@id\":\"https:\/\/tourcruiser.com\/de\/#website\"},\"primaryImageOfPage\":{\"@id\":\"https:\/\/tourcruiser.com\/de\/products\/women-adidas-originals-post-up-white-cream-pink-gx0828\/#primaryimage\"},\"image\":{\"@id\":\"https:\/\/tourcruiser.com\/de\/products\/women-adidas-originals-post-up-white-cream-pink-gx0828\/#primaryimage\"},\"thumbnailUrl\":\"https:\/\/images.novelship.com\/product\/_women__adidas_originals_post_up__white__gx0828_0_90085.jpeg\",\"datePublished\":\"2026-03-21T04:59:36+00:00\",\"breadcrumb\":{\"@id\":\"https:\/\/tourcruiser.com\/de\/products\/women-adidas-originals-post-up-white-cream-pink-gx0828\/#breadcrumb\"},\"inLanguage\":\"de\",\"potentialAction\":[{\"@type\":\"ReadAction\",\"target\":[\"https:\/\/tourcruiser.com\/de\/products\/women-adidas-originals-post-up-white-cream-pink-gx0828\/\"]}]},{\"@type\":\"ImageObject\",\"inLanguage\":\"de\",\"@id\":\"https:\/\/tourcruiser.com\/de\/products\/women-adidas-originals-post-up-white-cream-pink-gx0828\/#primaryimage\",\"url\":\"https:\/\/images.novelship.com\/product\/_women__adidas_originals_post_up__white__gx0828_0_90085.jpeg\",\"contentUrl\":\"https:\/\/images.novelship.com\/product\/_women__adidas_originals_post_up__white__gx0828_0_90085.jpeg\"},{\"@type\":\"BreadcrumbList\",\"@id\":\"https:\/\/tourcruiser.com\/de\/products\/women-adidas-originals-post-up-white-cream-pink-gx0828\/#breadcrumb\",\"itemListElement\":[{\"@type\":\"ListItem\",\"position\":1,\"name\":\"Home\",\"item\":\"https:\/\/tourcruiser.com\/de\/\"},{\"@type\":\"ListItem\",\"position\":2,\"name\":\"Shop\",\"item\":\"https:\/\/tourcruiser.com\/de\/shop\/\"},{\"@type\":\"ListItem\",\"position\":3,\"name\":\"(Women) adidas Originals Post Up 'White Cream Pink' GX0828\"}]},{\"@type\":\"WebSite\",\"@id\":\"https:\/\/tourcruiser.com\/de\/#website\",\"url\":\"https:\/\/tourcruiser.com\/de\/\",\"name\":\"Styloral Jewelry Shop\",\"description\":\"Tourcruiser Sneaker Store \u2014 der Ort, an dem das Universum deine Einzigartigkeit trifft.\",\"publisher\":{\"@id\":\"https:\/\/tourcruiser.com\/de\/#organization\"},\"potentialAction\":[{\"@type\":\"SearchAction\",\"target\":{\"@type\":\"EntryPoint\",\"urlTemplate\":\"https:\/\/tourcruiser.com\/de\/?s={search_term_string}\"},\"query-input\":{\"@type\":\"PropertyValueSpecification\",\"valueRequired\":true,\"valueName\":\"search_term_string\"}}],\"inLanguage\":\"de\"},{\"@type\":\"Organization\",\"@id\":\"https:\/\/tourcruiser.com\/de\/#organization\",\"name\":\"STYLORAL PTE. LTD\",\"url\":\"https:\/\/tourcruiser.com\/de\/\",\"logo\":{\"@type\":\"ImageObject\",\"inLanguage\":\"de\",\"@id\":\"https:\/\/tourcruiser.com\/de\/#\/schema\/logo\/image\/\",\"url\":\"https:\/\/www.tourcruiser.com\/wp-content\/uploads\/2025\/12\/logo.png\",\"contentUrl\":\"https:\/\/www.tourcruiser.com\/wp-content\/uploads\/2025\/12\/logo.png\",\"width\":200,\"height\":65,\"caption\":\"STYLORAL PTE. LTD\"},\"image\":{\"@id\":\"https:\/\/tourcruiser.com\/de\/#\/schema\/logo\/image\/\"}}]}<\/script>\n<!-- \/ Yoast SEO plugin. -->","yoast_head_json":{"title":"(Women) adidas Originals Post Up 'White Cream Pink' GX0828 - Tourcruiser PTE. LTD","robots":{"index":"index","follow":"follow","max-snippet":"max-snippet:-1","max-image-preview":"max-image-preview:large","max-video-preview":"max-video-preview:-1"},"canonical":"https:\/\/tourcruiser.com\/de\/products\/women-adidas-originals-post-up-white-cream-pink-gx0828\/","og_locale":"de_DE","og_type":"article","og_title":"(Women) adidas Originals Post Up 'White Cream Pink' GX0828 - Tourcruiser PTE. LTD","og_description":"Mit den adidas Originals Post Up Damen-Sneakers in \u00e2\u20ac\u017eWhite Cream Pink\u00e2\u20ac\u0153 (GX0828) verleihst du deinem Sneaker-Style das gewisse Etwas. Diese stylischen Schuhe bestechen durch ein elegantes wei\u00c3\u0178es Obermaterial, das mit dezenten cremefarbenen und hellrosa Details f\u00c3\u00bcr einen schicken, femininen Look akzentuiert wird. Gefertigt aus hochwertigen Materialien f\u00c3\u00bcr Komfort und Langlebigkeit, verf\u00c3\u00bcgen sie \u00c3\u00bcber das ikonische [&hellip;]","og_url":"https:\/\/tourcruiser.com\/de\/products\/women-adidas-originals-post-up-white-cream-pink-gx0828\/","og_site_name":"Tourcruiser Sneaker Store","twitter_card":"summary_large_image","twitter_image":"https:\/\/images.novelship.com\/product\/_women__adidas_originals_post_up__white__gx0828_0_90085.jpeg","twitter_misc":{"Gesch\u00e4tzte Lesezeit":"1\u00a0Minute"},"schema":{"@context":"https:\/\/schema.org","@graph":[{"@type":"WebPage","@id":"https:\/\/tourcruiser.com\/de\/products\/women-adidas-originals-post-up-white-cream-pink-gx0828\/","url":"https:\/\/tourcruiser.com\/de\/products\/women-adidas-originals-post-up-white-cream-pink-gx0828\/","name":"(Women) adidas Originals Post Up 'White Cream Pink' GX0828 - Tourcruiser PTE. LTD","isPartOf":{"@id":"https:\/\/tourcruiser.com\/de\/#website"},"primaryImageOfPage":{"@id":"https:\/\/tourcruiser.com\/de\/products\/women-adidas-originals-post-up-white-cream-pink-gx0828\/#primaryimage"},"image":{"@id":"https:\/\/tourcruiser.com\/de\/products\/women-adidas-originals-post-up-white-cream-pink-gx0828\/#primaryimage"},"thumbnailUrl":"https:\/\/images.novelship.com\/product\/_women__adidas_originals_post_up__white__gx0828_0_90085.jpeg","datePublished":"2026-03-21T04:59:36+00:00","breadcrumb":{"@id":"https:\/\/tourcruiser.com\/de\/products\/women-adidas-originals-post-up-white-cream-pink-gx0828\/#breadcrumb"},"inLanguage":"de","potentialAction":[{"@type":"ReadAction","target":["https:\/\/tourcruiser.com\/de\/products\/women-adidas-originals-post-up-white-cream-pink-gx0828\/"]}]},{"@type":"ImageObject","inLanguage":"de","@id":"https:\/\/tourcruiser.com\/de\/products\/women-adidas-originals-post-up-white-cream-pink-gx0828\/#primaryimage","url":"https:\/\/images.novelship.com\/product\/_women__adidas_originals_post_up__white__gx0828_0_90085.jpeg","contentUrl":"https:\/\/images.novelship.com\/product\/_women__adidas_originals_post_up__white__gx0828_0_90085.jpeg"},{"@type":"BreadcrumbList","@id":"https:\/\/tourcruiser.com\/de\/products\/women-adidas-originals-post-up-white-cream-pink-gx0828\/#breadcrumb","itemListElement":[{"@type":"ListItem","position":1,"name":"Home","item":"https:\/\/tourcruiser.com\/de\/"},{"@type":"ListItem","position":2,"name":"Shop","item":"https:\/\/tourcruiser.com\/de\/shop\/"},{"@type":"ListItem","position":3,"name":"(Women) adidas Originals Post Up 'White Cream Pink' GX0828"}]},{"@type":"WebSite","@id":"https:\/\/tourcruiser.com\/de\/#website","url":"https:\/\/tourcruiser.com\/de\/","name":"Styloral Jewelry Shop","description":"Tourcruiser Sneaker Store \u2014 der Ort, an dem das Universum deine Einzigartigkeit trifft.","publisher":{"@id":"https:\/\/tourcruiser.com\/de\/#organization"},"potentialAction":[{"@type":"SearchAction","target":{"@type":"EntryPoint","urlTemplate":"https:\/\/tourcruiser.com\/de\/?s={search_term_string}"},"query-input":{"@type":"PropertyValueSpecification","valueRequired":true,"valueName":"search_term_string"}}],"inLanguage":"de"},{"@type":"Organization","@id":"https:\/\/tourcruiser.com\/de\/#organization","name":"STYLORAL PTE. LTD","url":"https:\/\/tourcruiser.com\/de\/","logo":{"@type":"ImageObject","inLanguage":"de","@id":"https:\/\/tourcruiser.com\/de\/#\/schema\/logo\/image\/","url":"https:\/\/www.tourcruiser.com\/wp-content\/uploads\/2025\/12\/logo.png","contentUrl":"https:\/\/www.tourcruiser.com\/wp-content\/uploads\/2025\/12\/logo.png","width":200,"height":65,"caption":"STYLORAL PTE. LTD"},"image":{"@id":"https:\/\/tourcruiser.com\/de\/#\/schema\/logo\/image\/"}}]}},"_links":{"self":[{"href":"https:\/\/tourcruiser.com\/de\/wp-json\/wp\/v2\/product\/445080","targetHints":{"allow":["GET"]}}],"collection":[{"href":"https:\/\/tourcruiser.com\/de\/wp-json\/wp\/v2\/product"}],"about":[{"href":"https:\/\/tourcruiser.com\/de\/wp-json\/wp\/v2\/types\/product"}],"replies":[{"embeddable":true,"href":"https:\/\/tourcruiser.com\/de\/wp-json\/wp\/v2\/comments?post=445080"}],"wp:featuredmedia":[{"embeddable":true,"href":"https:\/\/tourcruiser.com\/de\/wp-json\/wp\/v2\/media\/445081"}],"wp:attachment":[{"href":"https:\/\/tourcruiser.com\/de\/wp-json\/wp\/v2\/media?parent=445080"}],"wp:term":[{"taxonomy":"product_brand","embeddable":true,"href":"https:\/\/tourcruiser.com\/de\/wp-json\/wp\/v2\/product_brand?post=445080"},{"taxonomy":"product_cat","embeddable":true,"href":"https:\/\/tourcruiser.com\/de\/wp-json\/wp\/v2\/product_cat?post=445080"},{"taxonomy":"product_tag","embeddable":true,"href":"https:\/\/tourcruiser.com\/de\/wp-json\/wp\/v2\/product_tag?post=445080"}],"curies":[{"name":"wp","href":"https:\/\/api.w.org\/{rel}","templated":true}]}}