{"id":444693,"date":"2026-03-21T11:59:21","date_gmt":"2026-03-21T04:59:21","guid":{"rendered":"http:\/\/tourcruiser.com\/product\/youth-nike-court-borough-low-2-se-player-one-fb1394-101"},"modified":"2026-03-21T11:59:21","modified_gmt":"2026-03-21T04:59:21","slug":"youth-nike-court-borough-low-2-se-player-one-fb1394-101","status":"publish","type":"product","link":"https:\/\/tourcruiser.com\/de\/products\/youth-nike-court-borough-low-2-se-player-one-fb1394-101\/","title":{"rendered":"(Youth) Nike Court Borough Low 2 SE &#8218;Player One&#8216; FB1394-101"},"content":{"rendered":"<p>Wir pr\u00c3\u00a4sentieren den Nike Court Borough Low 2 SE \u00e2\u20ac\u017ePlayer One\u00e2\u20ac\u0153 (GS), speziell f\u00c3\u00bcr junge Basketballspieler entwickelt. Dieser stylische Schuh von Nike besticht durch sein elegantes Wei\u00c3\u0178 und passt perfekt zu jedem Outfit. Er wurde mit Blick auf Qualit\u00c3\u00a4t und Komfort gefertigt und ist ein Must-have f\u00c3\u00bcr ambitionierte Athleten auf dem Court.<\/p>\n<p>Farbe: Wei\u00c3\u0178-Blaugr\u00c3\u00bcn<\/p>\n<p>Style-Code: FB1394-101<\/p>\n<p>Obermaterial: Leder<\/p>\n<p>Obermaterial: Leder<\/p>\n","protected":false},"excerpt":{"rendered":"<p>Wir pr\u00c3\u00a4sentieren den Nike Court Borough Low 2 SE \u00e2\u20ac\u017ePlayer One\u00e2\u20ac\u0153 (GS), speziell f\u00c3\u00bcr junge Basketballspieler entwickelt. Dieser stylische Schuh von Nike besticht durch sein elegantes Wei\u00c3\u0178 und passt perfekt zu jedem Outfit. Er wurde mit Blick auf Qualit\u00c3\u00a4t und Komfort gefertigt und ist ein Must-have f\u00c3\u00bcr ambitionierte Athleten auf dem Court. Farbe: Wei\u00c3\u0178-Blaugr\u00c3\u00bcn Style-Code: [&hellip;]<\/p>\n","protected":false},"featured_media":444694,"comment_status":"open","ping_status":"closed","template":"","meta":[],"product_brand":[],"product_cat":[38961,38923,10803,38872],"product_tag":[10750,10847,10813,11575,11576,10801,10785,10786,10758],"class_list":{"0":"post-444693","1":"product","2":"type-product","3":"status-publish","4":"has-post-thumbnail","6":"product_cat-nike-court-borough-low-2","7":"product_cat-kids-sneakers","8":"product_cat-nike","9":"product_cat-gender-youth","10":"product_tag-athleisure-shoes","11":"product_tag-best-finds-under-100","12":"product_tag-court-classic-shoes","13":"product_tag-kids-lifestyle-casual-shoes","14":"product_tag-kids-sneakers","15":"product_tag-nike","16":"product_tag-trending-deals","17":"product_tag-trending-deals-under-150","18":"product_tag-under-retail","19":"wcpa_has_options","21":"first","22":"instock","23":"taxable","24":"shipping-taxable","25":"purchasable","26":"product-type-simple"},"wcpa_form_fields":{"rules":{"pric_overide_base_price":false,"pric_overide_base_price_if_gt_zero":false,"pric_overide_base_price_fully":false,"pric_cal_option_once":false,"pric_use_as_fee":false,"bind_quantity":false,"quantity_bind_formula":false},"fields":[{"type":"color-group","required":true,"elementId":"wcpa-color-group-66c4a75505e74","label":"Gr\u00f6\u00dfe - EU Gr\u00f6\u00dfe","inline":true,"priceOptions":"different_for_all","pricingType":"fixed","className":"hassizechart product-shoes-size-eu product-shoes-size","name":"color-group-66c4a75505e89","disp_type":"square","selection_type":"tick-border","disp_size":"44","show_label_inside":true,"adjust_width":true,"cart_display_type":"text","other_text":"Other","cl_rule":"show","col":6,"values":[{"label":"35.5","value":"EU 35.5","price":"","pimage":"","pimage_id":"","pthumb":"","color":""},{"label":"36","value":"EU 36","price":"","pimage":"","pimage_id":"","pthumb":"","color":"","selected":true},{"label":"36.5","value":"EU 36.5","price":"","pimage":"","pimage_id":"","pthumb":"","color":""},{"label":"37.5","value":"EU 37.5","price":"","pimage":"","pimage_id":"","pthumb":"","color":""},{"label":"38","value":"EU 38","price":"","pimage":"","pimage_id":"","pthumb":"","color":""},{"label":"38.5","value":"EU 38.5","price":"","pimage":"","pimage_id":"","pthumb":"","color":""},{"label":"39","value":"EU 39","price":"","pimage":"","pimage_id":"","pthumb":"","color":""},{"label":"40","value":"EU 40","price":"","pimage":"","pimage_id":"","pthumb":"","color":""},{"label":"40.5","value":"EU 40.5","price":"","pimage":"","pimage_id":"","pthumb":"","color":""},{"label":"41","value":"EU 41","price":"","pimage":"","pimage_id":"","pthumb":"","color":""},{"label":"42","value":"EU 42","price":"","pimage":"","pimage_id":"","pthumb":"","color":""},{"label":"42.5","value":"EU 42.5","price":"","pimage":"","pimage_id":"","pthumb":"","color":""},{"label":"43","value":"EU 43","price":"","pimage":"","pimage_id":"","pthumb":"","color":""},{"label":"44","value":"EU 44","price":"","pimage":"","pimage_id":"","pthumb":"","color":""},{"label":"44.5","value":"EU 44.5","price":"","pimage":"","pimage_id":"","pthumb":"","color":""},{"label":"45","value":"EU 45","price":"","pimage":"","pimage_id":"","pthumb":"","color":""},{"label":"45.5","value":"EU 45.5","price":"","pimage":"","pimage_id":"","pthumb":"","color":""},{"label":"46","value":"EU 46","price":"","pimage":"","pimage_id":"","pthumb":"","color":""},{"label":"47","value":"EU 47","price":"","pimage":"","pimage_id":"","pthumb":"","color":""},{"label":"47.5","value":"EU 47.5","price":"","pimage":"","pimage_id":"","pthumb":"","color":""},{"label":"48","value":"EU 48","price":"","pimage":"","pimage_id":"","pthumb":"","color":""}],"relations":[{"operator":false,"rules":[]}],"form_id":18106,"form_rules":{"pric_cal_option_once":false,"exclude_from_discount":false,"pric_use_as_fee":false,"fee_label":"Fee","render_after_acb":false,"disp_hide_options_price":false}}]},"yoast_head":"<!-- This site is optimized with the Yoast SEO plugin v26.5 - https:\/\/yoast.com\/wordpress\/plugins\/seo\/ -->\n<title>(Youth) Nike Court Borough Low 2 SE &#039;Player One&#039; FB1394-101 - Tourcruiser PTE. LTD<\/title>\n<meta name=\"robots\" content=\"index, follow, max-snippet:-1, max-image-preview:large, max-video-preview:-1\" \/>\n<link rel=\"canonical\" href=\"https:\/\/tourcruiser.com\/de\/products\/youth-nike-court-borough-low-2-se-player-one-fb1394-101\/\" \/>\n<meta property=\"og:locale\" content=\"de_DE\" \/>\n<meta property=\"og:type\" content=\"article\" \/>\n<meta property=\"og:title\" content=\"(Youth) Nike Court Borough Low 2 SE &#039;Player One&#039; FB1394-101 - Tourcruiser PTE. LTD\" \/>\n<meta property=\"og:description\" content=\"Wir pr\u00c3\u00a4sentieren den Nike Court Borough Low 2 SE \u00e2\u20ac\u017ePlayer One\u00e2\u20ac\u0153 (GS), speziell f\u00c3\u00bcr junge Basketballspieler entwickelt. Dieser stylische Schuh von Nike besticht durch sein elegantes Wei\u00c3\u0178 und passt perfekt zu jedem Outfit. Er wurde mit Blick auf Qualit\u00c3\u00a4t und Komfort gefertigt und ist ein Must-have f\u00c3\u00bcr ambitionierte Athleten auf dem Court. Farbe: Wei\u00c3\u0178-Blaugr\u00c3\u00bcn Style-Code: [&hellip;]\" \/>\n<meta property=\"og:url\" content=\"https:\/\/tourcruiser.com\/de\/products\/youth-nike-court-borough-low-2-se-player-one-fb1394-101\/\" \/>\n<meta property=\"og:site_name\" content=\"Tourcruiser Sneaker Store\" \/>\n<meta name=\"twitter:card\" content=\"summary_large_image\" \/>\n<meta name=\"twitter:image\" content=\"https:\/\/images.novelship.com\/product\/_youth__nike_court_borough_low_2_se__player_one__f_0_94819.jpeg\" \/>\n<script type=\"application\/ld+json\" class=\"yoast-schema-graph\">{\"@context\":\"https:\/\/schema.org\",\"@graph\":[{\"@type\":\"WebPage\",\"@id\":\"https:\/\/tourcruiser.com\/de\/products\/youth-nike-court-borough-low-2-se-player-one-fb1394-101\/\",\"url\":\"https:\/\/tourcruiser.com\/de\/products\/youth-nike-court-borough-low-2-se-player-one-fb1394-101\/\",\"name\":\"(Youth) Nike Court Borough Low 2 SE 'Player One' FB1394-101 - Tourcruiser PTE. LTD\",\"isPartOf\":{\"@id\":\"https:\/\/tourcruiser.com\/de\/#website\"},\"primaryImageOfPage\":{\"@id\":\"https:\/\/tourcruiser.com\/de\/products\/youth-nike-court-borough-low-2-se-player-one-fb1394-101\/#primaryimage\"},\"image\":{\"@id\":\"https:\/\/tourcruiser.com\/de\/products\/youth-nike-court-borough-low-2-se-player-one-fb1394-101\/#primaryimage\"},\"thumbnailUrl\":\"https:\/\/images.novelship.com\/product\/_youth__nike_court_borough_low_2_se__player_one__f_0_94819.jpeg\",\"datePublished\":\"2026-03-21T04:59:21+00:00\",\"breadcrumb\":{\"@id\":\"https:\/\/tourcruiser.com\/de\/products\/youth-nike-court-borough-low-2-se-player-one-fb1394-101\/#breadcrumb\"},\"inLanguage\":\"de\",\"potentialAction\":[{\"@type\":\"ReadAction\",\"target\":[\"https:\/\/tourcruiser.com\/de\/products\/youth-nike-court-borough-low-2-se-player-one-fb1394-101\/\"]}]},{\"@type\":\"ImageObject\",\"inLanguage\":\"de\",\"@id\":\"https:\/\/tourcruiser.com\/de\/products\/youth-nike-court-borough-low-2-se-player-one-fb1394-101\/#primaryimage\",\"url\":\"https:\/\/images.novelship.com\/product\/_youth__nike_court_borough_low_2_se__player_one__f_0_94819.jpeg\",\"contentUrl\":\"https:\/\/images.novelship.com\/product\/_youth__nike_court_borough_low_2_se__player_one__f_0_94819.jpeg\"},{\"@type\":\"BreadcrumbList\",\"@id\":\"https:\/\/tourcruiser.com\/de\/products\/youth-nike-court-borough-low-2-se-player-one-fb1394-101\/#breadcrumb\",\"itemListElement\":[{\"@type\":\"ListItem\",\"position\":1,\"name\":\"Home\",\"item\":\"https:\/\/tourcruiser.com\/de\/\"},{\"@type\":\"ListItem\",\"position\":2,\"name\":\"Shop\",\"item\":\"https:\/\/tourcruiser.com\/de\/shop\/\"},{\"@type\":\"ListItem\",\"position\":3,\"name\":\"(Youth) Nike Court Borough Low 2 SE 'Player One' FB1394-101\"}]},{\"@type\":\"WebSite\",\"@id\":\"https:\/\/tourcruiser.com\/de\/#website\",\"url\":\"https:\/\/tourcruiser.com\/de\/\",\"name\":\"Styloral Jewelry Shop\",\"description\":\"Tourcruiser Sneaker Store \u2014 der Ort, an dem das Universum deine Einzigartigkeit trifft.\",\"publisher\":{\"@id\":\"https:\/\/tourcruiser.com\/de\/#organization\"},\"potentialAction\":[{\"@type\":\"SearchAction\",\"target\":{\"@type\":\"EntryPoint\",\"urlTemplate\":\"https:\/\/tourcruiser.com\/de\/?s={search_term_string}\"},\"query-input\":{\"@type\":\"PropertyValueSpecification\",\"valueRequired\":true,\"valueName\":\"search_term_string\"}}],\"inLanguage\":\"de\"},{\"@type\":\"Organization\",\"@id\":\"https:\/\/tourcruiser.com\/de\/#organization\",\"name\":\"STYLORAL PTE. LTD\",\"url\":\"https:\/\/tourcruiser.com\/de\/\",\"logo\":{\"@type\":\"ImageObject\",\"inLanguage\":\"de\",\"@id\":\"https:\/\/tourcruiser.com\/de\/#\/schema\/logo\/image\/\",\"url\":\"https:\/\/www.tourcruiser.com\/wp-content\/uploads\/2025\/12\/logo.png\",\"contentUrl\":\"https:\/\/www.tourcruiser.com\/wp-content\/uploads\/2025\/12\/logo.png\",\"width\":200,\"height\":65,\"caption\":\"STYLORAL PTE. LTD\"},\"image\":{\"@id\":\"https:\/\/tourcruiser.com\/de\/#\/schema\/logo\/image\/\"}}]}<\/script>\n<!-- \/ Yoast SEO plugin. -->","yoast_head_json":{"title":"(Youth) Nike Court Borough Low 2 SE 'Player One' FB1394-101 - Tourcruiser PTE. LTD","robots":{"index":"index","follow":"follow","max-snippet":"max-snippet:-1","max-image-preview":"max-image-preview:large","max-video-preview":"max-video-preview:-1"},"canonical":"https:\/\/tourcruiser.com\/de\/products\/youth-nike-court-borough-low-2-se-player-one-fb1394-101\/","og_locale":"de_DE","og_type":"article","og_title":"(Youth) Nike Court Borough Low 2 SE 'Player One' FB1394-101 - Tourcruiser PTE. LTD","og_description":"Wir pr\u00c3\u00a4sentieren den Nike Court Borough Low 2 SE \u00e2\u20ac\u017ePlayer One\u00e2\u20ac\u0153 (GS), speziell f\u00c3\u00bcr junge Basketballspieler entwickelt. Dieser stylische Schuh von Nike besticht durch sein elegantes Wei\u00c3\u0178 und passt perfekt zu jedem Outfit. Er wurde mit Blick auf Qualit\u00c3\u00a4t und Komfort gefertigt und ist ein Must-have f\u00c3\u00bcr ambitionierte Athleten auf dem Court. Farbe: Wei\u00c3\u0178-Blaugr\u00c3\u00bcn Style-Code: [&hellip;]","og_url":"https:\/\/tourcruiser.com\/de\/products\/youth-nike-court-borough-low-2-se-player-one-fb1394-101\/","og_site_name":"Tourcruiser Sneaker Store","twitter_card":"summary_large_image","twitter_image":"https:\/\/images.novelship.com\/product\/_youth__nike_court_borough_low_2_se__player_one__f_0_94819.jpeg","schema":{"@context":"https:\/\/schema.org","@graph":[{"@type":"WebPage","@id":"https:\/\/tourcruiser.com\/de\/products\/youth-nike-court-borough-low-2-se-player-one-fb1394-101\/","url":"https:\/\/tourcruiser.com\/de\/products\/youth-nike-court-borough-low-2-se-player-one-fb1394-101\/","name":"(Youth) Nike Court Borough Low 2 SE 'Player One' FB1394-101 - Tourcruiser PTE. LTD","isPartOf":{"@id":"https:\/\/tourcruiser.com\/de\/#website"},"primaryImageOfPage":{"@id":"https:\/\/tourcruiser.com\/de\/products\/youth-nike-court-borough-low-2-se-player-one-fb1394-101\/#primaryimage"},"image":{"@id":"https:\/\/tourcruiser.com\/de\/products\/youth-nike-court-borough-low-2-se-player-one-fb1394-101\/#primaryimage"},"thumbnailUrl":"https:\/\/images.novelship.com\/product\/_youth__nike_court_borough_low_2_se__player_one__f_0_94819.jpeg","datePublished":"2026-03-21T04:59:21+00:00","breadcrumb":{"@id":"https:\/\/tourcruiser.com\/de\/products\/youth-nike-court-borough-low-2-se-player-one-fb1394-101\/#breadcrumb"},"inLanguage":"de","potentialAction":[{"@type":"ReadAction","target":["https:\/\/tourcruiser.com\/de\/products\/youth-nike-court-borough-low-2-se-player-one-fb1394-101\/"]}]},{"@type":"ImageObject","inLanguage":"de","@id":"https:\/\/tourcruiser.com\/de\/products\/youth-nike-court-borough-low-2-se-player-one-fb1394-101\/#primaryimage","url":"https:\/\/images.novelship.com\/product\/_youth__nike_court_borough_low_2_se__player_one__f_0_94819.jpeg","contentUrl":"https:\/\/images.novelship.com\/product\/_youth__nike_court_borough_low_2_se__player_one__f_0_94819.jpeg"},{"@type":"BreadcrumbList","@id":"https:\/\/tourcruiser.com\/de\/products\/youth-nike-court-borough-low-2-se-player-one-fb1394-101\/#breadcrumb","itemListElement":[{"@type":"ListItem","position":1,"name":"Home","item":"https:\/\/tourcruiser.com\/de\/"},{"@type":"ListItem","position":2,"name":"Shop","item":"https:\/\/tourcruiser.com\/de\/shop\/"},{"@type":"ListItem","position":3,"name":"(Youth) Nike Court Borough Low 2 SE 'Player One' FB1394-101"}]},{"@type":"WebSite","@id":"https:\/\/tourcruiser.com\/de\/#website","url":"https:\/\/tourcruiser.com\/de\/","name":"Styloral Jewelry Shop","description":"Tourcruiser Sneaker Store \u2014 der Ort, an dem das Universum deine Einzigartigkeit trifft.","publisher":{"@id":"https:\/\/tourcruiser.com\/de\/#organization"},"potentialAction":[{"@type":"SearchAction","target":{"@type":"EntryPoint","urlTemplate":"https:\/\/tourcruiser.com\/de\/?s={search_term_string}"},"query-input":{"@type":"PropertyValueSpecification","valueRequired":true,"valueName":"search_term_string"}}],"inLanguage":"de"},{"@type":"Organization","@id":"https:\/\/tourcruiser.com\/de\/#organization","name":"STYLORAL PTE. LTD","url":"https:\/\/tourcruiser.com\/de\/","logo":{"@type":"ImageObject","inLanguage":"de","@id":"https:\/\/tourcruiser.com\/de\/#\/schema\/logo\/image\/","url":"https:\/\/www.tourcruiser.com\/wp-content\/uploads\/2025\/12\/logo.png","contentUrl":"https:\/\/www.tourcruiser.com\/wp-content\/uploads\/2025\/12\/logo.png","width":200,"height":65,"caption":"STYLORAL PTE. LTD"},"image":{"@id":"https:\/\/tourcruiser.com\/de\/#\/schema\/logo\/image\/"}}]}},"_links":{"self":[{"href":"https:\/\/tourcruiser.com\/de\/wp-json\/wp\/v2\/product\/444693","targetHints":{"allow":["GET"]}}],"collection":[{"href":"https:\/\/tourcruiser.com\/de\/wp-json\/wp\/v2\/product"}],"about":[{"href":"https:\/\/tourcruiser.com\/de\/wp-json\/wp\/v2\/types\/product"}],"replies":[{"embeddable":true,"href":"https:\/\/tourcruiser.com\/de\/wp-json\/wp\/v2\/comments?post=444693"}],"wp:featuredmedia":[{"embeddable":true,"href":"https:\/\/tourcruiser.com\/de\/wp-json\/wp\/v2\/media\/444694"}],"wp:attachment":[{"href":"https:\/\/tourcruiser.com\/de\/wp-json\/wp\/v2\/media?parent=444693"}],"wp:term":[{"taxonomy":"product_brand","embeddable":true,"href":"https:\/\/tourcruiser.com\/de\/wp-json\/wp\/v2\/product_brand?post=444693"},{"taxonomy":"product_cat","embeddable":true,"href":"https:\/\/tourcruiser.com\/de\/wp-json\/wp\/v2\/product_cat?post=444693"},{"taxonomy":"product_tag","embeddable":true,"href":"https:\/\/tourcruiser.com\/de\/wp-json\/wp\/v2\/product_tag?post=444693"}],"curies":[{"name":"wp","href":"https:\/\/api.w.org\/{rel}","templated":true}]}}