{"id":443968,"date":"2026-03-21T11:58:53","date_gmt":"2026-03-21T04:58:53","guid":{"rendered":"http:\/\/tourcruiser.com\/product\/adidas-ultraboost-22-flash-orange-hr1029"},"modified":"2026-03-21T11:58:53","modified_gmt":"2026-03-21T04:58:53","slug":"adidas-ultraboost-22-flash-orange-hr1029","status":"publish","type":"product","link":"https:\/\/tourcruiser.com\/de\/products\/adidas-ultraboost-22-flash-orange-hr1029\/","title":{"rendered":"adidas UltraBoost 22 &#8218;Flash Orange&#8216; HR1029"},"content":{"rendered":"<p>Der adidas UltraBoost 22 Flash Orange ist ein leistungsstarker Sneaker, der sowohl f\u00c3\u00bcr Sportler als auch f\u00c3\u00bcr Freizeitsportler geeignet ist. Seine leichte und dennoch strapazierf\u00c3\u00a4hige Konstruktion in Kombination mit der reaktionsfreudigen Boost-D\u00c3\u00a4mpfung bietet au\u00c3\u0178ergew\u00c3\u00b6hnlichen Komfort und Halt. Die leuchtende Farbe Flash Orange verleiht jedem Outfit einen stylischen Touch. Egal ob beim Sport oder beim Einkaufen \u00e2\u20ac\u201c mit diesen Sneakern siehst du immer gut aus und f\u00c3\u00bchlst dich rundum wohl.<\/p>\n<p>Farbgebung: Flash Orange\/Core Black\/Cloud White<br \/>\nStyle-Code: HR1029<br \/>\nObermaterial: Primeknit<br \/>\nZwischensohle: Boost<br \/>\nFarbe: Orange<br \/>\nSaison: Herbst<br \/>\nErscheinungsjahr: 2022<\/p>\n","protected":false},"excerpt":{"rendered":"<p>Der adidas UltraBoost 22 Flash Orange ist ein leistungsstarker Sneaker, der sowohl f\u00c3\u00bcr Sportler als auch f\u00c3\u00bcr Freizeitsportler geeignet ist. Seine leichte und dennoch strapazierf\u00c3\u00a4hige Konstruktion in Kombination mit der reaktionsfreudigen Boost-D\u00c3\u00a4mpfung bietet au\u00c3\u0178ergew\u00c3\u00b6hnlichen Komfort und Halt. Die leuchtende Farbe Flash Orange verleiht jedem Outfit einen stylischen Touch. Egal ob beim Sport oder beim Einkaufen [&hellip;]<\/p>\n","protected":false},"featured_media":443969,"comment_status":"open","ping_status":"closed","template":"","meta":[],"product_brand":[],"product_cat":[10760,38842,38850,38849],"product_tag":[10759,11010,10847,10753,10838,10839,10802,10840,10785,10786,10758],"class_list":{"0":"post-443968","1":"product","2":"type-product","3":"status-publish","4":"has-post-thumbnail","6":"product_cat-adidas","7":"product_cat-gender-men","8":"product_cat-running-shoes","9":"product_cat-adidas-ultraboost-22","10":"product_tag-adidas","11":"product_tag-adidas-running-shoes","12":"product_tag-best-finds-under-100","13":"product_tag-gift-for-him","14":"product_tag-max-cushion-cushioned-running-shoes","15":"product_tag-performance-running-shoes","16":"product_tag-performance-sport-shoes","17":"product_tag-running-shoes","18":"product_tag-trending-deals","19":"product_tag-trending-deals-under-150","20":"product_tag-under-retail","21":"wcpa_has_options","23":"first","24":"instock","25":"taxable","26":"shipping-taxable","27":"purchasable","28":"product-type-simple"},"wcpa_form_fields":{"rules":{"pric_overide_base_price":false,"pric_overide_base_price_if_gt_zero":false,"pric_overide_base_price_fully":false,"pric_cal_option_once":false,"pric_use_as_fee":false,"bind_quantity":false,"quantity_bind_formula":false},"fields":[{"type":"color-group","required":true,"elementId":"wcpa-color-group-66c4a7f817afe","label":"Gr\u00f6\u00dfe","inline":true,"priceOptions":"different_for_all","pricingType":"fixed","className":"hassizechart product-shoes-size-eu product-shoes-size","name":"color-group-66c4a7f817b18","disp_type":"square","selection_type":"tick-border","disp_size":"50","show_label_inside":true,"adjust_width":true,"cart_display_type":"text","other_text":"Other","cl_rule":"show","col":6,"values":[{"label":"35","value":"EU 35","price":"","pimage":"","pimage_id":"","pthumb":"","color":""},{"label":"35.5","value":"EU 35.5","price":"","pimage":"","pimage_id":"","pthumb":"","color":""},{"label":"36","value":"EU 36","price":"","pimage":"","pimage_id":"","pthumb":"","color":"","selected":true},{"label":"36 2\/3","value":"EU 36 2\/3","price":"","pimage":"","pimage_id":"","pthumb":"","color":""},{"label":"37 1\/3","value":"EU 37 1\/3","price":"","pimage":"","pimage_id":"","pthumb":"","color":""},{"label":"38","value":"EU 38","price":"","pimage":"","pimage_id":"","pthumb":"","color":""},{"label":"38 2\/3","value":"EU 38 2\/3","price":"","pimage":"","pimage_id":"","pthumb":"","color":""},{"label":"39 1\/3","value":"EU 39 1\/3","price":"","pimage":"","pimage_id":"","pthumb":"","color":""},{"label":"40","value":"EU 40","price":"","pimage":"","pimage_id":"","pthumb":"","color":""},{"label":"40 2\/3","value":"EU 40 2\/3","price":"","pimage":"","pimage_id":"","pthumb":"","color":""},{"label":"41 1\/3","value":"EU 41 1\/3","price":"","pimage":"","pimage_id":"","pthumb":"","color":""},{"label":"42","value":"EU 42","price":"","pimage":"","pimage_id":"","pthumb":"","color":""},{"label":"42 2\/3","value":"EU 42 2\/3","price":"","pimage":"","pimage_id":"","pthumb":"","color":""},{"label":"43 1\/3","value":"EU 43 1\/3","price":"","pimage":"","pimage_id":"","pthumb":"","color":""},{"label":"44","value":"EU 44","price":"","pimage":"","pimage_id":"","pthumb":"","color":""},{"label":"44 2\/3","value":"EU 44 2\/3","price":"","pimage":"","pimage_id":"","pthumb":"","color":""},{"label":"45 1\/3","value":"EU 45 1\/3","price":"","pimage":"","pimage_id":"","pthumb":"","color":""},{"label":"46","value":"EU 46","price":"","pimage":"","pimage_id":"","pthumb":"","color":""},{"label":"46 2\/3","value":"EU 46 2\/3","price":"","pimage":"","pimage_id":"","pthumb":"","color":""},{"label":"47 1\/3","value":"EU 47 1\/3","price":"","pimage":"","pimage_id":"","pthumb":"","color":""}],"relations":[{"operator":false,"rules":[]}],"form_id":24802,"form_rules":{"pric_cal_option_once":false,"exclude_from_discount":false,"pric_use_as_fee":false,"fee_label":"Fee","render_after_acb":false,"disp_hide_options_price":false}}]},"yoast_head":"<!-- This site is optimized with the Yoast SEO plugin v26.5 - https:\/\/yoast.com\/wordpress\/plugins\/seo\/ -->\n<title>adidas UltraBoost 22 &#039;Flash Orange&#039; HR1029 - Tourcruiser PTE. LTD<\/title>\n<meta name=\"robots\" content=\"index, follow, max-snippet:-1, max-image-preview:large, max-video-preview:-1\" \/>\n<link rel=\"canonical\" href=\"https:\/\/tourcruiser.com\/de\/products\/adidas-ultraboost-22-flash-orange-hr1029\/\" \/>\n<meta property=\"og:locale\" content=\"de_DE\" \/>\n<meta property=\"og:type\" content=\"article\" \/>\n<meta property=\"og:title\" content=\"adidas UltraBoost 22 &#039;Flash Orange&#039; HR1029 - Tourcruiser PTE. LTD\" \/>\n<meta property=\"og:description\" content=\"Der adidas UltraBoost 22 Flash Orange ist ein leistungsstarker Sneaker, der sowohl f\u00c3\u00bcr Sportler als auch f\u00c3\u00bcr Freizeitsportler geeignet ist. Seine leichte und dennoch strapazierf\u00c3\u00a4hige Konstruktion in Kombination mit der reaktionsfreudigen Boost-D\u00c3\u00a4mpfung bietet au\u00c3\u0178ergew\u00c3\u00b6hnlichen Komfort und Halt. Die leuchtende Farbe Flash Orange verleiht jedem Outfit einen stylischen Touch. Egal ob beim Sport oder beim Einkaufen [&hellip;]\" \/>\n<meta property=\"og:url\" content=\"https:\/\/tourcruiser.com\/de\/products\/adidas-ultraboost-22-flash-orange-hr1029\/\" \/>\n<meta property=\"og:site_name\" content=\"Tourcruiser Sneaker Store\" \/>\n<meta name=\"twitter:card\" content=\"summary_large_image\" \/>\n<meta name=\"twitter:image\" content=\"https:\/\/images.novelship.com\/product\/adidas_ultraboost_22__flash_orange__hr1029_0_58624.jpeg\" \/>\n<script type=\"application\/ld+json\" class=\"yoast-schema-graph\">{\"@context\":\"https:\/\/schema.org\",\"@graph\":[{\"@type\":\"WebPage\",\"@id\":\"https:\/\/tourcruiser.com\/de\/products\/adidas-ultraboost-22-flash-orange-hr1029\/\",\"url\":\"https:\/\/tourcruiser.com\/de\/products\/adidas-ultraboost-22-flash-orange-hr1029\/\",\"name\":\"adidas UltraBoost 22 'Flash Orange' HR1029 - Tourcruiser PTE. LTD\",\"isPartOf\":{\"@id\":\"https:\/\/tourcruiser.com\/de\/#website\"},\"primaryImageOfPage\":{\"@id\":\"https:\/\/tourcruiser.com\/de\/products\/adidas-ultraboost-22-flash-orange-hr1029\/#primaryimage\"},\"image\":{\"@id\":\"https:\/\/tourcruiser.com\/de\/products\/adidas-ultraboost-22-flash-orange-hr1029\/#primaryimage\"},\"thumbnailUrl\":\"https:\/\/images.novelship.com\/product\/adidas_ultraboost_22__flash_orange__hr1029_0_58624.jpeg\",\"datePublished\":\"2026-03-21T04:58:53+00:00\",\"breadcrumb\":{\"@id\":\"https:\/\/tourcruiser.com\/de\/products\/adidas-ultraboost-22-flash-orange-hr1029\/#breadcrumb\"},\"inLanguage\":\"de\",\"potentialAction\":[{\"@type\":\"ReadAction\",\"target\":[\"https:\/\/tourcruiser.com\/de\/products\/adidas-ultraboost-22-flash-orange-hr1029\/\"]}]},{\"@type\":\"ImageObject\",\"inLanguage\":\"de\",\"@id\":\"https:\/\/tourcruiser.com\/de\/products\/adidas-ultraboost-22-flash-orange-hr1029\/#primaryimage\",\"url\":\"https:\/\/images.novelship.com\/product\/adidas_ultraboost_22__flash_orange__hr1029_0_58624.jpeg\",\"contentUrl\":\"https:\/\/images.novelship.com\/product\/adidas_ultraboost_22__flash_orange__hr1029_0_58624.jpeg\"},{\"@type\":\"BreadcrumbList\",\"@id\":\"https:\/\/tourcruiser.com\/de\/products\/adidas-ultraboost-22-flash-orange-hr1029\/#breadcrumb\",\"itemListElement\":[{\"@type\":\"ListItem\",\"position\":1,\"name\":\"Home\",\"item\":\"https:\/\/tourcruiser.com\/de\/\"},{\"@type\":\"ListItem\",\"position\":2,\"name\":\"Shop\",\"item\":\"https:\/\/tourcruiser.com\/de\/shop\/\"},{\"@type\":\"ListItem\",\"position\":3,\"name\":\"adidas UltraBoost 22 'Flash Orange' HR1029\"}]},{\"@type\":\"WebSite\",\"@id\":\"https:\/\/tourcruiser.com\/de\/#website\",\"url\":\"https:\/\/tourcruiser.com\/de\/\",\"name\":\"Styloral Jewelry Shop\",\"description\":\"Tourcruiser Sneaker Store \u2014 der Ort, an dem das Universum deine Einzigartigkeit trifft.\",\"publisher\":{\"@id\":\"https:\/\/tourcruiser.com\/de\/#organization\"},\"potentialAction\":[{\"@type\":\"SearchAction\",\"target\":{\"@type\":\"EntryPoint\",\"urlTemplate\":\"https:\/\/tourcruiser.com\/de\/?s={search_term_string}\"},\"query-input\":{\"@type\":\"PropertyValueSpecification\",\"valueRequired\":true,\"valueName\":\"search_term_string\"}}],\"inLanguage\":\"de\"},{\"@type\":\"Organization\",\"@id\":\"https:\/\/tourcruiser.com\/de\/#organization\",\"name\":\"STYLORAL PTE. LTD\",\"url\":\"https:\/\/tourcruiser.com\/de\/\",\"logo\":{\"@type\":\"ImageObject\",\"inLanguage\":\"de\",\"@id\":\"https:\/\/tourcruiser.com\/de\/#\/schema\/logo\/image\/\",\"url\":\"https:\/\/www.tourcruiser.com\/wp-content\/uploads\/2025\/12\/logo.png\",\"contentUrl\":\"https:\/\/www.tourcruiser.com\/wp-content\/uploads\/2025\/12\/logo.png\",\"width\":200,\"height\":65,\"caption\":\"STYLORAL PTE. LTD\"},\"image\":{\"@id\":\"https:\/\/tourcruiser.com\/de\/#\/schema\/logo\/image\/\"}}]}<\/script>\n<!-- \/ Yoast SEO plugin. -->","yoast_head_json":{"title":"adidas UltraBoost 22 'Flash Orange' HR1029 - Tourcruiser PTE. LTD","robots":{"index":"index","follow":"follow","max-snippet":"max-snippet:-1","max-image-preview":"max-image-preview:large","max-video-preview":"max-video-preview:-1"},"canonical":"https:\/\/tourcruiser.com\/de\/products\/adidas-ultraboost-22-flash-orange-hr1029\/","og_locale":"de_DE","og_type":"article","og_title":"adidas UltraBoost 22 'Flash Orange' HR1029 - Tourcruiser PTE. LTD","og_description":"Der adidas UltraBoost 22 Flash Orange ist ein leistungsstarker Sneaker, der sowohl f\u00c3\u00bcr Sportler als auch f\u00c3\u00bcr Freizeitsportler geeignet ist. Seine leichte und dennoch strapazierf\u00c3\u00a4hige Konstruktion in Kombination mit der reaktionsfreudigen Boost-D\u00c3\u00a4mpfung bietet au\u00c3\u0178ergew\u00c3\u00b6hnlichen Komfort und Halt. Die leuchtende Farbe Flash Orange verleiht jedem Outfit einen stylischen Touch. Egal ob beim Sport oder beim Einkaufen [&hellip;]","og_url":"https:\/\/tourcruiser.com\/de\/products\/adidas-ultraboost-22-flash-orange-hr1029\/","og_site_name":"Tourcruiser Sneaker Store","twitter_card":"summary_large_image","twitter_image":"https:\/\/images.novelship.com\/product\/adidas_ultraboost_22__flash_orange__hr1029_0_58624.jpeg","schema":{"@context":"https:\/\/schema.org","@graph":[{"@type":"WebPage","@id":"https:\/\/tourcruiser.com\/de\/products\/adidas-ultraboost-22-flash-orange-hr1029\/","url":"https:\/\/tourcruiser.com\/de\/products\/adidas-ultraboost-22-flash-orange-hr1029\/","name":"adidas UltraBoost 22 'Flash Orange' HR1029 - Tourcruiser PTE. LTD","isPartOf":{"@id":"https:\/\/tourcruiser.com\/de\/#website"},"primaryImageOfPage":{"@id":"https:\/\/tourcruiser.com\/de\/products\/adidas-ultraboost-22-flash-orange-hr1029\/#primaryimage"},"image":{"@id":"https:\/\/tourcruiser.com\/de\/products\/adidas-ultraboost-22-flash-orange-hr1029\/#primaryimage"},"thumbnailUrl":"https:\/\/images.novelship.com\/product\/adidas_ultraboost_22__flash_orange__hr1029_0_58624.jpeg","datePublished":"2026-03-21T04:58:53+00:00","breadcrumb":{"@id":"https:\/\/tourcruiser.com\/de\/products\/adidas-ultraboost-22-flash-orange-hr1029\/#breadcrumb"},"inLanguage":"de","potentialAction":[{"@type":"ReadAction","target":["https:\/\/tourcruiser.com\/de\/products\/adidas-ultraboost-22-flash-orange-hr1029\/"]}]},{"@type":"ImageObject","inLanguage":"de","@id":"https:\/\/tourcruiser.com\/de\/products\/adidas-ultraboost-22-flash-orange-hr1029\/#primaryimage","url":"https:\/\/images.novelship.com\/product\/adidas_ultraboost_22__flash_orange__hr1029_0_58624.jpeg","contentUrl":"https:\/\/images.novelship.com\/product\/adidas_ultraboost_22__flash_orange__hr1029_0_58624.jpeg"},{"@type":"BreadcrumbList","@id":"https:\/\/tourcruiser.com\/de\/products\/adidas-ultraboost-22-flash-orange-hr1029\/#breadcrumb","itemListElement":[{"@type":"ListItem","position":1,"name":"Home","item":"https:\/\/tourcruiser.com\/de\/"},{"@type":"ListItem","position":2,"name":"Shop","item":"https:\/\/tourcruiser.com\/de\/shop\/"},{"@type":"ListItem","position":3,"name":"adidas UltraBoost 22 'Flash Orange' HR1029"}]},{"@type":"WebSite","@id":"https:\/\/tourcruiser.com\/de\/#website","url":"https:\/\/tourcruiser.com\/de\/","name":"Styloral Jewelry Shop","description":"Tourcruiser Sneaker Store \u2014 der Ort, an dem das Universum deine Einzigartigkeit trifft.","publisher":{"@id":"https:\/\/tourcruiser.com\/de\/#organization"},"potentialAction":[{"@type":"SearchAction","target":{"@type":"EntryPoint","urlTemplate":"https:\/\/tourcruiser.com\/de\/?s={search_term_string}"},"query-input":{"@type":"PropertyValueSpecification","valueRequired":true,"valueName":"search_term_string"}}],"inLanguage":"de"},{"@type":"Organization","@id":"https:\/\/tourcruiser.com\/de\/#organization","name":"STYLORAL PTE. LTD","url":"https:\/\/tourcruiser.com\/de\/","logo":{"@type":"ImageObject","inLanguage":"de","@id":"https:\/\/tourcruiser.com\/de\/#\/schema\/logo\/image\/","url":"https:\/\/www.tourcruiser.com\/wp-content\/uploads\/2025\/12\/logo.png","contentUrl":"https:\/\/www.tourcruiser.com\/wp-content\/uploads\/2025\/12\/logo.png","width":200,"height":65,"caption":"STYLORAL PTE. LTD"},"image":{"@id":"https:\/\/tourcruiser.com\/de\/#\/schema\/logo\/image\/"}}]}},"_links":{"self":[{"href":"https:\/\/tourcruiser.com\/de\/wp-json\/wp\/v2\/product\/443968","targetHints":{"allow":["GET"]}}],"collection":[{"href":"https:\/\/tourcruiser.com\/de\/wp-json\/wp\/v2\/product"}],"about":[{"href":"https:\/\/tourcruiser.com\/de\/wp-json\/wp\/v2\/types\/product"}],"replies":[{"embeddable":true,"href":"https:\/\/tourcruiser.com\/de\/wp-json\/wp\/v2\/comments?post=443968"}],"wp:featuredmedia":[{"embeddable":true,"href":"https:\/\/tourcruiser.com\/de\/wp-json\/wp\/v2\/media\/443969"}],"wp:attachment":[{"href":"https:\/\/tourcruiser.com\/de\/wp-json\/wp\/v2\/media?parent=443968"}],"wp:term":[{"taxonomy":"product_brand","embeddable":true,"href":"https:\/\/tourcruiser.com\/de\/wp-json\/wp\/v2\/product_brand?post=443968"},{"taxonomy":"product_cat","embeddable":true,"href":"https:\/\/tourcruiser.com\/de\/wp-json\/wp\/v2\/product_cat?post=443968"},{"taxonomy":"product_tag","embeddable":true,"href":"https:\/\/tourcruiser.com\/de\/wp-json\/wp\/v2\/product_tag?post=443968"}],"curies":[{"name":"wp","href":"https:\/\/api.w.org\/{rel}","templated":true}]}}