{"id":44168,"date":"2026-03-02T14:59:31","date_gmt":"2026-03-02T07:59:31","guid":{"rendered":"http:\/\/tourcruiser.com\/product\/women-adidas-gazelle-indoor-wonder-quartz-velvet"},"modified":"2026-03-28T00:52:23","modified_gmt":"2026-03-27T17:52:23","slug":"women-adidas-gazelle-indoor-wonder-quartz-velvet","status":"publish","type":"product","link":"https:\/\/tourcruiser.com\/de\/products\/women-adidas-gazelle-indoor-wonder-quartz-velvet\/","title":{"rendered":"(Women) adidas Gazelle Indoor &#8218;Wonder Quartz Velvet&#8216;"},"content":{"rendered":"<p>Der Gazelle Indoor JR0232 ist ein Premium-Hallenfu\u00dfballschuh, der f\u00fcr au\u00dfergew\u00f6hnliche Agilit\u00e4t, Schnelligkeit und Komfort entwickelt wurde. Dank seines leichten und dennoch strapazierf\u00e4higen Synthetik-Obermaterials bietet er hervorragende Ballkontrolle und Pr\u00e4zision f\u00fcr Spieler, die ihre Leistung steigern m\u00f6chten. Die abriebfeste Gummisohle sorgt f\u00fcr optimale Traktion auf Hallenb\u00f6den und bietet Stabilit\u00e4t sowie schnelle Richtungswechsel in temporeichen Spielen.<\/p>\n<p>Mit seiner gepolsterten Innensohle bietet der Gazelle Indoor JR0232 erstklassigen Komfort und reduziert Erm\u00fcdungserscheinungen bei l\u00e4ngeren Spiel- oder Trainingseinheiten. Sein schlankes, sportliches Design ist ein echter Hingucker und macht ihn zu einer stylischen Wahl f\u00fcr Sportler aller Leistungsstufen. Dieser Schuh ist pflegeleicht und einfach anzuziehen und perfekt f\u00fcr Hallensportbegeisterte, die Wert auf Qualit\u00e4t, Leistung und \u00c4sthetik legen.<\/p>\n<p>Erh\u00e4ltlich in verschiedenen Gr\u00f6\u00dfen f\u00fcr Spieler aller Altersgruppen, vereint dieser anpassungsf\u00e4hige Schuh fortschrittliche Performance-Technologie mit modernem Flair und sorgt daf\u00fcr, dass du das Spiel dominierst. Erleben Sie un\u00fcbertroffene Qualit\u00e4t mit dem Gazelle Indoor JR0232 und definieren Sie Ihre Grenzen auf dem Hallencourt neu.<\/p>\n<ul>\n<li><strong>Farbgebung:<\/strong> Wonder Quartz\/Warm Clay\/Gum<\/li>\n<li><strong>Artikelnummer:<\/strong> JR0232<\/li>\n<li><strong>Obermaterial:<\/strong> Samt<\/li>\n<li><strong>Farbe:<\/strong> Hellbraun<\/li>\n<\/ul>\n","protected":false},"excerpt":{"rendered":"<p>adidas Gazelle Indoor \u201d\u201d Wonder Quartz\/Warm Clay\/Gum<\/p>\n","protected":false},"featured_media":44169,"comment_status":"open","ping_status":"closed","template":"","meta":[],"product_brand":[],"product_cat":[10941],"product_tag":[10759,10750,11095,11460,10756,10758],"class_list":{"0":"post-44168","1":"product","2":"type-product","3":"status-publish","4":"has-post-thumbnail","6":"product_cat-adidas-women","7":"product_tag-adidas","8":"product_tag-athleisure-shoes","9":"product_tag-kids-sport-performance-shoes","10":"product_tag-lifestyle-shoes-casual","11":"product_tag-retro-casual-shoes","12":"product_tag-under-retail","13":"wcpa_has_options","15":"first","16":"outofstock","17":"taxable","18":"shipping-taxable","19":"purchasable","20":"product-type-simple"},"wcpa_form_fields":{"rules":{"pric_overide_base_price":false,"pric_overide_base_price_if_gt_zero":false,"pric_overide_base_price_fully":false,"pric_cal_option_once":false,"pric_use_as_fee":false,"bind_quantity":false,"quantity_bind_formula":false},"fields":[{"type":"color-group","required":true,"elementId":"wcpa-color-group-66c4a7f817afe","label":"Gr\u00f6\u00dfe","inline":true,"priceOptions":"different_for_all","pricingType":"fixed","className":"hassizechart product-shoes-size-eu product-shoes-size","name":"color-group-66c4a7f817b18","disp_type":"square","selection_type":"tick-border","disp_size":"50","show_label_inside":true,"adjust_width":true,"cart_display_type":"text","other_text":"Other","cl_rule":"show","col":6,"values":[{"label":"35","value":"EU 35","price":"","pimage":"","pimage_id":"","pthumb":"","color":""},{"label":"35.5","value":"EU 35.5","price":"","pimage":"","pimage_id":"","pthumb":"","color":""},{"label":"36","value":"EU 36","price":"","pimage":"","pimage_id":"","pthumb":"","color":"","selected":true},{"label":"36 2\/3","value":"EU 36 2\/3","price":"","pimage":"","pimage_id":"","pthumb":"","color":""},{"label":"37 1\/3","value":"EU 37 1\/3","price":"","pimage":"","pimage_id":"","pthumb":"","color":""},{"label":"38","value":"EU 38","price":"","pimage":"","pimage_id":"","pthumb":"","color":""},{"label":"38 2\/3","value":"EU 38 2\/3","price":"","pimage":"","pimage_id":"","pthumb":"","color":""},{"label":"39 1\/3","value":"EU 39 1\/3","price":"","pimage":"","pimage_id":"","pthumb":"","color":""},{"label":"40","value":"EU 40","price":"","pimage":"","pimage_id":"","pthumb":"","color":""},{"label":"40 2\/3","value":"EU 40 2\/3","price":"","pimage":"","pimage_id":"","pthumb":"","color":""},{"label":"41 1\/3","value":"EU 41 1\/3","price":"","pimage":"","pimage_id":"","pthumb":"","color":""},{"label":"42","value":"EU 42","price":"","pimage":"","pimage_id":"","pthumb":"","color":""},{"label":"42 2\/3","value":"EU 42 2\/3","price":"","pimage":"","pimage_id":"","pthumb":"","color":""},{"label":"43 1\/3","value":"EU 43 1\/3","price":"","pimage":"","pimage_id":"","pthumb":"","color":""},{"label":"44","value":"EU 44","price":"","pimage":"","pimage_id":"","pthumb":"","color":""},{"label":"44 2\/3","value":"EU 44 2\/3","price":"","pimage":"","pimage_id":"","pthumb":"","color":""},{"label":"45 1\/3","value":"EU 45 1\/3","price":"","pimage":"","pimage_id":"","pthumb":"","color":""},{"label":"46","value":"EU 46","price":"","pimage":"","pimage_id":"","pthumb":"","color":""},{"label":"46 2\/3","value":"EU 46 2\/3","price":"","pimage":"","pimage_id":"","pthumb":"","color":""},{"label":"47 1\/3","value":"EU 47 1\/3","price":"","pimage":"","pimage_id":"","pthumb":"","color":""}],"relations":[{"operator":false,"rules":[]}],"form_id":24802,"form_rules":{"pric_cal_option_once":false,"exclude_from_discount":false,"pric_use_as_fee":false,"fee_label":"Fee","render_after_acb":false,"disp_hide_options_price":false}}]},"yoast_head":"<!-- This site is optimized with the Yoast SEO plugin v26.5 - https:\/\/yoast.com\/wordpress\/plugins\/seo\/ -->\n<title>(Women) adidas Gazelle Indoor &#039;Wonder Quartz Velvet&#039;  - Tourcruiser PTE. LTD<\/title>\n<meta name=\"robots\" content=\"index, follow, max-snippet:-1, max-image-preview:large, max-video-preview:-1\" \/>\n<link rel=\"canonical\" href=\"https:\/\/tourcruiser.com\/de\/products\/women-adidas-gazelle-indoor-wonder-quartz-velvet\/\" \/>\n<meta property=\"og:locale\" content=\"de_DE\" \/>\n<meta property=\"og:type\" content=\"article\" \/>\n<meta property=\"og:title\" content=\"(Women) adidas Gazelle Indoor &#039;Wonder Quartz Velvet&#039;  - Tourcruiser PTE. LTD\" \/>\n<meta property=\"og:description\" content=\"adidas Gazelle Indoor \u201d\u201d Wonder Quartz\/Warm Clay\/Gum\" \/>\n<meta property=\"og:url\" content=\"https:\/\/tourcruiser.com\/de\/products\/women-adidas-gazelle-indoor-wonder-quartz-velvet\/\" \/>\n<meta property=\"og:site_name\" content=\"Tourcruiser Sneaker Store\" \/>\n<meta property=\"article:modified_time\" content=\"2026-03-27T17:52:23+00:00\" \/>\n<meta name=\"twitter:card\" content=\"summary_large_image\" \/>\n<meta name=\"twitter:image\" content=\"https:\/\/images.novelship.com\/product\/_w__gazelle_indoor_jr0232_0_97905.jpeg;https:\/\/images.novelship.com\/product\/_w__gazelle_indoor_jr0232_1_97905.jpeg;https:\/\/images.novelship.com\/product\/_w__gazelle_indoor_jr0232_2_97905.jpeg;https:\/\/images.novelship.com\/product\/_w__gazelle_indoor_jr0232_3_97905.jpeg;https:\/\/images.novelship.com\/product\/_w__gazelle_indoor_jr0232_4_97905.jpeg;https:\/\/images.novelship.com\/product\/_w__gazelle_indoor_jr0232_5_97905.jpeg;https:\/\/images.novelship.com\/product\/_w__gazelle_indoor_jr0232_6_97905.jpeg;https:\/\/images.novelship.com\/product\/_w__gazelle_indoor_jr0232_7_97905.jpeg;https:\/\/images.novelship.com\/product\/_w__gazelle_indoor_jr0232_8_97905.jpeg;https:\/\/images.novelship.com\/product\/_w__gazelle_indoor_jr0232_9_97905.jpeg\" \/>\n<meta name=\"twitter:label1\" content=\"Gesch\u00e4tzte Lesezeit\" \/>\n\t<meta name=\"twitter:data1\" content=\"1\u00a0Minute\" \/>\n<script type=\"application\/ld+json\" class=\"yoast-schema-graph\">{\"@context\":\"https:\/\/schema.org\",\"@graph\":[{\"@type\":\"WebPage\",\"@id\":\"https:\/\/tourcruiser.com\/de\/products\/women-adidas-gazelle-indoor-wonder-quartz-velvet\/\",\"url\":\"https:\/\/tourcruiser.com\/de\/products\/women-adidas-gazelle-indoor-wonder-quartz-velvet\/\",\"name\":\"(Women) adidas Gazelle Indoor 'Wonder Quartz Velvet' - Tourcruiser PTE. LTD\",\"isPartOf\":{\"@id\":\"https:\/\/tourcruiser.com\/de\/#website\"},\"primaryImageOfPage\":{\"@id\":\"https:\/\/tourcruiser.com\/de\/products\/women-adidas-gazelle-indoor-wonder-quartz-velvet\/#primaryimage\"},\"image\":{\"@id\":\"https:\/\/tourcruiser.com\/de\/products\/women-adidas-gazelle-indoor-wonder-quartz-velvet\/#primaryimage\"},\"thumbnailUrl\":\"https:\/\/images.novelship.com\/product\/_w__gazelle_indoor_jr0232_0_97905.jpeg;https:\/\/images.novelship.com\/product\/_w__gazelle_indoor_jr0232_1_97905.jpeg;https:\/\/images.novelship.com\/product\/_w__gazelle_indoor_jr0232_2_97905.jpeg;https:\/\/images.novelship.com\/product\/_w__gazelle_indoor_jr0232_3_97905.jpeg;https:\/\/images.novelship.com\/product\/_w__gazelle_indoor_jr0232_4_97905.jpeg;https:\/\/images.novelship.com\/product\/_w__gazelle_indoor_jr0232_5_97905.jpeg;https:\/\/images.novelship.com\/product\/_w__gazelle_indoor_jr0232_6_97905.jpeg;https:\/\/images.novelship.com\/product\/_w__gazelle_indoor_jr0232_7_97905.jpeg;https:\/\/images.novelship.com\/product\/_w__gazelle_indoor_jr0232_8_97905.jpeg;https:\/\/images.novelship.com\/product\/_w__gazelle_indoor_jr0232_9_97905.jpeg\",\"datePublished\":\"2026-03-02T07:59:31+00:00\",\"dateModified\":\"2026-03-27T17:52:23+00:00\",\"breadcrumb\":{\"@id\":\"https:\/\/tourcruiser.com\/de\/products\/women-adidas-gazelle-indoor-wonder-quartz-velvet\/#breadcrumb\"},\"inLanguage\":\"de\",\"potentialAction\":[{\"@type\":\"ReadAction\",\"target\":[\"https:\/\/tourcruiser.com\/de\/products\/women-adidas-gazelle-indoor-wonder-quartz-velvet\/\"]}]},{\"@type\":\"ImageObject\",\"inLanguage\":\"de\",\"@id\":\"https:\/\/tourcruiser.com\/de\/products\/women-adidas-gazelle-indoor-wonder-quartz-velvet\/#primaryimage\",\"url\":\"https:\/\/images.novelship.com\/product\/_w__gazelle_indoor_jr0232_0_97905.jpeg;https:\/\/images.novelship.com\/product\/_w__gazelle_indoor_jr0232_1_97905.jpeg;https:\/\/images.novelship.com\/product\/_w__gazelle_indoor_jr0232_2_97905.jpeg;https:\/\/images.novelship.com\/product\/_w__gazelle_indoor_jr0232_3_97905.jpeg;https:\/\/images.novelship.com\/product\/_w__gazelle_indoor_jr0232_4_97905.jpeg;https:\/\/images.novelship.com\/product\/_w__gazelle_indoor_jr0232_5_97905.jpeg;https:\/\/images.novelship.com\/product\/_w__gazelle_indoor_jr0232_6_97905.jpeg;https:\/\/images.novelship.com\/product\/_w__gazelle_indoor_jr0232_7_97905.jpeg;https:\/\/images.novelship.com\/product\/_w__gazelle_indoor_jr0232_8_97905.jpeg;https:\/\/images.novelship.com\/product\/_w__gazelle_indoor_jr0232_9_97905.jpeg\",\"contentUrl\":\"https:\/\/images.novelship.com\/product\/_w__gazelle_indoor_jr0232_0_97905.jpeg;https:\/\/images.novelship.com\/product\/_w__gazelle_indoor_jr0232_1_97905.jpeg;https:\/\/images.novelship.com\/product\/_w__gazelle_indoor_jr0232_2_97905.jpeg;https:\/\/images.novelship.com\/product\/_w__gazelle_indoor_jr0232_3_97905.jpeg;https:\/\/images.novelship.com\/product\/_w__gazelle_indoor_jr0232_4_97905.jpeg;https:\/\/images.novelship.com\/product\/_w__gazelle_indoor_jr0232_5_97905.jpeg;https:\/\/images.novelship.com\/product\/_w__gazelle_indoor_jr0232_6_97905.jpeg;https:\/\/images.novelship.com\/product\/_w__gazelle_indoor_jr0232_7_97905.jpeg;https:\/\/images.novelship.com\/product\/_w__gazelle_indoor_jr0232_8_97905.jpeg;https:\/\/images.novelship.com\/product\/_w__gazelle_indoor_jr0232_9_97905.jpeg\"},{\"@type\":\"BreadcrumbList\",\"@id\":\"https:\/\/tourcruiser.com\/de\/products\/women-adidas-gazelle-indoor-wonder-quartz-velvet\/#breadcrumb\",\"itemListElement\":[{\"@type\":\"ListItem\",\"position\":1,\"name\":\"Home\",\"item\":\"https:\/\/tourcruiser.com\/de\/\"},{\"@type\":\"ListItem\",\"position\":2,\"name\":\"Shop\",\"item\":\"https:\/\/tourcruiser.com\/de\/shop\/\"},{\"@type\":\"ListItem\",\"position\":3,\"name\":\"(Women) adidas Gazelle Indoor 'Wonder Quartz Velvet'\"}]},{\"@type\":\"WebSite\",\"@id\":\"https:\/\/tourcruiser.com\/de\/#website\",\"url\":\"https:\/\/tourcruiser.com\/de\/\",\"name\":\"Styloral Jewelry Shop\",\"description\":\"Tourcruiser Sneaker Store \u2014 der Ort, an dem das Universum deine Einzigartigkeit trifft.\",\"publisher\":{\"@id\":\"https:\/\/tourcruiser.com\/de\/#organization\"},\"potentialAction\":[{\"@type\":\"SearchAction\",\"target\":{\"@type\":\"EntryPoint\",\"urlTemplate\":\"https:\/\/tourcruiser.com\/de\/?s={search_term_string}\"},\"query-input\":{\"@type\":\"PropertyValueSpecification\",\"valueRequired\":true,\"valueName\":\"search_term_string\"}}],\"inLanguage\":\"de\"},{\"@type\":\"Organization\",\"@id\":\"https:\/\/tourcruiser.com\/de\/#organization\",\"name\":\"STYLORAL PTE. LTD\",\"url\":\"https:\/\/tourcruiser.com\/de\/\",\"logo\":{\"@type\":\"ImageObject\",\"inLanguage\":\"de\",\"@id\":\"https:\/\/tourcruiser.com\/de\/#\/schema\/logo\/image\/\",\"url\":\"https:\/\/www.tourcruiser.com\/wp-content\/uploads\/2025\/12\/logo.png\",\"contentUrl\":\"https:\/\/www.tourcruiser.com\/wp-content\/uploads\/2025\/12\/logo.png\",\"width\":200,\"height\":65,\"caption\":\"STYLORAL PTE. LTD\"},\"image\":{\"@id\":\"https:\/\/tourcruiser.com\/de\/#\/schema\/logo\/image\/\"}}]}<\/script>\n<!-- \/ Yoast SEO plugin. -->","yoast_head_json":{"title":"(Women) adidas Gazelle Indoor 'Wonder Quartz Velvet'  - Tourcruiser PTE. LTD","robots":{"index":"index","follow":"follow","max-snippet":"max-snippet:-1","max-image-preview":"max-image-preview:large","max-video-preview":"max-video-preview:-1"},"canonical":"https:\/\/tourcruiser.com\/de\/products\/women-adidas-gazelle-indoor-wonder-quartz-velvet\/","og_locale":"de_DE","og_type":"article","og_title":"(Women) adidas Gazelle Indoor 'Wonder Quartz Velvet'  - Tourcruiser PTE. LTD","og_description":"adidas Gazelle Indoor \u201d\u201d Wonder Quartz\/Warm Clay\/Gum","og_url":"https:\/\/tourcruiser.com\/de\/products\/women-adidas-gazelle-indoor-wonder-quartz-velvet\/","og_site_name":"Tourcruiser Sneaker Store","article_modified_time":"2026-03-27T17:52:23+00:00","twitter_card":"summary_large_image","twitter_image":"https:\/\/images.novelship.com\/product\/_w__gazelle_indoor_jr0232_0_97905.jpeg;https:\/\/images.novelship.com\/product\/_w__gazelle_indoor_jr0232_1_97905.jpeg;https:\/\/images.novelship.com\/product\/_w__gazelle_indoor_jr0232_2_97905.jpeg;https:\/\/images.novelship.com\/product\/_w__gazelle_indoor_jr0232_3_97905.jpeg;https:\/\/images.novelship.com\/product\/_w__gazelle_indoor_jr0232_4_97905.jpeg;https:\/\/images.novelship.com\/product\/_w__gazelle_indoor_jr0232_5_97905.jpeg;https:\/\/images.novelship.com\/product\/_w__gazelle_indoor_jr0232_6_97905.jpeg;https:\/\/images.novelship.com\/product\/_w__gazelle_indoor_jr0232_7_97905.jpeg;https:\/\/images.novelship.com\/product\/_w__gazelle_indoor_jr0232_8_97905.jpeg;https:\/\/images.novelship.com\/product\/_w__gazelle_indoor_jr0232_9_97905.jpeg","twitter_misc":{"Gesch\u00e4tzte Lesezeit":"1\u00a0Minute"},"schema":{"@context":"https:\/\/schema.org","@graph":[{"@type":"WebPage","@id":"https:\/\/tourcruiser.com\/de\/products\/women-adidas-gazelle-indoor-wonder-quartz-velvet\/","url":"https:\/\/tourcruiser.com\/de\/products\/women-adidas-gazelle-indoor-wonder-quartz-velvet\/","name":"(Women) adidas Gazelle Indoor 'Wonder Quartz Velvet' - Tourcruiser PTE. LTD","isPartOf":{"@id":"https:\/\/tourcruiser.com\/de\/#website"},"primaryImageOfPage":{"@id":"https:\/\/tourcruiser.com\/de\/products\/women-adidas-gazelle-indoor-wonder-quartz-velvet\/#primaryimage"},"image":{"@id":"https:\/\/tourcruiser.com\/de\/products\/women-adidas-gazelle-indoor-wonder-quartz-velvet\/#primaryimage"},"thumbnailUrl":"https:\/\/images.novelship.com\/product\/_w__gazelle_indoor_jr0232_0_97905.jpeg;https:\/\/images.novelship.com\/product\/_w__gazelle_indoor_jr0232_1_97905.jpeg;https:\/\/images.novelship.com\/product\/_w__gazelle_indoor_jr0232_2_97905.jpeg;https:\/\/images.novelship.com\/product\/_w__gazelle_indoor_jr0232_3_97905.jpeg;https:\/\/images.novelship.com\/product\/_w__gazelle_indoor_jr0232_4_97905.jpeg;https:\/\/images.novelship.com\/product\/_w__gazelle_indoor_jr0232_5_97905.jpeg;https:\/\/images.novelship.com\/product\/_w__gazelle_indoor_jr0232_6_97905.jpeg;https:\/\/images.novelship.com\/product\/_w__gazelle_indoor_jr0232_7_97905.jpeg;https:\/\/images.novelship.com\/product\/_w__gazelle_indoor_jr0232_8_97905.jpeg;https:\/\/images.novelship.com\/product\/_w__gazelle_indoor_jr0232_9_97905.jpeg","datePublished":"2026-03-02T07:59:31+00:00","dateModified":"2026-03-27T17:52:23+00:00","breadcrumb":{"@id":"https:\/\/tourcruiser.com\/de\/products\/women-adidas-gazelle-indoor-wonder-quartz-velvet\/#breadcrumb"},"inLanguage":"de","potentialAction":[{"@type":"ReadAction","target":["https:\/\/tourcruiser.com\/de\/products\/women-adidas-gazelle-indoor-wonder-quartz-velvet\/"]}]},{"@type":"ImageObject","inLanguage":"de","@id":"https:\/\/tourcruiser.com\/de\/products\/women-adidas-gazelle-indoor-wonder-quartz-velvet\/#primaryimage","url":"https:\/\/images.novelship.com\/product\/_w__gazelle_indoor_jr0232_0_97905.jpeg;https:\/\/images.novelship.com\/product\/_w__gazelle_indoor_jr0232_1_97905.jpeg;https:\/\/images.novelship.com\/product\/_w__gazelle_indoor_jr0232_2_97905.jpeg;https:\/\/images.novelship.com\/product\/_w__gazelle_indoor_jr0232_3_97905.jpeg;https:\/\/images.novelship.com\/product\/_w__gazelle_indoor_jr0232_4_97905.jpeg;https:\/\/images.novelship.com\/product\/_w__gazelle_indoor_jr0232_5_97905.jpeg;https:\/\/images.novelship.com\/product\/_w__gazelle_indoor_jr0232_6_97905.jpeg;https:\/\/images.novelship.com\/product\/_w__gazelle_indoor_jr0232_7_97905.jpeg;https:\/\/images.novelship.com\/product\/_w__gazelle_indoor_jr0232_8_97905.jpeg;https:\/\/images.novelship.com\/product\/_w__gazelle_indoor_jr0232_9_97905.jpeg","contentUrl":"https:\/\/images.novelship.com\/product\/_w__gazelle_indoor_jr0232_0_97905.jpeg;https:\/\/images.novelship.com\/product\/_w__gazelle_indoor_jr0232_1_97905.jpeg;https:\/\/images.novelship.com\/product\/_w__gazelle_indoor_jr0232_2_97905.jpeg;https:\/\/images.novelship.com\/product\/_w__gazelle_indoor_jr0232_3_97905.jpeg;https:\/\/images.novelship.com\/product\/_w__gazelle_indoor_jr0232_4_97905.jpeg;https:\/\/images.novelship.com\/product\/_w__gazelle_indoor_jr0232_5_97905.jpeg;https:\/\/images.novelship.com\/product\/_w__gazelle_indoor_jr0232_6_97905.jpeg;https:\/\/images.novelship.com\/product\/_w__gazelle_indoor_jr0232_7_97905.jpeg;https:\/\/images.novelship.com\/product\/_w__gazelle_indoor_jr0232_8_97905.jpeg;https:\/\/images.novelship.com\/product\/_w__gazelle_indoor_jr0232_9_97905.jpeg"},{"@type":"BreadcrumbList","@id":"https:\/\/tourcruiser.com\/de\/products\/women-adidas-gazelle-indoor-wonder-quartz-velvet\/#breadcrumb","itemListElement":[{"@type":"ListItem","position":1,"name":"Home","item":"https:\/\/tourcruiser.com\/de\/"},{"@type":"ListItem","position":2,"name":"Shop","item":"https:\/\/tourcruiser.com\/de\/shop\/"},{"@type":"ListItem","position":3,"name":"(Women) adidas Gazelle Indoor 'Wonder Quartz Velvet'"}]},{"@type":"WebSite","@id":"https:\/\/tourcruiser.com\/de\/#website","url":"https:\/\/tourcruiser.com\/de\/","name":"Styloral Jewelry Shop","description":"Tourcruiser Sneaker Store \u2014 der Ort, an dem das Universum deine Einzigartigkeit trifft.","publisher":{"@id":"https:\/\/tourcruiser.com\/de\/#organization"},"potentialAction":[{"@type":"SearchAction","target":{"@type":"EntryPoint","urlTemplate":"https:\/\/tourcruiser.com\/de\/?s={search_term_string}"},"query-input":{"@type":"PropertyValueSpecification","valueRequired":true,"valueName":"search_term_string"}}],"inLanguage":"de"},{"@type":"Organization","@id":"https:\/\/tourcruiser.com\/de\/#organization","name":"STYLORAL PTE. LTD","url":"https:\/\/tourcruiser.com\/de\/","logo":{"@type":"ImageObject","inLanguage":"de","@id":"https:\/\/tourcruiser.com\/de\/#\/schema\/logo\/image\/","url":"https:\/\/www.tourcruiser.com\/wp-content\/uploads\/2025\/12\/logo.png","contentUrl":"https:\/\/www.tourcruiser.com\/wp-content\/uploads\/2025\/12\/logo.png","width":200,"height":65,"caption":"STYLORAL PTE. LTD"},"image":{"@id":"https:\/\/tourcruiser.com\/de\/#\/schema\/logo\/image\/"}}]}},"_links":{"self":[{"href":"https:\/\/tourcruiser.com\/de\/wp-json\/wp\/v2\/product\/44168","targetHints":{"allow":["GET"]}}],"collection":[{"href":"https:\/\/tourcruiser.com\/de\/wp-json\/wp\/v2\/product"}],"about":[{"href":"https:\/\/tourcruiser.com\/de\/wp-json\/wp\/v2\/types\/product"}],"replies":[{"embeddable":true,"href":"https:\/\/tourcruiser.com\/de\/wp-json\/wp\/v2\/comments?post=44168"}],"wp:featuredmedia":[{"embeddable":true,"href":"https:\/\/tourcruiser.com\/de\/wp-json\/wp\/v2\/media\/44169"}],"wp:attachment":[{"href":"https:\/\/tourcruiser.com\/de\/wp-json\/wp\/v2\/media?parent=44168"}],"wp:term":[{"taxonomy":"product_brand","embeddable":true,"href":"https:\/\/tourcruiser.com\/de\/wp-json\/wp\/v2\/product_brand?post=44168"},{"taxonomy":"product_cat","embeddable":true,"href":"https:\/\/tourcruiser.com\/de\/wp-json\/wp\/v2\/product_cat?post=44168"},{"taxonomy":"product_tag","embeddable":true,"href":"https:\/\/tourcruiser.com\/de\/wp-json\/wp\/v2\/product_tag?post=44168"}],"curies":[{"name":"wp","href":"https:\/\/api.w.org\/{rel}","templated":true}]}}