{"id":43755,"date":"2026-03-02T14:58:55","date_gmt":"2026-03-02T07:58:55","guid":{"rendered":"http:\/\/tourcruiser.com\/product\/asics-ds-light-x-fly-pro-2-white-sea-glass"},"modified":"2026-03-28T00:51:56","modified_gmt":"2026-03-27T17:51:56","slug":"asics-ds-light-x-fly-pro-2-white-sea-glass","status":"publish","type":"product","link":"https:\/\/tourcruiser.com\/de\/products\/asics-ds-light-x-fly-pro-2-white-sea-glass\/","title":{"rendered":"ASICS Ds Light X-Fly Pro 2 &#8218;White Sea Glass&#8216;"},"content":{"rendered":"<p>Erleben Sie unvergleichliche Agilit\u00e4t und Pr\u00e4zision mit den ASICS DS Light X-Fly Pro 2 Fu\u00dfballschuhen in \u201eWhite Sea Glass\u201c. Sie wurden f\u00fcr H\u00f6chstleistungen und leichten Tragekomfort entwickelt. Die Schuhe in elegantem Wei\u00df und Meeresglas-Optik vereinen erstklassiges Design mit modernster Technologie. Die innovative X-Fly Pro-Au\u00dfensohle bietet \u00fcberragenden Grip auf Naturrasen und verbessert Geschwindigkeit und Stabilit\u00e4t bei schnellen Bewegungen. Das hochwertige Obermaterial aus Synthetikleder sorgt f\u00fcr au\u00dfergew\u00f6hnliche Ballkontrolle und eine eng anliegende, adaptive Passform. Die nahtlose Konstruktion reduziert das Gewicht deutlich und maximiert gleichzeitig die Haltbarkeit \u201d\u201c perfekt f\u00fcr intensive Spiele. Die fortschrittliche D\u00e4mpfung h\u00e4lt Ihre F\u00fc\u00dfe auch bei intensiven Spielsituationen angenehm warm, w\u00e4hrend das flache Design f\u00fcr unglaubliche Reaktionsf\u00e4higkeit sorgt. Der ASICS DS Light X-Fly Pro 2 \u201eWhite Sea Glass\u201c ist die perfekte Kombination aus Stil, Innovation und Funktionalit\u00e4t \u201d\u201c entwickelt f\u00fcr Spieler, die auf dem Platz H\u00f6chstleistungen fordern. Steigere dein Spiel mit Selbstvertrauen und m\u00fcheloser Geschwindigkeit.<\/p>\n<ul>\n<li><strong>Farbgebung:<\/strong> Wei\u00df\/Seeglas<\/li>\n<li><strong>Artikelnummer:<\/strong> 1101A055-105<\/li>\n<li><strong>Farbe:<\/strong> Wei\u00df<\/li>\n<\/ul>\n","protected":false},"excerpt":{"rendered":"<p>ASICS Ds Light X-Fly Pro 2 \u201d\u201d White\/Sea Glass<\/p>\n","protected":false},"featured_media":43756,"comment_status":"open","ping_status":"closed","template":"","meta":[],"product_brand":[],"product_cat":[10792],"product_tag":[10791,11087,10753,10802,10986,10987,10758],"class_list":{"0":"post-43755","1":"product","2":"type-product","3":"status-publish","4":"has-post-thumbnail","6":"product_cat-asics","7":"product_tag-asics","8":"product_tag-firm-ground-fg-football-boots","9":"product_tag-gift-for-him","10":"product_tag-performance-sport-shoes","11":"product_tag-soccer-shoes","12":"product_tag-soccer-shoes-football-cleats","13":"product_tag-under-retail","14":"wcpa_has_options","16":"first","17":"outofstock","18":"sale","19":"taxable","20":"shipping-taxable","21":"purchasable","22":"product-type-simple"},"wcpa_form_fields":{"rules":{"pric_overide_base_price":false,"pric_overide_base_price_if_gt_zero":false,"pric_overide_base_price_fully":false,"pric_cal_option_once":false,"pric_use_as_fee":false,"bind_quantity":false,"quantity_bind_formula":false},"fields":[{"type":"color-group","required":true,"elementId":"wcpa-color-group-69a5ab08ee12d","label":"Gr\u00f6\u00dfe","inline":true,"priceOptions":"different_for_all","pricingType":"fixed","className":"hassizechart product-shoes-size-eu product-shoes-size","name":"color-group-69a5ab08ee136","disp_type":"square","selection_type":"tick-border","disp_size":"50","show_label_inside":true,"adjust_width":true,"cart_display_type":"text","other_text":"Other","cl_rule":"show","col":6,"values":[{"label":"36","value":"EU 36","price":"","pimage":"","pimage_id":"","pthumb":"","color":"","selected":true},{"label":"37","value":"EU 37","price":"","pimage":"","pimage_id":"","pthumb":"","color":""},{"label":"37.5","value":"EU 37.5","price":"","pimage":"","pimage_id":"","pthumb":"","color":""},{"label":"38","value":"EU 38","price":"","pimage":"","pimage_id":"","pthumb":"","color":""},{"label":"38.5","value":"EU 38.5","price":"","pimage":"","pimage_id":"","pthumb":"","color":""},{"label":"39","value":"EU 39","price":"","pimage":"","pimage_id":"","pthumb":"","color":""},{"label":"39.5","value":"EU 39.5","price":"","pimage":"","pimage_id":"","pthumb":"","color":""},{"label":"40","value":"EU 40","price":"","pimage":"","pimage_id":"","pthumb":"","color":""},{"label":"40.5","value":"EU 40.5","price":"","pimage":"","pimage_id":"","pthumb":"","color":""},{"label":" 41.5","value":"EU 41.5","price":"","pimage":"","pimage_id":"","pthumb":"","color":""},{"label":"42","value":"EU 42","price":"","pimage":"","pimage_id":"","pthumb":"","color":""},{"label":"42.5","value":"EU 42.5","price":"","pimage":"","pimage_id":"","pthumb":"","color":""},{"label":"43.5","value":"EU 43.5","price":"","pimage":"","pimage_id":"","pthumb":"","color":""},{"label":"44","value":"EU 44","price":"","pimage":"","pimage_id":"","pthumb":"","color":""},{"label":"44.5","value":"EU 44.5","price":"","pimage":"","pimage_id":"","pthumb":"","color":""},{"label":"45","value":"EU 45","price":"","pimage":"","pimage_id":"","pthumb":"","color":""}],"relations":[{"operator":false,"rules":[]}],"form_id":184311,"form_rules":{"pric_cal_option_once":false,"exclude_from_discount":false,"pric_use_as_fee":false,"fee_label":"Fee","render_after_acb":false,"disp_hide_options_price":false}}]},"yoast_head":"<!-- This site is optimized with the Yoast SEO plugin v26.5 - https:\/\/yoast.com\/wordpress\/plugins\/seo\/ -->\n<title>ASICS Ds Light X-Fly Pro 2 &#039;White Sea Glass&#039;  - Tourcruiser PTE. LTD<\/title>\n<meta name=\"robots\" content=\"index, follow, max-snippet:-1, max-image-preview:large, max-video-preview:-1\" \/>\n<link rel=\"canonical\" href=\"https:\/\/tourcruiser.com\/de\/products\/asics-ds-light-x-fly-pro-2-white-sea-glass\/\" \/>\n<meta property=\"og:locale\" content=\"de_DE\" \/>\n<meta property=\"og:type\" content=\"article\" \/>\n<meta property=\"og:title\" content=\"ASICS Ds Light X-Fly Pro 2 &#039;White Sea Glass&#039;  - Tourcruiser PTE. LTD\" \/>\n<meta property=\"og:description\" content=\"ASICS Ds Light X-Fly Pro 2 \u201d\u201d White\/Sea Glass\" \/>\n<meta property=\"og:url\" content=\"https:\/\/tourcruiser.com\/de\/products\/asics-ds-light-x-fly-pro-2-white-sea-glass\/\" \/>\n<meta property=\"og:site_name\" content=\"Tourcruiser Sneaker Store\" \/>\n<meta property=\"article:modified_time\" content=\"2026-03-27T17:51:56+00:00\" \/>\n<meta name=\"twitter:card\" content=\"summary_large_image\" \/>\n<meta name=\"twitter:image\" content=\"https:\/\/images.novelship.com\/product\/asics_ds_light_x-fly_pro_2__white_sea_glass__1101a_0_63783.jpeg;https:\/\/images.novelship.com\/product\/asics_ds_light_x-fly_pro_2__white_sea_glass__1101a_1_63783.jpeg;https:\/\/images.novelship.com\/product\/asics_ds_light_x-fly_pro_2__white_sea_glass__1101a_2_63783.jpeg;https:\/\/images.novelship.com\/product\/asics_ds_light_x-fly_pro_2__white_sea_glass__1101a_3_63783.jpeg;https:\/\/images.novelship.com\/product\/asics_ds_light_x-fly_pro_2__white_sea_glass__1101a_4_63783.jpeg;https:\/\/images.novelship.com\/product\/asics_ds_light_x-fly_pro_2__white_sea_glass__1101a_5_63783.jpeg;https:\/\/images.novelship.com\/product\/asics_ds_light_x-fly_pro_2__white_sea_glass__1101a_6_63783.jpeg;https:\/\/images.novelship.com\/product\/asics_ds_light_x-fly_pro_2__white_sea_glass__1101a_7_63783.jpeg\" \/>\n<meta name=\"twitter:label1\" content=\"Gesch\u00e4tzte Lesezeit\" \/>\n\t<meta name=\"twitter:data1\" content=\"1\u00a0Minute\" \/>\n<script type=\"application\/ld+json\" class=\"yoast-schema-graph\">{\"@context\":\"https:\/\/schema.org\",\"@graph\":[{\"@type\":\"WebPage\",\"@id\":\"https:\/\/tourcruiser.com\/de\/products\/asics-ds-light-x-fly-pro-2-white-sea-glass\/\",\"url\":\"https:\/\/tourcruiser.com\/de\/products\/asics-ds-light-x-fly-pro-2-white-sea-glass\/\",\"name\":\"ASICS Ds Light X-Fly Pro 2 'White Sea Glass' - Tourcruiser PTE. LTD\",\"isPartOf\":{\"@id\":\"https:\/\/tourcruiser.com\/de\/#website\"},\"primaryImageOfPage\":{\"@id\":\"https:\/\/tourcruiser.com\/de\/products\/asics-ds-light-x-fly-pro-2-white-sea-glass\/#primaryimage\"},\"image\":{\"@id\":\"https:\/\/tourcruiser.com\/de\/products\/asics-ds-light-x-fly-pro-2-white-sea-glass\/#primaryimage\"},\"thumbnailUrl\":\"https:\/\/images.novelship.com\/product\/asics_ds_light_x-fly_pro_2__white_sea_glass__1101a_0_63783.jpeg;https:\/\/images.novelship.com\/product\/asics_ds_light_x-fly_pro_2__white_sea_glass__1101a_1_63783.jpeg;https:\/\/images.novelship.com\/product\/asics_ds_light_x-fly_pro_2__white_sea_glass__1101a_2_63783.jpeg;https:\/\/images.novelship.com\/product\/asics_ds_light_x-fly_pro_2__white_sea_glass__1101a_3_63783.jpeg;https:\/\/images.novelship.com\/product\/asics_ds_light_x-fly_pro_2__white_sea_glass__1101a_4_63783.jpeg;https:\/\/images.novelship.com\/product\/asics_ds_light_x-fly_pro_2__white_sea_glass__1101a_5_63783.jpeg;https:\/\/images.novelship.com\/product\/asics_ds_light_x-fly_pro_2__white_sea_glass__1101a_6_63783.jpeg;https:\/\/images.novelship.com\/product\/asics_ds_light_x-fly_pro_2__white_sea_glass__1101a_7_63783.jpeg\",\"datePublished\":\"2026-03-02T07:58:55+00:00\",\"dateModified\":\"2026-03-27T17:51:56+00:00\",\"breadcrumb\":{\"@id\":\"https:\/\/tourcruiser.com\/de\/products\/asics-ds-light-x-fly-pro-2-white-sea-glass\/#breadcrumb\"},\"inLanguage\":\"de\",\"potentialAction\":[{\"@type\":\"ReadAction\",\"target\":[\"https:\/\/tourcruiser.com\/de\/products\/asics-ds-light-x-fly-pro-2-white-sea-glass\/\"]}]},{\"@type\":\"ImageObject\",\"inLanguage\":\"de\",\"@id\":\"https:\/\/tourcruiser.com\/de\/products\/asics-ds-light-x-fly-pro-2-white-sea-glass\/#primaryimage\",\"url\":\"https:\/\/images.novelship.com\/product\/asics_ds_light_x-fly_pro_2__white_sea_glass__1101a_0_63783.jpeg;https:\/\/images.novelship.com\/product\/asics_ds_light_x-fly_pro_2__white_sea_glass__1101a_1_63783.jpeg;https:\/\/images.novelship.com\/product\/asics_ds_light_x-fly_pro_2__white_sea_glass__1101a_2_63783.jpeg;https:\/\/images.novelship.com\/product\/asics_ds_light_x-fly_pro_2__white_sea_glass__1101a_3_63783.jpeg;https:\/\/images.novelship.com\/product\/asics_ds_light_x-fly_pro_2__white_sea_glass__1101a_4_63783.jpeg;https:\/\/images.novelship.com\/product\/asics_ds_light_x-fly_pro_2__white_sea_glass__1101a_5_63783.jpeg;https:\/\/images.novelship.com\/product\/asics_ds_light_x-fly_pro_2__white_sea_glass__1101a_6_63783.jpeg;https:\/\/images.novelship.com\/product\/asics_ds_light_x-fly_pro_2__white_sea_glass__1101a_7_63783.jpeg\",\"contentUrl\":\"https:\/\/images.novelship.com\/product\/asics_ds_light_x-fly_pro_2__white_sea_glass__1101a_0_63783.jpeg;https:\/\/images.novelship.com\/product\/asics_ds_light_x-fly_pro_2__white_sea_glass__1101a_1_63783.jpeg;https:\/\/images.novelship.com\/product\/asics_ds_light_x-fly_pro_2__white_sea_glass__1101a_2_63783.jpeg;https:\/\/images.novelship.com\/product\/asics_ds_light_x-fly_pro_2__white_sea_glass__1101a_3_63783.jpeg;https:\/\/images.novelship.com\/product\/asics_ds_light_x-fly_pro_2__white_sea_glass__1101a_4_63783.jpeg;https:\/\/images.novelship.com\/product\/asics_ds_light_x-fly_pro_2__white_sea_glass__1101a_5_63783.jpeg;https:\/\/images.novelship.com\/product\/asics_ds_light_x-fly_pro_2__white_sea_glass__1101a_6_63783.jpeg;https:\/\/images.novelship.com\/product\/asics_ds_light_x-fly_pro_2__white_sea_glass__1101a_7_63783.jpeg\"},{\"@type\":\"BreadcrumbList\",\"@id\":\"https:\/\/tourcruiser.com\/de\/products\/asics-ds-light-x-fly-pro-2-white-sea-glass\/#breadcrumb\",\"itemListElement\":[{\"@type\":\"ListItem\",\"position\":1,\"name\":\"Home\",\"item\":\"https:\/\/tourcruiser.com\/de\/\"},{\"@type\":\"ListItem\",\"position\":2,\"name\":\"Shop\",\"item\":\"https:\/\/tourcruiser.com\/de\/shop\/\"},{\"@type\":\"ListItem\",\"position\":3,\"name\":\"ASICS Ds Light X-Fly Pro 2 'White Sea Glass'\"}]},{\"@type\":\"WebSite\",\"@id\":\"https:\/\/tourcruiser.com\/de\/#website\",\"url\":\"https:\/\/tourcruiser.com\/de\/\",\"name\":\"Styloral Jewelry Shop\",\"description\":\"Tourcruiser Sneaker Store \u2014 der Ort, an dem das Universum deine Einzigartigkeit trifft.\",\"publisher\":{\"@id\":\"https:\/\/tourcruiser.com\/de\/#organization\"},\"potentialAction\":[{\"@type\":\"SearchAction\",\"target\":{\"@type\":\"EntryPoint\",\"urlTemplate\":\"https:\/\/tourcruiser.com\/de\/?s={search_term_string}\"},\"query-input\":{\"@type\":\"PropertyValueSpecification\",\"valueRequired\":true,\"valueName\":\"search_term_string\"}}],\"inLanguage\":\"de\"},{\"@type\":\"Organization\",\"@id\":\"https:\/\/tourcruiser.com\/de\/#organization\",\"name\":\"STYLORAL PTE. LTD\",\"url\":\"https:\/\/tourcruiser.com\/de\/\",\"logo\":{\"@type\":\"ImageObject\",\"inLanguage\":\"de\",\"@id\":\"https:\/\/tourcruiser.com\/de\/#\/schema\/logo\/image\/\",\"url\":\"https:\/\/www.tourcruiser.com\/wp-content\/uploads\/2025\/12\/logo.png\",\"contentUrl\":\"https:\/\/www.tourcruiser.com\/wp-content\/uploads\/2025\/12\/logo.png\",\"width\":200,\"height\":65,\"caption\":\"STYLORAL PTE. LTD\"},\"image\":{\"@id\":\"https:\/\/tourcruiser.com\/de\/#\/schema\/logo\/image\/\"}}]}<\/script>\n<!-- \/ Yoast SEO plugin. -->","yoast_head_json":{"title":"ASICS Ds Light X-Fly Pro 2 'White Sea Glass'  - Tourcruiser PTE. LTD","robots":{"index":"index","follow":"follow","max-snippet":"max-snippet:-1","max-image-preview":"max-image-preview:large","max-video-preview":"max-video-preview:-1"},"canonical":"https:\/\/tourcruiser.com\/de\/products\/asics-ds-light-x-fly-pro-2-white-sea-glass\/","og_locale":"de_DE","og_type":"article","og_title":"ASICS Ds Light X-Fly Pro 2 'White Sea Glass'  - Tourcruiser PTE. LTD","og_description":"ASICS Ds Light X-Fly Pro 2 \u201d\u201d White\/Sea Glass","og_url":"https:\/\/tourcruiser.com\/de\/products\/asics-ds-light-x-fly-pro-2-white-sea-glass\/","og_site_name":"Tourcruiser Sneaker Store","article_modified_time":"2026-03-27T17:51:56+00:00","twitter_card":"summary_large_image","twitter_image":"https:\/\/images.novelship.com\/product\/asics_ds_light_x-fly_pro_2__white_sea_glass__1101a_0_63783.jpeg;https:\/\/images.novelship.com\/product\/asics_ds_light_x-fly_pro_2__white_sea_glass__1101a_1_63783.jpeg;https:\/\/images.novelship.com\/product\/asics_ds_light_x-fly_pro_2__white_sea_glass__1101a_2_63783.jpeg;https:\/\/images.novelship.com\/product\/asics_ds_light_x-fly_pro_2__white_sea_glass__1101a_3_63783.jpeg;https:\/\/images.novelship.com\/product\/asics_ds_light_x-fly_pro_2__white_sea_glass__1101a_4_63783.jpeg;https:\/\/images.novelship.com\/product\/asics_ds_light_x-fly_pro_2__white_sea_glass__1101a_5_63783.jpeg;https:\/\/images.novelship.com\/product\/asics_ds_light_x-fly_pro_2__white_sea_glass__1101a_6_63783.jpeg;https:\/\/images.novelship.com\/product\/asics_ds_light_x-fly_pro_2__white_sea_glass__1101a_7_63783.jpeg","twitter_misc":{"Gesch\u00e4tzte Lesezeit":"1\u00a0Minute"},"schema":{"@context":"https:\/\/schema.org","@graph":[{"@type":"WebPage","@id":"https:\/\/tourcruiser.com\/de\/products\/asics-ds-light-x-fly-pro-2-white-sea-glass\/","url":"https:\/\/tourcruiser.com\/de\/products\/asics-ds-light-x-fly-pro-2-white-sea-glass\/","name":"ASICS Ds Light X-Fly Pro 2 'White Sea Glass' - Tourcruiser PTE. LTD","isPartOf":{"@id":"https:\/\/tourcruiser.com\/de\/#website"},"primaryImageOfPage":{"@id":"https:\/\/tourcruiser.com\/de\/products\/asics-ds-light-x-fly-pro-2-white-sea-glass\/#primaryimage"},"image":{"@id":"https:\/\/tourcruiser.com\/de\/products\/asics-ds-light-x-fly-pro-2-white-sea-glass\/#primaryimage"},"thumbnailUrl":"https:\/\/images.novelship.com\/product\/asics_ds_light_x-fly_pro_2__white_sea_glass__1101a_0_63783.jpeg;https:\/\/images.novelship.com\/product\/asics_ds_light_x-fly_pro_2__white_sea_glass__1101a_1_63783.jpeg;https:\/\/images.novelship.com\/product\/asics_ds_light_x-fly_pro_2__white_sea_glass__1101a_2_63783.jpeg;https:\/\/images.novelship.com\/product\/asics_ds_light_x-fly_pro_2__white_sea_glass__1101a_3_63783.jpeg;https:\/\/images.novelship.com\/product\/asics_ds_light_x-fly_pro_2__white_sea_glass__1101a_4_63783.jpeg;https:\/\/images.novelship.com\/product\/asics_ds_light_x-fly_pro_2__white_sea_glass__1101a_5_63783.jpeg;https:\/\/images.novelship.com\/product\/asics_ds_light_x-fly_pro_2__white_sea_glass__1101a_6_63783.jpeg;https:\/\/images.novelship.com\/product\/asics_ds_light_x-fly_pro_2__white_sea_glass__1101a_7_63783.jpeg","datePublished":"2026-03-02T07:58:55+00:00","dateModified":"2026-03-27T17:51:56+00:00","breadcrumb":{"@id":"https:\/\/tourcruiser.com\/de\/products\/asics-ds-light-x-fly-pro-2-white-sea-glass\/#breadcrumb"},"inLanguage":"de","potentialAction":[{"@type":"ReadAction","target":["https:\/\/tourcruiser.com\/de\/products\/asics-ds-light-x-fly-pro-2-white-sea-glass\/"]}]},{"@type":"ImageObject","inLanguage":"de","@id":"https:\/\/tourcruiser.com\/de\/products\/asics-ds-light-x-fly-pro-2-white-sea-glass\/#primaryimage","url":"https:\/\/images.novelship.com\/product\/asics_ds_light_x-fly_pro_2__white_sea_glass__1101a_0_63783.jpeg;https:\/\/images.novelship.com\/product\/asics_ds_light_x-fly_pro_2__white_sea_glass__1101a_1_63783.jpeg;https:\/\/images.novelship.com\/product\/asics_ds_light_x-fly_pro_2__white_sea_glass__1101a_2_63783.jpeg;https:\/\/images.novelship.com\/product\/asics_ds_light_x-fly_pro_2__white_sea_glass__1101a_3_63783.jpeg;https:\/\/images.novelship.com\/product\/asics_ds_light_x-fly_pro_2__white_sea_glass__1101a_4_63783.jpeg;https:\/\/images.novelship.com\/product\/asics_ds_light_x-fly_pro_2__white_sea_glass__1101a_5_63783.jpeg;https:\/\/images.novelship.com\/product\/asics_ds_light_x-fly_pro_2__white_sea_glass__1101a_6_63783.jpeg;https:\/\/images.novelship.com\/product\/asics_ds_light_x-fly_pro_2__white_sea_glass__1101a_7_63783.jpeg","contentUrl":"https:\/\/images.novelship.com\/product\/asics_ds_light_x-fly_pro_2__white_sea_glass__1101a_0_63783.jpeg;https:\/\/images.novelship.com\/product\/asics_ds_light_x-fly_pro_2__white_sea_glass__1101a_1_63783.jpeg;https:\/\/images.novelship.com\/product\/asics_ds_light_x-fly_pro_2__white_sea_glass__1101a_2_63783.jpeg;https:\/\/images.novelship.com\/product\/asics_ds_light_x-fly_pro_2__white_sea_glass__1101a_3_63783.jpeg;https:\/\/images.novelship.com\/product\/asics_ds_light_x-fly_pro_2__white_sea_glass__1101a_4_63783.jpeg;https:\/\/images.novelship.com\/product\/asics_ds_light_x-fly_pro_2__white_sea_glass__1101a_5_63783.jpeg;https:\/\/images.novelship.com\/product\/asics_ds_light_x-fly_pro_2__white_sea_glass__1101a_6_63783.jpeg;https:\/\/images.novelship.com\/product\/asics_ds_light_x-fly_pro_2__white_sea_glass__1101a_7_63783.jpeg"},{"@type":"BreadcrumbList","@id":"https:\/\/tourcruiser.com\/de\/products\/asics-ds-light-x-fly-pro-2-white-sea-glass\/#breadcrumb","itemListElement":[{"@type":"ListItem","position":1,"name":"Home","item":"https:\/\/tourcruiser.com\/de\/"},{"@type":"ListItem","position":2,"name":"Shop","item":"https:\/\/tourcruiser.com\/de\/shop\/"},{"@type":"ListItem","position":3,"name":"ASICS Ds Light X-Fly Pro 2 'White Sea Glass'"}]},{"@type":"WebSite","@id":"https:\/\/tourcruiser.com\/de\/#website","url":"https:\/\/tourcruiser.com\/de\/","name":"Styloral Jewelry Shop","description":"Tourcruiser Sneaker Store \u2014 der Ort, an dem das Universum deine Einzigartigkeit trifft.","publisher":{"@id":"https:\/\/tourcruiser.com\/de\/#organization"},"potentialAction":[{"@type":"SearchAction","target":{"@type":"EntryPoint","urlTemplate":"https:\/\/tourcruiser.com\/de\/?s={search_term_string}"},"query-input":{"@type":"PropertyValueSpecification","valueRequired":true,"valueName":"search_term_string"}}],"inLanguage":"de"},{"@type":"Organization","@id":"https:\/\/tourcruiser.com\/de\/#organization","name":"STYLORAL PTE. LTD","url":"https:\/\/tourcruiser.com\/de\/","logo":{"@type":"ImageObject","inLanguage":"de","@id":"https:\/\/tourcruiser.com\/de\/#\/schema\/logo\/image\/","url":"https:\/\/www.tourcruiser.com\/wp-content\/uploads\/2025\/12\/logo.png","contentUrl":"https:\/\/www.tourcruiser.com\/wp-content\/uploads\/2025\/12\/logo.png","width":200,"height":65,"caption":"STYLORAL PTE. LTD"},"image":{"@id":"https:\/\/tourcruiser.com\/de\/#\/schema\/logo\/image\/"}}]}},"_links":{"self":[{"href":"https:\/\/tourcruiser.com\/de\/wp-json\/wp\/v2\/product\/43755","targetHints":{"allow":["GET"]}}],"collection":[{"href":"https:\/\/tourcruiser.com\/de\/wp-json\/wp\/v2\/product"}],"about":[{"href":"https:\/\/tourcruiser.com\/de\/wp-json\/wp\/v2\/types\/product"}],"replies":[{"embeddable":true,"href":"https:\/\/tourcruiser.com\/de\/wp-json\/wp\/v2\/comments?post=43755"}],"wp:featuredmedia":[{"embeddable":true,"href":"https:\/\/tourcruiser.com\/de\/wp-json\/wp\/v2\/media\/43756"}],"wp:attachment":[{"href":"https:\/\/tourcruiser.com\/de\/wp-json\/wp\/v2\/media?parent=43755"}],"wp:term":[{"taxonomy":"product_brand","embeddable":true,"href":"https:\/\/tourcruiser.com\/de\/wp-json\/wp\/v2\/product_brand?post=43755"},{"taxonomy":"product_cat","embeddable":true,"href":"https:\/\/tourcruiser.com\/de\/wp-json\/wp\/v2\/product_cat?post=43755"},{"taxonomy":"product_tag","embeddable":true,"href":"https:\/\/tourcruiser.com\/de\/wp-json\/wp\/v2\/product_tag?post=43755"}],"curies":[{"name":"wp","href":"https:\/\/api.w.org\/{rel}","templated":true}]}}