{"id":43696,"date":"2026-03-02T14:58:51","date_gmt":"2026-03-02T07:58:51","guid":{"rendered":"http:\/\/tourcruiser.com\/product\/x-asics-doraemon-tarther-sc-sneakers-white-blue"},"modified":"2026-03-28T00:51:54","modified_gmt":"2026-03-27T17:51:54","slug":"x-asics-doraemon-tarther-sc-sneakers-white-blue","status":"publish","type":"product","link":"https:\/\/tourcruiser.com\/de\/products\/x-asics-doraemon-tarther-sc-sneakers-white-blue\/","title":{"rendered":"x ASICS Doraemon Tarther Sc Sneakers &#8218;White Blue&#8216;"},"content":{"rendered":"<p>Mit den ASICS Doraemon Tarther SC Sneakers \u201eWhite Blue\u201c, die in Zusammenarbeit mit dem beliebten Anime-Charakter Doraemon entworfen wurden, erlebst du die Zukunft hautnah. Die Sneaker in elegantem Wei\u00df und Blau vereinen Retro-Charme mit moderner Performance. Das atmungsaktive Mesh-Obermaterial sorgt f\u00fcr angenehm k\u00fchle F\u00fc\u00dfe, w\u00e4hrend die EVA-Zwischensohle au\u00dfergew\u00f6hnliche D\u00e4mpfung f\u00fcr ganzt\u00e4gigen Tragekomfort bietet. Die strapazierf\u00e4hige Gummiau\u00dfensohle garantiert zuverl\u00e4ssige Traktion und macht die Sneaker perfekt f\u00fcr den Alltag oder Freizeitaktivit\u00e4ten. Lass dich vom nostalgischen Flair verzaubern und setze mit den x ASICS Doraemon Tarther SC Sneakers ein modisches Statement.<\/p>\n<ul>\n<li><strong>Farbgebung:<\/strong> WEISS\/BLAU<\/li>\n<li><strong>Artikelnummer:<\/strong> 1203A351-100<\/li>\n<li><strong>Farbe:<\/strong> Wei\u00df<\/li>\n<\/ul>\n","protected":false},"excerpt":{"rendered":"<p>ASICS Tarther Sc \u201d\u201d WHITE\/BLUE<\/p>\n","protected":false},"featured_media":43697,"comment_status":"open","ping_status":"closed","template":"","meta":[],"product_brand":[],"product_cat":[10792],"product_tag":[10791,10750,10753,10754,10765,10768,10758],"class_list":{"0":"post-43696","1":"product","2":"type-product","3":"status-publish","4":"has-post-thumbnail","6":"product_cat-asics","7":"product_tag-asics","8":"product_tag-athleisure-shoes","9":"product_tag-gift-for-him","10":"product_tag-lifestyle-casual-shoes","11":"product_tag-lifestyle-shoes-running-inspired","12":"product_tag-retro-running-shoes","13":"product_tag-under-retail","14":"wcpa_has_options","16":"first","17":"outofstock","18":"taxable","19":"shipping-taxable","20":"purchasable","21":"product-type-simple"},"wcpa_form_fields":{"rules":{"pric_overide_base_price":false,"pric_overide_base_price_if_gt_zero":false,"pric_overide_base_price_fully":false,"pric_cal_option_once":false,"pric_use_as_fee":false,"bind_quantity":false,"quantity_bind_formula":false},"fields":[{"type":"color-group","required":true,"elementId":"wcpa-color-group-69a5ab08ee12d","label":"Gr\u00f6\u00dfe","inline":true,"priceOptions":"different_for_all","pricingType":"fixed","className":"hassizechart product-shoes-size-eu product-shoes-size","name":"color-group-69a5ab08ee136","disp_type":"square","selection_type":"tick-border","disp_size":"50","show_label_inside":true,"adjust_width":true,"cart_display_type":"text","other_text":"Other","cl_rule":"show","col":6,"values":[{"label":"36","value":"EU 36","price":"","pimage":"","pimage_id":"","pthumb":"","color":"","selected":true},{"label":"37","value":"EU 37","price":"","pimage":"","pimage_id":"","pthumb":"","color":""},{"label":"37.5","value":"EU 37.5","price":"","pimage":"","pimage_id":"","pthumb":"","color":""},{"label":"38","value":"EU 38","price":"","pimage":"","pimage_id":"","pthumb":"","color":""},{"label":"38.5","value":"EU 38.5","price":"","pimage":"","pimage_id":"","pthumb":"","color":""},{"label":"39","value":"EU 39","price":"","pimage":"","pimage_id":"","pthumb":"","color":""},{"label":"39.5","value":"EU 39.5","price":"","pimage":"","pimage_id":"","pthumb":"","color":""},{"label":"40","value":"EU 40","price":"","pimage":"","pimage_id":"","pthumb":"","color":""},{"label":"40.5","value":"EU 40.5","price":"","pimage":"","pimage_id":"","pthumb":"","color":""},{"label":" 41.5","value":"EU 41.5","price":"","pimage":"","pimage_id":"","pthumb":"","color":""},{"label":"42","value":"EU 42","price":"","pimage":"","pimage_id":"","pthumb":"","color":""},{"label":"42.5","value":"EU 42.5","price":"","pimage":"","pimage_id":"","pthumb":"","color":""},{"label":"43.5","value":"EU 43.5","price":"","pimage":"","pimage_id":"","pthumb":"","color":""},{"label":"44","value":"EU 44","price":"","pimage":"","pimage_id":"","pthumb":"","color":""},{"label":"44.5","value":"EU 44.5","price":"","pimage":"","pimage_id":"","pthumb":"","color":""},{"label":"45","value":"EU 45","price":"","pimage":"","pimage_id":"","pthumb":"","color":""}],"relations":[{"operator":false,"rules":[]}],"form_id":184311,"form_rules":{"pric_cal_option_once":false,"exclude_from_discount":false,"pric_use_as_fee":false,"fee_label":"Fee","render_after_acb":false,"disp_hide_options_price":false}}]},"yoast_head":"<!-- This site is optimized with the Yoast SEO plugin v26.5 - https:\/\/yoast.com\/wordpress\/plugins\/seo\/ -->\n<title>x ASICS Doraemon Tarther Sc Sneakers &#039;White Blue&#039;  - Tourcruiser PTE. LTD<\/title>\n<meta name=\"robots\" content=\"index, follow, max-snippet:-1, max-image-preview:large, max-video-preview:-1\" \/>\n<link rel=\"canonical\" href=\"https:\/\/tourcruiser.com\/de\/products\/x-asics-doraemon-tarther-sc-sneakers-white-blue\/\" \/>\n<meta property=\"og:locale\" content=\"de_DE\" \/>\n<meta property=\"og:type\" content=\"article\" \/>\n<meta property=\"og:title\" content=\"x ASICS Doraemon Tarther Sc Sneakers &#039;White Blue&#039;  - Tourcruiser PTE. LTD\" \/>\n<meta property=\"og:description\" content=\"ASICS Tarther Sc \u201d\u201d WHITE\/BLUE\" \/>\n<meta property=\"og:url\" content=\"https:\/\/tourcruiser.com\/de\/products\/x-asics-doraemon-tarther-sc-sneakers-white-blue\/\" \/>\n<meta property=\"og:site_name\" content=\"Tourcruiser Sneaker Store\" \/>\n<meta property=\"article:modified_time\" content=\"2026-03-27T17:51:54+00:00\" \/>\n<meta name=\"twitter:card\" content=\"summary_large_image\" \/>\n<meta name=\"twitter:image\" content=\"https:\/\/images.novelship.com\/product\/x_asics_doraemon_tarther_sc_sneakers__white_blue___0_23080.jpeg;https:\/\/images.novelship.com\/product\/x_asics_doraemon_tarther_sc_sneakers__white_blue___1_23080.jpeg;https:\/\/images.novelship.com\/product\/x_asics_doraemon_tarther_sc_sneakers__white_blue___2_23080.jpeg\" \/>\n<meta name=\"twitter:label1\" content=\"Gesch\u00e4tzte Lesezeit\" \/>\n\t<meta name=\"twitter:data1\" content=\"1\u00a0Minute\" \/>\n<script type=\"application\/ld+json\" class=\"yoast-schema-graph\">{\"@context\":\"https:\/\/schema.org\",\"@graph\":[{\"@type\":\"WebPage\",\"@id\":\"https:\/\/tourcruiser.com\/de\/products\/x-asics-doraemon-tarther-sc-sneakers-white-blue\/\",\"url\":\"https:\/\/tourcruiser.com\/de\/products\/x-asics-doraemon-tarther-sc-sneakers-white-blue\/\",\"name\":\"x ASICS Doraemon Tarther Sc Sneakers 'White Blue' - Tourcruiser PTE. LTD\",\"isPartOf\":{\"@id\":\"https:\/\/tourcruiser.com\/de\/#website\"},\"primaryImageOfPage\":{\"@id\":\"https:\/\/tourcruiser.com\/de\/products\/x-asics-doraemon-tarther-sc-sneakers-white-blue\/#primaryimage\"},\"image\":{\"@id\":\"https:\/\/tourcruiser.com\/de\/products\/x-asics-doraemon-tarther-sc-sneakers-white-blue\/#primaryimage\"},\"thumbnailUrl\":\"https:\/\/images.novelship.com\/product\/x_asics_doraemon_tarther_sc_sneakers__white_blue___0_23080.jpeg;https:\/\/images.novelship.com\/product\/x_asics_doraemon_tarther_sc_sneakers__white_blue___1_23080.jpeg;https:\/\/images.novelship.com\/product\/x_asics_doraemon_tarther_sc_sneakers__white_blue___2_23080.jpeg\",\"datePublished\":\"2026-03-02T07:58:51+00:00\",\"dateModified\":\"2026-03-27T17:51:54+00:00\",\"breadcrumb\":{\"@id\":\"https:\/\/tourcruiser.com\/de\/products\/x-asics-doraemon-tarther-sc-sneakers-white-blue\/#breadcrumb\"},\"inLanguage\":\"de\",\"potentialAction\":[{\"@type\":\"ReadAction\",\"target\":[\"https:\/\/tourcruiser.com\/de\/products\/x-asics-doraemon-tarther-sc-sneakers-white-blue\/\"]}]},{\"@type\":\"ImageObject\",\"inLanguage\":\"de\",\"@id\":\"https:\/\/tourcruiser.com\/de\/products\/x-asics-doraemon-tarther-sc-sneakers-white-blue\/#primaryimage\",\"url\":\"https:\/\/images.novelship.com\/product\/x_asics_doraemon_tarther_sc_sneakers__white_blue___0_23080.jpeg;https:\/\/images.novelship.com\/product\/x_asics_doraemon_tarther_sc_sneakers__white_blue___1_23080.jpeg;https:\/\/images.novelship.com\/product\/x_asics_doraemon_tarther_sc_sneakers__white_blue___2_23080.jpeg\",\"contentUrl\":\"https:\/\/images.novelship.com\/product\/x_asics_doraemon_tarther_sc_sneakers__white_blue___0_23080.jpeg;https:\/\/images.novelship.com\/product\/x_asics_doraemon_tarther_sc_sneakers__white_blue___1_23080.jpeg;https:\/\/images.novelship.com\/product\/x_asics_doraemon_tarther_sc_sneakers__white_blue___2_23080.jpeg\"},{\"@type\":\"BreadcrumbList\",\"@id\":\"https:\/\/tourcruiser.com\/de\/products\/x-asics-doraemon-tarther-sc-sneakers-white-blue\/#breadcrumb\",\"itemListElement\":[{\"@type\":\"ListItem\",\"position\":1,\"name\":\"Home\",\"item\":\"https:\/\/tourcruiser.com\/de\/\"},{\"@type\":\"ListItem\",\"position\":2,\"name\":\"Shop\",\"item\":\"https:\/\/tourcruiser.com\/de\/shop\/\"},{\"@type\":\"ListItem\",\"position\":3,\"name\":\"x ASICS Doraemon Tarther Sc Sneakers 'White Blue'\"}]},{\"@type\":\"WebSite\",\"@id\":\"https:\/\/tourcruiser.com\/de\/#website\",\"url\":\"https:\/\/tourcruiser.com\/de\/\",\"name\":\"Styloral Jewelry Shop\",\"description\":\"Tourcruiser Sneaker Store \u2014 der Ort, an dem das Universum deine Einzigartigkeit trifft.\",\"publisher\":{\"@id\":\"https:\/\/tourcruiser.com\/de\/#organization\"},\"potentialAction\":[{\"@type\":\"SearchAction\",\"target\":{\"@type\":\"EntryPoint\",\"urlTemplate\":\"https:\/\/tourcruiser.com\/de\/?s={search_term_string}\"},\"query-input\":{\"@type\":\"PropertyValueSpecification\",\"valueRequired\":true,\"valueName\":\"search_term_string\"}}],\"inLanguage\":\"de\"},{\"@type\":\"Organization\",\"@id\":\"https:\/\/tourcruiser.com\/de\/#organization\",\"name\":\"STYLORAL PTE. LTD\",\"url\":\"https:\/\/tourcruiser.com\/de\/\",\"logo\":{\"@type\":\"ImageObject\",\"inLanguage\":\"de\",\"@id\":\"https:\/\/tourcruiser.com\/de\/#\/schema\/logo\/image\/\",\"url\":\"https:\/\/www.tourcruiser.com\/wp-content\/uploads\/2025\/12\/logo.png\",\"contentUrl\":\"https:\/\/www.tourcruiser.com\/wp-content\/uploads\/2025\/12\/logo.png\",\"width\":200,\"height\":65,\"caption\":\"STYLORAL PTE. LTD\"},\"image\":{\"@id\":\"https:\/\/tourcruiser.com\/de\/#\/schema\/logo\/image\/\"}}]}<\/script>\n<!-- \/ Yoast SEO plugin. -->","yoast_head_json":{"title":"x ASICS Doraemon Tarther Sc Sneakers 'White Blue'  - Tourcruiser PTE. LTD","robots":{"index":"index","follow":"follow","max-snippet":"max-snippet:-1","max-image-preview":"max-image-preview:large","max-video-preview":"max-video-preview:-1"},"canonical":"https:\/\/tourcruiser.com\/de\/products\/x-asics-doraemon-tarther-sc-sneakers-white-blue\/","og_locale":"de_DE","og_type":"article","og_title":"x ASICS Doraemon Tarther Sc Sneakers 'White Blue'  - Tourcruiser PTE. LTD","og_description":"ASICS Tarther Sc \u201d\u201d WHITE\/BLUE","og_url":"https:\/\/tourcruiser.com\/de\/products\/x-asics-doraemon-tarther-sc-sneakers-white-blue\/","og_site_name":"Tourcruiser Sneaker Store","article_modified_time":"2026-03-27T17:51:54+00:00","twitter_card":"summary_large_image","twitter_image":"https:\/\/images.novelship.com\/product\/x_asics_doraemon_tarther_sc_sneakers__white_blue___0_23080.jpeg;https:\/\/images.novelship.com\/product\/x_asics_doraemon_tarther_sc_sneakers__white_blue___1_23080.jpeg;https:\/\/images.novelship.com\/product\/x_asics_doraemon_tarther_sc_sneakers__white_blue___2_23080.jpeg","twitter_misc":{"Gesch\u00e4tzte Lesezeit":"1\u00a0Minute"},"schema":{"@context":"https:\/\/schema.org","@graph":[{"@type":"WebPage","@id":"https:\/\/tourcruiser.com\/de\/products\/x-asics-doraemon-tarther-sc-sneakers-white-blue\/","url":"https:\/\/tourcruiser.com\/de\/products\/x-asics-doraemon-tarther-sc-sneakers-white-blue\/","name":"x ASICS Doraemon Tarther Sc Sneakers 'White Blue' - Tourcruiser PTE. LTD","isPartOf":{"@id":"https:\/\/tourcruiser.com\/de\/#website"},"primaryImageOfPage":{"@id":"https:\/\/tourcruiser.com\/de\/products\/x-asics-doraemon-tarther-sc-sneakers-white-blue\/#primaryimage"},"image":{"@id":"https:\/\/tourcruiser.com\/de\/products\/x-asics-doraemon-tarther-sc-sneakers-white-blue\/#primaryimage"},"thumbnailUrl":"https:\/\/images.novelship.com\/product\/x_asics_doraemon_tarther_sc_sneakers__white_blue___0_23080.jpeg;https:\/\/images.novelship.com\/product\/x_asics_doraemon_tarther_sc_sneakers__white_blue___1_23080.jpeg;https:\/\/images.novelship.com\/product\/x_asics_doraemon_tarther_sc_sneakers__white_blue___2_23080.jpeg","datePublished":"2026-03-02T07:58:51+00:00","dateModified":"2026-03-27T17:51:54+00:00","breadcrumb":{"@id":"https:\/\/tourcruiser.com\/de\/products\/x-asics-doraemon-tarther-sc-sneakers-white-blue\/#breadcrumb"},"inLanguage":"de","potentialAction":[{"@type":"ReadAction","target":["https:\/\/tourcruiser.com\/de\/products\/x-asics-doraemon-tarther-sc-sneakers-white-blue\/"]}]},{"@type":"ImageObject","inLanguage":"de","@id":"https:\/\/tourcruiser.com\/de\/products\/x-asics-doraemon-tarther-sc-sneakers-white-blue\/#primaryimage","url":"https:\/\/images.novelship.com\/product\/x_asics_doraemon_tarther_sc_sneakers__white_blue___0_23080.jpeg;https:\/\/images.novelship.com\/product\/x_asics_doraemon_tarther_sc_sneakers__white_blue___1_23080.jpeg;https:\/\/images.novelship.com\/product\/x_asics_doraemon_tarther_sc_sneakers__white_blue___2_23080.jpeg","contentUrl":"https:\/\/images.novelship.com\/product\/x_asics_doraemon_tarther_sc_sneakers__white_blue___0_23080.jpeg;https:\/\/images.novelship.com\/product\/x_asics_doraemon_tarther_sc_sneakers__white_blue___1_23080.jpeg;https:\/\/images.novelship.com\/product\/x_asics_doraemon_tarther_sc_sneakers__white_blue___2_23080.jpeg"},{"@type":"BreadcrumbList","@id":"https:\/\/tourcruiser.com\/de\/products\/x-asics-doraemon-tarther-sc-sneakers-white-blue\/#breadcrumb","itemListElement":[{"@type":"ListItem","position":1,"name":"Home","item":"https:\/\/tourcruiser.com\/de\/"},{"@type":"ListItem","position":2,"name":"Shop","item":"https:\/\/tourcruiser.com\/de\/shop\/"},{"@type":"ListItem","position":3,"name":"x ASICS Doraemon Tarther Sc Sneakers 'White Blue'"}]},{"@type":"WebSite","@id":"https:\/\/tourcruiser.com\/de\/#website","url":"https:\/\/tourcruiser.com\/de\/","name":"Styloral Jewelry Shop","description":"Tourcruiser Sneaker Store \u2014 der Ort, an dem das Universum deine Einzigartigkeit trifft.","publisher":{"@id":"https:\/\/tourcruiser.com\/de\/#organization"},"potentialAction":[{"@type":"SearchAction","target":{"@type":"EntryPoint","urlTemplate":"https:\/\/tourcruiser.com\/de\/?s={search_term_string}"},"query-input":{"@type":"PropertyValueSpecification","valueRequired":true,"valueName":"search_term_string"}}],"inLanguage":"de"},{"@type":"Organization","@id":"https:\/\/tourcruiser.com\/de\/#organization","name":"STYLORAL PTE. LTD","url":"https:\/\/tourcruiser.com\/de\/","logo":{"@type":"ImageObject","inLanguage":"de","@id":"https:\/\/tourcruiser.com\/de\/#\/schema\/logo\/image\/","url":"https:\/\/www.tourcruiser.com\/wp-content\/uploads\/2025\/12\/logo.png","contentUrl":"https:\/\/www.tourcruiser.com\/wp-content\/uploads\/2025\/12\/logo.png","width":200,"height":65,"caption":"STYLORAL PTE. LTD"},"image":{"@id":"https:\/\/tourcruiser.com\/de\/#\/schema\/logo\/image\/"}}]}},"_links":{"self":[{"href":"https:\/\/tourcruiser.com\/de\/wp-json\/wp\/v2\/product\/43696","targetHints":{"allow":["GET"]}}],"collection":[{"href":"https:\/\/tourcruiser.com\/de\/wp-json\/wp\/v2\/product"}],"about":[{"href":"https:\/\/tourcruiser.com\/de\/wp-json\/wp\/v2\/types\/product"}],"replies":[{"embeddable":true,"href":"https:\/\/tourcruiser.com\/de\/wp-json\/wp\/v2\/comments?post=43696"}],"wp:featuredmedia":[{"embeddable":true,"href":"https:\/\/tourcruiser.com\/de\/wp-json\/wp\/v2\/media\/43697"}],"wp:attachment":[{"href":"https:\/\/tourcruiser.com\/de\/wp-json\/wp\/v2\/media?parent=43696"}],"wp:term":[{"taxonomy":"product_brand","embeddable":true,"href":"https:\/\/tourcruiser.com\/de\/wp-json\/wp\/v2\/product_brand?post=43696"},{"taxonomy":"product_cat","embeddable":true,"href":"https:\/\/tourcruiser.com\/de\/wp-json\/wp\/v2\/product_cat?post=43696"},{"taxonomy":"product_tag","embeddable":true,"href":"https:\/\/tourcruiser.com\/de\/wp-json\/wp\/v2\/product_tag?post=43696"}],"curies":[{"name":"wp","href":"https:\/\/api.w.org\/{rel}","templated":true}]}}