{"id":43572,"date":"2026-03-02T14:58:41","date_gmt":"2026-03-02T07:58:41","guid":{"rendered":"http:\/\/tourcruiser.com\/product\/nike-air-max-90-camo-packsequoia-hyper-pink"},"modified":"2026-03-28T00:51:48","modified_gmt":"2026-03-27T17:51:48","slug":"nike-air-max-90-camo-packsequoia-hyper-pink","status":"publish","type":"product","link":"https:\/\/tourcruiser.com\/de\/products\/nike-air-max-90-camo-packsequoia-hyper-pink\/","title":{"rendered":"Nike Air Max 90 &#8218;Camo Pack &#8211; Sequoia Hyper Pink&#8216;"},"content":{"rendered":"<p>Der Nike Air Max 90 \u201eCamo Pack \u201d\u201c Sequoia Hyper Pink\u201c IF1721-300 vereint ikonisches Design mit modernem Flair. Das dynamische Camouflage-Muster in Erdt\u00f6nen wird durch leuchtende Akzente in Hyper Pink perfekt in Szene gesetzt und sorgt f\u00fcr einen markanten Streetwear-Look.<\/p>\n<p>Gefertigt aus hochwertigen Materialien wie atmungsaktivem Mesh, strapazierf\u00e4higen Overlays und Lederdetails, bietet dieser Sneaker Style und Performance gleicherma\u00dfen. Die legend\u00e4re Air Max-D\u00e4mpfung in der Sohle garantiert unvergleichlichen Komfort und Aufprallschutz \u201d\u201c ideal f\u00fcr den ganzen Tag.<\/p>\n<p>Die Basis in Sequoia-Gr\u00fcn harmoniert perfekt mit den hyperpinken Highlights und verleiht der klassischen Silhouette einen frischen Twist. Die Waffelsohle aus Gummi sorgt f\u00fcr hervorragende Strapazierf\u00e4higkeit und Traktion, w\u00e4hrend der gepolsterte Schaftrand und die Zunge f\u00fcr einen bequemen und st\u00fctzenden Sitz sorgen.<\/p>\n<p>Ob auf der Stra\u00dfe, beim Treffen mit Freunden oder einfach als neues Lieblingsschuh \u201d\u201c mit diesen Sneakern ziehen Sie garantiert alle Blicke auf sich. Dieser limitierte Sneaker wurde f\u00fcr Trendsetter und treue Air Max-Fans gleicherma\u00dfen entwickelt und vereint Tradition mit Innovation, um deinen Sneaker-Style auf ein neues Level zu heben.<\/p>\n<p>Erlebe die perfekte Fusion aus Camouflage-Vibes und urbanem Chic mit dem Nike Air Max 90 \u201eCamo Pack \u201d\u201c Sequoia Hyper Pink\u201c \u201d\u201c ein Must-have, das Style, Komfort und zeitlose Eleganz vereint.<\/p>\n<p>Farbgebung: Sequoia\/Schwarz\/Hyper Pink\/Phantom\/Medium Olive\/Baroque Brown<\/p>\n<p>Style-Code: IF1721-300<\/p>\n<p>Obermaterial: Wildleder<\/p>\n<p>Mittelsohle: Air<\/p>\n<p>Farbe: Gr\u00fcn<\/p>\n<p>Designer: Tinker Hatfield<\/p>\n<p>Farbe: Gr\u00fcn<\/p>\n","protected":false},"excerpt":{"rendered":"<p>Nike Air Max 90 \u201d\u201d Sequoia\/Black\/Hyper Pink\/Phantom\/Medium Olive\/Baroque Brown<\/p>\n","protected":false},"featured_media":43573,"comment_status":"open","ping_status":"closed","template":"","meta":[],"product_brand":[],"product_cat":[10803],"product_tag":[10750,10754,10765,10801,10768,10758],"class_list":{"0":"post-43572","1":"product","2":"type-product","3":"status-publish","4":"has-post-thumbnail","6":"product_cat-nike","7":"product_tag-athleisure-shoes","8":"product_tag-lifestyle-casual-shoes","9":"product_tag-lifestyle-shoes-running-inspired","10":"product_tag-nike","11":"product_tag-retro-running-shoes","12":"product_tag-under-retail","13":"wcpa_has_options","15":"first","16":"outofstock","17":"taxable","18":"shipping-taxable","19":"purchasable","20":"product-type-simple"},"wcpa_form_fields":{"rules":{"pric_overide_base_price":false,"pric_overide_base_price_if_gt_zero":false,"pric_overide_base_price_fully":false,"pric_cal_option_once":false,"pric_use_as_fee":false,"bind_quantity":false,"quantity_bind_formula":false},"fields":[{"type":"color-group","required":true,"elementId":"wcpa-color-group-66c4a75505e74","label":"Gr\u00f6\u00dfe - EU Gr\u00f6\u00dfe","inline":true,"priceOptions":"different_for_all","pricingType":"fixed","className":"hassizechart product-shoes-size-eu product-shoes-size","name":"color-group-66c4a75505e89","disp_type":"square","selection_type":"tick-border","disp_size":"44","show_label_inside":true,"adjust_width":true,"cart_display_type":"text","other_text":"Other","cl_rule":"show","col":6,"values":[{"label":"35.5","value":"EU 35.5","price":"","pimage":"","pimage_id":"","pthumb":"","color":""},{"label":"36","value":"EU 36","price":"","pimage":"","pimage_id":"","pthumb":"","color":"","selected":true},{"label":"36.5","value":"EU 36.5","price":"","pimage":"","pimage_id":"","pthumb":"","color":""},{"label":"37.5","value":"EU 37.5","price":"","pimage":"","pimage_id":"","pthumb":"","color":""},{"label":"38","value":"EU 38","price":"","pimage":"","pimage_id":"","pthumb":"","color":""},{"label":"38.5","value":"EU 38.5","price":"","pimage":"","pimage_id":"","pthumb":"","color":""},{"label":"39","value":"EU 39","price":"","pimage":"","pimage_id":"","pthumb":"","color":""},{"label":"40","value":"EU 40","price":"","pimage":"","pimage_id":"","pthumb":"","color":""},{"label":"40.5","value":"EU 40.5","price":"","pimage":"","pimage_id":"","pthumb":"","color":""},{"label":"41","value":"EU 41","price":"","pimage":"","pimage_id":"","pthumb":"","color":""},{"label":"42","value":"EU 42","price":"","pimage":"","pimage_id":"","pthumb":"","color":""},{"label":"42.5","value":"EU 42.5","price":"","pimage":"","pimage_id":"","pthumb":"","color":""},{"label":"43","value":"EU 43","price":"","pimage":"","pimage_id":"","pthumb":"","color":""},{"label":"44","value":"EU 44","price":"","pimage":"","pimage_id":"","pthumb":"","color":""},{"label":"44.5","value":"EU 44.5","price":"","pimage":"","pimage_id":"","pthumb":"","color":""},{"label":"45","value":"EU 45","price":"","pimage":"","pimage_id":"","pthumb":"","color":""},{"label":"45.5","value":"EU 45.5","price":"","pimage":"","pimage_id":"","pthumb":"","color":""},{"label":"46","value":"EU 46","price":"","pimage":"","pimage_id":"","pthumb":"","color":""},{"label":"47","value":"EU 47","price":"","pimage":"","pimage_id":"","pthumb":"","color":""},{"label":"47.5","value":"EU 47.5","price":"","pimage":"","pimage_id":"","pthumb":"","color":""},{"label":"48","value":"EU 48","price":"","pimage":"","pimage_id":"","pthumb":"","color":""}],"relations":[{"operator":false,"rules":[]}],"form_id":18106,"form_rules":{"pric_cal_option_once":false,"exclude_from_discount":false,"pric_use_as_fee":false,"fee_label":"Fee","render_after_acb":false,"disp_hide_options_price":false}}]},"yoast_head":"<!-- This site is optimized with the Yoast SEO plugin v26.5 - https:\/\/yoast.com\/wordpress\/plugins\/seo\/ -->\n<title>Nike Air Max 90 &#039;Camo Pack - Sequoia Hyper Pink&#039;  - Tourcruiser PTE. LTD<\/title>\n<meta name=\"robots\" content=\"index, follow, max-snippet:-1, max-image-preview:large, max-video-preview:-1\" \/>\n<link rel=\"canonical\" href=\"https:\/\/tourcruiser.com\/de\/products\/nike-air-max-90-camo-packsequoia-hyper-pink\/\" \/>\n<meta property=\"og:locale\" content=\"de_DE\" \/>\n<meta property=\"og:type\" content=\"article\" \/>\n<meta property=\"og:title\" content=\"Nike Air Max 90 &#039;Camo Pack - Sequoia Hyper Pink&#039;  - Tourcruiser PTE. LTD\" \/>\n<meta property=\"og:description\" content=\"Nike Air Max 90 \u201d\u201d Sequoia\/Black\/Hyper Pink\/Phantom\/Medium Olive\/Baroque Brown\" \/>\n<meta property=\"og:url\" content=\"https:\/\/tourcruiser.com\/de\/products\/nike-air-max-90-camo-packsequoia-hyper-pink\/\" \/>\n<meta property=\"og:site_name\" content=\"Tourcruiser Sneaker Store\" \/>\n<meta property=\"article:modified_time\" content=\"2026-03-27T17:51:48+00:00\" \/>\n<meta name=\"twitter:card\" content=\"summary_large_image\" \/>\n<meta name=\"twitter:image\" content=\"https:\/\/images.novelship.com\/product\/nike_air_max_90__camo_pack_-_sequoia_hyper_pink__i_0_30110.jpeg;https:\/\/images.novelship.com\/product\/nike_air_max_90__camo_pack_-_sequoia_hyper_pink__i_1_30110.jpeg;https:\/\/images.novelship.com\/product\/nike_air_max_90__camo_pack_-_sequoia_hyper_pink__i_2_30110.jpeg;https:\/\/images.novelship.com\/product\/nike_air_max_90__camo_pack_-_sequoia_hyper_pink__i_3_30110.jpeg;https:\/\/images.novelship.com\/product\/nike_air_max_90__camo_pack_-_sequoia_hyper_pink__i_4_30110.jpeg;https:\/\/images.novelship.com\/product\/nike_air_max_90__camo_pack_-_sequoia_hyper_pink__i_5_30110.jpeg;https:\/\/images.novelship.com\/product\/nike_air_max_90__camo_pack_-_sequoia_hyper_pink__i_6_30110.jpeg;https:\/\/images.novelship.com\/product\/nike_air_max_90__camo_pack_-_sequoia_hyper_pink__i_7_30110.jpeg\" \/>\n<meta name=\"twitter:label1\" content=\"Gesch\u00e4tzte Lesezeit\" \/>\n\t<meta name=\"twitter:data1\" content=\"1\u00a0Minute\" \/>\n<script type=\"application\/ld+json\" class=\"yoast-schema-graph\">{\"@context\":\"https:\/\/schema.org\",\"@graph\":[{\"@type\":\"WebPage\",\"@id\":\"https:\/\/tourcruiser.com\/de\/products\/nike-air-max-90-camo-packsequoia-hyper-pink\/\",\"url\":\"https:\/\/tourcruiser.com\/de\/products\/nike-air-max-90-camo-packsequoia-hyper-pink\/\",\"name\":\"Nike Air Max 90 'Camo Pack - Sequoia Hyper Pink' - Tourcruiser PTE. LTD\",\"isPartOf\":{\"@id\":\"https:\/\/tourcruiser.com\/de\/#website\"},\"primaryImageOfPage\":{\"@id\":\"https:\/\/tourcruiser.com\/de\/products\/nike-air-max-90-camo-packsequoia-hyper-pink\/#primaryimage\"},\"image\":{\"@id\":\"https:\/\/tourcruiser.com\/de\/products\/nike-air-max-90-camo-packsequoia-hyper-pink\/#primaryimage\"},\"thumbnailUrl\":\"https:\/\/images.novelship.com\/product\/nike_air_max_90__camo_pack_-_sequoia_hyper_pink__i_0_30110.jpeg;https:\/\/images.novelship.com\/product\/nike_air_max_90__camo_pack_-_sequoia_hyper_pink__i_1_30110.jpeg;https:\/\/images.novelship.com\/product\/nike_air_max_90__camo_pack_-_sequoia_hyper_pink__i_2_30110.jpeg;https:\/\/images.novelship.com\/product\/nike_air_max_90__camo_pack_-_sequoia_hyper_pink__i_3_30110.jpeg;https:\/\/images.novelship.com\/product\/nike_air_max_90__camo_pack_-_sequoia_hyper_pink__i_4_30110.jpeg;https:\/\/images.novelship.com\/product\/nike_air_max_90__camo_pack_-_sequoia_hyper_pink__i_5_30110.jpeg;https:\/\/images.novelship.com\/product\/nike_air_max_90__camo_pack_-_sequoia_hyper_pink__i_6_30110.jpeg;https:\/\/images.novelship.com\/product\/nike_air_max_90__camo_pack_-_sequoia_hyper_pink__i_7_30110.jpeg\",\"datePublished\":\"2026-03-02T07:58:41+00:00\",\"dateModified\":\"2026-03-27T17:51:48+00:00\",\"breadcrumb\":{\"@id\":\"https:\/\/tourcruiser.com\/de\/products\/nike-air-max-90-camo-packsequoia-hyper-pink\/#breadcrumb\"},\"inLanguage\":\"de\",\"potentialAction\":[{\"@type\":\"ReadAction\",\"target\":[\"https:\/\/tourcruiser.com\/de\/products\/nike-air-max-90-camo-packsequoia-hyper-pink\/\"]}]},{\"@type\":\"ImageObject\",\"inLanguage\":\"de\",\"@id\":\"https:\/\/tourcruiser.com\/de\/products\/nike-air-max-90-camo-packsequoia-hyper-pink\/#primaryimage\",\"url\":\"https:\/\/images.novelship.com\/product\/nike_air_max_90__camo_pack_-_sequoia_hyper_pink__i_0_30110.jpeg;https:\/\/images.novelship.com\/product\/nike_air_max_90__camo_pack_-_sequoia_hyper_pink__i_1_30110.jpeg;https:\/\/images.novelship.com\/product\/nike_air_max_90__camo_pack_-_sequoia_hyper_pink__i_2_30110.jpeg;https:\/\/images.novelship.com\/product\/nike_air_max_90__camo_pack_-_sequoia_hyper_pink__i_3_30110.jpeg;https:\/\/images.novelship.com\/product\/nike_air_max_90__camo_pack_-_sequoia_hyper_pink__i_4_30110.jpeg;https:\/\/images.novelship.com\/product\/nike_air_max_90__camo_pack_-_sequoia_hyper_pink__i_5_30110.jpeg;https:\/\/images.novelship.com\/product\/nike_air_max_90__camo_pack_-_sequoia_hyper_pink__i_6_30110.jpeg;https:\/\/images.novelship.com\/product\/nike_air_max_90__camo_pack_-_sequoia_hyper_pink__i_7_30110.jpeg\",\"contentUrl\":\"https:\/\/images.novelship.com\/product\/nike_air_max_90__camo_pack_-_sequoia_hyper_pink__i_0_30110.jpeg;https:\/\/images.novelship.com\/product\/nike_air_max_90__camo_pack_-_sequoia_hyper_pink__i_1_30110.jpeg;https:\/\/images.novelship.com\/product\/nike_air_max_90__camo_pack_-_sequoia_hyper_pink__i_2_30110.jpeg;https:\/\/images.novelship.com\/product\/nike_air_max_90__camo_pack_-_sequoia_hyper_pink__i_3_30110.jpeg;https:\/\/images.novelship.com\/product\/nike_air_max_90__camo_pack_-_sequoia_hyper_pink__i_4_30110.jpeg;https:\/\/images.novelship.com\/product\/nike_air_max_90__camo_pack_-_sequoia_hyper_pink__i_5_30110.jpeg;https:\/\/images.novelship.com\/product\/nike_air_max_90__camo_pack_-_sequoia_hyper_pink__i_6_30110.jpeg;https:\/\/images.novelship.com\/product\/nike_air_max_90__camo_pack_-_sequoia_hyper_pink__i_7_30110.jpeg\"},{\"@type\":\"BreadcrumbList\",\"@id\":\"https:\/\/tourcruiser.com\/de\/products\/nike-air-max-90-camo-packsequoia-hyper-pink\/#breadcrumb\",\"itemListElement\":[{\"@type\":\"ListItem\",\"position\":1,\"name\":\"Home\",\"item\":\"https:\/\/tourcruiser.com\/de\/\"},{\"@type\":\"ListItem\",\"position\":2,\"name\":\"Shop\",\"item\":\"https:\/\/tourcruiser.com\/de\/shop\/\"},{\"@type\":\"ListItem\",\"position\":3,\"name\":\"Nike Air Max 90 'Camo Pack - Sequoia Hyper Pink'\"}]},{\"@type\":\"WebSite\",\"@id\":\"https:\/\/tourcruiser.com\/de\/#website\",\"url\":\"https:\/\/tourcruiser.com\/de\/\",\"name\":\"Styloral Jewelry Shop\",\"description\":\"Tourcruiser Sneaker Store \u2014 der Ort, an dem das Universum deine Einzigartigkeit trifft.\",\"publisher\":{\"@id\":\"https:\/\/tourcruiser.com\/de\/#organization\"},\"potentialAction\":[{\"@type\":\"SearchAction\",\"target\":{\"@type\":\"EntryPoint\",\"urlTemplate\":\"https:\/\/tourcruiser.com\/de\/?s={search_term_string}\"},\"query-input\":{\"@type\":\"PropertyValueSpecification\",\"valueRequired\":true,\"valueName\":\"search_term_string\"}}],\"inLanguage\":\"de\"},{\"@type\":\"Organization\",\"@id\":\"https:\/\/tourcruiser.com\/de\/#organization\",\"name\":\"STYLORAL PTE. LTD\",\"url\":\"https:\/\/tourcruiser.com\/de\/\",\"logo\":{\"@type\":\"ImageObject\",\"inLanguage\":\"de\",\"@id\":\"https:\/\/tourcruiser.com\/de\/#\/schema\/logo\/image\/\",\"url\":\"https:\/\/www.tourcruiser.com\/wp-content\/uploads\/2025\/12\/logo.png\",\"contentUrl\":\"https:\/\/www.tourcruiser.com\/wp-content\/uploads\/2025\/12\/logo.png\",\"width\":200,\"height\":65,\"caption\":\"STYLORAL PTE. LTD\"},\"image\":{\"@id\":\"https:\/\/tourcruiser.com\/de\/#\/schema\/logo\/image\/\"}}]}<\/script>\n<!-- \/ Yoast SEO plugin. -->","yoast_head_json":{"title":"Nike Air Max 90 'Camo Pack - Sequoia Hyper Pink'  - Tourcruiser PTE. LTD","robots":{"index":"index","follow":"follow","max-snippet":"max-snippet:-1","max-image-preview":"max-image-preview:large","max-video-preview":"max-video-preview:-1"},"canonical":"https:\/\/tourcruiser.com\/de\/products\/nike-air-max-90-camo-packsequoia-hyper-pink\/","og_locale":"de_DE","og_type":"article","og_title":"Nike Air Max 90 'Camo Pack - Sequoia Hyper Pink'  - Tourcruiser PTE. LTD","og_description":"Nike Air Max 90 \u201d\u201d Sequoia\/Black\/Hyper Pink\/Phantom\/Medium Olive\/Baroque Brown","og_url":"https:\/\/tourcruiser.com\/de\/products\/nike-air-max-90-camo-packsequoia-hyper-pink\/","og_site_name":"Tourcruiser Sneaker Store","article_modified_time":"2026-03-27T17:51:48+00:00","twitter_card":"summary_large_image","twitter_image":"https:\/\/images.novelship.com\/product\/nike_air_max_90__camo_pack_-_sequoia_hyper_pink__i_0_30110.jpeg;https:\/\/images.novelship.com\/product\/nike_air_max_90__camo_pack_-_sequoia_hyper_pink__i_1_30110.jpeg;https:\/\/images.novelship.com\/product\/nike_air_max_90__camo_pack_-_sequoia_hyper_pink__i_2_30110.jpeg;https:\/\/images.novelship.com\/product\/nike_air_max_90__camo_pack_-_sequoia_hyper_pink__i_3_30110.jpeg;https:\/\/images.novelship.com\/product\/nike_air_max_90__camo_pack_-_sequoia_hyper_pink__i_4_30110.jpeg;https:\/\/images.novelship.com\/product\/nike_air_max_90__camo_pack_-_sequoia_hyper_pink__i_5_30110.jpeg;https:\/\/images.novelship.com\/product\/nike_air_max_90__camo_pack_-_sequoia_hyper_pink__i_6_30110.jpeg;https:\/\/images.novelship.com\/product\/nike_air_max_90__camo_pack_-_sequoia_hyper_pink__i_7_30110.jpeg","twitter_misc":{"Gesch\u00e4tzte Lesezeit":"1\u00a0Minute"},"schema":{"@context":"https:\/\/schema.org","@graph":[{"@type":"WebPage","@id":"https:\/\/tourcruiser.com\/de\/products\/nike-air-max-90-camo-packsequoia-hyper-pink\/","url":"https:\/\/tourcruiser.com\/de\/products\/nike-air-max-90-camo-packsequoia-hyper-pink\/","name":"Nike Air Max 90 'Camo Pack - Sequoia Hyper Pink' - Tourcruiser PTE. LTD","isPartOf":{"@id":"https:\/\/tourcruiser.com\/de\/#website"},"primaryImageOfPage":{"@id":"https:\/\/tourcruiser.com\/de\/products\/nike-air-max-90-camo-packsequoia-hyper-pink\/#primaryimage"},"image":{"@id":"https:\/\/tourcruiser.com\/de\/products\/nike-air-max-90-camo-packsequoia-hyper-pink\/#primaryimage"},"thumbnailUrl":"https:\/\/images.novelship.com\/product\/nike_air_max_90__camo_pack_-_sequoia_hyper_pink__i_0_30110.jpeg;https:\/\/images.novelship.com\/product\/nike_air_max_90__camo_pack_-_sequoia_hyper_pink__i_1_30110.jpeg;https:\/\/images.novelship.com\/product\/nike_air_max_90__camo_pack_-_sequoia_hyper_pink__i_2_30110.jpeg;https:\/\/images.novelship.com\/product\/nike_air_max_90__camo_pack_-_sequoia_hyper_pink__i_3_30110.jpeg;https:\/\/images.novelship.com\/product\/nike_air_max_90__camo_pack_-_sequoia_hyper_pink__i_4_30110.jpeg;https:\/\/images.novelship.com\/product\/nike_air_max_90__camo_pack_-_sequoia_hyper_pink__i_5_30110.jpeg;https:\/\/images.novelship.com\/product\/nike_air_max_90__camo_pack_-_sequoia_hyper_pink__i_6_30110.jpeg;https:\/\/images.novelship.com\/product\/nike_air_max_90__camo_pack_-_sequoia_hyper_pink__i_7_30110.jpeg","datePublished":"2026-03-02T07:58:41+00:00","dateModified":"2026-03-27T17:51:48+00:00","breadcrumb":{"@id":"https:\/\/tourcruiser.com\/de\/products\/nike-air-max-90-camo-packsequoia-hyper-pink\/#breadcrumb"},"inLanguage":"de","potentialAction":[{"@type":"ReadAction","target":["https:\/\/tourcruiser.com\/de\/products\/nike-air-max-90-camo-packsequoia-hyper-pink\/"]}]},{"@type":"ImageObject","inLanguage":"de","@id":"https:\/\/tourcruiser.com\/de\/products\/nike-air-max-90-camo-packsequoia-hyper-pink\/#primaryimage","url":"https:\/\/images.novelship.com\/product\/nike_air_max_90__camo_pack_-_sequoia_hyper_pink__i_0_30110.jpeg;https:\/\/images.novelship.com\/product\/nike_air_max_90__camo_pack_-_sequoia_hyper_pink__i_1_30110.jpeg;https:\/\/images.novelship.com\/product\/nike_air_max_90__camo_pack_-_sequoia_hyper_pink__i_2_30110.jpeg;https:\/\/images.novelship.com\/product\/nike_air_max_90__camo_pack_-_sequoia_hyper_pink__i_3_30110.jpeg;https:\/\/images.novelship.com\/product\/nike_air_max_90__camo_pack_-_sequoia_hyper_pink__i_4_30110.jpeg;https:\/\/images.novelship.com\/product\/nike_air_max_90__camo_pack_-_sequoia_hyper_pink__i_5_30110.jpeg;https:\/\/images.novelship.com\/product\/nike_air_max_90__camo_pack_-_sequoia_hyper_pink__i_6_30110.jpeg;https:\/\/images.novelship.com\/product\/nike_air_max_90__camo_pack_-_sequoia_hyper_pink__i_7_30110.jpeg","contentUrl":"https:\/\/images.novelship.com\/product\/nike_air_max_90__camo_pack_-_sequoia_hyper_pink__i_0_30110.jpeg;https:\/\/images.novelship.com\/product\/nike_air_max_90__camo_pack_-_sequoia_hyper_pink__i_1_30110.jpeg;https:\/\/images.novelship.com\/product\/nike_air_max_90__camo_pack_-_sequoia_hyper_pink__i_2_30110.jpeg;https:\/\/images.novelship.com\/product\/nike_air_max_90__camo_pack_-_sequoia_hyper_pink__i_3_30110.jpeg;https:\/\/images.novelship.com\/product\/nike_air_max_90__camo_pack_-_sequoia_hyper_pink__i_4_30110.jpeg;https:\/\/images.novelship.com\/product\/nike_air_max_90__camo_pack_-_sequoia_hyper_pink__i_5_30110.jpeg;https:\/\/images.novelship.com\/product\/nike_air_max_90__camo_pack_-_sequoia_hyper_pink__i_6_30110.jpeg;https:\/\/images.novelship.com\/product\/nike_air_max_90__camo_pack_-_sequoia_hyper_pink__i_7_30110.jpeg"},{"@type":"BreadcrumbList","@id":"https:\/\/tourcruiser.com\/de\/products\/nike-air-max-90-camo-packsequoia-hyper-pink\/#breadcrumb","itemListElement":[{"@type":"ListItem","position":1,"name":"Home","item":"https:\/\/tourcruiser.com\/de\/"},{"@type":"ListItem","position":2,"name":"Shop","item":"https:\/\/tourcruiser.com\/de\/shop\/"},{"@type":"ListItem","position":3,"name":"Nike Air Max 90 'Camo Pack - Sequoia Hyper Pink'"}]},{"@type":"WebSite","@id":"https:\/\/tourcruiser.com\/de\/#website","url":"https:\/\/tourcruiser.com\/de\/","name":"Styloral Jewelry Shop","description":"Tourcruiser Sneaker Store \u2014 der Ort, an dem das Universum deine Einzigartigkeit trifft.","publisher":{"@id":"https:\/\/tourcruiser.com\/de\/#organization"},"potentialAction":[{"@type":"SearchAction","target":{"@type":"EntryPoint","urlTemplate":"https:\/\/tourcruiser.com\/de\/?s={search_term_string}"},"query-input":{"@type":"PropertyValueSpecification","valueRequired":true,"valueName":"search_term_string"}}],"inLanguage":"de"},{"@type":"Organization","@id":"https:\/\/tourcruiser.com\/de\/#organization","name":"STYLORAL PTE. LTD","url":"https:\/\/tourcruiser.com\/de\/","logo":{"@type":"ImageObject","inLanguage":"de","@id":"https:\/\/tourcruiser.com\/de\/#\/schema\/logo\/image\/","url":"https:\/\/www.tourcruiser.com\/wp-content\/uploads\/2025\/12\/logo.png","contentUrl":"https:\/\/www.tourcruiser.com\/wp-content\/uploads\/2025\/12\/logo.png","width":200,"height":65,"caption":"STYLORAL PTE. LTD"},"image":{"@id":"https:\/\/tourcruiser.com\/de\/#\/schema\/logo\/image\/"}}]}},"_links":{"self":[{"href":"https:\/\/tourcruiser.com\/de\/wp-json\/wp\/v2\/product\/43572","targetHints":{"allow":["GET"]}}],"collection":[{"href":"https:\/\/tourcruiser.com\/de\/wp-json\/wp\/v2\/product"}],"about":[{"href":"https:\/\/tourcruiser.com\/de\/wp-json\/wp\/v2\/types\/product"}],"replies":[{"embeddable":true,"href":"https:\/\/tourcruiser.com\/de\/wp-json\/wp\/v2\/comments?post=43572"}],"wp:featuredmedia":[{"embeddable":true,"href":"https:\/\/tourcruiser.com\/de\/wp-json\/wp\/v2\/media\/43573"}],"wp:attachment":[{"href":"https:\/\/tourcruiser.com\/de\/wp-json\/wp\/v2\/media?parent=43572"}],"wp:term":[{"taxonomy":"product_brand","embeddable":true,"href":"https:\/\/tourcruiser.com\/de\/wp-json\/wp\/v2\/product_brand?post=43572"},{"taxonomy":"product_cat","embeddable":true,"href":"https:\/\/tourcruiser.com\/de\/wp-json\/wp\/v2\/product_cat?post=43572"},{"taxonomy":"product_tag","embeddable":true,"href":"https:\/\/tourcruiser.com\/de\/wp-json\/wp\/v2\/product_tag?post=43572"}],"curies":[{"name":"wp","href":"https:\/\/api.w.org\/{rel}","templated":true}]}}