{"id":43512,"date":"2026-03-02T14:58:36","date_gmt":"2026-03-02T07:58:36","guid":{"rendered":"http:\/\/tourcruiser.com\/product\/nike-book-1-ep-sunrise-pink-foam-playful"},"modified":"2026-03-28T00:51:45","modified_gmt":"2026-03-27T17:51:45","slug":"nike-book-1-ep-sunrise-pink-foam-playful","status":"publish","type":"product","link":"https:\/\/tourcruiser.com\/de\/products\/nike-book-1-ep-sunrise-pink-foam-playful\/","title":{"rendered":"Nike Book 1 EP \u201d\u02dcSunrise\u201d\u2122 &#8218;Pink Foam Playful&#8216;"},"content":{"rendered":"<p>Tauche ein in eine Welt voller lebendigem Style und Komfort mit dem Nike Book 1 EP \u201eSunrise\u201c in \u201ePink Foam Playful\u201c. Dieser Sneaker vereint m\u00fchelos k\u00fchnes Design mit alltagstauglicher Funktionalit\u00e4t. Inspiriert von den sanften Farben eines Sonnenaufgangs, verleiht er deinem Outfit einen frischen Farbtupfer und besticht gleichzeitig durch seine moderne, schlanke Silhouette. Das Obermaterial kombiniert hochwertige Materialien f\u00fcr Strapazierf\u00e4higkeit und einen dynamischen Look, w\u00e4hrend die reaktionsfreudige D\u00e4mpfung ganzt\u00e4gigen Tragekomfort garantiert. So ist der Schuh perfekt f\u00fcr Freizeitaktivit\u00e4ten und leichte Unternehmungen geeignet. Die mit viel Liebe zum Detail entwickelte, robuste Au\u00dfensohle bietet zuverl\u00e4ssige Traktion f\u00fcr jedes urbane Abenteuer. Egal, ob du deinen Streetwear-Style aufpeppen oder ein einzigartiges Statement-Piece suchst, der Nike Book 1 EP \u201eSunrise\u201c bietet eine unvergleichliche Mischung aus Fashion und Performance.<\/p>\n<ul>\n<li><strong>Farbgebung:<\/strong> Beyond Pink\/Pink Foam-Vivid Grape-Celestial Gold<\/li>\n<li><strong>Style-Code:<\/strong> HJ5355-600<\/li>\n<li><strong>Obermaterial:<\/strong> Canvas<\/li>\n<li><strong>Mittelsohle:<\/strong> Zoom Air<\/li>\n<li><strong>Farbe:<\/strong> Pink<\/li>\n<li><strong>Designer:<\/strong> Benjamin Nethongkome<\/li>\n<\/ul>\n","protected":false},"excerpt":{"rendered":"<p>Nike None \u201d\u201d Beyond Pink\/Pink Foam-Vivid Grape-Celestial Gold<\/p>\n","protected":false},"featured_media":43513,"comment_status":"open","ping_status":"closed","template":"","meta":[],"product_brand":[],"product_cat":[10803],"product_tag":[10800,10801,10802,10758],"class_list":{"0":"post-43512","1":"product","2":"type-product","3":"status-publish","4":"has-post-thumbnail","6":"product_cat-nike","7":"product_tag-basketball-shoes","8":"product_tag-nike","9":"product_tag-performance-sport-shoes","10":"product_tag-under-retail","11":"wcpa_has_options","13":"first","14":"outofstock","15":"taxable","16":"shipping-taxable","17":"purchasable","18":"product-type-simple"},"wcpa_form_fields":{"rules":{"pric_overide_base_price":false,"pric_overide_base_price_if_gt_zero":false,"pric_overide_base_price_fully":false,"pric_cal_option_once":false,"pric_use_as_fee":false,"bind_quantity":false,"quantity_bind_formula":false},"fields":[{"type":"color-group","required":true,"elementId":"wcpa-color-group-66c4a75505e74","label":"Gr\u00f6\u00dfe - EU Gr\u00f6\u00dfe","inline":true,"priceOptions":"different_for_all","pricingType":"fixed","className":"hassizechart product-shoes-size-eu product-shoes-size","name":"color-group-66c4a75505e89","disp_type":"square","selection_type":"tick-border","disp_size":"44","show_label_inside":true,"adjust_width":true,"cart_display_type":"text","other_text":"Other","cl_rule":"show","col":6,"values":[{"label":"35.5","value":"EU 35.5","price":"","pimage":"","pimage_id":"","pthumb":"","color":""},{"label":"36","value":"EU 36","price":"","pimage":"","pimage_id":"","pthumb":"","color":"","selected":true},{"label":"36.5","value":"EU 36.5","price":"","pimage":"","pimage_id":"","pthumb":"","color":""},{"label":"37.5","value":"EU 37.5","price":"","pimage":"","pimage_id":"","pthumb":"","color":""},{"label":"38","value":"EU 38","price":"","pimage":"","pimage_id":"","pthumb":"","color":""},{"label":"38.5","value":"EU 38.5","price":"","pimage":"","pimage_id":"","pthumb":"","color":""},{"label":"39","value":"EU 39","price":"","pimage":"","pimage_id":"","pthumb":"","color":""},{"label":"40","value":"EU 40","price":"","pimage":"","pimage_id":"","pthumb":"","color":""},{"label":"40.5","value":"EU 40.5","price":"","pimage":"","pimage_id":"","pthumb":"","color":""},{"label":"41","value":"EU 41","price":"","pimage":"","pimage_id":"","pthumb":"","color":""},{"label":"42","value":"EU 42","price":"","pimage":"","pimage_id":"","pthumb":"","color":""},{"label":"42.5","value":"EU 42.5","price":"","pimage":"","pimage_id":"","pthumb":"","color":""},{"label":"43","value":"EU 43","price":"","pimage":"","pimage_id":"","pthumb":"","color":""},{"label":"44","value":"EU 44","price":"","pimage":"","pimage_id":"","pthumb":"","color":""},{"label":"44.5","value":"EU 44.5","price":"","pimage":"","pimage_id":"","pthumb":"","color":""},{"label":"45","value":"EU 45","price":"","pimage":"","pimage_id":"","pthumb":"","color":""},{"label":"45.5","value":"EU 45.5","price":"","pimage":"","pimage_id":"","pthumb":"","color":""},{"label":"46","value":"EU 46","price":"","pimage":"","pimage_id":"","pthumb":"","color":""},{"label":"47","value":"EU 47","price":"","pimage":"","pimage_id":"","pthumb":"","color":""},{"label":"47.5","value":"EU 47.5","price":"","pimage":"","pimage_id":"","pthumb":"","color":""},{"label":"48","value":"EU 48","price":"","pimage":"","pimage_id":"","pthumb":"","color":""}],"relations":[{"operator":false,"rules":[]}],"form_id":18106,"form_rules":{"pric_cal_option_once":false,"exclude_from_discount":false,"pric_use_as_fee":false,"fee_label":"Fee","render_after_acb":false,"disp_hide_options_price":false}}]},"yoast_head":"<!-- This site is optimized with the Yoast SEO plugin v26.5 - https:\/\/yoast.com\/wordpress\/plugins\/seo\/ -->\n<title>Nike Book 1 EP \u201d\u02dcSunrise\u201d\u2122 &#039;Pink Foam Playful&#039;  - Tourcruiser PTE. LTD<\/title>\n<meta name=\"robots\" content=\"index, follow, max-snippet:-1, max-image-preview:large, max-video-preview:-1\" \/>\n<link rel=\"canonical\" href=\"https:\/\/tourcruiser.com\/de\/products\/nike-book-1-ep-sunrise-pink-foam-playful\/\" \/>\n<meta property=\"og:locale\" content=\"de_DE\" \/>\n<meta property=\"og:type\" content=\"article\" \/>\n<meta property=\"og:title\" content=\"Nike Book 1 EP \u201d\u02dcSunrise\u201d\u2122 &#039;Pink Foam Playful&#039;  - Tourcruiser PTE. LTD\" \/>\n<meta property=\"og:description\" content=\"Nike None \u201d\u201d Beyond Pink\/Pink Foam-Vivid Grape-Celestial Gold\" \/>\n<meta property=\"og:url\" content=\"https:\/\/tourcruiser.com\/de\/products\/nike-book-1-ep-sunrise-pink-foam-playful\/\" \/>\n<meta property=\"og:site_name\" content=\"Tourcruiser Sneaker Store\" \/>\n<meta property=\"article:modified_time\" content=\"2026-03-27T17:51:45+00:00\" \/>\n<meta name=\"twitter:card\" content=\"summary_large_image\" \/>\n<meta name=\"twitter:image\" content=\"https:\/\/images.novelship.com\/product\/nike_book_1_ep__sunrise___pink_foam_playful__hj535_0_55257.jpeg;https:\/\/images.novelship.com\/product\/nike_book_1_ep__sunrise___pink_foam_playful__hj535_1_55257.jpeg;https:\/\/images.novelship.com\/product\/nike_book_1_ep__sunrise___pink_foam_playful__hj535_2_55257.jpeg;https:\/\/images.novelship.com\/product\/nike_book_1_ep__sunrise___pink_foam_playful__hj535_3_55258.jpeg;https:\/\/images.novelship.com\/product\/nike_book_1_ep__sunrise___pink_foam_playful__hj535_4_55258.jpeg;https:\/\/images.novelship.com\/product\/nike_book_1_ep__sunrise___pink_foam_playful__hj535_5_55258.jpeg;https:\/\/images.novelship.com\/product\/nike_book_1_ep__sunrise___pink_foam_playful__hj535_6_55258.jpeg;https:\/\/images.novelship.com\/product\/nike_book_1_ep__sunrise___pink_foam_playful__hj535_7_55258.jpeg\" \/>\n<meta name=\"twitter:label1\" content=\"Gesch\u00e4tzte Lesezeit\" \/>\n\t<meta name=\"twitter:data1\" content=\"1\u00a0Minute\" \/>\n<script type=\"application\/ld+json\" class=\"yoast-schema-graph\">{\"@context\":\"https:\/\/schema.org\",\"@graph\":[{\"@type\":\"WebPage\",\"@id\":\"https:\/\/tourcruiser.com\/de\/products\/nike-book-1-ep-sunrise-pink-foam-playful\/\",\"url\":\"https:\/\/tourcruiser.com\/de\/products\/nike-book-1-ep-sunrise-pink-foam-playful\/\",\"name\":\"Nike Book 1 EP \u201d\u02dcSunrise\u201d\u2122 'Pink Foam Playful' - Tourcruiser PTE. LTD\",\"isPartOf\":{\"@id\":\"https:\/\/tourcruiser.com\/de\/#website\"},\"primaryImageOfPage\":{\"@id\":\"https:\/\/tourcruiser.com\/de\/products\/nike-book-1-ep-sunrise-pink-foam-playful\/#primaryimage\"},\"image\":{\"@id\":\"https:\/\/tourcruiser.com\/de\/products\/nike-book-1-ep-sunrise-pink-foam-playful\/#primaryimage\"},\"thumbnailUrl\":\"https:\/\/images.novelship.com\/product\/nike_book_1_ep__sunrise___pink_foam_playful__hj535_0_55257.jpeg;https:\/\/images.novelship.com\/product\/nike_book_1_ep__sunrise___pink_foam_playful__hj535_1_55257.jpeg;https:\/\/images.novelship.com\/product\/nike_book_1_ep__sunrise___pink_foam_playful__hj535_2_55257.jpeg;https:\/\/images.novelship.com\/product\/nike_book_1_ep__sunrise___pink_foam_playful__hj535_3_55258.jpeg;https:\/\/images.novelship.com\/product\/nike_book_1_ep__sunrise___pink_foam_playful__hj535_4_55258.jpeg;https:\/\/images.novelship.com\/product\/nike_book_1_ep__sunrise___pink_foam_playful__hj535_5_55258.jpeg;https:\/\/images.novelship.com\/product\/nike_book_1_ep__sunrise___pink_foam_playful__hj535_6_55258.jpeg;https:\/\/images.novelship.com\/product\/nike_book_1_ep__sunrise___pink_foam_playful__hj535_7_55258.jpeg\",\"datePublished\":\"2026-03-02T07:58:36+00:00\",\"dateModified\":\"2026-03-27T17:51:45+00:00\",\"breadcrumb\":{\"@id\":\"https:\/\/tourcruiser.com\/de\/products\/nike-book-1-ep-sunrise-pink-foam-playful\/#breadcrumb\"},\"inLanguage\":\"de\",\"potentialAction\":[{\"@type\":\"ReadAction\",\"target\":[\"https:\/\/tourcruiser.com\/de\/products\/nike-book-1-ep-sunrise-pink-foam-playful\/\"]}]},{\"@type\":\"ImageObject\",\"inLanguage\":\"de\",\"@id\":\"https:\/\/tourcruiser.com\/de\/products\/nike-book-1-ep-sunrise-pink-foam-playful\/#primaryimage\",\"url\":\"https:\/\/images.novelship.com\/product\/nike_book_1_ep__sunrise___pink_foam_playful__hj535_0_55257.jpeg;https:\/\/images.novelship.com\/product\/nike_book_1_ep__sunrise___pink_foam_playful__hj535_1_55257.jpeg;https:\/\/images.novelship.com\/product\/nike_book_1_ep__sunrise___pink_foam_playful__hj535_2_55257.jpeg;https:\/\/images.novelship.com\/product\/nike_book_1_ep__sunrise___pink_foam_playful__hj535_3_55258.jpeg;https:\/\/images.novelship.com\/product\/nike_book_1_ep__sunrise___pink_foam_playful__hj535_4_55258.jpeg;https:\/\/images.novelship.com\/product\/nike_book_1_ep__sunrise___pink_foam_playful__hj535_5_55258.jpeg;https:\/\/images.novelship.com\/product\/nike_book_1_ep__sunrise___pink_foam_playful__hj535_6_55258.jpeg;https:\/\/images.novelship.com\/product\/nike_book_1_ep__sunrise___pink_foam_playful__hj535_7_55258.jpeg\",\"contentUrl\":\"https:\/\/images.novelship.com\/product\/nike_book_1_ep__sunrise___pink_foam_playful__hj535_0_55257.jpeg;https:\/\/images.novelship.com\/product\/nike_book_1_ep__sunrise___pink_foam_playful__hj535_1_55257.jpeg;https:\/\/images.novelship.com\/product\/nike_book_1_ep__sunrise___pink_foam_playful__hj535_2_55257.jpeg;https:\/\/images.novelship.com\/product\/nike_book_1_ep__sunrise___pink_foam_playful__hj535_3_55258.jpeg;https:\/\/images.novelship.com\/product\/nike_book_1_ep__sunrise___pink_foam_playful__hj535_4_55258.jpeg;https:\/\/images.novelship.com\/product\/nike_book_1_ep__sunrise___pink_foam_playful__hj535_5_55258.jpeg;https:\/\/images.novelship.com\/product\/nike_book_1_ep__sunrise___pink_foam_playful__hj535_6_55258.jpeg;https:\/\/images.novelship.com\/product\/nike_book_1_ep__sunrise___pink_foam_playful__hj535_7_55258.jpeg\"},{\"@type\":\"BreadcrumbList\",\"@id\":\"https:\/\/tourcruiser.com\/de\/products\/nike-book-1-ep-sunrise-pink-foam-playful\/#breadcrumb\",\"itemListElement\":[{\"@type\":\"ListItem\",\"position\":1,\"name\":\"Home\",\"item\":\"https:\/\/tourcruiser.com\/de\/\"},{\"@type\":\"ListItem\",\"position\":2,\"name\":\"Shop\",\"item\":\"https:\/\/tourcruiser.com\/de\/shop\/\"},{\"@type\":\"ListItem\",\"position\":3,\"name\":\"Nike Book 1 EP \u201d\u02dcSunrise\u201d\u2122 'Pink Foam Playful'\"}]},{\"@type\":\"WebSite\",\"@id\":\"https:\/\/tourcruiser.com\/de\/#website\",\"url\":\"https:\/\/tourcruiser.com\/de\/\",\"name\":\"Styloral Jewelry Shop\",\"description\":\"Tourcruiser Sneaker Store \u2014 der Ort, an dem das Universum deine Einzigartigkeit trifft.\",\"publisher\":{\"@id\":\"https:\/\/tourcruiser.com\/de\/#organization\"},\"potentialAction\":[{\"@type\":\"SearchAction\",\"target\":{\"@type\":\"EntryPoint\",\"urlTemplate\":\"https:\/\/tourcruiser.com\/de\/?s={search_term_string}\"},\"query-input\":{\"@type\":\"PropertyValueSpecification\",\"valueRequired\":true,\"valueName\":\"search_term_string\"}}],\"inLanguage\":\"de\"},{\"@type\":\"Organization\",\"@id\":\"https:\/\/tourcruiser.com\/de\/#organization\",\"name\":\"STYLORAL PTE. LTD\",\"url\":\"https:\/\/tourcruiser.com\/de\/\",\"logo\":{\"@type\":\"ImageObject\",\"inLanguage\":\"de\",\"@id\":\"https:\/\/tourcruiser.com\/de\/#\/schema\/logo\/image\/\",\"url\":\"https:\/\/www.tourcruiser.com\/wp-content\/uploads\/2025\/12\/logo.png\",\"contentUrl\":\"https:\/\/www.tourcruiser.com\/wp-content\/uploads\/2025\/12\/logo.png\",\"width\":200,\"height\":65,\"caption\":\"STYLORAL PTE. LTD\"},\"image\":{\"@id\":\"https:\/\/tourcruiser.com\/de\/#\/schema\/logo\/image\/\"}}]}<\/script>\n<!-- \/ Yoast SEO plugin. -->","yoast_head_json":{"title":"Nike Book 1 EP \u201d\u02dcSunrise\u201d\u2122 'Pink Foam Playful'  - Tourcruiser PTE. LTD","robots":{"index":"index","follow":"follow","max-snippet":"max-snippet:-1","max-image-preview":"max-image-preview:large","max-video-preview":"max-video-preview:-1"},"canonical":"https:\/\/tourcruiser.com\/de\/products\/nike-book-1-ep-sunrise-pink-foam-playful\/","og_locale":"de_DE","og_type":"article","og_title":"Nike Book 1 EP \u201d\u02dcSunrise\u201d\u2122 'Pink Foam Playful'  - Tourcruiser PTE. LTD","og_description":"Nike None \u201d\u201d Beyond Pink\/Pink Foam-Vivid Grape-Celestial Gold","og_url":"https:\/\/tourcruiser.com\/de\/products\/nike-book-1-ep-sunrise-pink-foam-playful\/","og_site_name":"Tourcruiser Sneaker Store","article_modified_time":"2026-03-27T17:51:45+00:00","twitter_card":"summary_large_image","twitter_image":"https:\/\/images.novelship.com\/product\/nike_book_1_ep__sunrise___pink_foam_playful__hj535_0_55257.jpeg;https:\/\/images.novelship.com\/product\/nike_book_1_ep__sunrise___pink_foam_playful__hj535_1_55257.jpeg;https:\/\/images.novelship.com\/product\/nike_book_1_ep__sunrise___pink_foam_playful__hj535_2_55257.jpeg;https:\/\/images.novelship.com\/product\/nike_book_1_ep__sunrise___pink_foam_playful__hj535_3_55258.jpeg;https:\/\/images.novelship.com\/product\/nike_book_1_ep__sunrise___pink_foam_playful__hj535_4_55258.jpeg;https:\/\/images.novelship.com\/product\/nike_book_1_ep__sunrise___pink_foam_playful__hj535_5_55258.jpeg;https:\/\/images.novelship.com\/product\/nike_book_1_ep__sunrise___pink_foam_playful__hj535_6_55258.jpeg;https:\/\/images.novelship.com\/product\/nike_book_1_ep__sunrise___pink_foam_playful__hj535_7_55258.jpeg","twitter_misc":{"Gesch\u00e4tzte Lesezeit":"1\u00a0Minute"},"schema":{"@context":"https:\/\/schema.org","@graph":[{"@type":"WebPage","@id":"https:\/\/tourcruiser.com\/de\/products\/nike-book-1-ep-sunrise-pink-foam-playful\/","url":"https:\/\/tourcruiser.com\/de\/products\/nike-book-1-ep-sunrise-pink-foam-playful\/","name":"Nike Book 1 EP \u201d\u02dcSunrise\u201d\u2122 'Pink Foam Playful' - Tourcruiser PTE. LTD","isPartOf":{"@id":"https:\/\/tourcruiser.com\/de\/#website"},"primaryImageOfPage":{"@id":"https:\/\/tourcruiser.com\/de\/products\/nike-book-1-ep-sunrise-pink-foam-playful\/#primaryimage"},"image":{"@id":"https:\/\/tourcruiser.com\/de\/products\/nike-book-1-ep-sunrise-pink-foam-playful\/#primaryimage"},"thumbnailUrl":"https:\/\/images.novelship.com\/product\/nike_book_1_ep__sunrise___pink_foam_playful__hj535_0_55257.jpeg;https:\/\/images.novelship.com\/product\/nike_book_1_ep__sunrise___pink_foam_playful__hj535_1_55257.jpeg;https:\/\/images.novelship.com\/product\/nike_book_1_ep__sunrise___pink_foam_playful__hj535_2_55257.jpeg;https:\/\/images.novelship.com\/product\/nike_book_1_ep__sunrise___pink_foam_playful__hj535_3_55258.jpeg;https:\/\/images.novelship.com\/product\/nike_book_1_ep__sunrise___pink_foam_playful__hj535_4_55258.jpeg;https:\/\/images.novelship.com\/product\/nike_book_1_ep__sunrise___pink_foam_playful__hj535_5_55258.jpeg;https:\/\/images.novelship.com\/product\/nike_book_1_ep__sunrise___pink_foam_playful__hj535_6_55258.jpeg;https:\/\/images.novelship.com\/product\/nike_book_1_ep__sunrise___pink_foam_playful__hj535_7_55258.jpeg","datePublished":"2026-03-02T07:58:36+00:00","dateModified":"2026-03-27T17:51:45+00:00","breadcrumb":{"@id":"https:\/\/tourcruiser.com\/de\/products\/nike-book-1-ep-sunrise-pink-foam-playful\/#breadcrumb"},"inLanguage":"de","potentialAction":[{"@type":"ReadAction","target":["https:\/\/tourcruiser.com\/de\/products\/nike-book-1-ep-sunrise-pink-foam-playful\/"]}]},{"@type":"ImageObject","inLanguage":"de","@id":"https:\/\/tourcruiser.com\/de\/products\/nike-book-1-ep-sunrise-pink-foam-playful\/#primaryimage","url":"https:\/\/images.novelship.com\/product\/nike_book_1_ep__sunrise___pink_foam_playful__hj535_0_55257.jpeg;https:\/\/images.novelship.com\/product\/nike_book_1_ep__sunrise___pink_foam_playful__hj535_1_55257.jpeg;https:\/\/images.novelship.com\/product\/nike_book_1_ep__sunrise___pink_foam_playful__hj535_2_55257.jpeg;https:\/\/images.novelship.com\/product\/nike_book_1_ep__sunrise___pink_foam_playful__hj535_3_55258.jpeg;https:\/\/images.novelship.com\/product\/nike_book_1_ep__sunrise___pink_foam_playful__hj535_4_55258.jpeg;https:\/\/images.novelship.com\/product\/nike_book_1_ep__sunrise___pink_foam_playful__hj535_5_55258.jpeg;https:\/\/images.novelship.com\/product\/nike_book_1_ep__sunrise___pink_foam_playful__hj535_6_55258.jpeg;https:\/\/images.novelship.com\/product\/nike_book_1_ep__sunrise___pink_foam_playful__hj535_7_55258.jpeg","contentUrl":"https:\/\/images.novelship.com\/product\/nike_book_1_ep__sunrise___pink_foam_playful__hj535_0_55257.jpeg;https:\/\/images.novelship.com\/product\/nike_book_1_ep__sunrise___pink_foam_playful__hj535_1_55257.jpeg;https:\/\/images.novelship.com\/product\/nike_book_1_ep__sunrise___pink_foam_playful__hj535_2_55257.jpeg;https:\/\/images.novelship.com\/product\/nike_book_1_ep__sunrise___pink_foam_playful__hj535_3_55258.jpeg;https:\/\/images.novelship.com\/product\/nike_book_1_ep__sunrise___pink_foam_playful__hj535_4_55258.jpeg;https:\/\/images.novelship.com\/product\/nike_book_1_ep__sunrise___pink_foam_playful__hj535_5_55258.jpeg;https:\/\/images.novelship.com\/product\/nike_book_1_ep__sunrise___pink_foam_playful__hj535_6_55258.jpeg;https:\/\/images.novelship.com\/product\/nike_book_1_ep__sunrise___pink_foam_playful__hj535_7_55258.jpeg"},{"@type":"BreadcrumbList","@id":"https:\/\/tourcruiser.com\/de\/products\/nike-book-1-ep-sunrise-pink-foam-playful\/#breadcrumb","itemListElement":[{"@type":"ListItem","position":1,"name":"Home","item":"https:\/\/tourcruiser.com\/de\/"},{"@type":"ListItem","position":2,"name":"Shop","item":"https:\/\/tourcruiser.com\/de\/shop\/"},{"@type":"ListItem","position":3,"name":"Nike Book 1 EP \u201d\u02dcSunrise\u201d\u2122 'Pink Foam Playful'"}]},{"@type":"WebSite","@id":"https:\/\/tourcruiser.com\/de\/#website","url":"https:\/\/tourcruiser.com\/de\/","name":"Styloral Jewelry Shop","description":"Tourcruiser Sneaker Store \u2014 der Ort, an dem das Universum deine Einzigartigkeit trifft.","publisher":{"@id":"https:\/\/tourcruiser.com\/de\/#organization"},"potentialAction":[{"@type":"SearchAction","target":{"@type":"EntryPoint","urlTemplate":"https:\/\/tourcruiser.com\/de\/?s={search_term_string}"},"query-input":{"@type":"PropertyValueSpecification","valueRequired":true,"valueName":"search_term_string"}}],"inLanguage":"de"},{"@type":"Organization","@id":"https:\/\/tourcruiser.com\/de\/#organization","name":"STYLORAL PTE. LTD","url":"https:\/\/tourcruiser.com\/de\/","logo":{"@type":"ImageObject","inLanguage":"de","@id":"https:\/\/tourcruiser.com\/de\/#\/schema\/logo\/image\/","url":"https:\/\/www.tourcruiser.com\/wp-content\/uploads\/2025\/12\/logo.png","contentUrl":"https:\/\/www.tourcruiser.com\/wp-content\/uploads\/2025\/12\/logo.png","width":200,"height":65,"caption":"STYLORAL PTE. LTD"},"image":{"@id":"https:\/\/tourcruiser.com\/de\/#\/schema\/logo\/image\/"}}]}},"_links":{"self":[{"href":"https:\/\/tourcruiser.com\/de\/wp-json\/wp\/v2\/product\/43512","targetHints":{"allow":["GET"]}}],"collection":[{"href":"https:\/\/tourcruiser.com\/de\/wp-json\/wp\/v2\/product"}],"about":[{"href":"https:\/\/tourcruiser.com\/de\/wp-json\/wp\/v2\/types\/product"}],"replies":[{"embeddable":true,"href":"https:\/\/tourcruiser.com\/de\/wp-json\/wp\/v2\/comments?post=43512"}],"wp:featuredmedia":[{"embeddable":true,"href":"https:\/\/tourcruiser.com\/de\/wp-json\/wp\/v2\/media\/43513"}],"wp:attachment":[{"href":"https:\/\/tourcruiser.com\/de\/wp-json\/wp\/v2\/media?parent=43512"}],"wp:term":[{"taxonomy":"product_brand","embeddable":true,"href":"https:\/\/tourcruiser.com\/de\/wp-json\/wp\/v2\/product_brand?post=43512"},{"taxonomy":"product_cat","embeddable":true,"href":"https:\/\/tourcruiser.com\/de\/wp-json\/wp\/v2\/product_cat?post=43512"},{"taxonomy":"product_tag","embeddable":true,"href":"https:\/\/tourcruiser.com\/de\/wp-json\/wp\/v2\/product_tag?post=43512"}],"curies":[{"name":"wp","href":"https:\/\/api.w.org\/{rel}","templated":true}]}}