{"id":43434,"date":"2026-03-02T14:58:29","date_gmt":"2026-03-02T07:58:29","guid":{"rendered":"http:\/\/tourcruiser.com\/product\/women-nike-court-royale-suede-pure-platinum"},"modified":"2026-03-28T00:51:41","modified_gmt":"2026-03-27T17:51:41","slug":"women-nike-court-royale-suede-pure-platinum","status":"publish","type":"product","link":"https:\/\/tourcruiser.com\/de\/products\/women-nike-court-royale-suede-pure-platinum\/","title":{"rendered":"(Women) Nike Court Royale Suede &#8218;Pure Platinum&#8216;"},"content":{"rendered":"<p>Mit dem Nike Court Royale Suede 916795-001 verleihst du deinem Alltagslook das gewisse Etwas \u201d\u201c die perfekte Kombination aus zeitlosem Design und modernem Komfort. Das hochwertige Obermaterial aus Wildleder sorgt f\u00fcr einen eleganten und raffinierten Look und garantiert gleichzeitig Langlebigkeit f\u00fcr den t\u00e4glichen Gebrauch. Die klassische, vom Court inspirierte Silhouette ist eine Hommage an Vintage-Tennisschuhe und macht ihn zu einer vielseitigen Erg\u00e4nzung deiner Schuhsammlung. Dank der gepolsterten Innensohle und der leichten, aber robusten Gummiau\u00dfensohle bietet er ganzt\u00e4gigen Komfort und optimale Traktion \u201d\u201c egal ob beim entspannten Spaziergang oder bei sportlichen Aktivit\u00e4ten. Die klaren Linien und das dezente Nike-Branding verleihen ihm einen Hauch von Eleganz und erm\u00f6glichen es dir, ihn m\u00fchelos mit einer Vielzahl von Outfits zu kombinieren, von Jeans bis hin zu Athleisure. Dieser Sneaker wurde nicht nur f\u00fcr Style, sondern auch f\u00fcr Funktionalit\u00e4t entwickelt und bietet ein geschmeidiges Laufgef\u00fchl mit zuverl\u00e4ssigem Grip auf verschiedenen Untergr\u00fcnden. Ob du Besorgungen machst, dich mit Freunden triffst oder einfach deine Garderobe mit einem zeitlosen Klassiker aufwerten m\u00f6chtest \u201d\u201c der Nike Court Royale Suede ist die perfekte Wahl f\u00fcr alle, die Wert auf Schlichtheit, Komfort und dauerhaften Stil legen. Setze mit seinem eleganten Design ein Statement und genie\u00dfe die unschlagbare Vielseitigkeit, die dich stilvoll in Bewegung h\u00e4lt.<\/p>\n<ul>\n<li><strong>Farbgebung:<\/strong> Pure Platinum\/Gum Light Brown\/Wei\u00df\/Pure Platinum<\/li>\n<li><strong>Artikelnummer:<\/strong> 916795-001<\/li>\n<li><strong>Obermaterial:<\/strong> Wildleder<\/li>\n<li><strong>Farbe:<\/strong> Wei\u00df<\/li>\n<\/ul>\n","protected":false},"excerpt":{"rendered":"<p>Nike Court Royale Suede \u201d\u201d Pure Platinum\/Gum Light Brown\/White\/Pure Platinum<\/p>\n","protected":false},"featured_media":43435,"comment_status":"open","ping_status":"closed","template":"","meta":[],"product_brand":[],"product_cat":[10809],"product_tag":[10750,10754,10824,10801,10756,10758],"class_list":{"0":"post-43434","1":"product","2":"type-product","3":"status-publish","4":"has-post-thumbnail","6":"product_cat-nike-women","7":"product_tag-athleisure-shoes","8":"product_tag-lifestyle-casual-shoes","9":"product_tag-lifestyle-shoes-tennis-inspired","10":"product_tag-nike","11":"product_tag-retro-casual-shoes","12":"product_tag-under-retail","13":"wcpa_has_options","15":"first","16":"outofstock","17":"taxable","18":"shipping-taxable","19":"purchasable","20":"product-type-simple"},"wcpa_form_fields":{"rules":{"pric_overide_base_price":false,"pric_overide_base_price_if_gt_zero":false,"pric_overide_base_price_fully":false,"pric_cal_option_once":false,"pric_use_as_fee":false,"bind_quantity":false,"quantity_bind_formula":false},"fields":[{"type":"color-group","required":true,"elementId":"wcpa-color-group-66c4a75505e74","label":"Gr\u00f6\u00dfe - EU Gr\u00f6\u00dfe","inline":true,"priceOptions":"different_for_all","pricingType":"fixed","className":"hassizechart product-shoes-size-eu product-shoes-size","name":"color-group-66c4a75505e89","disp_type":"square","selection_type":"tick-border","disp_size":"44","show_label_inside":true,"adjust_width":true,"cart_display_type":"text","other_text":"Other","cl_rule":"show","col":6,"values":[{"label":"35.5","value":"EU 35.5","price":"","pimage":"","pimage_id":"","pthumb":"","color":""},{"label":"36","value":"EU 36","price":"","pimage":"","pimage_id":"","pthumb":"","color":"","selected":true},{"label":"36.5","value":"EU 36.5","price":"","pimage":"","pimage_id":"","pthumb":"","color":""},{"label":"37.5","value":"EU 37.5","price":"","pimage":"","pimage_id":"","pthumb":"","color":""},{"label":"38","value":"EU 38","price":"","pimage":"","pimage_id":"","pthumb":"","color":""},{"label":"38.5","value":"EU 38.5","price":"","pimage":"","pimage_id":"","pthumb":"","color":""},{"label":"39","value":"EU 39","price":"","pimage":"","pimage_id":"","pthumb":"","color":""},{"label":"40","value":"EU 40","price":"","pimage":"","pimage_id":"","pthumb":"","color":""},{"label":"40.5","value":"EU 40.5","price":"","pimage":"","pimage_id":"","pthumb":"","color":""},{"label":"41","value":"EU 41","price":"","pimage":"","pimage_id":"","pthumb":"","color":""},{"label":"42","value":"EU 42","price":"","pimage":"","pimage_id":"","pthumb":"","color":""},{"label":"42.5","value":"EU 42.5","price":"","pimage":"","pimage_id":"","pthumb":"","color":""},{"label":"43","value":"EU 43","price":"","pimage":"","pimage_id":"","pthumb":"","color":""},{"label":"44","value":"EU 44","price":"","pimage":"","pimage_id":"","pthumb":"","color":""},{"label":"44.5","value":"EU 44.5","price":"","pimage":"","pimage_id":"","pthumb":"","color":""},{"label":"45","value":"EU 45","price":"","pimage":"","pimage_id":"","pthumb":"","color":""},{"label":"45.5","value":"EU 45.5","price":"","pimage":"","pimage_id":"","pthumb":"","color":""},{"label":"46","value":"EU 46","price":"","pimage":"","pimage_id":"","pthumb":"","color":""},{"label":"47","value":"EU 47","price":"","pimage":"","pimage_id":"","pthumb":"","color":""},{"label":"47.5","value":"EU 47.5","price":"","pimage":"","pimage_id":"","pthumb":"","color":""},{"label":"48","value":"EU 48","price":"","pimage":"","pimage_id":"","pthumb":"","color":""}],"relations":[{"operator":false,"rules":[]}],"form_id":18106,"form_rules":{"pric_cal_option_once":false,"exclude_from_discount":false,"pric_use_as_fee":false,"fee_label":"Fee","render_after_acb":false,"disp_hide_options_price":false}}]},"yoast_head":"<!-- This site is optimized with the Yoast SEO plugin v26.5 - https:\/\/yoast.com\/wordpress\/plugins\/seo\/ -->\n<title>(Women) Nike Court Royale Suede &#039;Pure Platinum&#039;  - Tourcruiser PTE. LTD<\/title>\n<meta name=\"robots\" content=\"index, follow, max-snippet:-1, max-image-preview:large, max-video-preview:-1\" \/>\n<link rel=\"canonical\" href=\"https:\/\/tourcruiser.com\/de\/products\/women-nike-court-royale-suede-pure-platinum\/\" \/>\n<meta property=\"og:locale\" content=\"de_DE\" \/>\n<meta property=\"og:type\" content=\"article\" \/>\n<meta property=\"og:title\" content=\"(Women) Nike Court Royale Suede &#039;Pure Platinum&#039;  - Tourcruiser PTE. LTD\" \/>\n<meta property=\"og:description\" content=\"Nike Court Royale Suede \u201d\u201d Pure Platinum\/Gum Light Brown\/White\/Pure Platinum\" \/>\n<meta property=\"og:url\" content=\"https:\/\/tourcruiser.com\/de\/products\/women-nike-court-royale-suede-pure-platinum\/\" \/>\n<meta property=\"og:site_name\" content=\"Tourcruiser Sneaker Store\" \/>\n<meta property=\"article:modified_time\" content=\"2026-03-27T17:51:41+00:00\" \/>\n<meta name=\"twitter:card\" content=\"summary_large_image\" \/>\n<meta name=\"twitter:image\" content=\"https:\/\/images.novelship.com\/product\/_w__nike_court_royale_suede_916795-001_0_24323.jpeg;https:\/\/images.novelship.com\/product\/_w__nike_court_royale_suede_916795-001_1_24323.jpeg;https:\/\/images.novelship.com\/product\/_w__nike_court_royale_suede_916795-001_2_24323.jpeg;https:\/\/images.novelship.com\/product\/_w__nike_court_royale_suede_916795-001_3_24323.jpeg;https:\/\/images.novelship.com\/product\/_w__nike_court_royale_suede_916795-001_4_24323.jpeg;https:\/\/images.novelship.com\/product\/_w__nike_court_royale_suede_916795-001_5_24323.jpeg;https:\/\/images.novelship.com\/product\/_w__nike_court_royale_suede_916795-001_6_24323.jpeg;https:\/\/images.novelship.com\/product\/_w__nike_court_royale_suede_916795-001_7_24323.jpeg\" \/>\n<meta name=\"twitter:label1\" content=\"Gesch\u00e4tzte Lesezeit\" \/>\n\t<meta name=\"twitter:data1\" content=\"1\u00a0Minute\" \/>\n<script type=\"application\/ld+json\" class=\"yoast-schema-graph\">{\"@context\":\"https:\/\/schema.org\",\"@graph\":[{\"@type\":\"WebPage\",\"@id\":\"https:\/\/tourcruiser.com\/de\/products\/women-nike-court-royale-suede-pure-platinum\/\",\"url\":\"https:\/\/tourcruiser.com\/de\/products\/women-nike-court-royale-suede-pure-platinum\/\",\"name\":\"(Women) Nike Court Royale Suede 'Pure Platinum' - Tourcruiser PTE. LTD\",\"isPartOf\":{\"@id\":\"https:\/\/tourcruiser.com\/de\/#website\"},\"primaryImageOfPage\":{\"@id\":\"https:\/\/tourcruiser.com\/de\/products\/women-nike-court-royale-suede-pure-platinum\/#primaryimage\"},\"image\":{\"@id\":\"https:\/\/tourcruiser.com\/de\/products\/women-nike-court-royale-suede-pure-platinum\/#primaryimage\"},\"thumbnailUrl\":\"https:\/\/images.novelship.com\/product\/_w__nike_court_royale_suede_916795-001_0_24323.jpeg;https:\/\/images.novelship.com\/product\/_w__nike_court_royale_suede_916795-001_1_24323.jpeg;https:\/\/images.novelship.com\/product\/_w__nike_court_royale_suede_916795-001_2_24323.jpeg;https:\/\/images.novelship.com\/product\/_w__nike_court_royale_suede_916795-001_3_24323.jpeg;https:\/\/images.novelship.com\/product\/_w__nike_court_royale_suede_916795-001_4_24323.jpeg;https:\/\/images.novelship.com\/product\/_w__nike_court_royale_suede_916795-001_5_24323.jpeg;https:\/\/images.novelship.com\/product\/_w__nike_court_royale_suede_916795-001_6_24323.jpeg;https:\/\/images.novelship.com\/product\/_w__nike_court_royale_suede_916795-001_7_24323.jpeg\",\"datePublished\":\"2026-03-02T07:58:29+00:00\",\"dateModified\":\"2026-03-27T17:51:41+00:00\",\"breadcrumb\":{\"@id\":\"https:\/\/tourcruiser.com\/de\/products\/women-nike-court-royale-suede-pure-platinum\/#breadcrumb\"},\"inLanguage\":\"de\",\"potentialAction\":[{\"@type\":\"ReadAction\",\"target\":[\"https:\/\/tourcruiser.com\/de\/products\/women-nike-court-royale-suede-pure-platinum\/\"]}]},{\"@type\":\"ImageObject\",\"inLanguage\":\"de\",\"@id\":\"https:\/\/tourcruiser.com\/de\/products\/women-nike-court-royale-suede-pure-platinum\/#primaryimage\",\"url\":\"https:\/\/images.novelship.com\/product\/_w__nike_court_royale_suede_916795-001_0_24323.jpeg;https:\/\/images.novelship.com\/product\/_w__nike_court_royale_suede_916795-001_1_24323.jpeg;https:\/\/images.novelship.com\/product\/_w__nike_court_royale_suede_916795-001_2_24323.jpeg;https:\/\/images.novelship.com\/product\/_w__nike_court_royale_suede_916795-001_3_24323.jpeg;https:\/\/images.novelship.com\/product\/_w__nike_court_royale_suede_916795-001_4_24323.jpeg;https:\/\/images.novelship.com\/product\/_w__nike_court_royale_suede_916795-001_5_24323.jpeg;https:\/\/images.novelship.com\/product\/_w__nike_court_royale_suede_916795-001_6_24323.jpeg;https:\/\/images.novelship.com\/product\/_w__nike_court_royale_suede_916795-001_7_24323.jpeg\",\"contentUrl\":\"https:\/\/images.novelship.com\/product\/_w__nike_court_royale_suede_916795-001_0_24323.jpeg;https:\/\/images.novelship.com\/product\/_w__nike_court_royale_suede_916795-001_1_24323.jpeg;https:\/\/images.novelship.com\/product\/_w__nike_court_royale_suede_916795-001_2_24323.jpeg;https:\/\/images.novelship.com\/product\/_w__nike_court_royale_suede_916795-001_3_24323.jpeg;https:\/\/images.novelship.com\/product\/_w__nike_court_royale_suede_916795-001_4_24323.jpeg;https:\/\/images.novelship.com\/product\/_w__nike_court_royale_suede_916795-001_5_24323.jpeg;https:\/\/images.novelship.com\/product\/_w__nike_court_royale_suede_916795-001_6_24323.jpeg;https:\/\/images.novelship.com\/product\/_w__nike_court_royale_suede_916795-001_7_24323.jpeg\"},{\"@type\":\"BreadcrumbList\",\"@id\":\"https:\/\/tourcruiser.com\/de\/products\/women-nike-court-royale-suede-pure-platinum\/#breadcrumb\",\"itemListElement\":[{\"@type\":\"ListItem\",\"position\":1,\"name\":\"Home\",\"item\":\"https:\/\/tourcruiser.com\/de\/\"},{\"@type\":\"ListItem\",\"position\":2,\"name\":\"Shop\",\"item\":\"https:\/\/tourcruiser.com\/de\/shop\/\"},{\"@type\":\"ListItem\",\"position\":3,\"name\":\"(Women) Nike Court Royale Suede 'Pure Platinum'\"}]},{\"@type\":\"WebSite\",\"@id\":\"https:\/\/tourcruiser.com\/de\/#website\",\"url\":\"https:\/\/tourcruiser.com\/de\/\",\"name\":\"Styloral Jewelry Shop\",\"description\":\"Tourcruiser Sneaker Store \u2014 der Ort, an dem das Universum deine Einzigartigkeit trifft.\",\"publisher\":{\"@id\":\"https:\/\/tourcruiser.com\/de\/#organization\"},\"potentialAction\":[{\"@type\":\"SearchAction\",\"target\":{\"@type\":\"EntryPoint\",\"urlTemplate\":\"https:\/\/tourcruiser.com\/de\/?s={search_term_string}\"},\"query-input\":{\"@type\":\"PropertyValueSpecification\",\"valueRequired\":true,\"valueName\":\"search_term_string\"}}],\"inLanguage\":\"de\"},{\"@type\":\"Organization\",\"@id\":\"https:\/\/tourcruiser.com\/de\/#organization\",\"name\":\"STYLORAL PTE. LTD\",\"url\":\"https:\/\/tourcruiser.com\/de\/\",\"logo\":{\"@type\":\"ImageObject\",\"inLanguage\":\"de\",\"@id\":\"https:\/\/tourcruiser.com\/de\/#\/schema\/logo\/image\/\",\"url\":\"https:\/\/www.tourcruiser.com\/wp-content\/uploads\/2025\/12\/logo.png\",\"contentUrl\":\"https:\/\/www.tourcruiser.com\/wp-content\/uploads\/2025\/12\/logo.png\",\"width\":200,\"height\":65,\"caption\":\"STYLORAL PTE. LTD\"},\"image\":{\"@id\":\"https:\/\/tourcruiser.com\/de\/#\/schema\/logo\/image\/\"}}]}<\/script>\n<!-- \/ Yoast SEO plugin. -->","yoast_head_json":{"title":"(Women) Nike Court Royale Suede 'Pure Platinum'  - Tourcruiser PTE. LTD","robots":{"index":"index","follow":"follow","max-snippet":"max-snippet:-1","max-image-preview":"max-image-preview:large","max-video-preview":"max-video-preview:-1"},"canonical":"https:\/\/tourcruiser.com\/de\/products\/women-nike-court-royale-suede-pure-platinum\/","og_locale":"de_DE","og_type":"article","og_title":"(Women) Nike Court Royale Suede 'Pure Platinum'  - Tourcruiser PTE. LTD","og_description":"Nike Court Royale Suede \u201d\u201d Pure Platinum\/Gum Light Brown\/White\/Pure Platinum","og_url":"https:\/\/tourcruiser.com\/de\/products\/women-nike-court-royale-suede-pure-platinum\/","og_site_name":"Tourcruiser Sneaker Store","article_modified_time":"2026-03-27T17:51:41+00:00","twitter_card":"summary_large_image","twitter_image":"https:\/\/images.novelship.com\/product\/_w__nike_court_royale_suede_916795-001_0_24323.jpeg;https:\/\/images.novelship.com\/product\/_w__nike_court_royale_suede_916795-001_1_24323.jpeg;https:\/\/images.novelship.com\/product\/_w__nike_court_royale_suede_916795-001_2_24323.jpeg;https:\/\/images.novelship.com\/product\/_w__nike_court_royale_suede_916795-001_3_24323.jpeg;https:\/\/images.novelship.com\/product\/_w__nike_court_royale_suede_916795-001_4_24323.jpeg;https:\/\/images.novelship.com\/product\/_w__nike_court_royale_suede_916795-001_5_24323.jpeg;https:\/\/images.novelship.com\/product\/_w__nike_court_royale_suede_916795-001_6_24323.jpeg;https:\/\/images.novelship.com\/product\/_w__nike_court_royale_suede_916795-001_7_24323.jpeg","twitter_misc":{"Gesch\u00e4tzte Lesezeit":"1\u00a0Minute"},"schema":{"@context":"https:\/\/schema.org","@graph":[{"@type":"WebPage","@id":"https:\/\/tourcruiser.com\/de\/products\/women-nike-court-royale-suede-pure-platinum\/","url":"https:\/\/tourcruiser.com\/de\/products\/women-nike-court-royale-suede-pure-platinum\/","name":"(Women) Nike Court Royale Suede 'Pure Platinum' - Tourcruiser PTE. LTD","isPartOf":{"@id":"https:\/\/tourcruiser.com\/de\/#website"},"primaryImageOfPage":{"@id":"https:\/\/tourcruiser.com\/de\/products\/women-nike-court-royale-suede-pure-platinum\/#primaryimage"},"image":{"@id":"https:\/\/tourcruiser.com\/de\/products\/women-nike-court-royale-suede-pure-platinum\/#primaryimage"},"thumbnailUrl":"https:\/\/images.novelship.com\/product\/_w__nike_court_royale_suede_916795-001_0_24323.jpeg;https:\/\/images.novelship.com\/product\/_w__nike_court_royale_suede_916795-001_1_24323.jpeg;https:\/\/images.novelship.com\/product\/_w__nike_court_royale_suede_916795-001_2_24323.jpeg;https:\/\/images.novelship.com\/product\/_w__nike_court_royale_suede_916795-001_3_24323.jpeg;https:\/\/images.novelship.com\/product\/_w__nike_court_royale_suede_916795-001_4_24323.jpeg;https:\/\/images.novelship.com\/product\/_w__nike_court_royale_suede_916795-001_5_24323.jpeg;https:\/\/images.novelship.com\/product\/_w__nike_court_royale_suede_916795-001_6_24323.jpeg;https:\/\/images.novelship.com\/product\/_w__nike_court_royale_suede_916795-001_7_24323.jpeg","datePublished":"2026-03-02T07:58:29+00:00","dateModified":"2026-03-27T17:51:41+00:00","breadcrumb":{"@id":"https:\/\/tourcruiser.com\/de\/products\/women-nike-court-royale-suede-pure-platinum\/#breadcrumb"},"inLanguage":"de","potentialAction":[{"@type":"ReadAction","target":["https:\/\/tourcruiser.com\/de\/products\/women-nike-court-royale-suede-pure-platinum\/"]}]},{"@type":"ImageObject","inLanguage":"de","@id":"https:\/\/tourcruiser.com\/de\/products\/women-nike-court-royale-suede-pure-platinum\/#primaryimage","url":"https:\/\/images.novelship.com\/product\/_w__nike_court_royale_suede_916795-001_0_24323.jpeg;https:\/\/images.novelship.com\/product\/_w__nike_court_royale_suede_916795-001_1_24323.jpeg;https:\/\/images.novelship.com\/product\/_w__nike_court_royale_suede_916795-001_2_24323.jpeg;https:\/\/images.novelship.com\/product\/_w__nike_court_royale_suede_916795-001_3_24323.jpeg;https:\/\/images.novelship.com\/product\/_w__nike_court_royale_suede_916795-001_4_24323.jpeg;https:\/\/images.novelship.com\/product\/_w__nike_court_royale_suede_916795-001_5_24323.jpeg;https:\/\/images.novelship.com\/product\/_w__nike_court_royale_suede_916795-001_6_24323.jpeg;https:\/\/images.novelship.com\/product\/_w__nike_court_royale_suede_916795-001_7_24323.jpeg","contentUrl":"https:\/\/images.novelship.com\/product\/_w__nike_court_royale_suede_916795-001_0_24323.jpeg;https:\/\/images.novelship.com\/product\/_w__nike_court_royale_suede_916795-001_1_24323.jpeg;https:\/\/images.novelship.com\/product\/_w__nike_court_royale_suede_916795-001_2_24323.jpeg;https:\/\/images.novelship.com\/product\/_w__nike_court_royale_suede_916795-001_3_24323.jpeg;https:\/\/images.novelship.com\/product\/_w__nike_court_royale_suede_916795-001_4_24323.jpeg;https:\/\/images.novelship.com\/product\/_w__nike_court_royale_suede_916795-001_5_24323.jpeg;https:\/\/images.novelship.com\/product\/_w__nike_court_royale_suede_916795-001_6_24323.jpeg;https:\/\/images.novelship.com\/product\/_w__nike_court_royale_suede_916795-001_7_24323.jpeg"},{"@type":"BreadcrumbList","@id":"https:\/\/tourcruiser.com\/de\/products\/women-nike-court-royale-suede-pure-platinum\/#breadcrumb","itemListElement":[{"@type":"ListItem","position":1,"name":"Home","item":"https:\/\/tourcruiser.com\/de\/"},{"@type":"ListItem","position":2,"name":"Shop","item":"https:\/\/tourcruiser.com\/de\/shop\/"},{"@type":"ListItem","position":3,"name":"(Women) Nike Court Royale Suede 'Pure Platinum'"}]},{"@type":"WebSite","@id":"https:\/\/tourcruiser.com\/de\/#website","url":"https:\/\/tourcruiser.com\/de\/","name":"Styloral Jewelry Shop","description":"Tourcruiser Sneaker Store \u2014 der Ort, an dem das Universum deine Einzigartigkeit trifft.","publisher":{"@id":"https:\/\/tourcruiser.com\/de\/#organization"},"potentialAction":[{"@type":"SearchAction","target":{"@type":"EntryPoint","urlTemplate":"https:\/\/tourcruiser.com\/de\/?s={search_term_string}"},"query-input":{"@type":"PropertyValueSpecification","valueRequired":true,"valueName":"search_term_string"}}],"inLanguage":"de"},{"@type":"Organization","@id":"https:\/\/tourcruiser.com\/de\/#organization","name":"STYLORAL PTE. LTD","url":"https:\/\/tourcruiser.com\/de\/","logo":{"@type":"ImageObject","inLanguage":"de","@id":"https:\/\/tourcruiser.com\/de\/#\/schema\/logo\/image\/","url":"https:\/\/www.tourcruiser.com\/wp-content\/uploads\/2025\/12\/logo.png","contentUrl":"https:\/\/www.tourcruiser.com\/wp-content\/uploads\/2025\/12\/logo.png","width":200,"height":65,"caption":"STYLORAL PTE. LTD"},"image":{"@id":"https:\/\/tourcruiser.com\/de\/#\/schema\/logo\/image\/"}}]}},"_links":{"self":[{"href":"https:\/\/tourcruiser.com\/de\/wp-json\/wp\/v2\/product\/43434","targetHints":{"allow":["GET"]}}],"collection":[{"href":"https:\/\/tourcruiser.com\/de\/wp-json\/wp\/v2\/product"}],"about":[{"href":"https:\/\/tourcruiser.com\/de\/wp-json\/wp\/v2\/types\/product"}],"replies":[{"embeddable":true,"href":"https:\/\/tourcruiser.com\/de\/wp-json\/wp\/v2\/comments?post=43434"}],"wp:featuredmedia":[{"embeddable":true,"href":"https:\/\/tourcruiser.com\/de\/wp-json\/wp\/v2\/media\/43435"}],"wp:attachment":[{"href":"https:\/\/tourcruiser.com\/de\/wp-json\/wp\/v2\/media?parent=43434"}],"wp:term":[{"taxonomy":"product_brand","embeddable":true,"href":"https:\/\/tourcruiser.com\/de\/wp-json\/wp\/v2\/product_brand?post=43434"},{"taxonomy":"product_cat","embeddable":true,"href":"https:\/\/tourcruiser.com\/de\/wp-json\/wp\/v2\/product_cat?post=43434"},{"taxonomy":"product_tag","embeddable":true,"href":"https:\/\/tourcruiser.com\/de\/wp-json\/wp\/v2\/product_tag?post=43434"}],"curies":[{"name":"wp","href":"https:\/\/api.w.org\/{rel}","templated":true}]}}