{"id":43371,"date":"2026-03-02T14:58:23","date_gmt":"2026-03-02T07:58:23","guid":{"rendered":"http:\/\/tourcruiser.com\/product\/asics-hyper-speed-4-safety-yellow-black"},"modified":"2026-03-28T00:51:34","modified_gmt":"2026-03-27T17:51:34","slug":"asics-hyper-speed-4-safety-yellow-black","status":"publish","type":"product","link":"https:\/\/tourcruiser.com\/de\/products\/asics-hyper-speed-4-safety-yellow-black\/","title":{"rendered":"ASICS Hyper Speed 4 &#8218;Safety Yellow Black&#8216;"},"content":{"rendered":"<p>Erleben Sie unvergleichliche Performance mit dem ASICS Hyper Speed \u201d\u2039\u201d\u20394 \u201eSafety Yellow Black\u201c, einem leichten und reaktionsfreudigen Laufschuh, der Geschwindigkeit und Energieeffizienz optimiert. Mit seiner markanten Farbkombination aus Safety Yellow und Schwarz vereint dieser dynamische Schuh Stil und Funktionalit\u00e4t und ist damit perfekt f\u00fcr L\u00e4ufer, die Wert auf ein ansprechendes Design und gleichzeitig hohe Leistung legen. Das atmungsaktive Mesh-Obermaterial sorgt f\u00fcr optimale Luftzirkulation und h\u00e4lt Ihre F\u00fc\u00dfe angenehm k\u00fchl, w\u00e4hrend die reaktionsfreudige D\u00e4mpfung der Zwischensohle maximalen Komfort bei intensiven Trainingseinheiten oder Wettk\u00e4mpfen garantiert. Der Schuh ist f\u00fcr einen geschmeidigen Laufstil konzipiert und verf\u00fcgt \u00fcber eine strapazierf\u00e4hige Au\u00dfensohle mit verbesserter Traktion auf verschiedenen Untergr\u00fcnden. Ob Training oder Wettkampf \u201d\u201c der ASICS Hyper Speed \u201d\u2039\u201d\u20394 bietet Ihnen die Unterst\u00fctzung und Zuverl\u00e4ssigkeit, die Sie brauchen, um Ihre Grenzen zu erweitern.<\/p>\n<p>Farbkombination: Safety Yellow\/Black<br \/>\nArtikelnummer: 1011B874-750<br \/>\nFarbe: Gelb<\/p>\n<p>Farbe: Gelb<\/p>\n","protected":false},"excerpt":{"rendered":"<p>ASICS Hyper Speed 4 \u201d\u201d Safety Yellow\/Black<\/p>\n","protected":false},"featured_media":43372,"comment_status":"open","ping_status":"closed","template":"","meta":[],"product_brand":[],"product_cat":[10792],"product_tag":[10917],"class_list":{"0":"post-43371","1":"product","2":"type-product","3":"status-publish","4":"has-post-thumbnail","6":"product_cat-asics","7":"product_tag-small-130-usd","8":"wcpa_has_options","10":"first","11":"outofstock","12":"taxable","13":"shipping-taxable","14":"purchasable","15":"product-type-simple"},"wcpa_form_fields":{"rules":{"pric_overide_base_price":false,"pric_overide_base_price_if_gt_zero":false,"pric_overide_base_price_fully":false,"pric_cal_option_once":false,"pric_use_as_fee":false,"bind_quantity":false,"quantity_bind_formula":false},"fields":[{"type":"color-group","required":true,"elementId":"wcpa-color-group-69a5ab08ee12d","label":"Gr\u00f6\u00dfe","inline":true,"priceOptions":"different_for_all","pricingType":"fixed","className":"hassizechart product-shoes-size-eu product-shoes-size","name":"color-group-69a5ab08ee136","disp_type":"square","selection_type":"tick-border","disp_size":"50","show_label_inside":true,"adjust_width":true,"cart_display_type":"text","other_text":"Other","cl_rule":"show","col":6,"values":[{"label":"36","value":"EU 36","price":"","pimage":"","pimage_id":"","pthumb":"","color":"","selected":true},{"label":"37","value":"EU 37","price":"","pimage":"","pimage_id":"","pthumb":"","color":""},{"label":"37.5","value":"EU 37.5","price":"","pimage":"","pimage_id":"","pthumb":"","color":""},{"label":"38","value":"EU 38","price":"","pimage":"","pimage_id":"","pthumb":"","color":""},{"label":"38.5","value":"EU 38.5","price":"","pimage":"","pimage_id":"","pthumb":"","color":""},{"label":"39","value":"EU 39","price":"","pimage":"","pimage_id":"","pthumb":"","color":""},{"label":"39.5","value":"EU 39.5","price":"","pimage":"","pimage_id":"","pthumb":"","color":""},{"label":"40","value":"EU 40","price":"","pimage":"","pimage_id":"","pthumb":"","color":""},{"label":"40.5","value":"EU 40.5","price":"","pimage":"","pimage_id":"","pthumb":"","color":""},{"label":" 41.5","value":"EU 41.5","price":"","pimage":"","pimage_id":"","pthumb":"","color":""},{"label":"42","value":"EU 42","price":"","pimage":"","pimage_id":"","pthumb":"","color":""},{"label":"42.5","value":"EU 42.5","price":"","pimage":"","pimage_id":"","pthumb":"","color":""},{"label":"43.5","value":"EU 43.5","price":"","pimage":"","pimage_id":"","pthumb":"","color":""},{"label":"44","value":"EU 44","price":"","pimage":"","pimage_id":"","pthumb":"","color":""},{"label":"44.5","value":"EU 44.5","price":"","pimage":"","pimage_id":"","pthumb":"","color":""},{"label":"45","value":"EU 45","price":"","pimage":"","pimage_id":"","pthumb":"","color":""}],"relations":[{"operator":false,"rules":[]}],"form_id":184311,"form_rules":{"pric_cal_option_once":false,"exclude_from_discount":false,"pric_use_as_fee":false,"fee_label":"Fee","render_after_acb":false,"disp_hide_options_price":false}}]},"yoast_head":"<!-- This site is optimized with the Yoast SEO plugin v26.5 - https:\/\/yoast.com\/wordpress\/plugins\/seo\/ -->\n<title>ASICS Hyper Speed 4 &#039;Safety Yellow Black&#039;  - Tourcruiser PTE. LTD<\/title>\n<meta name=\"robots\" content=\"index, follow, max-snippet:-1, max-image-preview:large, max-video-preview:-1\" \/>\n<link rel=\"canonical\" href=\"https:\/\/tourcruiser.com\/de\/products\/asics-hyper-speed-4-safety-yellow-black\/\" \/>\n<meta property=\"og:locale\" content=\"de_DE\" \/>\n<meta property=\"og:type\" content=\"article\" \/>\n<meta property=\"og:title\" content=\"ASICS Hyper Speed 4 &#039;Safety Yellow Black&#039;  - Tourcruiser PTE. LTD\" \/>\n<meta property=\"og:description\" content=\"ASICS Hyper Speed 4 \u201d\u201d Safety Yellow\/Black\" \/>\n<meta property=\"og:url\" content=\"https:\/\/tourcruiser.com\/de\/products\/asics-hyper-speed-4-safety-yellow-black\/\" \/>\n<meta property=\"og:site_name\" content=\"Tourcruiser Sneaker Store\" \/>\n<meta property=\"article:modified_time\" content=\"2026-03-27T17:51:34+00:00\" \/>\n<meta name=\"twitter:card\" content=\"summary_large_image\" \/>\n<meta name=\"twitter:image\" content=\"https:\/\/images.novelship.com\/product\/asics_hyper_speed_4__safety_yellow_black__1011b874_0_55642.jpeg;https:\/\/images.novelship.com\/product\/asics_hyper_speed_4__safety_yellow_black__1011b874_1_55642.jpeg;https:\/\/images.novelship.com\/product\/asics_hyper_speed_4__safety_yellow_black__1011b874_2_55642.jpeg;https:\/\/images.novelship.com\/product\/asics_hyper_speed_4__safety_yellow_black__1011b874_3_55642.jpeg;https:\/\/images.novelship.com\/product\/asics_hyper_speed_4__safety_yellow_black__1011b874_4_55642.jpeg;https:\/\/images.novelship.com\/product\/asics_hyper_speed_4__safety_yellow_black__1011b874_5_55642.jpeg;https:\/\/images.novelship.com\/product\/asics_hyper_speed_4__safety_yellow_black__1011b874_6_55642.jpeg\" \/>\n<meta name=\"twitter:label1\" content=\"Gesch\u00e4tzte Lesezeit\" \/>\n\t<meta name=\"twitter:data1\" content=\"1\u00a0Minute\" \/>\n<script type=\"application\/ld+json\" class=\"yoast-schema-graph\">{\"@context\":\"https:\/\/schema.org\",\"@graph\":[{\"@type\":\"WebPage\",\"@id\":\"https:\/\/tourcruiser.com\/de\/products\/asics-hyper-speed-4-safety-yellow-black\/\",\"url\":\"https:\/\/tourcruiser.com\/de\/products\/asics-hyper-speed-4-safety-yellow-black\/\",\"name\":\"ASICS Hyper Speed 4 'Safety Yellow Black' - Tourcruiser PTE. LTD\",\"isPartOf\":{\"@id\":\"https:\/\/tourcruiser.com\/de\/#website\"},\"primaryImageOfPage\":{\"@id\":\"https:\/\/tourcruiser.com\/de\/products\/asics-hyper-speed-4-safety-yellow-black\/#primaryimage\"},\"image\":{\"@id\":\"https:\/\/tourcruiser.com\/de\/products\/asics-hyper-speed-4-safety-yellow-black\/#primaryimage\"},\"thumbnailUrl\":\"https:\/\/images.novelship.com\/product\/asics_hyper_speed_4__safety_yellow_black__1011b874_0_55642.jpeg;https:\/\/images.novelship.com\/product\/asics_hyper_speed_4__safety_yellow_black__1011b874_1_55642.jpeg;https:\/\/images.novelship.com\/product\/asics_hyper_speed_4__safety_yellow_black__1011b874_2_55642.jpeg;https:\/\/images.novelship.com\/product\/asics_hyper_speed_4__safety_yellow_black__1011b874_3_55642.jpeg;https:\/\/images.novelship.com\/product\/asics_hyper_speed_4__safety_yellow_black__1011b874_4_55642.jpeg;https:\/\/images.novelship.com\/product\/asics_hyper_speed_4__safety_yellow_black__1011b874_5_55642.jpeg;https:\/\/images.novelship.com\/product\/asics_hyper_speed_4__safety_yellow_black__1011b874_6_55642.jpeg\",\"datePublished\":\"2026-03-02T07:58:23+00:00\",\"dateModified\":\"2026-03-27T17:51:34+00:00\",\"breadcrumb\":{\"@id\":\"https:\/\/tourcruiser.com\/de\/products\/asics-hyper-speed-4-safety-yellow-black\/#breadcrumb\"},\"inLanguage\":\"de\",\"potentialAction\":[{\"@type\":\"ReadAction\",\"target\":[\"https:\/\/tourcruiser.com\/de\/products\/asics-hyper-speed-4-safety-yellow-black\/\"]}]},{\"@type\":\"ImageObject\",\"inLanguage\":\"de\",\"@id\":\"https:\/\/tourcruiser.com\/de\/products\/asics-hyper-speed-4-safety-yellow-black\/#primaryimage\",\"url\":\"https:\/\/images.novelship.com\/product\/asics_hyper_speed_4__safety_yellow_black__1011b874_0_55642.jpeg;https:\/\/images.novelship.com\/product\/asics_hyper_speed_4__safety_yellow_black__1011b874_1_55642.jpeg;https:\/\/images.novelship.com\/product\/asics_hyper_speed_4__safety_yellow_black__1011b874_2_55642.jpeg;https:\/\/images.novelship.com\/product\/asics_hyper_speed_4__safety_yellow_black__1011b874_3_55642.jpeg;https:\/\/images.novelship.com\/product\/asics_hyper_speed_4__safety_yellow_black__1011b874_4_55642.jpeg;https:\/\/images.novelship.com\/product\/asics_hyper_speed_4__safety_yellow_black__1011b874_5_55642.jpeg;https:\/\/images.novelship.com\/product\/asics_hyper_speed_4__safety_yellow_black__1011b874_6_55642.jpeg\",\"contentUrl\":\"https:\/\/images.novelship.com\/product\/asics_hyper_speed_4__safety_yellow_black__1011b874_0_55642.jpeg;https:\/\/images.novelship.com\/product\/asics_hyper_speed_4__safety_yellow_black__1011b874_1_55642.jpeg;https:\/\/images.novelship.com\/product\/asics_hyper_speed_4__safety_yellow_black__1011b874_2_55642.jpeg;https:\/\/images.novelship.com\/product\/asics_hyper_speed_4__safety_yellow_black__1011b874_3_55642.jpeg;https:\/\/images.novelship.com\/product\/asics_hyper_speed_4__safety_yellow_black__1011b874_4_55642.jpeg;https:\/\/images.novelship.com\/product\/asics_hyper_speed_4__safety_yellow_black__1011b874_5_55642.jpeg;https:\/\/images.novelship.com\/product\/asics_hyper_speed_4__safety_yellow_black__1011b874_6_55642.jpeg\"},{\"@type\":\"BreadcrumbList\",\"@id\":\"https:\/\/tourcruiser.com\/de\/products\/asics-hyper-speed-4-safety-yellow-black\/#breadcrumb\",\"itemListElement\":[{\"@type\":\"ListItem\",\"position\":1,\"name\":\"Home\",\"item\":\"https:\/\/tourcruiser.com\/de\/\"},{\"@type\":\"ListItem\",\"position\":2,\"name\":\"Shop\",\"item\":\"https:\/\/tourcruiser.com\/de\/shop\/\"},{\"@type\":\"ListItem\",\"position\":3,\"name\":\"ASICS Hyper Speed 4 'Safety Yellow Black'\"}]},{\"@type\":\"WebSite\",\"@id\":\"https:\/\/tourcruiser.com\/de\/#website\",\"url\":\"https:\/\/tourcruiser.com\/de\/\",\"name\":\"Styloral Jewelry Shop\",\"description\":\"Tourcruiser Sneaker Store \u2014 der Ort, an dem das Universum deine Einzigartigkeit trifft.\",\"publisher\":{\"@id\":\"https:\/\/tourcruiser.com\/de\/#organization\"},\"potentialAction\":[{\"@type\":\"SearchAction\",\"target\":{\"@type\":\"EntryPoint\",\"urlTemplate\":\"https:\/\/tourcruiser.com\/de\/?s={search_term_string}\"},\"query-input\":{\"@type\":\"PropertyValueSpecification\",\"valueRequired\":true,\"valueName\":\"search_term_string\"}}],\"inLanguage\":\"de\"},{\"@type\":\"Organization\",\"@id\":\"https:\/\/tourcruiser.com\/de\/#organization\",\"name\":\"STYLORAL PTE. LTD\",\"url\":\"https:\/\/tourcruiser.com\/de\/\",\"logo\":{\"@type\":\"ImageObject\",\"inLanguage\":\"de\",\"@id\":\"https:\/\/tourcruiser.com\/de\/#\/schema\/logo\/image\/\",\"url\":\"https:\/\/www.tourcruiser.com\/wp-content\/uploads\/2025\/12\/logo.png\",\"contentUrl\":\"https:\/\/www.tourcruiser.com\/wp-content\/uploads\/2025\/12\/logo.png\",\"width\":200,\"height\":65,\"caption\":\"STYLORAL PTE. LTD\"},\"image\":{\"@id\":\"https:\/\/tourcruiser.com\/de\/#\/schema\/logo\/image\/\"}}]}<\/script>\n<!-- \/ Yoast SEO plugin. -->","yoast_head_json":{"title":"ASICS Hyper Speed 4 'Safety Yellow Black'  - Tourcruiser PTE. LTD","robots":{"index":"index","follow":"follow","max-snippet":"max-snippet:-1","max-image-preview":"max-image-preview:large","max-video-preview":"max-video-preview:-1"},"canonical":"https:\/\/tourcruiser.com\/de\/products\/asics-hyper-speed-4-safety-yellow-black\/","og_locale":"de_DE","og_type":"article","og_title":"ASICS Hyper Speed 4 'Safety Yellow Black'  - Tourcruiser PTE. LTD","og_description":"ASICS Hyper Speed 4 \u201d\u201d Safety Yellow\/Black","og_url":"https:\/\/tourcruiser.com\/de\/products\/asics-hyper-speed-4-safety-yellow-black\/","og_site_name":"Tourcruiser Sneaker Store","article_modified_time":"2026-03-27T17:51:34+00:00","twitter_card":"summary_large_image","twitter_image":"https:\/\/images.novelship.com\/product\/asics_hyper_speed_4__safety_yellow_black__1011b874_0_55642.jpeg;https:\/\/images.novelship.com\/product\/asics_hyper_speed_4__safety_yellow_black__1011b874_1_55642.jpeg;https:\/\/images.novelship.com\/product\/asics_hyper_speed_4__safety_yellow_black__1011b874_2_55642.jpeg;https:\/\/images.novelship.com\/product\/asics_hyper_speed_4__safety_yellow_black__1011b874_3_55642.jpeg;https:\/\/images.novelship.com\/product\/asics_hyper_speed_4__safety_yellow_black__1011b874_4_55642.jpeg;https:\/\/images.novelship.com\/product\/asics_hyper_speed_4__safety_yellow_black__1011b874_5_55642.jpeg;https:\/\/images.novelship.com\/product\/asics_hyper_speed_4__safety_yellow_black__1011b874_6_55642.jpeg","twitter_misc":{"Gesch\u00e4tzte Lesezeit":"1\u00a0Minute"},"schema":{"@context":"https:\/\/schema.org","@graph":[{"@type":"WebPage","@id":"https:\/\/tourcruiser.com\/de\/products\/asics-hyper-speed-4-safety-yellow-black\/","url":"https:\/\/tourcruiser.com\/de\/products\/asics-hyper-speed-4-safety-yellow-black\/","name":"ASICS Hyper Speed 4 'Safety Yellow Black' - Tourcruiser PTE. LTD","isPartOf":{"@id":"https:\/\/tourcruiser.com\/de\/#website"},"primaryImageOfPage":{"@id":"https:\/\/tourcruiser.com\/de\/products\/asics-hyper-speed-4-safety-yellow-black\/#primaryimage"},"image":{"@id":"https:\/\/tourcruiser.com\/de\/products\/asics-hyper-speed-4-safety-yellow-black\/#primaryimage"},"thumbnailUrl":"https:\/\/images.novelship.com\/product\/asics_hyper_speed_4__safety_yellow_black__1011b874_0_55642.jpeg;https:\/\/images.novelship.com\/product\/asics_hyper_speed_4__safety_yellow_black__1011b874_1_55642.jpeg;https:\/\/images.novelship.com\/product\/asics_hyper_speed_4__safety_yellow_black__1011b874_2_55642.jpeg;https:\/\/images.novelship.com\/product\/asics_hyper_speed_4__safety_yellow_black__1011b874_3_55642.jpeg;https:\/\/images.novelship.com\/product\/asics_hyper_speed_4__safety_yellow_black__1011b874_4_55642.jpeg;https:\/\/images.novelship.com\/product\/asics_hyper_speed_4__safety_yellow_black__1011b874_5_55642.jpeg;https:\/\/images.novelship.com\/product\/asics_hyper_speed_4__safety_yellow_black__1011b874_6_55642.jpeg","datePublished":"2026-03-02T07:58:23+00:00","dateModified":"2026-03-27T17:51:34+00:00","breadcrumb":{"@id":"https:\/\/tourcruiser.com\/de\/products\/asics-hyper-speed-4-safety-yellow-black\/#breadcrumb"},"inLanguage":"de","potentialAction":[{"@type":"ReadAction","target":["https:\/\/tourcruiser.com\/de\/products\/asics-hyper-speed-4-safety-yellow-black\/"]}]},{"@type":"ImageObject","inLanguage":"de","@id":"https:\/\/tourcruiser.com\/de\/products\/asics-hyper-speed-4-safety-yellow-black\/#primaryimage","url":"https:\/\/images.novelship.com\/product\/asics_hyper_speed_4__safety_yellow_black__1011b874_0_55642.jpeg;https:\/\/images.novelship.com\/product\/asics_hyper_speed_4__safety_yellow_black__1011b874_1_55642.jpeg;https:\/\/images.novelship.com\/product\/asics_hyper_speed_4__safety_yellow_black__1011b874_2_55642.jpeg;https:\/\/images.novelship.com\/product\/asics_hyper_speed_4__safety_yellow_black__1011b874_3_55642.jpeg;https:\/\/images.novelship.com\/product\/asics_hyper_speed_4__safety_yellow_black__1011b874_4_55642.jpeg;https:\/\/images.novelship.com\/product\/asics_hyper_speed_4__safety_yellow_black__1011b874_5_55642.jpeg;https:\/\/images.novelship.com\/product\/asics_hyper_speed_4__safety_yellow_black__1011b874_6_55642.jpeg","contentUrl":"https:\/\/images.novelship.com\/product\/asics_hyper_speed_4__safety_yellow_black__1011b874_0_55642.jpeg;https:\/\/images.novelship.com\/product\/asics_hyper_speed_4__safety_yellow_black__1011b874_1_55642.jpeg;https:\/\/images.novelship.com\/product\/asics_hyper_speed_4__safety_yellow_black__1011b874_2_55642.jpeg;https:\/\/images.novelship.com\/product\/asics_hyper_speed_4__safety_yellow_black__1011b874_3_55642.jpeg;https:\/\/images.novelship.com\/product\/asics_hyper_speed_4__safety_yellow_black__1011b874_4_55642.jpeg;https:\/\/images.novelship.com\/product\/asics_hyper_speed_4__safety_yellow_black__1011b874_5_55642.jpeg;https:\/\/images.novelship.com\/product\/asics_hyper_speed_4__safety_yellow_black__1011b874_6_55642.jpeg"},{"@type":"BreadcrumbList","@id":"https:\/\/tourcruiser.com\/de\/products\/asics-hyper-speed-4-safety-yellow-black\/#breadcrumb","itemListElement":[{"@type":"ListItem","position":1,"name":"Home","item":"https:\/\/tourcruiser.com\/de\/"},{"@type":"ListItem","position":2,"name":"Shop","item":"https:\/\/tourcruiser.com\/de\/shop\/"},{"@type":"ListItem","position":3,"name":"ASICS Hyper Speed 4 'Safety Yellow Black'"}]},{"@type":"WebSite","@id":"https:\/\/tourcruiser.com\/de\/#website","url":"https:\/\/tourcruiser.com\/de\/","name":"Styloral Jewelry Shop","description":"Tourcruiser Sneaker Store \u2014 der Ort, an dem das Universum deine Einzigartigkeit trifft.","publisher":{"@id":"https:\/\/tourcruiser.com\/de\/#organization"},"potentialAction":[{"@type":"SearchAction","target":{"@type":"EntryPoint","urlTemplate":"https:\/\/tourcruiser.com\/de\/?s={search_term_string}"},"query-input":{"@type":"PropertyValueSpecification","valueRequired":true,"valueName":"search_term_string"}}],"inLanguage":"de"},{"@type":"Organization","@id":"https:\/\/tourcruiser.com\/de\/#organization","name":"STYLORAL PTE. LTD","url":"https:\/\/tourcruiser.com\/de\/","logo":{"@type":"ImageObject","inLanguage":"de","@id":"https:\/\/tourcruiser.com\/de\/#\/schema\/logo\/image\/","url":"https:\/\/www.tourcruiser.com\/wp-content\/uploads\/2025\/12\/logo.png","contentUrl":"https:\/\/www.tourcruiser.com\/wp-content\/uploads\/2025\/12\/logo.png","width":200,"height":65,"caption":"STYLORAL PTE. LTD"},"image":{"@id":"https:\/\/tourcruiser.com\/de\/#\/schema\/logo\/image\/"}}]}},"_links":{"self":[{"href":"https:\/\/tourcruiser.com\/de\/wp-json\/wp\/v2\/product\/43371","targetHints":{"allow":["GET"]}}],"collection":[{"href":"https:\/\/tourcruiser.com\/de\/wp-json\/wp\/v2\/product"}],"about":[{"href":"https:\/\/tourcruiser.com\/de\/wp-json\/wp\/v2\/types\/product"}],"replies":[{"embeddable":true,"href":"https:\/\/tourcruiser.com\/de\/wp-json\/wp\/v2\/comments?post=43371"}],"wp:featuredmedia":[{"embeddable":true,"href":"https:\/\/tourcruiser.com\/de\/wp-json\/wp\/v2\/media\/43372"}],"wp:attachment":[{"href":"https:\/\/tourcruiser.com\/de\/wp-json\/wp\/v2\/media?parent=43371"}],"wp:term":[{"taxonomy":"product_brand","embeddable":true,"href":"https:\/\/tourcruiser.com\/de\/wp-json\/wp\/v2\/product_brand?post=43371"},{"taxonomy":"product_cat","embeddable":true,"href":"https:\/\/tourcruiser.com\/de\/wp-json\/wp\/v2\/product_cat?post=43371"},{"taxonomy":"product_tag","embeddable":true,"href":"https:\/\/tourcruiser.com\/de\/wp-json\/wp\/v2\/product_tag?post=43371"}],"curies":[{"name":"wp","href":"https:\/\/api.w.org\/{rel}","templated":true}]}}