{"id":43145,"date":"2026-03-02T14:58:04","date_gmt":"2026-03-02T07:58:04","guid":{"rendered":"http:\/\/tourcruiser.com\/product\/hoka-one-one-speedgoat-4-real-teal-persimmon-orange"},"modified":"2026-03-28T00:51:22","modified_gmt":"2026-03-27T17:51:22","slug":"hoka-one-one-speedgoat-4-real-teal-persimmon-orange","status":"publish","type":"product","link":"https:\/\/tourcruiser.com\/de\/products\/hoka-one-one-speedgoat-4-real-teal-persimmon-orange\/","title":{"rendered":"Hoka One One Speedgoat 4 &#8218;Real Teal Persimmon Orange&#8216;"},"content":{"rendered":"<p>Wir pr\u00e4sentieren den Hoka One One Speedgoat 4 in \u201eReal Teal Persimmon Orange\u201c \u201d\u201c den ultimativen Trailrunningschuh f\u00fcr jedes Terrain. Mit seiner breiteren Zehenbox f\u00fcr verbesserte Stabilit\u00e4t, der Vibram\u00c2\u00ae MegaGrip-Au\u00dfensohle f\u00fcr un\u00fcbertroffene Traktion und der CMEVA-Schaum-Mittelsohle f\u00fcr unvergleichliche D\u00e4mpfung gibt dir der Speedgoat 4 die n\u00f6tige Sicherheit, um jedes Abenteuer souver\u00e4n zu meistern. Seine auff\u00e4llige Farbkombination verleiht deinen Outdoor-Aktivit\u00e4ten einen Hauch von Lebendigkeit und macht ihn zur idealen Wahl f\u00fcr Trail-Fans, die Wert auf Performance und Style legen.<\/p>\n<p>Farbe: Real Teal\/Persimmon Orange<br \/>\nArtikelnummer: 1106525-RTPO<\/p>\n<p>Farbe: Blau<br \/>\nErscheinungsjahr: 2019<\/p>\n<p>Farbe: Blau<\/p>\n","protected":false},"excerpt":{"rendered":"<p>HOKA Speedgoat 4 \u201d\u201d Real Teal\/Persimmon Orange<\/p>\n","protected":false},"featured_media":43146,"comment_status":"open","ping_status":"closed","template":"","meta":[],"product_brand":[],"product_cat":[11495],"product_tag":[10753,11494,10802,10840,11006,10758],"class_list":{"0":"post-43145","1":"product","2":"type-product","3":"status-publish","4":"has-post-thumbnail","6":"product_cat-hoka","7":"product_tag-gift-for-him","8":"product_tag-hoka","9":"product_tag-performance-sport-shoes","10":"product_tag-running-shoes","11":"product_tag-trail-running-shoes","12":"product_tag-under-retail","13":"wcpa_has_options","15":"first","16":"outofstock","17":"taxable","18":"shipping-taxable","19":"purchasable","20":"product-type-simple"},"wcpa_form_fields":{"rules":{"pric_overide_base_price":false,"pric_overide_base_price_if_gt_zero":false,"pric_overide_base_price_fully":false,"pric_cal_option_once":false,"pric_use_as_fee":false,"bind_quantity":false,"quantity_bind_formula":false},"fields":[{"type":"color-group","required":true,"elementId":"wcpa-color-group-69a5afd8a7cca","label":"Gr\u00f6\u00dfe","inline":true,"priceOptions":"different_for_all","pricingType":"fixed","className":"hassizechart product-shoes-size-eu product-shoes-size","name":"color-group-69a5afd8a7cd3","disp_type":"square","selection_type":"tick-border","disp_size":"50","show_label_inside":true,"adjust_width":true,"cart_display_type":"text","other_text":"Other","cl_rule":"show","col":6,"values":[{"label":"35 1\/3","value":"EU 35 1\/3","price":"","pimage":"","pimage_id":"","pthumb":"","color":""},{"label":"36","value":"EU 36","price":"","pimage":"","pimage_id":"","pthumb":"","color":""},{"label":"36 2\/3","value":"EU 36 2\/3","price":"","pimage":"","pimage_id":"","pthumb":"","color":""},{"label":"37 1\/3","value":"EU 37 1\/3","price":"","pimage":"","pimage_id":"","pthumb":"","color":"","selected":true},{"label":"38","value":"EU 38","price":"","pimage":"","pimage_id":"","pthumb":"","color":""},{"label":"38 2\/3","value":"EU 38 2\/3","price":"","pimage":"","pimage_id":"","pthumb":"","color":""},{"label":"39 1\/3","value":"EU 39 1\/3","price":"","pimage":"","pimage_id":"","pthumb":"","color":""},{"label":"39.5","value":"EU 39.5","price":"","pimage":"","pimage_id":"","pthumb":"","color":""},{"label":"40","value":"EU 40","price":"","pimage":"","pimage_id":"","pthumb":"","color":""},{"label":"40 2\/3","value":"EU 40  2\/3","price":"","pimage":"","pimage_id":"","pthumb":"","color":""},{"label":" 41 1\/3","value":"EU 41.5","price":"","pimage":"","pimage_id":"","pthumb":"","color":""},{"label":"42","value":"EU 42","price":"","pimage":"","pimage_id":"","pthumb":"","color":""},{"label":"42 2\/3","value":"EU 42 2\/3","price":"","pimage":"","pimage_id":"","pthumb":"","color":""},{"label":"43 1\/3","value":"EU 43 1\/3","price":"","pimage":"","pimage_id":"","pthumb":"","color":""},{"label":"44","value":"EU 44","price":"","pimage":"","pimage_id":"","pthumb":"","color":""},{"label":"44 2\/3","value":"EU 44 2\/3","price":"","pimage":"","pimage_id":"","pthumb":"","color":""},{"label":"45 1\/3","value":"EU 45 1\/3","price":"","pimage":"","pimage_id":"","pthumb":"","color":""}],"relations":[{"operator":false,"rules":[]}],"form_id":184317,"form_rules":{"pric_cal_option_once":false,"exclude_from_discount":false,"pric_use_as_fee":false,"fee_label":"Fee","render_after_acb":false,"disp_hide_options_price":false}}]},"yoast_head":"<!-- This site is optimized with the Yoast SEO plugin v26.5 - https:\/\/yoast.com\/wordpress\/plugins\/seo\/ -->\n<title>Hoka One One Speedgoat 4 &#039;Real Teal Persimmon Orange&#039;  - Tourcruiser PTE. LTD<\/title>\n<meta name=\"robots\" content=\"index, follow, max-snippet:-1, max-image-preview:large, max-video-preview:-1\" \/>\n<link rel=\"canonical\" href=\"https:\/\/tourcruiser.com\/de\/products\/hoka-one-one-speedgoat-4-real-teal-persimmon-orange\/\" \/>\n<meta property=\"og:locale\" content=\"de_DE\" \/>\n<meta property=\"og:type\" content=\"article\" \/>\n<meta property=\"og:title\" content=\"Hoka One One Speedgoat 4 &#039;Real Teal Persimmon Orange&#039;  - Tourcruiser PTE. LTD\" \/>\n<meta property=\"og:description\" content=\"HOKA Speedgoat 4 \u201d\u201d Real Teal\/Persimmon Orange\" \/>\n<meta property=\"og:url\" content=\"https:\/\/tourcruiser.com\/de\/products\/hoka-one-one-speedgoat-4-real-teal-persimmon-orange\/\" \/>\n<meta property=\"og:site_name\" content=\"Tourcruiser Sneaker Store\" \/>\n<meta property=\"article:modified_time\" content=\"2026-03-27T17:51:22+00:00\" \/>\n<meta name=\"twitter:card\" content=\"summary_large_image\" \/>\n<meta name=\"twitter:image\" content=\"https:\/\/images.novelship.com\/product\/hoka_one_one_speedgoat_4__real_teal_persimmon_oran_0_31437.jpeg;https:\/\/images.novelship.com\/product\/hoka_one_one_speedgoat_4__real_teal_persimmon_oran_1_31438.jpeg;https:\/\/images.novelship.com\/product\/hoka_one_one_speedgoat_4__real_teal_persimmon_oran_2_31438.jpeg;https:\/\/images.novelship.com\/product\/hoka_one_one_speedgoat_4__real_teal_persimmon_oran_3_31438.jpeg;https:\/\/images.novelship.com\/product\/hoka_one_one_speedgoat_4__real_teal_persimmon_oran_4_31438.jpeg\" \/>\n<meta name=\"twitter:label1\" content=\"Gesch\u00e4tzte Lesezeit\" \/>\n\t<meta name=\"twitter:data1\" content=\"1\u00a0Minute\" \/>\n<script type=\"application\/ld+json\" class=\"yoast-schema-graph\">{\"@context\":\"https:\/\/schema.org\",\"@graph\":[{\"@type\":\"WebPage\",\"@id\":\"https:\/\/tourcruiser.com\/de\/products\/hoka-one-one-speedgoat-4-real-teal-persimmon-orange\/\",\"url\":\"https:\/\/tourcruiser.com\/de\/products\/hoka-one-one-speedgoat-4-real-teal-persimmon-orange\/\",\"name\":\"Hoka One One Speedgoat 4 'Real Teal Persimmon Orange' - Tourcruiser PTE. LTD\",\"isPartOf\":{\"@id\":\"https:\/\/tourcruiser.com\/de\/#website\"},\"primaryImageOfPage\":{\"@id\":\"https:\/\/tourcruiser.com\/de\/products\/hoka-one-one-speedgoat-4-real-teal-persimmon-orange\/#primaryimage\"},\"image\":{\"@id\":\"https:\/\/tourcruiser.com\/de\/products\/hoka-one-one-speedgoat-4-real-teal-persimmon-orange\/#primaryimage\"},\"thumbnailUrl\":\"https:\/\/images.novelship.com\/product\/hoka_one_one_speedgoat_4__real_teal_persimmon_oran_0_31437.jpeg;https:\/\/images.novelship.com\/product\/hoka_one_one_speedgoat_4__real_teal_persimmon_oran_1_31438.jpeg;https:\/\/images.novelship.com\/product\/hoka_one_one_speedgoat_4__real_teal_persimmon_oran_2_31438.jpeg;https:\/\/images.novelship.com\/product\/hoka_one_one_speedgoat_4__real_teal_persimmon_oran_3_31438.jpeg;https:\/\/images.novelship.com\/product\/hoka_one_one_speedgoat_4__real_teal_persimmon_oran_4_31438.jpeg\",\"datePublished\":\"2026-03-02T07:58:04+00:00\",\"dateModified\":\"2026-03-27T17:51:22+00:00\",\"breadcrumb\":{\"@id\":\"https:\/\/tourcruiser.com\/de\/products\/hoka-one-one-speedgoat-4-real-teal-persimmon-orange\/#breadcrumb\"},\"inLanguage\":\"de\",\"potentialAction\":[{\"@type\":\"ReadAction\",\"target\":[\"https:\/\/tourcruiser.com\/de\/products\/hoka-one-one-speedgoat-4-real-teal-persimmon-orange\/\"]}]},{\"@type\":\"ImageObject\",\"inLanguage\":\"de\",\"@id\":\"https:\/\/tourcruiser.com\/de\/products\/hoka-one-one-speedgoat-4-real-teal-persimmon-orange\/#primaryimage\",\"url\":\"https:\/\/images.novelship.com\/product\/hoka_one_one_speedgoat_4__real_teal_persimmon_oran_0_31437.jpeg;https:\/\/images.novelship.com\/product\/hoka_one_one_speedgoat_4__real_teal_persimmon_oran_1_31438.jpeg;https:\/\/images.novelship.com\/product\/hoka_one_one_speedgoat_4__real_teal_persimmon_oran_2_31438.jpeg;https:\/\/images.novelship.com\/product\/hoka_one_one_speedgoat_4__real_teal_persimmon_oran_3_31438.jpeg;https:\/\/images.novelship.com\/product\/hoka_one_one_speedgoat_4__real_teal_persimmon_oran_4_31438.jpeg\",\"contentUrl\":\"https:\/\/images.novelship.com\/product\/hoka_one_one_speedgoat_4__real_teal_persimmon_oran_0_31437.jpeg;https:\/\/images.novelship.com\/product\/hoka_one_one_speedgoat_4__real_teal_persimmon_oran_1_31438.jpeg;https:\/\/images.novelship.com\/product\/hoka_one_one_speedgoat_4__real_teal_persimmon_oran_2_31438.jpeg;https:\/\/images.novelship.com\/product\/hoka_one_one_speedgoat_4__real_teal_persimmon_oran_3_31438.jpeg;https:\/\/images.novelship.com\/product\/hoka_one_one_speedgoat_4__real_teal_persimmon_oran_4_31438.jpeg\"},{\"@type\":\"BreadcrumbList\",\"@id\":\"https:\/\/tourcruiser.com\/de\/products\/hoka-one-one-speedgoat-4-real-teal-persimmon-orange\/#breadcrumb\",\"itemListElement\":[{\"@type\":\"ListItem\",\"position\":1,\"name\":\"Home\",\"item\":\"https:\/\/tourcruiser.com\/de\/\"},{\"@type\":\"ListItem\",\"position\":2,\"name\":\"Shop\",\"item\":\"https:\/\/tourcruiser.com\/de\/shop\/\"},{\"@type\":\"ListItem\",\"position\":3,\"name\":\"Hoka One One Speedgoat 4 'Real Teal Persimmon Orange'\"}]},{\"@type\":\"WebSite\",\"@id\":\"https:\/\/tourcruiser.com\/de\/#website\",\"url\":\"https:\/\/tourcruiser.com\/de\/\",\"name\":\"Styloral Jewelry Shop\",\"description\":\"Tourcruiser Sneaker Store \u2014 der Ort, an dem das Universum deine Einzigartigkeit trifft.\",\"publisher\":{\"@id\":\"https:\/\/tourcruiser.com\/de\/#organization\"},\"potentialAction\":[{\"@type\":\"SearchAction\",\"target\":{\"@type\":\"EntryPoint\",\"urlTemplate\":\"https:\/\/tourcruiser.com\/de\/?s={search_term_string}\"},\"query-input\":{\"@type\":\"PropertyValueSpecification\",\"valueRequired\":true,\"valueName\":\"search_term_string\"}}],\"inLanguage\":\"de\"},{\"@type\":\"Organization\",\"@id\":\"https:\/\/tourcruiser.com\/de\/#organization\",\"name\":\"STYLORAL PTE. LTD\",\"url\":\"https:\/\/tourcruiser.com\/de\/\",\"logo\":{\"@type\":\"ImageObject\",\"inLanguage\":\"de\",\"@id\":\"https:\/\/tourcruiser.com\/de\/#\/schema\/logo\/image\/\",\"url\":\"https:\/\/www.tourcruiser.com\/wp-content\/uploads\/2025\/12\/logo.png\",\"contentUrl\":\"https:\/\/www.tourcruiser.com\/wp-content\/uploads\/2025\/12\/logo.png\",\"width\":200,\"height\":65,\"caption\":\"STYLORAL PTE. LTD\"},\"image\":{\"@id\":\"https:\/\/tourcruiser.com\/de\/#\/schema\/logo\/image\/\"}}]}<\/script>\n<!-- \/ Yoast SEO plugin. -->","yoast_head_json":{"title":"Hoka One One Speedgoat 4 'Real Teal Persimmon Orange'  - Tourcruiser PTE. LTD","robots":{"index":"index","follow":"follow","max-snippet":"max-snippet:-1","max-image-preview":"max-image-preview:large","max-video-preview":"max-video-preview:-1"},"canonical":"https:\/\/tourcruiser.com\/de\/products\/hoka-one-one-speedgoat-4-real-teal-persimmon-orange\/","og_locale":"de_DE","og_type":"article","og_title":"Hoka One One Speedgoat 4 'Real Teal Persimmon Orange'  - Tourcruiser PTE. LTD","og_description":"HOKA Speedgoat 4 \u201d\u201d Real Teal\/Persimmon Orange","og_url":"https:\/\/tourcruiser.com\/de\/products\/hoka-one-one-speedgoat-4-real-teal-persimmon-orange\/","og_site_name":"Tourcruiser Sneaker Store","article_modified_time":"2026-03-27T17:51:22+00:00","twitter_card":"summary_large_image","twitter_image":"https:\/\/images.novelship.com\/product\/hoka_one_one_speedgoat_4__real_teal_persimmon_oran_0_31437.jpeg;https:\/\/images.novelship.com\/product\/hoka_one_one_speedgoat_4__real_teal_persimmon_oran_1_31438.jpeg;https:\/\/images.novelship.com\/product\/hoka_one_one_speedgoat_4__real_teal_persimmon_oran_2_31438.jpeg;https:\/\/images.novelship.com\/product\/hoka_one_one_speedgoat_4__real_teal_persimmon_oran_3_31438.jpeg;https:\/\/images.novelship.com\/product\/hoka_one_one_speedgoat_4__real_teal_persimmon_oran_4_31438.jpeg","twitter_misc":{"Gesch\u00e4tzte Lesezeit":"1\u00a0Minute"},"schema":{"@context":"https:\/\/schema.org","@graph":[{"@type":"WebPage","@id":"https:\/\/tourcruiser.com\/de\/products\/hoka-one-one-speedgoat-4-real-teal-persimmon-orange\/","url":"https:\/\/tourcruiser.com\/de\/products\/hoka-one-one-speedgoat-4-real-teal-persimmon-orange\/","name":"Hoka One One Speedgoat 4 'Real Teal Persimmon Orange' - Tourcruiser PTE. LTD","isPartOf":{"@id":"https:\/\/tourcruiser.com\/de\/#website"},"primaryImageOfPage":{"@id":"https:\/\/tourcruiser.com\/de\/products\/hoka-one-one-speedgoat-4-real-teal-persimmon-orange\/#primaryimage"},"image":{"@id":"https:\/\/tourcruiser.com\/de\/products\/hoka-one-one-speedgoat-4-real-teal-persimmon-orange\/#primaryimage"},"thumbnailUrl":"https:\/\/images.novelship.com\/product\/hoka_one_one_speedgoat_4__real_teal_persimmon_oran_0_31437.jpeg;https:\/\/images.novelship.com\/product\/hoka_one_one_speedgoat_4__real_teal_persimmon_oran_1_31438.jpeg;https:\/\/images.novelship.com\/product\/hoka_one_one_speedgoat_4__real_teal_persimmon_oran_2_31438.jpeg;https:\/\/images.novelship.com\/product\/hoka_one_one_speedgoat_4__real_teal_persimmon_oran_3_31438.jpeg;https:\/\/images.novelship.com\/product\/hoka_one_one_speedgoat_4__real_teal_persimmon_oran_4_31438.jpeg","datePublished":"2026-03-02T07:58:04+00:00","dateModified":"2026-03-27T17:51:22+00:00","breadcrumb":{"@id":"https:\/\/tourcruiser.com\/de\/products\/hoka-one-one-speedgoat-4-real-teal-persimmon-orange\/#breadcrumb"},"inLanguage":"de","potentialAction":[{"@type":"ReadAction","target":["https:\/\/tourcruiser.com\/de\/products\/hoka-one-one-speedgoat-4-real-teal-persimmon-orange\/"]}]},{"@type":"ImageObject","inLanguage":"de","@id":"https:\/\/tourcruiser.com\/de\/products\/hoka-one-one-speedgoat-4-real-teal-persimmon-orange\/#primaryimage","url":"https:\/\/images.novelship.com\/product\/hoka_one_one_speedgoat_4__real_teal_persimmon_oran_0_31437.jpeg;https:\/\/images.novelship.com\/product\/hoka_one_one_speedgoat_4__real_teal_persimmon_oran_1_31438.jpeg;https:\/\/images.novelship.com\/product\/hoka_one_one_speedgoat_4__real_teal_persimmon_oran_2_31438.jpeg;https:\/\/images.novelship.com\/product\/hoka_one_one_speedgoat_4__real_teal_persimmon_oran_3_31438.jpeg;https:\/\/images.novelship.com\/product\/hoka_one_one_speedgoat_4__real_teal_persimmon_oran_4_31438.jpeg","contentUrl":"https:\/\/images.novelship.com\/product\/hoka_one_one_speedgoat_4__real_teal_persimmon_oran_0_31437.jpeg;https:\/\/images.novelship.com\/product\/hoka_one_one_speedgoat_4__real_teal_persimmon_oran_1_31438.jpeg;https:\/\/images.novelship.com\/product\/hoka_one_one_speedgoat_4__real_teal_persimmon_oran_2_31438.jpeg;https:\/\/images.novelship.com\/product\/hoka_one_one_speedgoat_4__real_teal_persimmon_oran_3_31438.jpeg;https:\/\/images.novelship.com\/product\/hoka_one_one_speedgoat_4__real_teal_persimmon_oran_4_31438.jpeg"},{"@type":"BreadcrumbList","@id":"https:\/\/tourcruiser.com\/de\/products\/hoka-one-one-speedgoat-4-real-teal-persimmon-orange\/#breadcrumb","itemListElement":[{"@type":"ListItem","position":1,"name":"Home","item":"https:\/\/tourcruiser.com\/de\/"},{"@type":"ListItem","position":2,"name":"Shop","item":"https:\/\/tourcruiser.com\/de\/shop\/"},{"@type":"ListItem","position":3,"name":"Hoka One One Speedgoat 4 'Real Teal Persimmon Orange'"}]},{"@type":"WebSite","@id":"https:\/\/tourcruiser.com\/de\/#website","url":"https:\/\/tourcruiser.com\/de\/","name":"Styloral Jewelry Shop","description":"Tourcruiser Sneaker Store \u2014 der Ort, an dem das Universum deine Einzigartigkeit trifft.","publisher":{"@id":"https:\/\/tourcruiser.com\/de\/#organization"},"potentialAction":[{"@type":"SearchAction","target":{"@type":"EntryPoint","urlTemplate":"https:\/\/tourcruiser.com\/de\/?s={search_term_string}"},"query-input":{"@type":"PropertyValueSpecification","valueRequired":true,"valueName":"search_term_string"}}],"inLanguage":"de"},{"@type":"Organization","@id":"https:\/\/tourcruiser.com\/de\/#organization","name":"STYLORAL PTE. LTD","url":"https:\/\/tourcruiser.com\/de\/","logo":{"@type":"ImageObject","inLanguage":"de","@id":"https:\/\/tourcruiser.com\/de\/#\/schema\/logo\/image\/","url":"https:\/\/www.tourcruiser.com\/wp-content\/uploads\/2025\/12\/logo.png","contentUrl":"https:\/\/www.tourcruiser.com\/wp-content\/uploads\/2025\/12\/logo.png","width":200,"height":65,"caption":"STYLORAL PTE. LTD"},"image":{"@id":"https:\/\/tourcruiser.com\/de\/#\/schema\/logo\/image\/"}}]}},"_links":{"self":[{"href":"https:\/\/tourcruiser.com\/de\/wp-json\/wp\/v2\/product\/43145","targetHints":{"allow":["GET"]}}],"collection":[{"href":"https:\/\/tourcruiser.com\/de\/wp-json\/wp\/v2\/product"}],"about":[{"href":"https:\/\/tourcruiser.com\/de\/wp-json\/wp\/v2\/types\/product"}],"replies":[{"embeddable":true,"href":"https:\/\/tourcruiser.com\/de\/wp-json\/wp\/v2\/comments?post=43145"}],"wp:featuredmedia":[{"embeddable":true,"href":"https:\/\/tourcruiser.com\/de\/wp-json\/wp\/v2\/media\/43146"}],"wp:attachment":[{"href":"https:\/\/tourcruiser.com\/de\/wp-json\/wp\/v2\/media?parent=43145"}],"wp:term":[{"taxonomy":"product_brand","embeddable":true,"href":"https:\/\/tourcruiser.com\/de\/wp-json\/wp\/v2\/product_brand?post=43145"},{"taxonomy":"product_cat","embeddable":true,"href":"https:\/\/tourcruiser.com\/de\/wp-json\/wp\/v2\/product_cat?post=43145"},{"taxonomy":"product_tag","embeddable":true,"href":"https:\/\/tourcruiser.com\/de\/wp-json\/wp\/v2\/product_tag?post=43145"}],"curies":[{"name":"wp","href":"https:\/\/api.w.org\/{rel}","templated":true}]}}