{"id":42984,"date":"2026-03-02T14:57:47","date_gmt":"2026-03-02T07:57:47","guid":{"rendered":"http:\/\/tourcruiser.com\/product\/new-balance-fresh-foam-garo-shoes-black-white"},"modified":"2026-03-28T01:51:35","modified_gmt":"2026-03-27T18:51:35","slug":"new-balance-fresh-foam-garo-shoes-black-white","status":"publish","type":"product","link":"https:\/\/tourcruiser.com\/de\/products\/new-balance-fresh-foam-garo-shoes-black-white\/","title":{"rendered":"New Balance Fresh Foam Garo Shoes &#8218;Black White&#8216;"},"content":{"rendered":"<p>Steigern Sie Ihren Style und Komfort mit den eleganten New Balance Fresh Foam Garo Schuhen in Schwarz-Wei\u00df (MTGAROK1). Diese Sneaker bieten ein atmungsaktives Mesh-Obermaterial f\u00fcr optimale Luftzirkulation, w\u00e4hrend die Fresh Foam-Mittelsohle bei jedem Schritt f\u00fcr angenehme D\u00e4mpfung sorgt. Die griffige, strapazierf\u00e4hige Gummiau\u00dfensohle garantiert Stabilit\u00e4t und Traktion auf verschiedenen Untergr\u00fcnden. Erleben Sie die perfekte Kombination aus sportlich und l\u00e4ssig mit diesen vielseitigen Schuhen.<\/p>\n<ul>\n<li><strong>Farbgebung:<\/strong> Schwarz \/ Wei\u00df<\/li>\n<li><strong>Style-Code:<\/strong> MTGAROK1<\/li>\n<li><strong>Farbe:<\/strong> Schwarz<\/li>\n<\/ul>\n","protected":false},"excerpt":{"rendered":"<p>New Balance Fresh Foam Garo \u201d\u201d Black \/ White<\/p>\n","protected":false},"featured_media":42985,"comment_status":"open","ping_status":"closed","template":"","meta":[],"product_brand":[],"product_cat":[10771],"product_tag":[10753,10766,10767,10802,10873,10758],"class_list":{"0":"post-42984","1":"product","2":"type-product","3":"status-publish","4":"has-post-thumbnail","6":"product_cat-new-balance","7":"product_tag-gift-for-him","8":"product_tag-new-balance","9":"product_tag-new-balance-running-shoes","10":"product_tag-performance-sport-shoes","11":"product_tag-training-shoes","12":"product_tag-under-retail","13":"wcpa_has_options","15":"first","16":"outofstock","17":"taxable","18":"shipping-taxable","19":"purchasable","20":"product-type-simple"},"wcpa_form_fields":{"rules":{"pric_overide_base_price":false,"pric_overide_base_price_if_gt_zero":false,"pric_overide_base_price_fully":false,"pric_cal_option_once":false,"pric_use_as_fee":false,"bind_quantity":false,"quantity_bind_formula":false},"fields":[{"type":"color-group","required":true,"elementId":"wcpa-color-group-66c4a928225d2","label":"Gr\u00f6\u00dfe","inline":true,"priceOptions":"different_for_all","pricingType":"fixed","className":"hassizechart product-shoes-size-eu product-shoes-size","name":"color-group-66c4a928225e2","disp_type":"square","selection_type":"tick-border","disp_size":"50","show_label_inside":true,"adjust_width":true,"cart_display_type":"text","other_text":"Other","cl_rule":"show","col":6,"values":[{"label":"35","value":"EU 35","price":"","pimage":"","pimage_id":"","pthumb":"","color":""},{"label":"36","value":"EU 36","price":"","pimage":"","pimage_id":"","pthumb":"","color":"","selected":true},{"label":"37","value":"EU 37","price":"","pimage":"","pimage_id":"","pthumb":"","color":""},{"label":"37.5","value":"EU 37.5","price":"","pimage":"","pimage_id":"","pthumb":"","color":""},{"label":"38","value":"EU 38","price":"","pimage":"","pimage_id":"","pthumb":"","color":""},{"label":"38.5","value":"EU 38.5","price":"","pimage":"","pimage_id":"","pthumb":"","color":""},{"label":"39","value":"EU 39","price":"","pimage":"","pimage_id":"","pthumb":"","color":""},{"label":"39.5","value":"EU 39.5","price":"","pimage":"","pimage_id":"","pthumb":"","color":""},{"label":"40","value":"EU 40","price":"","pimage":"","pimage_id":"","pthumb":"","color":""},{"label":"40.5","value":"EU 40.5","price":"","pimage":"","pimage_id":"","pthumb":"","color":""},{"label":" 41.5","value":"EU 41.5","price":"","pimage":"","pimage_id":"","pthumb":"","color":""},{"label":"42","value":"EU 42","price":"","pimage":"","pimage_id":"","pthumb":"","color":""},{"label":"42.5","value":"EU 42.5","price":"","pimage":"","pimage_id":"","pthumb":"","color":""},{"label":"43","value":"EU 43","price":"","pimage":"","pimage_id":"","pthumb":"","color":""},{"label":"44","value":"EU 44","price":"","pimage":"","pimage_id":"","pthumb":"","color":""},{"label":"44.5","value":"EU 44.5","price":"","pimage":"","pimage_id":"","pthumb":"","color":""},{"label":"45","value":"EU 45","price":"","pimage":"","pimage_id":"","pthumb":"","color":""},{"label":"45.5","value":"EU 45.5","price":"","pimage":"","pimage_id":"","pthumb":"","color":""},{"label":"46","value":"EU 46","price":"","pimage":"","pimage_id":"","pthumb":"","color":""}],"relations":[{"operator":false,"rules":[]}],"form_id":24803,"form_rules":{"pric_cal_option_once":false,"exclude_from_discount":false,"pric_use_as_fee":false,"fee_label":"Fee","render_after_acb":false,"disp_hide_options_price":false}}]},"yoast_head":"<!-- This site is optimized with the Yoast SEO plugin v26.5 - https:\/\/yoast.com\/wordpress\/plugins\/seo\/ -->\n<title>New Balance Fresh Foam Garo Shoes &#039;Black White&#039;  - Tourcruiser PTE. LTD<\/title>\n<meta name=\"robots\" content=\"index, follow, max-snippet:-1, max-image-preview:large, max-video-preview:-1\" \/>\n<link rel=\"canonical\" href=\"https:\/\/tourcruiser.com\/\" \/>\n<meta property=\"og:locale\" content=\"de_DE\" \/>\n<meta property=\"og:type\" content=\"article\" \/>\n<meta property=\"og:title\" content=\"New Balance Fresh Foam Garo Shoes &#039;Black White&#039;  - Tourcruiser PTE. LTD\" \/>\n<meta property=\"og:description\" content=\"New Balance Fresh Foam Garo \u201d\u201d Black \/ White\" \/>\n<meta property=\"og:url\" content=\"\/\" \/>\n<meta property=\"og:site_name\" content=\"Tourcruiser Sneaker Store\" \/>\n<meta property=\"article:modified_time\" content=\"2026-03-27T18:51:35+00:00\" \/>\n<meta name=\"twitter:card\" content=\"summary_large_image\" \/>\n<meta name=\"twitter:image\" content=\"https:\/\/images.novelship.com\/product\/new_balance_fresh_foam_garo_shoes__black_white__mt_0_13205.jpeg;https:\/\/images.novelship.com\/product\/new_balance_fresh_foam_garo_shoes__black_white__mt_1_13205.jpeg;https:\/\/images.novelship.com\/product\/new_balance_fresh_foam_garo_shoes__black_white__mt_2_13205.jpeg;https:\/\/images.novelship.com\/product\/new_balance_fresh_foam_garo_shoes__black_white__mt_3_13205.jpeg;https:\/\/images.novelship.com\/product\/new_balance_fresh_foam_garo_shoes__black_white__mt_4_13205.jpeg\" \/>\n<script type=\"application\/ld+json\" class=\"yoast-schema-graph\">{\"@context\":\"https:\/\/schema.org\",\"@graph\":[{\"@type\":\"WebPage\",\"@id\":\"\/\",\"url\":\"https:\/\/tourcruiser.com\/\",\"name\":\"New Balance Fresh Foam Garo Shoes 'Black White' - Tourcruiser PTE. LTD\",\"isPartOf\":{\"@id\":\"\/#website\"},\"primaryImageOfPage\":{\"@id\":\"https:\/\/tourcruiser.com\/#primaryimage\"},\"image\":{\"@id\":\"https:\/\/tourcruiser.com\/#primaryimage\"},\"thumbnailUrl\":\"https:\/\/images.novelship.com\/product\/new_balance_fresh_foam_garo_shoes__black_white__mt_0_13205.jpeg;https:\/\/images.novelship.com\/product\/new_balance_fresh_foam_garo_shoes__black_white__mt_1_13205.jpeg;https:\/\/images.novelship.com\/product\/new_balance_fresh_foam_garo_shoes__black_white__mt_2_13205.jpeg;https:\/\/images.novelship.com\/product\/new_balance_fresh_foam_garo_shoes__black_white__mt_3_13205.jpeg;https:\/\/images.novelship.com\/product\/new_balance_fresh_foam_garo_shoes__black_white__mt_4_13205.jpeg\",\"datePublished\":\"2026-03-02T07:57:47+00:00\",\"dateModified\":\"2026-03-27T18:51:35+00:00\",\"breadcrumb\":{\"@id\":\"https:\/\/tourcruiser.com\/#breadcrumb\"},\"inLanguage\":\"de\",\"potentialAction\":[{\"@type\":\"ReadAction\",\"target\":[\"https:\/\/tourcruiser.com\/\"]}]},{\"@type\":\"ImageObject\",\"inLanguage\":\"de\",\"@id\":\"https:\/\/tourcruiser.com\/#primaryimage\",\"url\":\"https:\/\/images.novelship.com\/product\/new_balance_fresh_foam_garo_shoes__black_white__mt_0_13205.jpeg;https:\/\/images.novelship.com\/product\/new_balance_fresh_foam_garo_shoes__black_white__mt_1_13205.jpeg;https:\/\/images.novelship.com\/product\/new_balance_fresh_foam_garo_shoes__black_white__mt_2_13205.jpeg;https:\/\/images.novelship.com\/product\/new_balance_fresh_foam_garo_shoes__black_white__mt_3_13205.jpeg;https:\/\/images.novelship.com\/product\/new_balance_fresh_foam_garo_shoes__black_white__mt_4_13205.jpeg\",\"contentUrl\":\"https:\/\/images.novelship.com\/product\/new_balance_fresh_foam_garo_shoes__black_white__mt_0_13205.jpeg;https:\/\/images.novelship.com\/product\/new_balance_fresh_foam_garo_shoes__black_white__mt_1_13205.jpeg;https:\/\/images.novelship.com\/product\/new_balance_fresh_foam_garo_shoes__black_white__mt_2_13205.jpeg;https:\/\/images.novelship.com\/product\/new_balance_fresh_foam_garo_shoes__black_white__mt_3_13205.jpeg;https:\/\/images.novelship.com\/product\/new_balance_fresh_foam_garo_shoes__black_white__mt_4_13205.jpeg\"},{\"@type\":\"BreadcrumbList\",\"@id\":\"https:\/\/tourcruiser.com\/#breadcrumb\",\"itemListElement\":[{\"@type\":\"ListItem\",\"position\":1,\"name\":\"Home\",\"item\":\"https:\/\/tourcruiser.com\/de\/\"},{\"@type\":\"ListItem\",\"position\":2,\"name\":\"Shop\",\"item\":\"https:\/\/tourcruiser.com\/de\/shop\/\"},{\"@type\":\"ListItem\",\"position\":3,\"name\":\"New Balance Fresh Foam Garo Shoes &#8218;Black White&#8216;\"}]},{\"@type\":\"WebSite\",\"@id\":\"\/#website\",\"url\":\"\/\",\"name\":\"Styloral Jewelry Shop\",\"description\":\"Tourcruiser Sneaker Store \u2014 der Ort, an dem das Universum deine Einzigartigkeit trifft.\",\"publisher\":{\"@id\":\"\/#organization\"},\"potentialAction\":[{\"@type\":\"SearchAction\",\"target\":{\"@type\":\"EntryPoint\",\"urlTemplate\":\"\/?s={search_term_string}\"},\"query-input\":{\"@type\":\"PropertyValueSpecification\",\"valueRequired\":true,\"valueName\":\"search_term_string\"}}],\"inLanguage\":\"de\"},{\"@type\":\"Organization\",\"@id\":\"\/#organization\",\"name\":\"STYLORAL PTE. LTD\",\"url\":\"\/\",\"logo\":{\"@type\":\"ImageObject\",\"inLanguage\":\"de\",\"@id\":\"\/#\/schema\/logo\/image\/\",\"url\":\"https:\/\/www.tourcruiser.com\/wp-content\/uploads\/2025\/12\/logo.png\",\"contentUrl\":\"https:\/\/www.tourcruiser.com\/wp-content\/uploads\/2025\/12\/logo.png\",\"width\":200,\"height\":65,\"caption\":\"STYLORAL PTE. LTD\"},\"image\":{\"@id\":\"\/#\/schema\/logo\/image\/\"}}]}<\/script>\n<!-- \/ Yoast SEO plugin. -->","yoast_head_json":{"title":"New Balance Fresh Foam Garo Shoes 'Black White'  - Tourcruiser PTE. LTD","robots":{"index":"index","follow":"follow","max-snippet":"max-snippet:-1","max-image-preview":"max-image-preview:large","max-video-preview":"max-video-preview:-1"},"canonical":"https:\/\/tourcruiser.com\/","og_locale":"de_DE","og_type":"article","og_title":"New Balance Fresh Foam Garo Shoes 'Black White'  - Tourcruiser PTE. LTD","og_description":"New Balance Fresh Foam Garo \u201d\u201d Black \/ White","og_url":"\/","og_site_name":"Tourcruiser Sneaker Store","article_modified_time":"2026-03-27T18:51:35+00:00","twitter_card":"summary_large_image","twitter_image":"https:\/\/images.novelship.com\/product\/new_balance_fresh_foam_garo_shoes__black_white__mt_0_13205.jpeg;https:\/\/images.novelship.com\/product\/new_balance_fresh_foam_garo_shoes__black_white__mt_1_13205.jpeg;https:\/\/images.novelship.com\/product\/new_balance_fresh_foam_garo_shoes__black_white__mt_2_13205.jpeg;https:\/\/images.novelship.com\/product\/new_balance_fresh_foam_garo_shoes__black_white__mt_3_13205.jpeg;https:\/\/images.novelship.com\/product\/new_balance_fresh_foam_garo_shoes__black_white__mt_4_13205.jpeg","schema":{"@context":"https:\/\/schema.org","@graph":[{"@type":"WebPage","@id":"\/","url":"https:\/\/tourcruiser.com\/","name":"New Balance Fresh Foam Garo Shoes 'Black White' - Tourcruiser PTE. LTD","isPartOf":{"@id":"\/#website"},"primaryImageOfPage":{"@id":"https:\/\/tourcruiser.com\/#primaryimage"},"image":{"@id":"https:\/\/tourcruiser.com\/#primaryimage"},"thumbnailUrl":"https:\/\/images.novelship.com\/product\/new_balance_fresh_foam_garo_shoes__black_white__mt_0_13205.jpeg;https:\/\/images.novelship.com\/product\/new_balance_fresh_foam_garo_shoes__black_white__mt_1_13205.jpeg;https:\/\/images.novelship.com\/product\/new_balance_fresh_foam_garo_shoes__black_white__mt_2_13205.jpeg;https:\/\/images.novelship.com\/product\/new_balance_fresh_foam_garo_shoes__black_white__mt_3_13205.jpeg;https:\/\/images.novelship.com\/product\/new_balance_fresh_foam_garo_shoes__black_white__mt_4_13205.jpeg","datePublished":"2026-03-02T07:57:47+00:00","dateModified":"2026-03-27T18:51:35+00:00","breadcrumb":{"@id":"https:\/\/tourcruiser.com\/#breadcrumb"},"inLanguage":"de","potentialAction":[{"@type":"ReadAction","target":["https:\/\/tourcruiser.com\/"]}]},{"@type":"ImageObject","inLanguage":"de","@id":"https:\/\/tourcruiser.com\/#primaryimage","url":"https:\/\/images.novelship.com\/product\/new_balance_fresh_foam_garo_shoes__black_white__mt_0_13205.jpeg;https:\/\/images.novelship.com\/product\/new_balance_fresh_foam_garo_shoes__black_white__mt_1_13205.jpeg;https:\/\/images.novelship.com\/product\/new_balance_fresh_foam_garo_shoes__black_white__mt_2_13205.jpeg;https:\/\/images.novelship.com\/product\/new_balance_fresh_foam_garo_shoes__black_white__mt_3_13205.jpeg;https:\/\/images.novelship.com\/product\/new_balance_fresh_foam_garo_shoes__black_white__mt_4_13205.jpeg","contentUrl":"https:\/\/images.novelship.com\/product\/new_balance_fresh_foam_garo_shoes__black_white__mt_0_13205.jpeg;https:\/\/images.novelship.com\/product\/new_balance_fresh_foam_garo_shoes__black_white__mt_1_13205.jpeg;https:\/\/images.novelship.com\/product\/new_balance_fresh_foam_garo_shoes__black_white__mt_2_13205.jpeg;https:\/\/images.novelship.com\/product\/new_balance_fresh_foam_garo_shoes__black_white__mt_3_13205.jpeg;https:\/\/images.novelship.com\/product\/new_balance_fresh_foam_garo_shoes__black_white__mt_4_13205.jpeg"},{"@type":"BreadcrumbList","@id":"https:\/\/tourcruiser.com\/#breadcrumb","itemListElement":[{"@type":"ListItem","position":1,"name":"Home","item":"https:\/\/tourcruiser.com\/de\/"},{"@type":"ListItem","position":2,"name":"Shop","item":"https:\/\/tourcruiser.com\/de\/shop\/"},{"@type":"ListItem","position":3,"name":"New Balance Fresh Foam Garo Shoes &#8218;Black White&#8216;"}]},{"@type":"WebSite","@id":"\/#website","url":"\/","name":"Styloral Jewelry Shop","description":"Tourcruiser Sneaker Store \u2014 der Ort, an dem das Universum deine Einzigartigkeit trifft.","publisher":{"@id":"\/#organization"},"potentialAction":[{"@type":"SearchAction","target":{"@type":"EntryPoint","urlTemplate":"\/?s={search_term_string}"},"query-input":{"@type":"PropertyValueSpecification","valueRequired":true,"valueName":"search_term_string"}}],"inLanguage":"de"},{"@type":"Organization","@id":"\/#organization","name":"STYLORAL PTE. LTD","url":"\/","logo":{"@type":"ImageObject","inLanguage":"de","@id":"\/#\/schema\/logo\/image\/","url":"https:\/\/www.tourcruiser.com\/wp-content\/uploads\/2025\/12\/logo.png","contentUrl":"https:\/\/www.tourcruiser.com\/wp-content\/uploads\/2025\/12\/logo.png","width":200,"height":65,"caption":"STYLORAL PTE. LTD"},"image":{"@id":"\/#\/schema\/logo\/image\/"}}]}},"_links":{"self":[{"href":"https:\/\/tourcruiser.com\/de\/wp-json\/wp\/v2\/product\/42984","targetHints":{"allow":["GET"]}}],"collection":[{"href":"https:\/\/tourcruiser.com\/de\/wp-json\/wp\/v2\/product"}],"about":[{"href":"https:\/\/tourcruiser.com\/de\/wp-json\/wp\/v2\/types\/product"}],"replies":[{"embeddable":true,"href":"https:\/\/tourcruiser.com\/de\/wp-json\/wp\/v2\/comments?post=42984"}],"wp:featuredmedia":[{"embeddable":true,"href":"https:\/\/tourcruiser.com\/de\/wp-json\/wp\/v2\/media\/42985"}],"wp:attachment":[{"href":"https:\/\/tourcruiser.com\/de\/wp-json\/wp\/v2\/media?parent=42984"}],"wp:term":[{"taxonomy":"product_brand","embeddable":true,"href":"https:\/\/tourcruiser.com\/de\/wp-json\/wp\/v2\/product_brand?post=42984"},{"taxonomy":"product_cat","embeddable":true,"href":"https:\/\/tourcruiser.com\/de\/wp-json\/wp\/v2\/product_cat?post=42984"},{"taxonomy":"product_tag","embeddable":true,"href":"https:\/\/tourcruiser.com\/de\/wp-json\/wp\/v2\/product_tag?post=42984"}],"curies":[{"name":"wp","href":"https:\/\/api.w.org\/{rel}","templated":true}]}}