{"id":42591,"date":"2026-03-02T14:57:15","date_gmt":"2026-03-02T07:57:15","guid":{"rendered":"http:\/\/tourcruiser.com\/product\/adidas-originals-puffylette-dark-grey-heather-solid-greycream-whitecore-black"},"modified":"2026-03-28T00:50:45","modified_gmt":"2026-03-27T17:50:45","slug":"adidas-originals-puffylette-dark-grey-heather-solid-greycream-whitecore-black","status":"publish","type":"product","link":"https:\/\/tourcruiser.com\/de\/products\/adidas-originals-puffylette-dark-grey-heather-solid-greycream-whitecore-black\/","title":{"rendered":"adidas Originals Puffylette &#8222;Dark Grey Heather Solid Grey\/Cream White\/Core Black&#8220;"},"content":{"rendered":"<p>Verleihe deinem Style mit dem adidas Originals Puffylette \u201eDark Grey Heather Solid Grey\/Cream White\/Core Black\u201c IF4327 das gewisse Etwas. Das elegante dunkelgraue Obermaterial mit melierten Akzenten in Cremewei\u00df und Core Black vereint Komfort und Stil. Die volumin\u00f6se Silhouette sorgt f\u00fcr eine bequeme Passform und den ikonischen adidas Look. Der Puffylette ist perfekt f\u00fcr jeden Casual-Look oder Athleisure-Style und kombiniert Funktionalit\u00e4t und Fashion gekonnt. Zeig dich selbstbewusst und setze ein Statement, wo immer du bist.<\/p>\n<ul>\n<li><strong>Farbgebung:<\/strong> Schwarz\/Wei\u00df\/Grau<\/li>\n<li><strong>Style-Code:<\/strong> IF4327<\/li>\n<li><strong>Farbe:<\/strong> Grau<\/li>\n<\/ul>\n","protected":false},"excerpt":{"rendered":"<p>adidas Originals Puffylette \u201d\u201d Black\/White\/Grey<\/p>\n","protected":false},"featured_media":42592,"comment_status":"open","ping_status":"closed","template":"","meta":[],"product_brand":[],"product_cat":[10760],"product_tag":[11169],"class_list":{"0":"post-42591","1":"product","2":"type-product","3":"status-publish","4":"has-post-thumbnail","6":"product_cat-adidas","7":"product_tag-small-special-price","8":"wcpa_has_options","10":"first","11":"outofstock","12":"taxable","13":"shipping-taxable","14":"purchasable","15":"product-type-simple"},"wcpa_form_fields":{"rules":{"pric_overide_base_price":false,"pric_overide_base_price_if_gt_zero":false,"pric_overide_base_price_fully":false,"pric_cal_option_once":false,"pric_use_as_fee":false,"bind_quantity":false,"quantity_bind_formula":false},"fields":[{"type":"color-group","required":true,"elementId":"wcpa-color-group-66c4a7f817afe","label":"Gr\u00f6\u00dfe","inline":true,"priceOptions":"different_for_all","pricingType":"fixed","className":"hassizechart product-shoes-size-eu product-shoes-size","name":"color-group-66c4a7f817b18","disp_type":"square","selection_type":"tick-border","disp_size":"50","show_label_inside":true,"adjust_width":true,"cart_display_type":"text","other_text":"Other","cl_rule":"show","col":6,"values":[{"label":"35","value":"EU 35","price":"","pimage":"","pimage_id":"","pthumb":"","color":""},{"label":"35.5","value":"EU 35.5","price":"","pimage":"","pimage_id":"","pthumb":"","color":""},{"label":"36","value":"EU 36","price":"","pimage":"","pimage_id":"","pthumb":"","color":"","selected":true},{"label":"36 2\/3","value":"EU 36 2\/3","price":"","pimage":"","pimage_id":"","pthumb":"","color":""},{"label":"37 1\/3","value":"EU 37 1\/3","price":"","pimage":"","pimage_id":"","pthumb":"","color":""},{"label":"38","value":"EU 38","price":"","pimage":"","pimage_id":"","pthumb":"","color":""},{"label":"38 2\/3","value":"EU 38 2\/3","price":"","pimage":"","pimage_id":"","pthumb":"","color":""},{"label":"39 1\/3","value":"EU 39 1\/3","price":"","pimage":"","pimage_id":"","pthumb":"","color":""},{"label":"40","value":"EU 40","price":"","pimage":"","pimage_id":"","pthumb":"","color":""},{"label":"40 2\/3","value":"EU 40 2\/3","price":"","pimage":"","pimage_id":"","pthumb":"","color":""},{"label":"41 1\/3","value":"EU 41 1\/3","price":"","pimage":"","pimage_id":"","pthumb":"","color":""},{"label":"42","value":"EU 42","price":"","pimage":"","pimage_id":"","pthumb":"","color":""},{"label":"42 2\/3","value":"EU 42 2\/3","price":"","pimage":"","pimage_id":"","pthumb":"","color":""},{"label":"43 1\/3","value":"EU 43 1\/3","price":"","pimage":"","pimage_id":"","pthumb":"","color":""},{"label":"44","value":"EU 44","price":"","pimage":"","pimage_id":"","pthumb":"","color":""},{"label":"44 2\/3","value":"EU 44 2\/3","price":"","pimage":"","pimage_id":"","pthumb":"","color":""},{"label":"45 1\/3","value":"EU 45 1\/3","price":"","pimage":"","pimage_id":"","pthumb":"","color":""},{"label":"46","value":"EU 46","price":"","pimage":"","pimage_id":"","pthumb":"","color":""},{"label":"46 2\/3","value":"EU 46 2\/3","price":"","pimage":"","pimage_id":"","pthumb":"","color":""},{"label":"47 1\/3","value":"EU 47 1\/3","price":"","pimage":"","pimage_id":"","pthumb":"","color":""}],"relations":[{"operator":false,"rules":[]}],"form_id":24802,"form_rules":{"pric_cal_option_once":false,"exclude_from_discount":false,"pric_use_as_fee":false,"fee_label":"Fee","render_after_acb":false,"disp_hide_options_price":false}}]},"yoast_head":"<!-- This site is optimized with the Yoast SEO plugin v26.5 - https:\/\/yoast.com\/wordpress\/plugins\/seo\/ -->\n<title>adidas Originals Puffylette &quot;Dark Grey Heather Solid Grey\/Cream White\/Core Black&quot;  - Tourcruiser PTE. LTD<\/title>\n<meta name=\"robots\" content=\"index, follow, max-snippet:-1, max-image-preview:large, max-video-preview:-1\" \/>\n<link rel=\"canonical\" href=\"https:\/\/tourcruiser.com\/\" \/>\n<meta property=\"og:locale\" content=\"de_DE\" \/>\n<meta property=\"og:type\" content=\"article\" \/>\n<meta property=\"og:title\" content=\"adidas Originals Puffylette &quot;Dark Grey Heather Solid Grey\/Cream White\/Core Black&quot;  - Tourcruiser PTE. LTD\" \/>\n<meta property=\"og:description\" content=\"adidas Originals Puffylette \u201d\u201d Black\/White\/Grey\" \/>\n<meta property=\"og:url\" content=\"\/\" \/>\n<meta property=\"og:site_name\" content=\"Tourcruiser Sneaker Store\" \/>\n<meta property=\"article:modified_time\" content=\"2026-03-27T17:50:45+00:00\" \/>\n<meta name=\"twitter:card\" content=\"summary_large_image\" \/>\n<meta name=\"twitter:image\" content=\"https:\/\/images.novelship.com\/product\/adidas_originals_puffylette__dark_grey_heather_sol_0_50280.jpeg;https:\/\/images.novelship.com\/product\/adidas_originals_puffylette__dark_grey_heather_sol_1_50280.jpeg;https:\/\/images.novelship.com\/product\/adidas_originals_puffylette__dark_grey_heather_sol_2_50280.jpeg;https:\/\/images.novelship.com\/product\/adidas_originals_puffylette__dark_grey_heather_sol_3_50280.jpeg;https:\/\/images.novelship.com\/product\/adidas_originals_puffylette__dark_grey_heather_sol_4_50280.jpeg;https:\/\/images.novelship.com\/product\/adidas_originals_puffylette__dark_grey_heather_sol_5_50280.jpeg\" \/>\n<script type=\"application\/ld+json\" class=\"yoast-schema-graph\">{\"@context\":\"https:\/\/schema.org\",\"@graph\":[{\"@type\":\"WebPage\",\"@id\":\"\/\",\"url\":\"https:\/\/tourcruiser.com\/\",\"name\":\"adidas Originals Puffylette \\\"Dark Grey Heather Solid Grey\/Cream White\/Core Black\\\" - Tourcruiser PTE. LTD\",\"isPartOf\":{\"@id\":\"https:\/\/tourcruiser.com\/de\/#website\"},\"primaryImageOfPage\":{\"@id\":\"https:\/\/tourcruiser.com\/#primaryimage\"},\"image\":{\"@id\":\"https:\/\/tourcruiser.com\/#primaryimage\"},\"thumbnailUrl\":\"https:\/\/images.novelship.com\/product\/adidas_originals_puffylette__dark_grey_heather_sol_0_50280.jpeg;https:\/\/images.novelship.com\/product\/adidas_originals_puffylette__dark_grey_heather_sol_1_50280.jpeg;https:\/\/images.novelship.com\/product\/adidas_originals_puffylette__dark_grey_heather_sol_2_50280.jpeg;https:\/\/images.novelship.com\/product\/adidas_originals_puffylette__dark_grey_heather_sol_3_50280.jpeg;https:\/\/images.novelship.com\/product\/adidas_originals_puffylette__dark_grey_heather_sol_4_50280.jpeg;https:\/\/images.novelship.com\/product\/adidas_originals_puffylette__dark_grey_heather_sol_5_50280.jpeg\",\"datePublished\":\"2026-03-02T07:57:15+00:00\",\"dateModified\":\"2026-03-27T17:50:45+00:00\",\"breadcrumb\":{\"@id\":\"https:\/\/tourcruiser.com\/#breadcrumb\"},\"inLanguage\":\"de\",\"potentialAction\":[{\"@type\":\"ReadAction\",\"target\":[\"https:\/\/tourcruiser.com\/\"]}]},{\"@type\":\"ImageObject\",\"inLanguage\":\"de\",\"@id\":\"https:\/\/tourcruiser.com\/#primaryimage\",\"url\":\"https:\/\/images.novelship.com\/product\/adidas_originals_puffylette__dark_grey_heather_sol_0_50280.jpeg;https:\/\/images.novelship.com\/product\/adidas_originals_puffylette__dark_grey_heather_sol_1_50280.jpeg;https:\/\/images.novelship.com\/product\/adidas_originals_puffylette__dark_grey_heather_sol_2_50280.jpeg;https:\/\/images.novelship.com\/product\/adidas_originals_puffylette__dark_grey_heather_sol_3_50280.jpeg;https:\/\/images.novelship.com\/product\/adidas_originals_puffylette__dark_grey_heather_sol_4_50280.jpeg;https:\/\/images.novelship.com\/product\/adidas_originals_puffylette__dark_grey_heather_sol_5_50280.jpeg\",\"contentUrl\":\"https:\/\/images.novelship.com\/product\/adidas_originals_puffylette__dark_grey_heather_sol_0_50280.jpeg;https:\/\/images.novelship.com\/product\/adidas_originals_puffylette__dark_grey_heather_sol_1_50280.jpeg;https:\/\/images.novelship.com\/product\/adidas_originals_puffylette__dark_grey_heather_sol_2_50280.jpeg;https:\/\/images.novelship.com\/product\/adidas_originals_puffylette__dark_grey_heather_sol_3_50280.jpeg;https:\/\/images.novelship.com\/product\/adidas_originals_puffylette__dark_grey_heather_sol_4_50280.jpeg;https:\/\/images.novelship.com\/product\/adidas_originals_puffylette__dark_grey_heather_sol_5_50280.jpeg\"},{\"@type\":\"BreadcrumbList\",\"@id\":\"https:\/\/tourcruiser.com\/#breadcrumb\",\"itemListElement\":[{\"@type\":\"ListItem\",\"position\":1,\"name\":\"Home\",\"item\":\"https:\/\/tourcruiser.com\/de\/\"},{\"@type\":\"ListItem\",\"position\":2,\"name\":\"Shop\",\"item\":\"https:\/\/tourcruiser.com\/de\/shop\/\"},{\"@type\":\"ListItem\",\"position\":3,\"name\":\"adidas Originals Puffylette &#8222;Dark Grey Heather Solid Grey\/Cream White\/Core Black&#8220;\"}]},{\"@type\":\"WebSite\",\"@id\":\"https:\/\/tourcruiser.com\/de\/#website\",\"url\":\"https:\/\/tourcruiser.com\/de\/\",\"name\":\"Styloral Jewelry Shop\",\"description\":\"Tourcruiser Sneaker Store \u2014 der Ort, an dem das Universum deine Einzigartigkeit trifft.\",\"publisher\":{\"@id\":\"https:\/\/tourcruiser.com\/de\/#organization\"},\"potentialAction\":[{\"@type\":\"SearchAction\",\"target\":{\"@type\":\"EntryPoint\",\"urlTemplate\":\"https:\/\/tourcruiser.com\/de\/?s={search_term_string}\"},\"query-input\":{\"@type\":\"PropertyValueSpecification\",\"valueRequired\":true,\"valueName\":\"search_term_string\"}}],\"inLanguage\":\"de\"},{\"@type\":\"Organization\",\"@id\":\"https:\/\/tourcruiser.com\/de\/#organization\",\"name\":\"STYLORAL PTE. LTD\",\"url\":\"https:\/\/tourcruiser.com\/de\/\",\"logo\":{\"@type\":\"ImageObject\",\"inLanguage\":\"de\",\"@id\":\"https:\/\/tourcruiser.com\/de\/#\/schema\/logo\/image\/\",\"url\":\"https:\/\/www.tourcruiser.com\/wp-content\/uploads\/2025\/12\/logo.png\",\"contentUrl\":\"https:\/\/www.tourcruiser.com\/wp-content\/uploads\/2025\/12\/logo.png\",\"width\":200,\"height\":65,\"caption\":\"STYLORAL PTE. LTD\"},\"image\":{\"@id\":\"https:\/\/tourcruiser.com\/de\/#\/schema\/logo\/image\/\"}}]}<\/script>\n<!-- \/ Yoast SEO plugin. -->","yoast_head_json":{"title":"adidas Originals Puffylette \"Dark Grey Heather Solid Grey\/Cream White\/Core Black\"  - Tourcruiser PTE. LTD","robots":{"index":"index","follow":"follow","max-snippet":"max-snippet:-1","max-image-preview":"max-image-preview:large","max-video-preview":"max-video-preview:-1"},"canonical":"https:\/\/tourcruiser.com\/","og_locale":"de_DE","og_type":"article","og_title":"adidas Originals Puffylette \"Dark Grey Heather Solid Grey\/Cream White\/Core Black\"  - Tourcruiser PTE. LTD","og_description":"adidas Originals Puffylette \u201d\u201d Black\/White\/Grey","og_url":"\/","og_site_name":"Tourcruiser Sneaker Store","article_modified_time":"2026-03-27T17:50:45+00:00","twitter_card":"summary_large_image","twitter_image":"https:\/\/images.novelship.com\/product\/adidas_originals_puffylette__dark_grey_heather_sol_0_50280.jpeg;https:\/\/images.novelship.com\/product\/adidas_originals_puffylette__dark_grey_heather_sol_1_50280.jpeg;https:\/\/images.novelship.com\/product\/adidas_originals_puffylette__dark_grey_heather_sol_2_50280.jpeg;https:\/\/images.novelship.com\/product\/adidas_originals_puffylette__dark_grey_heather_sol_3_50280.jpeg;https:\/\/images.novelship.com\/product\/adidas_originals_puffylette__dark_grey_heather_sol_4_50280.jpeg;https:\/\/images.novelship.com\/product\/adidas_originals_puffylette__dark_grey_heather_sol_5_50280.jpeg","schema":{"@context":"https:\/\/schema.org","@graph":[{"@type":"WebPage","@id":"\/","url":"https:\/\/tourcruiser.com\/","name":"adidas Originals Puffylette \"Dark Grey Heather Solid Grey\/Cream White\/Core Black\" - Tourcruiser PTE. LTD","isPartOf":{"@id":"https:\/\/tourcruiser.com\/de\/#website"},"primaryImageOfPage":{"@id":"https:\/\/tourcruiser.com\/#primaryimage"},"image":{"@id":"https:\/\/tourcruiser.com\/#primaryimage"},"thumbnailUrl":"https:\/\/images.novelship.com\/product\/adidas_originals_puffylette__dark_grey_heather_sol_0_50280.jpeg;https:\/\/images.novelship.com\/product\/adidas_originals_puffylette__dark_grey_heather_sol_1_50280.jpeg;https:\/\/images.novelship.com\/product\/adidas_originals_puffylette__dark_grey_heather_sol_2_50280.jpeg;https:\/\/images.novelship.com\/product\/adidas_originals_puffylette__dark_grey_heather_sol_3_50280.jpeg;https:\/\/images.novelship.com\/product\/adidas_originals_puffylette__dark_grey_heather_sol_4_50280.jpeg;https:\/\/images.novelship.com\/product\/adidas_originals_puffylette__dark_grey_heather_sol_5_50280.jpeg","datePublished":"2026-03-02T07:57:15+00:00","dateModified":"2026-03-27T17:50:45+00:00","breadcrumb":{"@id":"https:\/\/tourcruiser.com\/#breadcrumb"},"inLanguage":"de","potentialAction":[{"@type":"ReadAction","target":["https:\/\/tourcruiser.com\/"]}]},{"@type":"ImageObject","inLanguage":"de","@id":"https:\/\/tourcruiser.com\/#primaryimage","url":"https:\/\/images.novelship.com\/product\/adidas_originals_puffylette__dark_grey_heather_sol_0_50280.jpeg;https:\/\/images.novelship.com\/product\/adidas_originals_puffylette__dark_grey_heather_sol_1_50280.jpeg;https:\/\/images.novelship.com\/product\/adidas_originals_puffylette__dark_grey_heather_sol_2_50280.jpeg;https:\/\/images.novelship.com\/product\/adidas_originals_puffylette__dark_grey_heather_sol_3_50280.jpeg;https:\/\/images.novelship.com\/product\/adidas_originals_puffylette__dark_grey_heather_sol_4_50280.jpeg;https:\/\/images.novelship.com\/product\/adidas_originals_puffylette__dark_grey_heather_sol_5_50280.jpeg","contentUrl":"https:\/\/images.novelship.com\/product\/adidas_originals_puffylette__dark_grey_heather_sol_0_50280.jpeg;https:\/\/images.novelship.com\/product\/adidas_originals_puffylette__dark_grey_heather_sol_1_50280.jpeg;https:\/\/images.novelship.com\/product\/adidas_originals_puffylette__dark_grey_heather_sol_2_50280.jpeg;https:\/\/images.novelship.com\/product\/adidas_originals_puffylette__dark_grey_heather_sol_3_50280.jpeg;https:\/\/images.novelship.com\/product\/adidas_originals_puffylette__dark_grey_heather_sol_4_50280.jpeg;https:\/\/images.novelship.com\/product\/adidas_originals_puffylette__dark_grey_heather_sol_5_50280.jpeg"},{"@type":"BreadcrumbList","@id":"https:\/\/tourcruiser.com\/#breadcrumb","itemListElement":[{"@type":"ListItem","position":1,"name":"Home","item":"https:\/\/tourcruiser.com\/de\/"},{"@type":"ListItem","position":2,"name":"Shop","item":"https:\/\/tourcruiser.com\/de\/shop\/"},{"@type":"ListItem","position":3,"name":"adidas Originals Puffylette &#8222;Dark Grey Heather Solid Grey\/Cream White\/Core Black&#8220;"}]},{"@type":"WebSite","@id":"https:\/\/tourcruiser.com\/de\/#website","url":"https:\/\/tourcruiser.com\/de\/","name":"Styloral Jewelry Shop","description":"Tourcruiser Sneaker Store \u2014 der Ort, an dem das Universum deine Einzigartigkeit trifft.","publisher":{"@id":"https:\/\/tourcruiser.com\/de\/#organization"},"potentialAction":[{"@type":"SearchAction","target":{"@type":"EntryPoint","urlTemplate":"https:\/\/tourcruiser.com\/de\/?s={search_term_string}"},"query-input":{"@type":"PropertyValueSpecification","valueRequired":true,"valueName":"search_term_string"}}],"inLanguage":"de"},{"@type":"Organization","@id":"https:\/\/tourcruiser.com\/de\/#organization","name":"STYLORAL PTE. LTD","url":"https:\/\/tourcruiser.com\/de\/","logo":{"@type":"ImageObject","inLanguage":"de","@id":"https:\/\/tourcruiser.com\/de\/#\/schema\/logo\/image\/","url":"https:\/\/www.tourcruiser.com\/wp-content\/uploads\/2025\/12\/logo.png","contentUrl":"https:\/\/www.tourcruiser.com\/wp-content\/uploads\/2025\/12\/logo.png","width":200,"height":65,"caption":"STYLORAL PTE. LTD"},"image":{"@id":"https:\/\/tourcruiser.com\/de\/#\/schema\/logo\/image\/"}}]}},"_links":{"self":[{"href":"https:\/\/tourcruiser.com\/de\/wp-json\/wp\/v2\/product\/42591","targetHints":{"allow":["GET"]}}],"collection":[{"href":"https:\/\/tourcruiser.com\/de\/wp-json\/wp\/v2\/product"}],"about":[{"href":"https:\/\/tourcruiser.com\/de\/wp-json\/wp\/v2\/types\/product"}],"replies":[{"embeddable":true,"href":"https:\/\/tourcruiser.com\/de\/wp-json\/wp\/v2\/comments?post=42591"}],"wp:featuredmedia":[{"embeddable":true,"href":"https:\/\/tourcruiser.com\/de\/wp-json\/wp\/v2\/media\/42592"}],"wp:attachment":[{"href":"https:\/\/tourcruiser.com\/de\/wp-json\/wp\/v2\/media?parent=42591"}],"wp:term":[{"taxonomy":"product_brand","embeddable":true,"href":"https:\/\/tourcruiser.com\/de\/wp-json\/wp\/v2\/product_brand?post=42591"},{"taxonomy":"product_cat","embeddable":true,"href":"https:\/\/tourcruiser.com\/de\/wp-json\/wp\/v2\/product_cat?post=42591"},{"taxonomy":"product_tag","embeddable":true,"href":"https:\/\/tourcruiser.com\/de\/wp-json\/wp\/v2\/product_tag?post=42591"}],"curies":[{"name":"wp","href":"https:\/\/api.w.org\/{rel}","templated":true}]}}