{"id":42424,"date":"2026-03-02T14:57:02","date_gmt":"2026-03-02T07:57:02","guid":{"rendered":"http:\/\/tourcruiser.com\/product\/women-susan-fang-x-nike-v2k-run-artist-collection"},"modified":"2026-03-28T00:50:38","modified_gmt":"2026-03-27T17:50:38","slug":"women-susan-fang-x-nike-v2k-run-artist-collection","status":"publish","type":"product","link":"https:\/\/tourcruiser.com\/de\/products\/women-susan-fang-x-nike-v2k-run-artist-collection\/","title":{"rendered":"(Women) Susan Fang x Nike V2K Run &#8218;Artist Collection&#8216;"},"content":{"rendered":"<p>Entfessle deine Kreativit\u00e4t mit dem Susan Fang x Nike V2K Run \u201eArtist Collection\u201c IB7426-400 \u201d\u201c einer harmonischen Verbindung von trendigem Design und erstklassiger Performance. Diese exklusive Kollaboration definiert Sportswear neu mit einer k\u00fchnen, k\u00fcnstlerischen \u00c4sthetik. Die atemberaubende Farbpalette und die raffinierten Details machen diesen Sneaker zum Hingucker im Alltag. Das leichte Mesh-Obermaterial sorgt f\u00fcr optimale Atmungsaktivit\u00e4t und hohen Tragekomfort, w\u00e4hrend die innovative Mittelsohle f\u00fcr hervorragende D\u00e4mpfung und ein geschmeidiges Laufgef\u00fchl sorgt.<\/p>\n<p>Dank der robusten Au\u00dfensohle, die auf unterschiedlichsten Untergr\u00fcnden f\u00fcr au\u00dfergew\u00f6hnliche Traktion sorgt, gibst du bei jedem Schritt ein sicheres Gef\u00fchl. Die einzigartigen, von K\u00fcnstlern inspirierten Designs machen diesen Sneaker zu einem tragbaren Meisterwerk, das sich nahtlos vom Sport bis zum urbanen Style eignet. Egal, ob du Kilometer l\u00e4ufst oder in der Stadt ein Statement setzt \u201d\u201c der Susan Fang x Nike V2K Run vereint Performance und Pers\u00f6nlichkeit. Dieser weltweite Release feiert Individualit\u00e4t und kreativen Ausdruck und setzt neue Trends im Bereich moderner Schuhe. Sichern Sie sich noch heute Ihr Paar und erleben Sie eine unvergleichliche Verschmelzung von Kunst, Funktion und Lifestyle-Technologie.<\/p>\n<ul>\n<li><strong>Farbgebung:<\/strong> Blue Tint\/Multi-Color-Summit White-Blue Tint<\/li>\n<li><strong>Style-Code:<\/strong> IB7426-400<\/li>\n<li><strong>Obermaterial:<\/strong> Mesh<\/li>\n<li><strong>Zwischensohle:<\/strong> Cushlon<\/li>\n<li><strong>Farbe:<\/strong> Blau<\/li>\n<li><strong>Saison:<\/strong> Herbst<\/li>\n<li><strong>Erscheinungsjahr:<\/strong> 2025<\/li>\n<\/ul>\n","protected":false},"excerpt":{"rendered":"<p>Nike V2K Run \u201d\u201d Blue Tint\/Multi-Color-Summit White-Blue Tint<\/p>\n","protected":false},"featured_media":42425,"comment_status":"open","ping_status":"closed","template":"","meta":[],"product_brand":[],"product_cat":[10809],"product_tag":[10750,10754,10765,10801,10768,10758],"class_list":{"0":"post-42424","1":"product","2":"type-product","3":"status-publish","4":"has-post-thumbnail","6":"product_cat-nike-women","7":"product_tag-athleisure-shoes","8":"product_tag-lifestyle-casual-shoes","9":"product_tag-lifestyle-shoes-running-inspired","10":"product_tag-nike","11":"product_tag-retro-running-shoes","12":"product_tag-under-retail","13":"wcpa_has_options","15":"first","16":"outofstock","17":"taxable","18":"shipping-taxable","19":"purchasable","20":"product-type-simple"},"wcpa_form_fields":{"rules":{"pric_overide_base_price":false,"pric_overide_base_price_if_gt_zero":false,"pric_overide_base_price_fully":false,"pric_cal_option_once":false,"pric_use_as_fee":false,"bind_quantity":false,"quantity_bind_formula":false},"fields":[{"type":"color-group","required":true,"elementId":"wcpa-color-group-66c4a75505e74","label":"Gr\u00f6\u00dfe - EU Gr\u00f6\u00dfe","inline":true,"priceOptions":"different_for_all","pricingType":"fixed","className":"hassizechart product-shoes-size-eu product-shoes-size","name":"color-group-66c4a75505e89","disp_type":"square","selection_type":"tick-border","disp_size":"44","show_label_inside":true,"adjust_width":true,"cart_display_type":"text","other_text":"Other","cl_rule":"show","col":6,"values":[{"label":"35.5","value":"EU 35.5","price":"","pimage":"","pimage_id":"","pthumb":"","color":""},{"label":"36","value":"EU 36","price":"","pimage":"","pimage_id":"","pthumb":"","color":"","selected":true},{"label":"36.5","value":"EU 36.5","price":"","pimage":"","pimage_id":"","pthumb":"","color":""},{"label":"37.5","value":"EU 37.5","price":"","pimage":"","pimage_id":"","pthumb":"","color":""},{"label":"38","value":"EU 38","price":"","pimage":"","pimage_id":"","pthumb":"","color":""},{"label":"38.5","value":"EU 38.5","price":"","pimage":"","pimage_id":"","pthumb":"","color":""},{"label":"39","value":"EU 39","price":"","pimage":"","pimage_id":"","pthumb":"","color":""},{"label":"40","value":"EU 40","price":"","pimage":"","pimage_id":"","pthumb":"","color":""},{"label":"40.5","value":"EU 40.5","price":"","pimage":"","pimage_id":"","pthumb":"","color":""},{"label":"41","value":"EU 41","price":"","pimage":"","pimage_id":"","pthumb":"","color":""},{"label":"42","value":"EU 42","price":"","pimage":"","pimage_id":"","pthumb":"","color":""},{"label":"42.5","value":"EU 42.5","price":"","pimage":"","pimage_id":"","pthumb":"","color":""},{"label":"43","value":"EU 43","price":"","pimage":"","pimage_id":"","pthumb":"","color":""},{"label":"44","value":"EU 44","price":"","pimage":"","pimage_id":"","pthumb":"","color":""},{"label":"44.5","value":"EU 44.5","price":"","pimage":"","pimage_id":"","pthumb":"","color":""},{"label":"45","value":"EU 45","price":"","pimage":"","pimage_id":"","pthumb":"","color":""},{"label":"45.5","value":"EU 45.5","price":"","pimage":"","pimage_id":"","pthumb":"","color":""},{"label":"46","value":"EU 46","price":"","pimage":"","pimage_id":"","pthumb":"","color":""},{"label":"47","value":"EU 47","price":"","pimage":"","pimage_id":"","pthumb":"","color":""},{"label":"47.5","value":"EU 47.5","price":"","pimage":"","pimage_id":"","pthumb":"","color":""},{"label":"48","value":"EU 48","price":"","pimage":"","pimage_id":"","pthumb":"","color":""}],"relations":[{"operator":false,"rules":[]}],"form_id":18106,"form_rules":{"pric_cal_option_once":false,"exclude_from_discount":false,"pric_use_as_fee":false,"fee_label":"Fee","render_after_acb":false,"disp_hide_options_price":false}}]},"yoast_head":"<!-- This site is optimized with the Yoast SEO plugin v26.5 - https:\/\/yoast.com\/wordpress\/plugins\/seo\/ -->\n<title>(Women) Susan Fang x Nike V2K Run &#039;Artist Collection&#039;  - Tourcruiser PTE. LTD<\/title>\n<meta name=\"robots\" content=\"index, follow, max-snippet:-1, max-image-preview:large, max-video-preview:-1\" \/>\n<link rel=\"canonical\" href=\"https:\/\/tourcruiser.com\/de\/products\/women-susan-fang-x-nike-v2k-run-artist-collection\/\" \/>\n<meta property=\"og:locale\" content=\"de_DE\" \/>\n<meta property=\"og:type\" content=\"article\" \/>\n<meta property=\"og:title\" content=\"(Women) Susan Fang x Nike V2K Run &#039;Artist Collection&#039;  - Tourcruiser PTE. LTD\" \/>\n<meta property=\"og:description\" content=\"Nike V2K Run \u201d\u201d Blue Tint\/Multi-Color-Summit White-Blue Tint\" \/>\n<meta property=\"og:url\" content=\"https:\/\/tourcruiser.com\/de\/products\/women-susan-fang-x-nike-v2k-run-artist-collection\/\" \/>\n<meta property=\"og:site_name\" content=\"Tourcruiser Sneaker Store\" \/>\n<meta property=\"article:modified_time\" content=\"2026-03-27T17:50:38+00:00\" \/>\n<meta name=\"twitter:card\" content=\"summary_large_image\" \/>\n<meta name=\"twitter:image\" content=\"https:\/\/images.novelship.com\/product\/_women__susan_fang_x_nike_v2k_run__artist_collecti_0_31487.jpeg;https:\/\/images.novelship.com\/product\/_women__susan_fang_x_nike_v2k_run__artist_collecti_1_31487.jpeg;https:\/\/images.novelship.com\/product\/_women__susan_fang_x_nike_v2k_run__artist_collecti_2_31487.jpeg;https:\/\/images.novelship.com\/product\/_women__susan_fang_x_nike_v2k_run__artist_collecti_3_31487.jpeg;https:\/\/images.novelship.com\/product\/_women__susan_fang_x_nike_v2k_run__artist_collecti_4_31487.jpeg;https:\/\/images.novelship.com\/product\/_women__susan_fang_x_nike_v2k_run__artist_collecti_5_31487.jpeg\" \/>\n<meta name=\"twitter:label1\" content=\"Gesch\u00e4tzte Lesezeit\" \/>\n\t<meta name=\"twitter:data1\" content=\"1\u00a0Minute\" \/>\n<script type=\"application\/ld+json\" class=\"yoast-schema-graph\">{\"@context\":\"https:\/\/schema.org\",\"@graph\":[{\"@type\":\"WebPage\",\"@id\":\"https:\/\/tourcruiser.com\/de\/products\/women-susan-fang-x-nike-v2k-run-artist-collection\/\",\"url\":\"https:\/\/tourcruiser.com\/de\/products\/women-susan-fang-x-nike-v2k-run-artist-collection\/\",\"name\":\"(Women) Susan Fang x Nike V2K Run 'Artist Collection' - Tourcruiser PTE. LTD\",\"isPartOf\":{\"@id\":\"https:\/\/tourcruiser.com\/de\/#website\"},\"primaryImageOfPage\":{\"@id\":\"https:\/\/tourcruiser.com\/de\/products\/women-susan-fang-x-nike-v2k-run-artist-collection\/#primaryimage\"},\"image\":{\"@id\":\"https:\/\/tourcruiser.com\/de\/products\/women-susan-fang-x-nike-v2k-run-artist-collection\/#primaryimage\"},\"thumbnailUrl\":\"https:\/\/images.novelship.com\/product\/_women__susan_fang_x_nike_v2k_run__artist_collecti_0_31487.jpeg;https:\/\/images.novelship.com\/product\/_women__susan_fang_x_nike_v2k_run__artist_collecti_1_31487.jpeg;https:\/\/images.novelship.com\/product\/_women__susan_fang_x_nike_v2k_run__artist_collecti_2_31487.jpeg;https:\/\/images.novelship.com\/product\/_women__susan_fang_x_nike_v2k_run__artist_collecti_3_31487.jpeg;https:\/\/images.novelship.com\/product\/_women__susan_fang_x_nike_v2k_run__artist_collecti_4_31487.jpeg;https:\/\/images.novelship.com\/product\/_women__susan_fang_x_nike_v2k_run__artist_collecti_5_31487.jpeg\",\"datePublished\":\"2026-03-02T07:57:02+00:00\",\"dateModified\":\"2026-03-27T17:50:38+00:00\",\"breadcrumb\":{\"@id\":\"https:\/\/tourcruiser.com\/de\/products\/women-susan-fang-x-nike-v2k-run-artist-collection\/#breadcrumb\"},\"inLanguage\":\"de\",\"potentialAction\":[{\"@type\":\"ReadAction\",\"target\":[\"https:\/\/tourcruiser.com\/de\/products\/women-susan-fang-x-nike-v2k-run-artist-collection\/\"]}]},{\"@type\":\"ImageObject\",\"inLanguage\":\"de\",\"@id\":\"https:\/\/tourcruiser.com\/de\/products\/women-susan-fang-x-nike-v2k-run-artist-collection\/#primaryimage\",\"url\":\"https:\/\/images.novelship.com\/product\/_women__susan_fang_x_nike_v2k_run__artist_collecti_0_31487.jpeg;https:\/\/images.novelship.com\/product\/_women__susan_fang_x_nike_v2k_run__artist_collecti_1_31487.jpeg;https:\/\/images.novelship.com\/product\/_women__susan_fang_x_nike_v2k_run__artist_collecti_2_31487.jpeg;https:\/\/images.novelship.com\/product\/_women__susan_fang_x_nike_v2k_run__artist_collecti_3_31487.jpeg;https:\/\/images.novelship.com\/product\/_women__susan_fang_x_nike_v2k_run__artist_collecti_4_31487.jpeg;https:\/\/images.novelship.com\/product\/_women__susan_fang_x_nike_v2k_run__artist_collecti_5_31487.jpeg\",\"contentUrl\":\"https:\/\/images.novelship.com\/product\/_women__susan_fang_x_nike_v2k_run__artist_collecti_0_31487.jpeg;https:\/\/images.novelship.com\/product\/_women__susan_fang_x_nike_v2k_run__artist_collecti_1_31487.jpeg;https:\/\/images.novelship.com\/product\/_women__susan_fang_x_nike_v2k_run__artist_collecti_2_31487.jpeg;https:\/\/images.novelship.com\/product\/_women__susan_fang_x_nike_v2k_run__artist_collecti_3_31487.jpeg;https:\/\/images.novelship.com\/product\/_women__susan_fang_x_nike_v2k_run__artist_collecti_4_31487.jpeg;https:\/\/images.novelship.com\/product\/_women__susan_fang_x_nike_v2k_run__artist_collecti_5_31487.jpeg\"},{\"@type\":\"BreadcrumbList\",\"@id\":\"https:\/\/tourcruiser.com\/de\/products\/women-susan-fang-x-nike-v2k-run-artist-collection\/#breadcrumb\",\"itemListElement\":[{\"@type\":\"ListItem\",\"position\":1,\"name\":\"Home\",\"item\":\"https:\/\/tourcruiser.com\/de\/\"},{\"@type\":\"ListItem\",\"position\":2,\"name\":\"Shop\",\"item\":\"https:\/\/tourcruiser.com\/de\/shop\/\"},{\"@type\":\"ListItem\",\"position\":3,\"name\":\"(Women) Susan Fang x Nike V2K Run 'Artist Collection'\"}]},{\"@type\":\"WebSite\",\"@id\":\"https:\/\/tourcruiser.com\/de\/#website\",\"url\":\"https:\/\/tourcruiser.com\/de\/\",\"name\":\"Styloral Jewelry Shop\",\"description\":\"Tourcruiser Sneaker Store \u2014 der Ort, an dem das Universum deine Einzigartigkeit trifft.\",\"publisher\":{\"@id\":\"https:\/\/tourcruiser.com\/de\/#organization\"},\"potentialAction\":[{\"@type\":\"SearchAction\",\"target\":{\"@type\":\"EntryPoint\",\"urlTemplate\":\"https:\/\/tourcruiser.com\/de\/?s={search_term_string}\"},\"query-input\":{\"@type\":\"PropertyValueSpecification\",\"valueRequired\":true,\"valueName\":\"search_term_string\"}}],\"inLanguage\":\"de\"},{\"@type\":\"Organization\",\"@id\":\"https:\/\/tourcruiser.com\/de\/#organization\",\"name\":\"STYLORAL PTE. LTD\",\"url\":\"https:\/\/tourcruiser.com\/de\/\",\"logo\":{\"@type\":\"ImageObject\",\"inLanguage\":\"de\",\"@id\":\"https:\/\/tourcruiser.com\/de\/#\/schema\/logo\/image\/\",\"url\":\"https:\/\/www.tourcruiser.com\/wp-content\/uploads\/2025\/12\/logo.png\",\"contentUrl\":\"https:\/\/www.tourcruiser.com\/wp-content\/uploads\/2025\/12\/logo.png\",\"width\":200,\"height\":65,\"caption\":\"STYLORAL PTE. LTD\"},\"image\":{\"@id\":\"https:\/\/tourcruiser.com\/de\/#\/schema\/logo\/image\/\"}}]}<\/script>\n<!-- \/ Yoast SEO plugin. -->","yoast_head_json":{"title":"(Women) Susan Fang x Nike V2K Run 'Artist Collection'  - Tourcruiser PTE. LTD","robots":{"index":"index","follow":"follow","max-snippet":"max-snippet:-1","max-image-preview":"max-image-preview:large","max-video-preview":"max-video-preview:-1"},"canonical":"https:\/\/tourcruiser.com\/de\/products\/women-susan-fang-x-nike-v2k-run-artist-collection\/","og_locale":"de_DE","og_type":"article","og_title":"(Women) Susan Fang x Nike V2K Run 'Artist Collection'  - Tourcruiser PTE. LTD","og_description":"Nike V2K Run \u201d\u201d Blue Tint\/Multi-Color-Summit White-Blue Tint","og_url":"https:\/\/tourcruiser.com\/de\/products\/women-susan-fang-x-nike-v2k-run-artist-collection\/","og_site_name":"Tourcruiser Sneaker Store","article_modified_time":"2026-03-27T17:50:38+00:00","twitter_card":"summary_large_image","twitter_image":"https:\/\/images.novelship.com\/product\/_women__susan_fang_x_nike_v2k_run__artist_collecti_0_31487.jpeg;https:\/\/images.novelship.com\/product\/_women__susan_fang_x_nike_v2k_run__artist_collecti_1_31487.jpeg;https:\/\/images.novelship.com\/product\/_women__susan_fang_x_nike_v2k_run__artist_collecti_2_31487.jpeg;https:\/\/images.novelship.com\/product\/_women__susan_fang_x_nike_v2k_run__artist_collecti_3_31487.jpeg;https:\/\/images.novelship.com\/product\/_women__susan_fang_x_nike_v2k_run__artist_collecti_4_31487.jpeg;https:\/\/images.novelship.com\/product\/_women__susan_fang_x_nike_v2k_run__artist_collecti_5_31487.jpeg","twitter_misc":{"Gesch\u00e4tzte Lesezeit":"1\u00a0Minute"},"schema":{"@context":"https:\/\/schema.org","@graph":[{"@type":"WebPage","@id":"https:\/\/tourcruiser.com\/de\/products\/women-susan-fang-x-nike-v2k-run-artist-collection\/","url":"https:\/\/tourcruiser.com\/de\/products\/women-susan-fang-x-nike-v2k-run-artist-collection\/","name":"(Women) Susan Fang x Nike V2K Run 'Artist Collection' - Tourcruiser PTE. LTD","isPartOf":{"@id":"https:\/\/tourcruiser.com\/de\/#website"},"primaryImageOfPage":{"@id":"https:\/\/tourcruiser.com\/de\/products\/women-susan-fang-x-nike-v2k-run-artist-collection\/#primaryimage"},"image":{"@id":"https:\/\/tourcruiser.com\/de\/products\/women-susan-fang-x-nike-v2k-run-artist-collection\/#primaryimage"},"thumbnailUrl":"https:\/\/images.novelship.com\/product\/_women__susan_fang_x_nike_v2k_run__artist_collecti_0_31487.jpeg;https:\/\/images.novelship.com\/product\/_women__susan_fang_x_nike_v2k_run__artist_collecti_1_31487.jpeg;https:\/\/images.novelship.com\/product\/_women__susan_fang_x_nike_v2k_run__artist_collecti_2_31487.jpeg;https:\/\/images.novelship.com\/product\/_women__susan_fang_x_nike_v2k_run__artist_collecti_3_31487.jpeg;https:\/\/images.novelship.com\/product\/_women__susan_fang_x_nike_v2k_run__artist_collecti_4_31487.jpeg;https:\/\/images.novelship.com\/product\/_women__susan_fang_x_nike_v2k_run__artist_collecti_5_31487.jpeg","datePublished":"2026-03-02T07:57:02+00:00","dateModified":"2026-03-27T17:50:38+00:00","breadcrumb":{"@id":"https:\/\/tourcruiser.com\/de\/products\/women-susan-fang-x-nike-v2k-run-artist-collection\/#breadcrumb"},"inLanguage":"de","potentialAction":[{"@type":"ReadAction","target":["https:\/\/tourcruiser.com\/de\/products\/women-susan-fang-x-nike-v2k-run-artist-collection\/"]}]},{"@type":"ImageObject","inLanguage":"de","@id":"https:\/\/tourcruiser.com\/de\/products\/women-susan-fang-x-nike-v2k-run-artist-collection\/#primaryimage","url":"https:\/\/images.novelship.com\/product\/_women__susan_fang_x_nike_v2k_run__artist_collecti_0_31487.jpeg;https:\/\/images.novelship.com\/product\/_women__susan_fang_x_nike_v2k_run__artist_collecti_1_31487.jpeg;https:\/\/images.novelship.com\/product\/_women__susan_fang_x_nike_v2k_run__artist_collecti_2_31487.jpeg;https:\/\/images.novelship.com\/product\/_women__susan_fang_x_nike_v2k_run__artist_collecti_3_31487.jpeg;https:\/\/images.novelship.com\/product\/_women__susan_fang_x_nike_v2k_run__artist_collecti_4_31487.jpeg;https:\/\/images.novelship.com\/product\/_women__susan_fang_x_nike_v2k_run__artist_collecti_5_31487.jpeg","contentUrl":"https:\/\/images.novelship.com\/product\/_women__susan_fang_x_nike_v2k_run__artist_collecti_0_31487.jpeg;https:\/\/images.novelship.com\/product\/_women__susan_fang_x_nike_v2k_run__artist_collecti_1_31487.jpeg;https:\/\/images.novelship.com\/product\/_women__susan_fang_x_nike_v2k_run__artist_collecti_2_31487.jpeg;https:\/\/images.novelship.com\/product\/_women__susan_fang_x_nike_v2k_run__artist_collecti_3_31487.jpeg;https:\/\/images.novelship.com\/product\/_women__susan_fang_x_nike_v2k_run__artist_collecti_4_31487.jpeg;https:\/\/images.novelship.com\/product\/_women__susan_fang_x_nike_v2k_run__artist_collecti_5_31487.jpeg"},{"@type":"BreadcrumbList","@id":"https:\/\/tourcruiser.com\/de\/products\/women-susan-fang-x-nike-v2k-run-artist-collection\/#breadcrumb","itemListElement":[{"@type":"ListItem","position":1,"name":"Home","item":"https:\/\/tourcruiser.com\/de\/"},{"@type":"ListItem","position":2,"name":"Shop","item":"https:\/\/tourcruiser.com\/de\/shop\/"},{"@type":"ListItem","position":3,"name":"(Women) Susan Fang x Nike V2K Run 'Artist Collection'"}]},{"@type":"WebSite","@id":"https:\/\/tourcruiser.com\/de\/#website","url":"https:\/\/tourcruiser.com\/de\/","name":"Styloral Jewelry Shop","description":"Tourcruiser Sneaker Store \u2014 der Ort, an dem das Universum deine Einzigartigkeit trifft.","publisher":{"@id":"https:\/\/tourcruiser.com\/de\/#organization"},"potentialAction":[{"@type":"SearchAction","target":{"@type":"EntryPoint","urlTemplate":"https:\/\/tourcruiser.com\/de\/?s={search_term_string}"},"query-input":{"@type":"PropertyValueSpecification","valueRequired":true,"valueName":"search_term_string"}}],"inLanguage":"de"},{"@type":"Organization","@id":"https:\/\/tourcruiser.com\/de\/#organization","name":"STYLORAL PTE. LTD","url":"https:\/\/tourcruiser.com\/de\/","logo":{"@type":"ImageObject","inLanguage":"de","@id":"https:\/\/tourcruiser.com\/de\/#\/schema\/logo\/image\/","url":"https:\/\/www.tourcruiser.com\/wp-content\/uploads\/2025\/12\/logo.png","contentUrl":"https:\/\/www.tourcruiser.com\/wp-content\/uploads\/2025\/12\/logo.png","width":200,"height":65,"caption":"STYLORAL PTE. LTD"},"image":{"@id":"https:\/\/tourcruiser.com\/de\/#\/schema\/logo\/image\/"}}]}},"_links":{"self":[{"href":"https:\/\/tourcruiser.com\/de\/wp-json\/wp\/v2\/product\/42424","targetHints":{"allow":["GET"]}}],"collection":[{"href":"https:\/\/tourcruiser.com\/de\/wp-json\/wp\/v2\/product"}],"about":[{"href":"https:\/\/tourcruiser.com\/de\/wp-json\/wp\/v2\/types\/product"}],"replies":[{"embeddable":true,"href":"https:\/\/tourcruiser.com\/de\/wp-json\/wp\/v2\/comments?post=42424"}],"wp:featuredmedia":[{"embeddable":true,"href":"https:\/\/tourcruiser.com\/de\/wp-json\/wp\/v2\/media\/42425"}],"wp:attachment":[{"href":"https:\/\/tourcruiser.com\/de\/wp-json\/wp\/v2\/media?parent=42424"}],"wp:term":[{"taxonomy":"product_brand","embeddable":true,"href":"https:\/\/tourcruiser.com\/de\/wp-json\/wp\/v2\/product_brand?post=42424"},{"taxonomy":"product_cat","embeddable":true,"href":"https:\/\/tourcruiser.com\/de\/wp-json\/wp\/v2\/product_cat?post=42424"},{"taxonomy":"product_tag","embeddable":true,"href":"https:\/\/tourcruiser.com\/de\/wp-json\/wp\/v2\/product_tag?post=42424"}],"curies":[{"name":"wp","href":"https:\/\/api.w.org\/{rel}","templated":true}]}}