{"id":42417,"date":"2026-03-02T14:57:01","date_gmt":"2026-03-02T07:57:01","guid":{"rendered":"http:\/\/tourcruiser.com\/product\/adidas-neo-bravada-wear-resistant-non-slip-low-tops-casual-sports-skateboarding-shoes-unisex-white"},"modified":"2026-03-28T00:50:35","modified_gmt":"2026-03-27T17:50:35","slug":"adidas-neo-bravada-wear-resistant-non-slip-low-tops-casual-sports-skateboarding-shoes-unisex-white","status":"publish","type":"product","link":"https:\/\/tourcruiser.com\/de\/products\/adidas-neo-bravada-wear-resistant-non-slip-low-tops-casual-sports-skateboarding-shoes-unisex-white\/","title":{"rendered":"adidas neo Bravada Wear-resistant Non-Slip Low Tops Casual Sports Skateboarding Shoes Unisex White"},"content":{"rendered":"<p>Mit den Adidas Neo Bravada Skateboardschuhen verleihst du deinem Style das gewisse Etwas. Diese Low-Top-Sneaker sind f\u00fcr Damen und Herren gleicherma\u00dfen geeignet und vereinen Mode und Funktionalit\u00e4t. Die strapazierf\u00e4hige Konstruktion sorgt f\u00fcr Langlebigkeit, w\u00e4hrend die rutschfeste Sohle sicheren Halt bietet \u201d\u201c perfekt zum Skateboarden oder f\u00fcr deine Abenteuer im Alltag. Das Modell GZ0814 in vielseitigem Wei\u00df strahlt moderne Eleganz aus. Bequem und schick \u201d\u201c diese Schuhe sind die ideale Wahl f\u00fcr m\u00fchelose, sportliche Eleganz. Peppe deinen Casual-Look mit den Adidas Neo Bravada auf.<\/p>\n<ul>\n<li><strong>Farbe:<\/strong> Wei\u00df<\/li>\n<li><strong>Artikelnummer:<\/strong> GZ0814<\/li>\n<li><strong>Farbe:<\/strong> Wei\u00df<\/li>\n<li><strong>Saison:<\/strong> Ganzj\u00e4hrig<\/li>\n<\/ul>\n","protected":false},"excerpt":{"rendered":"<p>adidas Neo Bravada \u201d\u201d White<\/p>\n","protected":false},"featured_media":42418,"comment_status":"open","ping_status":"closed","template":"","meta":[],"product_brand":[],"product_cat":[10760],"product_tag":[10759,10750,10847,10753,10754,11460,10785,10786,10758],"class_list":{"0":"post-42417","1":"product","2":"type-product","3":"status-publish","4":"has-post-thumbnail","6":"product_cat-adidas","7":"product_tag-adidas","8":"product_tag-athleisure-shoes","9":"product_tag-best-finds-under-100","10":"product_tag-gift-for-him","11":"product_tag-lifestyle-casual-shoes","12":"product_tag-lifestyle-shoes-casual","13":"product_tag-trending-deals","14":"product_tag-trending-deals-under-150","15":"product_tag-under-retail","16":"wcpa_has_options","18":"first","19":"outofstock","20":"taxable","21":"shipping-taxable","22":"purchasable","23":"product-type-simple"},"wcpa_form_fields":{"rules":{"pric_overide_base_price":false,"pric_overide_base_price_if_gt_zero":false,"pric_overide_base_price_fully":false,"pric_cal_option_once":false,"pric_use_as_fee":false,"bind_quantity":false,"quantity_bind_formula":false},"fields":[{"type":"color-group","required":true,"elementId":"wcpa-color-group-66c4a7f817afe","label":"Gr\u00f6\u00dfe","inline":true,"priceOptions":"different_for_all","pricingType":"fixed","className":"hassizechart product-shoes-size-eu product-shoes-size","name":"color-group-66c4a7f817b18","disp_type":"square","selection_type":"tick-border","disp_size":"50","show_label_inside":true,"adjust_width":true,"cart_display_type":"text","other_text":"Other","cl_rule":"show","col":6,"values":[{"label":"35","value":"EU 35","price":"","pimage":"","pimage_id":"","pthumb":"","color":""},{"label":"35.5","value":"EU 35.5","price":"","pimage":"","pimage_id":"","pthumb":"","color":""},{"label":"36","value":"EU 36","price":"","pimage":"","pimage_id":"","pthumb":"","color":"","selected":true},{"label":"36 2\/3","value":"EU 36 2\/3","price":"","pimage":"","pimage_id":"","pthumb":"","color":""},{"label":"37 1\/3","value":"EU 37 1\/3","price":"","pimage":"","pimage_id":"","pthumb":"","color":""},{"label":"38","value":"EU 38","price":"","pimage":"","pimage_id":"","pthumb":"","color":""},{"label":"38 2\/3","value":"EU 38 2\/3","price":"","pimage":"","pimage_id":"","pthumb":"","color":""},{"label":"39 1\/3","value":"EU 39 1\/3","price":"","pimage":"","pimage_id":"","pthumb":"","color":""},{"label":"40","value":"EU 40","price":"","pimage":"","pimage_id":"","pthumb":"","color":""},{"label":"40 2\/3","value":"EU 40 2\/3","price":"","pimage":"","pimage_id":"","pthumb":"","color":""},{"label":"41 1\/3","value":"EU 41 1\/3","price":"","pimage":"","pimage_id":"","pthumb":"","color":""},{"label":"42","value":"EU 42","price":"","pimage":"","pimage_id":"","pthumb":"","color":""},{"label":"42 2\/3","value":"EU 42 2\/3","price":"","pimage":"","pimage_id":"","pthumb":"","color":""},{"label":"43 1\/3","value":"EU 43 1\/3","price":"","pimage":"","pimage_id":"","pthumb":"","color":""},{"label":"44","value":"EU 44","price":"","pimage":"","pimage_id":"","pthumb":"","color":""},{"label":"44 2\/3","value":"EU 44 2\/3","price":"","pimage":"","pimage_id":"","pthumb":"","color":""},{"label":"45 1\/3","value":"EU 45 1\/3","price":"","pimage":"","pimage_id":"","pthumb":"","color":""},{"label":"46","value":"EU 46","price":"","pimage":"","pimage_id":"","pthumb":"","color":""},{"label":"46 2\/3","value":"EU 46 2\/3","price":"","pimage":"","pimage_id":"","pthumb":"","color":""},{"label":"47 1\/3","value":"EU 47 1\/3","price":"","pimage":"","pimage_id":"","pthumb":"","color":""}],"relations":[{"operator":false,"rules":[]}],"form_id":24802,"form_rules":{"pric_cal_option_once":false,"exclude_from_discount":false,"pric_use_as_fee":false,"fee_label":"Fee","render_after_acb":false,"disp_hide_options_price":false}}]},"yoast_head":"<!-- This site is optimized with the Yoast SEO plugin v26.5 - https:\/\/yoast.com\/wordpress\/plugins\/seo\/ -->\n<title>adidas neo Bravada Wear-resistant Non-Slip Low Tops Casual Sports Skateboarding Shoes Unisex White  - Tourcruiser PTE. LTD<\/title>\n<meta name=\"robots\" content=\"index, follow, max-snippet:-1, max-image-preview:large, max-video-preview:-1\" \/>\n<link rel=\"canonical\" href=\"https:\/\/tourcruiser.com\/de\/products\/adidas-neo-bravada-wear-resistant-non-slip-low-tops-casual-sports-skateboarding-shoes-unisex-white\/\" \/>\n<meta property=\"og:locale\" content=\"de_DE\" \/>\n<meta property=\"og:type\" content=\"article\" \/>\n<meta property=\"og:title\" content=\"adidas neo Bravada Wear-resistant Non-Slip Low Tops Casual Sports Skateboarding Shoes Unisex White  - Tourcruiser PTE. LTD\" \/>\n<meta property=\"og:description\" content=\"adidas Neo Bravada \u201d\u201d White\" \/>\n<meta property=\"og:url\" content=\"https:\/\/tourcruiser.com\/de\/products\/adidas-neo-bravada-wear-resistant-non-slip-low-tops-casual-sports-skateboarding-shoes-unisex-white\/\" \/>\n<meta property=\"og:site_name\" content=\"Tourcruiser Sneaker Store\" \/>\n<meta property=\"article:modified_time\" content=\"2026-03-27T17:50:35+00:00\" \/>\n<meta name=\"twitter:card\" content=\"summary_large_image\" \/>\n<meta name=\"twitter:image\" content=\"https:\/\/images.novelship.com\/product\/adidas_neo_bravada_wear-resistant_non-slip_low_top_0_70089.jpeg;https:\/\/images.novelship.com\/product\/adidas_neo_bravada_wear-resistant_non-slip_low_top_1_70090.jpeg;https:\/\/images.novelship.com\/product\/adidas_neo_bravada_wear-resistant_non-slip_low_top_2_70090.jpeg;https:\/\/images.novelship.com\/product\/adidas_neo_bravada_wear-resistant_non-slip_low_top_3_70090.jpeg;https:\/\/images.novelship.com\/product\/adidas_neo_bravada_wear-resistant_non-slip_low_top_4_70090.jpeg;https:\/\/images.novelship.com\/product\/adidas_neo_bravada_wear-resistant_non-slip_low_top_5_70090.jpeg\" \/>\n<script type=\"application\/ld+json\" class=\"yoast-schema-graph\">{\"@context\":\"https:\/\/schema.org\",\"@graph\":[{\"@type\":\"WebPage\",\"@id\":\"https:\/\/tourcruiser.com\/de\/products\/adidas-neo-bravada-wear-resistant-non-slip-low-tops-casual-sports-skateboarding-shoes-unisex-white\/\",\"url\":\"https:\/\/tourcruiser.com\/de\/products\/adidas-neo-bravada-wear-resistant-non-slip-low-tops-casual-sports-skateboarding-shoes-unisex-white\/\",\"name\":\"adidas neo Bravada Wear-resistant Non-Slip Low Tops Casual Sports Skateboarding Shoes Unisex White - Tourcruiser PTE. LTD\",\"isPartOf\":{\"@id\":\"https:\/\/tourcruiser.com\/de\/#website\"},\"primaryImageOfPage\":{\"@id\":\"https:\/\/tourcruiser.com\/de\/products\/adidas-neo-bravada-wear-resistant-non-slip-low-tops-casual-sports-skateboarding-shoes-unisex-white\/#primaryimage\"},\"image\":{\"@id\":\"https:\/\/tourcruiser.com\/de\/products\/adidas-neo-bravada-wear-resistant-non-slip-low-tops-casual-sports-skateboarding-shoes-unisex-white\/#primaryimage\"},\"thumbnailUrl\":\"https:\/\/images.novelship.com\/product\/adidas_neo_bravada_wear-resistant_non-slip_low_top_0_70089.jpeg;https:\/\/images.novelship.com\/product\/adidas_neo_bravada_wear-resistant_non-slip_low_top_1_70090.jpeg;https:\/\/images.novelship.com\/product\/adidas_neo_bravada_wear-resistant_non-slip_low_top_2_70090.jpeg;https:\/\/images.novelship.com\/product\/adidas_neo_bravada_wear-resistant_non-slip_low_top_3_70090.jpeg;https:\/\/images.novelship.com\/product\/adidas_neo_bravada_wear-resistant_non-slip_low_top_4_70090.jpeg;https:\/\/images.novelship.com\/product\/adidas_neo_bravada_wear-resistant_non-slip_low_top_5_70090.jpeg\",\"datePublished\":\"2026-03-02T07:57:01+00:00\",\"dateModified\":\"2026-03-27T17:50:35+00:00\",\"breadcrumb\":{\"@id\":\"https:\/\/tourcruiser.com\/de\/products\/adidas-neo-bravada-wear-resistant-non-slip-low-tops-casual-sports-skateboarding-shoes-unisex-white\/#breadcrumb\"},\"inLanguage\":\"de\",\"potentialAction\":[{\"@type\":\"ReadAction\",\"target\":[\"https:\/\/tourcruiser.com\/de\/products\/adidas-neo-bravada-wear-resistant-non-slip-low-tops-casual-sports-skateboarding-shoes-unisex-white\/\"]}]},{\"@type\":\"ImageObject\",\"inLanguage\":\"de\",\"@id\":\"https:\/\/tourcruiser.com\/de\/products\/adidas-neo-bravada-wear-resistant-non-slip-low-tops-casual-sports-skateboarding-shoes-unisex-white\/#primaryimage\",\"url\":\"https:\/\/images.novelship.com\/product\/adidas_neo_bravada_wear-resistant_non-slip_low_top_0_70089.jpeg;https:\/\/images.novelship.com\/product\/adidas_neo_bravada_wear-resistant_non-slip_low_top_1_70090.jpeg;https:\/\/images.novelship.com\/product\/adidas_neo_bravada_wear-resistant_non-slip_low_top_2_70090.jpeg;https:\/\/images.novelship.com\/product\/adidas_neo_bravada_wear-resistant_non-slip_low_top_3_70090.jpeg;https:\/\/images.novelship.com\/product\/adidas_neo_bravada_wear-resistant_non-slip_low_top_4_70090.jpeg;https:\/\/images.novelship.com\/product\/adidas_neo_bravada_wear-resistant_non-slip_low_top_5_70090.jpeg\",\"contentUrl\":\"https:\/\/images.novelship.com\/product\/adidas_neo_bravada_wear-resistant_non-slip_low_top_0_70089.jpeg;https:\/\/images.novelship.com\/product\/adidas_neo_bravada_wear-resistant_non-slip_low_top_1_70090.jpeg;https:\/\/images.novelship.com\/product\/adidas_neo_bravada_wear-resistant_non-slip_low_top_2_70090.jpeg;https:\/\/images.novelship.com\/product\/adidas_neo_bravada_wear-resistant_non-slip_low_top_3_70090.jpeg;https:\/\/images.novelship.com\/product\/adidas_neo_bravada_wear-resistant_non-slip_low_top_4_70090.jpeg;https:\/\/images.novelship.com\/product\/adidas_neo_bravada_wear-resistant_non-slip_low_top_5_70090.jpeg\"},{\"@type\":\"BreadcrumbList\",\"@id\":\"https:\/\/tourcruiser.com\/de\/products\/adidas-neo-bravada-wear-resistant-non-slip-low-tops-casual-sports-skateboarding-shoes-unisex-white\/#breadcrumb\",\"itemListElement\":[{\"@type\":\"ListItem\",\"position\":1,\"name\":\"Home\",\"item\":\"https:\/\/tourcruiser.com\/de\/\"},{\"@type\":\"ListItem\",\"position\":2,\"name\":\"Shop\",\"item\":\"https:\/\/tourcruiser.com\/de\/shop\/\"},{\"@type\":\"ListItem\",\"position\":3,\"name\":\"adidas neo Bravada Wear-resistant Non-Slip Low Tops Casual Sports Skateboarding Shoes Unisex White\"}]},{\"@type\":\"WebSite\",\"@id\":\"https:\/\/tourcruiser.com\/de\/#website\",\"url\":\"https:\/\/tourcruiser.com\/de\/\",\"name\":\"Styloral Jewelry Shop\",\"description\":\"Tourcruiser Sneaker Store \u2014 der Ort, an dem das Universum deine Einzigartigkeit trifft.\",\"publisher\":{\"@id\":\"https:\/\/tourcruiser.com\/de\/#organization\"},\"potentialAction\":[{\"@type\":\"SearchAction\",\"target\":{\"@type\":\"EntryPoint\",\"urlTemplate\":\"https:\/\/tourcruiser.com\/de\/?s={search_term_string}\"},\"query-input\":{\"@type\":\"PropertyValueSpecification\",\"valueRequired\":true,\"valueName\":\"search_term_string\"}}],\"inLanguage\":\"de\"},{\"@type\":\"Organization\",\"@id\":\"https:\/\/tourcruiser.com\/de\/#organization\",\"name\":\"STYLORAL PTE. LTD\",\"url\":\"https:\/\/tourcruiser.com\/de\/\",\"logo\":{\"@type\":\"ImageObject\",\"inLanguage\":\"de\",\"@id\":\"https:\/\/tourcruiser.com\/de\/#\/schema\/logo\/image\/\",\"url\":\"https:\/\/www.tourcruiser.com\/wp-content\/uploads\/2025\/12\/logo.png\",\"contentUrl\":\"https:\/\/www.tourcruiser.com\/wp-content\/uploads\/2025\/12\/logo.png\",\"width\":200,\"height\":65,\"caption\":\"STYLORAL PTE. LTD\"},\"image\":{\"@id\":\"https:\/\/tourcruiser.com\/de\/#\/schema\/logo\/image\/\"}}]}<\/script>\n<!-- \/ Yoast SEO plugin. -->","yoast_head_json":{"title":"adidas neo Bravada Wear-resistant Non-Slip Low Tops Casual Sports Skateboarding Shoes Unisex White  - Tourcruiser PTE. LTD","robots":{"index":"index","follow":"follow","max-snippet":"max-snippet:-1","max-image-preview":"max-image-preview:large","max-video-preview":"max-video-preview:-1"},"canonical":"https:\/\/tourcruiser.com\/de\/products\/adidas-neo-bravada-wear-resistant-non-slip-low-tops-casual-sports-skateboarding-shoes-unisex-white\/","og_locale":"de_DE","og_type":"article","og_title":"adidas neo Bravada Wear-resistant Non-Slip Low Tops Casual Sports Skateboarding Shoes Unisex White  - Tourcruiser PTE. LTD","og_description":"adidas Neo Bravada \u201d\u201d White","og_url":"https:\/\/tourcruiser.com\/de\/products\/adidas-neo-bravada-wear-resistant-non-slip-low-tops-casual-sports-skateboarding-shoes-unisex-white\/","og_site_name":"Tourcruiser Sneaker Store","article_modified_time":"2026-03-27T17:50:35+00:00","twitter_card":"summary_large_image","twitter_image":"https:\/\/images.novelship.com\/product\/adidas_neo_bravada_wear-resistant_non-slip_low_top_0_70089.jpeg;https:\/\/images.novelship.com\/product\/adidas_neo_bravada_wear-resistant_non-slip_low_top_1_70090.jpeg;https:\/\/images.novelship.com\/product\/adidas_neo_bravada_wear-resistant_non-slip_low_top_2_70090.jpeg;https:\/\/images.novelship.com\/product\/adidas_neo_bravada_wear-resistant_non-slip_low_top_3_70090.jpeg;https:\/\/images.novelship.com\/product\/adidas_neo_bravada_wear-resistant_non-slip_low_top_4_70090.jpeg;https:\/\/images.novelship.com\/product\/adidas_neo_bravada_wear-resistant_non-slip_low_top_5_70090.jpeg","schema":{"@context":"https:\/\/schema.org","@graph":[{"@type":"WebPage","@id":"https:\/\/tourcruiser.com\/de\/products\/adidas-neo-bravada-wear-resistant-non-slip-low-tops-casual-sports-skateboarding-shoes-unisex-white\/","url":"https:\/\/tourcruiser.com\/de\/products\/adidas-neo-bravada-wear-resistant-non-slip-low-tops-casual-sports-skateboarding-shoes-unisex-white\/","name":"adidas neo Bravada Wear-resistant Non-Slip Low Tops Casual Sports Skateboarding Shoes Unisex White - Tourcruiser PTE. LTD","isPartOf":{"@id":"https:\/\/tourcruiser.com\/de\/#website"},"primaryImageOfPage":{"@id":"https:\/\/tourcruiser.com\/de\/products\/adidas-neo-bravada-wear-resistant-non-slip-low-tops-casual-sports-skateboarding-shoes-unisex-white\/#primaryimage"},"image":{"@id":"https:\/\/tourcruiser.com\/de\/products\/adidas-neo-bravada-wear-resistant-non-slip-low-tops-casual-sports-skateboarding-shoes-unisex-white\/#primaryimage"},"thumbnailUrl":"https:\/\/images.novelship.com\/product\/adidas_neo_bravada_wear-resistant_non-slip_low_top_0_70089.jpeg;https:\/\/images.novelship.com\/product\/adidas_neo_bravada_wear-resistant_non-slip_low_top_1_70090.jpeg;https:\/\/images.novelship.com\/product\/adidas_neo_bravada_wear-resistant_non-slip_low_top_2_70090.jpeg;https:\/\/images.novelship.com\/product\/adidas_neo_bravada_wear-resistant_non-slip_low_top_3_70090.jpeg;https:\/\/images.novelship.com\/product\/adidas_neo_bravada_wear-resistant_non-slip_low_top_4_70090.jpeg;https:\/\/images.novelship.com\/product\/adidas_neo_bravada_wear-resistant_non-slip_low_top_5_70090.jpeg","datePublished":"2026-03-02T07:57:01+00:00","dateModified":"2026-03-27T17:50:35+00:00","breadcrumb":{"@id":"https:\/\/tourcruiser.com\/de\/products\/adidas-neo-bravada-wear-resistant-non-slip-low-tops-casual-sports-skateboarding-shoes-unisex-white\/#breadcrumb"},"inLanguage":"de","potentialAction":[{"@type":"ReadAction","target":["https:\/\/tourcruiser.com\/de\/products\/adidas-neo-bravada-wear-resistant-non-slip-low-tops-casual-sports-skateboarding-shoes-unisex-white\/"]}]},{"@type":"ImageObject","inLanguage":"de","@id":"https:\/\/tourcruiser.com\/de\/products\/adidas-neo-bravada-wear-resistant-non-slip-low-tops-casual-sports-skateboarding-shoes-unisex-white\/#primaryimage","url":"https:\/\/images.novelship.com\/product\/adidas_neo_bravada_wear-resistant_non-slip_low_top_0_70089.jpeg;https:\/\/images.novelship.com\/product\/adidas_neo_bravada_wear-resistant_non-slip_low_top_1_70090.jpeg;https:\/\/images.novelship.com\/product\/adidas_neo_bravada_wear-resistant_non-slip_low_top_2_70090.jpeg;https:\/\/images.novelship.com\/product\/adidas_neo_bravada_wear-resistant_non-slip_low_top_3_70090.jpeg;https:\/\/images.novelship.com\/product\/adidas_neo_bravada_wear-resistant_non-slip_low_top_4_70090.jpeg;https:\/\/images.novelship.com\/product\/adidas_neo_bravada_wear-resistant_non-slip_low_top_5_70090.jpeg","contentUrl":"https:\/\/images.novelship.com\/product\/adidas_neo_bravada_wear-resistant_non-slip_low_top_0_70089.jpeg;https:\/\/images.novelship.com\/product\/adidas_neo_bravada_wear-resistant_non-slip_low_top_1_70090.jpeg;https:\/\/images.novelship.com\/product\/adidas_neo_bravada_wear-resistant_non-slip_low_top_2_70090.jpeg;https:\/\/images.novelship.com\/product\/adidas_neo_bravada_wear-resistant_non-slip_low_top_3_70090.jpeg;https:\/\/images.novelship.com\/product\/adidas_neo_bravada_wear-resistant_non-slip_low_top_4_70090.jpeg;https:\/\/images.novelship.com\/product\/adidas_neo_bravada_wear-resistant_non-slip_low_top_5_70090.jpeg"},{"@type":"BreadcrumbList","@id":"https:\/\/tourcruiser.com\/de\/products\/adidas-neo-bravada-wear-resistant-non-slip-low-tops-casual-sports-skateboarding-shoes-unisex-white\/#breadcrumb","itemListElement":[{"@type":"ListItem","position":1,"name":"Home","item":"https:\/\/tourcruiser.com\/de\/"},{"@type":"ListItem","position":2,"name":"Shop","item":"https:\/\/tourcruiser.com\/de\/shop\/"},{"@type":"ListItem","position":3,"name":"adidas neo Bravada Wear-resistant Non-Slip Low Tops Casual Sports Skateboarding Shoes Unisex White"}]},{"@type":"WebSite","@id":"https:\/\/tourcruiser.com\/de\/#website","url":"https:\/\/tourcruiser.com\/de\/","name":"Styloral Jewelry Shop","description":"Tourcruiser Sneaker Store \u2014 der Ort, an dem das Universum deine Einzigartigkeit trifft.","publisher":{"@id":"https:\/\/tourcruiser.com\/de\/#organization"},"potentialAction":[{"@type":"SearchAction","target":{"@type":"EntryPoint","urlTemplate":"https:\/\/tourcruiser.com\/de\/?s={search_term_string}"},"query-input":{"@type":"PropertyValueSpecification","valueRequired":true,"valueName":"search_term_string"}}],"inLanguage":"de"},{"@type":"Organization","@id":"https:\/\/tourcruiser.com\/de\/#organization","name":"STYLORAL PTE. LTD","url":"https:\/\/tourcruiser.com\/de\/","logo":{"@type":"ImageObject","inLanguage":"de","@id":"https:\/\/tourcruiser.com\/de\/#\/schema\/logo\/image\/","url":"https:\/\/www.tourcruiser.com\/wp-content\/uploads\/2025\/12\/logo.png","contentUrl":"https:\/\/www.tourcruiser.com\/wp-content\/uploads\/2025\/12\/logo.png","width":200,"height":65,"caption":"STYLORAL PTE. LTD"},"image":{"@id":"https:\/\/tourcruiser.com\/de\/#\/schema\/logo\/image\/"}}]}},"_links":{"self":[{"href":"https:\/\/tourcruiser.com\/de\/wp-json\/wp\/v2\/product\/42417","targetHints":{"allow":["GET"]}}],"collection":[{"href":"https:\/\/tourcruiser.com\/de\/wp-json\/wp\/v2\/product"}],"about":[{"href":"https:\/\/tourcruiser.com\/de\/wp-json\/wp\/v2\/types\/product"}],"replies":[{"embeddable":true,"href":"https:\/\/tourcruiser.com\/de\/wp-json\/wp\/v2\/comments?post=42417"}],"wp:featuredmedia":[{"embeddable":true,"href":"https:\/\/tourcruiser.com\/de\/wp-json\/wp\/v2\/media\/42418"}],"wp:attachment":[{"href":"https:\/\/tourcruiser.com\/de\/wp-json\/wp\/v2\/media?parent=42417"}],"wp:term":[{"taxonomy":"product_brand","embeddable":true,"href":"https:\/\/tourcruiser.com\/de\/wp-json\/wp\/v2\/product_brand?post=42417"},{"taxonomy":"product_cat","embeddable":true,"href":"https:\/\/tourcruiser.com\/de\/wp-json\/wp\/v2\/product_cat?post=42417"},{"taxonomy":"product_tag","embeddable":true,"href":"https:\/\/tourcruiser.com\/de\/wp-json\/wp\/v2\/product_tag?post=42417"}],"curies":[{"name":"wp","href":"https:\/\/api.w.org\/{rel}","templated":true}]}}