{"id":42389,"date":"2026-03-02T14:56:58","date_gmt":"2026-03-02T07:56:58","guid":{"rendered":"http:\/\/tourcruiser.com\/product\/women-new-balance-550-casual-shoes-white-white-color"},"modified":"2026-03-28T01:51:32","modified_gmt":"2026-03-27T18:51:32","slug":"women-new-balance-550-casual-shoes-white-white-color","status":"publish","type":"product","link":"https:\/\/tourcruiser.com\/de\/products\/women-new-balance-550-casual-shoes-white-white-color\/","title":{"rendered":"(Women) New Balance 550 Casual Shoes White White color"},"content":{"rendered":"<p>Mit den New Balance 550 Freizeitschuhen in klassischem Wei\u00df (BBW550EC-B) setzen Sie ein modisches Statement. Diese legend\u00e4ren Sneaker vereinen Retro-Charme mit modernem Komfort und sind daher weltweit bei modebewussten Menschen beliebt. Dank der Verwendung hochwertigster Materialien bieten die 550 \u00fcberragende Strapazierf\u00e4higkeit und au\u00dfergew\u00f6hnliche D\u00e4mpfung f\u00fcr ganzt\u00e4gigen Tragekomfort. Ihr vielseitiges Design passt zu jedem Outfit und sorgt daf\u00fcr, dass Sie m\u00fchelos auffallen. Verleihen Sie Ihrem Sneaker-Look das gewisse Extra und erleben Sie unvergleichliche Eleganz mit den zeitlosen wei\u00dfen New Balance 550!<\/p>\n<ul>\n<li><strong>Farbe:<\/strong> Wei\u00df<\/li>\n<li><strong>Artikelnummer:<\/strong> BBW550EC-B<\/li>\n<li><strong>Farbe:<\/strong> Wei\u00df<\/li>\n<\/ul>\n","protected":false},"excerpt":{"rendered":"<p>New Balance 550 \u201d\u201d White color<\/p>\n","protected":false},"featured_media":42390,"comment_status":"open","ping_status":"closed","template":"","meta":[],"product_brand":[],"product_cat":[11302],"product_tag":[10750,10754,10777,10766,10756,10758],"class_list":{"0":"post-42389","1":"product","2":"type-product","3":"status-publish","4":"has-post-thumbnail","6":"product_cat-new-balance-women","7":"product_tag-athleisure-shoes","8":"product_tag-lifestyle-casual-shoes","9":"product_tag-lifestyle-shoes-basketball-inspired","10":"product_tag-new-balance","11":"product_tag-retro-casual-shoes","12":"product_tag-under-retail","13":"wcpa_has_options","15":"first","16":"outofstock","17":"taxable","18":"shipping-taxable","19":"purchasable","20":"product-type-simple"},"wcpa_form_fields":{"rules":{"pric_overide_base_price":false,"pric_overide_base_price_if_gt_zero":false,"pric_overide_base_price_fully":false,"pric_cal_option_once":false,"pric_use_as_fee":false,"bind_quantity":false,"quantity_bind_formula":false},"fields":[{"type":"color-group","required":true,"elementId":"wcpa-color-group-66c4a928225d2","label":"Gr\u00f6\u00dfe","inline":true,"priceOptions":"different_for_all","pricingType":"fixed","className":"hassizechart product-shoes-size-eu product-shoes-size","name":"color-group-66c4a928225e2","disp_type":"square","selection_type":"tick-border","disp_size":"50","show_label_inside":true,"adjust_width":true,"cart_display_type":"text","other_text":"Other","cl_rule":"show","col":6,"values":[{"label":"35","value":"EU 35","price":"","pimage":"","pimage_id":"","pthumb":"","color":""},{"label":"36","value":"EU 36","price":"","pimage":"","pimage_id":"","pthumb":"","color":"","selected":true},{"label":"37","value":"EU 37","price":"","pimage":"","pimage_id":"","pthumb":"","color":""},{"label":"37.5","value":"EU 37.5","price":"","pimage":"","pimage_id":"","pthumb":"","color":""},{"label":"38","value":"EU 38","price":"","pimage":"","pimage_id":"","pthumb":"","color":""},{"label":"38.5","value":"EU 38.5","price":"","pimage":"","pimage_id":"","pthumb":"","color":""},{"label":"39","value":"EU 39","price":"","pimage":"","pimage_id":"","pthumb":"","color":""},{"label":"39.5","value":"EU 39.5","price":"","pimage":"","pimage_id":"","pthumb":"","color":""},{"label":"40","value":"EU 40","price":"","pimage":"","pimage_id":"","pthumb":"","color":""},{"label":"40.5","value":"EU 40.5","price":"","pimage":"","pimage_id":"","pthumb":"","color":""},{"label":" 41.5","value":"EU 41.5","price":"","pimage":"","pimage_id":"","pthumb":"","color":""},{"label":"42","value":"EU 42","price":"","pimage":"","pimage_id":"","pthumb":"","color":""},{"label":"42.5","value":"EU 42.5","price":"","pimage":"","pimage_id":"","pthumb":"","color":""},{"label":"43","value":"EU 43","price":"","pimage":"","pimage_id":"","pthumb":"","color":""},{"label":"44","value":"EU 44","price":"","pimage":"","pimage_id":"","pthumb":"","color":""},{"label":"44.5","value":"EU 44.5","price":"","pimage":"","pimage_id":"","pthumb":"","color":""},{"label":"45","value":"EU 45","price":"","pimage":"","pimage_id":"","pthumb":"","color":""},{"label":"45.5","value":"EU 45.5","price":"","pimage":"","pimage_id":"","pthumb":"","color":""},{"label":"46","value":"EU 46","price":"","pimage":"","pimage_id":"","pthumb":"","color":""}],"relations":[{"operator":false,"rules":[]}],"form_id":24803,"form_rules":{"pric_cal_option_once":false,"exclude_from_discount":false,"pric_use_as_fee":false,"fee_label":"Fee","render_after_acb":false,"disp_hide_options_price":false}}]},"yoast_head":"<!-- This site is optimized with the Yoast SEO plugin v26.5 - https:\/\/yoast.com\/wordpress\/plugins\/seo\/ -->\n<title>(Women) New Balance 550 Casual Shoes White White color  - Tourcruiser PTE. LTD<\/title>\n<meta name=\"robots\" content=\"index, follow, max-snippet:-1, max-image-preview:large, max-video-preview:-1\" \/>\n<link rel=\"canonical\" href=\"https:\/\/tourcruiser.com\/de\/products\/women-new-balance-550-casual-shoes-white-white-color\/\" \/>\n<meta property=\"og:locale\" content=\"de_DE\" \/>\n<meta property=\"og:type\" content=\"article\" \/>\n<meta property=\"og:title\" content=\"(Women) New Balance 550 Casual Shoes White White color  - Tourcruiser PTE. LTD\" \/>\n<meta property=\"og:description\" content=\"New Balance 550 \u201d\u201d White color\" \/>\n<meta property=\"og:url\" content=\"https:\/\/tourcruiser.com\/de\/products\/women-new-balance-550-casual-shoes-white-white-color\/\" \/>\n<meta property=\"og:site_name\" content=\"Tourcruiser Sneaker Store\" \/>\n<meta property=\"article:modified_time\" content=\"2026-03-27T18:51:32+00:00\" \/>\n<meta name=\"twitter:card\" content=\"summary_large_image\" \/>\n<meta name=\"twitter:image\" content=\"https:\/\/images.novelship.com\/product\/_women__new_balance_550_casual_shoes_white_white_c_0_24093.jpeg;https:\/\/images.novelship.com\/product\/_women__new_balance_550_casual_shoes_white_white_c_1_24093.jpeg;https:\/\/images.novelship.com\/product\/_women__new_balance_550_casual_shoes_white_white_c_2_24093.jpeg;https:\/\/images.novelship.com\/product\/_women__new_balance_550_casual_shoes_white_white_c_3_24093.jpeg;https:\/\/images.novelship.com\/product\/_women__new_balance_550_casual_shoes_white_white_c_4_24093.jpeg\" \/>\n<script type=\"application\/ld+json\" class=\"yoast-schema-graph\">{\"@context\":\"https:\/\/schema.org\",\"@graph\":[{\"@type\":\"WebPage\",\"@id\":\"https:\/\/tourcruiser.com\/de\/products\/women-new-balance-550-casual-shoes-white-white-color\/\",\"url\":\"https:\/\/tourcruiser.com\/de\/products\/women-new-balance-550-casual-shoes-white-white-color\/\",\"name\":\"(Women) New Balance 550 Casual Shoes White White color - Tourcruiser PTE. LTD\",\"isPartOf\":{\"@id\":\"https:\/\/tourcruiser.com\/de\/#website\"},\"primaryImageOfPage\":{\"@id\":\"https:\/\/tourcruiser.com\/de\/products\/women-new-balance-550-casual-shoes-white-white-color\/#primaryimage\"},\"image\":{\"@id\":\"https:\/\/tourcruiser.com\/de\/products\/women-new-balance-550-casual-shoes-white-white-color\/#primaryimage\"},\"thumbnailUrl\":\"https:\/\/images.novelship.com\/product\/_women__new_balance_550_casual_shoes_white_white_c_0_24093.jpeg;https:\/\/images.novelship.com\/product\/_women__new_balance_550_casual_shoes_white_white_c_1_24093.jpeg;https:\/\/images.novelship.com\/product\/_women__new_balance_550_casual_shoes_white_white_c_2_24093.jpeg;https:\/\/images.novelship.com\/product\/_women__new_balance_550_casual_shoes_white_white_c_3_24093.jpeg;https:\/\/images.novelship.com\/product\/_women__new_balance_550_casual_shoes_white_white_c_4_24093.jpeg\",\"datePublished\":\"2026-03-02T07:56:58+00:00\",\"dateModified\":\"2026-03-27T18:51:32+00:00\",\"breadcrumb\":{\"@id\":\"https:\/\/tourcruiser.com\/de\/products\/women-new-balance-550-casual-shoes-white-white-color\/#breadcrumb\"},\"inLanguage\":\"de\",\"potentialAction\":[{\"@type\":\"ReadAction\",\"target\":[\"https:\/\/tourcruiser.com\/de\/products\/women-new-balance-550-casual-shoes-white-white-color\/\"]}]},{\"@type\":\"ImageObject\",\"inLanguage\":\"de\",\"@id\":\"https:\/\/tourcruiser.com\/de\/products\/women-new-balance-550-casual-shoes-white-white-color\/#primaryimage\",\"url\":\"https:\/\/images.novelship.com\/product\/_women__new_balance_550_casual_shoes_white_white_c_0_24093.jpeg;https:\/\/images.novelship.com\/product\/_women__new_balance_550_casual_shoes_white_white_c_1_24093.jpeg;https:\/\/images.novelship.com\/product\/_women__new_balance_550_casual_shoes_white_white_c_2_24093.jpeg;https:\/\/images.novelship.com\/product\/_women__new_balance_550_casual_shoes_white_white_c_3_24093.jpeg;https:\/\/images.novelship.com\/product\/_women__new_balance_550_casual_shoes_white_white_c_4_24093.jpeg\",\"contentUrl\":\"https:\/\/images.novelship.com\/product\/_women__new_balance_550_casual_shoes_white_white_c_0_24093.jpeg;https:\/\/images.novelship.com\/product\/_women__new_balance_550_casual_shoes_white_white_c_1_24093.jpeg;https:\/\/images.novelship.com\/product\/_women__new_balance_550_casual_shoes_white_white_c_2_24093.jpeg;https:\/\/images.novelship.com\/product\/_women__new_balance_550_casual_shoes_white_white_c_3_24093.jpeg;https:\/\/images.novelship.com\/product\/_women__new_balance_550_casual_shoes_white_white_c_4_24093.jpeg\"},{\"@type\":\"BreadcrumbList\",\"@id\":\"https:\/\/tourcruiser.com\/de\/products\/women-new-balance-550-casual-shoes-white-white-color\/#breadcrumb\",\"itemListElement\":[{\"@type\":\"ListItem\",\"position\":1,\"name\":\"Home\",\"item\":\"https:\/\/tourcruiser.com\/de\/\"},{\"@type\":\"ListItem\",\"position\":2,\"name\":\"Shop\",\"item\":\"https:\/\/tourcruiser.com\/de\/shop\/\"},{\"@type\":\"ListItem\",\"position\":3,\"name\":\"(Women) New Balance 550 Casual Shoes White White color\"}]},{\"@type\":\"WebSite\",\"@id\":\"https:\/\/tourcruiser.com\/de\/#website\",\"url\":\"https:\/\/tourcruiser.com\/de\/\",\"name\":\"Styloral Jewelry Shop\",\"description\":\"Tourcruiser Sneaker Store \u2014 der Ort, an dem das Universum deine Einzigartigkeit trifft.\",\"publisher\":{\"@id\":\"https:\/\/tourcruiser.com\/de\/#organization\"},\"potentialAction\":[{\"@type\":\"SearchAction\",\"target\":{\"@type\":\"EntryPoint\",\"urlTemplate\":\"https:\/\/tourcruiser.com\/de\/?s={search_term_string}\"},\"query-input\":{\"@type\":\"PropertyValueSpecification\",\"valueRequired\":true,\"valueName\":\"search_term_string\"}}],\"inLanguage\":\"de\"},{\"@type\":\"Organization\",\"@id\":\"https:\/\/tourcruiser.com\/de\/#organization\",\"name\":\"STYLORAL PTE. LTD\",\"url\":\"https:\/\/tourcruiser.com\/de\/\",\"logo\":{\"@type\":\"ImageObject\",\"inLanguage\":\"de\",\"@id\":\"https:\/\/tourcruiser.com\/de\/#\/schema\/logo\/image\/\",\"url\":\"https:\/\/www.tourcruiser.com\/wp-content\/uploads\/2025\/12\/logo.png\",\"contentUrl\":\"https:\/\/www.tourcruiser.com\/wp-content\/uploads\/2025\/12\/logo.png\",\"width\":200,\"height\":65,\"caption\":\"STYLORAL PTE. LTD\"},\"image\":{\"@id\":\"https:\/\/tourcruiser.com\/de\/#\/schema\/logo\/image\/\"}}]}<\/script>\n<!-- \/ Yoast SEO plugin. -->","yoast_head_json":{"title":"(Women) New Balance 550 Casual Shoes White White color  - Tourcruiser PTE. LTD","robots":{"index":"index","follow":"follow","max-snippet":"max-snippet:-1","max-image-preview":"max-image-preview:large","max-video-preview":"max-video-preview:-1"},"canonical":"https:\/\/tourcruiser.com\/de\/products\/women-new-balance-550-casual-shoes-white-white-color\/","og_locale":"de_DE","og_type":"article","og_title":"(Women) New Balance 550 Casual Shoes White White color  - Tourcruiser PTE. LTD","og_description":"New Balance 550 \u201d\u201d White color","og_url":"https:\/\/tourcruiser.com\/de\/products\/women-new-balance-550-casual-shoes-white-white-color\/","og_site_name":"Tourcruiser Sneaker Store","article_modified_time":"2026-03-27T18:51:32+00:00","twitter_card":"summary_large_image","twitter_image":"https:\/\/images.novelship.com\/product\/_women__new_balance_550_casual_shoes_white_white_c_0_24093.jpeg;https:\/\/images.novelship.com\/product\/_women__new_balance_550_casual_shoes_white_white_c_1_24093.jpeg;https:\/\/images.novelship.com\/product\/_women__new_balance_550_casual_shoes_white_white_c_2_24093.jpeg;https:\/\/images.novelship.com\/product\/_women__new_balance_550_casual_shoes_white_white_c_3_24093.jpeg;https:\/\/images.novelship.com\/product\/_women__new_balance_550_casual_shoes_white_white_c_4_24093.jpeg","schema":{"@context":"https:\/\/schema.org","@graph":[{"@type":"WebPage","@id":"https:\/\/tourcruiser.com\/de\/products\/women-new-balance-550-casual-shoes-white-white-color\/","url":"https:\/\/tourcruiser.com\/de\/products\/women-new-balance-550-casual-shoes-white-white-color\/","name":"(Women) New Balance 550 Casual Shoes White White color - Tourcruiser PTE. LTD","isPartOf":{"@id":"https:\/\/tourcruiser.com\/de\/#website"},"primaryImageOfPage":{"@id":"https:\/\/tourcruiser.com\/de\/products\/women-new-balance-550-casual-shoes-white-white-color\/#primaryimage"},"image":{"@id":"https:\/\/tourcruiser.com\/de\/products\/women-new-balance-550-casual-shoes-white-white-color\/#primaryimage"},"thumbnailUrl":"https:\/\/images.novelship.com\/product\/_women__new_balance_550_casual_shoes_white_white_c_0_24093.jpeg;https:\/\/images.novelship.com\/product\/_women__new_balance_550_casual_shoes_white_white_c_1_24093.jpeg;https:\/\/images.novelship.com\/product\/_women__new_balance_550_casual_shoes_white_white_c_2_24093.jpeg;https:\/\/images.novelship.com\/product\/_women__new_balance_550_casual_shoes_white_white_c_3_24093.jpeg;https:\/\/images.novelship.com\/product\/_women__new_balance_550_casual_shoes_white_white_c_4_24093.jpeg","datePublished":"2026-03-02T07:56:58+00:00","dateModified":"2026-03-27T18:51:32+00:00","breadcrumb":{"@id":"https:\/\/tourcruiser.com\/de\/products\/women-new-balance-550-casual-shoes-white-white-color\/#breadcrumb"},"inLanguage":"de","potentialAction":[{"@type":"ReadAction","target":["https:\/\/tourcruiser.com\/de\/products\/women-new-balance-550-casual-shoes-white-white-color\/"]}]},{"@type":"ImageObject","inLanguage":"de","@id":"https:\/\/tourcruiser.com\/de\/products\/women-new-balance-550-casual-shoes-white-white-color\/#primaryimage","url":"https:\/\/images.novelship.com\/product\/_women__new_balance_550_casual_shoes_white_white_c_0_24093.jpeg;https:\/\/images.novelship.com\/product\/_women__new_balance_550_casual_shoes_white_white_c_1_24093.jpeg;https:\/\/images.novelship.com\/product\/_women__new_balance_550_casual_shoes_white_white_c_2_24093.jpeg;https:\/\/images.novelship.com\/product\/_women__new_balance_550_casual_shoes_white_white_c_3_24093.jpeg;https:\/\/images.novelship.com\/product\/_women__new_balance_550_casual_shoes_white_white_c_4_24093.jpeg","contentUrl":"https:\/\/images.novelship.com\/product\/_women__new_balance_550_casual_shoes_white_white_c_0_24093.jpeg;https:\/\/images.novelship.com\/product\/_women__new_balance_550_casual_shoes_white_white_c_1_24093.jpeg;https:\/\/images.novelship.com\/product\/_women__new_balance_550_casual_shoes_white_white_c_2_24093.jpeg;https:\/\/images.novelship.com\/product\/_women__new_balance_550_casual_shoes_white_white_c_3_24093.jpeg;https:\/\/images.novelship.com\/product\/_women__new_balance_550_casual_shoes_white_white_c_4_24093.jpeg"},{"@type":"BreadcrumbList","@id":"https:\/\/tourcruiser.com\/de\/products\/women-new-balance-550-casual-shoes-white-white-color\/#breadcrumb","itemListElement":[{"@type":"ListItem","position":1,"name":"Home","item":"https:\/\/tourcruiser.com\/de\/"},{"@type":"ListItem","position":2,"name":"Shop","item":"https:\/\/tourcruiser.com\/de\/shop\/"},{"@type":"ListItem","position":3,"name":"(Women) New Balance 550 Casual Shoes White White color"}]},{"@type":"WebSite","@id":"https:\/\/tourcruiser.com\/de\/#website","url":"https:\/\/tourcruiser.com\/de\/","name":"Styloral Jewelry Shop","description":"Tourcruiser Sneaker Store \u2014 der Ort, an dem das Universum deine Einzigartigkeit trifft.","publisher":{"@id":"https:\/\/tourcruiser.com\/de\/#organization"},"potentialAction":[{"@type":"SearchAction","target":{"@type":"EntryPoint","urlTemplate":"https:\/\/tourcruiser.com\/de\/?s={search_term_string}"},"query-input":{"@type":"PropertyValueSpecification","valueRequired":true,"valueName":"search_term_string"}}],"inLanguage":"de"},{"@type":"Organization","@id":"https:\/\/tourcruiser.com\/de\/#organization","name":"STYLORAL PTE. LTD","url":"https:\/\/tourcruiser.com\/de\/","logo":{"@type":"ImageObject","inLanguage":"de","@id":"https:\/\/tourcruiser.com\/de\/#\/schema\/logo\/image\/","url":"https:\/\/www.tourcruiser.com\/wp-content\/uploads\/2025\/12\/logo.png","contentUrl":"https:\/\/www.tourcruiser.com\/wp-content\/uploads\/2025\/12\/logo.png","width":200,"height":65,"caption":"STYLORAL PTE. LTD"},"image":{"@id":"https:\/\/tourcruiser.com\/de\/#\/schema\/logo\/image\/"}}]}},"_links":{"self":[{"href":"https:\/\/tourcruiser.com\/de\/wp-json\/wp\/v2\/product\/42389","targetHints":{"allow":["GET"]}}],"collection":[{"href":"https:\/\/tourcruiser.com\/de\/wp-json\/wp\/v2\/product"}],"about":[{"href":"https:\/\/tourcruiser.com\/de\/wp-json\/wp\/v2\/types\/product"}],"replies":[{"embeddable":true,"href":"https:\/\/tourcruiser.com\/de\/wp-json\/wp\/v2\/comments?post=42389"}],"wp:featuredmedia":[{"embeddable":true,"href":"https:\/\/tourcruiser.com\/de\/wp-json\/wp\/v2\/media\/42390"}],"wp:attachment":[{"href":"https:\/\/tourcruiser.com\/de\/wp-json\/wp\/v2\/media?parent=42389"}],"wp:term":[{"taxonomy":"product_brand","embeddable":true,"href":"https:\/\/tourcruiser.com\/de\/wp-json\/wp\/v2\/product_brand?post=42389"},{"taxonomy":"product_cat","embeddable":true,"href":"https:\/\/tourcruiser.com\/de\/wp-json\/wp\/v2\/product_cat?post=42389"},{"taxonomy":"product_tag","embeddable":true,"href":"https:\/\/tourcruiser.com\/de\/wp-json\/wp\/v2\/product_tag?post=42389"}],"curies":[{"name":"wp","href":"https:\/\/api.w.org\/{rel}","templated":true}]}}