{"id":42269,"date":"2026-03-02T14:56:49","date_gmt":"2026-03-02T07:56:49","guid":{"rendered":"http:\/\/tourcruiser.com\/product\/women-adidas-terrex-trailmaker-2-speed-lace-gore-tex-preloved-fig"},"modified":"2026-03-28T00:50:27","modified_gmt":"2026-03-27T17:50:27","slug":"women-adidas-terrex-trailmaker-2-speed-lace-gore-tex-preloved-fig","status":"publish","type":"product","link":"https:\/\/tourcruiser.com\/de\/products\/women-adidas-terrex-trailmaker-2-speed-lace-gore-tex-preloved-fig\/","title":{"rendered":"(Women) adidas Terrex Trailmaker 2 Speed Lace GORE-TEX &#8218;Preloved Fig&#8216;"},"content":{"rendered":"<p>Der adidas Terrex Trailmaker 2 Speed \u201d\u2039\u201d\u2039Lace GORE-TEX &#8218;Preloved Fig&#8216; JP5242 f\u00fcr Damen ist ein vielseitiger Trailrunningschuh, der Performance, Strapazierf\u00e4higkeit, Style und Komfort f\u00fcr jedes Terrain vereint. Dank fortschrittlicher GORE-TEX-Technologie bietet er wasserdichten Schutz und Atmungsaktivit\u00e4t und h\u00e4lt deine F\u00fc\u00dfe auch bei N\u00e4sse trocken. Die leichte EVA-Zwischensohle sorgt f\u00fcr optimale D\u00e4mpfung, w\u00e4hrend die robuste Continental\u00e2\u201e\u00a2-Gummisohle au\u00dfergew\u00f6hnlichen Grip auf nassem und trockenem Untergrund garantiert. Das innovative Speed \u201d\u2039\u201d\u2039Lace-System erm\u00f6glicht schnelle und sichere Anpassungen und garantiert so perfekten Sitz auch bei intensiven Aktivit\u00e4ten. Die stylische Farbgebung &#8218;Preloved Fig&#8216; macht den Schuh zur idealen Wahl f\u00fcr sportliche Aktivit\u00e4ten und Freizeit. Die Verwendung nachhaltiger Materialien unterstreicht das Engagement f\u00fcr Qualit\u00e4t und Umweltbewusstsein. Der adidas Terrex Trailmaker 2 begleitet dich auf all deinen Abenteuern, egal ob auf Bergpfaden, matschigen Wegen oder in der Stadt.<\/p>\n<ul>\n<li><strong>Farbgebung:<\/strong> Burgunderrot\/Feigenrot\/Grau\n<\/li>\n<li><strong>Artikelnummer:<\/strong> JP5242\n<\/li>\n<li><strong>Obermaterial:<\/strong> Textil\n<\/li>\n<li><strong>Zwischensohle:<\/strong> EVA\n<\/li>\n<li><strong>Farbe:<\/strong> Lila\n<\/li>\n<li><strong>Erscheinungsjahr:<\/strong> 2025\n<\/ul>\n","protected":false},"excerpt":{"rendered":"<p>adidas Terrex Trailmaker 2 Speed Lace GORE-TEX \u201d\u201d Burgundy\/Preloved Fig\/Grey Two<\/p>\n","protected":false},"featured_media":42270,"comment_status":"open","ping_status":"closed","template":"","meta":[],"product_brand":[],"product_cat":[10941],"product_tag":[10759,11114,11774,11115,10802,10758,11116],"class_list":{"0":"post-42269","1":"product","2":"type-product","3":"status-publish","4":"has-post-thumbnail","6":"product_cat-adidas-women","7":"product_tag-adidas","8":"product_tag-hiking-shoes","9":"product_tag-lightweight-hiking-shoes","10":"product_tag-low-cut-hiking-shoes","11":"product_tag-performance-sport-shoes","12":"product_tag-under-retail","13":"product_tag-waterproof-hiking-shoes","14":"wcpa_has_options","16":"first","17":"outofstock","18":"taxable","19":"shipping-taxable","20":"purchasable","21":"product-type-simple"},"wcpa_form_fields":{"rules":{"pric_overide_base_price":false,"pric_overide_base_price_if_gt_zero":false,"pric_overide_base_price_fully":false,"pric_cal_option_once":false,"pric_use_as_fee":false,"bind_quantity":false,"quantity_bind_formula":false},"fields":[{"type":"color-group","required":true,"elementId":"wcpa-color-group-66c4a7f817afe","label":"Gr\u00f6\u00dfe","inline":true,"priceOptions":"different_for_all","pricingType":"fixed","className":"hassizechart product-shoes-size-eu product-shoes-size","name":"color-group-66c4a7f817b18","disp_type":"square","selection_type":"tick-border","disp_size":"50","show_label_inside":true,"adjust_width":true,"cart_display_type":"text","other_text":"Other","cl_rule":"show","col":6,"values":[{"label":"35","value":"EU 35","price":"","pimage":"","pimage_id":"","pthumb":"","color":""},{"label":"35.5","value":"EU 35.5","price":"","pimage":"","pimage_id":"","pthumb":"","color":""},{"label":"36","value":"EU 36","price":"","pimage":"","pimage_id":"","pthumb":"","color":"","selected":true},{"label":"36 2\/3","value":"EU 36 2\/3","price":"","pimage":"","pimage_id":"","pthumb":"","color":""},{"label":"37 1\/3","value":"EU 37 1\/3","price":"","pimage":"","pimage_id":"","pthumb":"","color":""},{"label":"38","value":"EU 38","price":"","pimage":"","pimage_id":"","pthumb":"","color":""},{"label":"38 2\/3","value":"EU 38 2\/3","price":"","pimage":"","pimage_id":"","pthumb":"","color":""},{"label":"39 1\/3","value":"EU 39 1\/3","price":"","pimage":"","pimage_id":"","pthumb":"","color":""},{"label":"40","value":"EU 40","price":"","pimage":"","pimage_id":"","pthumb":"","color":""},{"label":"40 2\/3","value":"EU 40 2\/3","price":"","pimage":"","pimage_id":"","pthumb":"","color":""},{"label":"41 1\/3","value":"EU 41 1\/3","price":"","pimage":"","pimage_id":"","pthumb":"","color":""},{"label":"42","value":"EU 42","price":"","pimage":"","pimage_id":"","pthumb":"","color":""},{"label":"42 2\/3","value":"EU 42 2\/3","price":"","pimage":"","pimage_id":"","pthumb":"","color":""},{"label":"43 1\/3","value":"EU 43 1\/3","price":"","pimage":"","pimage_id":"","pthumb":"","color":""},{"label":"44","value":"EU 44","price":"","pimage":"","pimage_id":"","pthumb":"","color":""},{"label":"44 2\/3","value":"EU 44 2\/3","price":"","pimage":"","pimage_id":"","pthumb":"","color":""},{"label":"45 1\/3","value":"EU 45 1\/3","price":"","pimage":"","pimage_id":"","pthumb":"","color":""},{"label":"46","value":"EU 46","price":"","pimage":"","pimage_id":"","pthumb":"","color":""},{"label":"46 2\/3","value":"EU 46 2\/3","price":"","pimage":"","pimage_id":"","pthumb":"","color":""},{"label":"47 1\/3","value":"EU 47 1\/3","price":"","pimage":"","pimage_id":"","pthumb":"","color":""}],"relations":[{"operator":false,"rules":[]}],"form_id":24802,"form_rules":{"pric_cal_option_once":false,"exclude_from_discount":false,"pric_use_as_fee":false,"fee_label":"Fee","render_after_acb":false,"disp_hide_options_price":false}}]},"yoast_head":"<!-- This site is optimized with the Yoast SEO plugin v26.5 - https:\/\/yoast.com\/wordpress\/plugins\/seo\/ -->\n<title>(Women) adidas Terrex Trailmaker 2 Speed Lace GORE-TEX &#039;Preloved Fig&#039;  - Tourcruiser PTE. LTD<\/title>\n<meta name=\"robots\" content=\"index, follow, max-snippet:-1, max-image-preview:large, max-video-preview:-1\" \/>\n<link rel=\"canonical\" href=\"https:\/\/tourcruiser.com\/de\/products\/women-adidas-terrex-trailmaker-2-speed-lace-gore-tex-preloved-fig\/\" \/>\n<meta property=\"og:locale\" content=\"de_DE\" \/>\n<meta property=\"og:type\" content=\"article\" \/>\n<meta property=\"og:title\" content=\"(Women) adidas Terrex Trailmaker 2 Speed Lace GORE-TEX &#039;Preloved Fig&#039;  - Tourcruiser PTE. LTD\" \/>\n<meta property=\"og:description\" content=\"adidas Terrex Trailmaker 2 Speed Lace GORE-TEX \u201d\u201d Burgundy\/Preloved Fig\/Grey Two\" \/>\n<meta property=\"og:url\" content=\"https:\/\/tourcruiser.com\/de\/products\/women-adidas-terrex-trailmaker-2-speed-lace-gore-tex-preloved-fig\/\" \/>\n<meta property=\"og:site_name\" content=\"Tourcruiser Sneaker Store\" \/>\n<meta property=\"article:modified_time\" content=\"2026-03-27T17:50:27+00:00\" \/>\n<meta name=\"twitter:card\" content=\"summary_large_image\" \/>\n<meta name=\"twitter:image\" content=\"https:\/\/images.novelship.com\/product\/_women__adidas_terrex_trailmaker_2_speed_lace_gore_0_66939.jpeg;https:\/\/images.novelship.com\/product\/_women__adidas_terrex_trailmaker_2_speed_lace_gore_1_66940.jpeg;https:\/\/images.novelship.com\/product\/_women__adidas_terrex_trailmaker_2_speed_lace_gore_2_66940.jpeg;https:\/\/images.novelship.com\/product\/_women__adidas_terrex_trailmaker_2_speed_lace_gore_3_66940.jpeg;https:\/\/images.novelship.com\/product\/_women__adidas_terrex_trailmaker_2_speed_lace_gore_4_66940.jpeg\" \/>\n<meta name=\"twitter:label1\" content=\"Gesch\u00e4tzte Lesezeit\" \/>\n\t<meta name=\"twitter:data1\" content=\"1\u00a0Minute\" \/>\n<script type=\"application\/ld+json\" class=\"yoast-schema-graph\">{\"@context\":\"https:\/\/schema.org\",\"@graph\":[{\"@type\":\"WebPage\",\"@id\":\"https:\/\/tourcruiser.com\/de\/products\/women-adidas-terrex-trailmaker-2-speed-lace-gore-tex-preloved-fig\/\",\"url\":\"https:\/\/tourcruiser.com\/de\/products\/women-adidas-terrex-trailmaker-2-speed-lace-gore-tex-preloved-fig\/\",\"name\":\"(Women) adidas Terrex Trailmaker 2 Speed Lace GORE-TEX 'Preloved Fig' - Tourcruiser PTE. LTD\",\"isPartOf\":{\"@id\":\"https:\/\/tourcruiser.com\/de\/#website\"},\"primaryImageOfPage\":{\"@id\":\"https:\/\/tourcruiser.com\/de\/products\/women-adidas-terrex-trailmaker-2-speed-lace-gore-tex-preloved-fig\/#primaryimage\"},\"image\":{\"@id\":\"https:\/\/tourcruiser.com\/de\/products\/women-adidas-terrex-trailmaker-2-speed-lace-gore-tex-preloved-fig\/#primaryimage\"},\"thumbnailUrl\":\"https:\/\/images.novelship.com\/product\/_women__adidas_terrex_trailmaker_2_speed_lace_gore_0_66939.jpeg;https:\/\/images.novelship.com\/product\/_women__adidas_terrex_trailmaker_2_speed_lace_gore_1_66940.jpeg;https:\/\/images.novelship.com\/product\/_women__adidas_terrex_trailmaker_2_speed_lace_gore_2_66940.jpeg;https:\/\/images.novelship.com\/product\/_women__adidas_terrex_trailmaker_2_speed_lace_gore_3_66940.jpeg;https:\/\/images.novelship.com\/product\/_women__adidas_terrex_trailmaker_2_speed_lace_gore_4_66940.jpeg\",\"datePublished\":\"2026-03-02T07:56:49+00:00\",\"dateModified\":\"2026-03-27T17:50:27+00:00\",\"breadcrumb\":{\"@id\":\"https:\/\/tourcruiser.com\/de\/products\/women-adidas-terrex-trailmaker-2-speed-lace-gore-tex-preloved-fig\/#breadcrumb\"},\"inLanguage\":\"de\",\"potentialAction\":[{\"@type\":\"ReadAction\",\"target\":[\"https:\/\/tourcruiser.com\/de\/products\/women-adidas-terrex-trailmaker-2-speed-lace-gore-tex-preloved-fig\/\"]}]},{\"@type\":\"ImageObject\",\"inLanguage\":\"de\",\"@id\":\"https:\/\/tourcruiser.com\/de\/products\/women-adidas-terrex-trailmaker-2-speed-lace-gore-tex-preloved-fig\/#primaryimage\",\"url\":\"https:\/\/images.novelship.com\/product\/_women__adidas_terrex_trailmaker_2_speed_lace_gore_0_66939.jpeg;https:\/\/images.novelship.com\/product\/_women__adidas_terrex_trailmaker_2_speed_lace_gore_1_66940.jpeg;https:\/\/images.novelship.com\/product\/_women__adidas_terrex_trailmaker_2_speed_lace_gore_2_66940.jpeg;https:\/\/images.novelship.com\/product\/_women__adidas_terrex_trailmaker_2_speed_lace_gore_3_66940.jpeg;https:\/\/images.novelship.com\/product\/_women__adidas_terrex_trailmaker_2_speed_lace_gore_4_66940.jpeg\",\"contentUrl\":\"https:\/\/images.novelship.com\/product\/_women__adidas_terrex_trailmaker_2_speed_lace_gore_0_66939.jpeg;https:\/\/images.novelship.com\/product\/_women__adidas_terrex_trailmaker_2_speed_lace_gore_1_66940.jpeg;https:\/\/images.novelship.com\/product\/_women__adidas_terrex_trailmaker_2_speed_lace_gore_2_66940.jpeg;https:\/\/images.novelship.com\/product\/_women__adidas_terrex_trailmaker_2_speed_lace_gore_3_66940.jpeg;https:\/\/images.novelship.com\/product\/_women__adidas_terrex_trailmaker_2_speed_lace_gore_4_66940.jpeg\"},{\"@type\":\"BreadcrumbList\",\"@id\":\"https:\/\/tourcruiser.com\/de\/products\/women-adidas-terrex-trailmaker-2-speed-lace-gore-tex-preloved-fig\/#breadcrumb\",\"itemListElement\":[{\"@type\":\"ListItem\",\"position\":1,\"name\":\"Home\",\"item\":\"https:\/\/tourcruiser.com\/de\/\"},{\"@type\":\"ListItem\",\"position\":2,\"name\":\"Shop\",\"item\":\"https:\/\/tourcruiser.com\/de\/shop\/\"},{\"@type\":\"ListItem\",\"position\":3,\"name\":\"(Women) adidas Terrex Trailmaker 2 Speed Lace GORE-TEX 'Preloved Fig'\"}]},{\"@type\":\"WebSite\",\"@id\":\"https:\/\/tourcruiser.com\/de\/#website\",\"url\":\"https:\/\/tourcruiser.com\/de\/\",\"name\":\"Styloral Jewelry Shop\",\"description\":\"Tourcruiser Sneaker Store \u2014 der Ort, an dem das Universum deine Einzigartigkeit trifft.\",\"publisher\":{\"@id\":\"https:\/\/tourcruiser.com\/de\/#organization\"},\"potentialAction\":[{\"@type\":\"SearchAction\",\"target\":{\"@type\":\"EntryPoint\",\"urlTemplate\":\"https:\/\/tourcruiser.com\/de\/?s={search_term_string}\"},\"query-input\":{\"@type\":\"PropertyValueSpecification\",\"valueRequired\":true,\"valueName\":\"search_term_string\"}}],\"inLanguage\":\"de\"},{\"@type\":\"Organization\",\"@id\":\"https:\/\/tourcruiser.com\/de\/#organization\",\"name\":\"STYLORAL PTE. LTD\",\"url\":\"https:\/\/tourcruiser.com\/de\/\",\"logo\":{\"@type\":\"ImageObject\",\"inLanguage\":\"de\",\"@id\":\"https:\/\/tourcruiser.com\/de\/#\/schema\/logo\/image\/\",\"url\":\"https:\/\/www.tourcruiser.com\/wp-content\/uploads\/2025\/12\/logo.png\",\"contentUrl\":\"https:\/\/www.tourcruiser.com\/wp-content\/uploads\/2025\/12\/logo.png\",\"width\":200,\"height\":65,\"caption\":\"STYLORAL PTE. LTD\"},\"image\":{\"@id\":\"https:\/\/tourcruiser.com\/de\/#\/schema\/logo\/image\/\"}}]}<\/script>\n<!-- \/ Yoast SEO plugin. -->","yoast_head_json":{"title":"(Women) adidas Terrex Trailmaker 2 Speed Lace GORE-TEX 'Preloved Fig'  - Tourcruiser PTE. LTD","robots":{"index":"index","follow":"follow","max-snippet":"max-snippet:-1","max-image-preview":"max-image-preview:large","max-video-preview":"max-video-preview:-1"},"canonical":"https:\/\/tourcruiser.com\/de\/products\/women-adidas-terrex-trailmaker-2-speed-lace-gore-tex-preloved-fig\/","og_locale":"de_DE","og_type":"article","og_title":"(Women) adidas Terrex Trailmaker 2 Speed Lace GORE-TEX 'Preloved Fig'  - Tourcruiser PTE. LTD","og_description":"adidas Terrex Trailmaker 2 Speed Lace GORE-TEX \u201d\u201d Burgundy\/Preloved Fig\/Grey Two","og_url":"https:\/\/tourcruiser.com\/de\/products\/women-adidas-terrex-trailmaker-2-speed-lace-gore-tex-preloved-fig\/","og_site_name":"Tourcruiser Sneaker Store","article_modified_time":"2026-03-27T17:50:27+00:00","twitter_card":"summary_large_image","twitter_image":"https:\/\/images.novelship.com\/product\/_women__adidas_terrex_trailmaker_2_speed_lace_gore_0_66939.jpeg;https:\/\/images.novelship.com\/product\/_women__adidas_terrex_trailmaker_2_speed_lace_gore_1_66940.jpeg;https:\/\/images.novelship.com\/product\/_women__adidas_terrex_trailmaker_2_speed_lace_gore_2_66940.jpeg;https:\/\/images.novelship.com\/product\/_women__adidas_terrex_trailmaker_2_speed_lace_gore_3_66940.jpeg;https:\/\/images.novelship.com\/product\/_women__adidas_terrex_trailmaker_2_speed_lace_gore_4_66940.jpeg","twitter_misc":{"Gesch\u00e4tzte Lesezeit":"1\u00a0Minute"},"schema":{"@context":"https:\/\/schema.org","@graph":[{"@type":"WebPage","@id":"https:\/\/tourcruiser.com\/de\/products\/women-adidas-terrex-trailmaker-2-speed-lace-gore-tex-preloved-fig\/","url":"https:\/\/tourcruiser.com\/de\/products\/women-adidas-terrex-trailmaker-2-speed-lace-gore-tex-preloved-fig\/","name":"(Women) adidas Terrex Trailmaker 2 Speed Lace GORE-TEX 'Preloved Fig' - Tourcruiser PTE. LTD","isPartOf":{"@id":"https:\/\/tourcruiser.com\/de\/#website"},"primaryImageOfPage":{"@id":"https:\/\/tourcruiser.com\/de\/products\/women-adidas-terrex-trailmaker-2-speed-lace-gore-tex-preloved-fig\/#primaryimage"},"image":{"@id":"https:\/\/tourcruiser.com\/de\/products\/women-adidas-terrex-trailmaker-2-speed-lace-gore-tex-preloved-fig\/#primaryimage"},"thumbnailUrl":"https:\/\/images.novelship.com\/product\/_women__adidas_terrex_trailmaker_2_speed_lace_gore_0_66939.jpeg;https:\/\/images.novelship.com\/product\/_women__adidas_terrex_trailmaker_2_speed_lace_gore_1_66940.jpeg;https:\/\/images.novelship.com\/product\/_women__adidas_terrex_trailmaker_2_speed_lace_gore_2_66940.jpeg;https:\/\/images.novelship.com\/product\/_women__adidas_terrex_trailmaker_2_speed_lace_gore_3_66940.jpeg;https:\/\/images.novelship.com\/product\/_women__adidas_terrex_trailmaker_2_speed_lace_gore_4_66940.jpeg","datePublished":"2026-03-02T07:56:49+00:00","dateModified":"2026-03-27T17:50:27+00:00","breadcrumb":{"@id":"https:\/\/tourcruiser.com\/de\/products\/women-adidas-terrex-trailmaker-2-speed-lace-gore-tex-preloved-fig\/#breadcrumb"},"inLanguage":"de","potentialAction":[{"@type":"ReadAction","target":["https:\/\/tourcruiser.com\/de\/products\/women-adidas-terrex-trailmaker-2-speed-lace-gore-tex-preloved-fig\/"]}]},{"@type":"ImageObject","inLanguage":"de","@id":"https:\/\/tourcruiser.com\/de\/products\/women-adidas-terrex-trailmaker-2-speed-lace-gore-tex-preloved-fig\/#primaryimage","url":"https:\/\/images.novelship.com\/product\/_women__adidas_terrex_trailmaker_2_speed_lace_gore_0_66939.jpeg;https:\/\/images.novelship.com\/product\/_women__adidas_terrex_trailmaker_2_speed_lace_gore_1_66940.jpeg;https:\/\/images.novelship.com\/product\/_women__adidas_terrex_trailmaker_2_speed_lace_gore_2_66940.jpeg;https:\/\/images.novelship.com\/product\/_women__adidas_terrex_trailmaker_2_speed_lace_gore_3_66940.jpeg;https:\/\/images.novelship.com\/product\/_women__adidas_terrex_trailmaker_2_speed_lace_gore_4_66940.jpeg","contentUrl":"https:\/\/images.novelship.com\/product\/_women__adidas_terrex_trailmaker_2_speed_lace_gore_0_66939.jpeg;https:\/\/images.novelship.com\/product\/_women__adidas_terrex_trailmaker_2_speed_lace_gore_1_66940.jpeg;https:\/\/images.novelship.com\/product\/_women__adidas_terrex_trailmaker_2_speed_lace_gore_2_66940.jpeg;https:\/\/images.novelship.com\/product\/_women__adidas_terrex_trailmaker_2_speed_lace_gore_3_66940.jpeg;https:\/\/images.novelship.com\/product\/_women__adidas_terrex_trailmaker_2_speed_lace_gore_4_66940.jpeg"},{"@type":"BreadcrumbList","@id":"https:\/\/tourcruiser.com\/de\/products\/women-adidas-terrex-trailmaker-2-speed-lace-gore-tex-preloved-fig\/#breadcrumb","itemListElement":[{"@type":"ListItem","position":1,"name":"Home","item":"https:\/\/tourcruiser.com\/de\/"},{"@type":"ListItem","position":2,"name":"Shop","item":"https:\/\/tourcruiser.com\/de\/shop\/"},{"@type":"ListItem","position":3,"name":"(Women) adidas Terrex Trailmaker 2 Speed Lace GORE-TEX 'Preloved Fig'"}]},{"@type":"WebSite","@id":"https:\/\/tourcruiser.com\/de\/#website","url":"https:\/\/tourcruiser.com\/de\/","name":"Styloral Jewelry Shop","description":"Tourcruiser Sneaker Store \u2014 der Ort, an dem das Universum deine Einzigartigkeit trifft.","publisher":{"@id":"https:\/\/tourcruiser.com\/de\/#organization"},"potentialAction":[{"@type":"SearchAction","target":{"@type":"EntryPoint","urlTemplate":"https:\/\/tourcruiser.com\/de\/?s={search_term_string}"},"query-input":{"@type":"PropertyValueSpecification","valueRequired":true,"valueName":"search_term_string"}}],"inLanguage":"de"},{"@type":"Organization","@id":"https:\/\/tourcruiser.com\/de\/#organization","name":"STYLORAL PTE. LTD","url":"https:\/\/tourcruiser.com\/de\/","logo":{"@type":"ImageObject","inLanguage":"de","@id":"https:\/\/tourcruiser.com\/de\/#\/schema\/logo\/image\/","url":"https:\/\/www.tourcruiser.com\/wp-content\/uploads\/2025\/12\/logo.png","contentUrl":"https:\/\/www.tourcruiser.com\/wp-content\/uploads\/2025\/12\/logo.png","width":200,"height":65,"caption":"STYLORAL PTE. LTD"},"image":{"@id":"https:\/\/tourcruiser.com\/de\/#\/schema\/logo\/image\/"}}]}},"_links":{"self":[{"href":"https:\/\/tourcruiser.com\/de\/wp-json\/wp\/v2\/product\/42269","targetHints":{"allow":["GET"]}}],"collection":[{"href":"https:\/\/tourcruiser.com\/de\/wp-json\/wp\/v2\/product"}],"about":[{"href":"https:\/\/tourcruiser.com\/de\/wp-json\/wp\/v2\/types\/product"}],"replies":[{"embeddable":true,"href":"https:\/\/tourcruiser.com\/de\/wp-json\/wp\/v2\/comments?post=42269"}],"wp:featuredmedia":[{"embeddable":true,"href":"https:\/\/tourcruiser.com\/de\/wp-json\/wp\/v2\/media\/42270"}],"wp:attachment":[{"href":"https:\/\/tourcruiser.com\/de\/wp-json\/wp\/v2\/media?parent=42269"}],"wp:term":[{"taxonomy":"product_brand","embeddable":true,"href":"https:\/\/tourcruiser.com\/de\/wp-json\/wp\/v2\/product_brand?post=42269"},{"taxonomy":"product_cat","embeddable":true,"href":"https:\/\/tourcruiser.com\/de\/wp-json\/wp\/v2\/product_cat?post=42269"},{"taxonomy":"product_tag","embeddable":true,"href":"https:\/\/tourcruiser.com\/de\/wp-json\/wp\/v2\/product_tag?post=42269"}],"curies":[{"name":"wp","href":"https:\/\/api.w.org\/{rel}","templated":true}]}}