{"id":42251,"date":"2026-03-02T14:56:47","date_gmt":"2026-03-02T07:56:47","guid":{"rendered":"http:\/\/tourcruiser.com\/product\/women-adidas-retrocross-chalk-white-bliss-orange"},"modified":"2026-03-28T00:50:27","modified_gmt":"2026-03-27T17:50:27","slug":"women-adidas-retrocross-chalk-white-bliss-orange","status":"publish","type":"product","link":"https:\/\/tourcruiser.com\/de\/products\/women-adidas-retrocross-chalk-white-bliss-orange\/","title":{"rendered":"(Women) adidas Retrocross &#8218;Chalk White Bliss Orange&#8216;"},"content":{"rendered":"<p>Verbessere dein Golfspiel mit den stylischen und funktionalen adidas Retrocross Spikeless Golfschuhen in Kreidewei\u00df. Diese Schuhe bestechen durch ein klassisches Retro-Design mit modernem Touch. Sie verf\u00fcgen \u00fcber ein atmungsaktives Mesh-Obermaterial, eine weiche Einlegesohle und eine spikelose Sohle f\u00fcr optimalen Grip und Vielseitigkeit. Die robuste Konstruktion und der wasserdichte Schutz garantieren langanhaltenden Komfort und beste Performance auf jedem Golfplatz. Mit dem zeitlosen Design und der au\u00dfergew\u00f6hnlichen Qualit\u00e4t der adidas Retrocross Spikeless Golfschuhe stichst du auf dem Gr\u00fcn hervor.<\/p>\n<ul>\n<li><strong>Farbgebung:<\/strong> Kreidewei\u00df \/ Bliss Orange<\/li>\n<li><strong>Artikelnummer:<\/strong> GV6917<\/li>\n<li><strong>Obermaterial:<\/strong> Synthetik<\/li>\n<li><strong>Farbe:<\/strong> Wei\u00df<\/li>\n<\/ul>\n","protected":false},"excerpt":{"rendered":"<p>adidas Retrocross Spikeless Golf Shoes \u201d\u201d Chalk White \/ Bliss Orange<\/p>\n","protected":false},"featured_media":42252,"comment_status":"open","ping_status":"closed","template":"","meta":[],"product_brand":[],"product_cat":[10941],"product_tag":[11169],"class_list":{"0":"post-42251","1":"product","2":"type-product","3":"status-publish","4":"has-post-thumbnail","6":"product_cat-adidas-women","7":"product_tag-small-special-price","8":"wcpa_has_options","10":"first","11":"outofstock","12":"taxable","13":"shipping-taxable","14":"purchasable","15":"product-type-simple"},"wcpa_form_fields":{"rules":{"pric_overide_base_price":false,"pric_overide_base_price_if_gt_zero":false,"pric_overide_base_price_fully":false,"pric_cal_option_once":false,"pric_use_as_fee":false,"bind_quantity":false,"quantity_bind_formula":false},"fields":[{"type":"color-group","required":true,"elementId":"wcpa-color-group-66c4a7f817afe","label":"Gr\u00f6\u00dfe","inline":true,"priceOptions":"different_for_all","pricingType":"fixed","className":"hassizechart product-shoes-size-eu product-shoes-size","name":"color-group-66c4a7f817b18","disp_type":"square","selection_type":"tick-border","disp_size":"50","show_label_inside":true,"adjust_width":true,"cart_display_type":"text","other_text":"Other","cl_rule":"show","col":6,"values":[{"label":"35","value":"EU 35","price":"","pimage":"","pimage_id":"","pthumb":"","color":""},{"label":"35.5","value":"EU 35.5","price":"","pimage":"","pimage_id":"","pthumb":"","color":""},{"label":"36","value":"EU 36","price":"","pimage":"","pimage_id":"","pthumb":"","color":"","selected":true},{"label":"36 2\/3","value":"EU 36 2\/3","price":"","pimage":"","pimage_id":"","pthumb":"","color":""},{"label":"37 1\/3","value":"EU 37 1\/3","price":"","pimage":"","pimage_id":"","pthumb":"","color":""},{"label":"38","value":"EU 38","price":"","pimage":"","pimage_id":"","pthumb":"","color":""},{"label":"38 2\/3","value":"EU 38 2\/3","price":"","pimage":"","pimage_id":"","pthumb":"","color":""},{"label":"39 1\/3","value":"EU 39 1\/3","price":"","pimage":"","pimage_id":"","pthumb":"","color":""},{"label":"40","value":"EU 40","price":"","pimage":"","pimage_id":"","pthumb":"","color":""},{"label":"40 2\/3","value":"EU 40 2\/3","price":"","pimage":"","pimage_id":"","pthumb":"","color":""},{"label":"41 1\/3","value":"EU 41 1\/3","price":"","pimage":"","pimage_id":"","pthumb":"","color":""},{"label":"42","value":"EU 42","price":"","pimage":"","pimage_id":"","pthumb":"","color":""},{"label":"42 2\/3","value":"EU 42 2\/3","price":"","pimage":"","pimage_id":"","pthumb":"","color":""},{"label":"43 1\/3","value":"EU 43 1\/3","price":"","pimage":"","pimage_id":"","pthumb":"","color":""},{"label":"44","value":"EU 44","price":"","pimage":"","pimage_id":"","pthumb":"","color":""},{"label":"44 2\/3","value":"EU 44 2\/3","price":"","pimage":"","pimage_id":"","pthumb":"","color":""},{"label":"45 1\/3","value":"EU 45 1\/3","price":"","pimage":"","pimage_id":"","pthumb":"","color":""},{"label":"46","value":"EU 46","price":"","pimage":"","pimage_id":"","pthumb":"","color":""},{"label":"46 2\/3","value":"EU 46 2\/3","price":"","pimage":"","pimage_id":"","pthumb":"","color":""},{"label":"47 1\/3","value":"EU 47 1\/3","price":"","pimage":"","pimage_id":"","pthumb":"","color":""}],"relations":[{"operator":false,"rules":[]}],"form_id":24802,"form_rules":{"pric_cal_option_once":false,"exclude_from_discount":false,"pric_use_as_fee":false,"fee_label":"Fee","render_after_acb":false,"disp_hide_options_price":false}}]},"yoast_head":"<!-- This site is optimized with the Yoast SEO plugin v26.5 - https:\/\/yoast.com\/wordpress\/plugins\/seo\/ -->\n<title>(Women) adidas Retrocross &#039;Chalk White Bliss Orange&#039;  - Tourcruiser PTE. LTD<\/title>\n<meta name=\"robots\" content=\"index, follow, max-snippet:-1, max-image-preview:large, max-video-preview:-1\" \/>\n<link rel=\"canonical\" href=\"https:\/\/tourcruiser.com\/\" \/>\n<meta property=\"og:locale\" content=\"de_DE\" \/>\n<meta property=\"og:type\" content=\"article\" \/>\n<meta property=\"og:title\" content=\"(Women) adidas Retrocross &#039;Chalk White Bliss Orange&#039;  - Tourcruiser PTE. LTD\" \/>\n<meta property=\"og:description\" content=\"adidas Retrocross Spikeless Golf Shoes \u201d\u201d Chalk White \/ Bliss Orange\" \/>\n<meta property=\"og:url\" content=\"\/\" \/>\n<meta property=\"og:site_name\" content=\"Tourcruiser Sneaker Store\" \/>\n<meta property=\"article:modified_time\" content=\"2026-03-27T17:50:27+00:00\" \/>\n<meta name=\"twitter:card\" content=\"summary_large_image\" \/>\n<meta name=\"twitter:image\" content=\"https:\/\/images.novelship.com\/product\/_women__adidas_retrocross_spikeless_golf_shoes__ch_0_47019.jpeg;https:\/\/images.novelship.com\/product\/_women__adidas_retrocross_spikeless_golf_shoes__ch_1_47019.jpeg;https:\/\/images.novelship.com\/product\/_women__adidas_retrocross_spikeless_golf_shoes__ch_2_47019.jpeg;https:\/\/images.novelship.com\/product\/_women__adidas_retrocross_spikeless_golf_shoes__ch_3_47019.jpeg;https:\/\/images.novelship.com\/product\/_women__adidas_retrocross_spikeless_golf_shoes__ch_4_47020.jpeg;https:\/\/images.novelship.com\/product\/_women__adidas_retrocross_spikeless_golf_shoes__ch_5_47020.jpeg\" \/>\n<script type=\"application\/ld+json\" class=\"yoast-schema-graph\">{\"@context\":\"https:\/\/schema.org\",\"@graph\":[{\"@type\":\"WebPage\",\"@id\":\"\/\",\"url\":\"https:\/\/tourcruiser.com\/\",\"name\":\"(Women) adidas Retrocross 'Chalk White Bliss Orange' - Tourcruiser PTE. LTD\",\"isPartOf\":{\"@id\":\"https:\/\/tourcruiser.com\/de\/#website\"},\"primaryImageOfPage\":{\"@id\":\"https:\/\/tourcruiser.com\/#primaryimage\"},\"image\":{\"@id\":\"https:\/\/tourcruiser.com\/#primaryimage\"},\"thumbnailUrl\":\"https:\/\/images.novelship.com\/product\/_women__adidas_retrocross_spikeless_golf_shoes__ch_0_47019.jpeg;https:\/\/images.novelship.com\/product\/_women__adidas_retrocross_spikeless_golf_shoes__ch_1_47019.jpeg;https:\/\/images.novelship.com\/product\/_women__adidas_retrocross_spikeless_golf_shoes__ch_2_47019.jpeg;https:\/\/images.novelship.com\/product\/_women__adidas_retrocross_spikeless_golf_shoes__ch_3_47019.jpeg;https:\/\/images.novelship.com\/product\/_women__adidas_retrocross_spikeless_golf_shoes__ch_4_47020.jpeg;https:\/\/images.novelship.com\/product\/_women__adidas_retrocross_spikeless_golf_shoes__ch_5_47020.jpeg\",\"datePublished\":\"2026-03-02T07:56:47+00:00\",\"dateModified\":\"2026-03-27T17:50:27+00:00\",\"breadcrumb\":{\"@id\":\"https:\/\/tourcruiser.com\/#breadcrumb\"},\"inLanguage\":\"de\",\"potentialAction\":[{\"@type\":\"ReadAction\",\"target\":[\"https:\/\/tourcruiser.com\/\"]}]},{\"@type\":\"ImageObject\",\"inLanguage\":\"de\",\"@id\":\"https:\/\/tourcruiser.com\/#primaryimage\",\"url\":\"https:\/\/images.novelship.com\/product\/_women__adidas_retrocross_spikeless_golf_shoes__ch_0_47019.jpeg;https:\/\/images.novelship.com\/product\/_women__adidas_retrocross_spikeless_golf_shoes__ch_1_47019.jpeg;https:\/\/images.novelship.com\/product\/_women__adidas_retrocross_spikeless_golf_shoes__ch_2_47019.jpeg;https:\/\/images.novelship.com\/product\/_women__adidas_retrocross_spikeless_golf_shoes__ch_3_47019.jpeg;https:\/\/images.novelship.com\/product\/_women__adidas_retrocross_spikeless_golf_shoes__ch_4_47020.jpeg;https:\/\/images.novelship.com\/product\/_women__adidas_retrocross_spikeless_golf_shoes__ch_5_47020.jpeg\",\"contentUrl\":\"https:\/\/images.novelship.com\/product\/_women__adidas_retrocross_spikeless_golf_shoes__ch_0_47019.jpeg;https:\/\/images.novelship.com\/product\/_women__adidas_retrocross_spikeless_golf_shoes__ch_1_47019.jpeg;https:\/\/images.novelship.com\/product\/_women__adidas_retrocross_spikeless_golf_shoes__ch_2_47019.jpeg;https:\/\/images.novelship.com\/product\/_women__adidas_retrocross_spikeless_golf_shoes__ch_3_47019.jpeg;https:\/\/images.novelship.com\/product\/_women__adidas_retrocross_spikeless_golf_shoes__ch_4_47020.jpeg;https:\/\/images.novelship.com\/product\/_women__adidas_retrocross_spikeless_golf_shoes__ch_5_47020.jpeg\"},{\"@type\":\"BreadcrumbList\",\"@id\":\"https:\/\/tourcruiser.com\/#breadcrumb\",\"itemListElement\":[{\"@type\":\"ListItem\",\"position\":1,\"name\":\"Home\",\"item\":\"https:\/\/tourcruiser.com\/de\/\"},{\"@type\":\"ListItem\",\"position\":2,\"name\":\"Shop\",\"item\":\"https:\/\/tourcruiser.com\/de\/shop\/\"},{\"@type\":\"ListItem\",\"position\":3,\"name\":\"(Women) adidas Retrocross &#8218;Chalk White Bliss Orange&#8216;\"}]},{\"@type\":\"WebSite\",\"@id\":\"https:\/\/tourcruiser.com\/de\/#website\",\"url\":\"https:\/\/tourcruiser.com\/de\/\",\"name\":\"Styloral Jewelry Shop\",\"description\":\"Tourcruiser Sneaker Store \u2014 der Ort, an dem das Universum deine Einzigartigkeit trifft.\",\"publisher\":{\"@id\":\"https:\/\/tourcruiser.com\/de\/#organization\"},\"potentialAction\":[{\"@type\":\"SearchAction\",\"target\":{\"@type\":\"EntryPoint\",\"urlTemplate\":\"https:\/\/tourcruiser.com\/de\/?s={search_term_string}\"},\"query-input\":{\"@type\":\"PropertyValueSpecification\",\"valueRequired\":true,\"valueName\":\"search_term_string\"}}],\"inLanguage\":\"de\"},{\"@type\":\"Organization\",\"@id\":\"https:\/\/tourcruiser.com\/de\/#organization\",\"name\":\"STYLORAL PTE. LTD\",\"url\":\"https:\/\/tourcruiser.com\/de\/\",\"logo\":{\"@type\":\"ImageObject\",\"inLanguage\":\"de\",\"@id\":\"https:\/\/tourcruiser.com\/de\/#\/schema\/logo\/image\/\",\"url\":\"https:\/\/www.tourcruiser.com\/wp-content\/uploads\/2025\/12\/logo.png\",\"contentUrl\":\"https:\/\/www.tourcruiser.com\/wp-content\/uploads\/2025\/12\/logo.png\",\"width\":200,\"height\":65,\"caption\":\"STYLORAL PTE. LTD\"},\"image\":{\"@id\":\"https:\/\/tourcruiser.com\/de\/#\/schema\/logo\/image\/\"}}]}<\/script>\n<!-- \/ Yoast SEO plugin. -->","yoast_head_json":{"title":"(Women) adidas Retrocross 'Chalk White Bliss Orange'  - Tourcruiser PTE. LTD","robots":{"index":"index","follow":"follow","max-snippet":"max-snippet:-1","max-image-preview":"max-image-preview:large","max-video-preview":"max-video-preview:-1"},"canonical":"https:\/\/tourcruiser.com\/","og_locale":"de_DE","og_type":"article","og_title":"(Women) adidas Retrocross 'Chalk White Bliss Orange'  - Tourcruiser PTE. LTD","og_description":"adidas Retrocross Spikeless Golf Shoes \u201d\u201d Chalk White \/ Bliss Orange","og_url":"\/","og_site_name":"Tourcruiser Sneaker Store","article_modified_time":"2026-03-27T17:50:27+00:00","twitter_card":"summary_large_image","twitter_image":"https:\/\/images.novelship.com\/product\/_women__adidas_retrocross_spikeless_golf_shoes__ch_0_47019.jpeg;https:\/\/images.novelship.com\/product\/_women__adidas_retrocross_spikeless_golf_shoes__ch_1_47019.jpeg;https:\/\/images.novelship.com\/product\/_women__adidas_retrocross_spikeless_golf_shoes__ch_2_47019.jpeg;https:\/\/images.novelship.com\/product\/_women__adidas_retrocross_spikeless_golf_shoes__ch_3_47019.jpeg;https:\/\/images.novelship.com\/product\/_women__adidas_retrocross_spikeless_golf_shoes__ch_4_47020.jpeg;https:\/\/images.novelship.com\/product\/_women__adidas_retrocross_spikeless_golf_shoes__ch_5_47020.jpeg","schema":{"@context":"https:\/\/schema.org","@graph":[{"@type":"WebPage","@id":"\/","url":"https:\/\/tourcruiser.com\/","name":"(Women) adidas Retrocross 'Chalk White Bliss Orange' - Tourcruiser PTE. LTD","isPartOf":{"@id":"https:\/\/tourcruiser.com\/de\/#website"},"primaryImageOfPage":{"@id":"https:\/\/tourcruiser.com\/#primaryimage"},"image":{"@id":"https:\/\/tourcruiser.com\/#primaryimage"},"thumbnailUrl":"https:\/\/images.novelship.com\/product\/_women__adidas_retrocross_spikeless_golf_shoes__ch_0_47019.jpeg;https:\/\/images.novelship.com\/product\/_women__adidas_retrocross_spikeless_golf_shoes__ch_1_47019.jpeg;https:\/\/images.novelship.com\/product\/_women__adidas_retrocross_spikeless_golf_shoes__ch_2_47019.jpeg;https:\/\/images.novelship.com\/product\/_women__adidas_retrocross_spikeless_golf_shoes__ch_3_47019.jpeg;https:\/\/images.novelship.com\/product\/_women__adidas_retrocross_spikeless_golf_shoes__ch_4_47020.jpeg;https:\/\/images.novelship.com\/product\/_women__adidas_retrocross_spikeless_golf_shoes__ch_5_47020.jpeg","datePublished":"2026-03-02T07:56:47+00:00","dateModified":"2026-03-27T17:50:27+00:00","breadcrumb":{"@id":"https:\/\/tourcruiser.com\/#breadcrumb"},"inLanguage":"de","potentialAction":[{"@type":"ReadAction","target":["https:\/\/tourcruiser.com\/"]}]},{"@type":"ImageObject","inLanguage":"de","@id":"https:\/\/tourcruiser.com\/#primaryimage","url":"https:\/\/images.novelship.com\/product\/_women__adidas_retrocross_spikeless_golf_shoes__ch_0_47019.jpeg;https:\/\/images.novelship.com\/product\/_women__adidas_retrocross_spikeless_golf_shoes__ch_1_47019.jpeg;https:\/\/images.novelship.com\/product\/_women__adidas_retrocross_spikeless_golf_shoes__ch_2_47019.jpeg;https:\/\/images.novelship.com\/product\/_women__adidas_retrocross_spikeless_golf_shoes__ch_3_47019.jpeg;https:\/\/images.novelship.com\/product\/_women__adidas_retrocross_spikeless_golf_shoes__ch_4_47020.jpeg;https:\/\/images.novelship.com\/product\/_women__adidas_retrocross_spikeless_golf_shoes__ch_5_47020.jpeg","contentUrl":"https:\/\/images.novelship.com\/product\/_women__adidas_retrocross_spikeless_golf_shoes__ch_0_47019.jpeg;https:\/\/images.novelship.com\/product\/_women__adidas_retrocross_spikeless_golf_shoes__ch_1_47019.jpeg;https:\/\/images.novelship.com\/product\/_women__adidas_retrocross_spikeless_golf_shoes__ch_2_47019.jpeg;https:\/\/images.novelship.com\/product\/_women__adidas_retrocross_spikeless_golf_shoes__ch_3_47019.jpeg;https:\/\/images.novelship.com\/product\/_women__adidas_retrocross_spikeless_golf_shoes__ch_4_47020.jpeg;https:\/\/images.novelship.com\/product\/_women__adidas_retrocross_spikeless_golf_shoes__ch_5_47020.jpeg"},{"@type":"BreadcrumbList","@id":"https:\/\/tourcruiser.com\/#breadcrumb","itemListElement":[{"@type":"ListItem","position":1,"name":"Home","item":"https:\/\/tourcruiser.com\/de\/"},{"@type":"ListItem","position":2,"name":"Shop","item":"https:\/\/tourcruiser.com\/de\/shop\/"},{"@type":"ListItem","position":3,"name":"(Women) adidas Retrocross &#8218;Chalk White Bliss Orange&#8216;"}]},{"@type":"WebSite","@id":"https:\/\/tourcruiser.com\/de\/#website","url":"https:\/\/tourcruiser.com\/de\/","name":"Styloral Jewelry Shop","description":"Tourcruiser Sneaker Store \u2014 der Ort, an dem das Universum deine Einzigartigkeit trifft.","publisher":{"@id":"https:\/\/tourcruiser.com\/de\/#organization"},"potentialAction":[{"@type":"SearchAction","target":{"@type":"EntryPoint","urlTemplate":"https:\/\/tourcruiser.com\/de\/?s={search_term_string}"},"query-input":{"@type":"PropertyValueSpecification","valueRequired":true,"valueName":"search_term_string"}}],"inLanguage":"de"},{"@type":"Organization","@id":"https:\/\/tourcruiser.com\/de\/#organization","name":"STYLORAL PTE. LTD","url":"https:\/\/tourcruiser.com\/de\/","logo":{"@type":"ImageObject","inLanguage":"de","@id":"https:\/\/tourcruiser.com\/de\/#\/schema\/logo\/image\/","url":"https:\/\/www.tourcruiser.com\/wp-content\/uploads\/2025\/12\/logo.png","contentUrl":"https:\/\/www.tourcruiser.com\/wp-content\/uploads\/2025\/12\/logo.png","width":200,"height":65,"caption":"STYLORAL PTE. LTD"},"image":{"@id":"https:\/\/tourcruiser.com\/de\/#\/schema\/logo\/image\/"}}]}},"_links":{"self":[{"href":"https:\/\/tourcruiser.com\/de\/wp-json\/wp\/v2\/product\/42251","targetHints":{"allow":["GET"]}}],"collection":[{"href":"https:\/\/tourcruiser.com\/de\/wp-json\/wp\/v2\/product"}],"about":[{"href":"https:\/\/tourcruiser.com\/de\/wp-json\/wp\/v2\/types\/product"}],"replies":[{"embeddable":true,"href":"https:\/\/tourcruiser.com\/de\/wp-json\/wp\/v2\/comments?post=42251"}],"wp:featuredmedia":[{"embeddable":true,"href":"https:\/\/tourcruiser.com\/de\/wp-json\/wp\/v2\/media\/42252"}],"wp:attachment":[{"href":"https:\/\/tourcruiser.com\/de\/wp-json\/wp\/v2\/media?parent=42251"}],"wp:term":[{"taxonomy":"product_brand","embeddable":true,"href":"https:\/\/tourcruiser.com\/de\/wp-json\/wp\/v2\/product_brand?post=42251"},{"taxonomy":"product_cat","embeddable":true,"href":"https:\/\/tourcruiser.com\/de\/wp-json\/wp\/v2\/product_cat?post=42251"},{"taxonomy":"product_tag","embeddable":true,"href":"https:\/\/tourcruiser.com\/de\/wp-json\/wp\/v2\/product_tag?post=42251"}],"curies":[{"name":"wp","href":"https:\/\/api.w.org\/{rel}","templated":true}]}}