{"id":41796,"date":"2026-03-02T14:56:06","date_gmt":"2026-03-02T07:56:06","guid":{"rendered":"http:\/\/tourcruiser.com\/product\/women-nike-nikecourt-air-zoom-vapor-11-premium-hc-gold-flair-pack"},"modified":"2026-03-28T00:50:00","modified_gmt":"2026-03-27T17:50:00","slug":"women-nike-nikecourt-air-zoom-vapor-11-premium-hc-gold-flair-pack","status":"publish","type":"product","link":"https:\/\/tourcruiser.com\/de\/products\/women-nike-nikecourt-air-zoom-vapor-11-premium-hc-gold-flair-pack\/","title":{"rendered":"(Women) Nike NikeCourt Air Zoom Vapor 11 Premium HC &#8218;Gold Flair Pack&#8216;"},"content":{"rendered":"<p>Erlebe unvergleichliche Performance und Style mit dem NikeCourt Air Zoom Vapor 11 Premium HC \u201eGold Flair Pack\u201c. Er bietet fortschrittliche D\u00e4mpfung, Stabilit\u00e4t und ein elegantes Design mit goldenen Akzenten f\u00fcr herausragende Leistungen auf dem Court.<\/p>\n<p>Farbgebung: Helles Elfenbein\/Helles Erzbraun\/Metallic-Gold\/Metallic-Silber<\/p>\n<p>Style-Code: FZ1420-100<\/p>\n<p>Obermaterial: Mesh<\/p>\n<p>Mittelsohle: Zoom Air<\/p>\n<p>Farbe: Beige<\/p>\n<p>Saison: Herbst<\/p>\n<p>Erscheinungsjahr: 2024<\/p>\n","protected":false},"excerpt":{"rendered":"<p>Nike NikeCourt Air Zoom Vapor 11 Premium HC \u201d\u201d Pale Ivory\/Light Orewood Brown\/Metallic Gold\/Metallic Silver<\/p>\n","protected":false},"featured_media":41797,"comment_status":"open","ping_status":"closed","template":"","meta":[],"product_brand":[],"product_cat":[10809],"product_tag":[14014,10801,10802,11082,10758],"class_list":{"0":"post-41796","1":"product","2":"type-product","3":"status-publish","4":"has-post-thumbnail","6":"product_cat-nike-women","7":"product_tag-hard-court-tennis-shoes","8":"product_tag-nike","9":"product_tag-performance-sport-shoes","10":"product_tag-tennis-shoes","11":"product_tag-under-retail","12":"wcpa_has_options","14":"first","15":"outofstock","16":"sale","17":"taxable","18":"shipping-taxable","19":"purchasable","20":"product-type-simple"},"wcpa_form_fields":{"rules":{"pric_overide_base_price":false,"pric_overide_base_price_if_gt_zero":false,"pric_overide_base_price_fully":false,"pric_cal_option_once":false,"pric_use_as_fee":false,"bind_quantity":false,"quantity_bind_formula":false},"fields":[{"type":"color-group","required":true,"elementId":"wcpa-color-group-66c4a75505e74","label":"Gr\u00f6\u00dfe - EU Gr\u00f6\u00dfe","inline":true,"priceOptions":"different_for_all","pricingType":"fixed","className":"hassizechart product-shoes-size-eu product-shoes-size","name":"color-group-66c4a75505e89","disp_type":"square","selection_type":"tick-border","disp_size":"44","show_label_inside":true,"adjust_width":true,"cart_display_type":"text","other_text":"Other","cl_rule":"show","col":6,"values":[{"label":"35.5","value":"EU 35.5","price":"","pimage":"","pimage_id":"","pthumb":"","color":""},{"label":"36","value":"EU 36","price":"","pimage":"","pimage_id":"","pthumb":"","color":"","selected":true},{"label":"36.5","value":"EU 36.5","price":"","pimage":"","pimage_id":"","pthumb":"","color":""},{"label":"37.5","value":"EU 37.5","price":"","pimage":"","pimage_id":"","pthumb":"","color":""},{"label":"38","value":"EU 38","price":"","pimage":"","pimage_id":"","pthumb":"","color":""},{"label":"38.5","value":"EU 38.5","price":"","pimage":"","pimage_id":"","pthumb":"","color":""},{"label":"39","value":"EU 39","price":"","pimage":"","pimage_id":"","pthumb":"","color":""},{"label":"40","value":"EU 40","price":"","pimage":"","pimage_id":"","pthumb":"","color":""},{"label":"40.5","value":"EU 40.5","price":"","pimage":"","pimage_id":"","pthumb":"","color":""},{"label":"41","value":"EU 41","price":"","pimage":"","pimage_id":"","pthumb":"","color":""},{"label":"42","value":"EU 42","price":"","pimage":"","pimage_id":"","pthumb":"","color":""},{"label":"42.5","value":"EU 42.5","price":"","pimage":"","pimage_id":"","pthumb":"","color":""},{"label":"43","value":"EU 43","price":"","pimage":"","pimage_id":"","pthumb":"","color":""},{"label":"44","value":"EU 44","price":"","pimage":"","pimage_id":"","pthumb":"","color":""},{"label":"44.5","value":"EU 44.5","price":"","pimage":"","pimage_id":"","pthumb":"","color":""},{"label":"45","value":"EU 45","price":"","pimage":"","pimage_id":"","pthumb":"","color":""},{"label":"45.5","value":"EU 45.5","price":"","pimage":"","pimage_id":"","pthumb":"","color":""},{"label":"46","value":"EU 46","price":"","pimage":"","pimage_id":"","pthumb":"","color":""},{"label":"47","value":"EU 47","price":"","pimage":"","pimage_id":"","pthumb":"","color":""},{"label":"47.5","value":"EU 47.5","price":"","pimage":"","pimage_id":"","pthumb":"","color":""},{"label":"48","value":"EU 48","price":"","pimage":"","pimage_id":"","pthumb":"","color":""}],"relations":[{"operator":false,"rules":[]}],"form_id":18106,"form_rules":{"pric_cal_option_once":false,"exclude_from_discount":false,"pric_use_as_fee":false,"fee_label":"Fee","render_after_acb":false,"disp_hide_options_price":false}}]},"yoast_head":"<!-- This site is optimized with the Yoast SEO plugin v26.5 - https:\/\/yoast.com\/wordpress\/plugins\/seo\/ -->\n<title>(Women) Nike NikeCourt Air Zoom Vapor 11 Premium HC &#039;Gold Flair Pack&#039;  - Tourcruiser PTE. LTD<\/title>\n<meta name=\"robots\" content=\"index, follow, max-snippet:-1, max-image-preview:large, max-video-preview:-1\" \/>\n<link rel=\"canonical\" href=\"https:\/\/tourcruiser.com\/de\/products\/women-nike-nikecourt-air-zoom-vapor-11-premium-hc-gold-flair-pack\/\" \/>\n<meta property=\"og:locale\" content=\"de_DE\" \/>\n<meta property=\"og:type\" content=\"article\" \/>\n<meta property=\"og:title\" content=\"(Women) Nike NikeCourt Air Zoom Vapor 11 Premium HC &#039;Gold Flair Pack&#039;  - Tourcruiser PTE. LTD\" \/>\n<meta property=\"og:description\" content=\"Nike NikeCourt Air Zoom Vapor 11 Premium HC \u201d\u201d Pale Ivory\/Light Orewood Brown\/Metallic Gold\/Metallic Silver\" \/>\n<meta property=\"og:url\" content=\"https:\/\/tourcruiser.com\/de\/products\/women-nike-nikecourt-air-zoom-vapor-11-premium-hc-gold-flair-pack\/\" \/>\n<meta property=\"og:site_name\" content=\"Tourcruiser Sneaker Store\" \/>\n<meta property=\"article:modified_time\" content=\"2026-03-27T17:50:00+00:00\" \/>\n<meta name=\"twitter:card\" content=\"summary_large_image\" \/>\n<meta name=\"twitter:image\" content=\"https:\/\/images.novelship.com\/product\/_women__nike_nikecourt_air_zoom_vapor_11_premium_h_0_75545.jpeg;https:\/\/images.novelship.com\/product\/_women__nike_nikecourt_air_zoom_vapor_11_premium_h_1_75545.jpeg;https:\/\/images.novelship.com\/product\/_women__nike_nikecourt_air_zoom_vapor_11_premium_h_2_75545.jpeg;https:\/\/images.novelship.com\/product\/_women__nike_nikecourt_air_zoom_vapor_11_premium_h_3_75545.jpeg\" \/>\n<script type=\"application\/ld+json\" class=\"yoast-schema-graph\">{\"@context\":\"https:\/\/schema.org\",\"@graph\":[{\"@type\":\"WebPage\",\"@id\":\"https:\/\/tourcruiser.com\/de\/products\/women-nike-nikecourt-air-zoom-vapor-11-premium-hc-gold-flair-pack\/\",\"url\":\"https:\/\/tourcruiser.com\/de\/products\/women-nike-nikecourt-air-zoom-vapor-11-premium-hc-gold-flair-pack\/\",\"name\":\"(Women) Nike NikeCourt Air Zoom Vapor 11 Premium HC 'Gold Flair Pack' - Tourcruiser PTE. LTD\",\"isPartOf\":{\"@id\":\"\/#website\"},\"primaryImageOfPage\":{\"@id\":\"https:\/\/tourcruiser.com\/de\/products\/women-nike-nikecourt-air-zoom-vapor-11-premium-hc-gold-flair-pack\/#primaryimage\"},\"image\":{\"@id\":\"https:\/\/tourcruiser.com\/de\/products\/women-nike-nikecourt-air-zoom-vapor-11-premium-hc-gold-flair-pack\/#primaryimage\"},\"thumbnailUrl\":\"https:\/\/images.novelship.com\/product\/_women__nike_nikecourt_air_zoom_vapor_11_premium_h_0_75545.jpeg;https:\/\/images.novelship.com\/product\/_women__nike_nikecourt_air_zoom_vapor_11_premium_h_1_75545.jpeg;https:\/\/images.novelship.com\/product\/_women__nike_nikecourt_air_zoom_vapor_11_premium_h_2_75545.jpeg;https:\/\/images.novelship.com\/product\/_women__nike_nikecourt_air_zoom_vapor_11_premium_h_3_75545.jpeg\",\"datePublished\":\"2026-03-02T07:56:06+00:00\",\"dateModified\":\"2026-03-27T17:50:00+00:00\",\"breadcrumb\":{\"@id\":\"https:\/\/tourcruiser.com\/de\/products\/women-nike-nikecourt-air-zoom-vapor-11-premium-hc-gold-flair-pack\/#breadcrumb\"},\"inLanguage\":\"de\",\"potentialAction\":[{\"@type\":\"ReadAction\",\"target\":[\"https:\/\/tourcruiser.com\/de\/products\/women-nike-nikecourt-air-zoom-vapor-11-premium-hc-gold-flair-pack\/\"]}]},{\"@type\":\"ImageObject\",\"inLanguage\":\"de\",\"@id\":\"https:\/\/tourcruiser.com\/de\/products\/women-nike-nikecourt-air-zoom-vapor-11-premium-hc-gold-flair-pack\/#primaryimage\",\"url\":\"https:\/\/images.novelship.com\/product\/_women__nike_nikecourt_air_zoom_vapor_11_premium_h_0_75545.jpeg;https:\/\/images.novelship.com\/product\/_women__nike_nikecourt_air_zoom_vapor_11_premium_h_1_75545.jpeg;https:\/\/images.novelship.com\/product\/_women__nike_nikecourt_air_zoom_vapor_11_premium_h_2_75545.jpeg;https:\/\/images.novelship.com\/product\/_women__nike_nikecourt_air_zoom_vapor_11_premium_h_3_75545.jpeg\",\"contentUrl\":\"https:\/\/images.novelship.com\/product\/_women__nike_nikecourt_air_zoom_vapor_11_premium_h_0_75545.jpeg;https:\/\/images.novelship.com\/product\/_women__nike_nikecourt_air_zoom_vapor_11_premium_h_1_75545.jpeg;https:\/\/images.novelship.com\/product\/_women__nike_nikecourt_air_zoom_vapor_11_premium_h_2_75545.jpeg;https:\/\/images.novelship.com\/product\/_women__nike_nikecourt_air_zoom_vapor_11_premium_h_3_75545.jpeg\"},{\"@type\":\"BreadcrumbList\",\"@id\":\"https:\/\/tourcruiser.com\/de\/products\/women-nike-nikecourt-air-zoom-vapor-11-premium-hc-gold-flair-pack\/#breadcrumb\",\"itemListElement\":[{\"@type\":\"ListItem\",\"position\":1,\"name\":\"Home\",\"item\":\"https:\/\/tourcruiser.com\/de\/\"},{\"@type\":\"ListItem\",\"position\":2,\"name\":\"Shop\",\"item\":\"https:\/\/tourcruiser.com\/de\/shop\/\"},{\"@type\":\"ListItem\",\"position\":3,\"name\":\"(Women) Nike NikeCourt Air Zoom Vapor 11 Premium HC 'Gold Flair Pack'\"}]},{\"@type\":\"WebSite\",\"@id\":\"\/#website\",\"url\":\"\/\",\"name\":\"Styloral Jewelry Shop\",\"description\":\"Tourcruiser Sneaker Store \u2014 der Ort, an dem das Universum deine Einzigartigkeit trifft.\",\"publisher\":{\"@id\":\"\/#organization\"},\"potentialAction\":[{\"@type\":\"SearchAction\",\"target\":{\"@type\":\"EntryPoint\",\"urlTemplate\":\"\/?s={search_term_string}\"},\"query-input\":{\"@type\":\"PropertyValueSpecification\",\"valueRequired\":true,\"valueName\":\"search_term_string\"}}],\"inLanguage\":\"de\"},{\"@type\":\"Organization\",\"@id\":\"\/#organization\",\"name\":\"STYLORAL PTE. LTD\",\"url\":\"\/\",\"logo\":{\"@type\":\"ImageObject\",\"inLanguage\":\"de\",\"@id\":\"\/#\/schema\/logo\/image\/\",\"url\":\"https:\/\/www.tourcruiser.com\/wp-content\/uploads\/2025\/12\/logo.png\",\"contentUrl\":\"https:\/\/www.tourcruiser.com\/wp-content\/uploads\/2025\/12\/logo.png\",\"width\":200,\"height\":65,\"caption\":\"STYLORAL PTE. LTD\"},\"image\":{\"@id\":\"\/#\/schema\/logo\/image\/\"}}]}<\/script>\n<!-- \/ Yoast SEO plugin. -->","yoast_head_json":{"title":"(Women) Nike NikeCourt Air Zoom Vapor 11 Premium HC 'Gold Flair Pack'  - Tourcruiser PTE. LTD","robots":{"index":"index","follow":"follow","max-snippet":"max-snippet:-1","max-image-preview":"max-image-preview:large","max-video-preview":"max-video-preview:-1"},"canonical":"https:\/\/tourcruiser.com\/de\/products\/women-nike-nikecourt-air-zoom-vapor-11-premium-hc-gold-flair-pack\/","og_locale":"de_DE","og_type":"article","og_title":"(Women) Nike NikeCourt Air Zoom Vapor 11 Premium HC 'Gold Flair Pack'  - Tourcruiser PTE. LTD","og_description":"Nike NikeCourt Air Zoom Vapor 11 Premium HC \u201d\u201d Pale Ivory\/Light Orewood Brown\/Metallic Gold\/Metallic Silver","og_url":"https:\/\/tourcruiser.com\/de\/products\/women-nike-nikecourt-air-zoom-vapor-11-premium-hc-gold-flair-pack\/","og_site_name":"Tourcruiser Sneaker Store","article_modified_time":"2026-03-27T17:50:00+00:00","twitter_card":"summary_large_image","twitter_image":"https:\/\/images.novelship.com\/product\/_women__nike_nikecourt_air_zoom_vapor_11_premium_h_0_75545.jpeg;https:\/\/images.novelship.com\/product\/_women__nike_nikecourt_air_zoom_vapor_11_premium_h_1_75545.jpeg;https:\/\/images.novelship.com\/product\/_women__nike_nikecourt_air_zoom_vapor_11_premium_h_2_75545.jpeg;https:\/\/images.novelship.com\/product\/_women__nike_nikecourt_air_zoom_vapor_11_premium_h_3_75545.jpeg","schema":{"@context":"https:\/\/schema.org","@graph":[{"@type":"WebPage","@id":"https:\/\/tourcruiser.com\/de\/products\/women-nike-nikecourt-air-zoom-vapor-11-premium-hc-gold-flair-pack\/","url":"https:\/\/tourcruiser.com\/de\/products\/women-nike-nikecourt-air-zoom-vapor-11-premium-hc-gold-flair-pack\/","name":"(Women) Nike NikeCourt Air Zoom Vapor 11 Premium HC 'Gold Flair Pack' - Tourcruiser PTE. LTD","isPartOf":{"@id":"\/#website"},"primaryImageOfPage":{"@id":"https:\/\/tourcruiser.com\/de\/products\/women-nike-nikecourt-air-zoom-vapor-11-premium-hc-gold-flair-pack\/#primaryimage"},"image":{"@id":"https:\/\/tourcruiser.com\/de\/products\/women-nike-nikecourt-air-zoom-vapor-11-premium-hc-gold-flair-pack\/#primaryimage"},"thumbnailUrl":"https:\/\/images.novelship.com\/product\/_women__nike_nikecourt_air_zoom_vapor_11_premium_h_0_75545.jpeg;https:\/\/images.novelship.com\/product\/_women__nike_nikecourt_air_zoom_vapor_11_premium_h_1_75545.jpeg;https:\/\/images.novelship.com\/product\/_women__nike_nikecourt_air_zoom_vapor_11_premium_h_2_75545.jpeg;https:\/\/images.novelship.com\/product\/_women__nike_nikecourt_air_zoom_vapor_11_premium_h_3_75545.jpeg","datePublished":"2026-03-02T07:56:06+00:00","dateModified":"2026-03-27T17:50:00+00:00","breadcrumb":{"@id":"https:\/\/tourcruiser.com\/de\/products\/women-nike-nikecourt-air-zoom-vapor-11-premium-hc-gold-flair-pack\/#breadcrumb"},"inLanguage":"de","potentialAction":[{"@type":"ReadAction","target":["https:\/\/tourcruiser.com\/de\/products\/women-nike-nikecourt-air-zoom-vapor-11-premium-hc-gold-flair-pack\/"]}]},{"@type":"ImageObject","inLanguage":"de","@id":"https:\/\/tourcruiser.com\/de\/products\/women-nike-nikecourt-air-zoom-vapor-11-premium-hc-gold-flair-pack\/#primaryimage","url":"https:\/\/images.novelship.com\/product\/_women__nike_nikecourt_air_zoom_vapor_11_premium_h_0_75545.jpeg;https:\/\/images.novelship.com\/product\/_women__nike_nikecourt_air_zoom_vapor_11_premium_h_1_75545.jpeg;https:\/\/images.novelship.com\/product\/_women__nike_nikecourt_air_zoom_vapor_11_premium_h_2_75545.jpeg;https:\/\/images.novelship.com\/product\/_women__nike_nikecourt_air_zoom_vapor_11_premium_h_3_75545.jpeg","contentUrl":"https:\/\/images.novelship.com\/product\/_women__nike_nikecourt_air_zoom_vapor_11_premium_h_0_75545.jpeg;https:\/\/images.novelship.com\/product\/_women__nike_nikecourt_air_zoom_vapor_11_premium_h_1_75545.jpeg;https:\/\/images.novelship.com\/product\/_women__nike_nikecourt_air_zoom_vapor_11_premium_h_2_75545.jpeg;https:\/\/images.novelship.com\/product\/_women__nike_nikecourt_air_zoom_vapor_11_premium_h_3_75545.jpeg"},{"@type":"BreadcrumbList","@id":"https:\/\/tourcruiser.com\/de\/products\/women-nike-nikecourt-air-zoom-vapor-11-premium-hc-gold-flair-pack\/#breadcrumb","itemListElement":[{"@type":"ListItem","position":1,"name":"Home","item":"https:\/\/tourcruiser.com\/de\/"},{"@type":"ListItem","position":2,"name":"Shop","item":"https:\/\/tourcruiser.com\/de\/shop\/"},{"@type":"ListItem","position":3,"name":"(Women) Nike NikeCourt Air Zoom Vapor 11 Premium HC 'Gold Flair Pack'"}]},{"@type":"WebSite","@id":"\/#website","url":"\/","name":"Styloral Jewelry Shop","description":"Tourcruiser Sneaker Store \u2014 der Ort, an dem das Universum deine Einzigartigkeit trifft.","publisher":{"@id":"\/#organization"},"potentialAction":[{"@type":"SearchAction","target":{"@type":"EntryPoint","urlTemplate":"\/?s={search_term_string}"},"query-input":{"@type":"PropertyValueSpecification","valueRequired":true,"valueName":"search_term_string"}}],"inLanguage":"de"},{"@type":"Organization","@id":"\/#organization","name":"STYLORAL PTE. LTD","url":"\/","logo":{"@type":"ImageObject","inLanguage":"de","@id":"\/#\/schema\/logo\/image\/","url":"https:\/\/www.tourcruiser.com\/wp-content\/uploads\/2025\/12\/logo.png","contentUrl":"https:\/\/www.tourcruiser.com\/wp-content\/uploads\/2025\/12\/logo.png","width":200,"height":65,"caption":"STYLORAL PTE. LTD"},"image":{"@id":"\/#\/schema\/logo\/image\/"}}]}},"_links":{"self":[{"href":"https:\/\/tourcruiser.com\/de\/wp-json\/wp\/v2\/product\/41796","targetHints":{"allow":["GET"]}}],"collection":[{"href":"https:\/\/tourcruiser.com\/de\/wp-json\/wp\/v2\/product"}],"about":[{"href":"https:\/\/tourcruiser.com\/de\/wp-json\/wp\/v2\/types\/product"}],"replies":[{"embeddable":true,"href":"https:\/\/tourcruiser.com\/de\/wp-json\/wp\/v2\/comments?post=41796"}],"wp:featuredmedia":[{"embeddable":true,"href":"https:\/\/tourcruiser.com\/de\/wp-json\/wp\/v2\/media\/41797"}],"wp:attachment":[{"href":"https:\/\/tourcruiser.com\/de\/wp-json\/wp\/v2\/media?parent=41796"}],"wp:term":[{"taxonomy":"product_brand","embeddable":true,"href":"https:\/\/tourcruiser.com\/de\/wp-json\/wp\/v2\/product_brand?post=41796"},{"taxonomy":"product_cat","embeddable":true,"href":"https:\/\/tourcruiser.com\/de\/wp-json\/wp\/v2\/product_cat?post=41796"},{"taxonomy":"product_tag","embeddable":true,"href":"https:\/\/tourcruiser.com\/de\/wp-json\/wp\/v2\/product_tag?post=41796"}],"curies":[{"name":"wp","href":"https:\/\/api.w.org\/{rel}","templated":true}]}}