{"id":41723,"date":"2026-03-02T14:55:55","date_gmt":"2026-03-02T07:55:55","guid":{"rendered":"http:\/\/tourcruiser.com\/product\/women-nike-sabrina-2-ep-lily"},"modified":"2026-03-28T00:49:57","modified_gmt":"2026-03-27T17:49:57","slug":"women-nike-sabrina-2-ep-lily","status":"publish","type":"product","link":"https:\/\/tourcruiser.com\/de\/products\/women-nike-sabrina-2-ep-lily\/","title":{"rendered":"(Women) Nike Sabrina 2 EP &#8218;Lily&#8216;"},"content":{"rendered":"<p>Mit dem Sabrina 2 EP FZ1517-100, der perfekten Kombination aus Performance und Style, hebst du deinen Sneaker-Style auf. Dieser innovative Sneaker wurde f\u00fcr Sportler und Trendsetter gleicherma\u00dfen entwickelt und bietet dank seiner leichten Konstruktion und reaktionsfreudigen D\u00e4mpfung \u00fcberragenden Tragekomfort. Das elegante wei\u00dfe Obermaterial mit modernen Designelementen sorgt daf\u00fcr, dass du in Sachen Funktion und Style immer einen Schritt voraus bist.<\/p>\n<p>Der Sabrina 2 EP ist aus hochwertigen Materialien gefertigt und garantiert Langlebigkeit f\u00fcr den ganzen Tag \u201d\u201c egal ob auf dem Court, im Fitnessstudio oder in der Stadt. Seine speziell entwickelte Au\u00dfensohle bietet optimalen Grip und Stabilit\u00e4t und gibt dir in jedem Terrain ein sicheres Gef\u00fchl. Er ist auf H\u00f6chstleistung ausgelegt und unterst\u00fctzt schnelle Bewegungen bei maximalem Komfort.<\/p>\n<p>Diese Sneaker vereinen innovative Technologie mit einem modernen Design und sind damit ein Must-have f\u00fcr jede Sneaker-Sammlung. Elegant, vielseitig und performanceorientiert \u201d\u201c der Sabrina 2 EP FZ1517-100 ist mehr als nur ein Schuh \u201d\u201c er ist ein Statement f\u00fcr Ambition und Exzellenz. Erweitere deine Schuhkollektion mit einem Paar, das so dynamisch ist wie du.<\/p>\n<ul>\n<li><strong>Farbgebung:<\/strong> Wei\u00df\/Semite Grey\/Schwarz\/Pink Cycle<\/li>\n<li><strong>Artikelnummer:<\/strong> FZ1517-100<\/li>\n<li><strong>Obermaterial:<\/strong> Mesh<\/li>\n<li><strong>Zwischensohle:<\/strong> Zoom Air<\/li>\n<li><strong>Farbe:<\/strong> Wei\u00df<\/li>\n<li><strong>Designer:<\/strong> Benjamin Nethongkome<\/li>\n<\/ul>\n","protected":false},"excerpt":{"rendered":"<p>Nike Sabrina 2 EP \u201d\u201d White\/Sement Grey\/Black\/Pink Cycle<\/p>\n","protected":false},"featured_media":41724,"comment_status":"open","ping_status":"closed","template":"","meta":[],"product_brand":[],"product_cat":[10809],"product_tag":[10800,10939,11129,10940,10801,10802,10785,10786,10758],"class_list":{"0":"post-41723","1":"product","2":"type-product","3":"status-publish","4":"has-post-thumbnail","6":"product_cat-nike-women","7":"product_tag-basketball-shoes","8":"product_tag-international-women-day-coll","9":"product_tag-lightweight-basketball-shoes","10":"product_tag-mother-day-coll","11":"product_tag-nike","12":"product_tag-performance-sport-shoes","13":"product_tag-trending-deals","14":"product_tag-trending-deals-under-150","15":"product_tag-under-retail","16":"wcpa_has_options","18":"first","19":"outofstock","20":"taxable","21":"shipping-taxable","22":"purchasable","23":"product-type-simple"},"wcpa_form_fields":{"rules":{"pric_overide_base_price":false,"pric_overide_base_price_if_gt_zero":false,"pric_overide_base_price_fully":false,"pric_cal_option_once":false,"pric_use_as_fee":false,"bind_quantity":false,"quantity_bind_formula":false},"fields":[{"type":"color-group","required":true,"elementId":"wcpa-color-group-66c4a75505e74","label":"Gr\u00f6\u00dfe - EU Gr\u00f6\u00dfe","inline":true,"priceOptions":"different_for_all","pricingType":"fixed","className":"hassizechart product-shoes-size-eu product-shoes-size","name":"color-group-66c4a75505e89","disp_type":"square","selection_type":"tick-border","disp_size":"44","show_label_inside":true,"adjust_width":true,"cart_display_type":"text","other_text":"Other","cl_rule":"show","col":6,"values":[{"label":"35.5","value":"EU 35.5","price":"","pimage":"","pimage_id":"","pthumb":"","color":""},{"label":"36","value":"EU 36","price":"","pimage":"","pimage_id":"","pthumb":"","color":"","selected":true},{"label":"36.5","value":"EU 36.5","price":"","pimage":"","pimage_id":"","pthumb":"","color":""},{"label":"37.5","value":"EU 37.5","price":"","pimage":"","pimage_id":"","pthumb":"","color":""},{"label":"38","value":"EU 38","price":"","pimage":"","pimage_id":"","pthumb":"","color":""},{"label":"38.5","value":"EU 38.5","price":"","pimage":"","pimage_id":"","pthumb":"","color":""},{"label":"39","value":"EU 39","price":"","pimage":"","pimage_id":"","pthumb":"","color":""},{"label":"40","value":"EU 40","price":"","pimage":"","pimage_id":"","pthumb":"","color":""},{"label":"40.5","value":"EU 40.5","price":"","pimage":"","pimage_id":"","pthumb":"","color":""},{"label":"41","value":"EU 41","price":"","pimage":"","pimage_id":"","pthumb":"","color":""},{"label":"42","value":"EU 42","price":"","pimage":"","pimage_id":"","pthumb":"","color":""},{"label":"42.5","value":"EU 42.5","price":"","pimage":"","pimage_id":"","pthumb":"","color":""},{"label":"43","value":"EU 43","price":"","pimage":"","pimage_id":"","pthumb":"","color":""},{"label":"44","value":"EU 44","price":"","pimage":"","pimage_id":"","pthumb":"","color":""},{"label":"44.5","value":"EU 44.5","price":"","pimage":"","pimage_id":"","pthumb":"","color":""},{"label":"45","value":"EU 45","price":"","pimage":"","pimage_id":"","pthumb":"","color":""},{"label":"45.5","value":"EU 45.5","price":"","pimage":"","pimage_id":"","pthumb":"","color":""},{"label":"46","value":"EU 46","price":"","pimage":"","pimage_id":"","pthumb":"","color":""},{"label":"47","value":"EU 47","price":"","pimage":"","pimage_id":"","pthumb":"","color":""},{"label":"47.5","value":"EU 47.5","price":"","pimage":"","pimage_id":"","pthumb":"","color":""},{"label":"48","value":"EU 48","price":"","pimage":"","pimage_id":"","pthumb":"","color":""}],"relations":[{"operator":false,"rules":[]}],"form_id":18106,"form_rules":{"pric_cal_option_once":false,"exclude_from_discount":false,"pric_use_as_fee":false,"fee_label":"Fee","render_after_acb":false,"disp_hide_options_price":false}}]},"yoast_head":"<!-- This site is optimized with the Yoast SEO plugin v26.5 - https:\/\/yoast.com\/wordpress\/plugins\/seo\/ -->\n<title>(Women) Nike Sabrina 2 EP &#039;Lily&#039;  - Tourcruiser PTE. LTD<\/title>\n<meta name=\"robots\" content=\"index, follow, max-snippet:-1, max-image-preview:large, max-video-preview:-1\" \/>\n<link rel=\"canonical\" href=\"https:\/\/tourcruiser.com\/de\/products\/women-nike-sabrina-2-ep-lily\/\" \/>\n<meta property=\"og:locale\" content=\"de_DE\" \/>\n<meta property=\"og:type\" content=\"article\" \/>\n<meta property=\"og:title\" content=\"(Women) Nike Sabrina 2 EP &#039;Lily&#039;  - Tourcruiser PTE. LTD\" \/>\n<meta property=\"og:description\" content=\"Nike Sabrina 2 EP \u201d\u201d White\/Sement Grey\/Black\/Pink Cycle\" \/>\n<meta property=\"og:url\" content=\"https:\/\/tourcruiser.com\/de\/products\/women-nike-sabrina-2-ep-lily\/\" \/>\n<meta property=\"og:site_name\" content=\"Tourcruiser Sneaker Store\" \/>\n<meta property=\"article:modified_time\" content=\"2026-03-27T17:49:57+00:00\" \/>\n<meta name=\"twitter:card\" content=\"summary_large_image\" \/>\n<meta name=\"twitter:image\" content=\"https:\/\/images.novelship.com\/product\/_w__sabrina_2_ep__lily__fz1517-100_0_25647.png;https:\/\/images.novelship.com\/product\/_w__sabrina_2_ep__lily__fz1517-100_1_25649.jpeg;https:\/\/images.novelship.com\/product\/_w__sabrina_2_ep__lily__fz1517-100_2_25649.jpeg;https:\/\/images.novelship.com\/product\/_w__sabrina_2_ep__lily__fz1517-100_3_25649.jpeg;https:\/\/images.novelship.com\/product\/_w__sabrina_2_ep__lily__fz1517-100_4_25650.jpeg;https:\/\/images.novelship.com\/product\/_w__sabrina_2_ep__lily__fz1517-100_5_25650.jpeg;https:\/\/images.novelship.com\/product\/_w__sabrina_2_ep__lily__fz1517-100_6_25650.jpeg;https:\/\/images.novelship.com\/product\/_w__sabrina_2_ep__lily__fz1517-100_7_25650.jpeg;https:\/\/images.novelship.com\/product\/_w__sabrina_2_ep__lily__fz1517-100_8_25650.jpeg\" \/>\n<meta name=\"twitter:label1\" content=\"Gesch\u00e4tzte Lesezeit\" \/>\n\t<meta name=\"twitter:data1\" content=\"1\u00a0Minute\" \/>\n<script type=\"application\/ld+json\" class=\"yoast-schema-graph\">{\"@context\":\"https:\/\/schema.org\",\"@graph\":[{\"@type\":\"WebPage\",\"@id\":\"https:\/\/tourcruiser.com\/de\/products\/women-nike-sabrina-2-ep-lily\/\",\"url\":\"https:\/\/tourcruiser.com\/de\/products\/women-nike-sabrina-2-ep-lily\/\",\"name\":\"(Women) Nike Sabrina 2 EP 'Lily' - Tourcruiser PTE. LTD\",\"isPartOf\":{\"@id\":\"https:\/\/tourcruiser.com\/de\/#website\"},\"primaryImageOfPage\":{\"@id\":\"https:\/\/tourcruiser.com\/de\/products\/women-nike-sabrina-2-ep-lily\/#primaryimage\"},\"image\":{\"@id\":\"https:\/\/tourcruiser.com\/de\/products\/women-nike-sabrina-2-ep-lily\/#primaryimage\"},\"thumbnailUrl\":\"https:\/\/images.novelship.com\/product\/_w__sabrina_2_ep__lily__fz1517-100_0_25647.png;https:\/\/images.novelship.com\/product\/_w__sabrina_2_ep__lily__fz1517-100_1_25649.jpeg;https:\/\/images.novelship.com\/product\/_w__sabrina_2_ep__lily__fz1517-100_2_25649.jpeg;https:\/\/images.novelship.com\/product\/_w__sabrina_2_ep__lily__fz1517-100_3_25649.jpeg;https:\/\/images.novelship.com\/product\/_w__sabrina_2_ep__lily__fz1517-100_4_25650.jpeg;https:\/\/images.novelship.com\/product\/_w__sabrina_2_ep__lily__fz1517-100_5_25650.jpeg;https:\/\/images.novelship.com\/product\/_w__sabrina_2_ep__lily__fz1517-100_6_25650.jpeg;https:\/\/images.novelship.com\/product\/_w__sabrina_2_ep__lily__fz1517-100_7_25650.jpeg;https:\/\/images.novelship.com\/product\/_w__sabrina_2_ep__lily__fz1517-100_8_25650.jpeg\",\"datePublished\":\"2026-03-02T07:55:55+00:00\",\"dateModified\":\"2026-03-27T17:49:57+00:00\",\"breadcrumb\":{\"@id\":\"https:\/\/tourcruiser.com\/de\/products\/women-nike-sabrina-2-ep-lily\/#breadcrumb\"},\"inLanguage\":\"de\",\"potentialAction\":[{\"@type\":\"ReadAction\",\"target\":[\"https:\/\/tourcruiser.com\/de\/products\/women-nike-sabrina-2-ep-lily\/\"]}]},{\"@type\":\"ImageObject\",\"inLanguage\":\"de\",\"@id\":\"https:\/\/tourcruiser.com\/de\/products\/women-nike-sabrina-2-ep-lily\/#primaryimage\",\"url\":\"https:\/\/images.novelship.com\/product\/_w__sabrina_2_ep__lily__fz1517-100_0_25647.png;https:\/\/images.novelship.com\/product\/_w__sabrina_2_ep__lily__fz1517-100_1_25649.jpeg;https:\/\/images.novelship.com\/product\/_w__sabrina_2_ep__lily__fz1517-100_2_25649.jpeg;https:\/\/images.novelship.com\/product\/_w__sabrina_2_ep__lily__fz1517-100_3_25649.jpeg;https:\/\/images.novelship.com\/product\/_w__sabrina_2_ep__lily__fz1517-100_4_25650.jpeg;https:\/\/images.novelship.com\/product\/_w__sabrina_2_ep__lily__fz1517-100_5_25650.jpeg;https:\/\/images.novelship.com\/product\/_w__sabrina_2_ep__lily__fz1517-100_6_25650.jpeg;https:\/\/images.novelship.com\/product\/_w__sabrina_2_ep__lily__fz1517-100_7_25650.jpeg;https:\/\/images.novelship.com\/product\/_w__sabrina_2_ep__lily__fz1517-100_8_25650.jpeg\",\"contentUrl\":\"https:\/\/images.novelship.com\/product\/_w__sabrina_2_ep__lily__fz1517-100_0_25647.png;https:\/\/images.novelship.com\/product\/_w__sabrina_2_ep__lily__fz1517-100_1_25649.jpeg;https:\/\/images.novelship.com\/product\/_w__sabrina_2_ep__lily__fz1517-100_2_25649.jpeg;https:\/\/images.novelship.com\/product\/_w__sabrina_2_ep__lily__fz1517-100_3_25649.jpeg;https:\/\/images.novelship.com\/product\/_w__sabrina_2_ep__lily__fz1517-100_4_25650.jpeg;https:\/\/images.novelship.com\/product\/_w__sabrina_2_ep__lily__fz1517-100_5_25650.jpeg;https:\/\/images.novelship.com\/product\/_w__sabrina_2_ep__lily__fz1517-100_6_25650.jpeg;https:\/\/images.novelship.com\/product\/_w__sabrina_2_ep__lily__fz1517-100_7_25650.jpeg;https:\/\/images.novelship.com\/product\/_w__sabrina_2_ep__lily__fz1517-100_8_25650.jpeg\"},{\"@type\":\"BreadcrumbList\",\"@id\":\"https:\/\/tourcruiser.com\/de\/products\/women-nike-sabrina-2-ep-lily\/#breadcrumb\",\"itemListElement\":[{\"@type\":\"ListItem\",\"position\":1,\"name\":\"Home\",\"item\":\"https:\/\/tourcruiser.com\/de\/\"},{\"@type\":\"ListItem\",\"position\":2,\"name\":\"Shop\",\"item\":\"https:\/\/tourcruiser.com\/de\/shop\/\"},{\"@type\":\"ListItem\",\"position\":3,\"name\":\"(Women) Nike Sabrina 2 EP 'Lily'\"}]},{\"@type\":\"WebSite\",\"@id\":\"https:\/\/tourcruiser.com\/de\/#website\",\"url\":\"https:\/\/tourcruiser.com\/de\/\",\"name\":\"Styloral Jewelry Shop\",\"description\":\"Tourcruiser Sneaker Store \u2014 der Ort, an dem das Universum deine Einzigartigkeit trifft.\",\"publisher\":{\"@id\":\"https:\/\/tourcruiser.com\/de\/#organization\"},\"potentialAction\":[{\"@type\":\"SearchAction\",\"target\":{\"@type\":\"EntryPoint\",\"urlTemplate\":\"https:\/\/tourcruiser.com\/de\/?s={search_term_string}\"},\"query-input\":{\"@type\":\"PropertyValueSpecification\",\"valueRequired\":true,\"valueName\":\"search_term_string\"}}],\"inLanguage\":\"de\"},{\"@type\":\"Organization\",\"@id\":\"https:\/\/tourcruiser.com\/de\/#organization\",\"name\":\"STYLORAL PTE. LTD\",\"url\":\"https:\/\/tourcruiser.com\/de\/\",\"logo\":{\"@type\":\"ImageObject\",\"inLanguage\":\"de\",\"@id\":\"https:\/\/tourcruiser.com\/de\/#\/schema\/logo\/image\/\",\"url\":\"https:\/\/www.tourcruiser.com\/wp-content\/uploads\/2025\/12\/logo.png\",\"contentUrl\":\"https:\/\/www.tourcruiser.com\/wp-content\/uploads\/2025\/12\/logo.png\",\"width\":200,\"height\":65,\"caption\":\"STYLORAL PTE. LTD\"},\"image\":{\"@id\":\"https:\/\/tourcruiser.com\/de\/#\/schema\/logo\/image\/\"}}]}<\/script>\n<!-- \/ Yoast SEO plugin. -->","yoast_head_json":{"title":"(Women) Nike Sabrina 2 EP 'Lily'  - Tourcruiser PTE. LTD","robots":{"index":"index","follow":"follow","max-snippet":"max-snippet:-1","max-image-preview":"max-image-preview:large","max-video-preview":"max-video-preview:-1"},"canonical":"https:\/\/tourcruiser.com\/de\/products\/women-nike-sabrina-2-ep-lily\/","og_locale":"de_DE","og_type":"article","og_title":"(Women) Nike Sabrina 2 EP 'Lily'  - Tourcruiser PTE. LTD","og_description":"Nike Sabrina 2 EP \u201d\u201d White\/Sement Grey\/Black\/Pink Cycle","og_url":"https:\/\/tourcruiser.com\/de\/products\/women-nike-sabrina-2-ep-lily\/","og_site_name":"Tourcruiser Sneaker Store","article_modified_time":"2026-03-27T17:49:57+00:00","twitter_card":"summary_large_image","twitter_image":"https:\/\/images.novelship.com\/product\/_w__sabrina_2_ep__lily__fz1517-100_0_25647.png;https:\/\/images.novelship.com\/product\/_w__sabrina_2_ep__lily__fz1517-100_1_25649.jpeg;https:\/\/images.novelship.com\/product\/_w__sabrina_2_ep__lily__fz1517-100_2_25649.jpeg;https:\/\/images.novelship.com\/product\/_w__sabrina_2_ep__lily__fz1517-100_3_25649.jpeg;https:\/\/images.novelship.com\/product\/_w__sabrina_2_ep__lily__fz1517-100_4_25650.jpeg;https:\/\/images.novelship.com\/product\/_w__sabrina_2_ep__lily__fz1517-100_5_25650.jpeg;https:\/\/images.novelship.com\/product\/_w__sabrina_2_ep__lily__fz1517-100_6_25650.jpeg;https:\/\/images.novelship.com\/product\/_w__sabrina_2_ep__lily__fz1517-100_7_25650.jpeg;https:\/\/images.novelship.com\/product\/_w__sabrina_2_ep__lily__fz1517-100_8_25650.jpeg","twitter_misc":{"Gesch\u00e4tzte Lesezeit":"1\u00a0Minute"},"schema":{"@context":"https:\/\/schema.org","@graph":[{"@type":"WebPage","@id":"https:\/\/tourcruiser.com\/de\/products\/women-nike-sabrina-2-ep-lily\/","url":"https:\/\/tourcruiser.com\/de\/products\/women-nike-sabrina-2-ep-lily\/","name":"(Women) Nike Sabrina 2 EP 'Lily' - Tourcruiser PTE. LTD","isPartOf":{"@id":"https:\/\/tourcruiser.com\/de\/#website"},"primaryImageOfPage":{"@id":"https:\/\/tourcruiser.com\/de\/products\/women-nike-sabrina-2-ep-lily\/#primaryimage"},"image":{"@id":"https:\/\/tourcruiser.com\/de\/products\/women-nike-sabrina-2-ep-lily\/#primaryimage"},"thumbnailUrl":"https:\/\/images.novelship.com\/product\/_w__sabrina_2_ep__lily__fz1517-100_0_25647.png;https:\/\/images.novelship.com\/product\/_w__sabrina_2_ep__lily__fz1517-100_1_25649.jpeg;https:\/\/images.novelship.com\/product\/_w__sabrina_2_ep__lily__fz1517-100_2_25649.jpeg;https:\/\/images.novelship.com\/product\/_w__sabrina_2_ep__lily__fz1517-100_3_25649.jpeg;https:\/\/images.novelship.com\/product\/_w__sabrina_2_ep__lily__fz1517-100_4_25650.jpeg;https:\/\/images.novelship.com\/product\/_w__sabrina_2_ep__lily__fz1517-100_5_25650.jpeg;https:\/\/images.novelship.com\/product\/_w__sabrina_2_ep__lily__fz1517-100_6_25650.jpeg;https:\/\/images.novelship.com\/product\/_w__sabrina_2_ep__lily__fz1517-100_7_25650.jpeg;https:\/\/images.novelship.com\/product\/_w__sabrina_2_ep__lily__fz1517-100_8_25650.jpeg","datePublished":"2026-03-02T07:55:55+00:00","dateModified":"2026-03-27T17:49:57+00:00","breadcrumb":{"@id":"https:\/\/tourcruiser.com\/de\/products\/women-nike-sabrina-2-ep-lily\/#breadcrumb"},"inLanguage":"de","potentialAction":[{"@type":"ReadAction","target":["https:\/\/tourcruiser.com\/de\/products\/women-nike-sabrina-2-ep-lily\/"]}]},{"@type":"ImageObject","inLanguage":"de","@id":"https:\/\/tourcruiser.com\/de\/products\/women-nike-sabrina-2-ep-lily\/#primaryimage","url":"https:\/\/images.novelship.com\/product\/_w__sabrina_2_ep__lily__fz1517-100_0_25647.png;https:\/\/images.novelship.com\/product\/_w__sabrina_2_ep__lily__fz1517-100_1_25649.jpeg;https:\/\/images.novelship.com\/product\/_w__sabrina_2_ep__lily__fz1517-100_2_25649.jpeg;https:\/\/images.novelship.com\/product\/_w__sabrina_2_ep__lily__fz1517-100_3_25649.jpeg;https:\/\/images.novelship.com\/product\/_w__sabrina_2_ep__lily__fz1517-100_4_25650.jpeg;https:\/\/images.novelship.com\/product\/_w__sabrina_2_ep__lily__fz1517-100_5_25650.jpeg;https:\/\/images.novelship.com\/product\/_w__sabrina_2_ep__lily__fz1517-100_6_25650.jpeg;https:\/\/images.novelship.com\/product\/_w__sabrina_2_ep__lily__fz1517-100_7_25650.jpeg;https:\/\/images.novelship.com\/product\/_w__sabrina_2_ep__lily__fz1517-100_8_25650.jpeg","contentUrl":"https:\/\/images.novelship.com\/product\/_w__sabrina_2_ep__lily__fz1517-100_0_25647.png;https:\/\/images.novelship.com\/product\/_w__sabrina_2_ep__lily__fz1517-100_1_25649.jpeg;https:\/\/images.novelship.com\/product\/_w__sabrina_2_ep__lily__fz1517-100_2_25649.jpeg;https:\/\/images.novelship.com\/product\/_w__sabrina_2_ep__lily__fz1517-100_3_25649.jpeg;https:\/\/images.novelship.com\/product\/_w__sabrina_2_ep__lily__fz1517-100_4_25650.jpeg;https:\/\/images.novelship.com\/product\/_w__sabrina_2_ep__lily__fz1517-100_5_25650.jpeg;https:\/\/images.novelship.com\/product\/_w__sabrina_2_ep__lily__fz1517-100_6_25650.jpeg;https:\/\/images.novelship.com\/product\/_w__sabrina_2_ep__lily__fz1517-100_7_25650.jpeg;https:\/\/images.novelship.com\/product\/_w__sabrina_2_ep__lily__fz1517-100_8_25650.jpeg"},{"@type":"BreadcrumbList","@id":"https:\/\/tourcruiser.com\/de\/products\/women-nike-sabrina-2-ep-lily\/#breadcrumb","itemListElement":[{"@type":"ListItem","position":1,"name":"Home","item":"https:\/\/tourcruiser.com\/de\/"},{"@type":"ListItem","position":2,"name":"Shop","item":"https:\/\/tourcruiser.com\/de\/shop\/"},{"@type":"ListItem","position":3,"name":"(Women) Nike Sabrina 2 EP 'Lily'"}]},{"@type":"WebSite","@id":"https:\/\/tourcruiser.com\/de\/#website","url":"https:\/\/tourcruiser.com\/de\/","name":"Styloral Jewelry Shop","description":"Tourcruiser Sneaker Store \u2014 der Ort, an dem das Universum deine Einzigartigkeit trifft.","publisher":{"@id":"https:\/\/tourcruiser.com\/de\/#organization"},"potentialAction":[{"@type":"SearchAction","target":{"@type":"EntryPoint","urlTemplate":"https:\/\/tourcruiser.com\/de\/?s={search_term_string}"},"query-input":{"@type":"PropertyValueSpecification","valueRequired":true,"valueName":"search_term_string"}}],"inLanguage":"de"},{"@type":"Organization","@id":"https:\/\/tourcruiser.com\/de\/#organization","name":"STYLORAL PTE. LTD","url":"https:\/\/tourcruiser.com\/de\/","logo":{"@type":"ImageObject","inLanguage":"de","@id":"https:\/\/tourcruiser.com\/de\/#\/schema\/logo\/image\/","url":"https:\/\/www.tourcruiser.com\/wp-content\/uploads\/2025\/12\/logo.png","contentUrl":"https:\/\/www.tourcruiser.com\/wp-content\/uploads\/2025\/12\/logo.png","width":200,"height":65,"caption":"STYLORAL PTE. LTD"},"image":{"@id":"https:\/\/tourcruiser.com\/de\/#\/schema\/logo\/image\/"}}]}},"_links":{"self":[{"href":"https:\/\/tourcruiser.com\/de\/wp-json\/wp\/v2\/product\/41723","targetHints":{"allow":["GET"]}}],"collection":[{"href":"https:\/\/tourcruiser.com\/de\/wp-json\/wp\/v2\/product"}],"about":[{"href":"https:\/\/tourcruiser.com\/de\/wp-json\/wp\/v2\/types\/product"}],"replies":[{"embeddable":true,"href":"https:\/\/tourcruiser.com\/de\/wp-json\/wp\/v2\/comments?post=41723"}],"wp:featuredmedia":[{"embeddable":true,"href":"https:\/\/tourcruiser.com\/de\/wp-json\/wp\/v2\/media\/41724"}],"wp:attachment":[{"href":"https:\/\/tourcruiser.com\/de\/wp-json\/wp\/v2\/media?parent=41723"}],"wp:term":[{"taxonomy":"product_brand","embeddable":true,"href":"https:\/\/tourcruiser.com\/de\/wp-json\/wp\/v2\/product_brand?post=41723"},{"taxonomy":"product_cat","embeddable":true,"href":"https:\/\/tourcruiser.com\/de\/wp-json\/wp\/v2\/product_cat?post=41723"},{"taxonomy":"product_tag","embeddable":true,"href":"https:\/\/tourcruiser.com\/de\/wp-json\/wp\/v2\/product_tag?post=41723"}],"curies":[{"name":"wp","href":"https:\/\/api.w.org\/{rel}","templated":true}]}}