{"id":41465,"date":"2026-03-02T14:55:34","date_gmt":"2026-03-02T07:55:34","guid":{"rendered":"http:\/\/tourcruiser.com\/product\/asics-gel-nimbus-27-extra-wide"},"modified":"2026-03-28T00:49:46","modified_gmt":"2026-03-27T17:49:46","slug":"asics-gel-nimbus-27-extra-wide","status":"publish","type":"product","link":"https:\/\/tourcruiser.com\/de\/products\/asics-gel-nimbus-27-extra-wide\/","title":{"rendered":"ASICS GEL-NIMBUS 27 EXTRA WIDE"},"content":{"rendered":"<p>Erleben Sie unvergleichlichen Komfort und Halt mit dem ASICS GEL-NIMBUS 27 Extra Wide. Dieser Schuh wurde speziell f\u00fcr L\u00e4ufer mit breiteren F\u00fc\u00dfen entwickelt und bietet ein federleichtes Laufgef\u00fchl. Dank fortschrittlicher GEL-Technologie im Vorfu\u00df- und Fersenbereich sorgt er f\u00fcr optimale Sto\u00dfd\u00e4mpfung und verbesserte D\u00e4mpfung bei jedem Schritt. Die FF BLAST PLUS ECO-Mittelsohle bietet leichte Reaktionsf\u00e4higkeit und erm\u00f6glicht geschmeidige \u00dcberg\u00e4nge bei langen L\u00e4ufen oder im Alltag. Das atmungsaktive Obermaterial aus Funktionsmesh bietet optimalen Tragekomfort und sicheren Halt, w\u00e4hrend das extraweite Design breiteren Fu\u00dfformen gerecht wird, ohne Kompromisse bei Komfort oder Stil einzugehen. Die ASICS LITE-Gummiau\u00dfensohle sorgt f\u00fcr Langlebigkeit und garantiert dauerhafte Leistung auf unterschiedlichem Terrain. Der ASICS GEL-NIMBUS 27 Extra Wide ist ideal f\u00fcr ambitionierte L\u00e4ufer und Spazierg\u00e4nger gleicherma\u00dfen. Er vereint innovative Technologie mit erstklassigem Tragekomfort und ist somit die perfekte Wahl f\u00fcr optimalen Komfort und beste Performance auf jedem Weg.<\/p>\n<ul>\n<li><strong>Farbgebung:<\/strong> Schwarz\/Seegrau<\/li>\n<li><strong>Artikelnummer:<\/strong> 1011B957-002<\/li>\n<li><strong>Obermaterial:<\/strong> Mesh<\/li>\n<li><strong>Zwischensohle:<\/strong> FlyteFoam Blast+ Eco<\/li>\n<li><strong>Farbe:<\/strong> Schwarz<\/li>\n<\/ul>\n","protected":false},"excerpt":{"rendered":"<p>ASICS Gel-Nimbus 27 Extra Wide \u201d\u201d Black\/Lake Grey<\/p>\n","protected":false},"featured_media":41466,"comment_status":"open","ping_status":"closed","template":"","meta":[],"product_brand":[],"product_cat":[10792],"product_tag":[10791,10838,10839,10802,10840,10758],"class_list":{"0":"post-41465","1":"product","2":"type-product","3":"status-publish","4":"has-post-thumbnail","6":"product_cat-asics","7":"product_tag-asics","8":"product_tag-max-cushion-cushioned-running-shoes","9":"product_tag-performance-running-shoes","10":"product_tag-performance-sport-shoes","11":"product_tag-running-shoes","12":"product_tag-under-retail","13":"wcpa_has_options","15":"first","16":"outofstock","17":"sale","18":"taxable","19":"shipping-taxable","20":"purchasable","21":"product-type-simple"},"wcpa_form_fields":{"rules":{"pric_overide_base_price":false,"pric_overide_base_price_if_gt_zero":false,"pric_overide_base_price_fully":false,"pric_cal_option_once":false,"pric_use_as_fee":false,"bind_quantity":false,"quantity_bind_formula":false},"fields":[{"type":"color-group","required":true,"elementId":"wcpa-color-group-69a5ab08ee12d","label":"Gr\u00f6\u00dfe","inline":true,"priceOptions":"different_for_all","pricingType":"fixed","className":"hassizechart product-shoes-size-eu product-shoes-size","name":"color-group-69a5ab08ee136","disp_type":"square","selection_type":"tick-border","disp_size":"50","show_label_inside":true,"adjust_width":true,"cart_display_type":"text","other_text":"Other","cl_rule":"show","col":6,"values":[{"label":"36","value":"EU 36","price":"","pimage":"","pimage_id":"","pthumb":"","color":"","selected":true},{"label":"37","value":"EU 37","price":"","pimage":"","pimage_id":"","pthumb":"","color":""},{"label":"37.5","value":"EU 37.5","price":"","pimage":"","pimage_id":"","pthumb":"","color":""},{"label":"38","value":"EU 38","price":"","pimage":"","pimage_id":"","pthumb":"","color":""},{"label":"38.5","value":"EU 38.5","price":"","pimage":"","pimage_id":"","pthumb":"","color":""},{"label":"39","value":"EU 39","price":"","pimage":"","pimage_id":"","pthumb":"","color":""},{"label":"39.5","value":"EU 39.5","price":"","pimage":"","pimage_id":"","pthumb":"","color":""},{"label":"40","value":"EU 40","price":"","pimage":"","pimage_id":"","pthumb":"","color":""},{"label":"40.5","value":"EU 40.5","price":"","pimage":"","pimage_id":"","pthumb":"","color":""},{"label":" 41.5","value":"EU 41.5","price":"","pimage":"","pimage_id":"","pthumb":"","color":""},{"label":"42","value":"EU 42","price":"","pimage":"","pimage_id":"","pthumb":"","color":""},{"label":"42.5","value":"EU 42.5","price":"","pimage":"","pimage_id":"","pthumb":"","color":""},{"label":"43.5","value":"EU 43.5","price":"","pimage":"","pimage_id":"","pthumb":"","color":""},{"label":"44","value":"EU 44","price":"","pimage":"","pimage_id":"","pthumb":"","color":""},{"label":"44.5","value":"EU 44.5","price":"","pimage":"","pimage_id":"","pthumb":"","color":""},{"label":"45","value":"EU 45","price":"","pimage":"","pimage_id":"","pthumb":"","color":""}],"relations":[{"operator":false,"rules":[]}],"form_id":184311,"form_rules":{"pric_cal_option_once":false,"exclude_from_discount":false,"pric_use_as_fee":false,"fee_label":"Fee","render_after_acb":false,"disp_hide_options_price":false}}]},"yoast_head":"<!-- This site is optimized with the Yoast SEO plugin v26.5 - https:\/\/yoast.com\/wordpress\/plugins\/seo\/ -->\n<title>ASICS GEL-NIMBUS 27 EXTRA WIDE  - Tourcruiser PTE. LTD<\/title>\n<meta name=\"robots\" content=\"index, follow, max-snippet:-1, max-image-preview:large, max-video-preview:-1\" \/>\n<link rel=\"canonical\" href=\"https:\/\/tourcruiser.com\/de\/products\/asics-gel-nimbus-27-extra-wide\/\" \/>\n<meta property=\"og:locale\" content=\"de_DE\" \/>\n<meta property=\"og:type\" content=\"article\" \/>\n<meta property=\"og:title\" content=\"ASICS GEL-NIMBUS 27 EXTRA WIDE  - Tourcruiser PTE. LTD\" \/>\n<meta property=\"og:description\" content=\"ASICS Gel-Nimbus 27 Extra Wide \u201d\u201d Black\/Lake Grey\" \/>\n<meta property=\"og:url\" content=\"https:\/\/tourcruiser.com\/de\/products\/asics-gel-nimbus-27-extra-wide\/\" \/>\n<meta property=\"og:site_name\" content=\"Tourcruiser Sneaker Store\" \/>\n<meta property=\"article:modified_time\" content=\"2026-03-27T17:49:46+00:00\" \/>\n<meta name=\"twitter:card\" content=\"summary_large_image\" \/>\n<meta name=\"twitter:image\" content=\"https:\/\/images.novelship.com\/product\/asics_gel-nimbus_27_extra_wide_1011b957-002_0_80015.jpeg;https:\/\/images.novelship.com\/product\/asics_gel-nimbus_27_extra_wide_1011b957-002_1_80015.jpeg;https:\/\/images.novelship.com\/product\/asics_gel-nimbus_27_extra_wide_1011b957-002_2_80015.jpeg;https:\/\/images.novelship.com\/product\/asics_gel-nimbus_27_extra_wide_1011b957-002_3_80015.jpeg;https:\/\/images.novelship.com\/product\/asics_gel-nimbus_27_extra_wide_1011b957-002_4_80015.jpeg;https:\/\/images.novelship.com\/product\/asics_gel-nimbus_27_extra_wide_1011b957-002_5_80015.jpeg;https:\/\/images.novelship.com\/product\/asics_gel-nimbus_27_extra_wide_1011b957-002_6_80015.jpeg;https:\/\/images.novelship.com\/product\/asics_gel-nimbus_27_extra_wide_1011b957-002_7_80015.jpeg\" \/>\n<meta name=\"twitter:label1\" content=\"Gesch\u00e4tzte Lesezeit\" \/>\n\t<meta name=\"twitter:data1\" content=\"1\u00a0Minute\" \/>\n<script type=\"application\/ld+json\" class=\"yoast-schema-graph\">{\"@context\":\"https:\/\/schema.org\",\"@graph\":[{\"@type\":\"WebPage\",\"@id\":\"https:\/\/tourcruiser.com\/de\/products\/asics-gel-nimbus-27-extra-wide\/\",\"url\":\"https:\/\/tourcruiser.com\/de\/products\/asics-gel-nimbus-27-extra-wide\/\",\"name\":\"ASICS GEL-NIMBUS 27 EXTRA WIDE - Tourcruiser PTE. LTD\",\"isPartOf\":{\"@id\":\"https:\/\/tourcruiser.com\/de\/#website\"},\"primaryImageOfPage\":{\"@id\":\"https:\/\/tourcruiser.com\/de\/products\/asics-gel-nimbus-27-extra-wide\/#primaryimage\"},\"image\":{\"@id\":\"https:\/\/tourcruiser.com\/de\/products\/asics-gel-nimbus-27-extra-wide\/#primaryimage\"},\"thumbnailUrl\":\"https:\/\/images.novelship.com\/product\/asics_gel-nimbus_27_extra_wide_1011b957-002_0_80015.jpeg;https:\/\/images.novelship.com\/product\/asics_gel-nimbus_27_extra_wide_1011b957-002_1_80015.jpeg;https:\/\/images.novelship.com\/product\/asics_gel-nimbus_27_extra_wide_1011b957-002_2_80015.jpeg;https:\/\/images.novelship.com\/product\/asics_gel-nimbus_27_extra_wide_1011b957-002_3_80015.jpeg;https:\/\/images.novelship.com\/product\/asics_gel-nimbus_27_extra_wide_1011b957-002_4_80015.jpeg;https:\/\/images.novelship.com\/product\/asics_gel-nimbus_27_extra_wide_1011b957-002_5_80015.jpeg;https:\/\/images.novelship.com\/product\/asics_gel-nimbus_27_extra_wide_1011b957-002_6_80015.jpeg;https:\/\/images.novelship.com\/product\/asics_gel-nimbus_27_extra_wide_1011b957-002_7_80015.jpeg\",\"datePublished\":\"2026-03-02T07:55:34+00:00\",\"dateModified\":\"2026-03-27T17:49:46+00:00\",\"breadcrumb\":{\"@id\":\"https:\/\/tourcruiser.com\/de\/products\/asics-gel-nimbus-27-extra-wide\/#breadcrumb\"},\"inLanguage\":\"de\",\"potentialAction\":[{\"@type\":\"ReadAction\",\"target\":[\"https:\/\/tourcruiser.com\/de\/products\/asics-gel-nimbus-27-extra-wide\/\"]}]},{\"@type\":\"ImageObject\",\"inLanguage\":\"de\",\"@id\":\"https:\/\/tourcruiser.com\/de\/products\/asics-gel-nimbus-27-extra-wide\/#primaryimage\",\"url\":\"https:\/\/images.novelship.com\/product\/asics_gel-nimbus_27_extra_wide_1011b957-002_0_80015.jpeg;https:\/\/images.novelship.com\/product\/asics_gel-nimbus_27_extra_wide_1011b957-002_1_80015.jpeg;https:\/\/images.novelship.com\/product\/asics_gel-nimbus_27_extra_wide_1011b957-002_2_80015.jpeg;https:\/\/images.novelship.com\/product\/asics_gel-nimbus_27_extra_wide_1011b957-002_3_80015.jpeg;https:\/\/images.novelship.com\/product\/asics_gel-nimbus_27_extra_wide_1011b957-002_4_80015.jpeg;https:\/\/images.novelship.com\/product\/asics_gel-nimbus_27_extra_wide_1011b957-002_5_80015.jpeg;https:\/\/images.novelship.com\/product\/asics_gel-nimbus_27_extra_wide_1011b957-002_6_80015.jpeg;https:\/\/images.novelship.com\/product\/asics_gel-nimbus_27_extra_wide_1011b957-002_7_80015.jpeg\",\"contentUrl\":\"https:\/\/images.novelship.com\/product\/asics_gel-nimbus_27_extra_wide_1011b957-002_0_80015.jpeg;https:\/\/images.novelship.com\/product\/asics_gel-nimbus_27_extra_wide_1011b957-002_1_80015.jpeg;https:\/\/images.novelship.com\/product\/asics_gel-nimbus_27_extra_wide_1011b957-002_2_80015.jpeg;https:\/\/images.novelship.com\/product\/asics_gel-nimbus_27_extra_wide_1011b957-002_3_80015.jpeg;https:\/\/images.novelship.com\/product\/asics_gel-nimbus_27_extra_wide_1011b957-002_4_80015.jpeg;https:\/\/images.novelship.com\/product\/asics_gel-nimbus_27_extra_wide_1011b957-002_5_80015.jpeg;https:\/\/images.novelship.com\/product\/asics_gel-nimbus_27_extra_wide_1011b957-002_6_80015.jpeg;https:\/\/images.novelship.com\/product\/asics_gel-nimbus_27_extra_wide_1011b957-002_7_80015.jpeg\"},{\"@type\":\"BreadcrumbList\",\"@id\":\"https:\/\/tourcruiser.com\/de\/products\/asics-gel-nimbus-27-extra-wide\/#breadcrumb\",\"itemListElement\":[{\"@type\":\"ListItem\",\"position\":1,\"name\":\"Home\",\"item\":\"https:\/\/tourcruiser.com\/de\/\"},{\"@type\":\"ListItem\",\"position\":2,\"name\":\"Shop\",\"item\":\"https:\/\/tourcruiser.com\/de\/shop\/\"},{\"@type\":\"ListItem\",\"position\":3,\"name\":\"ASICS GEL-NIMBUS 27 EXTRA WIDE\"}]},{\"@type\":\"WebSite\",\"@id\":\"https:\/\/tourcruiser.com\/de\/#website\",\"url\":\"https:\/\/tourcruiser.com\/de\/\",\"name\":\"Styloral Jewelry Shop\",\"description\":\"Tourcruiser Sneaker Store \u2014 der Ort, an dem das Universum deine Einzigartigkeit trifft.\",\"publisher\":{\"@id\":\"https:\/\/tourcruiser.com\/de\/#organization\"},\"potentialAction\":[{\"@type\":\"SearchAction\",\"target\":{\"@type\":\"EntryPoint\",\"urlTemplate\":\"https:\/\/tourcruiser.com\/de\/?s={search_term_string}\"},\"query-input\":{\"@type\":\"PropertyValueSpecification\",\"valueRequired\":true,\"valueName\":\"search_term_string\"}}],\"inLanguage\":\"de\"},{\"@type\":\"Organization\",\"@id\":\"https:\/\/tourcruiser.com\/de\/#organization\",\"name\":\"STYLORAL PTE. LTD\",\"url\":\"https:\/\/tourcruiser.com\/de\/\",\"logo\":{\"@type\":\"ImageObject\",\"inLanguage\":\"de\",\"@id\":\"https:\/\/tourcruiser.com\/de\/#\/schema\/logo\/image\/\",\"url\":\"https:\/\/www.tourcruiser.com\/wp-content\/uploads\/2025\/12\/logo.png\",\"contentUrl\":\"https:\/\/www.tourcruiser.com\/wp-content\/uploads\/2025\/12\/logo.png\",\"width\":200,\"height\":65,\"caption\":\"STYLORAL PTE. LTD\"},\"image\":{\"@id\":\"https:\/\/tourcruiser.com\/de\/#\/schema\/logo\/image\/\"}}]}<\/script>\n<!-- \/ Yoast SEO plugin. -->","yoast_head_json":{"title":"ASICS GEL-NIMBUS 27 EXTRA WIDE  - Tourcruiser PTE. LTD","robots":{"index":"index","follow":"follow","max-snippet":"max-snippet:-1","max-image-preview":"max-image-preview:large","max-video-preview":"max-video-preview:-1"},"canonical":"https:\/\/tourcruiser.com\/de\/products\/asics-gel-nimbus-27-extra-wide\/","og_locale":"de_DE","og_type":"article","og_title":"ASICS GEL-NIMBUS 27 EXTRA WIDE  - Tourcruiser PTE. LTD","og_description":"ASICS Gel-Nimbus 27 Extra Wide \u201d\u201d Black\/Lake Grey","og_url":"https:\/\/tourcruiser.com\/de\/products\/asics-gel-nimbus-27-extra-wide\/","og_site_name":"Tourcruiser Sneaker Store","article_modified_time":"2026-03-27T17:49:46+00:00","twitter_card":"summary_large_image","twitter_image":"https:\/\/images.novelship.com\/product\/asics_gel-nimbus_27_extra_wide_1011b957-002_0_80015.jpeg;https:\/\/images.novelship.com\/product\/asics_gel-nimbus_27_extra_wide_1011b957-002_1_80015.jpeg;https:\/\/images.novelship.com\/product\/asics_gel-nimbus_27_extra_wide_1011b957-002_2_80015.jpeg;https:\/\/images.novelship.com\/product\/asics_gel-nimbus_27_extra_wide_1011b957-002_3_80015.jpeg;https:\/\/images.novelship.com\/product\/asics_gel-nimbus_27_extra_wide_1011b957-002_4_80015.jpeg;https:\/\/images.novelship.com\/product\/asics_gel-nimbus_27_extra_wide_1011b957-002_5_80015.jpeg;https:\/\/images.novelship.com\/product\/asics_gel-nimbus_27_extra_wide_1011b957-002_6_80015.jpeg;https:\/\/images.novelship.com\/product\/asics_gel-nimbus_27_extra_wide_1011b957-002_7_80015.jpeg","twitter_misc":{"Gesch\u00e4tzte Lesezeit":"1\u00a0Minute"},"schema":{"@context":"https:\/\/schema.org","@graph":[{"@type":"WebPage","@id":"https:\/\/tourcruiser.com\/de\/products\/asics-gel-nimbus-27-extra-wide\/","url":"https:\/\/tourcruiser.com\/de\/products\/asics-gel-nimbus-27-extra-wide\/","name":"ASICS GEL-NIMBUS 27 EXTRA WIDE - Tourcruiser PTE. LTD","isPartOf":{"@id":"https:\/\/tourcruiser.com\/de\/#website"},"primaryImageOfPage":{"@id":"https:\/\/tourcruiser.com\/de\/products\/asics-gel-nimbus-27-extra-wide\/#primaryimage"},"image":{"@id":"https:\/\/tourcruiser.com\/de\/products\/asics-gel-nimbus-27-extra-wide\/#primaryimage"},"thumbnailUrl":"https:\/\/images.novelship.com\/product\/asics_gel-nimbus_27_extra_wide_1011b957-002_0_80015.jpeg;https:\/\/images.novelship.com\/product\/asics_gel-nimbus_27_extra_wide_1011b957-002_1_80015.jpeg;https:\/\/images.novelship.com\/product\/asics_gel-nimbus_27_extra_wide_1011b957-002_2_80015.jpeg;https:\/\/images.novelship.com\/product\/asics_gel-nimbus_27_extra_wide_1011b957-002_3_80015.jpeg;https:\/\/images.novelship.com\/product\/asics_gel-nimbus_27_extra_wide_1011b957-002_4_80015.jpeg;https:\/\/images.novelship.com\/product\/asics_gel-nimbus_27_extra_wide_1011b957-002_5_80015.jpeg;https:\/\/images.novelship.com\/product\/asics_gel-nimbus_27_extra_wide_1011b957-002_6_80015.jpeg;https:\/\/images.novelship.com\/product\/asics_gel-nimbus_27_extra_wide_1011b957-002_7_80015.jpeg","datePublished":"2026-03-02T07:55:34+00:00","dateModified":"2026-03-27T17:49:46+00:00","breadcrumb":{"@id":"https:\/\/tourcruiser.com\/de\/products\/asics-gel-nimbus-27-extra-wide\/#breadcrumb"},"inLanguage":"de","potentialAction":[{"@type":"ReadAction","target":["https:\/\/tourcruiser.com\/de\/products\/asics-gel-nimbus-27-extra-wide\/"]}]},{"@type":"ImageObject","inLanguage":"de","@id":"https:\/\/tourcruiser.com\/de\/products\/asics-gel-nimbus-27-extra-wide\/#primaryimage","url":"https:\/\/images.novelship.com\/product\/asics_gel-nimbus_27_extra_wide_1011b957-002_0_80015.jpeg;https:\/\/images.novelship.com\/product\/asics_gel-nimbus_27_extra_wide_1011b957-002_1_80015.jpeg;https:\/\/images.novelship.com\/product\/asics_gel-nimbus_27_extra_wide_1011b957-002_2_80015.jpeg;https:\/\/images.novelship.com\/product\/asics_gel-nimbus_27_extra_wide_1011b957-002_3_80015.jpeg;https:\/\/images.novelship.com\/product\/asics_gel-nimbus_27_extra_wide_1011b957-002_4_80015.jpeg;https:\/\/images.novelship.com\/product\/asics_gel-nimbus_27_extra_wide_1011b957-002_5_80015.jpeg;https:\/\/images.novelship.com\/product\/asics_gel-nimbus_27_extra_wide_1011b957-002_6_80015.jpeg;https:\/\/images.novelship.com\/product\/asics_gel-nimbus_27_extra_wide_1011b957-002_7_80015.jpeg","contentUrl":"https:\/\/images.novelship.com\/product\/asics_gel-nimbus_27_extra_wide_1011b957-002_0_80015.jpeg;https:\/\/images.novelship.com\/product\/asics_gel-nimbus_27_extra_wide_1011b957-002_1_80015.jpeg;https:\/\/images.novelship.com\/product\/asics_gel-nimbus_27_extra_wide_1011b957-002_2_80015.jpeg;https:\/\/images.novelship.com\/product\/asics_gel-nimbus_27_extra_wide_1011b957-002_3_80015.jpeg;https:\/\/images.novelship.com\/product\/asics_gel-nimbus_27_extra_wide_1011b957-002_4_80015.jpeg;https:\/\/images.novelship.com\/product\/asics_gel-nimbus_27_extra_wide_1011b957-002_5_80015.jpeg;https:\/\/images.novelship.com\/product\/asics_gel-nimbus_27_extra_wide_1011b957-002_6_80015.jpeg;https:\/\/images.novelship.com\/product\/asics_gel-nimbus_27_extra_wide_1011b957-002_7_80015.jpeg"},{"@type":"BreadcrumbList","@id":"https:\/\/tourcruiser.com\/de\/products\/asics-gel-nimbus-27-extra-wide\/#breadcrumb","itemListElement":[{"@type":"ListItem","position":1,"name":"Home","item":"https:\/\/tourcruiser.com\/de\/"},{"@type":"ListItem","position":2,"name":"Shop","item":"https:\/\/tourcruiser.com\/de\/shop\/"},{"@type":"ListItem","position":3,"name":"ASICS GEL-NIMBUS 27 EXTRA WIDE"}]},{"@type":"WebSite","@id":"https:\/\/tourcruiser.com\/de\/#website","url":"https:\/\/tourcruiser.com\/de\/","name":"Styloral Jewelry Shop","description":"Tourcruiser Sneaker Store \u2014 der Ort, an dem das Universum deine Einzigartigkeit trifft.","publisher":{"@id":"https:\/\/tourcruiser.com\/de\/#organization"},"potentialAction":[{"@type":"SearchAction","target":{"@type":"EntryPoint","urlTemplate":"https:\/\/tourcruiser.com\/de\/?s={search_term_string}"},"query-input":{"@type":"PropertyValueSpecification","valueRequired":true,"valueName":"search_term_string"}}],"inLanguage":"de"},{"@type":"Organization","@id":"https:\/\/tourcruiser.com\/de\/#organization","name":"STYLORAL PTE. LTD","url":"https:\/\/tourcruiser.com\/de\/","logo":{"@type":"ImageObject","inLanguage":"de","@id":"https:\/\/tourcruiser.com\/de\/#\/schema\/logo\/image\/","url":"https:\/\/www.tourcruiser.com\/wp-content\/uploads\/2025\/12\/logo.png","contentUrl":"https:\/\/www.tourcruiser.com\/wp-content\/uploads\/2025\/12\/logo.png","width":200,"height":65,"caption":"STYLORAL PTE. LTD"},"image":{"@id":"https:\/\/tourcruiser.com\/de\/#\/schema\/logo\/image\/"}}]}},"_links":{"self":[{"href":"https:\/\/tourcruiser.com\/de\/wp-json\/wp\/v2\/product\/41465","targetHints":{"allow":["GET"]}}],"collection":[{"href":"https:\/\/tourcruiser.com\/de\/wp-json\/wp\/v2\/product"}],"about":[{"href":"https:\/\/tourcruiser.com\/de\/wp-json\/wp\/v2\/types\/product"}],"replies":[{"embeddable":true,"href":"https:\/\/tourcruiser.com\/de\/wp-json\/wp\/v2\/comments?post=41465"}],"wp:featuredmedia":[{"embeddable":true,"href":"https:\/\/tourcruiser.com\/de\/wp-json\/wp\/v2\/media\/41466"}],"wp:attachment":[{"href":"https:\/\/tourcruiser.com\/de\/wp-json\/wp\/v2\/media?parent=41465"}],"wp:term":[{"taxonomy":"product_brand","embeddable":true,"href":"https:\/\/tourcruiser.com\/de\/wp-json\/wp\/v2\/product_brand?post=41465"},{"taxonomy":"product_cat","embeddable":true,"href":"https:\/\/tourcruiser.com\/de\/wp-json\/wp\/v2\/product_cat?post=41465"},{"taxonomy":"product_tag","embeddable":true,"href":"https:\/\/tourcruiser.com\/de\/wp-json\/wp\/v2\/product_tag?post=41465"}],"curies":[{"name":"wp","href":"https:\/\/api.w.org\/{rel}","templated":true}]}}