{"id":40689,"date":"2026-03-02T14:54:26","date_gmt":"2026-03-02T07:54:26","guid":{"rendered":"http:\/\/tourcruiser.com\/product\/facetasm-x-asics-gel-kayano-14-organic-beauty"},"modified":"2026-03-28T00:49:04","modified_gmt":"2026-03-27T17:49:04","slug":"facetasm-x-asics-gel-kayano-14-organic-beauty","status":"publish","type":"product","link":"https:\/\/tourcruiser.com\/de\/products\/facetasm-x-asics-gel-kayano-14-organic-beauty\/","title":{"rendered":"FACETASM x ASICS GEL-Kayano 14 &#8218;Organic Beauty&#8216;"},"content":{"rendered":"<p>Die globale Kollaboration FACETASM x ASICS GEL-Kayano 14 \u201eOrganic Beauty\u201c (1203A864-960) definiert sportliche Eleganz neu und vereint japanische Designphilosophie mit italienischem Stilgef\u00fchl. Dieser Sneaker in limitierter Auflage pr\u00e4sentiert sich in einer edlen Farbpalette aus Creme, Grau und Marineblau und ist aus hochwertigem Wildleder und Mesh gefertigt, was f\u00fcr ein luxuri\u00f6ses und atmungsaktives Tragegef\u00fchl sorgt. Die ikonische Silhouette des GEL-Kayano 14 wird durch das einzigartige FACETASM-Branding, inklusive gemeinsam gestalteter Zunge und Fersenlasche, veredelt und zelebriert so die harmonische Verbindung von Performance-Tradition und High-Fashion-\u00c4sthetik. Dank der bew\u00e4hrten GEL-D\u00e4mpfungstechnologie von ASICS bietet er au\u00dfergew\u00f6hnlichen Komfort und Stabilit\u00e4t f\u00fcr den ganzen Tag. Dieser Schuh ist ein echtes Sammlerst\u00fcck und das ultimative Statement-Piece f\u00fcr alle, die Sport, Kunst und zeitlosen Stil lieben.<\/p>\n<ul>\n<li><strong>Farbgebung:<\/strong> Gr\u00fcn\/Blau\/Pink\/Silber<\/li>\n<li><strong>Artikelnummer:<\/strong> 1203A864-960<\/li>\n<li><strong>Obermaterial:<\/strong> Mesh<\/li>\n<li><strong>Zwischensohle:<\/strong> Gel<\/li>\n<li><strong>Farbe:<\/strong> Gr\u00fcn<\/li>\n<li><strong>Saison:<\/strong> Herbst<\/li>\n<li><strong>Erscheinungsjahr:<\/strong> 2025<\/li>\n<\/ul>\n","protected":false},"excerpt":{"rendered":"<p>ASICS GEL-Kayano 14 \u201d\u201d Green\/Blue\/Pink\/Silver<\/p>\n","protected":false},"featured_media":40690,"comment_status":"open","ping_status":"closed","template":"","meta":[],"product_brand":[],"product_cat":[10792],"product_tag":[10791,10750,10754,10765,10768,10758],"class_list":{"0":"post-40689","1":"product","2":"type-product","3":"status-publish","4":"has-post-thumbnail","6":"product_cat-asics","7":"product_tag-asics","8":"product_tag-athleisure-shoes","9":"product_tag-lifestyle-casual-shoes","10":"product_tag-lifestyle-shoes-running-inspired","11":"product_tag-retro-running-shoes","12":"product_tag-under-retail","13":"wcpa_has_options","15":"first","16":"outofstock","17":"taxable","18":"shipping-taxable","19":"purchasable","20":"product-type-simple"},"wcpa_form_fields":{"rules":{"pric_overide_base_price":false,"pric_overide_base_price_if_gt_zero":false,"pric_overide_base_price_fully":false,"pric_cal_option_once":false,"pric_use_as_fee":false,"bind_quantity":false,"quantity_bind_formula":false},"fields":[{"type":"color-group","required":true,"elementId":"wcpa-color-group-69a5ab08ee12d","label":"Gr\u00f6\u00dfe","inline":true,"priceOptions":"different_for_all","pricingType":"fixed","className":"hassizechart product-shoes-size-eu product-shoes-size","name":"color-group-69a5ab08ee136","disp_type":"square","selection_type":"tick-border","disp_size":"50","show_label_inside":true,"adjust_width":true,"cart_display_type":"text","other_text":"Other","cl_rule":"show","col":6,"values":[{"label":"36","value":"EU 36","price":"","pimage":"","pimage_id":"","pthumb":"","color":"","selected":true},{"label":"37","value":"EU 37","price":"","pimage":"","pimage_id":"","pthumb":"","color":""},{"label":"37.5","value":"EU 37.5","price":"","pimage":"","pimage_id":"","pthumb":"","color":""},{"label":"38","value":"EU 38","price":"","pimage":"","pimage_id":"","pthumb":"","color":""},{"label":"38.5","value":"EU 38.5","price":"","pimage":"","pimage_id":"","pthumb":"","color":""},{"label":"39","value":"EU 39","price":"","pimage":"","pimage_id":"","pthumb":"","color":""},{"label":"39.5","value":"EU 39.5","price":"","pimage":"","pimage_id":"","pthumb":"","color":""},{"label":"40","value":"EU 40","price":"","pimage":"","pimage_id":"","pthumb":"","color":""},{"label":"40.5","value":"EU 40.5","price":"","pimage":"","pimage_id":"","pthumb":"","color":""},{"label":" 41.5","value":"EU 41.5","price":"","pimage":"","pimage_id":"","pthumb":"","color":""},{"label":"42","value":"EU 42","price":"","pimage":"","pimage_id":"","pthumb":"","color":""},{"label":"42.5","value":"EU 42.5","price":"","pimage":"","pimage_id":"","pthumb":"","color":""},{"label":"43.5","value":"EU 43.5","price":"","pimage":"","pimage_id":"","pthumb":"","color":""},{"label":"44","value":"EU 44","price":"","pimage":"","pimage_id":"","pthumb":"","color":""},{"label":"44.5","value":"EU 44.5","price":"","pimage":"","pimage_id":"","pthumb":"","color":""},{"label":"45","value":"EU 45","price":"","pimage":"","pimage_id":"","pthumb":"","color":""}],"relations":[{"operator":false,"rules":[]}],"form_id":184311,"form_rules":{"pric_cal_option_once":false,"exclude_from_discount":false,"pric_use_as_fee":false,"fee_label":"Fee","render_after_acb":false,"disp_hide_options_price":false}}]},"yoast_head":"<!-- This site is optimized with the Yoast SEO plugin v26.5 - https:\/\/yoast.com\/wordpress\/plugins\/seo\/ -->\n<title>FACETASM x ASICS GEL-Kayano 14 &#039;Organic Beauty&#039;  - Tourcruiser PTE. LTD<\/title>\n<meta name=\"robots\" content=\"index, follow, max-snippet:-1, max-image-preview:large, max-video-preview:-1\" \/>\n<link rel=\"canonical\" href=\"https:\/\/tourcruiser.com\/de\/products\/facetasm-x-asics-gel-kayano-14-organic-beauty\/\" \/>\n<meta property=\"og:locale\" content=\"de_DE\" \/>\n<meta property=\"og:type\" content=\"article\" \/>\n<meta property=\"og:title\" content=\"FACETASM x ASICS GEL-Kayano 14 &#039;Organic Beauty&#039;  - Tourcruiser PTE. LTD\" \/>\n<meta property=\"og:description\" content=\"ASICS GEL-Kayano 14 \u201d\u201d Green\/Blue\/Pink\/Silver\" \/>\n<meta property=\"og:url\" content=\"https:\/\/tourcruiser.com\/de\/products\/facetasm-x-asics-gel-kayano-14-organic-beauty\/\" \/>\n<meta property=\"og:site_name\" content=\"Tourcruiser Sneaker Store\" \/>\n<meta property=\"article:modified_time\" content=\"2026-03-27T17:49:04+00:00\" \/>\n<meta name=\"twitter:card\" content=\"summary_large_image\" \/>\n<meta name=\"twitter:image\" content=\"https:\/\/images.novelship.com\/product\/facetasm_x_asics_gel-kayano_14__organic_beauty__12_0_39580.jpeg\" \/>\n<meta name=\"twitter:label1\" content=\"Gesch\u00e4tzte Lesezeit\" \/>\n\t<meta name=\"twitter:data1\" content=\"1\u00a0Minute\" \/>\n<script type=\"application\/ld+json\" class=\"yoast-schema-graph\">{\"@context\":\"https:\/\/schema.org\",\"@graph\":[{\"@type\":\"WebPage\",\"@id\":\"https:\/\/tourcruiser.com\/de\/products\/facetasm-x-asics-gel-kayano-14-organic-beauty\/\",\"url\":\"https:\/\/tourcruiser.com\/de\/products\/facetasm-x-asics-gel-kayano-14-organic-beauty\/\",\"name\":\"FACETASM x ASICS GEL-Kayano 14 'Organic Beauty' - Tourcruiser PTE. LTD\",\"isPartOf\":{\"@id\":\"https:\/\/tourcruiser.com\/de\/#website\"},\"primaryImageOfPage\":{\"@id\":\"https:\/\/tourcruiser.com\/de\/products\/facetasm-x-asics-gel-kayano-14-organic-beauty\/#primaryimage\"},\"image\":{\"@id\":\"https:\/\/tourcruiser.com\/de\/products\/facetasm-x-asics-gel-kayano-14-organic-beauty\/#primaryimage\"},\"thumbnailUrl\":\"https:\/\/images.novelship.com\/product\/facetasm_x_asics_gel-kayano_14__organic_beauty__12_0_39580.jpeg\",\"datePublished\":\"2026-03-02T07:54:26+00:00\",\"dateModified\":\"2026-03-27T17:49:04+00:00\",\"breadcrumb\":{\"@id\":\"https:\/\/tourcruiser.com\/de\/products\/facetasm-x-asics-gel-kayano-14-organic-beauty\/#breadcrumb\"},\"inLanguage\":\"de\",\"potentialAction\":[{\"@type\":\"ReadAction\",\"target\":[\"https:\/\/tourcruiser.com\/de\/products\/facetasm-x-asics-gel-kayano-14-organic-beauty\/\"]}]},{\"@type\":\"ImageObject\",\"inLanguage\":\"de\",\"@id\":\"https:\/\/tourcruiser.com\/de\/products\/facetasm-x-asics-gel-kayano-14-organic-beauty\/#primaryimage\",\"url\":\"https:\/\/images.novelship.com\/product\/facetasm_x_asics_gel-kayano_14__organic_beauty__12_0_39580.jpeg\",\"contentUrl\":\"https:\/\/images.novelship.com\/product\/facetasm_x_asics_gel-kayano_14__organic_beauty__12_0_39580.jpeg\"},{\"@type\":\"BreadcrumbList\",\"@id\":\"https:\/\/tourcruiser.com\/de\/products\/facetasm-x-asics-gel-kayano-14-organic-beauty\/#breadcrumb\",\"itemListElement\":[{\"@type\":\"ListItem\",\"position\":1,\"name\":\"Home\",\"item\":\"https:\/\/tourcruiser.com\/de\/\"},{\"@type\":\"ListItem\",\"position\":2,\"name\":\"Shop\",\"item\":\"https:\/\/tourcruiser.com\/de\/shop\/\"},{\"@type\":\"ListItem\",\"position\":3,\"name\":\"FACETASM x ASICS GEL-Kayano 14 'Organic Beauty'\"}]},{\"@type\":\"WebSite\",\"@id\":\"https:\/\/tourcruiser.com\/de\/#website\",\"url\":\"https:\/\/tourcruiser.com\/de\/\",\"name\":\"Styloral Jewelry Shop\",\"description\":\"Tourcruiser Sneaker Store \u2014 der Ort, an dem das Universum deine Einzigartigkeit trifft.\",\"publisher\":{\"@id\":\"https:\/\/tourcruiser.com\/de\/#organization\"},\"potentialAction\":[{\"@type\":\"SearchAction\",\"target\":{\"@type\":\"EntryPoint\",\"urlTemplate\":\"https:\/\/tourcruiser.com\/de\/?s={search_term_string}\"},\"query-input\":{\"@type\":\"PropertyValueSpecification\",\"valueRequired\":true,\"valueName\":\"search_term_string\"}}],\"inLanguage\":\"de\"},{\"@type\":\"Organization\",\"@id\":\"https:\/\/tourcruiser.com\/de\/#organization\",\"name\":\"STYLORAL PTE. LTD\",\"url\":\"https:\/\/tourcruiser.com\/de\/\",\"logo\":{\"@type\":\"ImageObject\",\"inLanguage\":\"de\",\"@id\":\"https:\/\/tourcruiser.com\/de\/#\/schema\/logo\/image\/\",\"url\":\"https:\/\/www.tourcruiser.com\/wp-content\/uploads\/2025\/12\/logo.png\",\"contentUrl\":\"https:\/\/www.tourcruiser.com\/wp-content\/uploads\/2025\/12\/logo.png\",\"width\":200,\"height\":65,\"caption\":\"STYLORAL PTE. LTD\"},\"image\":{\"@id\":\"https:\/\/tourcruiser.com\/de\/#\/schema\/logo\/image\/\"}}]}<\/script>\n<!-- \/ Yoast SEO plugin. -->","yoast_head_json":{"title":"FACETASM x ASICS GEL-Kayano 14 'Organic Beauty'  - Tourcruiser PTE. LTD","robots":{"index":"index","follow":"follow","max-snippet":"max-snippet:-1","max-image-preview":"max-image-preview:large","max-video-preview":"max-video-preview:-1"},"canonical":"https:\/\/tourcruiser.com\/de\/products\/facetasm-x-asics-gel-kayano-14-organic-beauty\/","og_locale":"de_DE","og_type":"article","og_title":"FACETASM x ASICS GEL-Kayano 14 'Organic Beauty'  - Tourcruiser PTE. LTD","og_description":"ASICS GEL-Kayano 14 \u201d\u201d Green\/Blue\/Pink\/Silver","og_url":"https:\/\/tourcruiser.com\/de\/products\/facetasm-x-asics-gel-kayano-14-organic-beauty\/","og_site_name":"Tourcruiser Sneaker Store","article_modified_time":"2026-03-27T17:49:04+00:00","twitter_card":"summary_large_image","twitter_image":"https:\/\/images.novelship.com\/product\/facetasm_x_asics_gel-kayano_14__organic_beauty__12_0_39580.jpeg","twitter_misc":{"Gesch\u00e4tzte Lesezeit":"1\u00a0Minute"},"schema":{"@context":"https:\/\/schema.org","@graph":[{"@type":"WebPage","@id":"https:\/\/tourcruiser.com\/de\/products\/facetasm-x-asics-gel-kayano-14-organic-beauty\/","url":"https:\/\/tourcruiser.com\/de\/products\/facetasm-x-asics-gel-kayano-14-organic-beauty\/","name":"FACETASM x ASICS GEL-Kayano 14 'Organic Beauty' - Tourcruiser PTE. LTD","isPartOf":{"@id":"https:\/\/tourcruiser.com\/de\/#website"},"primaryImageOfPage":{"@id":"https:\/\/tourcruiser.com\/de\/products\/facetasm-x-asics-gel-kayano-14-organic-beauty\/#primaryimage"},"image":{"@id":"https:\/\/tourcruiser.com\/de\/products\/facetasm-x-asics-gel-kayano-14-organic-beauty\/#primaryimage"},"thumbnailUrl":"https:\/\/images.novelship.com\/product\/facetasm_x_asics_gel-kayano_14__organic_beauty__12_0_39580.jpeg","datePublished":"2026-03-02T07:54:26+00:00","dateModified":"2026-03-27T17:49:04+00:00","breadcrumb":{"@id":"https:\/\/tourcruiser.com\/de\/products\/facetasm-x-asics-gel-kayano-14-organic-beauty\/#breadcrumb"},"inLanguage":"de","potentialAction":[{"@type":"ReadAction","target":["https:\/\/tourcruiser.com\/de\/products\/facetasm-x-asics-gel-kayano-14-organic-beauty\/"]}]},{"@type":"ImageObject","inLanguage":"de","@id":"https:\/\/tourcruiser.com\/de\/products\/facetasm-x-asics-gel-kayano-14-organic-beauty\/#primaryimage","url":"https:\/\/images.novelship.com\/product\/facetasm_x_asics_gel-kayano_14__organic_beauty__12_0_39580.jpeg","contentUrl":"https:\/\/images.novelship.com\/product\/facetasm_x_asics_gel-kayano_14__organic_beauty__12_0_39580.jpeg"},{"@type":"BreadcrumbList","@id":"https:\/\/tourcruiser.com\/de\/products\/facetasm-x-asics-gel-kayano-14-organic-beauty\/#breadcrumb","itemListElement":[{"@type":"ListItem","position":1,"name":"Home","item":"https:\/\/tourcruiser.com\/de\/"},{"@type":"ListItem","position":2,"name":"Shop","item":"https:\/\/tourcruiser.com\/de\/shop\/"},{"@type":"ListItem","position":3,"name":"FACETASM x ASICS GEL-Kayano 14 'Organic Beauty'"}]},{"@type":"WebSite","@id":"https:\/\/tourcruiser.com\/de\/#website","url":"https:\/\/tourcruiser.com\/de\/","name":"Styloral Jewelry Shop","description":"Tourcruiser Sneaker Store \u2014 der Ort, an dem das Universum deine Einzigartigkeit trifft.","publisher":{"@id":"https:\/\/tourcruiser.com\/de\/#organization"},"potentialAction":[{"@type":"SearchAction","target":{"@type":"EntryPoint","urlTemplate":"https:\/\/tourcruiser.com\/de\/?s={search_term_string}"},"query-input":{"@type":"PropertyValueSpecification","valueRequired":true,"valueName":"search_term_string"}}],"inLanguage":"de"},{"@type":"Organization","@id":"https:\/\/tourcruiser.com\/de\/#organization","name":"STYLORAL PTE. LTD","url":"https:\/\/tourcruiser.com\/de\/","logo":{"@type":"ImageObject","inLanguage":"de","@id":"https:\/\/tourcruiser.com\/de\/#\/schema\/logo\/image\/","url":"https:\/\/www.tourcruiser.com\/wp-content\/uploads\/2025\/12\/logo.png","contentUrl":"https:\/\/www.tourcruiser.com\/wp-content\/uploads\/2025\/12\/logo.png","width":200,"height":65,"caption":"STYLORAL PTE. LTD"},"image":{"@id":"https:\/\/tourcruiser.com\/de\/#\/schema\/logo\/image\/"}}]}},"_links":{"self":[{"href":"https:\/\/tourcruiser.com\/de\/wp-json\/wp\/v2\/product\/40689","targetHints":{"allow":["GET"]}}],"collection":[{"href":"https:\/\/tourcruiser.com\/de\/wp-json\/wp\/v2\/product"}],"about":[{"href":"https:\/\/tourcruiser.com\/de\/wp-json\/wp\/v2\/types\/product"}],"replies":[{"embeddable":true,"href":"https:\/\/tourcruiser.com\/de\/wp-json\/wp\/v2\/comments?post=40689"}],"wp:featuredmedia":[{"embeddable":true,"href":"https:\/\/tourcruiser.com\/de\/wp-json\/wp\/v2\/media\/40690"}],"wp:attachment":[{"href":"https:\/\/tourcruiser.com\/de\/wp-json\/wp\/v2\/media?parent=40689"}],"wp:term":[{"taxonomy":"product_brand","embeddable":true,"href":"https:\/\/tourcruiser.com\/de\/wp-json\/wp\/v2\/product_brand?post=40689"},{"taxonomy":"product_cat","embeddable":true,"href":"https:\/\/tourcruiser.com\/de\/wp-json\/wp\/v2\/product_cat?post=40689"},{"taxonomy":"product_tag","embeddable":true,"href":"https:\/\/tourcruiser.com\/de\/wp-json\/wp\/v2\/product_tag?post=40689"}],"curies":[{"name":"wp","href":"https:\/\/api.w.org\/{rel}","templated":true}]}}