{"id":40614,"date":"2026-03-02T14:54:18","date_gmt":"2026-03-02T07:54:18","guid":{"rendered":"http:\/\/tourcruiser.com\/product\/adidas-predator-accuracy-fg-white-preloved-blue"},"modified":"2026-03-28T00:48:57","modified_gmt":"2026-03-27T17:48:57","slug":"adidas-predator-accuracy-fg-white-preloved-blue","status":"publish","type":"product","link":"https:\/\/tourcruiser.com\/de\/products\/adidas-predator-accuracy-fg-white-preloved-blue\/","title":{"rendered":"adidas Predator Accuracy+ FG &#8218;White Preloved Blue&#8216;"},"content":{"rendered":"<p>Verbessere dein Spiel mit dem Adidas Predator Accuracy+ FG &#8218;White Preloved Blue&#8216; FZ6276. Diese Fu\u00dfballschuhe wurden f\u00fcr h\u00f6chste Pr\u00e4zision entwickelt und verf\u00fcgen \u00fcber ein adaptives PRIMEKNIT-Obermaterial f\u00fcr sicheren Halt und optimale Ballkontrolle. Die auff\u00e4llige Farbkombination aus Wei\u00df und Preloved Blue sorgt daf\u00fcr, dass du auf dem Spielfeld auff\u00e4llst, w\u00e4hrend die Sohle f\u00fcr festen Boden unvergleichliche Traktion und Stabilit\u00e4t bietet. Ideal f\u00fcr ambitionierte Spieler, die Wert auf Leistung und Style legen: Dominiere jedes Spiel mit Selbstvertrauen im Predator Accuracy+.<\/p>\n<ul>\n<li><strong>Farbkombination:<\/strong> Cloud White\/Grey Two\/Preloved Blue<\/li>\n<li><strong>Artikelnummer:<\/strong> FZ6276<\/li>\n<li><strong>Obermaterial:<\/strong> HybridTouch<\/li>\n<li><strong>Farbe:<\/strong> Wei\u00df<\/li>\n<\/ul>\n","protected":false},"excerpt":{"rendered":"<p>adidas Predator Accuracy+ \u201d\u201d Cloud White\/Grey Two\/Preloved Blue<\/p>\n","protected":false},"featured_media":40615,"comment_status":"open","ping_status":"closed","template":"","meta":[],"product_brand":[],"product_cat":[10760],"product_tag":[10759,10749,13117,11087,10753,10802,10986,10987,10758],"class_list":{"0":"post-40614","1":"product","2":"type-product","3":"status-publish","4":"has-post-thumbnail","6":"product_cat-adidas","7":"product_tag-adidas","8":"product_tag-adidas-skateboarding-shoes","9":"product_tag-adidas-soccer-shoes","10":"product_tag-firm-ground-fg-football-boots","11":"product_tag-gift-for-him","12":"product_tag-performance-sport-shoes","13":"product_tag-soccer-shoes","14":"product_tag-soccer-shoes-football-cleats","15":"product_tag-under-retail","16":"wcpa_has_options","18":"first","19":"outofstock","20":"sale","21":"taxable","22":"shipping-taxable","23":"purchasable","24":"product-type-simple"},"wcpa_form_fields":{"rules":{"pric_overide_base_price":false,"pric_overide_base_price_if_gt_zero":false,"pric_overide_base_price_fully":false,"pric_cal_option_once":false,"pric_use_as_fee":false,"bind_quantity":false,"quantity_bind_formula":false},"fields":[{"type":"color-group","required":true,"elementId":"wcpa-color-group-66c4a7f817afe","label":"Gr\u00f6\u00dfe","inline":true,"priceOptions":"different_for_all","pricingType":"fixed","className":"hassizechart product-shoes-size-eu product-shoes-size","name":"color-group-66c4a7f817b18","disp_type":"square","selection_type":"tick-border","disp_size":"50","show_label_inside":true,"adjust_width":true,"cart_display_type":"text","other_text":"Other","cl_rule":"show","col":6,"values":[{"label":"35","value":"EU 35","price":"","pimage":"","pimage_id":"","pthumb":"","color":""},{"label":"35.5","value":"EU 35.5","price":"","pimage":"","pimage_id":"","pthumb":"","color":""},{"label":"36","value":"EU 36","price":"","pimage":"","pimage_id":"","pthumb":"","color":"","selected":true},{"label":"36 2\/3","value":"EU 36 2\/3","price":"","pimage":"","pimage_id":"","pthumb":"","color":""},{"label":"37 1\/3","value":"EU 37 1\/3","price":"","pimage":"","pimage_id":"","pthumb":"","color":""},{"label":"38","value":"EU 38","price":"","pimage":"","pimage_id":"","pthumb":"","color":""},{"label":"38 2\/3","value":"EU 38 2\/3","price":"","pimage":"","pimage_id":"","pthumb":"","color":""},{"label":"39 1\/3","value":"EU 39 1\/3","price":"","pimage":"","pimage_id":"","pthumb":"","color":""},{"label":"40","value":"EU 40","price":"","pimage":"","pimage_id":"","pthumb":"","color":""},{"label":"40 2\/3","value":"EU 40 2\/3","price":"","pimage":"","pimage_id":"","pthumb":"","color":""},{"label":"41 1\/3","value":"EU 41 1\/3","price":"","pimage":"","pimage_id":"","pthumb":"","color":""},{"label":"42","value":"EU 42","price":"","pimage":"","pimage_id":"","pthumb":"","color":""},{"label":"42 2\/3","value":"EU 42 2\/3","price":"","pimage":"","pimage_id":"","pthumb":"","color":""},{"label":"43 1\/3","value":"EU 43 1\/3","price":"","pimage":"","pimage_id":"","pthumb":"","color":""},{"label":"44","value":"EU 44","price":"","pimage":"","pimage_id":"","pthumb":"","color":""},{"label":"44 2\/3","value":"EU 44 2\/3","price":"","pimage":"","pimage_id":"","pthumb":"","color":""},{"label":"45 1\/3","value":"EU 45 1\/3","price":"","pimage":"","pimage_id":"","pthumb":"","color":""},{"label":"46","value":"EU 46","price":"","pimage":"","pimage_id":"","pthumb":"","color":""},{"label":"46 2\/3","value":"EU 46 2\/3","price":"","pimage":"","pimage_id":"","pthumb":"","color":""},{"label":"47 1\/3","value":"EU 47 1\/3","price":"","pimage":"","pimage_id":"","pthumb":"","color":""}],"relations":[{"operator":false,"rules":[]}],"form_id":24802,"form_rules":{"pric_cal_option_once":false,"exclude_from_discount":false,"pric_use_as_fee":false,"fee_label":"Fee","render_after_acb":false,"disp_hide_options_price":false}}]},"yoast_head":"<!-- This site is optimized with the Yoast SEO plugin v26.5 - https:\/\/yoast.com\/wordpress\/plugins\/seo\/ -->\n<title>adidas Predator Accuracy+ FG &#039;White Preloved Blue&#039;  - Tourcruiser PTE. LTD<\/title>\n<meta name=\"robots\" content=\"index, follow, max-snippet:-1, max-image-preview:large, max-video-preview:-1\" \/>\n<link rel=\"canonical\" href=\"https:\/\/tourcruiser.com\/de\/products\/adidas-predator-accuracy-fg-white-preloved-blue\/\" \/>\n<meta property=\"og:locale\" content=\"de_DE\" \/>\n<meta property=\"og:type\" content=\"article\" \/>\n<meta property=\"og:title\" content=\"adidas Predator Accuracy+ FG &#039;White Preloved Blue&#039;  - Tourcruiser PTE. LTD\" \/>\n<meta property=\"og:description\" content=\"adidas Predator Accuracy+ \u201d\u201d Cloud White\/Grey Two\/Preloved Blue\" \/>\n<meta property=\"og:url\" content=\"https:\/\/tourcruiser.com\/de\/products\/adidas-predator-accuracy-fg-white-preloved-blue\/\" \/>\n<meta property=\"og:site_name\" content=\"Tourcruiser Sneaker Store\" \/>\n<meta property=\"article:modified_time\" content=\"2026-03-27T17:48:57+00:00\" \/>\n<meta name=\"twitter:card\" content=\"summary_large_image\" \/>\n<meta name=\"twitter:image\" content=\"https:\/\/images.novelship.com\/product\/adidas_predator_accuracy___fg__white_blue__fz6276_0_12285.jpeg;https:\/\/images.novelship.com\/product\/adidas_predator_accuracy___fg__white_blue__fz6276_1_12285.jpeg;https:\/\/images.novelship.com\/product\/adidas_predator_accuracy___fg__white_blue__fz6276_2_12285.jpeg;https:\/\/images.novelship.com\/product\/adidas_predator_accuracy___fg__white_blue__fz6276_3_12286.jpeg;https:\/\/images.novelship.com\/product\/adidas_predator_accuracy___fg__white_blue__fz6276_4_12286.jpeg\" \/>\n<meta name=\"twitter:label1\" content=\"Gesch\u00e4tzte Lesezeit\" \/>\n\t<meta name=\"twitter:data1\" content=\"1\u00a0Minute\" \/>\n<script type=\"application\/ld+json\" class=\"yoast-schema-graph\">{\"@context\":\"https:\/\/schema.org\",\"@graph\":[{\"@type\":\"WebPage\",\"@id\":\"https:\/\/tourcruiser.com\/de\/products\/adidas-predator-accuracy-fg-white-preloved-blue\/\",\"url\":\"https:\/\/tourcruiser.com\/de\/products\/adidas-predator-accuracy-fg-white-preloved-blue\/\",\"name\":\"adidas Predator Accuracy+ FG 'White Preloved Blue' - Tourcruiser PTE. LTD\",\"isPartOf\":{\"@id\":\"https:\/\/tourcruiser.com\/de\/#website\"},\"primaryImageOfPage\":{\"@id\":\"https:\/\/tourcruiser.com\/de\/products\/adidas-predator-accuracy-fg-white-preloved-blue\/#primaryimage\"},\"image\":{\"@id\":\"https:\/\/tourcruiser.com\/de\/products\/adidas-predator-accuracy-fg-white-preloved-blue\/#primaryimage\"},\"thumbnailUrl\":\"https:\/\/images.novelship.com\/product\/adidas_predator_accuracy___fg__white_blue__fz6276_0_12285.jpeg;https:\/\/images.novelship.com\/product\/adidas_predator_accuracy___fg__white_blue__fz6276_1_12285.jpeg;https:\/\/images.novelship.com\/product\/adidas_predator_accuracy___fg__white_blue__fz6276_2_12285.jpeg;https:\/\/images.novelship.com\/product\/adidas_predator_accuracy___fg__white_blue__fz6276_3_12286.jpeg;https:\/\/images.novelship.com\/product\/adidas_predator_accuracy___fg__white_blue__fz6276_4_12286.jpeg\",\"datePublished\":\"2026-03-02T07:54:18+00:00\",\"dateModified\":\"2026-03-27T17:48:57+00:00\",\"breadcrumb\":{\"@id\":\"https:\/\/tourcruiser.com\/de\/products\/adidas-predator-accuracy-fg-white-preloved-blue\/#breadcrumb\"},\"inLanguage\":\"de\",\"potentialAction\":[{\"@type\":\"ReadAction\",\"target\":[\"https:\/\/tourcruiser.com\/de\/products\/adidas-predator-accuracy-fg-white-preloved-blue\/\"]}]},{\"@type\":\"ImageObject\",\"inLanguage\":\"de\",\"@id\":\"https:\/\/tourcruiser.com\/de\/products\/adidas-predator-accuracy-fg-white-preloved-blue\/#primaryimage\",\"url\":\"https:\/\/images.novelship.com\/product\/adidas_predator_accuracy___fg__white_blue__fz6276_0_12285.jpeg;https:\/\/images.novelship.com\/product\/adidas_predator_accuracy___fg__white_blue__fz6276_1_12285.jpeg;https:\/\/images.novelship.com\/product\/adidas_predator_accuracy___fg__white_blue__fz6276_2_12285.jpeg;https:\/\/images.novelship.com\/product\/adidas_predator_accuracy___fg__white_blue__fz6276_3_12286.jpeg;https:\/\/images.novelship.com\/product\/adidas_predator_accuracy___fg__white_blue__fz6276_4_12286.jpeg\",\"contentUrl\":\"https:\/\/images.novelship.com\/product\/adidas_predator_accuracy___fg__white_blue__fz6276_0_12285.jpeg;https:\/\/images.novelship.com\/product\/adidas_predator_accuracy___fg__white_blue__fz6276_1_12285.jpeg;https:\/\/images.novelship.com\/product\/adidas_predator_accuracy___fg__white_blue__fz6276_2_12285.jpeg;https:\/\/images.novelship.com\/product\/adidas_predator_accuracy___fg__white_blue__fz6276_3_12286.jpeg;https:\/\/images.novelship.com\/product\/adidas_predator_accuracy___fg__white_blue__fz6276_4_12286.jpeg\"},{\"@type\":\"BreadcrumbList\",\"@id\":\"https:\/\/tourcruiser.com\/de\/products\/adidas-predator-accuracy-fg-white-preloved-blue\/#breadcrumb\",\"itemListElement\":[{\"@type\":\"ListItem\",\"position\":1,\"name\":\"Home\",\"item\":\"https:\/\/tourcruiser.com\/de\/\"},{\"@type\":\"ListItem\",\"position\":2,\"name\":\"Shop\",\"item\":\"https:\/\/tourcruiser.com\/de\/shop\/\"},{\"@type\":\"ListItem\",\"position\":3,\"name\":\"adidas Predator Accuracy+ FG 'White Preloved Blue'\"}]},{\"@type\":\"WebSite\",\"@id\":\"https:\/\/tourcruiser.com\/de\/#website\",\"url\":\"https:\/\/tourcruiser.com\/de\/\",\"name\":\"Styloral Jewelry Shop\",\"description\":\"Tourcruiser Sneaker Store \u2014 der Ort, an dem das Universum deine Einzigartigkeit trifft.\",\"publisher\":{\"@id\":\"https:\/\/tourcruiser.com\/de\/#organization\"},\"potentialAction\":[{\"@type\":\"SearchAction\",\"target\":{\"@type\":\"EntryPoint\",\"urlTemplate\":\"https:\/\/tourcruiser.com\/de\/?s={search_term_string}\"},\"query-input\":{\"@type\":\"PropertyValueSpecification\",\"valueRequired\":true,\"valueName\":\"search_term_string\"}}],\"inLanguage\":\"de\"},{\"@type\":\"Organization\",\"@id\":\"https:\/\/tourcruiser.com\/de\/#organization\",\"name\":\"STYLORAL PTE. LTD\",\"url\":\"https:\/\/tourcruiser.com\/de\/\",\"logo\":{\"@type\":\"ImageObject\",\"inLanguage\":\"de\",\"@id\":\"https:\/\/tourcruiser.com\/de\/#\/schema\/logo\/image\/\",\"url\":\"https:\/\/www.tourcruiser.com\/wp-content\/uploads\/2025\/12\/logo.png\",\"contentUrl\":\"https:\/\/www.tourcruiser.com\/wp-content\/uploads\/2025\/12\/logo.png\",\"width\":200,\"height\":65,\"caption\":\"STYLORAL PTE. LTD\"},\"image\":{\"@id\":\"https:\/\/tourcruiser.com\/de\/#\/schema\/logo\/image\/\"}}]}<\/script>\n<!-- \/ Yoast SEO plugin. -->","yoast_head_json":{"title":"adidas Predator Accuracy+ FG 'White Preloved Blue'  - Tourcruiser PTE. LTD","robots":{"index":"index","follow":"follow","max-snippet":"max-snippet:-1","max-image-preview":"max-image-preview:large","max-video-preview":"max-video-preview:-1"},"canonical":"https:\/\/tourcruiser.com\/de\/products\/adidas-predator-accuracy-fg-white-preloved-blue\/","og_locale":"de_DE","og_type":"article","og_title":"adidas Predator Accuracy+ FG 'White Preloved Blue'  - Tourcruiser PTE. LTD","og_description":"adidas Predator Accuracy+ \u201d\u201d Cloud White\/Grey Two\/Preloved Blue","og_url":"https:\/\/tourcruiser.com\/de\/products\/adidas-predator-accuracy-fg-white-preloved-blue\/","og_site_name":"Tourcruiser Sneaker Store","article_modified_time":"2026-03-27T17:48:57+00:00","twitter_card":"summary_large_image","twitter_image":"https:\/\/images.novelship.com\/product\/adidas_predator_accuracy___fg__white_blue__fz6276_0_12285.jpeg;https:\/\/images.novelship.com\/product\/adidas_predator_accuracy___fg__white_blue__fz6276_1_12285.jpeg;https:\/\/images.novelship.com\/product\/adidas_predator_accuracy___fg__white_blue__fz6276_2_12285.jpeg;https:\/\/images.novelship.com\/product\/adidas_predator_accuracy___fg__white_blue__fz6276_3_12286.jpeg;https:\/\/images.novelship.com\/product\/adidas_predator_accuracy___fg__white_blue__fz6276_4_12286.jpeg","twitter_misc":{"Gesch\u00e4tzte Lesezeit":"1\u00a0Minute"},"schema":{"@context":"https:\/\/schema.org","@graph":[{"@type":"WebPage","@id":"https:\/\/tourcruiser.com\/de\/products\/adidas-predator-accuracy-fg-white-preloved-blue\/","url":"https:\/\/tourcruiser.com\/de\/products\/adidas-predator-accuracy-fg-white-preloved-blue\/","name":"adidas Predator Accuracy+ FG 'White Preloved Blue' - Tourcruiser PTE. LTD","isPartOf":{"@id":"https:\/\/tourcruiser.com\/de\/#website"},"primaryImageOfPage":{"@id":"https:\/\/tourcruiser.com\/de\/products\/adidas-predator-accuracy-fg-white-preloved-blue\/#primaryimage"},"image":{"@id":"https:\/\/tourcruiser.com\/de\/products\/adidas-predator-accuracy-fg-white-preloved-blue\/#primaryimage"},"thumbnailUrl":"https:\/\/images.novelship.com\/product\/adidas_predator_accuracy___fg__white_blue__fz6276_0_12285.jpeg;https:\/\/images.novelship.com\/product\/adidas_predator_accuracy___fg__white_blue__fz6276_1_12285.jpeg;https:\/\/images.novelship.com\/product\/adidas_predator_accuracy___fg__white_blue__fz6276_2_12285.jpeg;https:\/\/images.novelship.com\/product\/adidas_predator_accuracy___fg__white_blue__fz6276_3_12286.jpeg;https:\/\/images.novelship.com\/product\/adidas_predator_accuracy___fg__white_blue__fz6276_4_12286.jpeg","datePublished":"2026-03-02T07:54:18+00:00","dateModified":"2026-03-27T17:48:57+00:00","breadcrumb":{"@id":"https:\/\/tourcruiser.com\/de\/products\/adidas-predator-accuracy-fg-white-preloved-blue\/#breadcrumb"},"inLanguage":"de","potentialAction":[{"@type":"ReadAction","target":["https:\/\/tourcruiser.com\/de\/products\/adidas-predator-accuracy-fg-white-preloved-blue\/"]}]},{"@type":"ImageObject","inLanguage":"de","@id":"https:\/\/tourcruiser.com\/de\/products\/adidas-predator-accuracy-fg-white-preloved-blue\/#primaryimage","url":"https:\/\/images.novelship.com\/product\/adidas_predator_accuracy___fg__white_blue__fz6276_0_12285.jpeg;https:\/\/images.novelship.com\/product\/adidas_predator_accuracy___fg__white_blue__fz6276_1_12285.jpeg;https:\/\/images.novelship.com\/product\/adidas_predator_accuracy___fg__white_blue__fz6276_2_12285.jpeg;https:\/\/images.novelship.com\/product\/adidas_predator_accuracy___fg__white_blue__fz6276_3_12286.jpeg;https:\/\/images.novelship.com\/product\/adidas_predator_accuracy___fg__white_blue__fz6276_4_12286.jpeg","contentUrl":"https:\/\/images.novelship.com\/product\/adidas_predator_accuracy___fg__white_blue__fz6276_0_12285.jpeg;https:\/\/images.novelship.com\/product\/adidas_predator_accuracy___fg__white_blue__fz6276_1_12285.jpeg;https:\/\/images.novelship.com\/product\/adidas_predator_accuracy___fg__white_blue__fz6276_2_12285.jpeg;https:\/\/images.novelship.com\/product\/adidas_predator_accuracy___fg__white_blue__fz6276_3_12286.jpeg;https:\/\/images.novelship.com\/product\/adidas_predator_accuracy___fg__white_blue__fz6276_4_12286.jpeg"},{"@type":"BreadcrumbList","@id":"https:\/\/tourcruiser.com\/de\/products\/adidas-predator-accuracy-fg-white-preloved-blue\/#breadcrumb","itemListElement":[{"@type":"ListItem","position":1,"name":"Home","item":"https:\/\/tourcruiser.com\/de\/"},{"@type":"ListItem","position":2,"name":"Shop","item":"https:\/\/tourcruiser.com\/de\/shop\/"},{"@type":"ListItem","position":3,"name":"adidas Predator Accuracy+ FG 'White Preloved Blue'"}]},{"@type":"WebSite","@id":"https:\/\/tourcruiser.com\/de\/#website","url":"https:\/\/tourcruiser.com\/de\/","name":"Styloral Jewelry Shop","description":"Tourcruiser Sneaker Store \u2014 der Ort, an dem das Universum deine Einzigartigkeit trifft.","publisher":{"@id":"https:\/\/tourcruiser.com\/de\/#organization"},"potentialAction":[{"@type":"SearchAction","target":{"@type":"EntryPoint","urlTemplate":"https:\/\/tourcruiser.com\/de\/?s={search_term_string}"},"query-input":{"@type":"PropertyValueSpecification","valueRequired":true,"valueName":"search_term_string"}}],"inLanguage":"de"},{"@type":"Organization","@id":"https:\/\/tourcruiser.com\/de\/#organization","name":"STYLORAL PTE. LTD","url":"https:\/\/tourcruiser.com\/de\/","logo":{"@type":"ImageObject","inLanguage":"de","@id":"https:\/\/tourcruiser.com\/de\/#\/schema\/logo\/image\/","url":"https:\/\/www.tourcruiser.com\/wp-content\/uploads\/2025\/12\/logo.png","contentUrl":"https:\/\/www.tourcruiser.com\/wp-content\/uploads\/2025\/12\/logo.png","width":200,"height":65,"caption":"STYLORAL PTE. LTD"},"image":{"@id":"https:\/\/tourcruiser.com\/de\/#\/schema\/logo\/image\/"}}]}},"_links":{"self":[{"href":"https:\/\/tourcruiser.com\/de\/wp-json\/wp\/v2\/product\/40614","targetHints":{"allow":["GET"]}}],"collection":[{"href":"https:\/\/tourcruiser.com\/de\/wp-json\/wp\/v2\/product"}],"about":[{"href":"https:\/\/tourcruiser.com\/de\/wp-json\/wp\/v2\/types\/product"}],"replies":[{"embeddable":true,"href":"https:\/\/tourcruiser.com\/de\/wp-json\/wp\/v2\/comments?post=40614"}],"wp:featuredmedia":[{"embeddable":true,"href":"https:\/\/tourcruiser.com\/de\/wp-json\/wp\/v2\/media\/40615"}],"wp:attachment":[{"href":"https:\/\/tourcruiser.com\/de\/wp-json\/wp\/v2\/media?parent=40614"}],"wp:term":[{"taxonomy":"product_brand","embeddable":true,"href":"https:\/\/tourcruiser.com\/de\/wp-json\/wp\/v2\/product_brand?post=40614"},{"taxonomy":"product_cat","embeddable":true,"href":"https:\/\/tourcruiser.com\/de\/wp-json\/wp\/v2\/product_cat?post=40614"},{"taxonomy":"product_tag","embeddable":true,"href":"https:\/\/tourcruiser.com\/de\/wp-json\/wp\/v2\/product_tag?post=40614"}],"curies":[{"name":"wp","href":"https:\/\/api.w.org\/{rel}","templated":true}]}}