{"id":40553,"date":"2026-03-02T14:54:14","date_gmt":"2026-03-02T07:54:14","guid":{"rendered":"http:\/\/tourcruiser.com\/product\/women-adidas-rasant-mid-cow-print"},"modified":"2026-03-28T00:48:57","modified_gmt":"2026-03-27T17:48:57","slug":"women-adidas-rasant-mid-cow-print","status":"publish","type":"product","link":"https:\/\/tourcruiser.com\/de\/products\/women-adidas-rasant-mid-cow-print\/","title":{"rendered":"(Women) adidas Rasant Mid &#8218;Cow Print&#8216;"},"content":{"rendered":"<p>Mit den Rasant Mid Sneakers JH5640 erleben Sie Stil und Komfort zugleich \u201d\u201c die perfekte Kombination aus modernem Design und Alltagstauglichkeit. Diese Sneaker mit mittelhohem Schaft bestechen durch ihre schlanke, stromlinienf\u00f6rmige Silhouette und sind ideal f\u00fcr alle, die Wert auf \u00c4sthetik und Funktionalit\u00e4t legen. Dank hochwertiger Materialien bieten sie Langlebigkeit und Atmungsaktivit\u00e4t f\u00fcr ganzt\u00e4gigen Tragekomfort. Die gepolsterte Innensohle und der gepolsterte Schaftrand sorgen f\u00fcr optimalen Halt und machen die Sneaker perfekt f\u00fcr lange Spazierg\u00e4nge, Freizeitaktivit\u00e4ten oder leichte sportliche Bet\u00e4tigung.<\/p>\n<p>Die vielseitigen Rasant Mid Sneakers JH5640 lassen sich m\u00fchelos mit verschiedensten Outfits kombinieren \u201d\u201c von Jeans bis hin zu Athleisure-Kleidung \u201d\u201c und sind somit ein unverzichtbares Basic f\u00fcr Ihre Garderobe. Die griffige Gummisohle garantiert hervorragenden Halt, w\u00e4hrend der Schn\u00fcrverschluss eine sichere und individuelle Passform erm\u00f6glicht. Ob beim Bummeln, Einkaufen oder Treffen mit Freunden \u201d\u201c diese Sneaker sind eine zuverl\u00e4ssige und stylische Wahl.<\/p>\n<p>Die Rasant Mid Sneakers JH5640 sind in einer Reihe moderner Farben erh\u00e4ltlich und vereinen minimalistische Eleganz mit robuster Verarbeitung. Sie sprechen trendbewusste Menschen an, die keine Kompromisse beim Komfort eingehen wollen. Mit diesen Must-have-Sneakers heben Sie Ihren Schuhstil auf ein neues Level und erleben bei jedem Schritt die perfekte Kombination aus Form, Funktion und Stil.<\/p>\n<ul>\n<li><strong>Farbgebung:<\/strong> Shadow Brown\/Off White\/Gold Metallic<\/li>\n<li><strong>Artikelnummer:<\/strong> JH5640<\/li>\n<li><strong>Obermaterial:<\/strong> Fell<\/li>\n<li><strong>Zwischensohle:<\/strong> EVA<\/li>\n<li><strong>Farbe:<\/strong> Wei\u00df<\/li>\n<\/ul>\n","protected":false},"excerpt":{"rendered":"<p>adidas Rasant Mid \u201d\u201d Shadow Brown\/Off White\/Gold Metallic<\/p>\n","protected":false},"featured_media":40554,"comment_status":"open","ping_status":"closed","template":"","meta":[],"product_brand":[],"product_cat":[10941],"product_tag":[10759,10799,10800,15374,10802,10758],"class_list":{"0":"post-40553","1":"product","2":"type-product","3":"status-publish","4":"has-post-thumbnail","6":"product_cat-adidas-women","7":"product_tag-adidas","8":"product_tag-ankle-support-basketball-shoes","9":"product_tag-basketball-shoes","10":"product_tag-mid-top-basketball-shoes","11":"product_tag-performance-sport-shoes","12":"product_tag-under-retail","13":"wcpa_has_options","15":"first","16":"outofstock","17":"taxable","18":"shipping-taxable","19":"purchasable","20":"product-type-simple"},"wcpa_form_fields":{"rules":{"pric_overide_base_price":false,"pric_overide_base_price_if_gt_zero":false,"pric_overide_base_price_fully":false,"pric_cal_option_once":false,"pric_use_as_fee":false,"bind_quantity":false,"quantity_bind_formula":false},"fields":[{"type":"color-group","required":true,"elementId":"wcpa-color-group-66c4a7f817afe","label":"Gr\u00f6\u00dfe","inline":true,"priceOptions":"different_for_all","pricingType":"fixed","className":"hassizechart product-shoes-size-eu product-shoes-size","name":"color-group-66c4a7f817b18","disp_type":"square","selection_type":"tick-border","disp_size":"50","show_label_inside":true,"adjust_width":true,"cart_display_type":"text","other_text":"Other","cl_rule":"show","col":6,"values":[{"label":"35","value":"EU 35","price":"","pimage":"","pimage_id":"","pthumb":"","color":""},{"label":"35.5","value":"EU 35.5","price":"","pimage":"","pimage_id":"","pthumb":"","color":""},{"label":"36","value":"EU 36","price":"","pimage":"","pimage_id":"","pthumb":"","color":"","selected":true},{"label":"36 2\/3","value":"EU 36 2\/3","price":"","pimage":"","pimage_id":"","pthumb":"","color":""},{"label":"37 1\/3","value":"EU 37 1\/3","price":"","pimage":"","pimage_id":"","pthumb":"","color":""},{"label":"38","value":"EU 38","price":"","pimage":"","pimage_id":"","pthumb":"","color":""},{"label":"38 2\/3","value":"EU 38 2\/3","price":"","pimage":"","pimage_id":"","pthumb":"","color":""},{"label":"39 1\/3","value":"EU 39 1\/3","price":"","pimage":"","pimage_id":"","pthumb":"","color":""},{"label":"40","value":"EU 40","price":"","pimage":"","pimage_id":"","pthumb":"","color":""},{"label":"40 2\/3","value":"EU 40 2\/3","price":"","pimage":"","pimage_id":"","pthumb":"","color":""},{"label":"41 1\/3","value":"EU 41 1\/3","price":"","pimage":"","pimage_id":"","pthumb":"","color":""},{"label":"42","value":"EU 42","price":"","pimage":"","pimage_id":"","pthumb":"","color":""},{"label":"42 2\/3","value":"EU 42 2\/3","price":"","pimage":"","pimage_id":"","pthumb":"","color":""},{"label":"43 1\/3","value":"EU 43 1\/3","price":"","pimage":"","pimage_id":"","pthumb":"","color":""},{"label":"44","value":"EU 44","price":"","pimage":"","pimage_id":"","pthumb":"","color":""},{"label":"44 2\/3","value":"EU 44 2\/3","price":"","pimage":"","pimage_id":"","pthumb":"","color":""},{"label":"45 1\/3","value":"EU 45 1\/3","price":"","pimage":"","pimage_id":"","pthumb":"","color":""},{"label":"46","value":"EU 46","price":"","pimage":"","pimage_id":"","pthumb":"","color":""},{"label":"46 2\/3","value":"EU 46 2\/3","price":"","pimage":"","pimage_id":"","pthumb":"","color":""},{"label":"47 1\/3","value":"EU 47 1\/3","price":"","pimage":"","pimage_id":"","pthumb":"","color":""}],"relations":[{"operator":false,"rules":[]}],"form_id":24802,"form_rules":{"pric_cal_option_once":false,"exclude_from_discount":false,"pric_use_as_fee":false,"fee_label":"Fee","render_after_acb":false,"disp_hide_options_price":false}}]},"yoast_head":"<!-- This site is optimized with the Yoast SEO plugin v26.5 - https:\/\/yoast.com\/wordpress\/plugins\/seo\/ -->\n<title>(Women) adidas Rasant Mid &#039;Cow Print&#039;  - Tourcruiser PTE. LTD<\/title>\n<meta name=\"robots\" content=\"index, follow, max-snippet:-1, max-image-preview:large, max-video-preview:-1\" \/>\n<link rel=\"canonical\" href=\"https:\/\/tourcruiser.com\/de\/products\/women-adidas-rasant-mid-cow-print\/\" \/>\n<meta property=\"og:locale\" content=\"de_DE\" \/>\n<meta property=\"og:type\" content=\"article\" \/>\n<meta property=\"og:title\" content=\"(Women) adidas Rasant Mid &#039;Cow Print&#039;  - Tourcruiser PTE. LTD\" \/>\n<meta property=\"og:description\" content=\"adidas Rasant Mid \u201d\u201d Shadow Brown\/Off White\/Gold Metallic\" \/>\n<meta property=\"og:url\" content=\"https:\/\/tourcruiser.com\/de\/products\/women-adidas-rasant-mid-cow-print\/\" \/>\n<meta property=\"og:site_name\" content=\"Tourcruiser Sneaker Store\" \/>\n<meta property=\"article:modified_time\" content=\"2026-03-27T17:48:57+00:00\" \/>\n<meta name=\"twitter:card\" content=\"summary_large_image\" \/>\n<meta name=\"twitter:image\" content=\"https:\/\/images.novelship.com\/product\/_w__rasant_mid_sneakers_jh5640_0_99799.jpeg;https:\/\/images.novelship.com\/product\/_w__rasant_mid_sneakers_jh5640_1_99799.jpeg;https:\/\/images.novelship.com\/product\/_w__rasant_mid_sneakers_jh5640_2_99799.jpeg;https:\/\/images.novelship.com\/product\/_w__rasant_mid_sneakers_jh5640_3_99799.jpeg;https:\/\/images.novelship.com\/product\/_w__rasant_mid_sneakers_jh5640_4_99799.jpeg;https:\/\/images.novelship.com\/product\/_w__rasant_mid_sneakers_jh5640_5_99799.jpeg;https:\/\/images.novelship.com\/product\/_w__rasant_mid_sneakers_jh5640_6_99799.jpeg;https:\/\/images.novelship.com\/product\/_w__rasant_mid_sneakers_jh5640_7_99799.jpeg;https:\/\/images.novelship.com\/product\/_w__rasant_mid_sneakers_jh5640_8_99799.jpeg;https:\/\/images.novelship.com\/product\/_w__rasant_mid_sneakers_jh5640_9_99799.jpeg\" \/>\n<meta name=\"twitter:label1\" content=\"Gesch\u00e4tzte Lesezeit\" \/>\n\t<meta name=\"twitter:data1\" content=\"1\u00a0Minute\" \/>\n<script type=\"application\/ld+json\" class=\"yoast-schema-graph\">{\"@context\":\"https:\/\/schema.org\",\"@graph\":[{\"@type\":\"WebPage\",\"@id\":\"https:\/\/tourcruiser.com\/de\/products\/women-adidas-rasant-mid-cow-print\/\",\"url\":\"https:\/\/tourcruiser.com\/de\/products\/women-adidas-rasant-mid-cow-print\/\",\"name\":\"(Women) adidas Rasant Mid 'Cow Print' - Tourcruiser PTE. LTD\",\"isPartOf\":{\"@id\":\"https:\/\/tourcruiser.com\/de\/#website\"},\"primaryImageOfPage\":{\"@id\":\"https:\/\/tourcruiser.com\/de\/products\/women-adidas-rasant-mid-cow-print\/#primaryimage\"},\"image\":{\"@id\":\"https:\/\/tourcruiser.com\/de\/products\/women-adidas-rasant-mid-cow-print\/#primaryimage\"},\"thumbnailUrl\":\"https:\/\/images.novelship.com\/product\/_w__rasant_mid_sneakers_jh5640_0_99799.jpeg;https:\/\/images.novelship.com\/product\/_w__rasant_mid_sneakers_jh5640_1_99799.jpeg;https:\/\/images.novelship.com\/product\/_w__rasant_mid_sneakers_jh5640_2_99799.jpeg;https:\/\/images.novelship.com\/product\/_w__rasant_mid_sneakers_jh5640_3_99799.jpeg;https:\/\/images.novelship.com\/product\/_w__rasant_mid_sneakers_jh5640_4_99799.jpeg;https:\/\/images.novelship.com\/product\/_w__rasant_mid_sneakers_jh5640_5_99799.jpeg;https:\/\/images.novelship.com\/product\/_w__rasant_mid_sneakers_jh5640_6_99799.jpeg;https:\/\/images.novelship.com\/product\/_w__rasant_mid_sneakers_jh5640_7_99799.jpeg;https:\/\/images.novelship.com\/product\/_w__rasant_mid_sneakers_jh5640_8_99799.jpeg;https:\/\/images.novelship.com\/product\/_w__rasant_mid_sneakers_jh5640_9_99799.jpeg\",\"datePublished\":\"2026-03-02T07:54:14+00:00\",\"dateModified\":\"2026-03-27T17:48:57+00:00\",\"breadcrumb\":{\"@id\":\"https:\/\/tourcruiser.com\/de\/products\/women-adidas-rasant-mid-cow-print\/#breadcrumb\"},\"inLanguage\":\"de\",\"potentialAction\":[{\"@type\":\"ReadAction\",\"target\":[\"https:\/\/tourcruiser.com\/de\/products\/women-adidas-rasant-mid-cow-print\/\"]}]},{\"@type\":\"ImageObject\",\"inLanguage\":\"de\",\"@id\":\"https:\/\/tourcruiser.com\/de\/products\/women-adidas-rasant-mid-cow-print\/#primaryimage\",\"url\":\"https:\/\/images.novelship.com\/product\/_w__rasant_mid_sneakers_jh5640_0_99799.jpeg;https:\/\/images.novelship.com\/product\/_w__rasant_mid_sneakers_jh5640_1_99799.jpeg;https:\/\/images.novelship.com\/product\/_w__rasant_mid_sneakers_jh5640_2_99799.jpeg;https:\/\/images.novelship.com\/product\/_w__rasant_mid_sneakers_jh5640_3_99799.jpeg;https:\/\/images.novelship.com\/product\/_w__rasant_mid_sneakers_jh5640_4_99799.jpeg;https:\/\/images.novelship.com\/product\/_w__rasant_mid_sneakers_jh5640_5_99799.jpeg;https:\/\/images.novelship.com\/product\/_w__rasant_mid_sneakers_jh5640_6_99799.jpeg;https:\/\/images.novelship.com\/product\/_w__rasant_mid_sneakers_jh5640_7_99799.jpeg;https:\/\/images.novelship.com\/product\/_w__rasant_mid_sneakers_jh5640_8_99799.jpeg;https:\/\/images.novelship.com\/product\/_w__rasant_mid_sneakers_jh5640_9_99799.jpeg\",\"contentUrl\":\"https:\/\/images.novelship.com\/product\/_w__rasant_mid_sneakers_jh5640_0_99799.jpeg;https:\/\/images.novelship.com\/product\/_w__rasant_mid_sneakers_jh5640_1_99799.jpeg;https:\/\/images.novelship.com\/product\/_w__rasant_mid_sneakers_jh5640_2_99799.jpeg;https:\/\/images.novelship.com\/product\/_w__rasant_mid_sneakers_jh5640_3_99799.jpeg;https:\/\/images.novelship.com\/product\/_w__rasant_mid_sneakers_jh5640_4_99799.jpeg;https:\/\/images.novelship.com\/product\/_w__rasant_mid_sneakers_jh5640_5_99799.jpeg;https:\/\/images.novelship.com\/product\/_w__rasant_mid_sneakers_jh5640_6_99799.jpeg;https:\/\/images.novelship.com\/product\/_w__rasant_mid_sneakers_jh5640_7_99799.jpeg;https:\/\/images.novelship.com\/product\/_w__rasant_mid_sneakers_jh5640_8_99799.jpeg;https:\/\/images.novelship.com\/product\/_w__rasant_mid_sneakers_jh5640_9_99799.jpeg\"},{\"@type\":\"BreadcrumbList\",\"@id\":\"https:\/\/tourcruiser.com\/de\/products\/women-adidas-rasant-mid-cow-print\/#breadcrumb\",\"itemListElement\":[{\"@type\":\"ListItem\",\"position\":1,\"name\":\"Home\",\"item\":\"https:\/\/tourcruiser.com\/de\/\"},{\"@type\":\"ListItem\",\"position\":2,\"name\":\"Shop\",\"item\":\"https:\/\/tourcruiser.com\/de\/shop\/\"},{\"@type\":\"ListItem\",\"position\":3,\"name\":\"(Women) adidas Rasant Mid 'Cow Print'\"}]},{\"@type\":\"WebSite\",\"@id\":\"https:\/\/tourcruiser.com\/de\/#website\",\"url\":\"https:\/\/tourcruiser.com\/de\/\",\"name\":\"Styloral Jewelry Shop\",\"description\":\"Tourcruiser Sneaker Store \u2014 der Ort, an dem das Universum deine Einzigartigkeit trifft.\",\"publisher\":{\"@id\":\"https:\/\/tourcruiser.com\/de\/#organization\"},\"potentialAction\":[{\"@type\":\"SearchAction\",\"target\":{\"@type\":\"EntryPoint\",\"urlTemplate\":\"https:\/\/tourcruiser.com\/de\/?s={search_term_string}\"},\"query-input\":{\"@type\":\"PropertyValueSpecification\",\"valueRequired\":true,\"valueName\":\"search_term_string\"}}],\"inLanguage\":\"de\"},{\"@type\":\"Organization\",\"@id\":\"https:\/\/tourcruiser.com\/de\/#organization\",\"name\":\"STYLORAL PTE. LTD\",\"url\":\"https:\/\/tourcruiser.com\/de\/\",\"logo\":{\"@type\":\"ImageObject\",\"inLanguage\":\"de\",\"@id\":\"https:\/\/tourcruiser.com\/de\/#\/schema\/logo\/image\/\",\"url\":\"https:\/\/www.tourcruiser.com\/wp-content\/uploads\/2025\/12\/logo.png\",\"contentUrl\":\"https:\/\/www.tourcruiser.com\/wp-content\/uploads\/2025\/12\/logo.png\",\"width\":200,\"height\":65,\"caption\":\"STYLORAL PTE. LTD\"},\"image\":{\"@id\":\"https:\/\/tourcruiser.com\/de\/#\/schema\/logo\/image\/\"}}]}<\/script>\n<!-- \/ Yoast SEO plugin. -->","yoast_head_json":{"title":"(Women) adidas Rasant Mid 'Cow Print'  - Tourcruiser PTE. LTD","robots":{"index":"index","follow":"follow","max-snippet":"max-snippet:-1","max-image-preview":"max-image-preview:large","max-video-preview":"max-video-preview:-1"},"canonical":"https:\/\/tourcruiser.com\/de\/products\/women-adidas-rasant-mid-cow-print\/","og_locale":"de_DE","og_type":"article","og_title":"(Women) adidas Rasant Mid 'Cow Print'  - Tourcruiser PTE. LTD","og_description":"adidas Rasant Mid \u201d\u201d Shadow Brown\/Off White\/Gold Metallic","og_url":"https:\/\/tourcruiser.com\/de\/products\/women-adidas-rasant-mid-cow-print\/","og_site_name":"Tourcruiser Sneaker Store","article_modified_time":"2026-03-27T17:48:57+00:00","twitter_card":"summary_large_image","twitter_image":"https:\/\/images.novelship.com\/product\/_w__rasant_mid_sneakers_jh5640_0_99799.jpeg;https:\/\/images.novelship.com\/product\/_w__rasant_mid_sneakers_jh5640_1_99799.jpeg;https:\/\/images.novelship.com\/product\/_w__rasant_mid_sneakers_jh5640_2_99799.jpeg;https:\/\/images.novelship.com\/product\/_w__rasant_mid_sneakers_jh5640_3_99799.jpeg;https:\/\/images.novelship.com\/product\/_w__rasant_mid_sneakers_jh5640_4_99799.jpeg;https:\/\/images.novelship.com\/product\/_w__rasant_mid_sneakers_jh5640_5_99799.jpeg;https:\/\/images.novelship.com\/product\/_w__rasant_mid_sneakers_jh5640_6_99799.jpeg;https:\/\/images.novelship.com\/product\/_w__rasant_mid_sneakers_jh5640_7_99799.jpeg;https:\/\/images.novelship.com\/product\/_w__rasant_mid_sneakers_jh5640_8_99799.jpeg;https:\/\/images.novelship.com\/product\/_w__rasant_mid_sneakers_jh5640_9_99799.jpeg","twitter_misc":{"Gesch\u00e4tzte Lesezeit":"1\u00a0Minute"},"schema":{"@context":"https:\/\/schema.org","@graph":[{"@type":"WebPage","@id":"https:\/\/tourcruiser.com\/de\/products\/women-adidas-rasant-mid-cow-print\/","url":"https:\/\/tourcruiser.com\/de\/products\/women-adidas-rasant-mid-cow-print\/","name":"(Women) adidas Rasant Mid 'Cow Print' - Tourcruiser PTE. LTD","isPartOf":{"@id":"https:\/\/tourcruiser.com\/de\/#website"},"primaryImageOfPage":{"@id":"https:\/\/tourcruiser.com\/de\/products\/women-adidas-rasant-mid-cow-print\/#primaryimage"},"image":{"@id":"https:\/\/tourcruiser.com\/de\/products\/women-adidas-rasant-mid-cow-print\/#primaryimage"},"thumbnailUrl":"https:\/\/images.novelship.com\/product\/_w__rasant_mid_sneakers_jh5640_0_99799.jpeg;https:\/\/images.novelship.com\/product\/_w__rasant_mid_sneakers_jh5640_1_99799.jpeg;https:\/\/images.novelship.com\/product\/_w__rasant_mid_sneakers_jh5640_2_99799.jpeg;https:\/\/images.novelship.com\/product\/_w__rasant_mid_sneakers_jh5640_3_99799.jpeg;https:\/\/images.novelship.com\/product\/_w__rasant_mid_sneakers_jh5640_4_99799.jpeg;https:\/\/images.novelship.com\/product\/_w__rasant_mid_sneakers_jh5640_5_99799.jpeg;https:\/\/images.novelship.com\/product\/_w__rasant_mid_sneakers_jh5640_6_99799.jpeg;https:\/\/images.novelship.com\/product\/_w__rasant_mid_sneakers_jh5640_7_99799.jpeg;https:\/\/images.novelship.com\/product\/_w__rasant_mid_sneakers_jh5640_8_99799.jpeg;https:\/\/images.novelship.com\/product\/_w__rasant_mid_sneakers_jh5640_9_99799.jpeg","datePublished":"2026-03-02T07:54:14+00:00","dateModified":"2026-03-27T17:48:57+00:00","breadcrumb":{"@id":"https:\/\/tourcruiser.com\/de\/products\/women-adidas-rasant-mid-cow-print\/#breadcrumb"},"inLanguage":"de","potentialAction":[{"@type":"ReadAction","target":["https:\/\/tourcruiser.com\/de\/products\/women-adidas-rasant-mid-cow-print\/"]}]},{"@type":"ImageObject","inLanguage":"de","@id":"https:\/\/tourcruiser.com\/de\/products\/women-adidas-rasant-mid-cow-print\/#primaryimage","url":"https:\/\/images.novelship.com\/product\/_w__rasant_mid_sneakers_jh5640_0_99799.jpeg;https:\/\/images.novelship.com\/product\/_w__rasant_mid_sneakers_jh5640_1_99799.jpeg;https:\/\/images.novelship.com\/product\/_w__rasant_mid_sneakers_jh5640_2_99799.jpeg;https:\/\/images.novelship.com\/product\/_w__rasant_mid_sneakers_jh5640_3_99799.jpeg;https:\/\/images.novelship.com\/product\/_w__rasant_mid_sneakers_jh5640_4_99799.jpeg;https:\/\/images.novelship.com\/product\/_w__rasant_mid_sneakers_jh5640_5_99799.jpeg;https:\/\/images.novelship.com\/product\/_w__rasant_mid_sneakers_jh5640_6_99799.jpeg;https:\/\/images.novelship.com\/product\/_w__rasant_mid_sneakers_jh5640_7_99799.jpeg;https:\/\/images.novelship.com\/product\/_w__rasant_mid_sneakers_jh5640_8_99799.jpeg;https:\/\/images.novelship.com\/product\/_w__rasant_mid_sneakers_jh5640_9_99799.jpeg","contentUrl":"https:\/\/images.novelship.com\/product\/_w__rasant_mid_sneakers_jh5640_0_99799.jpeg;https:\/\/images.novelship.com\/product\/_w__rasant_mid_sneakers_jh5640_1_99799.jpeg;https:\/\/images.novelship.com\/product\/_w__rasant_mid_sneakers_jh5640_2_99799.jpeg;https:\/\/images.novelship.com\/product\/_w__rasant_mid_sneakers_jh5640_3_99799.jpeg;https:\/\/images.novelship.com\/product\/_w__rasant_mid_sneakers_jh5640_4_99799.jpeg;https:\/\/images.novelship.com\/product\/_w__rasant_mid_sneakers_jh5640_5_99799.jpeg;https:\/\/images.novelship.com\/product\/_w__rasant_mid_sneakers_jh5640_6_99799.jpeg;https:\/\/images.novelship.com\/product\/_w__rasant_mid_sneakers_jh5640_7_99799.jpeg;https:\/\/images.novelship.com\/product\/_w__rasant_mid_sneakers_jh5640_8_99799.jpeg;https:\/\/images.novelship.com\/product\/_w__rasant_mid_sneakers_jh5640_9_99799.jpeg"},{"@type":"BreadcrumbList","@id":"https:\/\/tourcruiser.com\/de\/products\/women-adidas-rasant-mid-cow-print\/#breadcrumb","itemListElement":[{"@type":"ListItem","position":1,"name":"Home","item":"https:\/\/tourcruiser.com\/de\/"},{"@type":"ListItem","position":2,"name":"Shop","item":"https:\/\/tourcruiser.com\/de\/shop\/"},{"@type":"ListItem","position":3,"name":"(Women) adidas Rasant Mid 'Cow Print'"}]},{"@type":"WebSite","@id":"https:\/\/tourcruiser.com\/de\/#website","url":"https:\/\/tourcruiser.com\/de\/","name":"Styloral Jewelry Shop","description":"Tourcruiser Sneaker Store \u2014 der Ort, an dem das Universum deine Einzigartigkeit trifft.","publisher":{"@id":"https:\/\/tourcruiser.com\/de\/#organization"},"potentialAction":[{"@type":"SearchAction","target":{"@type":"EntryPoint","urlTemplate":"https:\/\/tourcruiser.com\/de\/?s={search_term_string}"},"query-input":{"@type":"PropertyValueSpecification","valueRequired":true,"valueName":"search_term_string"}}],"inLanguage":"de"},{"@type":"Organization","@id":"https:\/\/tourcruiser.com\/de\/#organization","name":"STYLORAL PTE. LTD","url":"https:\/\/tourcruiser.com\/de\/","logo":{"@type":"ImageObject","inLanguage":"de","@id":"https:\/\/tourcruiser.com\/de\/#\/schema\/logo\/image\/","url":"https:\/\/www.tourcruiser.com\/wp-content\/uploads\/2025\/12\/logo.png","contentUrl":"https:\/\/www.tourcruiser.com\/wp-content\/uploads\/2025\/12\/logo.png","width":200,"height":65,"caption":"STYLORAL PTE. LTD"},"image":{"@id":"https:\/\/tourcruiser.com\/de\/#\/schema\/logo\/image\/"}}]}},"_links":{"self":[{"href":"https:\/\/tourcruiser.com\/de\/wp-json\/wp\/v2\/product\/40553","targetHints":{"allow":["GET"]}}],"collection":[{"href":"https:\/\/tourcruiser.com\/de\/wp-json\/wp\/v2\/product"}],"about":[{"href":"https:\/\/tourcruiser.com\/de\/wp-json\/wp\/v2\/types\/product"}],"replies":[{"embeddable":true,"href":"https:\/\/tourcruiser.com\/de\/wp-json\/wp\/v2\/comments?post=40553"}],"wp:featuredmedia":[{"embeddable":true,"href":"https:\/\/tourcruiser.com\/de\/wp-json\/wp\/v2\/media\/40554"}],"wp:attachment":[{"href":"https:\/\/tourcruiser.com\/de\/wp-json\/wp\/v2\/media?parent=40553"}],"wp:term":[{"taxonomy":"product_brand","embeddable":true,"href":"https:\/\/tourcruiser.com\/de\/wp-json\/wp\/v2\/product_brand?post=40553"},{"taxonomy":"product_cat","embeddable":true,"href":"https:\/\/tourcruiser.com\/de\/wp-json\/wp\/v2\/product_cat?post=40553"},{"taxonomy":"product_tag","embeddable":true,"href":"https:\/\/tourcruiser.com\/de\/wp-json\/wp\/v2\/product_tag?post=40553"}],"curies":[{"name":"wp","href":"https:\/\/api.w.org\/{rel}","templated":true}]}}