{"id":40042,"date":"2026-03-02T14:53:29","date_gmt":"2026-03-02T07:53:29","guid":{"rendered":"http:\/\/tourcruiser.com\/product\/women-adidas-sl72-og-leopard-packimpact-orange"},"modified":"2026-03-28T00:48:34","modified_gmt":"2026-03-27T17:48:34","slug":"women-adidas-sl72-og-leopard-packimpact-orange","status":"publish","type":"product","link":"https:\/\/tourcruiser.com\/de\/products\/women-adidas-sl72-og-leopard-packimpact-orange\/","title":{"rendered":"(Women) adidas SL72 OG &#8218;Leopard Pack &#8211; Impact Orange&#8216;"},"content":{"rendered":"<p>Mit dem adidas SL72 OG \u201eLeopard Pack \u201d\u201c Impact Orange\u201c verleihst du deinem Streetwear-Style das gewisse Etwas. Dieser Sneaker vereint Retro-Running-Style mit modernem Flair. Er wurde f\u00fcr Frauen designt, die Individualit\u00e4t lieben. Das auff\u00e4llige Obermaterial aus Impact Orange Nylon wird durch dezente Leopardenmuster auf hochwertigen Wildleder-Overlays akzentuiert und strahlt Selbstbewusstsein und Eleganz aus. Die leichte EVA-Zwischensohle sorgt f\u00fcr ganzt\u00e4gigen Tragekomfort, und die legend\u00e4re Gummiau\u00dfensohle bietet zuverl\u00e4ssige Traktion f\u00fcr jedes Abenteuer. Mit seiner schlanken, vom Vintage-Stil inspirierten Silhouette ist dieses zeitlose Design eine Hommage an die traditionsreiche Geschichte von adidas und verleiht ihr gleichzeitig einen modernen Touch. Der SL72 OG ist ein absolut vielseitiger Schuh, der sich m\u00fchelos vom l\u00e4ssigen Tageslook bis zum ausdrucksstarken Abend-Style stylen l\u00e4sst und Fashionistas unvergleichliche \u00c4sthetik und Funktionalit\u00e4t bietet.<\/p>\n<ul>\n<li><strong>Farbgebung:<\/strong> Dunkelbraun\/Off-White\/Semi-Impact-Orange<\/li>\n<li><strong>Style-Code:<\/strong> JI0189<\/li>\n<li><strong>Obermaterial:<\/strong> Fell<\/li>\n<li><strong>Zwischensohle:<\/strong> EVA<\/li>\n<li><strong>Farbe:<\/strong> Braun<\/li>\n<li><strong>Saison:<\/strong> Winter<\/li>\n<li><strong>Erscheinungsjahr:<\/strong> 2025<\/li>\n<\/ul>\n","protected":false},"excerpt":{"rendered":"<p>adidas SL72 OG Leopard Pack \u201d\u201d Dark Brown\/Off White\/Semi Impact Orange<\/p>\n","protected":false},"featured_media":40043,"comment_status":"open","ping_status":"closed","template":"","meta":[],"product_brand":[],"product_cat":[10941],"product_tag":[10759,10754,10765,10768,10758],"class_list":{"0":"post-40042","1":"product","2":"type-product","3":"status-publish","4":"has-post-thumbnail","6":"product_cat-adidas-women","7":"product_tag-adidas","8":"product_tag-lifestyle-casual-shoes","9":"product_tag-lifestyle-shoes-running-inspired","10":"product_tag-retro-running-shoes","11":"product_tag-under-retail","12":"wcpa_has_options","14":"first","15":"outofstock","16":"taxable","17":"shipping-taxable","18":"purchasable","19":"product-type-simple"},"wcpa_form_fields":{"rules":{"pric_overide_base_price":false,"pric_overide_base_price_if_gt_zero":false,"pric_overide_base_price_fully":false,"pric_cal_option_once":false,"pric_use_as_fee":false,"bind_quantity":false,"quantity_bind_formula":false},"fields":[{"type":"color-group","required":true,"elementId":"wcpa-color-group-66c4a7f817afe","label":"Gr\u00f6\u00dfe","inline":true,"priceOptions":"different_for_all","pricingType":"fixed","className":"hassizechart product-shoes-size-eu product-shoes-size","name":"color-group-66c4a7f817b18","disp_type":"square","selection_type":"tick-border","disp_size":"50","show_label_inside":true,"adjust_width":true,"cart_display_type":"text","other_text":"Other","cl_rule":"show","col":6,"values":[{"label":"35","value":"EU 35","price":"","pimage":"","pimage_id":"","pthumb":"","color":""},{"label":"35.5","value":"EU 35.5","price":"","pimage":"","pimage_id":"","pthumb":"","color":""},{"label":"36","value":"EU 36","price":"","pimage":"","pimage_id":"","pthumb":"","color":"","selected":true},{"label":"36 2\/3","value":"EU 36 2\/3","price":"","pimage":"","pimage_id":"","pthumb":"","color":""},{"label":"37 1\/3","value":"EU 37 1\/3","price":"","pimage":"","pimage_id":"","pthumb":"","color":""},{"label":"38","value":"EU 38","price":"","pimage":"","pimage_id":"","pthumb":"","color":""},{"label":"38 2\/3","value":"EU 38 2\/3","price":"","pimage":"","pimage_id":"","pthumb":"","color":""},{"label":"39 1\/3","value":"EU 39 1\/3","price":"","pimage":"","pimage_id":"","pthumb":"","color":""},{"label":"40","value":"EU 40","price":"","pimage":"","pimage_id":"","pthumb":"","color":""},{"label":"40 2\/3","value":"EU 40 2\/3","price":"","pimage":"","pimage_id":"","pthumb":"","color":""},{"label":"41 1\/3","value":"EU 41 1\/3","price":"","pimage":"","pimage_id":"","pthumb":"","color":""},{"label":"42","value":"EU 42","price":"","pimage":"","pimage_id":"","pthumb":"","color":""},{"label":"42 2\/3","value":"EU 42 2\/3","price":"","pimage":"","pimage_id":"","pthumb":"","color":""},{"label":"43 1\/3","value":"EU 43 1\/3","price":"","pimage":"","pimage_id":"","pthumb":"","color":""},{"label":"44","value":"EU 44","price":"","pimage":"","pimage_id":"","pthumb":"","color":""},{"label":"44 2\/3","value":"EU 44 2\/3","price":"","pimage":"","pimage_id":"","pthumb":"","color":""},{"label":"45 1\/3","value":"EU 45 1\/3","price":"","pimage":"","pimage_id":"","pthumb":"","color":""},{"label":"46","value":"EU 46","price":"","pimage":"","pimage_id":"","pthumb":"","color":""},{"label":"46 2\/3","value":"EU 46 2\/3","price":"","pimage":"","pimage_id":"","pthumb":"","color":""},{"label":"47 1\/3","value":"EU 47 1\/3","price":"","pimage":"","pimage_id":"","pthumb":"","color":""}],"relations":[{"operator":false,"rules":[]}],"form_id":24802,"form_rules":{"pric_cal_option_once":false,"exclude_from_discount":false,"pric_use_as_fee":false,"fee_label":"Fee","render_after_acb":false,"disp_hide_options_price":false}}]},"yoast_head":"<!-- This site is optimized with the Yoast SEO plugin v26.5 - https:\/\/yoast.com\/wordpress\/plugins\/seo\/ -->\n<title>(Women) adidas SL72 OG &#039;Leopard Pack - Impact Orange&#039;  - Tourcruiser PTE. LTD<\/title>\n<meta name=\"robots\" content=\"index, follow, max-snippet:-1, max-image-preview:large, max-video-preview:-1\" \/>\n<link rel=\"canonical\" href=\"https:\/\/tourcruiser.com\/\" \/>\n<meta property=\"og:locale\" content=\"de_DE\" \/>\n<meta property=\"og:type\" content=\"article\" \/>\n<meta property=\"og:title\" content=\"(Women) adidas SL72 OG &#039;Leopard Pack - Impact Orange&#039;  - Tourcruiser PTE. LTD\" \/>\n<meta property=\"og:description\" content=\"adidas SL72 OG Leopard Pack \u201d\u201d Dark Brown\/Off White\/Semi Impact Orange\" \/>\n<meta property=\"og:url\" content=\"\/\" \/>\n<meta property=\"og:site_name\" content=\"Tourcruiser Sneaker Store\" \/>\n<meta property=\"article:modified_time\" content=\"2026-03-27T17:48:34+00:00\" \/>\n<meta name=\"twitter:card\" content=\"summary_large_image\" \/>\n<meta name=\"twitter:image\" content=\"https:\/\/images.novelship.com\/product\/_women__adidas_sl72_og__leopard_pack_-_impact_oran_0_41967.jpeg;https:\/\/images.novelship.com\/product\/_women__adidas_sl72_og__leopard_pack_-_impact_oran_1_41967.jpeg;https:\/\/images.novelship.com\/product\/_women__adidas_sl72_og__leopard_pack_-_impact_oran_2_41967.jpeg;https:\/\/images.novelship.com\/product\/_women__adidas_sl72_og__leopard_pack_-_impact_oran_3_41967.jpeg;https:\/\/images.novelship.com\/product\/_women__adidas_sl72_og__leopard_pack_-_impact_oran_4_41967.jpeg;https:\/\/images.novelship.com\/product\/_women__adidas_sl72_og__leopard_pack_-_impact_oran_5_41967.jpeg;https:\/\/images.novelship.com\/product\/_women__adidas_sl72_og__leopard_pack_-_impact_oran_6_41967.jpeg;https:\/\/images.novelship.com\/product\/_women__adidas_sl72_og__leopard_pack_-_impact_oran_7_41967.jpeg\" \/>\n<meta name=\"twitter:label1\" content=\"Gesch\u00e4tzte Lesezeit\" \/>\n\t<meta name=\"twitter:data1\" content=\"1\u00a0Minute\" \/>\n<script type=\"application\/ld+json\" class=\"yoast-schema-graph\">{\"@context\":\"https:\/\/schema.org\",\"@graph\":[{\"@type\":\"WebPage\",\"@id\":\"\/\",\"url\":\"https:\/\/tourcruiser.com\/\",\"name\":\"(Women) adidas SL72 OG 'Leopard Pack - Impact Orange' - Tourcruiser PTE. LTD\",\"isPartOf\":{\"@id\":\"https:\/\/tourcruiser.com\/de\/#website\"},\"primaryImageOfPage\":{\"@id\":\"https:\/\/tourcruiser.com\/#primaryimage\"},\"image\":{\"@id\":\"https:\/\/tourcruiser.com\/#primaryimage\"},\"thumbnailUrl\":\"https:\/\/images.novelship.com\/product\/_women__adidas_sl72_og__leopard_pack_-_impact_oran_0_41967.jpeg;https:\/\/images.novelship.com\/product\/_women__adidas_sl72_og__leopard_pack_-_impact_oran_1_41967.jpeg;https:\/\/images.novelship.com\/product\/_women__adidas_sl72_og__leopard_pack_-_impact_oran_2_41967.jpeg;https:\/\/images.novelship.com\/product\/_women__adidas_sl72_og__leopard_pack_-_impact_oran_3_41967.jpeg;https:\/\/images.novelship.com\/product\/_women__adidas_sl72_og__leopard_pack_-_impact_oran_4_41967.jpeg;https:\/\/images.novelship.com\/product\/_women__adidas_sl72_og__leopard_pack_-_impact_oran_5_41967.jpeg;https:\/\/images.novelship.com\/product\/_women__adidas_sl72_og__leopard_pack_-_impact_oran_6_41967.jpeg;https:\/\/images.novelship.com\/product\/_women__adidas_sl72_og__leopard_pack_-_impact_oran_7_41967.jpeg\",\"datePublished\":\"2026-03-02T07:53:29+00:00\",\"dateModified\":\"2026-03-27T17:48:34+00:00\",\"breadcrumb\":{\"@id\":\"https:\/\/tourcruiser.com\/#breadcrumb\"},\"inLanguage\":\"de\",\"potentialAction\":[{\"@type\":\"ReadAction\",\"target\":[\"https:\/\/tourcruiser.com\/\"]}]},{\"@type\":\"ImageObject\",\"inLanguage\":\"de\",\"@id\":\"https:\/\/tourcruiser.com\/#primaryimage\",\"url\":\"https:\/\/images.novelship.com\/product\/_women__adidas_sl72_og__leopard_pack_-_impact_oran_0_41967.jpeg;https:\/\/images.novelship.com\/product\/_women__adidas_sl72_og__leopard_pack_-_impact_oran_1_41967.jpeg;https:\/\/images.novelship.com\/product\/_women__adidas_sl72_og__leopard_pack_-_impact_oran_2_41967.jpeg;https:\/\/images.novelship.com\/product\/_women__adidas_sl72_og__leopard_pack_-_impact_oran_3_41967.jpeg;https:\/\/images.novelship.com\/product\/_women__adidas_sl72_og__leopard_pack_-_impact_oran_4_41967.jpeg;https:\/\/images.novelship.com\/product\/_women__adidas_sl72_og__leopard_pack_-_impact_oran_5_41967.jpeg;https:\/\/images.novelship.com\/product\/_women__adidas_sl72_og__leopard_pack_-_impact_oran_6_41967.jpeg;https:\/\/images.novelship.com\/product\/_women__adidas_sl72_og__leopard_pack_-_impact_oran_7_41967.jpeg\",\"contentUrl\":\"https:\/\/images.novelship.com\/product\/_women__adidas_sl72_og__leopard_pack_-_impact_oran_0_41967.jpeg;https:\/\/images.novelship.com\/product\/_women__adidas_sl72_og__leopard_pack_-_impact_oran_1_41967.jpeg;https:\/\/images.novelship.com\/product\/_women__adidas_sl72_og__leopard_pack_-_impact_oran_2_41967.jpeg;https:\/\/images.novelship.com\/product\/_women__adidas_sl72_og__leopard_pack_-_impact_oran_3_41967.jpeg;https:\/\/images.novelship.com\/product\/_women__adidas_sl72_og__leopard_pack_-_impact_oran_4_41967.jpeg;https:\/\/images.novelship.com\/product\/_women__adidas_sl72_og__leopard_pack_-_impact_oran_5_41967.jpeg;https:\/\/images.novelship.com\/product\/_women__adidas_sl72_og__leopard_pack_-_impact_oran_6_41967.jpeg;https:\/\/images.novelship.com\/product\/_women__adidas_sl72_og__leopard_pack_-_impact_oran_7_41967.jpeg\"},{\"@type\":\"BreadcrumbList\",\"@id\":\"https:\/\/tourcruiser.com\/#breadcrumb\",\"itemListElement\":[{\"@type\":\"ListItem\",\"position\":1,\"name\":\"Home\",\"item\":\"https:\/\/tourcruiser.com\/de\/\"},{\"@type\":\"ListItem\",\"position\":2,\"name\":\"Shop\",\"item\":\"https:\/\/tourcruiser.com\/de\/shop\/\"},{\"@type\":\"ListItem\",\"position\":3,\"name\":\"(Women) adidas SL72 OG &#8218;Leopard Pack &#8211; Impact Orange&#8216;\"}]},{\"@type\":\"WebSite\",\"@id\":\"https:\/\/tourcruiser.com\/de\/#website\",\"url\":\"https:\/\/tourcruiser.com\/de\/\",\"name\":\"Styloral Jewelry Shop\",\"description\":\"Tourcruiser Sneaker Store \u2014 der Ort, an dem das Universum deine Einzigartigkeit trifft.\",\"publisher\":{\"@id\":\"https:\/\/tourcruiser.com\/de\/#organization\"},\"potentialAction\":[{\"@type\":\"SearchAction\",\"target\":{\"@type\":\"EntryPoint\",\"urlTemplate\":\"https:\/\/tourcruiser.com\/de\/?s={search_term_string}\"},\"query-input\":{\"@type\":\"PropertyValueSpecification\",\"valueRequired\":true,\"valueName\":\"search_term_string\"}}],\"inLanguage\":\"de\"},{\"@type\":\"Organization\",\"@id\":\"https:\/\/tourcruiser.com\/de\/#organization\",\"name\":\"STYLORAL PTE. LTD\",\"url\":\"https:\/\/tourcruiser.com\/de\/\",\"logo\":{\"@type\":\"ImageObject\",\"inLanguage\":\"de\",\"@id\":\"https:\/\/tourcruiser.com\/de\/#\/schema\/logo\/image\/\",\"url\":\"https:\/\/www.tourcruiser.com\/wp-content\/uploads\/2025\/12\/logo.png\",\"contentUrl\":\"https:\/\/www.tourcruiser.com\/wp-content\/uploads\/2025\/12\/logo.png\",\"width\":200,\"height\":65,\"caption\":\"STYLORAL PTE. LTD\"},\"image\":{\"@id\":\"https:\/\/tourcruiser.com\/de\/#\/schema\/logo\/image\/\"}}]}<\/script>\n<!-- \/ Yoast SEO plugin. -->","yoast_head_json":{"title":"(Women) adidas SL72 OG 'Leopard Pack - Impact Orange'  - Tourcruiser PTE. LTD","robots":{"index":"index","follow":"follow","max-snippet":"max-snippet:-1","max-image-preview":"max-image-preview:large","max-video-preview":"max-video-preview:-1"},"canonical":"https:\/\/tourcruiser.com\/","og_locale":"de_DE","og_type":"article","og_title":"(Women) adidas SL72 OG 'Leopard Pack - Impact Orange'  - Tourcruiser PTE. LTD","og_description":"adidas SL72 OG Leopard Pack \u201d\u201d Dark Brown\/Off White\/Semi Impact Orange","og_url":"\/","og_site_name":"Tourcruiser Sneaker Store","article_modified_time":"2026-03-27T17:48:34+00:00","twitter_card":"summary_large_image","twitter_image":"https:\/\/images.novelship.com\/product\/_women__adidas_sl72_og__leopard_pack_-_impact_oran_0_41967.jpeg;https:\/\/images.novelship.com\/product\/_women__adidas_sl72_og__leopard_pack_-_impact_oran_1_41967.jpeg;https:\/\/images.novelship.com\/product\/_women__adidas_sl72_og__leopard_pack_-_impact_oran_2_41967.jpeg;https:\/\/images.novelship.com\/product\/_women__adidas_sl72_og__leopard_pack_-_impact_oran_3_41967.jpeg;https:\/\/images.novelship.com\/product\/_women__adidas_sl72_og__leopard_pack_-_impact_oran_4_41967.jpeg;https:\/\/images.novelship.com\/product\/_women__adidas_sl72_og__leopard_pack_-_impact_oran_5_41967.jpeg;https:\/\/images.novelship.com\/product\/_women__adidas_sl72_og__leopard_pack_-_impact_oran_6_41967.jpeg;https:\/\/images.novelship.com\/product\/_women__adidas_sl72_og__leopard_pack_-_impact_oran_7_41967.jpeg","twitter_misc":{"Gesch\u00e4tzte Lesezeit":"1\u00a0Minute"},"schema":{"@context":"https:\/\/schema.org","@graph":[{"@type":"WebPage","@id":"\/","url":"https:\/\/tourcruiser.com\/","name":"(Women) adidas SL72 OG 'Leopard Pack - Impact Orange' - Tourcruiser PTE. LTD","isPartOf":{"@id":"https:\/\/tourcruiser.com\/de\/#website"},"primaryImageOfPage":{"@id":"https:\/\/tourcruiser.com\/#primaryimage"},"image":{"@id":"https:\/\/tourcruiser.com\/#primaryimage"},"thumbnailUrl":"https:\/\/images.novelship.com\/product\/_women__adidas_sl72_og__leopard_pack_-_impact_oran_0_41967.jpeg;https:\/\/images.novelship.com\/product\/_women__adidas_sl72_og__leopard_pack_-_impact_oran_1_41967.jpeg;https:\/\/images.novelship.com\/product\/_women__adidas_sl72_og__leopard_pack_-_impact_oran_2_41967.jpeg;https:\/\/images.novelship.com\/product\/_women__adidas_sl72_og__leopard_pack_-_impact_oran_3_41967.jpeg;https:\/\/images.novelship.com\/product\/_women__adidas_sl72_og__leopard_pack_-_impact_oran_4_41967.jpeg;https:\/\/images.novelship.com\/product\/_women__adidas_sl72_og__leopard_pack_-_impact_oran_5_41967.jpeg;https:\/\/images.novelship.com\/product\/_women__adidas_sl72_og__leopard_pack_-_impact_oran_6_41967.jpeg;https:\/\/images.novelship.com\/product\/_women__adidas_sl72_og__leopard_pack_-_impact_oran_7_41967.jpeg","datePublished":"2026-03-02T07:53:29+00:00","dateModified":"2026-03-27T17:48:34+00:00","breadcrumb":{"@id":"https:\/\/tourcruiser.com\/#breadcrumb"},"inLanguage":"de","potentialAction":[{"@type":"ReadAction","target":["https:\/\/tourcruiser.com\/"]}]},{"@type":"ImageObject","inLanguage":"de","@id":"https:\/\/tourcruiser.com\/#primaryimage","url":"https:\/\/images.novelship.com\/product\/_women__adidas_sl72_og__leopard_pack_-_impact_oran_0_41967.jpeg;https:\/\/images.novelship.com\/product\/_women__adidas_sl72_og__leopard_pack_-_impact_oran_1_41967.jpeg;https:\/\/images.novelship.com\/product\/_women__adidas_sl72_og__leopard_pack_-_impact_oran_2_41967.jpeg;https:\/\/images.novelship.com\/product\/_women__adidas_sl72_og__leopard_pack_-_impact_oran_3_41967.jpeg;https:\/\/images.novelship.com\/product\/_women__adidas_sl72_og__leopard_pack_-_impact_oran_4_41967.jpeg;https:\/\/images.novelship.com\/product\/_women__adidas_sl72_og__leopard_pack_-_impact_oran_5_41967.jpeg;https:\/\/images.novelship.com\/product\/_women__adidas_sl72_og__leopard_pack_-_impact_oran_6_41967.jpeg;https:\/\/images.novelship.com\/product\/_women__adidas_sl72_og__leopard_pack_-_impact_oran_7_41967.jpeg","contentUrl":"https:\/\/images.novelship.com\/product\/_women__adidas_sl72_og__leopard_pack_-_impact_oran_0_41967.jpeg;https:\/\/images.novelship.com\/product\/_women__adidas_sl72_og__leopard_pack_-_impact_oran_1_41967.jpeg;https:\/\/images.novelship.com\/product\/_women__adidas_sl72_og__leopard_pack_-_impact_oran_2_41967.jpeg;https:\/\/images.novelship.com\/product\/_women__adidas_sl72_og__leopard_pack_-_impact_oran_3_41967.jpeg;https:\/\/images.novelship.com\/product\/_women__adidas_sl72_og__leopard_pack_-_impact_oran_4_41967.jpeg;https:\/\/images.novelship.com\/product\/_women__adidas_sl72_og__leopard_pack_-_impact_oran_5_41967.jpeg;https:\/\/images.novelship.com\/product\/_women__adidas_sl72_og__leopard_pack_-_impact_oran_6_41967.jpeg;https:\/\/images.novelship.com\/product\/_women__adidas_sl72_og__leopard_pack_-_impact_oran_7_41967.jpeg"},{"@type":"BreadcrumbList","@id":"https:\/\/tourcruiser.com\/#breadcrumb","itemListElement":[{"@type":"ListItem","position":1,"name":"Home","item":"https:\/\/tourcruiser.com\/de\/"},{"@type":"ListItem","position":2,"name":"Shop","item":"https:\/\/tourcruiser.com\/de\/shop\/"},{"@type":"ListItem","position":3,"name":"(Women) adidas SL72 OG &#8218;Leopard Pack &#8211; Impact Orange&#8216;"}]},{"@type":"WebSite","@id":"https:\/\/tourcruiser.com\/de\/#website","url":"https:\/\/tourcruiser.com\/de\/","name":"Styloral Jewelry Shop","description":"Tourcruiser Sneaker Store \u2014 der Ort, an dem das Universum deine Einzigartigkeit trifft.","publisher":{"@id":"https:\/\/tourcruiser.com\/de\/#organization"},"potentialAction":[{"@type":"SearchAction","target":{"@type":"EntryPoint","urlTemplate":"https:\/\/tourcruiser.com\/de\/?s={search_term_string}"},"query-input":{"@type":"PropertyValueSpecification","valueRequired":true,"valueName":"search_term_string"}}],"inLanguage":"de"},{"@type":"Organization","@id":"https:\/\/tourcruiser.com\/de\/#organization","name":"STYLORAL PTE. LTD","url":"https:\/\/tourcruiser.com\/de\/","logo":{"@type":"ImageObject","inLanguage":"de","@id":"https:\/\/tourcruiser.com\/de\/#\/schema\/logo\/image\/","url":"https:\/\/www.tourcruiser.com\/wp-content\/uploads\/2025\/12\/logo.png","contentUrl":"https:\/\/www.tourcruiser.com\/wp-content\/uploads\/2025\/12\/logo.png","width":200,"height":65,"caption":"STYLORAL PTE. LTD"},"image":{"@id":"https:\/\/tourcruiser.com\/de\/#\/schema\/logo\/image\/"}}]}},"_links":{"self":[{"href":"https:\/\/tourcruiser.com\/de\/wp-json\/wp\/v2\/product\/40042","targetHints":{"allow":["GET"]}}],"collection":[{"href":"https:\/\/tourcruiser.com\/de\/wp-json\/wp\/v2\/product"}],"about":[{"href":"https:\/\/tourcruiser.com\/de\/wp-json\/wp\/v2\/types\/product"}],"replies":[{"embeddable":true,"href":"https:\/\/tourcruiser.com\/de\/wp-json\/wp\/v2\/comments?post=40042"}],"wp:featuredmedia":[{"embeddable":true,"href":"https:\/\/tourcruiser.com\/de\/wp-json\/wp\/v2\/media\/40043"}],"wp:attachment":[{"href":"https:\/\/tourcruiser.com\/de\/wp-json\/wp\/v2\/media?parent=40042"}],"wp:term":[{"taxonomy":"product_brand","embeddable":true,"href":"https:\/\/tourcruiser.com\/de\/wp-json\/wp\/v2\/product_brand?post=40042"},{"taxonomy":"product_cat","embeddable":true,"href":"https:\/\/tourcruiser.com\/de\/wp-json\/wp\/v2\/product_cat?post=40042"},{"taxonomy":"product_tag","embeddable":true,"href":"https:\/\/tourcruiser.com\/de\/wp-json\/wp\/v2\/product_tag?post=40042"}],"curies":[{"name":"wp","href":"https:\/\/api.w.org\/{rel}","templated":true}]}}