{"id":39822,"date":"2026-03-02T14:53:08","date_gmt":"2026-03-02T07:53:08","guid":{"rendered":"http:\/\/tourcruiser.com\/product\/asics-gel-kinetic-fluent-shushutong-pure-silver"},"modified":"2026-03-28T00:48:23","modified_gmt":"2026-03-27T17:48:23","slug":"asics-gel-kinetic-fluent-shushutong-pure-silver","status":"publish","type":"product","link":"https:\/\/tourcruiser.com\/de\/products\/asics-gel-kinetic-fluent-shushutong-pure-silver\/","title":{"rendered":"ASICS Gel-Kinetic Fluent SHUSHU\/TONG Pure Silver"},"content":{"rendered":"<p>Erleben Sie unvergleichlichen Komfort und Stil mit dem ASICS Gel-Kinetic Fluent SHUSHU\/TONG Pure Silver 1203A915-020, einem Premium-Sneaker, der fortschrittliche D\u00e4mpfungstechnologie mit einem eleganten, modernen Design vereint. Dieser in Zusammenarbeit mit SHUSHU\/TONG sorgf\u00e4ltig gefertigte Schuh besticht durch sein metallisch-silbernes Finish, das modische \u00c4sthetik und praktische Funktionalit\u00e4t f\u00fcr den ganzen Tag perfekt kombiniert. Das Gel-Kinetic-D\u00e4mpfungssystem bietet Halt und Stabilit\u00e4t, absorbiert St\u00f6\u00dfe optimal und reduziert die Belastung bei jeder Aktivit\u00e4t. Die leichten Materialien sorgen f\u00fcr Atmungsaktivit\u00e4t und Strapazierf\u00e4higkeit und machen diesen Schuh ideal f\u00fcr aktive Menschen, die Performance und moderne Trends vereinen m\u00f6chten. Ob f\u00fcr Stadterkundungen, Freizeit oder leichte Aktivit\u00e4ten \u201d\u201c diese limitierte Edition l\u00e4sst sich nahtlos mit verschiedenen Outfits kombinieren und bietet Ihren F\u00fc\u00dfen optimalen Schutz und Komfort. Ob du durch die Stra\u00dfen der Stadt flanierst oder ein modisches Statement setzen willst: Der ASICS Gel-Kinetic Fluent SHUSHU\/TONG Pure Silver 1203A915-020 ist eine Investition in Mode und Innovation.<\/p>\n<ul>\n<li><strong>Farbgebung:<\/strong> Pure Silver\/Wei\u00df<\/li>\n<li><strong>Artikelnummer:<\/strong> 1203A915-020<\/li>\n<li><strong>Obermaterial:<\/strong> Mesh<\/li>\n<li><strong>Farbe:<\/strong> Silber<\/li>\n<\/ul>\n","protected":false},"excerpt":{"rendered":"<p>ASICS Gel-Kinetic Fluent \u201d\u201d Pure Silver\/White<\/p>\n","protected":false},"featured_media":39823,"comment_status":"open","ping_status":"closed","template":"","meta":[],"product_brand":[],"product_cat":[10792],"product_tag":[10791,10750,10754,10765,10768],"class_list":{"0":"post-39822","1":"product","2":"type-product","3":"status-publish","4":"has-post-thumbnail","6":"product_cat-asics","7":"product_tag-asics","8":"product_tag-athleisure-shoes","9":"product_tag-lifestyle-casual-shoes","10":"product_tag-lifestyle-shoes-running-inspired","11":"product_tag-retro-running-shoes","12":"wcpa_has_options","14":"first","15":"outofstock","16":"taxable","17":"shipping-taxable","18":"purchasable","19":"product-type-simple"},"wcpa_form_fields":{"rules":{"pric_overide_base_price":false,"pric_overide_base_price_if_gt_zero":false,"pric_overide_base_price_fully":false,"pric_cal_option_once":false,"pric_use_as_fee":false,"bind_quantity":false,"quantity_bind_formula":false},"fields":[{"type":"color-group","required":true,"elementId":"wcpa-color-group-69a5ab08ee12d","label":"Gr\u00f6\u00dfe","inline":true,"priceOptions":"different_for_all","pricingType":"fixed","className":"hassizechart product-shoes-size-eu product-shoes-size","name":"color-group-69a5ab08ee136","disp_type":"square","selection_type":"tick-border","disp_size":"50","show_label_inside":true,"adjust_width":true,"cart_display_type":"text","other_text":"Other","cl_rule":"show","col":6,"values":[{"label":"36","value":"EU 36","price":"","pimage":"","pimage_id":"","pthumb":"","color":"","selected":true},{"label":"37","value":"EU 37","price":"","pimage":"","pimage_id":"","pthumb":"","color":""},{"label":"37.5","value":"EU 37.5","price":"","pimage":"","pimage_id":"","pthumb":"","color":""},{"label":"38","value":"EU 38","price":"","pimage":"","pimage_id":"","pthumb":"","color":""},{"label":"38.5","value":"EU 38.5","price":"","pimage":"","pimage_id":"","pthumb":"","color":""},{"label":"39","value":"EU 39","price":"","pimage":"","pimage_id":"","pthumb":"","color":""},{"label":"39.5","value":"EU 39.5","price":"","pimage":"","pimage_id":"","pthumb":"","color":""},{"label":"40","value":"EU 40","price":"","pimage":"","pimage_id":"","pthumb":"","color":""},{"label":"40.5","value":"EU 40.5","price":"","pimage":"","pimage_id":"","pthumb":"","color":""},{"label":" 41.5","value":"EU 41.5","price":"","pimage":"","pimage_id":"","pthumb":"","color":""},{"label":"42","value":"EU 42","price":"","pimage":"","pimage_id":"","pthumb":"","color":""},{"label":"42.5","value":"EU 42.5","price":"","pimage":"","pimage_id":"","pthumb":"","color":""},{"label":"43.5","value":"EU 43.5","price":"","pimage":"","pimage_id":"","pthumb":"","color":""},{"label":"44","value":"EU 44","price":"","pimage":"","pimage_id":"","pthumb":"","color":""},{"label":"44.5","value":"EU 44.5","price":"","pimage":"","pimage_id":"","pthumb":"","color":""},{"label":"45","value":"EU 45","price":"","pimage":"","pimage_id":"","pthumb":"","color":""}],"relations":[{"operator":false,"rules":[]}],"form_id":184311,"form_rules":{"pric_cal_option_once":false,"exclude_from_discount":false,"pric_use_as_fee":false,"fee_label":"Fee","render_after_acb":false,"disp_hide_options_price":false}}]},"yoast_head":"<!-- This site is optimized with the Yoast SEO plugin v26.5 - https:\/\/yoast.com\/wordpress\/plugins\/seo\/ -->\n<title>ASICS Gel-Kinetic Fluent SHUSHU\/TONG Pure Silver  - Tourcruiser PTE. LTD<\/title>\n<meta name=\"robots\" content=\"index, follow, max-snippet:-1, max-image-preview:large, max-video-preview:-1\" \/>\n<link rel=\"canonical\" href=\"https:\/\/tourcruiser.com\/de\/products\/asics-gel-kinetic-fluent-shushutong-pure-silver\/\" \/>\n<meta property=\"og:locale\" content=\"de_DE\" \/>\n<meta property=\"og:type\" content=\"article\" \/>\n<meta property=\"og:title\" content=\"ASICS Gel-Kinetic Fluent SHUSHU\/TONG Pure Silver  - Tourcruiser PTE. LTD\" \/>\n<meta property=\"og:description\" content=\"ASICS Gel-Kinetic Fluent \u201d\u201d Pure Silver\/White\" \/>\n<meta property=\"og:url\" content=\"https:\/\/tourcruiser.com\/de\/products\/asics-gel-kinetic-fluent-shushutong-pure-silver\/\" \/>\n<meta property=\"og:site_name\" content=\"Tourcruiser Sneaker Store\" \/>\n<meta property=\"article:modified_time\" content=\"2026-03-27T17:48:23+00:00\" \/>\n<meta name=\"twitter:card\" content=\"summary_large_image\" \/>\n<meta name=\"twitter:image\" content=\"https:\/\/images.novelship.com\/product\/asics_gel-kinetic_fluent_shushu_tong_pure_silver_1_0_76510.jpeg;https:\/\/images.novelship.com\/product\/asics_gel-kinetic_fluent_shushu_tong_pure_silver_1_1_76510.png;https:\/\/images.novelship.com\/product\/asics_gel-kinetic_fluent_shushu_tong_pure_silver_1_2_76511.png\" \/>\n<meta name=\"twitter:label1\" content=\"Gesch\u00e4tzte Lesezeit\" \/>\n\t<meta name=\"twitter:data1\" content=\"1\u00a0Minute\" \/>\n<script type=\"application\/ld+json\" class=\"yoast-schema-graph\">{\"@context\":\"https:\/\/schema.org\",\"@graph\":[{\"@type\":\"WebPage\",\"@id\":\"https:\/\/tourcruiser.com\/de\/products\/asics-gel-kinetic-fluent-shushutong-pure-silver\/\",\"url\":\"https:\/\/tourcruiser.com\/de\/products\/asics-gel-kinetic-fluent-shushutong-pure-silver\/\",\"name\":\"ASICS Gel-Kinetic Fluent SHUSHU\/TONG Pure Silver - Tourcruiser PTE. LTD\",\"isPartOf\":{\"@id\":\"https:\/\/tourcruiser.com\/de\/#website\"},\"primaryImageOfPage\":{\"@id\":\"https:\/\/tourcruiser.com\/de\/products\/asics-gel-kinetic-fluent-shushutong-pure-silver\/#primaryimage\"},\"image\":{\"@id\":\"https:\/\/tourcruiser.com\/de\/products\/asics-gel-kinetic-fluent-shushutong-pure-silver\/#primaryimage\"},\"thumbnailUrl\":\"https:\/\/images.novelship.com\/product\/asics_gel-kinetic_fluent_shushu_tong_pure_silver_1_0_76510.jpeg;https:\/\/images.novelship.com\/product\/asics_gel-kinetic_fluent_shushu_tong_pure_silver_1_1_76510.png;https:\/\/images.novelship.com\/product\/asics_gel-kinetic_fluent_shushu_tong_pure_silver_1_2_76511.png\",\"datePublished\":\"2026-03-02T07:53:08+00:00\",\"dateModified\":\"2026-03-27T17:48:23+00:00\",\"breadcrumb\":{\"@id\":\"https:\/\/tourcruiser.com\/de\/products\/asics-gel-kinetic-fluent-shushutong-pure-silver\/#breadcrumb\"},\"inLanguage\":\"de\",\"potentialAction\":[{\"@type\":\"ReadAction\",\"target\":[\"https:\/\/tourcruiser.com\/de\/products\/asics-gel-kinetic-fluent-shushutong-pure-silver\/\"]}]},{\"@type\":\"ImageObject\",\"inLanguage\":\"de\",\"@id\":\"https:\/\/tourcruiser.com\/de\/products\/asics-gel-kinetic-fluent-shushutong-pure-silver\/#primaryimage\",\"url\":\"https:\/\/images.novelship.com\/product\/asics_gel-kinetic_fluent_shushu_tong_pure_silver_1_0_76510.jpeg;https:\/\/images.novelship.com\/product\/asics_gel-kinetic_fluent_shushu_tong_pure_silver_1_1_76510.png;https:\/\/images.novelship.com\/product\/asics_gel-kinetic_fluent_shushu_tong_pure_silver_1_2_76511.png\",\"contentUrl\":\"https:\/\/images.novelship.com\/product\/asics_gel-kinetic_fluent_shushu_tong_pure_silver_1_0_76510.jpeg;https:\/\/images.novelship.com\/product\/asics_gel-kinetic_fluent_shushu_tong_pure_silver_1_1_76510.png;https:\/\/images.novelship.com\/product\/asics_gel-kinetic_fluent_shushu_tong_pure_silver_1_2_76511.png\"},{\"@type\":\"BreadcrumbList\",\"@id\":\"https:\/\/tourcruiser.com\/de\/products\/asics-gel-kinetic-fluent-shushutong-pure-silver\/#breadcrumb\",\"itemListElement\":[{\"@type\":\"ListItem\",\"position\":1,\"name\":\"Home\",\"item\":\"https:\/\/tourcruiser.com\/de\/\"},{\"@type\":\"ListItem\",\"position\":2,\"name\":\"Shop\",\"item\":\"https:\/\/tourcruiser.com\/de\/shop\/\"},{\"@type\":\"ListItem\",\"position\":3,\"name\":\"ASICS Gel-Kinetic Fluent SHUSHU\/TONG Pure Silver\"}]},{\"@type\":\"WebSite\",\"@id\":\"https:\/\/tourcruiser.com\/de\/#website\",\"url\":\"https:\/\/tourcruiser.com\/de\/\",\"name\":\"Styloral Jewelry Shop\",\"description\":\"Tourcruiser Sneaker Store \u2014 der Ort, an dem das Universum deine Einzigartigkeit trifft.\",\"publisher\":{\"@id\":\"https:\/\/tourcruiser.com\/de\/#organization\"},\"potentialAction\":[{\"@type\":\"SearchAction\",\"target\":{\"@type\":\"EntryPoint\",\"urlTemplate\":\"https:\/\/tourcruiser.com\/de\/?s={search_term_string}\"},\"query-input\":{\"@type\":\"PropertyValueSpecification\",\"valueRequired\":true,\"valueName\":\"search_term_string\"}}],\"inLanguage\":\"de\"},{\"@type\":\"Organization\",\"@id\":\"https:\/\/tourcruiser.com\/de\/#organization\",\"name\":\"STYLORAL PTE. LTD\",\"url\":\"https:\/\/tourcruiser.com\/de\/\",\"logo\":{\"@type\":\"ImageObject\",\"inLanguage\":\"de\",\"@id\":\"https:\/\/tourcruiser.com\/de\/#\/schema\/logo\/image\/\",\"url\":\"https:\/\/www.tourcruiser.com\/wp-content\/uploads\/2025\/12\/logo.png\",\"contentUrl\":\"https:\/\/www.tourcruiser.com\/wp-content\/uploads\/2025\/12\/logo.png\",\"width\":200,\"height\":65,\"caption\":\"STYLORAL PTE. LTD\"},\"image\":{\"@id\":\"https:\/\/tourcruiser.com\/de\/#\/schema\/logo\/image\/\"}}]}<\/script>\n<!-- \/ Yoast SEO plugin. -->","yoast_head_json":{"title":"ASICS Gel-Kinetic Fluent SHUSHU\/TONG Pure Silver  - Tourcruiser PTE. LTD","robots":{"index":"index","follow":"follow","max-snippet":"max-snippet:-1","max-image-preview":"max-image-preview:large","max-video-preview":"max-video-preview:-1"},"canonical":"https:\/\/tourcruiser.com\/de\/products\/asics-gel-kinetic-fluent-shushutong-pure-silver\/","og_locale":"de_DE","og_type":"article","og_title":"ASICS Gel-Kinetic Fluent SHUSHU\/TONG Pure Silver  - Tourcruiser PTE. LTD","og_description":"ASICS Gel-Kinetic Fluent \u201d\u201d Pure Silver\/White","og_url":"https:\/\/tourcruiser.com\/de\/products\/asics-gel-kinetic-fluent-shushutong-pure-silver\/","og_site_name":"Tourcruiser Sneaker Store","article_modified_time":"2026-03-27T17:48:23+00:00","twitter_card":"summary_large_image","twitter_image":"https:\/\/images.novelship.com\/product\/asics_gel-kinetic_fluent_shushu_tong_pure_silver_1_0_76510.jpeg;https:\/\/images.novelship.com\/product\/asics_gel-kinetic_fluent_shushu_tong_pure_silver_1_1_76510.png;https:\/\/images.novelship.com\/product\/asics_gel-kinetic_fluent_shushu_tong_pure_silver_1_2_76511.png","twitter_misc":{"Gesch\u00e4tzte Lesezeit":"1\u00a0Minute"},"schema":{"@context":"https:\/\/schema.org","@graph":[{"@type":"WebPage","@id":"https:\/\/tourcruiser.com\/de\/products\/asics-gel-kinetic-fluent-shushutong-pure-silver\/","url":"https:\/\/tourcruiser.com\/de\/products\/asics-gel-kinetic-fluent-shushutong-pure-silver\/","name":"ASICS Gel-Kinetic Fluent SHUSHU\/TONG Pure Silver - Tourcruiser PTE. LTD","isPartOf":{"@id":"https:\/\/tourcruiser.com\/de\/#website"},"primaryImageOfPage":{"@id":"https:\/\/tourcruiser.com\/de\/products\/asics-gel-kinetic-fluent-shushutong-pure-silver\/#primaryimage"},"image":{"@id":"https:\/\/tourcruiser.com\/de\/products\/asics-gel-kinetic-fluent-shushutong-pure-silver\/#primaryimage"},"thumbnailUrl":"https:\/\/images.novelship.com\/product\/asics_gel-kinetic_fluent_shushu_tong_pure_silver_1_0_76510.jpeg;https:\/\/images.novelship.com\/product\/asics_gel-kinetic_fluent_shushu_tong_pure_silver_1_1_76510.png;https:\/\/images.novelship.com\/product\/asics_gel-kinetic_fluent_shushu_tong_pure_silver_1_2_76511.png","datePublished":"2026-03-02T07:53:08+00:00","dateModified":"2026-03-27T17:48:23+00:00","breadcrumb":{"@id":"https:\/\/tourcruiser.com\/de\/products\/asics-gel-kinetic-fluent-shushutong-pure-silver\/#breadcrumb"},"inLanguage":"de","potentialAction":[{"@type":"ReadAction","target":["https:\/\/tourcruiser.com\/de\/products\/asics-gel-kinetic-fluent-shushutong-pure-silver\/"]}]},{"@type":"ImageObject","inLanguage":"de","@id":"https:\/\/tourcruiser.com\/de\/products\/asics-gel-kinetic-fluent-shushutong-pure-silver\/#primaryimage","url":"https:\/\/images.novelship.com\/product\/asics_gel-kinetic_fluent_shushu_tong_pure_silver_1_0_76510.jpeg;https:\/\/images.novelship.com\/product\/asics_gel-kinetic_fluent_shushu_tong_pure_silver_1_1_76510.png;https:\/\/images.novelship.com\/product\/asics_gel-kinetic_fluent_shushu_tong_pure_silver_1_2_76511.png","contentUrl":"https:\/\/images.novelship.com\/product\/asics_gel-kinetic_fluent_shushu_tong_pure_silver_1_0_76510.jpeg;https:\/\/images.novelship.com\/product\/asics_gel-kinetic_fluent_shushu_tong_pure_silver_1_1_76510.png;https:\/\/images.novelship.com\/product\/asics_gel-kinetic_fluent_shushu_tong_pure_silver_1_2_76511.png"},{"@type":"BreadcrumbList","@id":"https:\/\/tourcruiser.com\/de\/products\/asics-gel-kinetic-fluent-shushutong-pure-silver\/#breadcrumb","itemListElement":[{"@type":"ListItem","position":1,"name":"Home","item":"https:\/\/tourcruiser.com\/de\/"},{"@type":"ListItem","position":2,"name":"Shop","item":"https:\/\/tourcruiser.com\/de\/shop\/"},{"@type":"ListItem","position":3,"name":"ASICS Gel-Kinetic Fluent SHUSHU\/TONG Pure Silver"}]},{"@type":"WebSite","@id":"https:\/\/tourcruiser.com\/de\/#website","url":"https:\/\/tourcruiser.com\/de\/","name":"Styloral Jewelry Shop","description":"Tourcruiser Sneaker Store \u2014 der Ort, an dem das Universum deine Einzigartigkeit trifft.","publisher":{"@id":"https:\/\/tourcruiser.com\/de\/#organization"},"potentialAction":[{"@type":"SearchAction","target":{"@type":"EntryPoint","urlTemplate":"https:\/\/tourcruiser.com\/de\/?s={search_term_string}"},"query-input":{"@type":"PropertyValueSpecification","valueRequired":true,"valueName":"search_term_string"}}],"inLanguage":"de"},{"@type":"Organization","@id":"https:\/\/tourcruiser.com\/de\/#organization","name":"STYLORAL PTE. LTD","url":"https:\/\/tourcruiser.com\/de\/","logo":{"@type":"ImageObject","inLanguage":"de","@id":"https:\/\/tourcruiser.com\/de\/#\/schema\/logo\/image\/","url":"https:\/\/www.tourcruiser.com\/wp-content\/uploads\/2025\/12\/logo.png","contentUrl":"https:\/\/www.tourcruiser.com\/wp-content\/uploads\/2025\/12\/logo.png","width":200,"height":65,"caption":"STYLORAL PTE. LTD"},"image":{"@id":"https:\/\/tourcruiser.com\/de\/#\/schema\/logo\/image\/"}}]}},"_links":{"self":[{"href":"https:\/\/tourcruiser.com\/de\/wp-json\/wp\/v2\/product\/39822","targetHints":{"allow":["GET"]}}],"collection":[{"href":"https:\/\/tourcruiser.com\/de\/wp-json\/wp\/v2\/product"}],"about":[{"href":"https:\/\/tourcruiser.com\/de\/wp-json\/wp\/v2\/types\/product"}],"replies":[{"embeddable":true,"href":"https:\/\/tourcruiser.com\/de\/wp-json\/wp\/v2\/comments?post=39822"}],"wp:featuredmedia":[{"embeddable":true,"href":"https:\/\/tourcruiser.com\/de\/wp-json\/wp\/v2\/media\/39823"}],"wp:attachment":[{"href":"https:\/\/tourcruiser.com\/de\/wp-json\/wp\/v2\/media?parent=39822"}],"wp:term":[{"taxonomy":"product_brand","embeddable":true,"href":"https:\/\/tourcruiser.com\/de\/wp-json\/wp\/v2\/product_brand?post=39822"},{"taxonomy":"product_cat","embeddable":true,"href":"https:\/\/tourcruiser.com\/de\/wp-json\/wp\/v2\/product_cat?post=39822"},{"taxonomy":"product_tag","embeddable":true,"href":"https:\/\/tourcruiser.com\/de\/wp-json\/wp\/v2\/product_tag?post=39822"}],"curies":[{"name":"wp","href":"https:\/\/api.w.org\/{rel}","templated":true}]}}