{"id":39022,"date":"2026-03-02T14:52:01","date_gmt":"2026-03-02T07:52:01","guid":{"rendered":"http:\/\/tourcruiser.com\/product\/women-nike-air-rift-botanical-stitch"},"modified":"2026-03-28T00:47:45","modified_gmt":"2026-03-27T17:47:45","slug":"women-nike-air-rift-botanical-stitch","status":"publish","type":"product","link":"https:\/\/tourcruiser.com\/de\/products\/women-nike-air-rift-botanical-stitch\/","title":{"rendered":"(Women) Nike Air Rift &#8218;Botanical Stitch&#8216;"},"content":{"rendered":"<p>Erlebe Stil und Komfort mit dem Nike Air Rift &#8218;Botanical Stitch&#8216; IH7318-677 f\u00fcr Damen \u201d\u201c die perfekte Kombination aus Innovation und Eleganz, inspiriert von der Natur. Dank der Zehentrennung bietet dieser Schuh ein barfu\u00df\u00e4hnliches Tragegef\u00fchl. Das leichte und atmungsaktive Obermaterial aus Textil ist mit aufwendigen, botanisch inspirierten Ziern\u00e4hten versehen, die ihm eine einzigartige und k\u00fcnstlerische Optik verleihen. Die verstellbaren Klettverschl\u00fcsse sorgen f\u00fcr sicheren und individuellen Halt, w\u00e4hrend die gepolsterte Mittelsohle ganzt\u00e4gigen Komfort und Unterst\u00fctzung bietet. Die Gummiau\u00dfensohle bietet strapazierf\u00e4hige Traktion und macht den Schuh zur idealen Wahl f\u00fcr Freizeitaktivit\u00e4ten, leichte Sportarten oder einfach, um deinem Alltagslook das gewisse Etwas zu verleihen. Ob sportlich oder elegant kombiniert \u201d\u201c der Nike Air Rift \u201eBotanical Stitch\u201c ist ein perfektes Statement-Piece, das Funktionalit\u00e4t mit einem Hauch von floralem Flair vereint.<\/p>\n<ul>\n<li><strong>Farbgebung:<\/strong> Team Red\/Pale Ivory<\/li>\n<li><strong>Style-Code:<\/strong> IH7318-677<\/li>\n<li><strong>Obermaterial:<\/strong> Leder<\/li>\n<li><strong>Mittelsohle:<\/strong> Air<\/li>\n<li><strong>Farbe:<\/strong> Rot<\/li>\n<li><strong>Erscheinungsjahr:<\/strong> 2025<\/li>\n<\/ul>\n","protected":false},"excerpt":{"rendered":"<p>Nike Air Rift \u201d\u201d Team Red\/Pale Ivory<\/p>\n","protected":false},"featured_media":189485,"comment_status":"open","ping_status":"closed","template":"","meta":[],"product_brand":[],"product_cat":[10809],"product_tag":[10750,10754,10765,10801],"class_list":{"0":"post-39022","1":"product","2":"type-product","3":"status-publish","4":"has-post-thumbnail","6":"product_cat-nike-women","7":"product_tag-athleisure-shoes","8":"product_tag-lifestyle-casual-shoes","9":"product_tag-lifestyle-shoes-running-inspired","10":"product_tag-nike","11":"wcpa_has_options","13":"first","14":"outofstock","15":"taxable","16":"shipping-taxable","17":"purchasable","18":"product-type-simple"},"wcpa_form_fields":{"rules":{"pric_overide_base_price":false,"pric_overide_base_price_if_gt_zero":false,"pric_overide_base_price_fully":false,"pric_cal_option_once":false,"pric_use_as_fee":false,"bind_quantity":false,"quantity_bind_formula":false},"fields":[{"type":"color-group","required":true,"elementId":"wcpa-color-group-66c4a75505e74","label":"Gr\u00f6\u00dfe - EU Gr\u00f6\u00dfe","inline":true,"priceOptions":"different_for_all","pricingType":"fixed","className":"hassizechart product-shoes-size-eu product-shoes-size","name":"color-group-66c4a75505e89","disp_type":"square","selection_type":"tick-border","disp_size":"44","show_label_inside":true,"adjust_width":true,"cart_display_type":"text","other_text":"Other","cl_rule":"show","col":6,"values":[{"label":"35.5","value":"EU 35.5","price":"","pimage":"","pimage_id":"","pthumb":"","color":""},{"label":"36","value":"EU 36","price":"","pimage":"","pimage_id":"","pthumb":"","color":"","selected":true},{"label":"36.5","value":"EU 36.5","price":"","pimage":"","pimage_id":"","pthumb":"","color":""},{"label":"37.5","value":"EU 37.5","price":"","pimage":"","pimage_id":"","pthumb":"","color":""},{"label":"38","value":"EU 38","price":"","pimage":"","pimage_id":"","pthumb":"","color":""},{"label":"38.5","value":"EU 38.5","price":"","pimage":"","pimage_id":"","pthumb":"","color":""},{"label":"39","value":"EU 39","price":"","pimage":"","pimage_id":"","pthumb":"","color":""},{"label":"40","value":"EU 40","price":"","pimage":"","pimage_id":"","pthumb":"","color":""},{"label":"40.5","value":"EU 40.5","price":"","pimage":"","pimage_id":"","pthumb":"","color":""},{"label":"41","value":"EU 41","price":"","pimage":"","pimage_id":"","pthumb":"","color":""},{"label":"42","value":"EU 42","price":"","pimage":"","pimage_id":"","pthumb":"","color":""},{"label":"42.5","value":"EU 42.5","price":"","pimage":"","pimage_id":"","pthumb":"","color":""},{"label":"43","value":"EU 43","price":"","pimage":"","pimage_id":"","pthumb":"","color":""},{"label":"44","value":"EU 44","price":"","pimage":"","pimage_id":"","pthumb":"","color":""},{"label":"44.5","value":"EU 44.5","price":"","pimage":"","pimage_id":"","pthumb":"","color":""},{"label":"45","value":"EU 45","price":"","pimage":"","pimage_id":"","pthumb":"","color":""},{"label":"45.5","value":"EU 45.5","price":"","pimage":"","pimage_id":"","pthumb":"","color":""},{"label":"46","value":"EU 46","price":"","pimage":"","pimage_id":"","pthumb":"","color":""},{"label":"47","value":"EU 47","price":"","pimage":"","pimage_id":"","pthumb":"","color":""},{"label":"47.5","value":"EU 47.5","price":"","pimage":"","pimage_id":"","pthumb":"","color":""},{"label":"48","value":"EU 48","price":"","pimage":"","pimage_id":"","pthumb":"","color":""}],"relations":[{"operator":false,"rules":[]}],"form_id":18106,"form_rules":{"pric_cal_option_once":false,"exclude_from_discount":false,"pric_use_as_fee":false,"fee_label":"Fee","render_after_acb":false,"disp_hide_options_price":false}}]},"yoast_head":"<!-- This site is optimized with the Yoast SEO plugin v26.5 - https:\/\/yoast.com\/wordpress\/plugins\/seo\/ -->\n<title>(Women) Nike Air Rift &#039;Botanical Stitch&#039;  - Tourcruiser PTE. LTD<\/title>\n<meta name=\"robots\" content=\"index, follow, max-snippet:-1, max-image-preview:large, max-video-preview:-1\" \/>\n<link rel=\"canonical\" href=\"https:\/\/tourcruiser.com\/\" \/>\n<meta property=\"og:locale\" content=\"de_DE\" \/>\n<meta property=\"og:type\" content=\"article\" \/>\n<meta property=\"og:title\" content=\"(Women) Nike Air Rift &#039;Botanical Stitch&#039;  - Tourcruiser PTE. LTD\" \/>\n<meta property=\"og:description\" content=\"Nike Air Rift \u201d\u201d Team Red\/Pale Ivory\" \/>\n<meta property=\"og:url\" content=\"\/\" \/>\n<meta property=\"og:site_name\" content=\"Tourcruiser Sneaker Store\" \/>\n<meta property=\"article:modified_time\" content=\"2026-03-27T17:47:45+00:00\" \/>\n<meta name=\"twitter:card\" content=\"summary_large_image\" \/>\n<meta name=\"twitter:image\" content=\"https:\/\/images.novelship.com\/product\/_women__nike_air_rift__botanical_stitch__ih7318-67_0_92777.jpeg;https:\/\/images.novelship.com\/product\/_women__nike_air_rift__botanical_stitch__ih7318-67_1_92777.jpeg;https:\/\/images.novelship.com\/product\/_women__nike_air_rift__botanical_stitch__ih7318-67_2_92777.jpeg;https:\/\/images.novelship.com\/product\/_women__nike_air_rift__botanical_stitch__ih7318-67_3_92777.jpeg;https:\/\/images.novelship.com\/product\/_women__nike_air_rift__botanical_stitch__ih7318-67_4_92777.jpeg;https:\/\/images.novelship.com\/product\/_women__nike_air_rift__botanical_stitch__ih7318-67_5_92777.jpeg;https:\/\/images.novelship.com\/product\/_women__nike_air_rift__botanical_stitch__ih7318-67_6_92777.jpeg;https:\/\/images.novelship.com\/product\/_women__nike_air_rift__botanical_stitch__ih7318-67_7_92777.jpeg\" \/>\n<meta name=\"twitter:label1\" content=\"Gesch\u00e4tzte Lesezeit\" \/>\n\t<meta name=\"twitter:data1\" content=\"1\u00a0Minute\" \/>\n<script type=\"application\/ld+json\" class=\"yoast-schema-graph\">{\"@context\":\"https:\/\/schema.org\",\"@graph\":[{\"@type\":\"WebPage\",\"@id\":\"\/\",\"url\":\"https:\/\/tourcruiser.com\/\",\"name\":\"(Women) Nike Air Rift 'Botanical Stitch' - Tourcruiser PTE. LTD\",\"isPartOf\":{\"@id\":\"https:\/\/tourcruiser.com\/de\/#website\"},\"primaryImageOfPage\":{\"@id\":\"https:\/\/tourcruiser.com\/#primaryimage\"},\"image\":{\"@id\":\"https:\/\/tourcruiser.com\/#primaryimage\"},\"thumbnailUrl\":\"https:\/\/images.novelship.com\/product\/_women__nike_air_rift__botanical_stitch__ih7318-67_0_92777.jpeg;https:\/\/images.novelship.com\/product\/_women__nike_air_rift__botanical_stitch__ih7318-67_1_92777.jpeg;https:\/\/images.novelship.com\/product\/_women__nike_air_rift__botanical_stitch__ih7318-67_2_92777.jpeg;https:\/\/images.novelship.com\/product\/_women__nike_air_rift__botanical_stitch__ih7318-67_3_92777.jpeg;https:\/\/images.novelship.com\/product\/_women__nike_air_rift__botanical_stitch__ih7318-67_4_92777.jpeg;https:\/\/images.novelship.com\/product\/_women__nike_air_rift__botanical_stitch__ih7318-67_5_92777.jpeg;https:\/\/images.novelship.com\/product\/_women__nike_air_rift__botanical_stitch__ih7318-67_6_92777.jpeg;https:\/\/images.novelship.com\/product\/_women__nike_air_rift__botanical_stitch__ih7318-67_7_92777.jpeg\",\"datePublished\":\"2026-03-02T07:52:01+00:00\",\"dateModified\":\"2026-03-27T17:47:45+00:00\",\"breadcrumb\":{\"@id\":\"https:\/\/tourcruiser.com\/#breadcrumb\"},\"inLanguage\":\"de\",\"potentialAction\":[{\"@type\":\"ReadAction\",\"target\":[\"https:\/\/tourcruiser.com\/\"]}]},{\"@type\":\"ImageObject\",\"inLanguage\":\"de\",\"@id\":\"https:\/\/tourcruiser.com\/#primaryimage\",\"url\":\"https:\/\/images.novelship.com\/product\/_women__nike_air_rift__botanical_stitch__ih7318-67_0_92777.jpeg;https:\/\/images.novelship.com\/product\/_women__nike_air_rift__botanical_stitch__ih7318-67_1_92777.jpeg;https:\/\/images.novelship.com\/product\/_women__nike_air_rift__botanical_stitch__ih7318-67_2_92777.jpeg;https:\/\/images.novelship.com\/product\/_women__nike_air_rift__botanical_stitch__ih7318-67_3_92777.jpeg;https:\/\/images.novelship.com\/product\/_women__nike_air_rift__botanical_stitch__ih7318-67_4_92777.jpeg;https:\/\/images.novelship.com\/product\/_women__nike_air_rift__botanical_stitch__ih7318-67_5_92777.jpeg;https:\/\/images.novelship.com\/product\/_women__nike_air_rift__botanical_stitch__ih7318-67_6_92777.jpeg;https:\/\/images.novelship.com\/product\/_women__nike_air_rift__botanical_stitch__ih7318-67_7_92777.jpeg\",\"contentUrl\":\"https:\/\/images.novelship.com\/product\/_women__nike_air_rift__botanical_stitch__ih7318-67_0_92777.jpeg;https:\/\/images.novelship.com\/product\/_women__nike_air_rift__botanical_stitch__ih7318-67_1_92777.jpeg;https:\/\/images.novelship.com\/product\/_women__nike_air_rift__botanical_stitch__ih7318-67_2_92777.jpeg;https:\/\/images.novelship.com\/product\/_women__nike_air_rift__botanical_stitch__ih7318-67_3_92777.jpeg;https:\/\/images.novelship.com\/product\/_women__nike_air_rift__botanical_stitch__ih7318-67_4_92777.jpeg;https:\/\/images.novelship.com\/product\/_women__nike_air_rift__botanical_stitch__ih7318-67_5_92777.jpeg;https:\/\/images.novelship.com\/product\/_women__nike_air_rift__botanical_stitch__ih7318-67_6_92777.jpeg;https:\/\/images.novelship.com\/product\/_women__nike_air_rift__botanical_stitch__ih7318-67_7_92777.jpeg\"},{\"@type\":\"BreadcrumbList\",\"@id\":\"https:\/\/tourcruiser.com\/#breadcrumb\",\"itemListElement\":[{\"@type\":\"ListItem\",\"position\":1,\"name\":\"Home\",\"item\":\"https:\/\/tourcruiser.com\/de\/\"},{\"@type\":\"ListItem\",\"position\":2,\"name\":\"Shop\",\"item\":\"https:\/\/tourcruiser.com\/de\/shop\/\"},{\"@type\":\"ListItem\",\"position\":3,\"name\":\"(Women) Nike Air Rift &#8218;Botanical Stitch&#8216;\"}]},{\"@type\":\"WebSite\",\"@id\":\"https:\/\/tourcruiser.com\/de\/#website\",\"url\":\"https:\/\/tourcruiser.com\/de\/\",\"name\":\"Styloral Jewelry Shop\",\"description\":\"Tourcruiser Sneaker Store \u2014 der Ort, an dem das Universum deine Einzigartigkeit trifft.\",\"publisher\":{\"@id\":\"https:\/\/tourcruiser.com\/de\/#organization\"},\"potentialAction\":[{\"@type\":\"SearchAction\",\"target\":{\"@type\":\"EntryPoint\",\"urlTemplate\":\"https:\/\/tourcruiser.com\/de\/?s={search_term_string}\"},\"query-input\":{\"@type\":\"PropertyValueSpecification\",\"valueRequired\":true,\"valueName\":\"search_term_string\"}}],\"inLanguage\":\"de\"},{\"@type\":\"Organization\",\"@id\":\"https:\/\/tourcruiser.com\/de\/#organization\",\"name\":\"STYLORAL PTE. LTD\",\"url\":\"https:\/\/tourcruiser.com\/de\/\",\"logo\":{\"@type\":\"ImageObject\",\"inLanguage\":\"de\",\"@id\":\"https:\/\/tourcruiser.com\/de\/#\/schema\/logo\/image\/\",\"url\":\"https:\/\/www.tourcruiser.com\/wp-content\/uploads\/2025\/12\/logo.png\",\"contentUrl\":\"https:\/\/www.tourcruiser.com\/wp-content\/uploads\/2025\/12\/logo.png\",\"width\":200,\"height\":65,\"caption\":\"STYLORAL PTE. LTD\"},\"image\":{\"@id\":\"https:\/\/tourcruiser.com\/de\/#\/schema\/logo\/image\/\"}}]}<\/script>\n<!-- \/ Yoast SEO plugin. -->","yoast_head_json":{"title":"(Women) Nike Air Rift 'Botanical Stitch'  - Tourcruiser PTE. LTD","robots":{"index":"index","follow":"follow","max-snippet":"max-snippet:-1","max-image-preview":"max-image-preview:large","max-video-preview":"max-video-preview:-1"},"canonical":"https:\/\/tourcruiser.com\/","og_locale":"de_DE","og_type":"article","og_title":"(Women) Nike Air Rift 'Botanical Stitch'  - Tourcruiser PTE. LTD","og_description":"Nike Air Rift \u201d\u201d Team Red\/Pale Ivory","og_url":"\/","og_site_name":"Tourcruiser Sneaker Store","article_modified_time":"2026-03-27T17:47:45+00:00","twitter_card":"summary_large_image","twitter_image":"https:\/\/images.novelship.com\/product\/_women__nike_air_rift__botanical_stitch__ih7318-67_0_92777.jpeg;https:\/\/images.novelship.com\/product\/_women__nike_air_rift__botanical_stitch__ih7318-67_1_92777.jpeg;https:\/\/images.novelship.com\/product\/_women__nike_air_rift__botanical_stitch__ih7318-67_2_92777.jpeg;https:\/\/images.novelship.com\/product\/_women__nike_air_rift__botanical_stitch__ih7318-67_3_92777.jpeg;https:\/\/images.novelship.com\/product\/_women__nike_air_rift__botanical_stitch__ih7318-67_4_92777.jpeg;https:\/\/images.novelship.com\/product\/_women__nike_air_rift__botanical_stitch__ih7318-67_5_92777.jpeg;https:\/\/images.novelship.com\/product\/_women__nike_air_rift__botanical_stitch__ih7318-67_6_92777.jpeg;https:\/\/images.novelship.com\/product\/_women__nike_air_rift__botanical_stitch__ih7318-67_7_92777.jpeg","twitter_misc":{"Gesch\u00e4tzte Lesezeit":"1\u00a0Minute"},"schema":{"@context":"https:\/\/schema.org","@graph":[{"@type":"WebPage","@id":"\/","url":"https:\/\/tourcruiser.com\/","name":"(Women) Nike Air Rift 'Botanical Stitch' - Tourcruiser PTE. LTD","isPartOf":{"@id":"https:\/\/tourcruiser.com\/de\/#website"},"primaryImageOfPage":{"@id":"https:\/\/tourcruiser.com\/#primaryimage"},"image":{"@id":"https:\/\/tourcruiser.com\/#primaryimage"},"thumbnailUrl":"https:\/\/images.novelship.com\/product\/_women__nike_air_rift__botanical_stitch__ih7318-67_0_92777.jpeg;https:\/\/images.novelship.com\/product\/_women__nike_air_rift__botanical_stitch__ih7318-67_1_92777.jpeg;https:\/\/images.novelship.com\/product\/_women__nike_air_rift__botanical_stitch__ih7318-67_2_92777.jpeg;https:\/\/images.novelship.com\/product\/_women__nike_air_rift__botanical_stitch__ih7318-67_3_92777.jpeg;https:\/\/images.novelship.com\/product\/_women__nike_air_rift__botanical_stitch__ih7318-67_4_92777.jpeg;https:\/\/images.novelship.com\/product\/_women__nike_air_rift__botanical_stitch__ih7318-67_5_92777.jpeg;https:\/\/images.novelship.com\/product\/_women__nike_air_rift__botanical_stitch__ih7318-67_6_92777.jpeg;https:\/\/images.novelship.com\/product\/_women__nike_air_rift__botanical_stitch__ih7318-67_7_92777.jpeg","datePublished":"2026-03-02T07:52:01+00:00","dateModified":"2026-03-27T17:47:45+00:00","breadcrumb":{"@id":"https:\/\/tourcruiser.com\/#breadcrumb"},"inLanguage":"de","potentialAction":[{"@type":"ReadAction","target":["https:\/\/tourcruiser.com\/"]}]},{"@type":"ImageObject","inLanguage":"de","@id":"https:\/\/tourcruiser.com\/#primaryimage","url":"https:\/\/images.novelship.com\/product\/_women__nike_air_rift__botanical_stitch__ih7318-67_0_92777.jpeg;https:\/\/images.novelship.com\/product\/_women__nike_air_rift__botanical_stitch__ih7318-67_1_92777.jpeg;https:\/\/images.novelship.com\/product\/_women__nike_air_rift__botanical_stitch__ih7318-67_2_92777.jpeg;https:\/\/images.novelship.com\/product\/_women__nike_air_rift__botanical_stitch__ih7318-67_3_92777.jpeg;https:\/\/images.novelship.com\/product\/_women__nike_air_rift__botanical_stitch__ih7318-67_4_92777.jpeg;https:\/\/images.novelship.com\/product\/_women__nike_air_rift__botanical_stitch__ih7318-67_5_92777.jpeg;https:\/\/images.novelship.com\/product\/_women__nike_air_rift__botanical_stitch__ih7318-67_6_92777.jpeg;https:\/\/images.novelship.com\/product\/_women__nike_air_rift__botanical_stitch__ih7318-67_7_92777.jpeg","contentUrl":"https:\/\/images.novelship.com\/product\/_women__nike_air_rift__botanical_stitch__ih7318-67_0_92777.jpeg;https:\/\/images.novelship.com\/product\/_women__nike_air_rift__botanical_stitch__ih7318-67_1_92777.jpeg;https:\/\/images.novelship.com\/product\/_women__nike_air_rift__botanical_stitch__ih7318-67_2_92777.jpeg;https:\/\/images.novelship.com\/product\/_women__nike_air_rift__botanical_stitch__ih7318-67_3_92777.jpeg;https:\/\/images.novelship.com\/product\/_women__nike_air_rift__botanical_stitch__ih7318-67_4_92777.jpeg;https:\/\/images.novelship.com\/product\/_women__nike_air_rift__botanical_stitch__ih7318-67_5_92777.jpeg;https:\/\/images.novelship.com\/product\/_women__nike_air_rift__botanical_stitch__ih7318-67_6_92777.jpeg;https:\/\/images.novelship.com\/product\/_women__nike_air_rift__botanical_stitch__ih7318-67_7_92777.jpeg"},{"@type":"BreadcrumbList","@id":"https:\/\/tourcruiser.com\/#breadcrumb","itemListElement":[{"@type":"ListItem","position":1,"name":"Home","item":"https:\/\/tourcruiser.com\/de\/"},{"@type":"ListItem","position":2,"name":"Shop","item":"https:\/\/tourcruiser.com\/de\/shop\/"},{"@type":"ListItem","position":3,"name":"(Women) Nike Air Rift &#8218;Botanical Stitch&#8216;"}]},{"@type":"WebSite","@id":"https:\/\/tourcruiser.com\/de\/#website","url":"https:\/\/tourcruiser.com\/de\/","name":"Styloral Jewelry Shop","description":"Tourcruiser Sneaker Store \u2014 der Ort, an dem das Universum deine Einzigartigkeit trifft.","publisher":{"@id":"https:\/\/tourcruiser.com\/de\/#organization"},"potentialAction":[{"@type":"SearchAction","target":{"@type":"EntryPoint","urlTemplate":"https:\/\/tourcruiser.com\/de\/?s={search_term_string}"},"query-input":{"@type":"PropertyValueSpecification","valueRequired":true,"valueName":"search_term_string"}}],"inLanguage":"de"},{"@type":"Organization","@id":"https:\/\/tourcruiser.com\/de\/#organization","name":"STYLORAL PTE. LTD","url":"https:\/\/tourcruiser.com\/de\/","logo":{"@type":"ImageObject","inLanguage":"de","@id":"https:\/\/tourcruiser.com\/de\/#\/schema\/logo\/image\/","url":"https:\/\/www.tourcruiser.com\/wp-content\/uploads\/2025\/12\/logo.png","contentUrl":"https:\/\/www.tourcruiser.com\/wp-content\/uploads\/2025\/12\/logo.png","width":200,"height":65,"caption":"STYLORAL PTE. LTD"},"image":{"@id":"https:\/\/tourcruiser.com\/de\/#\/schema\/logo\/image\/"}}]}},"_links":{"self":[{"href":"https:\/\/tourcruiser.com\/de\/wp-json\/wp\/v2\/product\/39022","targetHints":{"allow":["GET"]}}],"collection":[{"href":"https:\/\/tourcruiser.com\/de\/wp-json\/wp\/v2\/product"}],"about":[{"href":"https:\/\/tourcruiser.com\/de\/wp-json\/wp\/v2\/types\/product"}],"replies":[{"embeddable":true,"href":"https:\/\/tourcruiser.com\/de\/wp-json\/wp\/v2\/comments?post=39022"}],"wp:featuredmedia":[{"embeddable":true,"href":"https:\/\/tourcruiser.com\/de\/wp-json\/wp\/v2\/media\/189485"}],"wp:attachment":[{"href":"https:\/\/tourcruiser.com\/de\/wp-json\/wp\/v2\/media?parent=39022"}],"wp:term":[{"taxonomy":"product_brand","embeddable":true,"href":"https:\/\/tourcruiser.com\/de\/wp-json\/wp\/v2\/product_brand?post=39022"},{"taxonomy":"product_cat","embeddable":true,"href":"https:\/\/tourcruiser.com\/de\/wp-json\/wp\/v2\/product_cat?post=39022"},{"taxonomy":"product_tag","embeddable":true,"href":"https:\/\/tourcruiser.com\/de\/wp-json\/wp\/v2\/product_tag?post=39022"}],"curies":[{"name":"wp","href":"https:\/\/api.w.org\/{rel}","templated":true}]}}