{"id":38929,"date":"2026-03-02T14:51:52","date_gmt":"2026-03-02T07:51:52","guid":{"rendered":"http:\/\/tourcruiser.com\/product\/asics-gel-kinetic-fluent-black-dark-taupe"},"modified":"2026-03-28T00:47:39","modified_gmt":"2026-03-27T17:47:39","slug":"asics-gel-kinetic-fluent-black-dark-taupe","status":"publish","type":"product","link":"https:\/\/tourcruiser.com\/de\/products\/asics-gel-kinetic-fluent-black-dark-taupe\/","title":{"rendered":"ASICS Gel Kinetic Fluent &#8218;Black Dark Taupe&#8216;"},"content":{"rendered":"<p>Erleben Sie unvergleichlichen Komfort und zeitlosen Stil mit dem ASICS Gel Kinetic Fluent \u201eBlack Dark Taupe\u201c 1203A737-002, einem Premium-Performance-Sneaker, der f\u00fcr den ganzen Tag entwickelt wurde und einen aktiven Lebensstil unterst\u00fctzt. Die elegante Farbkombination aus Schwarz und Dunkeltaupe vereint moderne \u00c4sthetik und praktische Funktionalit\u00e4t und macht ihn so zum vielseitigen Begleiter f\u00fcr Workouts, Freizeitaktivit\u00e4ten oder Reisen. Dank der ASICS GEL-Technologie bietet er au\u00dfergew\u00f6hnliche D\u00e4mpfung und Sto\u00dfabsorption und garantiert so Komfort bei jedem Schritt, egal auf welchem \u201d\u2039\u201d\u2039Untergrund. Das atmungsaktive Obermaterial sorgt f\u00fcr optimale Bel\u00fcftung, w\u00e4hrend die strapazierf\u00e4hige Au\u00dfensohle hervorragende Traktion und Griffigkeit bietet und Ihnen Sicherheit und Stabilit\u00e4t auf unterschiedlichem Terrain gibt. Mit viel Liebe zum Detail, wie der nahtlosen Konstruktion f\u00fcr weniger Reibung und dem sicheren Schn\u00fcrsystem, definiert dieser Schuh Performance und Style neu \u201d\u201c in einem eleganten Design. Egal ob auf der Stra\u00dfe, auf Naturpfaden oder einfach nur auf der Suche nach zuverl\u00e4ssigem Komfort \u201d\u201c der ASICS Gel Kinetic Fluent \u201eBlack Dark Taupe\u201c 1203A737-002 ist der perfekte Schuh f\u00fcr deinen aktiven Lebensstil. Steigere deine Performance und setze ein Statement mit diesen atemberaubenden, leichten Sneakern, die f\u00fcr unvergleichliche Vielseitigkeit und Leistung entwickelt wurden.<\/p>\n<ul>\n<li><strong>Farbgebung:<\/strong> Schwarz\/Dunkelgrau<\/li>\n<li><strong>Artikelnummer:<\/strong> 1203A737-002<\/li>\n<li><strong>Obermaterial:<\/strong> Synthetik<\/li>\n<li><strong>Zwischensohle:<\/strong> Gel<\/li>\n<li><strong>Farbe:<\/strong> Olivgr\u00fcn<\/li>\n<li><strong>Erscheinungsjahr:<\/strong> 2024<\/li>\n<\/ul>\n","protected":false},"excerpt":{"rendered":"<p>ASICS Gel Kinetic Fluent \u201d\u201d Black\/Dark Taupe<\/p>\n","protected":false},"featured_media":38930,"comment_status":"open","ping_status":"closed","template":"","meta":[],"product_brand":[],"product_cat":[10792],"product_tag":[10791,10754,10765,10768,10758],"class_list":{"0":"post-38929","1":"product","2":"type-product","3":"status-publish","4":"has-post-thumbnail","6":"product_cat-asics","7":"product_tag-asics","8":"product_tag-lifestyle-casual-shoes","9":"product_tag-lifestyle-shoes-running-inspired","10":"product_tag-retro-running-shoes","11":"product_tag-under-retail","12":"wcpa_has_options","14":"first","15":"outofstock","16":"sale","17":"taxable","18":"shipping-taxable","19":"purchasable","20":"product-type-simple"},"wcpa_form_fields":{"rules":{"pric_overide_base_price":false,"pric_overide_base_price_if_gt_zero":false,"pric_overide_base_price_fully":false,"pric_cal_option_once":false,"pric_use_as_fee":false,"bind_quantity":false,"quantity_bind_formula":false},"fields":[{"type":"color-group","required":true,"elementId":"wcpa-color-group-69a5ab08ee12d","label":"Gr\u00f6\u00dfe","inline":true,"priceOptions":"different_for_all","pricingType":"fixed","className":"hassizechart product-shoes-size-eu product-shoes-size","name":"color-group-69a5ab08ee136","disp_type":"square","selection_type":"tick-border","disp_size":"50","show_label_inside":true,"adjust_width":true,"cart_display_type":"text","other_text":"Other","cl_rule":"show","col":6,"values":[{"label":"36","value":"EU 36","price":"","pimage":"","pimage_id":"","pthumb":"","color":"","selected":true},{"label":"37","value":"EU 37","price":"","pimage":"","pimage_id":"","pthumb":"","color":""},{"label":"37.5","value":"EU 37.5","price":"","pimage":"","pimage_id":"","pthumb":"","color":""},{"label":"38","value":"EU 38","price":"","pimage":"","pimage_id":"","pthumb":"","color":""},{"label":"38.5","value":"EU 38.5","price":"","pimage":"","pimage_id":"","pthumb":"","color":""},{"label":"39","value":"EU 39","price":"","pimage":"","pimage_id":"","pthumb":"","color":""},{"label":"39.5","value":"EU 39.5","price":"","pimage":"","pimage_id":"","pthumb":"","color":""},{"label":"40","value":"EU 40","price":"","pimage":"","pimage_id":"","pthumb":"","color":""},{"label":"40.5","value":"EU 40.5","price":"","pimage":"","pimage_id":"","pthumb":"","color":""},{"label":" 41.5","value":"EU 41.5","price":"","pimage":"","pimage_id":"","pthumb":"","color":""},{"label":"42","value":"EU 42","price":"","pimage":"","pimage_id":"","pthumb":"","color":""},{"label":"42.5","value":"EU 42.5","price":"","pimage":"","pimage_id":"","pthumb":"","color":""},{"label":"43.5","value":"EU 43.5","price":"","pimage":"","pimage_id":"","pthumb":"","color":""},{"label":"44","value":"EU 44","price":"","pimage":"","pimage_id":"","pthumb":"","color":""},{"label":"44.5","value":"EU 44.5","price":"","pimage":"","pimage_id":"","pthumb":"","color":""},{"label":"45","value":"EU 45","price":"","pimage":"","pimage_id":"","pthumb":"","color":""}],"relations":[{"operator":false,"rules":[]}],"form_id":184311,"form_rules":{"pric_cal_option_once":false,"exclude_from_discount":false,"pric_use_as_fee":false,"fee_label":"Fee","render_after_acb":false,"disp_hide_options_price":false}}]},"yoast_head":"<!-- This site is optimized with the Yoast SEO plugin v26.5 - https:\/\/yoast.com\/wordpress\/plugins\/seo\/ -->\n<title>ASICS Gel Kinetic Fluent &#039;Black Dark Taupe&#039;  - Tourcruiser PTE. LTD<\/title>\n<meta name=\"robots\" content=\"index, follow, max-snippet:-1, max-image-preview:large, max-video-preview:-1\" \/>\n<link rel=\"canonical\" href=\"https:\/\/tourcruiser.com\/de\/products\/asics-gel-kinetic-fluent-black-dark-taupe\/\" \/>\n<meta property=\"og:locale\" content=\"de_DE\" \/>\n<meta property=\"og:type\" content=\"article\" \/>\n<meta property=\"og:title\" content=\"ASICS Gel Kinetic Fluent &#039;Black Dark Taupe&#039;  - Tourcruiser PTE. LTD\" \/>\n<meta property=\"og:description\" content=\"ASICS Gel Kinetic Fluent \u201d\u201d Black\/Dark Taupe\" \/>\n<meta property=\"og:url\" content=\"https:\/\/tourcruiser.com\/de\/products\/asics-gel-kinetic-fluent-black-dark-taupe\/\" \/>\n<meta property=\"og:site_name\" content=\"Tourcruiser Sneaker Store\" \/>\n<meta property=\"article:modified_time\" content=\"2026-03-27T17:47:39+00:00\" \/>\n<meta name=\"twitter:card\" content=\"summary_large_image\" \/>\n<meta name=\"twitter:image\" content=\"https:\/\/images.novelship.com\/product\/asics_gel_kinetic_fluent__black_dark_taupe__1203a7_0_44231.jpeg;https:\/\/images.novelship.com\/product\/asics_gel_kinetic_fluent__black_dark_taupe__1203a7_1_44232.jpeg;https:\/\/images.novelship.com\/product\/asics_gel_kinetic_fluent__black_dark_taupe__1203a7_2_44232.jpeg;https:\/\/images.novelship.com\/product\/asics_gel_kinetic_fluent__black_dark_taupe__1203a7_3_44232.jpeg;https:\/\/images.novelship.com\/product\/asics_gel_kinetic_fluent__black_dark_taupe__1203a7_4_44232.jpeg;https:\/\/images.novelship.com\/product\/asics_gel_kinetic_fluent__black_dark_taupe__1203a7_5_44232.jpeg;https:\/\/images.novelship.com\/product\/asics_gel_kinetic_fluent__black_dark_taupe__1203a7_6_44232.jpeg;https:\/\/images.novelship.com\/product\/asics_gel_kinetic_fluent__black_dark_taupe__1203a7_7_44232.jpeg\" \/>\n<meta name=\"twitter:label1\" content=\"Gesch\u00e4tzte Lesezeit\" \/>\n\t<meta name=\"twitter:data1\" content=\"1\u00a0Minute\" \/>\n<script type=\"application\/ld+json\" class=\"yoast-schema-graph\">{\"@context\":\"https:\/\/schema.org\",\"@graph\":[{\"@type\":\"WebPage\",\"@id\":\"https:\/\/tourcruiser.com\/de\/products\/asics-gel-kinetic-fluent-black-dark-taupe\/\",\"url\":\"https:\/\/tourcruiser.com\/de\/products\/asics-gel-kinetic-fluent-black-dark-taupe\/\",\"name\":\"ASICS Gel Kinetic Fluent 'Black Dark Taupe' - Tourcruiser PTE. LTD\",\"isPartOf\":{\"@id\":\"https:\/\/tourcruiser.com\/de\/#website\"},\"primaryImageOfPage\":{\"@id\":\"https:\/\/tourcruiser.com\/de\/products\/asics-gel-kinetic-fluent-black-dark-taupe\/#primaryimage\"},\"image\":{\"@id\":\"https:\/\/tourcruiser.com\/de\/products\/asics-gel-kinetic-fluent-black-dark-taupe\/#primaryimage\"},\"thumbnailUrl\":\"https:\/\/images.novelship.com\/product\/asics_gel_kinetic_fluent__black_dark_taupe__1203a7_0_44231.jpeg;https:\/\/images.novelship.com\/product\/asics_gel_kinetic_fluent__black_dark_taupe__1203a7_1_44232.jpeg;https:\/\/images.novelship.com\/product\/asics_gel_kinetic_fluent__black_dark_taupe__1203a7_2_44232.jpeg;https:\/\/images.novelship.com\/product\/asics_gel_kinetic_fluent__black_dark_taupe__1203a7_3_44232.jpeg;https:\/\/images.novelship.com\/product\/asics_gel_kinetic_fluent__black_dark_taupe__1203a7_4_44232.jpeg;https:\/\/images.novelship.com\/product\/asics_gel_kinetic_fluent__black_dark_taupe__1203a7_5_44232.jpeg;https:\/\/images.novelship.com\/product\/asics_gel_kinetic_fluent__black_dark_taupe__1203a7_6_44232.jpeg;https:\/\/images.novelship.com\/product\/asics_gel_kinetic_fluent__black_dark_taupe__1203a7_7_44232.jpeg\",\"datePublished\":\"2026-03-02T07:51:52+00:00\",\"dateModified\":\"2026-03-27T17:47:39+00:00\",\"breadcrumb\":{\"@id\":\"https:\/\/tourcruiser.com\/de\/products\/asics-gel-kinetic-fluent-black-dark-taupe\/#breadcrumb\"},\"inLanguage\":\"de\",\"potentialAction\":[{\"@type\":\"ReadAction\",\"target\":[\"https:\/\/tourcruiser.com\/de\/products\/asics-gel-kinetic-fluent-black-dark-taupe\/\"]}]},{\"@type\":\"ImageObject\",\"inLanguage\":\"de\",\"@id\":\"https:\/\/tourcruiser.com\/de\/products\/asics-gel-kinetic-fluent-black-dark-taupe\/#primaryimage\",\"url\":\"https:\/\/images.novelship.com\/product\/asics_gel_kinetic_fluent__black_dark_taupe__1203a7_0_44231.jpeg;https:\/\/images.novelship.com\/product\/asics_gel_kinetic_fluent__black_dark_taupe__1203a7_1_44232.jpeg;https:\/\/images.novelship.com\/product\/asics_gel_kinetic_fluent__black_dark_taupe__1203a7_2_44232.jpeg;https:\/\/images.novelship.com\/product\/asics_gel_kinetic_fluent__black_dark_taupe__1203a7_3_44232.jpeg;https:\/\/images.novelship.com\/product\/asics_gel_kinetic_fluent__black_dark_taupe__1203a7_4_44232.jpeg;https:\/\/images.novelship.com\/product\/asics_gel_kinetic_fluent__black_dark_taupe__1203a7_5_44232.jpeg;https:\/\/images.novelship.com\/product\/asics_gel_kinetic_fluent__black_dark_taupe__1203a7_6_44232.jpeg;https:\/\/images.novelship.com\/product\/asics_gel_kinetic_fluent__black_dark_taupe__1203a7_7_44232.jpeg\",\"contentUrl\":\"https:\/\/images.novelship.com\/product\/asics_gel_kinetic_fluent__black_dark_taupe__1203a7_0_44231.jpeg;https:\/\/images.novelship.com\/product\/asics_gel_kinetic_fluent__black_dark_taupe__1203a7_1_44232.jpeg;https:\/\/images.novelship.com\/product\/asics_gel_kinetic_fluent__black_dark_taupe__1203a7_2_44232.jpeg;https:\/\/images.novelship.com\/product\/asics_gel_kinetic_fluent__black_dark_taupe__1203a7_3_44232.jpeg;https:\/\/images.novelship.com\/product\/asics_gel_kinetic_fluent__black_dark_taupe__1203a7_4_44232.jpeg;https:\/\/images.novelship.com\/product\/asics_gel_kinetic_fluent__black_dark_taupe__1203a7_5_44232.jpeg;https:\/\/images.novelship.com\/product\/asics_gel_kinetic_fluent__black_dark_taupe__1203a7_6_44232.jpeg;https:\/\/images.novelship.com\/product\/asics_gel_kinetic_fluent__black_dark_taupe__1203a7_7_44232.jpeg\"},{\"@type\":\"BreadcrumbList\",\"@id\":\"https:\/\/tourcruiser.com\/de\/products\/asics-gel-kinetic-fluent-black-dark-taupe\/#breadcrumb\",\"itemListElement\":[{\"@type\":\"ListItem\",\"position\":1,\"name\":\"Home\",\"item\":\"https:\/\/tourcruiser.com\/de\/\"},{\"@type\":\"ListItem\",\"position\":2,\"name\":\"Shop\",\"item\":\"https:\/\/tourcruiser.com\/de\/shop\/\"},{\"@type\":\"ListItem\",\"position\":3,\"name\":\"ASICS Gel Kinetic Fluent 'Black Dark Taupe'\"}]},{\"@type\":\"WebSite\",\"@id\":\"https:\/\/tourcruiser.com\/de\/#website\",\"url\":\"https:\/\/tourcruiser.com\/de\/\",\"name\":\"Styloral Jewelry Shop\",\"description\":\"Tourcruiser Sneaker Store \u2014 der Ort, an dem das Universum deine Einzigartigkeit trifft.\",\"publisher\":{\"@id\":\"https:\/\/tourcruiser.com\/de\/#organization\"},\"potentialAction\":[{\"@type\":\"SearchAction\",\"target\":{\"@type\":\"EntryPoint\",\"urlTemplate\":\"https:\/\/tourcruiser.com\/de\/?s={search_term_string}\"},\"query-input\":{\"@type\":\"PropertyValueSpecification\",\"valueRequired\":true,\"valueName\":\"search_term_string\"}}],\"inLanguage\":\"de\"},{\"@type\":\"Organization\",\"@id\":\"https:\/\/tourcruiser.com\/de\/#organization\",\"name\":\"STYLORAL PTE. LTD\",\"url\":\"https:\/\/tourcruiser.com\/de\/\",\"logo\":{\"@type\":\"ImageObject\",\"inLanguage\":\"de\",\"@id\":\"https:\/\/tourcruiser.com\/de\/#\/schema\/logo\/image\/\",\"url\":\"https:\/\/www.tourcruiser.com\/wp-content\/uploads\/2025\/12\/logo.png\",\"contentUrl\":\"https:\/\/www.tourcruiser.com\/wp-content\/uploads\/2025\/12\/logo.png\",\"width\":200,\"height\":65,\"caption\":\"STYLORAL PTE. LTD\"},\"image\":{\"@id\":\"https:\/\/tourcruiser.com\/de\/#\/schema\/logo\/image\/\"}}]}<\/script>\n<!-- \/ Yoast SEO plugin. -->","yoast_head_json":{"title":"ASICS Gel Kinetic Fluent 'Black Dark Taupe'  - Tourcruiser PTE. LTD","robots":{"index":"index","follow":"follow","max-snippet":"max-snippet:-1","max-image-preview":"max-image-preview:large","max-video-preview":"max-video-preview:-1"},"canonical":"https:\/\/tourcruiser.com\/de\/products\/asics-gel-kinetic-fluent-black-dark-taupe\/","og_locale":"de_DE","og_type":"article","og_title":"ASICS Gel Kinetic Fluent 'Black Dark Taupe'  - Tourcruiser PTE. LTD","og_description":"ASICS Gel Kinetic Fluent \u201d\u201d Black\/Dark Taupe","og_url":"https:\/\/tourcruiser.com\/de\/products\/asics-gel-kinetic-fluent-black-dark-taupe\/","og_site_name":"Tourcruiser Sneaker Store","article_modified_time":"2026-03-27T17:47:39+00:00","twitter_card":"summary_large_image","twitter_image":"https:\/\/images.novelship.com\/product\/asics_gel_kinetic_fluent__black_dark_taupe__1203a7_0_44231.jpeg;https:\/\/images.novelship.com\/product\/asics_gel_kinetic_fluent__black_dark_taupe__1203a7_1_44232.jpeg;https:\/\/images.novelship.com\/product\/asics_gel_kinetic_fluent__black_dark_taupe__1203a7_2_44232.jpeg;https:\/\/images.novelship.com\/product\/asics_gel_kinetic_fluent__black_dark_taupe__1203a7_3_44232.jpeg;https:\/\/images.novelship.com\/product\/asics_gel_kinetic_fluent__black_dark_taupe__1203a7_4_44232.jpeg;https:\/\/images.novelship.com\/product\/asics_gel_kinetic_fluent__black_dark_taupe__1203a7_5_44232.jpeg;https:\/\/images.novelship.com\/product\/asics_gel_kinetic_fluent__black_dark_taupe__1203a7_6_44232.jpeg;https:\/\/images.novelship.com\/product\/asics_gel_kinetic_fluent__black_dark_taupe__1203a7_7_44232.jpeg","twitter_misc":{"Gesch\u00e4tzte Lesezeit":"1\u00a0Minute"},"schema":{"@context":"https:\/\/schema.org","@graph":[{"@type":"WebPage","@id":"https:\/\/tourcruiser.com\/de\/products\/asics-gel-kinetic-fluent-black-dark-taupe\/","url":"https:\/\/tourcruiser.com\/de\/products\/asics-gel-kinetic-fluent-black-dark-taupe\/","name":"ASICS Gel Kinetic Fluent 'Black Dark Taupe' - Tourcruiser PTE. LTD","isPartOf":{"@id":"https:\/\/tourcruiser.com\/de\/#website"},"primaryImageOfPage":{"@id":"https:\/\/tourcruiser.com\/de\/products\/asics-gel-kinetic-fluent-black-dark-taupe\/#primaryimage"},"image":{"@id":"https:\/\/tourcruiser.com\/de\/products\/asics-gel-kinetic-fluent-black-dark-taupe\/#primaryimage"},"thumbnailUrl":"https:\/\/images.novelship.com\/product\/asics_gel_kinetic_fluent__black_dark_taupe__1203a7_0_44231.jpeg;https:\/\/images.novelship.com\/product\/asics_gel_kinetic_fluent__black_dark_taupe__1203a7_1_44232.jpeg;https:\/\/images.novelship.com\/product\/asics_gel_kinetic_fluent__black_dark_taupe__1203a7_2_44232.jpeg;https:\/\/images.novelship.com\/product\/asics_gel_kinetic_fluent__black_dark_taupe__1203a7_3_44232.jpeg;https:\/\/images.novelship.com\/product\/asics_gel_kinetic_fluent__black_dark_taupe__1203a7_4_44232.jpeg;https:\/\/images.novelship.com\/product\/asics_gel_kinetic_fluent__black_dark_taupe__1203a7_5_44232.jpeg;https:\/\/images.novelship.com\/product\/asics_gel_kinetic_fluent__black_dark_taupe__1203a7_6_44232.jpeg;https:\/\/images.novelship.com\/product\/asics_gel_kinetic_fluent__black_dark_taupe__1203a7_7_44232.jpeg","datePublished":"2026-03-02T07:51:52+00:00","dateModified":"2026-03-27T17:47:39+00:00","breadcrumb":{"@id":"https:\/\/tourcruiser.com\/de\/products\/asics-gel-kinetic-fluent-black-dark-taupe\/#breadcrumb"},"inLanguage":"de","potentialAction":[{"@type":"ReadAction","target":["https:\/\/tourcruiser.com\/de\/products\/asics-gel-kinetic-fluent-black-dark-taupe\/"]}]},{"@type":"ImageObject","inLanguage":"de","@id":"https:\/\/tourcruiser.com\/de\/products\/asics-gel-kinetic-fluent-black-dark-taupe\/#primaryimage","url":"https:\/\/images.novelship.com\/product\/asics_gel_kinetic_fluent__black_dark_taupe__1203a7_0_44231.jpeg;https:\/\/images.novelship.com\/product\/asics_gel_kinetic_fluent__black_dark_taupe__1203a7_1_44232.jpeg;https:\/\/images.novelship.com\/product\/asics_gel_kinetic_fluent__black_dark_taupe__1203a7_2_44232.jpeg;https:\/\/images.novelship.com\/product\/asics_gel_kinetic_fluent__black_dark_taupe__1203a7_3_44232.jpeg;https:\/\/images.novelship.com\/product\/asics_gel_kinetic_fluent__black_dark_taupe__1203a7_4_44232.jpeg;https:\/\/images.novelship.com\/product\/asics_gel_kinetic_fluent__black_dark_taupe__1203a7_5_44232.jpeg;https:\/\/images.novelship.com\/product\/asics_gel_kinetic_fluent__black_dark_taupe__1203a7_6_44232.jpeg;https:\/\/images.novelship.com\/product\/asics_gel_kinetic_fluent__black_dark_taupe__1203a7_7_44232.jpeg","contentUrl":"https:\/\/images.novelship.com\/product\/asics_gel_kinetic_fluent__black_dark_taupe__1203a7_0_44231.jpeg;https:\/\/images.novelship.com\/product\/asics_gel_kinetic_fluent__black_dark_taupe__1203a7_1_44232.jpeg;https:\/\/images.novelship.com\/product\/asics_gel_kinetic_fluent__black_dark_taupe__1203a7_2_44232.jpeg;https:\/\/images.novelship.com\/product\/asics_gel_kinetic_fluent__black_dark_taupe__1203a7_3_44232.jpeg;https:\/\/images.novelship.com\/product\/asics_gel_kinetic_fluent__black_dark_taupe__1203a7_4_44232.jpeg;https:\/\/images.novelship.com\/product\/asics_gel_kinetic_fluent__black_dark_taupe__1203a7_5_44232.jpeg;https:\/\/images.novelship.com\/product\/asics_gel_kinetic_fluent__black_dark_taupe__1203a7_6_44232.jpeg;https:\/\/images.novelship.com\/product\/asics_gel_kinetic_fluent__black_dark_taupe__1203a7_7_44232.jpeg"},{"@type":"BreadcrumbList","@id":"https:\/\/tourcruiser.com\/de\/products\/asics-gel-kinetic-fluent-black-dark-taupe\/#breadcrumb","itemListElement":[{"@type":"ListItem","position":1,"name":"Home","item":"https:\/\/tourcruiser.com\/de\/"},{"@type":"ListItem","position":2,"name":"Shop","item":"https:\/\/tourcruiser.com\/de\/shop\/"},{"@type":"ListItem","position":3,"name":"ASICS Gel Kinetic Fluent 'Black Dark Taupe'"}]},{"@type":"WebSite","@id":"https:\/\/tourcruiser.com\/de\/#website","url":"https:\/\/tourcruiser.com\/de\/","name":"Styloral Jewelry Shop","description":"Tourcruiser Sneaker Store \u2014 der Ort, an dem das Universum deine Einzigartigkeit trifft.","publisher":{"@id":"https:\/\/tourcruiser.com\/de\/#organization"},"potentialAction":[{"@type":"SearchAction","target":{"@type":"EntryPoint","urlTemplate":"https:\/\/tourcruiser.com\/de\/?s={search_term_string}"},"query-input":{"@type":"PropertyValueSpecification","valueRequired":true,"valueName":"search_term_string"}}],"inLanguage":"de"},{"@type":"Organization","@id":"https:\/\/tourcruiser.com\/de\/#organization","name":"STYLORAL PTE. LTD","url":"https:\/\/tourcruiser.com\/de\/","logo":{"@type":"ImageObject","inLanguage":"de","@id":"https:\/\/tourcruiser.com\/de\/#\/schema\/logo\/image\/","url":"https:\/\/www.tourcruiser.com\/wp-content\/uploads\/2025\/12\/logo.png","contentUrl":"https:\/\/www.tourcruiser.com\/wp-content\/uploads\/2025\/12\/logo.png","width":200,"height":65,"caption":"STYLORAL PTE. LTD"},"image":{"@id":"https:\/\/tourcruiser.com\/de\/#\/schema\/logo\/image\/"}}]}},"_links":{"self":[{"href":"https:\/\/tourcruiser.com\/de\/wp-json\/wp\/v2\/product\/38929","targetHints":{"allow":["GET"]}}],"collection":[{"href":"https:\/\/tourcruiser.com\/de\/wp-json\/wp\/v2\/product"}],"about":[{"href":"https:\/\/tourcruiser.com\/de\/wp-json\/wp\/v2\/types\/product"}],"replies":[{"embeddable":true,"href":"https:\/\/tourcruiser.com\/de\/wp-json\/wp\/v2\/comments?post=38929"}],"wp:featuredmedia":[{"embeddable":true,"href":"https:\/\/tourcruiser.com\/de\/wp-json\/wp\/v2\/media\/38930"}],"wp:attachment":[{"href":"https:\/\/tourcruiser.com\/de\/wp-json\/wp\/v2\/media?parent=38929"}],"wp:term":[{"taxonomy":"product_brand","embeddable":true,"href":"https:\/\/tourcruiser.com\/de\/wp-json\/wp\/v2\/product_brand?post=38929"},{"taxonomy":"product_cat","embeddable":true,"href":"https:\/\/tourcruiser.com\/de\/wp-json\/wp\/v2\/product_cat?post=38929"},{"taxonomy":"product_tag","embeddable":true,"href":"https:\/\/tourcruiser.com\/de\/wp-json\/wp\/v2\/product_tag?post=38929"}],"curies":[{"name":"wp","href":"https:\/\/api.w.org\/{rel}","templated":true}]}}