{"id":38588,"date":"2026-03-02T14:51:23","date_gmt":"2026-03-02T07:51:23","guid":{"rendered":"http:\/\/tourcruiser.com\/product\/new-balance-joe-freshgoods-x-990v6-made-in-usa-a-friend-named-cousinprom-blue"},"modified":"2026-03-28T01:51:22","modified_gmt":"2026-03-27T18:51:22","slug":"new-balance-joe-freshgoods-x-990v6-made-in-usa-a-friend-named-cousinprom-blue","status":"publish","type":"product","link":"https:\/\/tourcruiser.com\/de\/products\/new-balance-joe-freshgoods-x-990v6-made-in-usa-a-friend-named-cousinprom-blue\/","title":{"rendered":"New Balance Joe Freshgoods x 990v6 Made in USA &#8218;A Friend Named Cousin &#8211; Prom Blue&#8216;"},"content":{"rendered":"<p>Genie\u00dfen Sie die perfekte Kombination aus Komfort und Style mit dem begehrten New Balance 990v6 MiUSA Joe Freshgoods Prom Blue XU990JG6. Diese in den USA handgefertigten Sneaker bestechen durch ein Obermaterial aus leuchtend blauem Wildleder, das durch Mesh-Akzente erg\u00e4nzt wird. Dank der ABZORB-Mittelsohle und der C-CAP-Fersenkappe erleben Sie unvergleichliche D\u00e4mpfung f\u00fcr ganzt\u00e4gigen Tragekomfort. Setzen Sie ein Statement mit dieser limitierten Kollaboration, die die k\u00fchne Vision von Joe Freshgoods unterstreicht. Mit dem New Balance 990v6 MiUSA Joe Freshgoods Prom Blue, einem wahren Meisterwerk f\u00fcr Sammler und Modebegeisterte, verleihst du deinem Sneaker-Style das gewisse Etwas.<\/p>\n<ul>\n<li><strong>Farbgebung:<\/strong> Blau\/Blau\/Blau<\/li>\n<li><strong>Style-Code:<\/strong> U990JG6<\/li>\n<li><strong>Obermaterial:<\/strong> Wildleder<\/li>\n<li><strong>Zwischensohle:<\/strong> FuelCell<\/li>\n<li><strong>Farbe:<\/strong> Blau<\/li>\n<li><strong>Erscheinungsjahr:<\/strong> 2024<\/li>\n<\/ul>\n","protected":false},"excerpt":{"rendered":"<p>New Balance 990v6 Joe Freshgoods \u201d\u201d Blue\/Blue\/Blue<\/p>\n","protected":false},"featured_media":38589,"comment_status":"open","ping_status":"closed","template":"","meta":[],"product_brand":[],"product_cat":[10771],"product_tag":[10750,10753,10754,10765,10766,10768,10758],"class_list":{"0":"post-38588","1":"product","2":"type-product","3":"status-publish","4":"has-post-thumbnail","6":"product_cat-new-balance","7":"product_tag-athleisure-shoes","8":"product_tag-gift-for-him","9":"product_tag-lifestyle-casual-shoes","10":"product_tag-lifestyle-shoes-running-inspired","11":"product_tag-new-balance","12":"product_tag-retro-running-shoes","13":"product_tag-under-retail","14":"wcpa_has_options","16":"first","17":"outofstock","18":"sale","19":"taxable","20":"shipping-taxable","21":"purchasable","22":"product-type-simple"},"wcpa_form_fields":{"rules":{"pric_overide_base_price":false,"pric_overide_base_price_if_gt_zero":false,"pric_overide_base_price_fully":false,"pric_cal_option_once":false,"pric_use_as_fee":false,"bind_quantity":false,"quantity_bind_formula":false},"fields":[{"type":"color-group","required":true,"elementId":"wcpa-color-group-66c4a928225d2","label":"Gr\u00f6\u00dfe","inline":true,"priceOptions":"different_for_all","pricingType":"fixed","className":"hassizechart product-shoes-size-eu product-shoes-size","name":"color-group-66c4a928225e2","disp_type":"square","selection_type":"tick-border","disp_size":"50","show_label_inside":true,"adjust_width":true,"cart_display_type":"text","other_text":"Other","cl_rule":"show","col":6,"values":[{"label":"35","value":"EU 35","price":"","pimage":"","pimage_id":"","pthumb":"","color":""},{"label":"36","value":"EU 36","price":"","pimage":"","pimage_id":"","pthumb":"","color":"","selected":true},{"label":"37","value":"EU 37","price":"","pimage":"","pimage_id":"","pthumb":"","color":""},{"label":"37.5","value":"EU 37.5","price":"","pimage":"","pimage_id":"","pthumb":"","color":""},{"label":"38","value":"EU 38","price":"","pimage":"","pimage_id":"","pthumb":"","color":""},{"label":"38.5","value":"EU 38.5","price":"","pimage":"","pimage_id":"","pthumb":"","color":""},{"label":"39","value":"EU 39","price":"","pimage":"","pimage_id":"","pthumb":"","color":""},{"label":"39.5","value":"EU 39.5","price":"","pimage":"","pimage_id":"","pthumb":"","color":""},{"label":"40","value":"EU 40","price":"","pimage":"","pimage_id":"","pthumb":"","color":""},{"label":"40.5","value":"EU 40.5","price":"","pimage":"","pimage_id":"","pthumb":"","color":""},{"label":" 41.5","value":"EU 41.5","price":"","pimage":"","pimage_id":"","pthumb":"","color":""},{"label":"42","value":"EU 42","price":"","pimage":"","pimage_id":"","pthumb":"","color":""},{"label":"42.5","value":"EU 42.5","price":"","pimage":"","pimage_id":"","pthumb":"","color":""},{"label":"43","value":"EU 43","price":"","pimage":"","pimage_id":"","pthumb":"","color":""},{"label":"44","value":"EU 44","price":"","pimage":"","pimage_id":"","pthumb":"","color":""},{"label":"44.5","value":"EU 44.5","price":"","pimage":"","pimage_id":"","pthumb":"","color":""},{"label":"45","value":"EU 45","price":"","pimage":"","pimage_id":"","pthumb":"","color":""},{"label":"45.5","value":"EU 45.5","price":"","pimage":"","pimage_id":"","pthumb":"","color":""},{"label":"46","value":"EU 46","price":"","pimage":"","pimage_id":"","pthumb":"","color":""}],"relations":[{"operator":false,"rules":[]}],"form_id":24803,"form_rules":{"pric_cal_option_once":false,"exclude_from_discount":false,"pric_use_as_fee":false,"fee_label":"Fee","render_after_acb":false,"disp_hide_options_price":false}}]},"yoast_head":"<!-- This site is optimized with the Yoast SEO plugin v26.5 - https:\/\/yoast.com\/wordpress\/plugins\/seo\/ -->\n<title>New Balance Joe Freshgoods x 990v6 Made in USA &#039;A Friend Named Cousin - Prom Blue&#039;  - Tourcruiser PTE. LTD<\/title>\n<meta name=\"robots\" content=\"index, follow, max-snippet:-1, max-image-preview:large, max-video-preview:-1\" \/>\n<link rel=\"canonical\" href=\"https:\/\/tourcruiser.com\/de\/products\/new-balance-joe-freshgoods-x-990v6-made-in-usa-a-friend-named-cousinprom-blue\/\" \/>\n<meta property=\"og:locale\" content=\"de_DE\" \/>\n<meta property=\"og:type\" content=\"article\" \/>\n<meta property=\"og:title\" content=\"New Balance Joe Freshgoods x 990v6 Made in USA &#039;A Friend Named Cousin - Prom Blue&#039;  - Tourcruiser PTE. LTD\" \/>\n<meta property=\"og:description\" content=\"New Balance 990v6 Joe Freshgoods \u201d\u201d Blue\/Blue\/Blue\" \/>\n<meta property=\"og:url\" content=\"https:\/\/tourcruiser.com\/de\/products\/new-balance-joe-freshgoods-x-990v6-made-in-usa-a-friend-named-cousinprom-blue\/\" \/>\n<meta property=\"og:site_name\" content=\"Tourcruiser Sneaker Store\" \/>\n<meta property=\"article:modified_time\" content=\"2026-03-27T18:51:22+00:00\" \/>\n<meta name=\"twitter:card\" content=\"summary_large_image\" \/>\n<meta name=\"twitter:image\" content=\"https:\/\/images.novelship.com\/product\/new_balance_990v6_miusa_joe_freshgoods_prom_blue_u_0_98484.jpeg;https:\/\/images.novelship.com\/product\/new_balance_990v6_miusa_joe_freshgoods_prom_blue_u_1_98485.jpeg;https:\/\/images.novelship.com\/product\/new_balance_990v6_miusa_joe_freshgoods_prom_blue_u_2_98485.jpeg;https:\/\/images.novelship.com\/product\/new_balance_990v6_miusa_joe_freshgoods_prom_blue_u_3_98485.jpeg;https:\/\/images.novelship.com\/product\/new_balance_990v6_miusa_joe_freshgoods_prom_blue_u_4_98485.jpeg;https:\/\/images.novelship.com\/product\/new_balance_990v6_miusa_joe_freshgoods_prom_blue_u_5_98485.jpeg\" \/>\n<meta name=\"twitter:label1\" content=\"Gesch\u00e4tzte Lesezeit\" \/>\n\t<meta name=\"twitter:data1\" content=\"1\u00a0Minute\" \/>\n<script type=\"application\/ld+json\" class=\"yoast-schema-graph\">{\"@context\":\"https:\/\/schema.org\",\"@graph\":[{\"@type\":\"WebPage\",\"@id\":\"https:\/\/tourcruiser.com\/de\/products\/new-balance-joe-freshgoods-x-990v6-made-in-usa-a-friend-named-cousinprom-blue\/\",\"url\":\"https:\/\/tourcruiser.com\/de\/products\/new-balance-joe-freshgoods-x-990v6-made-in-usa-a-friend-named-cousinprom-blue\/\",\"name\":\"New Balance Joe Freshgoods x 990v6 Made in USA 'A Friend Named Cousin - Prom Blue' - Tourcruiser PTE. LTD\",\"isPartOf\":{\"@id\":\"https:\/\/tourcruiser.com\/de\/#website\"},\"primaryImageOfPage\":{\"@id\":\"https:\/\/tourcruiser.com\/de\/products\/new-balance-joe-freshgoods-x-990v6-made-in-usa-a-friend-named-cousinprom-blue\/#primaryimage\"},\"image\":{\"@id\":\"https:\/\/tourcruiser.com\/de\/products\/new-balance-joe-freshgoods-x-990v6-made-in-usa-a-friend-named-cousinprom-blue\/#primaryimage\"},\"thumbnailUrl\":\"https:\/\/images.novelship.com\/product\/new_balance_990v6_miusa_joe_freshgoods_prom_blue_u_0_98484.jpeg;https:\/\/images.novelship.com\/product\/new_balance_990v6_miusa_joe_freshgoods_prom_blue_u_1_98485.jpeg;https:\/\/images.novelship.com\/product\/new_balance_990v6_miusa_joe_freshgoods_prom_blue_u_2_98485.jpeg;https:\/\/images.novelship.com\/product\/new_balance_990v6_miusa_joe_freshgoods_prom_blue_u_3_98485.jpeg;https:\/\/images.novelship.com\/product\/new_balance_990v6_miusa_joe_freshgoods_prom_blue_u_4_98485.jpeg;https:\/\/images.novelship.com\/product\/new_balance_990v6_miusa_joe_freshgoods_prom_blue_u_5_98485.jpeg\",\"datePublished\":\"2026-03-02T07:51:23+00:00\",\"dateModified\":\"2026-03-27T18:51:22+00:00\",\"breadcrumb\":{\"@id\":\"https:\/\/tourcruiser.com\/de\/products\/new-balance-joe-freshgoods-x-990v6-made-in-usa-a-friend-named-cousinprom-blue\/#breadcrumb\"},\"inLanguage\":\"de\",\"potentialAction\":[{\"@type\":\"ReadAction\",\"target\":[\"https:\/\/tourcruiser.com\/de\/products\/new-balance-joe-freshgoods-x-990v6-made-in-usa-a-friend-named-cousinprom-blue\/\"]}]},{\"@type\":\"ImageObject\",\"inLanguage\":\"de\",\"@id\":\"https:\/\/tourcruiser.com\/de\/products\/new-balance-joe-freshgoods-x-990v6-made-in-usa-a-friend-named-cousinprom-blue\/#primaryimage\",\"url\":\"https:\/\/images.novelship.com\/product\/new_balance_990v6_miusa_joe_freshgoods_prom_blue_u_0_98484.jpeg;https:\/\/images.novelship.com\/product\/new_balance_990v6_miusa_joe_freshgoods_prom_blue_u_1_98485.jpeg;https:\/\/images.novelship.com\/product\/new_balance_990v6_miusa_joe_freshgoods_prom_blue_u_2_98485.jpeg;https:\/\/images.novelship.com\/product\/new_balance_990v6_miusa_joe_freshgoods_prom_blue_u_3_98485.jpeg;https:\/\/images.novelship.com\/product\/new_balance_990v6_miusa_joe_freshgoods_prom_blue_u_4_98485.jpeg;https:\/\/images.novelship.com\/product\/new_balance_990v6_miusa_joe_freshgoods_prom_blue_u_5_98485.jpeg\",\"contentUrl\":\"https:\/\/images.novelship.com\/product\/new_balance_990v6_miusa_joe_freshgoods_prom_blue_u_0_98484.jpeg;https:\/\/images.novelship.com\/product\/new_balance_990v6_miusa_joe_freshgoods_prom_blue_u_1_98485.jpeg;https:\/\/images.novelship.com\/product\/new_balance_990v6_miusa_joe_freshgoods_prom_blue_u_2_98485.jpeg;https:\/\/images.novelship.com\/product\/new_balance_990v6_miusa_joe_freshgoods_prom_blue_u_3_98485.jpeg;https:\/\/images.novelship.com\/product\/new_balance_990v6_miusa_joe_freshgoods_prom_blue_u_4_98485.jpeg;https:\/\/images.novelship.com\/product\/new_balance_990v6_miusa_joe_freshgoods_prom_blue_u_5_98485.jpeg\"},{\"@type\":\"BreadcrumbList\",\"@id\":\"https:\/\/tourcruiser.com\/de\/products\/new-balance-joe-freshgoods-x-990v6-made-in-usa-a-friend-named-cousinprom-blue\/#breadcrumb\",\"itemListElement\":[{\"@type\":\"ListItem\",\"position\":1,\"name\":\"Home\",\"item\":\"https:\/\/tourcruiser.com\/de\/\"},{\"@type\":\"ListItem\",\"position\":2,\"name\":\"Shop\",\"item\":\"https:\/\/tourcruiser.com\/de\/shop\/\"},{\"@type\":\"ListItem\",\"position\":3,\"name\":\"New Balance Joe Freshgoods x 990v6 Made in USA 'A Friend Named Cousin - Prom Blue'\"}]},{\"@type\":\"WebSite\",\"@id\":\"https:\/\/tourcruiser.com\/de\/#website\",\"url\":\"https:\/\/tourcruiser.com\/de\/\",\"name\":\"Styloral Jewelry Shop\",\"description\":\"Tourcruiser Sneaker Store \u2014 der Ort, an dem das Universum deine Einzigartigkeit trifft.\",\"publisher\":{\"@id\":\"https:\/\/tourcruiser.com\/de\/#organization\"},\"potentialAction\":[{\"@type\":\"SearchAction\",\"target\":{\"@type\":\"EntryPoint\",\"urlTemplate\":\"https:\/\/tourcruiser.com\/de\/?s={search_term_string}\"},\"query-input\":{\"@type\":\"PropertyValueSpecification\",\"valueRequired\":true,\"valueName\":\"search_term_string\"}}],\"inLanguage\":\"de\"},{\"@type\":\"Organization\",\"@id\":\"https:\/\/tourcruiser.com\/de\/#organization\",\"name\":\"STYLORAL PTE. LTD\",\"url\":\"https:\/\/tourcruiser.com\/de\/\",\"logo\":{\"@type\":\"ImageObject\",\"inLanguage\":\"de\",\"@id\":\"https:\/\/tourcruiser.com\/de\/#\/schema\/logo\/image\/\",\"url\":\"https:\/\/www.tourcruiser.com\/wp-content\/uploads\/2025\/12\/logo.png\",\"contentUrl\":\"https:\/\/www.tourcruiser.com\/wp-content\/uploads\/2025\/12\/logo.png\",\"width\":200,\"height\":65,\"caption\":\"STYLORAL PTE. LTD\"},\"image\":{\"@id\":\"https:\/\/tourcruiser.com\/de\/#\/schema\/logo\/image\/\"}}]}<\/script>\n<!-- \/ Yoast SEO plugin. -->","yoast_head_json":{"title":"New Balance Joe Freshgoods x 990v6 Made in USA 'A Friend Named Cousin - Prom Blue'  - Tourcruiser PTE. LTD","robots":{"index":"index","follow":"follow","max-snippet":"max-snippet:-1","max-image-preview":"max-image-preview:large","max-video-preview":"max-video-preview:-1"},"canonical":"https:\/\/tourcruiser.com\/de\/products\/new-balance-joe-freshgoods-x-990v6-made-in-usa-a-friend-named-cousinprom-blue\/","og_locale":"de_DE","og_type":"article","og_title":"New Balance Joe Freshgoods x 990v6 Made in USA 'A Friend Named Cousin - Prom Blue'  - Tourcruiser PTE. LTD","og_description":"New Balance 990v6 Joe Freshgoods \u201d\u201d Blue\/Blue\/Blue","og_url":"https:\/\/tourcruiser.com\/de\/products\/new-balance-joe-freshgoods-x-990v6-made-in-usa-a-friend-named-cousinprom-blue\/","og_site_name":"Tourcruiser Sneaker Store","article_modified_time":"2026-03-27T18:51:22+00:00","twitter_card":"summary_large_image","twitter_image":"https:\/\/images.novelship.com\/product\/new_balance_990v6_miusa_joe_freshgoods_prom_blue_u_0_98484.jpeg;https:\/\/images.novelship.com\/product\/new_balance_990v6_miusa_joe_freshgoods_prom_blue_u_1_98485.jpeg;https:\/\/images.novelship.com\/product\/new_balance_990v6_miusa_joe_freshgoods_prom_blue_u_2_98485.jpeg;https:\/\/images.novelship.com\/product\/new_balance_990v6_miusa_joe_freshgoods_prom_blue_u_3_98485.jpeg;https:\/\/images.novelship.com\/product\/new_balance_990v6_miusa_joe_freshgoods_prom_blue_u_4_98485.jpeg;https:\/\/images.novelship.com\/product\/new_balance_990v6_miusa_joe_freshgoods_prom_blue_u_5_98485.jpeg","twitter_misc":{"Gesch\u00e4tzte Lesezeit":"1\u00a0Minute"},"schema":{"@context":"https:\/\/schema.org","@graph":[{"@type":"WebPage","@id":"https:\/\/tourcruiser.com\/de\/products\/new-balance-joe-freshgoods-x-990v6-made-in-usa-a-friend-named-cousinprom-blue\/","url":"https:\/\/tourcruiser.com\/de\/products\/new-balance-joe-freshgoods-x-990v6-made-in-usa-a-friend-named-cousinprom-blue\/","name":"New Balance Joe Freshgoods x 990v6 Made in USA 'A Friend Named Cousin - Prom Blue' - Tourcruiser PTE. LTD","isPartOf":{"@id":"https:\/\/tourcruiser.com\/de\/#website"},"primaryImageOfPage":{"@id":"https:\/\/tourcruiser.com\/de\/products\/new-balance-joe-freshgoods-x-990v6-made-in-usa-a-friend-named-cousinprom-blue\/#primaryimage"},"image":{"@id":"https:\/\/tourcruiser.com\/de\/products\/new-balance-joe-freshgoods-x-990v6-made-in-usa-a-friend-named-cousinprom-blue\/#primaryimage"},"thumbnailUrl":"https:\/\/images.novelship.com\/product\/new_balance_990v6_miusa_joe_freshgoods_prom_blue_u_0_98484.jpeg;https:\/\/images.novelship.com\/product\/new_balance_990v6_miusa_joe_freshgoods_prom_blue_u_1_98485.jpeg;https:\/\/images.novelship.com\/product\/new_balance_990v6_miusa_joe_freshgoods_prom_blue_u_2_98485.jpeg;https:\/\/images.novelship.com\/product\/new_balance_990v6_miusa_joe_freshgoods_prom_blue_u_3_98485.jpeg;https:\/\/images.novelship.com\/product\/new_balance_990v6_miusa_joe_freshgoods_prom_blue_u_4_98485.jpeg;https:\/\/images.novelship.com\/product\/new_balance_990v6_miusa_joe_freshgoods_prom_blue_u_5_98485.jpeg","datePublished":"2026-03-02T07:51:23+00:00","dateModified":"2026-03-27T18:51:22+00:00","breadcrumb":{"@id":"https:\/\/tourcruiser.com\/de\/products\/new-balance-joe-freshgoods-x-990v6-made-in-usa-a-friend-named-cousinprom-blue\/#breadcrumb"},"inLanguage":"de","potentialAction":[{"@type":"ReadAction","target":["https:\/\/tourcruiser.com\/de\/products\/new-balance-joe-freshgoods-x-990v6-made-in-usa-a-friend-named-cousinprom-blue\/"]}]},{"@type":"ImageObject","inLanguage":"de","@id":"https:\/\/tourcruiser.com\/de\/products\/new-balance-joe-freshgoods-x-990v6-made-in-usa-a-friend-named-cousinprom-blue\/#primaryimage","url":"https:\/\/images.novelship.com\/product\/new_balance_990v6_miusa_joe_freshgoods_prom_blue_u_0_98484.jpeg;https:\/\/images.novelship.com\/product\/new_balance_990v6_miusa_joe_freshgoods_prom_blue_u_1_98485.jpeg;https:\/\/images.novelship.com\/product\/new_balance_990v6_miusa_joe_freshgoods_prom_blue_u_2_98485.jpeg;https:\/\/images.novelship.com\/product\/new_balance_990v6_miusa_joe_freshgoods_prom_blue_u_3_98485.jpeg;https:\/\/images.novelship.com\/product\/new_balance_990v6_miusa_joe_freshgoods_prom_blue_u_4_98485.jpeg;https:\/\/images.novelship.com\/product\/new_balance_990v6_miusa_joe_freshgoods_prom_blue_u_5_98485.jpeg","contentUrl":"https:\/\/images.novelship.com\/product\/new_balance_990v6_miusa_joe_freshgoods_prom_blue_u_0_98484.jpeg;https:\/\/images.novelship.com\/product\/new_balance_990v6_miusa_joe_freshgoods_prom_blue_u_1_98485.jpeg;https:\/\/images.novelship.com\/product\/new_balance_990v6_miusa_joe_freshgoods_prom_blue_u_2_98485.jpeg;https:\/\/images.novelship.com\/product\/new_balance_990v6_miusa_joe_freshgoods_prom_blue_u_3_98485.jpeg;https:\/\/images.novelship.com\/product\/new_balance_990v6_miusa_joe_freshgoods_prom_blue_u_4_98485.jpeg;https:\/\/images.novelship.com\/product\/new_balance_990v6_miusa_joe_freshgoods_prom_blue_u_5_98485.jpeg"},{"@type":"BreadcrumbList","@id":"https:\/\/tourcruiser.com\/de\/products\/new-balance-joe-freshgoods-x-990v6-made-in-usa-a-friend-named-cousinprom-blue\/#breadcrumb","itemListElement":[{"@type":"ListItem","position":1,"name":"Home","item":"https:\/\/tourcruiser.com\/de\/"},{"@type":"ListItem","position":2,"name":"Shop","item":"https:\/\/tourcruiser.com\/de\/shop\/"},{"@type":"ListItem","position":3,"name":"New Balance Joe Freshgoods x 990v6 Made in USA 'A Friend Named Cousin - Prom Blue'"}]},{"@type":"WebSite","@id":"https:\/\/tourcruiser.com\/de\/#website","url":"https:\/\/tourcruiser.com\/de\/","name":"Styloral Jewelry Shop","description":"Tourcruiser Sneaker Store \u2014 der Ort, an dem das Universum deine Einzigartigkeit trifft.","publisher":{"@id":"https:\/\/tourcruiser.com\/de\/#organization"},"potentialAction":[{"@type":"SearchAction","target":{"@type":"EntryPoint","urlTemplate":"https:\/\/tourcruiser.com\/de\/?s={search_term_string}"},"query-input":{"@type":"PropertyValueSpecification","valueRequired":true,"valueName":"search_term_string"}}],"inLanguage":"de"},{"@type":"Organization","@id":"https:\/\/tourcruiser.com\/de\/#organization","name":"STYLORAL PTE. LTD","url":"https:\/\/tourcruiser.com\/de\/","logo":{"@type":"ImageObject","inLanguage":"de","@id":"https:\/\/tourcruiser.com\/de\/#\/schema\/logo\/image\/","url":"https:\/\/www.tourcruiser.com\/wp-content\/uploads\/2025\/12\/logo.png","contentUrl":"https:\/\/www.tourcruiser.com\/wp-content\/uploads\/2025\/12\/logo.png","width":200,"height":65,"caption":"STYLORAL PTE. LTD"},"image":{"@id":"https:\/\/tourcruiser.com\/de\/#\/schema\/logo\/image\/"}}]}},"_links":{"self":[{"href":"https:\/\/tourcruiser.com\/de\/wp-json\/wp\/v2\/product\/38588","targetHints":{"allow":["GET"]}}],"collection":[{"href":"https:\/\/tourcruiser.com\/de\/wp-json\/wp\/v2\/product"}],"about":[{"href":"https:\/\/tourcruiser.com\/de\/wp-json\/wp\/v2\/types\/product"}],"replies":[{"embeddable":true,"href":"https:\/\/tourcruiser.com\/de\/wp-json\/wp\/v2\/comments?post=38588"}],"wp:featuredmedia":[{"embeddable":true,"href":"https:\/\/tourcruiser.com\/de\/wp-json\/wp\/v2\/media\/38589"}],"wp:attachment":[{"href":"https:\/\/tourcruiser.com\/de\/wp-json\/wp\/v2\/media?parent=38588"}],"wp:term":[{"taxonomy":"product_brand","embeddable":true,"href":"https:\/\/tourcruiser.com\/de\/wp-json\/wp\/v2\/product_brand?post=38588"},{"taxonomy":"product_cat","embeddable":true,"href":"https:\/\/tourcruiser.com\/de\/wp-json\/wp\/v2\/product_cat?post=38588"},{"taxonomy":"product_tag","embeddable":true,"href":"https:\/\/tourcruiser.com\/de\/wp-json\/wp\/v2\/product_tag?post=38588"}],"curies":[{"name":"wp","href":"https:\/\/api.w.org\/{rel}","templated":true}]}}