{"id":38545,"date":"2026-03-02T14:51:19","date_gmt":"2026-03-02T07:51:19","guid":{"rendered":"http:\/\/tourcruiser.com\/product\/asics-gel-sonoma-8-gtx"},"modified":"2026-03-28T00:47:22","modified_gmt":"2026-03-27T17:47:22","slug":"asics-gel-sonoma-8-gtx","status":"publish","type":"product","link":"https:\/\/tourcruiser.com\/de\/products\/asics-gel-sonoma-8-gtx\/","title":{"rendered":"ASICS GEL-SONOMA 8 GTX"},"content":{"rendered":"<p>Erleben Sie Komfort in jedem Gel\u00e4nde mit dem ASICS GEL-SONOMA 8 GTX 1011B977-002 \u201d\u201c entwickelt f\u00fcr Trailrunner und Outdoor-Fans, die Wert auf Leistung und Langlebigkeit legen. Ausgestattet mit fortschrittlicher GORE-TEX-Technologie bietet dieser Schuh hervorragenden N\u00e4sseschutz bei gleichzeitig hoher Atmungsaktivit\u00e4t, sodass Ihre F\u00fc\u00dfe bei unterschiedlichen Wetterbedingungen trocken und komfortabel bleiben. Die leichte und dennoch robuste Zwischensohle mit GEL-D\u00e4mpfung absorbiert St\u00f6\u00dfe und sorgt f\u00fcr ein geschmeidiges Laufgef\u00fchl. Die robuste Au\u00dfensohle garantiert optimalen Grip und Stabilit\u00e4t auf unebenem Untergrund und ist damit perfekt f\u00fcr anspruchsvolle Trails geeignet. Ob matschige Pfade oder felsiges Gel\u00e4nde \u201d\u201c der GEL-SONOMA 8 GTX bietet zuverl\u00e4ssige Traktion und Unterst\u00fctzung. Die nahtlose Passform, verst\u00e4rkte Materialien und das verstellbare Schn\u00fcrsystem garantieren individuellen Komfort und sicheren Halt. Das moderne, flache Design vereint Funktionalit\u00e4t und Stil und passt perfekt zu Outdoor-Abenteuern und urbaner Freizeitkleidung. Investiere in den ASICS GEL-SONOMA 8 GTX f\u00fcr vielseitige und langlebige Performance, die dich bei jedem Schritt unterst\u00fctzt.<\/p>\n<ul>\n<li><strong>Farbgebung:<\/strong> Schwarz\/Carrier Grey<\/li>\n<li><strong>Artikelnummer:<\/strong> 1011B977-002<\/li>\n<li><strong>Obermaterial:<\/strong> GORE-TEX<\/li>\n<li><strong>Zwischensohle:<\/strong> AmpliFoam+<\/li>\n<li><strong>Farbe:<\/strong> Schwarz<\/li>\n<\/ul>\n","protected":false},"excerpt":{"rendered":"<p>ASICS Gel-Sonoma 8 GTX \u201d\u201d Black\/Carrier Grey<\/p>\n","protected":false},"featured_media":38546,"comment_status":"open","ping_status":"closed","template":"","meta":[],"product_brand":[],"product_cat":[10792],"product_tag":[10917],"class_list":{"0":"post-38545","1":"product","2":"type-product","3":"status-publish","4":"has-post-thumbnail","6":"product_cat-asics","7":"product_tag-small-130-usd","8":"wcpa_has_options","10":"first","11":"outofstock","12":"taxable","13":"shipping-taxable","14":"purchasable","15":"product-type-simple"},"wcpa_form_fields":{"rules":{"pric_overide_base_price":false,"pric_overide_base_price_if_gt_zero":false,"pric_overide_base_price_fully":false,"pric_cal_option_once":false,"pric_use_as_fee":false,"bind_quantity":false,"quantity_bind_formula":false},"fields":[{"type":"color-group","required":true,"elementId":"wcpa-color-group-69a5ab08ee12d","label":"Gr\u00f6\u00dfe","inline":true,"priceOptions":"different_for_all","pricingType":"fixed","className":"hassizechart product-shoes-size-eu product-shoes-size","name":"color-group-69a5ab08ee136","disp_type":"square","selection_type":"tick-border","disp_size":"50","show_label_inside":true,"adjust_width":true,"cart_display_type":"text","other_text":"Other","cl_rule":"show","col":6,"values":[{"label":"36","value":"EU 36","price":"","pimage":"","pimage_id":"","pthumb":"","color":"","selected":true},{"label":"37","value":"EU 37","price":"","pimage":"","pimage_id":"","pthumb":"","color":""},{"label":"37.5","value":"EU 37.5","price":"","pimage":"","pimage_id":"","pthumb":"","color":""},{"label":"38","value":"EU 38","price":"","pimage":"","pimage_id":"","pthumb":"","color":""},{"label":"38.5","value":"EU 38.5","price":"","pimage":"","pimage_id":"","pthumb":"","color":""},{"label":"39","value":"EU 39","price":"","pimage":"","pimage_id":"","pthumb":"","color":""},{"label":"39.5","value":"EU 39.5","price":"","pimage":"","pimage_id":"","pthumb":"","color":""},{"label":"40","value":"EU 40","price":"","pimage":"","pimage_id":"","pthumb":"","color":""},{"label":"40.5","value":"EU 40.5","price":"","pimage":"","pimage_id":"","pthumb":"","color":""},{"label":" 41.5","value":"EU 41.5","price":"","pimage":"","pimage_id":"","pthumb":"","color":""},{"label":"42","value":"EU 42","price":"","pimage":"","pimage_id":"","pthumb":"","color":""},{"label":"42.5","value":"EU 42.5","price":"","pimage":"","pimage_id":"","pthumb":"","color":""},{"label":"43.5","value":"EU 43.5","price":"","pimage":"","pimage_id":"","pthumb":"","color":""},{"label":"44","value":"EU 44","price":"","pimage":"","pimage_id":"","pthumb":"","color":""},{"label":"44.5","value":"EU 44.5","price":"","pimage":"","pimage_id":"","pthumb":"","color":""},{"label":"45","value":"EU 45","price":"","pimage":"","pimage_id":"","pthumb":"","color":""}],"relations":[{"operator":false,"rules":[]}],"form_id":184311,"form_rules":{"pric_cal_option_once":false,"exclude_from_discount":false,"pric_use_as_fee":false,"fee_label":"Fee","render_after_acb":false,"disp_hide_options_price":false}}]},"yoast_head":"<!-- This site is optimized with the Yoast SEO plugin v26.5 - https:\/\/yoast.com\/wordpress\/plugins\/seo\/ -->\n<title>ASICS GEL-SONOMA 8 GTX  - Tourcruiser PTE. LTD<\/title>\n<meta name=\"robots\" content=\"index, follow, max-snippet:-1, max-image-preview:large, max-video-preview:-1\" \/>\n<link rel=\"canonical\" href=\"https:\/\/tourcruiser.com\/de\/products\/asics-gel-sonoma-8-gtx\/\" \/>\n<meta property=\"og:locale\" content=\"de_DE\" \/>\n<meta property=\"og:type\" content=\"article\" \/>\n<meta property=\"og:title\" content=\"ASICS GEL-SONOMA 8 GTX  - Tourcruiser PTE. LTD\" \/>\n<meta property=\"og:description\" content=\"ASICS Gel-Sonoma 8 GTX \u201d\u201d Black\/Carrier Grey\" \/>\n<meta property=\"og:url\" content=\"https:\/\/tourcruiser.com\/de\/products\/asics-gel-sonoma-8-gtx\/\" \/>\n<meta property=\"og:site_name\" content=\"Tourcruiser Sneaker Store\" \/>\n<meta property=\"article:modified_time\" content=\"2026-03-27T17:47:22+00:00\" \/>\n<meta name=\"twitter:card\" content=\"summary_large_image\" \/>\n<meta name=\"twitter:image\" content=\"https:\/\/images.novelship.com\/product\/asics_gel-sonoma_8_gtx_1011b977-002_0_18531.jpeg;https:\/\/images.novelship.com\/product\/asics_gel-sonoma_8_gtx_1011b977-002_1_18531.jpeg;https:\/\/images.novelship.com\/product\/asics_gel-sonoma_8_gtx_1011b977-002_2_18531.jpeg;https:\/\/images.novelship.com\/product\/asics_gel-sonoma_8_gtx_1011b977-002_3_18531.jpeg;https:\/\/images.novelship.com\/product\/asics_gel-sonoma_8_gtx_1011b977-002_4_18531.jpeg;https:\/\/images.novelship.com\/product\/asics_gel-sonoma_8_gtx_1011b977-002_5_18531.jpeg;https:\/\/images.novelship.com\/product\/asics_gel-sonoma_8_gtx_1011b977-002_6_18531.jpeg;https:\/\/images.novelship.com\/product\/asics_gel-sonoma_8_gtx_1011b977-002_7_18531.jpeg\" \/>\n<meta name=\"twitter:label1\" content=\"Gesch\u00e4tzte Lesezeit\" \/>\n\t<meta name=\"twitter:data1\" content=\"1\u00a0Minute\" \/>\n<script type=\"application\/ld+json\" class=\"yoast-schema-graph\">{\"@context\":\"https:\/\/schema.org\",\"@graph\":[{\"@type\":\"WebPage\",\"@id\":\"https:\/\/tourcruiser.com\/de\/products\/asics-gel-sonoma-8-gtx\/\",\"url\":\"https:\/\/tourcruiser.com\/de\/products\/asics-gel-sonoma-8-gtx\/\",\"name\":\"ASICS GEL-SONOMA 8 GTX - Tourcruiser PTE. LTD\",\"isPartOf\":{\"@id\":\"https:\/\/tourcruiser.com\/de\/#website\"},\"primaryImageOfPage\":{\"@id\":\"https:\/\/tourcruiser.com\/de\/products\/asics-gel-sonoma-8-gtx\/#primaryimage\"},\"image\":{\"@id\":\"https:\/\/tourcruiser.com\/de\/products\/asics-gel-sonoma-8-gtx\/#primaryimage\"},\"thumbnailUrl\":\"https:\/\/images.novelship.com\/product\/asics_gel-sonoma_8_gtx_1011b977-002_0_18531.jpeg;https:\/\/images.novelship.com\/product\/asics_gel-sonoma_8_gtx_1011b977-002_1_18531.jpeg;https:\/\/images.novelship.com\/product\/asics_gel-sonoma_8_gtx_1011b977-002_2_18531.jpeg;https:\/\/images.novelship.com\/product\/asics_gel-sonoma_8_gtx_1011b977-002_3_18531.jpeg;https:\/\/images.novelship.com\/product\/asics_gel-sonoma_8_gtx_1011b977-002_4_18531.jpeg;https:\/\/images.novelship.com\/product\/asics_gel-sonoma_8_gtx_1011b977-002_5_18531.jpeg;https:\/\/images.novelship.com\/product\/asics_gel-sonoma_8_gtx_1011b977-002_6_18531.jpeg;https:\/\/images.novelship.com\/product\/asics_gel-sonoma_8_gtx_1011b977-002_7_18531.jpeg\",\"datePublished\":\"2026-03-02T07:51:19+00:00\",\"dateModified\":\"2026-03-27T17:47:22+00:00\",\"breadcrumb\":{\"@id\":\"https:\/\/tourcruiser.com\/de\/products\/asics-gel-sonoma-8-gtx\/#breadcrumb\"},\"inLanguage\":\"de\",\"potentialAction\":[{\"@type\":\"ReadAction\",\"target\":[\"https:\/\/tourcruiser.com\/de\/products\/asics-gel-sonoma-8-gtx\/\"]}]},{\"@type\":\"ImageObject\",\"inLanguage\":\"de\",\"@id\":\"https:\/\/tourcruiser.com\/de\/products\/asics-gel-sonoma-8-gtx\/#primaryimage\",\"url\":\"https:\/\/images.novelship.com\/product\/asics_gel-sonoma_8_gtx_1011b977-002_0_18531.jpeg;https:\/\/images.novelship.com\/product\/asics_gel-sonoma_8_gtx_1011b977-002_1_18531.jpeg;https:\/\/images.novelship.com\/product\/asics_gel-sonoma_8_gtx_1011b977-002_2_18531.jpeg;https:\/\/images.novelship.com\/product\/asics_gel-sonoma_8_gtx_1011b977-002_3_18531.jpeg;https:\/\/images.novelship.com\/product\/asics_gel-sonoma_8_gtx_1011b977-002_4_18531.jpeg;https:\/\/images.novelship.com\/product\/asics_gel-sonoma_8_gtx_1011b977-002_5_18531.jpeg;https:\/\/images.novelship.com\/product\/asics_gel-sonoma_8_gtx_1011b977-002_6_18531.jpeg;https:\/\/images.novelship.com\/product\/asics_gel-sonoma_8_gtx_1011b977-002_7_18531.jpeg\",\"contentUrl\":\"https:\/\/images.novelship.com\/product\/asics_gel-sonoma_8_gtx_1011b977-002_0_18531.jpeg;https:\/\/images.novelship.com\/product\/asics_gel-sonoma_8_gtx_1011b977-002_1_18531.jpeg;https:\/\/images.novelship.com\/product\/asics_gel-sonoma_8_gtx_1011b977-002_2_18531.jpeg;https:\/\/images.novelship.com\/product\/asics_gel-sonoma_8_gtx_1011b977-002_3_18531.jpeg;https:\/\/images.novelship.com\/product\/asics_gel-sonoma_8_gtx_1011b977-002_4_18531.jpeg;https:\/\/images.novelship.com\/product\/asics_gel-sonoma_8_gtx_1011b977-002_5_18531.jpeg;https:\/\/images.novelship.com\/product\/asics_gel-sonoma_8_gtx_1011b977-002_6_18531.jpeg;https:\/\/images.novelship.com\/product\/asics_gel-sonoma_8_gtx_1011b977-002_7_18531.jpeg\"},{\"@type\":\"BreadcrumbList\",\"@id\":\"https:\/\/tourcruiser.com\/de\/products\/asics-gel-sonoma-8-gtx\/#breadcrumb\",\"itemListElement\":[{\"@type\":\"ListItem\",\"position\":1,\"name\":\"Home\",\"item\":\"https:\/\/tourcruiser.com\/de\/\"},{\"@type\":\"ListItem\",\"position\":2,\"name\":\"Shop\",\"item\":\"https:\/\/tourcruiser.com\/de\/shop\/\"},{\"@type\":\"ListItem\",\"position\":3,\"name\":\"ASICS GEL-SONOMA 8 GTX\"}]},{\"@type\":\"WebSite\",\"@id\":\"https:\/\/tourcruiser.com\/de\/#website\",\"url\":\"https:\/\/tourcruiser.com\/de\/\",\"name\":\"Styloral Jewelry Shop\",\"description\":\"Tourcruiser Sneaker Store \u2014 der Ort, an dem das Universum deine Einzigartigkeit trifft.\",\"publisher\":{\"@id\":\"https:\/\/tourcruiser.com\/de\/#organization\"},\"potentialAction\":[{\"@type\":\"SearchAction\",\"target\":{\"@type\":\"EntryPoint\",\"urlTemplate\":\"https:\/\/tourcruiser.com\/de\/?s={search_term_string}\"},\"query-input\":{\"@type\":\"PropertyValueSpecification\",\"valueRequired\":true,\"valueName\":\"search_term_string\"}}],\"inLanguage\":\"de\"},{\"@type\":\"Organization\",\"@id\":\"https:\/\/tourcruiser.com\/de\/#organization\",\"name\":\"STYLORAL PTE. LTD\",\"url\":\"https:\/\/tourcruiser.com\/de\/\",\"logo\":{\"@type\":\"ImageObject\",\"inLanguage\":\"de\",\"@id\":\"https:\/\/tourcruiser.com\/de\/#\/schema\/logo\/image\/\",\"url\":\"https:\/\/www.tourcruiser.com\/wp-content\/uploads\/2025\/12\/logo.png\",\"contentUrl\":\"https:\/\/www.tourcruiser.com\/wp-content\/uploads\/2025\/12\/logo.png\",\"width\":200,\"height\":65,\"caption\":\"STYLORAL PTE. LTD\"},\"image\":{\"@id\":\"https:\/\/tourcruiser.com\/de\/#\/schema\/logo\/image\/\"}}]}<\/script>\n<!-- \/ Yoast SEO plugin. -->","yoast_head_json":{"title":"ASICS GEL-SONOMA 8 GTX  - Tourcruiser PTE. LTD","robots":{"index":"index","follow":"follow","max-snippet":"max-snippet:-1","max-image-preview":"max-image-preview:large","max-video-preview":"max-video-preview:-1"},"canonical":"https:\/\/tourcruiser.com\/de\/products\/asics-gel-sonoma-8-gtx\/","og_locale":"de_DE","og_type":"article","og_title":"ASICS GEL-SONOMA 8 GTX  - Tourcruiser PTE. LTD","og_description":"ASICS Gel-Sonoma 8 GTX \u201d\u201d Black\/Carrier Grey","og_url":"https:\/\/tourcruiser.com\/de\/products\/asics-gel-sonoma-8-gtx\/","og_site_name":"Tourcruiser Sneaker Store","article_modified_time":"2026-03-27T17:47:22+00:00","twitter_card":"summary_large_image","twitter_image":"https:\/\/images.novelship.com\/product\/asics_gel-sonoma_8_gtx_1011b977-002_0_18531.jpeg;https:\/\/images.novelship.com\/product\/asics_gel-sonoma_8_gtx_1011b977-002_1_18531.jpeg;https:\/\/images.novelship.com\/product\/asics_gel-sonoma_8_gtx_1011b977-002_2_18531.jpeg;https:\/\/images.novelship.com\/product\/asics_gel-sonoma_8_gtx_1011b977-002_3_18531.jpeg;https:\/\/images.novelship.com\/product\/asics_gel-sonoma_8_gtx_1011b977-002_4_18531.jpeg;https:\/\/images.novelship.com\/product\/asics_gel-sonoma_8_gtx_1011b977-002_5_18531.jpeg;https:\/\/images.novelship.com\/product\/asics_gel-sonoma_8_gtx_1011b977-002_6_18531.jpeg;https:\/\/images.novelship.com\/product\/asics_gel-sonoma_8_gtx_1011b977-002_7_18531.jpeg","twitter_misc":{"Gesch\u00e4tzte Lesezeit":"1\u00a0Minute"},"schema":{"@context":"https:\/\/schema.org","@graph":[{"@type":"WebPage","@id":"https:\/\/tourcruiser.com\/de\/products\/asics-gel-sonoma-8-gtx\/","url":"https:\/\/tourcruiser.com\/de\/products\/asics-gel-sonoma-8-gtx\/","name":"ASICS GEL-SONOMA 8 GTX - Tourcruiser PTE. LTD","isPartOf":{"@id":"https:\/\/tourcruiser.com\/de\/#website"},"primaryImageOfPage":{"@id":"https:\/\/tourcruiser.com\/de\/products\/asics-gel-sonoma-8-gtx\/#primaryimage"},"image":{"@id":"https:\/\/tourcruiser.com\/de\/products\/asics-gel-sonoma-8-gtx\/#primaryimage"},"thumbnailUrl":"https:\/\/images.novelship.com\/product\/asics_gel-sonoma_8_gtx_1011b977-002_0_18531.jpeg;https:\/\/images.novelship.com\/product\/asics_gel-sonoma_8_gtx_1011b977-002_1_18531.jpeg;https:\/\/images.novelship.com\/product\/asics_gel-sonoma_8_gtx_1011b977-002_2_18531.jpeg;https:\/\/images.novelship.com\/product\/asics_gel-sonoma_8_gtx_1011b977-002_3_18531.jpeg;https:\/\/images.novelship.com\/product\/asics_gel-sonoma_8_gtx_1011b977-002_4_18531.jpeg;https:\/\/images.novelship.com\/product\/asics_gel-sonoma_8_gtx_1011b977-002_5_18531.jpeg;https:\/\/images.novelship.com\/product\/asics_gel-sonoma_8_gtx_1011b977-002_6_18531.jpeg;https:\/\/images.novelship.com\/product\/asics_gel-sonoma_8_gtx_1011b977-002_7_18531.jpeg","datePublished":"2026-03-02T07:51:19+00:00","dateModified":"2026-03-27T17:47:22+00:00","breadcrumb":{"@id":"https:\/\/tourcruiser.com\/de\/products\/asics-gel-sonoma-8-gtx\/#breadcrumb"},"inLanguage":"de","potentialAction":[{"@type":"ReadAction","target":["https:\/\/tourcruiser.com\/de\/products\/asics-gel-sonoma-8-gtx\/"]}]},{"@type":"ImageObject","inLanguage":"de","@id":"https:\/\/tourcruiser.com\/de\/products\/asics-gel-sonoma-8-gtx\/#primaryimage","url":"https:\/\/images.novelship.com\/product\/asics_gel-sonoma_8_gtx_1011b977-002_0_18531.jpeg;https:\/\/images.novelship.com\/product\/asics_gel-sonoma_8_gtx_1011b977-002_1_18531.jpeg;https:\/\/images.novelship.com\/product\/asics_gel-sonoma_8_gtx_1011b977-002_2_18531.jpeg;https:\/\/images.novelship.com\/product\/asics_gel-sonoma_8_gtx_1011b977-002_3_18531.jpeg;https:\/\/images.novelship.com\/product\/asics_gel-sonoma_8_gtx_1011b977-002_4_18531.jpeg;https:\/\/images.novelship.com\/product\/asics_gel-sonoma_8_gtx_1011b977-002_5_18531.jpeg;https:\/\/images.novelship.com\/product\/asics_gel-sonoma_8_gtx_1011b977-002_6_18531.jpeg;https:\/\/images.novelship.com\/product\/asics_gel-sonoma_8_gtx_1011b977-002_7_18531.jpeg","contentUrl":"https:\/\/images.novelship.com\/product\/asics_gel-sonoma_8_gtx_1011b977-002_0_18531.jpeg;https:\/\/images.novelship.com\/product\/asics_gel-sonoma_8_gtx_1011b977-002_1_18531.jpeg;https:\/\/images.novelship.com\/product\/asics_gel-sonoma_8_gtx_1011b977-002_2_18531.jpeg;https:\/\/images.novelship.com\/product\/asics_gel-sonoma_8_gtx_1011b977-002_3_18531.jpeg;https:\/\/images.novelship.com\/product\/asics_gel-sonoma_8_gtx_1011b977-002_4_18531.jpeg;https:\/\/images.novelship.com\/product\/asics_gel-sonoma_8_gtx_1011b977-002_5_18531.jpeg;https:\/\/images.novelship.com\/product\/asics_gel-sonoma_8_gtx_1011b977-002_6_18531.jpeg;https:\/\/images.novelship.com\/product\/asics_gel-sonoma_8_gtx_1011b977-002_7_18531.jpeg"},{"@type":"BreadcrumbList","@id":"https:\/\/tourcruiser.com\/de\/products\/asics-gel-sonoma-8-gtx\/#breadcrumb","itemListElement":[{"@type":"ListItem","position":1,"name":"Home","item":"https:\/\/tourcruiser.com\/de\/"},{"@type":"ListItem","position":2,"name":"Shop","item":"https:\/\/tourcruiser.com\/de\/shop\/"},{"@type":"ListItem","position":3,"name":"ASICS GEL-SONOMA 8 GTX"}]},{"@type":"WebSite","@id":"https:\/\/tourcruiser.com\/de\/#website","url":"https:\/\/tourcruiser.com\/de\/","name":"Styloral Jewelry Shop","description":"Tourcruiser Sneaker Store \u2014 der Ort, an dem das Universum deine Einzigartigkeit trifft.","publisher":{"@id":"https:\/\/tourcruiser.com\/de\/#organization"},"potentialAction":[{"@type":"SearchAction","target":{"@type":"EntryPoint","urlTemplate":"https:\/\/tourcruiser.com\/de\/?s={search_term_string}"},"query-input":{"@type":"PropertyValueSpecification","valueRequired":true,"valueName":"search_term_string"}}],"inLanguage":"de"},{"@type":"Organization","@id":"https:\/\/tourcruiser.com\/de\/#organization","name":"STYLORAL PTE. LTD","url":"https:\/\/tourcruiser.com\/de\/","logo":{"@type":"ImageObject","inLanguage":"de","@id":"https:\/\/tourcruiser.com\/de\/#\/schema\/logo\/image\/","url":"https:\/\/www.tourcruiser.com\/wp-content\/uploads\/2025\/12\/logo.png","contentUrl":"https:\/\/www.tourcruiser.com\/wp-content\/uploads\/2025\/12\/logo.png","width":200,"height":65,"caption":"STYLORAL PTE. LTD"},"image":{"@id":"https:\/\/tourcruiser.com\/de\/#\/schema\/logo\/image\/"}}]}},"_links":{"self":[{"href":"https:\/\/tourcruiser.com\/de\/wp-json\/wp\/v2\/product\/38545","targetHints":{"allow":["GET"]}}],"collection":[{"href":"https:\/\/tourcruiser.com\/de\/wp-json\/wp\/v2\/product"}],"about":[{"href":"https:\/\/tourcruiser.com\/de\/wp-json\/wp\/v2\/types\/product"}],"replies":[{"embeddable":true,"href":"https:\/\/tourcruiser.com\/de\/wp-json\/wp\/v2\/comments?post=38545"}],"wp:featuredmedia":[{"embeddable":true,"href":"https:\/\/tourcruiser.com\/de\/wp-json\/wp\/v2\/media\/38546"}],"wp:attachment":[{"href":"https:\/\/tourcruiser.com\/de\/wp-json\/wp\/v2\/media?parent=38545"}],"wp:term":[{"taxonomy":"product_brand","embeddable":true,"href":"https:\/\/tourcruiser.com\/de\/wp-json\/wp\/v2\/product_brand?post=38545"},{"taxonomy":"product_cat","embeddable":true,"href":"https:\/\/tourcruiser.com\/de\/wp-json\/wp\/v2\/product_cat?post=38545"},{"taxonomy":"product_tag","embeddable":true,"href":"https:\/\/tourcruiser.com\/de\/wp-json\/wp\/v2\/product_tag?post=38545"}],"curies":[{"name":"wp","href":"https:\/\/api.w.org\/{rel}","templated":true}]}}