{"id":38423,"date":"2026-03-02T14:51:09","date_gmt":"2026-03-02T07:51:09","guid":{"rendered":"http:\/\/tourcruiser.com\/product\/women-nike-jam"},"modified":"2026-03-28T00:47:17","modified_gmt":"2026-03-27T17:47:17","slug":"women-nike-jam","status":"publish","type":"product","link":"https:\/\/tourcruiser.com\/de\/products\/women-nike-jam\/","title":{"rendered":"(Women) Nike Jam"},"content":{"rendered":"<p>Mit dem Nike Jam FN0314-101, einem vielseitigen Damen-Sneaker, der modernes Design und Komfort f\u00fcr jeden Tag vereint, bereichern Sie Ihren aktiven Lifestyle. Dieser Schuh wurde f\u00fcr Freizeitaktivit\u00e4ten und leichte Workouts entwickelt und bietet die perfekte Balance aus Stil und Funktionalit\u00e4t. Dank des atmungsaktiven Obermaterials genie\u00dfen Sie ganzt\u00e4gigen Tragekomfort und einen eleganten, modernen Look. Die leichte D\u00e4mpfung bietet optimale Unterst\u00fctzung bei dynamischen Aktivit\u00e4ten und sorgt daf\u00fcr, dass Sie sich den ganzen Tag \u00fcber wohlf\u00fchlen und voller Energie sind.<\/p>\n<p>Der Nike Jam FN0314-101 wurde mit Pr\u00e4zision und einem Gesp\u00fcr f\u00fcr Mode gefertigt und verf\u00fcgt \u00fcber eine strapazierf\u00e4hige Au\u00dfensohle, die hervorragenden Grip und Stabilit\u00e4t auf verschiedenen Untergr\u00fcnden bietet. Sein klares, minimalistisches Design macht ihn vielseitig kombinierbar \u201d\u201c von Athleisure bis Streetwear. Ob Sie Besorgungen erledigen, einen Spaziergang machen oder sich mit Freunden auf einen Kaffee treffen: Dieser Sneaker ist die perfekte Wahl f\u00fcr unvergleichlichen Stil und optimale Performance.<\/p>\n<p>Erleben Sie die perfekte Kombination aus Funktionalit\u00e4t und Style mit dem Nike Jam FN0314-101 \u201d\u201c einem legend\u00e4ren Schuh, der Nikes Engagement f\u00fcr Qualit\u00e4t und Innovation verk\u00f6rpert. Dieser Sneaker wurde f\u00fcr die moderne Frau mit einem aktiven Lebensstil entworfen und ist der ideale Begleiter f\u00fcr Sport und Freizeit.<\/p>\n<ul>\n<li><strong>Farbgebung:<\/strong> Sail\/Armory Navy\/Metallic Silver\/Summit White<\/li>\n<li><strong>Style-Code:<\/strong> FN0314-101<\/li>\n<li><strong>Obermaterial:<\/strong> Mesh<\/li>\n<li><strong>Farbe:<\/strong> Wei\u00df<\/li>\n<\/ul>\n","protected":false},"excerpt":{"rendered":"<p>Nike Jam \u201d\u201d Sail\/Armory Navy\/Metallic Silver\/Summit White<\/p>\n","protected":false},"featured_media":38424,"comment_status":"open","ping_status":"closed","template":"","meta":[],"product_brand":[],"product_cat":[10809],"product_tag":[10750,10754,10777,10801,10758],"class_list":{"0":"post-38423","1":"product","2":"type-product","3":"status-publish","4":"has-post-thumbnail","6":"product_cat-nike-women","7":"product_tag-athleisure-shoes","8":"product_tag-lifestyle-casual-shoes","9":"product_tag-lifestyle-shoes-basketball-inspired","10":"product_tag-nike","11":"product_tag-under-retail","12":"wcpa_has_options","14":"first","15":"outofstock","16":"taxable","17":"shipping-taxable","18":"purchasable","19":"product-type-simple"},"wcpa_form_fields":{"rules":{"pric_overide_base_price":false,"pric_overide_base_price_if_gt_zero":false,"pric_overide_base_price_fully":false,"pric_cal_option_once":false,"pric_use_as_fee":false,"bind_quantity":false,"quantity_bind_formula":false},"fields":[{"type":"color-group","required":true,"elementId":"wcpa-color-group-66c4a75505e74","label":"Gr\u00f6\u00dfe - EU Gr\u00f6\u00dfe","inline":true,"priceOptions":"different_for_all","pricingType":"fixed","className":"hassizechart product-shoes-size-eu product-shoes-size","name":"color-group-66c4a75505e89","disp_type":"square","selection_type":"tick-border","disp_size":"44","show_label_inside":true,"adjust_width":true,"cart_display_type":"text","other_text":"Other","cl_rule":"show","col":6,"values":[{"label":"35.5","value":"EU 35.5","price":"","pimage":"","pimage_id":"","pthumb":"","color":""},{"label":"36","value":"EU 36","price":"","pimage":"","pimage_id":"","pthumb":"","color":"","selected":true},{"label":"36.5","value":"EU 36.5","price":"","pimage":"","pimage_id":"","pthumb":"","color":""},{"label":"37.5","value":"EU 37.5","price":"","pimage":"","pimage_id":"","pthumb":"","color":""},{"label":"38","value":"EU 38","price":"","pimage":"","pimage_id":"","pthumb":"","color":""},{"label":"38.5","value":"EU 38.5","price":"","pimage":"","pimage_id":"","pthumb":"","color":""},{"label":"39","value":"EU 39","price":"","pimage":"","pimage_id":"","pthumb":"","color":""},{"label":"40","value":"EU 40","price":"","pimage":"","pimage_id":"","pthumb":"","color":""},{"label":"40.5","value":"EU 40.5","price":"","pimage":"","pimage_id":"","pthumb":"","color":""},{"label":"41","value":"EU 41","price":"","pimage":"","pimage_id":"","pthumb":"","color":""},{"label":"42","value":"EU 42","price":"","pimage":"","pimage_id":"","pthumb":"","color":""},{"label":"42.5","value":"EU 42.5","price":"","pimage":"","pimage_id":"","pthumb":"","color":""},{"label":"43","value":"EU 43","price":"","pimage":"","pimage_id":"","pthumb":"","color":""},{"label":"44","value":"EU 44","price":"","pimage":"","pimage_id":"","pthumb":"","color":""},{"label":"44.5","value":"EU 44.5","price":"","pimage":"","pimage_id":"","pthumb":"","color":""},{"label":"45","value":"EU 45","price":"","pimage":"","pimage_id":"","pthumb":"","color":""},{"label":"45.5","value":"EU 45.5","price":"","pimage":"","pimage_id":"","pthumb":"","color":""},{"label":"46","value":"EU 46","price":"","pimage":"","pimage_id":"","pthumb":"","color":""},{"label":"47","value":"EU 47","price":"","pimage":"","pimage_id":"","pthumb":"","color":""},{"label":"47.5","value":"EU 47.5","price":"","pimage":"","pimage_id":"","pthumb":"","color":""},{"label":"48","value":"EU 48","price":"","pimage":"","pimage_id":"","pthumb":"","color":""}],"relations":[{"operator":false,"rules":[]}],"form_id":18106,"form_rules":{"pric_cal_option_once":false,"exclude_from_discount":false,"pric_use_as_fee":false,"fee_label":"Fee","render_after_acb":false,"disp_hide_options_price":false}}]},"yoast_head":"<!-- This site is optimized with the Yoast SEO plugin v26.5 - https:\/\/yoast.com\/wordpress\/plugins\/seo\/ -->\n<title>(Women) Nike Jam  - Tourcruiser PTE. LTD<\/title>\n<meta name=\"robots\" content=\"index, follow, max-snippet:-1, max-image-preview:large, max-video-preview:-1\" \/>\n<link rel=\"canonical\" href=\"https:\/\/tourcruiser.com\/de\/products\/women-nike-jam\/\" \/>\n<meta property=\"og:locale\" content=\"de_DE\" \/>\n<meta property=\"og:type\" content=\"article\" \/>\n<meta property=\"og:title\" content=\"(Women) Nike Jam  - Tourcruiser PTE. LTD\" \/>\n<meta property=\"og:description\" content=\"Nike Jam \u201d\u201d Sail\/Armory Navy\/Metallic Silver\/Summit White\" \/>\n<meta property=\"og:url\" content=\"https:\/\/tourcruiser.com\/de\/products\/women-nike-jam\/\" \/>\n<meta property=\"og:site_name\" content=\"Tourcruiser Sneaker Store\" \/>\n<meta property=\"article:modified_time\" content=\"2026-03-27T17:47:17+00:00\" \/>\n<meta name=\"twitter:card\" content=\"summary_large_image\" \/>\n<meta name=\"twitter:image\" content=\"https:\/\/images.novelship.com\/product\/_women__nike_jam_fn0314-101_0_52140.png;https:\/\/images.novelship.com\/product\/_women__nike_jam_fn0314-101_1_52140.png;https:\/\/images.novelship.com\/product\/_women__nike_jam_fn0314-101_2_52140.png;https:\/\/images.novelship.com\/product\/_women__nike_jam_fn0314-101_3_52140.png;https:\/\/images.novelship.com\/product\/_women__nike_jam_fn0314-101_4_52140.png;https:\/\/images.novelship.com\/product\/_women__nike_jam_fn0314-101_5_52140.png;https:\/\/images.novelship.com\/product\/_women__nike_jam_fn0314-101_6_52140.png;https:\/\/images.novelship.com\/product\/_women__nike_jam_fn0314-101_7_52140.png;https:\/\/images.novelship.com\/product\/_women__nike_jam_fn0314-101_8_52140.png;https:\/\/images.novelship.com\/product\/_women__nike_jam_fn0314-101_9_52140.png;https:\/\/images.novelship.com\/product\/_women__nike_jam_fn0314-101_10_52140.png;https:\/\/images.novelship.com\/product\/_women__nike_jam_fn0314-101_11_52140.png\" \/>\n<meta name=\"twitter:label1\" content=\"Gesch\u00e4tzte Lesezeit\" \/>\n\t<meta name=\"twitter:data1\" content=\"1\u00a0Minute\" \/>\n<script type=\"application\/ld+json\" class=\"yoast-schema-graph\">{\"@context\":\"https:\/\/schema.org\",\"@graph\":[{\"@type\":\"WebPage\",\"@id\":\"https:\/\/tourcruiser.com\/de\/products\/women-nike-jam\/\",\"url\":\"https:\/\/tourcruiser.com\/de\/products\/women-nike-jam\/\",\"name\":\"(Women) Nike Jam - Tourcruiser PTE. LTD\",\"isPartOf\":{\"@id\":\"https:\/\/tourcruiser.com\/de\/#website\"},\"primaryImageOfPage\":{\"@id\":\"https:\/\/tourcruiser.com\/de\/products\/women-nike-jam\/#primaryimage\"},\"image\":{\"@id\":\"https:\/\/tourcruiser.com\/de\/products\/women-nike-jam\/#primaryimage\"},\"thumbnailUrl\":\"https:\/\/images.novelship.com\/product\/_women__nike_jam_fn0314-101_0_52140.png;https:\/\/images.novelship.com\/product\/_women__nike_jam_fn0314-101_1_52140.png;https:\/\/images.novelship.com\/product\/_women__nike_jam_fn0314-101_2_52140.png;https:\/\/images.novelship.com\/product\/_women__nike_jam_fn0314-101_3_52140.png;https:\/\/images.novelship.com\/product\/_women__nike_jam_fn0314-101_4_52140.png;https:\/\/images.novelship.com\/product\/_women__nike_jam_fn0314-101_5_52140.png;https:\/\/images.novelship.com\/product\/_women__nike_jam_fn0314-101_6_52140.png;https:\/\/images.novelship.com\/product\/_women__nike_jam_fn0314-101_7_52140.png;https:\/\/images.novelship.com\/product\/_women__nike_jam_fn0314-101_8_52140.png;https:\/\/images.novelship.com\/product\/_women__nike_jam_fn0314-101_9_52140.png;https:\/\/images.novelship.com\/product\/_women__nike_jam_fn0314-101_10_52140.png;https:\/\/images.novelship.com\/product\/_women__nike_jam_fn0314-101_11_52140.png\",\"datePublished\":\"2026-03-02T07:51:09+00:00\",\"dateModified\":\"2026-03-27T17:47:17+00:00\",\"breadcrumb\":{\"@id\":\"https:\/\/tourcruiser.com\/de\/products\/women-nike-jam\/#breadcrumb\"},\"inLanguage\":\"de\",\"potentialAction\":[{\"@type\":\"ReadAction\",\"target\":[\"https:\/\/tourcruiser.com\/de\/products\/women-nike-jam\/\"]}]},{\"@type\":\"ImageObject\",\"inLanguage\":\"de\",\"@id\":\"https:\/\/tourcruiser.com\/de\/products\/women-nike-jam\/#primaryimage\",\"url\":\"https:\/\/images.novelship.com\/product\/_women__nike_jam_fn0314-101_0_52140.png;https:\/\/images.novelship.com\/product\/_women__nike_jam_fn0314-101_1_52140.png;https:\/\/images.novelship.com\/product\/_women__nike_jam_fn0314-101_2_52140.png;https:\/\/images.novelship.com\/product\/_women__nike_jam_fn0314-101_3_52140.png;https:\/\/images.novelship.com\/product\/_women__nike_jam_fn0314-101_4_52140.png;https:\/\/images.novelship.com\/product\/_women__nike_jam_fn0314-101_5_52140.png;https:\/\/images.novelship.com\/product\/_women__nike_jam_fn0314-101_6_52140.png;https:\/\/images.novelship.com\/product\/_women__nike_jam_fn0314-101_7_52140.png;https:\/\/images.novelship.com\/product\/_women__nike_jam_fn0314-101_8_52140.png;https:\/\/images.novelship.com\/product\/_women__nike_jam_fn0314-101_9_52140.png;https:\/\/images.novelship.com\/product\/_women__nike_jam_fn0314-101_10_52140.png;https:\/\/images.novelship.com\/product\/_women__nike_jam_fn0314-101_11_52140.png\",\"contentUrl\":\"https:\/\/images.novelship.com\/product\/_women__nike_jam_fn0314-101_0_52140.png;https:\/\/images.novelship.com\/product\/_women__nike_jam_fn0314-101_1_52140.png;https:\/\/images.novelship.com\/product\/_women__nike_jam_fn0314-101_2_52140.png;https:\/\/images.novelship.com\/product\/_women__nike_jam_fn0314-101_3_52140.png;https:\/\/images.novelship.com\/product\/_women__nike_jam_fn0314-101_4_52140.png;https:\/\/images.novelship.com\/product\/_women__nike_jam_fn0314-101_5_52140.png;https:\/\/images.novelship.com\/product\/_women__nike_jam_fn0314-101_6_52140.png;https:\/\/images.novelship.com\/product\/_women__nike_jam_fn0314-101_7_52140.png;https:\/\/images.novelship.com\/product\/_women__nike_jam_fn0314-101_8_52140.png;https:\/\/images.novelship.com\/product\/_women__nike_jam_fn0314-101_9_52140.png;https:\/\/images.novelship.com\/product\/_women__nike_jam_fn0314-101_10_52140.png;https:\/\/images.novelship.com\/product\/_women__nike_jam_fn0314-101_11_52140.png\"},{\"@type\":\"BreadcrumbList\",\"@id\":\"https:\/\/tourcruiser.com\/de\/products\/women-nike-jam\/#breadcrumb\",\"itemListElement\":[{\"@type\":\"ListItem\",\"position\":1,\"name\":\"Home\",\"item\":\"https:\/\/tourcruiser.com\/de\/\"},{\"@type\":\"ListItem\",\"position\":2,\"name\":\"Shop\",\"item\":\"https:\/\/tourcruiser.com\/de\/shop\/\"},{\"@type\":\"ListItem\",\"position\":3,\"name\":\"(Women) Nike Jam\"}]},{\"@type\":\"WebSite\",\"@id\":\"https:\/\/tourcruiser.com\/de\/#website\",\"url\":\"https:\/\/tourcruiser.com\/de\/\",\"name\":\"Styloral Jewelry Shop\",\"description\":\"Tourcruiser Sneaker Store \u2014 der Ort, an dem das Universum deine Einzigartigkeit trifft.\",\"publisher\":{\"@id\":\"https:\/\/tourcruiser.com\/de\/#organization\"},\"potentialAction\":[{\"@type\":\"SearchAction\",\"target\":{\"@type\":\"EntryPoint\",\"urlTemplate\":\"https:\/\/tourcruiser.com\/de\/?s={search_term_string}\"},\"query-input\":{\"@type\":\"PropertyValueSpecification\",\"valueRequired\":true,\"valueName\":\"search_term_string\"}}],\"inLanguage\":\"de\"},{\"@type\":\"Organization\",\"@id\":\"https:\/\/tourcruiser.com\/de\/#organization\",\"name\":\"STYLORAL PTE. LTD\",\"url\":\"https:\/\/tourcruiser.com\/de\/\",\"logo\":{\"@type\":\"ImageObject\",\"inLanguage\":\"de\",\"@id\":\"https:\/\/tourcruiser.com\/de\/#\/schema\/logo\/image\/\",\"url\":\"https:\/\/www.tourcruiser.com\/wp-content\/uploads\/2025\/12\/logo.png\",\"contentUrl\":\"https:\/\/www.tourcruiser.com\/wp-content\/uploads\/2025\/12\/logo.png\",\"width\":200,\"height\":65,\"caption\":\"STYLORAL PTE. LTD\"},\"image\":{\"@id\":\"https:\/\/tourcruiser.com\/de\/#\/schema\/logo\/image\/\"}}]}<\/script>\n<!-- \/ Yoast SEO plugin. -->","yoast_head_json":{"title":"(Women) Nike Jam  - Tourcruiser PTE. LTD","robots":{"index":"index","follow":"follow","max-snippet":"max-snippet:-1","max-image-preview":"max-image-preview:large","max-video-preview":"max-video-preview:-1"},"canonical":"https:\/\/tourcruiser.com\/de\/products\/women-nike-jam\/","og_locale":"de_DE","og_type":"article","og_title":"(Women) Nike Jam  - Tourcruiser PTE. LTD","og_description":"Nike Jam \u201d\u201d Sail\/Armory Navy\/Metallic Silver\/Summit White","og_url":"https:\/\/tourcruiser.com\/de\/products\/women-nike-jam\/","og_site_name":"Tourcruiser Sneaker Store","article_modified_time":"2026-03-27T17:47:17+00:00","twitter_card":"summary_large_image","twitter_image":"https:\/\/images.novelship.com\/product\/_women__nike_jam_fn0314-101_0_52140.png;https:\/\/images.novelship.com\/product\/_women__nike_jam_fn0314-101_1_52140.png;https:\/\/images.novelship.com\/product\/_women__nike_jam_fn0314-101_2_52140.png;https:\/\/images.novelship.com\/product\/_women__nike_jam_fn0314-101_3_52140.png;https:\/\/images.novelship.com\/product\/_women__nike_jam_fn0314-101_4_52140.png;https:\/\/images.novelship.com\/product\/_women__nike_jam_fn0314-101_5_52140.png;https:\/\/images.novelship.com\/product\/_women__nike_jam_fn0314-101_6_52140.png;https:\/\/images.novelship.com\/product\/_women__nike_jam_fn0314-101_7_52140.png;https:\/\/images.novelship.com\/product\/_women__nike_jam_fn0314-101_8_52140.png;https:\/\/images.novelship.com\/product\/_women__nike_jam_fn0314-101_9_52140.png;https:\/\/images.novelship.com\/product\/_women__nike_jam_fn0314-101_10_52140.png;https:\/\/images.novelship.com\/product\/_women__nike_jam_fn0314-101_11_52140.png","twitter_misc":{"Gesch\u00e4tzte Lesezeit":"1\u00a0Minute"},"schema":{"@context":"https:\/\/schema.org","@graph":[{"@type":"WebPage","@id":"https:\/\/tourcruiser.com\/de\/products\/women-nike-jam\/","url":"https:\/\/tourcruiser.com\/de\/products\/women-nike-jam\/","name":"(Women) Nike Jam - Tourcruiser PTE. LTD","isPartOf":{"@id":"https:\/\/tourcruiser.com\/de\/#website"},"primaryImageOfPage":{"@id":"https:\/\/tourcruiser.com\/de\/products\/women-nike-jam\/#primaryimage"},"image":{"@id":"https:\/\/tourcruiser.com\/de\/products\/women-nike-jam\/#primaryimage"},"thumbnailUrl":"https:\/\/images.novelship.com\/product\/_women__nike_jam_fn0314-101_0_52140.png;https:\/\/images.novelship.com\/product\/_women__nike_jam_fn0314-101_1_52140.png;https:\/\/images.novelship.com\/product\/_women__nike_jam_fn0314-101_2_52140.png;https:\/\/images.novelship.com\/product\/_women__nike_jam_fn0314-101_3_52140.png;https:\/\/images.novelship.com\/product\/_women__nike_jam_fn0314-101_4_52140.png;https:\/\/images.novelship.com\/product\/_women__nike_jam_fn0314-101_5_52140.png;https:\/\/images.novelship.com\/product\/_women__nike_jam_fn0314-101_6_52140.png;https:\/\/images.novelship.com\/product\/_women__nike_jam_fn0314-101_7_52140.png;https:\/\/images.novelship.com\/product\/_women__nike_jam_fn0314-101_8_52140.png;https:\/\/images.novelship.com\/product\/_women__nike_jam_fn0314-101_9_52140.png;https:\/\/images.novelship.com\/product\/_women__nike_jam_fn0314-101_10_52140.png;https:\/\/images.novelship.com\/product\/_women__nike_jam_fn0314-101_11_52140.png","datePublished":"2026-03-02T07:51:09+00:00","dateModified":"2026-03-27T17:47:17+00:00","breadcrumb":{"@id":"https:\/\/tourcruiser.com\/de\/products\/women-nike-jam\/#breadcrumb"},"inLanguage":"de","potentialAction":[{"@type":"ReadAction","target":["https:\/\/tourcruiser.com\/de\/products\/women-nike-jam\/"]}]},{"@type":"ImageObject","inLanguage":"de","@id":"https:\/\/tourcruiser.com\/de\/products\/women-nike-jam\/#primaryimage","url":"https:\/\/images.novelship.com\/product\/_women__nike_jam_fn0314-101_0_52140.png;https:\/\/images.novelship.com\/product\/_women__nike_jam_fn0314-101_1_52140.png;https:\/\/images.novelship.com\/product\/_women__nike_jam_fn0314-101_2_52140.png;https:\/\/images.novelship.com\/product\/_women__nike_jam_fn0314-101_3_52140.png;https:\/\/images.novelship.com\/product\/_women__nike_jam_fn0314-101_4_52140.png;https:\/\/images.novelship.com\/product\/_women__nike_jam_fn0314-101_5_52140.png;https:\/\/images.novelship.com\/product\/_women__nike_jam_fn0314-101_6_52140.png;https:\/\/images.novelship.com\/product\/_women__nike_jam_fn0314-101_7_52140.png;https:\/\/images.novelship.com\/product\/_women__nike_jam_fn0314-101_8_52140.png;https:\/\/images.novelship.com\/product\/_women__nike_jam_fn0314-101_9_52140.png;https:\/\/images.novelship.com\/product\/_women__nike_jam_fn0314-101_10_52140.png;https:\/\/images.novelship.com\/product\/_women__nike_jam_fn0314-101_11_52140.png","contentUrl":"https:\/\/images.novelship.com\/product\/_women__nike_jam_fn0314-101_0_52140.png;https:\/\/images.novelship.com\/product\/_women__nike_jam_fn0314-101_1_52140.png;https:\/\/images.novelship.com\/product\/_women__nike_jam_fn0314-101_2_52140.png;https:\/\/images.novelship.com\/product\/_women__nike_jam_fn0314-101_3_52140.png;https:\/\/images.novelship.com\/product\/_women__nike_jam_fn0314-101_4_52140.png;https:\/\/images.novelship.com\/product\/_women__nike_jam_fn0314-101_5_52140.png;https:\/\/images.novelship.com\/product\/_women__nike_jam_fn0314-101_6_52140.png;https:\/\/images.novelship.com\/product\/_women__nike_jam_fn0314-101_7_52140.png;https:\/\/images.novelship.com\/product\/_women__nike_jam_fn0314-101_8_52140.png;https:\/\/images.novelship.com\/product\/_women__nike_jam_fn0314-101_9_52140.png;https:\/\/images.novelship.com\/product\/_women__nike_jam_fn0314-101_10_52140.png;https:\/\/images.novelship.com\/product\/_women__nike_jam_fn0314-101_11_52140.png"},{"@type":"BreadcrumbList","@id":"https:\/\/tourcruiser.com\/de\/products\/women-nike-jam\/#breadcrumb","itemListElement":[{"@type":"ListItem","position":1,"name":"Home","item":"https:\/\/tourcruiser.com\/de\/"},{"@type":"ListItem","position":2,"name":"Shop","item":"https:\/\/tourcruiser.com\/de\/shop\/"},{"@type":"ListItem","position":3,"name":"(Women) Nike Jam"}]},{"@type":"WebSite","@id":"https:\/\/tourcruiser.com\/de\/#website","url":"https:\/\/tourcruiser.com\/de\/","name":"Styloral Jewelry Shop","description":"Tourcruiser Sneaker Store \u2014 der Ort, an dem das Universum deine Einzigartigkeit trifft.","publisher":{"@id":"https:\/\/tourcruiser.com\/de\/#organization"},"potentialAction":[{"@type":"SearchAction","target":{"@type":"EntryPoint","urlTemplate":"https:\/\/tourcruiser.com\/de\/?s={search_term_string}"},"query-input":{"@type":"PropertyValueSpecification","valueRequired":true,"valueName":"search_term_string"}}],"inLanguage":"de"},{"@type":"Organization","@id":"https:\/\/tourcruiser.com\/de\/#organization","name":"STYLORAL PTE. LTD","url":"https:\/\/tourcruiser.com\/de\/","logo":{"@type":"ImageObject","inLanguage":"de","@id":"https:\/\/tourcruiser.com\/de\/#\/schema\/logo\/image\/","url":"https:\/\/www.tourcruiser.com\/wp-content\/uploads\/2025\/12\/logo.png","contentUrl":"https:\/\/www.tourcruiser.com\/wp-content\/uploads\/2025\/12\/logo.png","width":200,"height":65,"caption":"STYLORAL PTE. LTD"},"image":{"@id":"https:\/\/tourcruiser.com\/de\/#\/schema\/logo\/image\/"}}]}},"_links":{"self":[{"href":"https:\/\/tourcruiser.com\/de\/wp-json\/wp\/v2\/product\/38423","targetHints":{"allow":["GET"]}}],"collection":[{"href":"https:\/\/tourcruiser.com\/de\/wp-json\/wp\/v2\/product"}],"about":[{"href":"https:\/\/tourcruiser.com\/de\/wp-json\/wp\/v2\/types\/product"}],"replies":[{"embeddable":true,"href":"https:\/\/tourcruiser.com\/de\/wp-json\/wp\/v2\/comments?post=38423"}],"wp:featuredmedia":[{"embeddable":true,"href":"https:\/\/tourcruiser.com\/de\/wp-json\/wp\/v2\/media\/38424"}],"wp:attachment":[{"href":"https:\/\/tourcruiser.com\/de\/wp-json\/wp\/v2\/media?parent=38423"}],"wp:term":[{"taxonomy":"product_brand","embeddable":true,"href":"https:\/\/tourcruiser.com\/de\/wp-json\/wp\/v2\/product_brand?post=38423"},{"taxonomy":"product_cat","embeddable":true,"href":"https:\/\/tourcruiser.com\/de\/wp-json\/wp\/v2\/product_cat?post=38423"},{"taxonomy":"product_tag","embeddable":true,"href":"https:\/\/tourcruiser.com\/de\/wp-json\/wp\/v2\/product_tag?post=38423"}],"curies":[{"name":"wp","href":"https:\/\/api.w.org\/{rel}","templated":true}]}}