{"id":37984,"date":"2026-03-02T14:50:30","date_gmt":"2026-03-02T07:50:30","guid":{"rendered":"http:\/\/tourcruiser.com\/product\/hoka-one-one-stinson-atr-6-black-iris-evening-primrose"},"modified":"2026-03-28T00:46:48","modified_gmt":"2026-03-27T17:46:48","slug":"hoka-one-one-stinson-atr-6-black-iris-evening-primrose","status":"publish","type":"product","link":"https:\/\/tourcruiser.com\/de\/products\/hoka-one-one-stinson-atr-6-black-iris-evening-primrose\/","title":{"rendered":"HOKA ONE ONE Stinson ATR 6 &#8218;Black Iris Evening Primrose&#8216;"},"content":{"rendered":"<p>Erlebe Offroad-Abenteuer der Extraklasse mit dem HOKA ONE ONE Stinson ATR 6 &#8218;Black Iris Evening Primrose&#8216;. Dieser Schuh wurde f\u00fcr anspruchsvolle Trails entwickelt und bietet eine ultra-bequeme EVA-Zwischensohle, eine robuste Vibram\u00c2\u00ae Megagrip-Au\u00dfensohle und ein atmungsaktives Mesh-Obermaterial. Genie\u00dfe verbesserte Stabilit\u00e4t und Traktion auf unebenem Gel\u00e4nde, w\u00e4hrend die reaktionsfreudige D\u00e4mpfung f\u00fcr ein geschmeidiges und m\u00fcheloses Laufgef\u00fchl sorgt. Mit seiner markanten Farbkombination und dem eleganten Design zieht der Stinson ATR 6 sowohl auf als auch abseits der Trails alle Blicke auf sich.<\/p>\n<ul>\n<li><strong>Farbgebung:<\/strong> Black Iris \/ Evening Primrose<\/li>\n<li><strong>Artikelnummer:<\/strong> 1110506-BIEP<\/li>\n<\/ul>\n","protected":false},"excerpt":{"rendered":"<p>HOKA Stinson ATR 6 \u201d\u201d Black Iris \/ Evening Primrose<\/p>\n","protected":false},"featured_media":37985,"comment_status":"open","ping_status":"closed","template":"","meta":[],"product_brand":[],"product_cat":[11495],"product_tag":[10753,11494,10802,10840,11006,10758],"class_list":{"0":"post-37984","1":"product","2":"type-product","3":"status-publish","4":"has-post-thumbnail","6":"product_cat-hoka","7":"product_tag-gift-for-him","8":"product_tag-hoka","9":"product_tag-performance-sport-shoes","10":"product_tag-running-shoes","11":"product_tag-trail-running-shoes","12":"product_tag-under-retail","13":"wcpa_has_options","15":"first","16":"outofstock","17":"sale","18":"taxable","19":"shipping-taxable","20":"purchasable","21":"product-type-simple"},"wcpa_form_fields":{"rules":{"pric_overide_base_price":false,"pric_overide_base_price_if_gt_zero":false,"pric_overide_base_price_fully":false,"pric_cal_option_once":false,"pric_use_as_fee":false,"bind_quantity":false,"quantity_bind_formula":false},"fields":[{"type":"color-group","required":true,"elementId":"wcpa-color-group-69a5afd8a7cca","label":"Gr\u00f6\u00dfe","inline":true,"priceOptions":"different_for_all","pricingType":"fixed","className":"hassizechart product-shoes-size-eu product-shoes-size","name":"color-group-69a5afd8a7cd3","disp_type":"square","selection_type":"tick-border","disp_size":"50","show_label_inside":true,"adjust_width":true,"cart_display_type":"text","other_text":"Other","cl_rule":"show","col":6,"values":[{"label":"35 1\/3","value":"EU 35 1\/3","price":"","pimage":"","pimage_id":"","pthumb":"","color":""},{"label":"36","value":"EU 36","price":"","pimage":"","pimage_id":"","pthumb":"","color":""},{"label":"36 2\/3","value":"EU 36 2\/3","price":"","pimage":"","pimage_id":"","pthumb":"","color":""},{"label":"37 1\/3","value":"EU 37 1\/3","price":"","pimage":"","pimage_id":"","pthumb":"","color":"","selected":true},{"label":"38","value":"EU 38","price":"","pimage":"","pimage_id":"","pthumb":"","color":""},{"label":"38 2\/3","value":"EU 38 2\/3","price":"","pimage":"","pimage_id":"","pthumb":"","color":""},{"label":"39 1\/3","value":"EU 39 1\/3","price":"","pimage":"","pimage_id":"","pthumb":"","color":""},{"label":"39.5","value":"EU 39.5","price":"","pimage":"","pimage_id":"","pthumb":"","color":""},{"label":"40","value":"EU 40","price":"","pimage":"","pimage_id":"","pthumb":"","color":""},{"label":"40 2\/3","value":"EU 40  2\/3","price":"","pimage":"","pimage_id":"","pthumb":"","color":""},{"label":" 41 1\/3","value":"EU 41.5","price":"","pimage":"","pimage_id":"","pthumb":"","color":""},{"label":"42","value":"EU 42","price":"","pimage":"","pimage_id":"","pthumb":"","color":""},{"label":"42 2\/3","value":"EU 42 2\/3","price":"","pimage":"","pimage_id":"","pthumb":"","color":""},{"label":"43 1\/3","value":"EU 43 1\/3","price":"","pimage":"","pimage_id":"","pthumb":"","color":""},{"label":"44","value":"EU 44","price":"","pimage":"","pimage_id":"","pthumb":"","color":""},{"label":"44 2\/3","value":"EU 44 2\/3","price":"","pimage":"","pimage_id":"","pthumb":"","color":""},{"label":"45 1\/3","value":"EU 45 1\/3","price":"","pimage":"","pimage_id":"","pthumb":"","color":""}],"relations":[{"operator":false,"rules":[]}],"form_id":184317,"form_rules":{"pric_cal_option_once":false,"exclude_from_discount":false,"pric_use_as_fee":false,"fee_label":"Fee","render_after_acb":false,"disp_hide_options_price":false}}]},"yoast_head":"<!-- This site is optimized with the Yoast SEO plugin v26.5 - https:\/\/yoast.com\/wordpress\/plugins\/seo\/ -->\n<title>HOKA ONE ONE Stinson ATR 6 &#039;Black Iris Evening Primrose&#039;  - Tourcruiser PTE. LTD<\/title>\n<meta name=\"robots\" content=\"index, follow, max-snippet:-1, max-image-preview:large, max-video-preview:-1\" \/>\n<link rel=\"canonical\" href=\"https:\/\/tourcruiser.com\/de\/products\/hoka-one-one-stinson-atr-6-black-iris-evening-primrose\/\" \/>\n<meta property=\"og:locale\" content=\"de_DE\" \/>\n<meta property=\"og:type\" content=\"article\" \/>\n<meta property=\"og:title\" content=\"HOKA ONE ONE Stinson ATR 6 &#039;Black Iris Evening Primrose&#039;  - Tourcruiser PTE. LTD\" \/>\n<meta property=\"og:description\" content=\"HOKA Stinson ATR 6 \u201d\u201d Black Iris \/ Evening Primrose\" \/>\n<meta property=\"og:url\" content=\"https:\/\/tourcruiser.com\/de\/products\/hoka-one-one-stinson-atr-6-black-iris-evening-primrose\/\" \/>\n<meta property=\"og:site_name\" content=\"Tourcruiser Sneaker Store\" \/>\n<meta property=\"article:modified_time\" content=\"2026-03-27T17:46:48+00:00\" \/>\n<meta name=\"twitter:card\" content=\"summary_large_image\" \/>\n<meta name=\"twitter:image\" content=\"https:\/\/images.novelship.com\/product\/hoka_one_one_stinson_atr_6__black_iris_evening_pri_0_17198.jpeg;https:\/\/images.novelship.com\/product\/hoka_one_one_stinson_atr_6__black_iris_evening_pri_1_17198.jpeg;https:\/\/images.novelship.com\/product\/hoka_one_one_stinson_atr_6__black_iris_evening_pri_2_17198.jpeg;https:\/\/images.novelship.com\/product\/hoka_one_one_stinson_atr_6__black_iris_evening_pri_3_17198.jpeg;https:\/\/images.novelship.com\/product\/hoka_one_one_stinson_atr_6__black_iris_evening_pri_4_17198.jpeg\" \/>\n<script type=\"application\/ld+json\" class=\"yoast-schema-graph\">{\"@context\":\"https:\/\/schema.org\",\"@graph\":[{\"@type\":\"WebPage\",\"@id\":\"https:\/\/tourcruiser.com\/de\/products\/hoka-one-one-stinson-atr-6-black-iris-evening-primrose\/\",\"url\":\"https:\/\/tourcruiser.com\/de\/products\/hoka-one-one-stinson-atr-6-black-iris-evening-primrose\/\",\"name\":\"HOKA ONE ONE Stinson ATR 6 'Black Iris Evening Primrose' - Tourcruiser PTE. LTD\",\"isPartOf\":{\"@id\":\"https:\/\/tourcruiser.com\/de\/#website\"},\"primaryImageOfPage\":{\"@id\":\"https:\/\/tourcruiser.com\/de\/products\/hoka-one-one-stinson-atr-6-black-iris-evening-primrose\/#primaryimage\"},\"image\":{\"@id\":\"https:\/\/tourcruiser.com\/de\/products\/hoka-one-one-stinson-atr-6-black-iris-evening-primrose\/#primaryimage\"},\"thumbnailUrl\":\"https:\/\/images.novelship.com\/product\/hoka_one_one_stinson_atr_6__black_iris_evening_pri_0_17198.jpeg;https:\/\/images.novelship.com\/product\/hoka_one_one_stinson_atr_6__black_iris_evening_pri_1_17198.jpeg;https:\/\/images.novelship.com\/product\/hoka_one_one_stinson_atr_6__black_iris_evening_pri_2_17198.jpeg;https:\/\/images.novelship.com\/product\/hoka_one_one_stinson_atr_6__black_iris_evening_pri_3_17198.jpeg;https:\/\/images.novelship.com\/product\/hoka_one_one_stinson_atr_6__black_iris_evening_pri_4_17198.jpeg\",\"datePublished\":\"2026-03-02T07:50:30+00:00\",\"dateModified\":\"2026-03-27T17:46:48+00:00\",\"breadcrumb\":{\"@id\":\"https:\/\/tourcruiser.com\/de\/products\/hoka-one-one-stinson-atr-6-black-iris-evening-primrose\/#breadcrumb\"},\"inLanguage\":\"de\",\"potentialAction\":[{\"@type\":\"ReadAction\",\"target\":[\"https:\/\/tourcruiser.com\/de\/products\/hoka-one-one-stinson-atr-6-black-iris-evening-primrose\/\"]}]},{\"@type\":\"ImageObject\",\"inLanguage\":\"de\",\"@id\":\"https:\/\/tourcruiser.com\/de\/products\/hoka-one-one-stinson-atr-6-black-iris-evening-primrose\/#primaryimage\",\"url\":\"https:\/\/images.novelship.com\/product\/hoka_one_one_stinson_atr_6__black_iris_evening_pri_0_17198.jpeg;https:\/\/images.novelship.com\/product\/hoka_one_one_stinson_atr_6__black_iris_evening_pri_1_17198.jpeg;https:\/\/images.novelship.com\/product\/hoka_one_one_stinson_atr_6__black_iris_evening_pri_2_17198.jpeg;https:\/\/images.novelship.com\/product\/hoka_one_one_stinson_atr_6__black_iris_evening_pri_3_17198.jpeg;https:\/\/images.novelship.com\/product\/hoka_one_one_stinson_atr_6__black_iris_evening_pri_4_17198.jpeg\",\"contentUrl\":\"https:\/\/images.novelship.com\/product\/hoka_one_one_stinson_atr_6__black_iris_evening_pri_0_17198.jpeg;https:\/\/images.novelship.com\/product\/hoka_one_one_stinson_atr_6__black_iris_evening_pri_1_17198.jpeg;https:\/\/images.novelship.com\/product\/hoka_one_one_stinson_atr_6__black_iris_evening_pri_2_17198.jpeg;https:\/\/images.novelship.com\/product\/hoka_one_one_stinson_atr_6__black_iris_evening_pri_3_17198.jpeg;https:\/\/images.novelship.com\/product\/hoka_one_one_stinson_atr_6__black_iris_evening_pri_4_17198.jpeg\"},{\"@type\":\"BreadcrumbList\",\"@id\":\"https:\/\/tourcruiser.com\/de\/products\/hoka-one-one-stinson-atr-6-black-iris-evening-primrose\/#breadcrumb\",\"itemListElement\":[{\"@type\":\"ListItem\",\"position\":1,\"name\":\"Home\",\"item\":\"https:\/\/tourcruiser.com\/de\/\"},{\"@type\":\"ListItem\",\"position\":2,\"name\":\"Shop\",\"item\":\"https:\/\/tourcruiser.com\/de\/shop\/\"},{\"@type\":\"ListItem\",\"position\":3,\"name\":\"HOKA ONE ONE Stinson ATR 6 'Black Iris Evening Primrose'\"}]},{\"@type\":\"WebSite\",\"@id\":\"https:\/\/tourcruiser.com\/de\/#website\",\"url\":\"https:\/\/tourcruiser.com\/de\/\",\"name\":\"Styloral Jewelry Shop\",\"description\":\"Tourcruiser Sneaker Store \u2014 der Ort, an dem das Universum deine Einzigartigkeit trifft.\",\"publisher\":{\"@id\":\"https:\/\/tourcruiser.com\/de\/#organization\"},\"potentialAction\":[{\"@type\":\"SearchAction\",\"target\":{\"@type\":\"EntryPoint\",\"urlTemplate\":\"https:\/\/tourcruiser.com\/de\/?s={search_term_string}\"},\"query-input\":{\"@type\":\"PropertyValueSpecification\",\"valueRequired\":true,\"valueName\":\"search_term_string\"}}],\"inLanguage\":\"de\"},{\"@type\":\"Organization\",\"@id\":\"https:\/\/tourcruiser.com\/de\/#organization\",\"name\":\"STYLORAL PTE. LTD\",\"url\":\"https:\/\/tourcruiser.com\/de\/\",\"logo\":{\"@type\":\"ImageObject\",\"inLanguage\":\"de\",\"@id\":\"https:\/\/tourcruiser.com\/de\/#\/schema\/logo\/image\/\",\"url\":\"https:\/\/www.tourcruiser.com\/wp-content\/uploads\/2025\/12\/logo.png\",\"contentUrl\":\"https:\/\/www.tourcruiser.com\/wp-content\/uploads\/2025\/12\/logo.png\",\"width\":200,\"height\":65,\"caption\":\"STYLORAL PTE. LTD\"},\"image\":{\"@id\":\"https:\/\/tourcruiser.com\/de\/#\/schema\/logo\/image\/\"}}]}<\/script>\n<!-- \/ Yoast SEO plugin. -->","yoast_head_json":{"title":"HOKA ONE ONE Stinson ATR 6 'Black Iris Evening Primrose'  - Tourcruiser PTE. LTD","robots":{"index":"index","follow":"follow","max-snippet":"max-snippet:-1","max-image-preview":"max-image-preview:large","max-video-preview":"max-video-preview:-1"},"canonical":"https:\/\/tourcruiser.com\/de\/products\/hoka-one-one-stinson-atr-6-black-iris-evening-primrose\/","og_locale":"de_DE","og_type":"article","og_title":"HOKA ONE ONE Stinson ATR 6 'Black Iris Evening Primrose'  - Tourcruiser PTE. LTD","og_description":"HOKA Stinson ATR 6 \u201d\u201d Black Iris \/ Evening Primrose","og_url":"https:\/\/tourcruiser.com\/de\/products\/hoka-one-one-stinson-atr-6-black-iris-evening-primrose\/","og_site_name":"Tourcruiser Sneaker Store","article_modified_time":"2026-03-27T17:46:48+00:00","twitter_card":"summary_large_image","twitter_image":"https:\/\/images.novelship.com\/product\/hoka_one_one_stinson_atr_6__black_iris_evening_pri_0_17198.jpeg;https:\/\/images.novelship.com\/product\/hoka_one_one_stinson_atr_6__black_iris_evening_pri_1_17198.jpeg;https:\/\/images.novelship.com\/product\/hoka_one_one_stinson_atr_6__black_iris_evening_pri_2_17198.jpeg;https:\/\/images.novelship.com\/product\/hoka_one_one_stinson_atr_6__black_iris_evening_pri_3_17198.jpeg;https:\/\/images.novelship.com\/product\/hoka_one_one_stinson_atr_6__black_iris_evening_pri_4_17198.jpeg","schema":{"@context":"https:\/\/schema.org","@graph":[{"@type":"WebPage","@id":"https:\/\/tourcruiser.com\/de\/products\/hoka-one-one-stinson-atr-6-black-iris-evening-primrose\/","url":"https:\/\/tourcruiser.com\/de\/products\/hoka-one-one-stinson-atr-6-black-iris-evening-primrose\/","name":"HOKA ONE ONE Stinson ATR 6 'Black Iris Evening Primrose' - Tourcruiser PTE. LTD","isPartOf":{"@id":"https:\/\/tourcruiser.com\/de\/#website"},"primaryImageOfPage":{"@id":"https:\/\/tourcruiser.com\/de\/products\/hoka-one-one-stinson-atr-6-black-iris-evening-primrose\/#primaryimage"},"image":{"@id":"https:\/\/tourcruiser.com\/de\/products\/hoka-one-one-stinson-atr-6-black-iris-evening-primrose\/#primaryimage"},"thumbnailUrl":"https:\/\/images.novelship.com\/product\/hoka_one_one_stinson_atr_6__black_iris_evening_pri_0_17198.jpeg;https:\/\/images.novelship.com\/product\/hoka_one_one_stinson_atr_6__black_iris_evening_pri_1_17198.jpeg;https:\/\/images.novelship.com\/product\/hoka_one_one_stinson_atr_6__black_iris_evening_pri_2_17198.jpeg;https:\/\/images.novelship.com\/product\/hoka_one_one_stinson_atr_6__black_iris_evening_pri_3_17198.jpeg;https:\/\/images.novelship.com\/product\/hoka_one_one_stinson_atr_6__black_iris_evening_pri_4_17198.jpeg","datePublished":"2026-03-02T07:50:30+00:00","dateModified":"2026-03-27T17:46:48+00:00","breadcrumb":{"@id":"https:\/\/tourcruiser.com\/de\/products\/hoka-one-one-stinson-atr-6-black-iris-evening-primrose\/#breadcrumb"},"inLanguage":"de","potentialAction":[{"@type":"ReadAction","target":["https:\/\/tourcruiser.com\/de\/products\/hoka-one-one-stinson-atr-6-black-iris-evening-primrose\/"]}]},{"@type":"ImageObject","inLanguage":"de","@id":"https:\/\/tourcruiser.com\/de\/products\/hoka-one-one-stinson-atr-6-black-iris-evening-primrose\/#primaryimage","url":"https:\/\/images.novelship.com\/product\/hoka_one_one_stinson_atr_6__black_iris_evening_pri_0_17198.jpeg;https:\/\/images.novelship.com\/product\/hoka_one_one_stinson_atr_6__black_iris_evening_pri_1_17198.jpeg;https:\/\/images.novelship.com\/product\/hoka_one_one_stinson_atr_6__black_iris_evening_pri_2_17198.jpeg;https:\/\/images.novelship.com\/product\/hoka_one_one_stinson_atr_6__black_iris_evening_pri_3_17198.jpeg;https:\/\/images.novelship.com\/product\/hoka_one_one_stinson_atr_6__black_iris_evening_pri_4_17198.jpeg","contentUrl":"https:\/\/images.novelship.com\/product\/hoka_one_one_stinson_atr_6__black_iris_evening_pri_0_17198.jpeg;https:\/\/images.novelship.com\/product\/hoka_one_one_stinson_atr_6__black_iris_evening_pri_1_17198.jpeg;https:\/\/images.novelship.com\/product\/hoka_one_one_stinson_atr_6__black_iris_evening_pri_2_17198.jpeg;https:\/\/images.novelship.com\/product\/hoka_one_one_stinson_atr_6__black_iris_evening_pri_3_17198.jpeg;https:\/\/images.novelship.com\/product\/hoka_one_one_stinson_atr_6__black_iris_evening_pri_4_17198.jpeg"},{"@type":"BreadcrumbList","@id":"https:\/\/tourcruiser.com\/de\/products\/hoka-one-one-stinson-atr-6-black-iris-evening-primrose\/#breadcrumb","itemListElement":[{"@type":"ListItem","position":1,"name":"Home","item":"https:\/\/tourcruiser.com\/de\/"},{"@type":"ListItem","position":2,"name":"Shop","item":"https:\/\/tourcruiser.com\/de\/shop\/"},{"@type":"ListItem","position":3,"name":"HOKA ONE ONE Stinson ATR 6 'Black Iris Evening Primrose'"}]},{"@type":"WebSite","@id":"https:\/\/tourcruiser.com\/de\/#website","url":"https:\/\/tourcruiser.com\/de\/","name":"Styloral Jewelry Shop","description":"Tourcruiser Sneaker Store \u2014 der Ort, an dem das Universum deine Einzigartigkeit trifft.","publisher":{"@id":"https:\/\/tourcruiser.com\/de\/#organization"},"potentialAction":[{"@type":"SearchAction","target":{"@type":"EntryPoint","urlTemplate":"https:\/\/tourcruiser.com\/de\/?s={search_term_string}"},"query-input":{"@type":"PropertyValueSpecification","valueRequired":true,"valueName":"search_term_string"}}],"inLanguage":"de"},{"@type":"Organization","@id":"https:\/\/tourcruiser.com\/de\/#organization","name":"STYLORAL PTE. LTD","url":"https:\/\/tourcruiser.com\/de\/","logo":{"@type":"ImageObject","inLanguage":"de","@id":"https:\/\/tourcruiser.com\/de\/#\/schema\/logo\/image\/","url":"https:\/\/www.tourcruiser.com\/wp-content\/uploads\/2025\/12\/logo.png","contentUrl":"https:\/\/www.tourcruiser.com\/wp-content\/uploads\/2025\/12\/logo.png","width":200,"height":65,"caption":"STYLORAL PTE. LTD"},"image":{"@id":"https:\/\/tourcruiser.com\/de\/#\/schema\/logo\/image\/"}}]}},"_links":{"self":[{"href":"https:\/\/tourcruiser.com\/de\/wp-json\/wp\/v2\/product\/37984","targetHints":{"allow":["GET"]}}],"collection":[{"href":"https:\/\/tourcruiser.com\/de\/wp-json\/wp\/v2\/product"}],"about":[{"href":"https:\/\/tourcruiser.com\/de\/wp-json\/wp\/v2\/types\/product"}],"replies":[{"embeddable":true,"href":"https:\/\/tourcruiser.com\/de\/wp-json\/wp\/v2\/comments?post=37984"}],"wp:featuredmedia":[{"embeddable":true,"href":"https:\/\/tourcruiser.com\/de\/wp-json\/wp\/v2\/media\/37985"}],"wp:attachment":[{"href":"https:\/\/tourcruiser.com\/de\/wp-json\/wp\/v2\/media?parent=37984"}],"wp:term":[{"taxonomy":"product_brand","embeddable":true,"href":"https:\/\/tourcruiser.com\/de\/wp-json\/wp\/v2\/product_brand?post=37984"},{"taxonomy":"product_cat","embeddable":true,"href":"https:\/\/tourcruiser.com\/de\/wp-json\/wp\/v2\/product_cat?post=37984"},{"taxonomy":"product_tag","embeddable":true,"href":"https:\/\/tourcruiser.com\/de\/wp-json\/wp\/v2\/product_tag?post=37984"}],"curies":[{"name":"wp","href":"https:\/\/api.w.org\/{rel}","templated":true}]}}