{"id":37947,"date":"2026-03-02T14:50:23","date_gmt":"2026-03-02T07:50:23","guid":{"rendered":"http:\/\/tourcruiser.com\/product\/women-adidas-tokyo-lucid-pink"},"modified":"2026-03-28T00:46:46","modified_gmt":"2026-03-27T17:46:46","slug":"women-adidas-tokyo-lucid-pink","status":"publish","type":"product","link":"https:\/\/tourcruiser.com\/de\/products\/women-adidas-tokyo-lucid-pink\/","title":{"rendered":"(Women) adidas Tokyo &#8218;Lucid Pink&#8216;"},"content":{"rendered":"<p>Mit den eleganten und vielseitigen Tokyo Sneakers JQ3025 verleihst du deinem Style das gewisse Etwas. Sie wurden f\u00fcr Komfort, Langlebigkeit und modernes Design entwickelt. Dank ihrer leichten und dennoch robusten Konstruktion sind diese Sneaker ideal f\u00fcr urbane Entdecker und Fitnessbegeisterte und vereinen Mode und Funktionalit\u00e4t perfekt. Das atmungsaktive Obermaterial aus Mesh sorgt f\u00fcr optimale Luftzirkulation und h\u00e4lt deine F\u00fc\u00dfe beim Training oder an langen Tagen unterwegs angenehm k\u00fchl.<\/p>\n<p>Die sto\u00dfd\u00e4mpfende Sohle des JQ3025 bietet au\u00dfergew\u00f6hnlichen Halt und D\u00e4mpfung bei jedem Schritt, egal ob in der Stadt oder auf unebenem Gel\u00e4nde. Das zeitlose Design passt m\u00fchelos zu einer Vielzahl von Outfits, von Freizeitkleidung bis hin zu Sportbekleidung, und macht ihn zum zuverl\u00e4ssigen Begleiter f\u00fcr jeden Anlass.<\/p>\n<p>Mit ihrer ergonomischen Passform und der hochwertigen Verarbeitung bieten die Tokyo Sneakers JQ3025 dauerhaften Komfort und optimale Performance \u201d\u201c perfekt f\u00fcr alle, die viel unterwegs sind. Diese Sneaker wurden speziell f\u00fcr Weltenbummler und stilbewusste Menschen entwickelt und bieten die perfekte Kombination aus Praktikabilit\u00e4t und Eleganz. Bereichern Sie Ihre Schuhsammlung noch heute mit den Tokyo Sneakers JQ3025 \u201d\u201c Innovation trifft auf zeitloses Design.<\/p>\n<ul>\n<li><strong>Farbgebung:<\/strong> Lucid Pink\/Core Black\/Gum<\/li>\n<li><strong>Artikelnummer:<\/strong> JQ3025<\/li>\n<li><strong>Obermaterial:<\/strong> Leder<\/li>\n<li><strong>Farbe:<\/strong> Pink<\/li>\n<\/ul>\n","protected":false},"excerpt":{"rendered":"<p>adidas Tokyo Sneakers \u201d\u201d Lucid Pink\/Core Black\/Gum<\/p>\n","protected":false},"featured_media":37948,"comment_status":"open","ping_status":"closed","template":"","meta":[],"product_brand":[],"product_cat":[10941],"product_tag":[10992],"class_list":{"0":"post-37947","1":"product","2":"type-product","3":"status-publish","4":"has-post-thumbnail","6":"product_cat-adidas-women","7":"product_tag-small-100-usd","8":"wcpa_has_options","10":"first","11":"outofstock","12":"taxable","13":"shipping-taxable","14":"purchasable","15":"product-type-simple"},"wcpa_form_fields":{"rules":{"pric_overide_base_price":false,"pric_overide_base_price_if_gt_zero":false,"pric_overide_base_price_fully":false,"pric_cal_option_once":false,"pric_use_as_fee":false,"bind_quantity":false,"quantity_bind_formula":false},"fields":[{"type":"color-group","required":true,"elementId":"wcpa-color-group-66c4a7f817afe","label":"Gr\u00f6\u00dfe","inline":true,"priceOptions":"different_for_all","pricingType":"fixed","className":"hassizechart product-shoes-size-eu product-shoes-size","name":"color-group-66c4a7f817b18","disp_type":"square","selection_type":"tick-border","disp_size":"50","show_label_inside":true,"adjust_width":true,"cart_display_type":"text","other_text":"Other","cl_rule":"show","col":6,"values":[{"label":"35","value":"EU 35","price":"","pimage":"","pimage_id":"","pthumb":"","color":""},{"label":"35.5","value":"EU 35.5","price":"","pimage":"","pimage_id":"","pthumb":"","color":""},{"label":"36","value":"EU 36","price":"","pimage":"","pimage_id":"","pthumb":"","color":"","selected":true},{"label":"36 2\/3","value":"EU 36 2\/3","price":"","pimage":"","pimage_id":"","pthumb":"","color":""},{"label":"37 1\/3","value":"EU 37 1\/3","price":"","pimage":"","pimage_id":"","pthumb":"","color":""},{"label":"38","value":"EU 38","price":"","pimage":"","pimage_id":"","pthumb":"","color":""},{"label":"38 2\/3","value":"EU 38 2\/3","price":"","pimage":"","pimage_id":"","pthumb":"","color":""},{"label":"39 1\/3","value":"EU 39 1\/3","price":"","pimage":"","pimage_id":"","pthumb":"","color":""},{"label":"40","value":"EU 40","price":"","pimage":"","pimage_id":"","pthumb":"","color":""},{"label":"40 2\/3","value":"EU 40 2\/3","price":"","pimage":"","pimage_id":"","pthumb":"","color":""},{"label":"41 1\/3","value":"EU 41 1\/3","price":"","pimage":"","pimage_id":"","pthumb":"","color":""},{"label":"42","value":"EU 42","price":"","pimage":"","pimage_id":"","pthumb":"","color":""},{"label":"42 2\/3","value":"EU 42 2\/3","price":"","pimage":"","pimage_id":"","pthumb":"","color":""},{"label":"43 1\/3","value":"EU 43 1\/3","price":"","pimage":"","pimage_id":"","pthumb":"","color":""},{"label":"44","value":"EU 44","price":"","pimage":"","pimage_id":"","pthumb":"","color":""},{"label":"44 2\/3","value":"EU 44 2\/3","price":"","pimage":"","pimage_id":"","pthumb":"","color":""},{"label":"45 1\/3","value":"EU 45 1\/3","price":"","pimage":"","pimage_id":"","pthumb":"","color":""},{"label":"46","value":"EU 46","price":"","pimage":"","pimage_id":"","pthumb":"","color":""},{"label":"46 2\/3","value":"EU 46 2\/3","price":"","pimage":"","pimage_id":"","pthumb":"","color":""},{"label":"47 1\/3","value":"EU 47 1\/3","price":"","pimage":"","pimage_id":"","pthumb":"","color":""}],"relations":[{"operator":false,"rules":[]}],"form_id":24802,"form_rules":{"pric_cal_option_once":false,"exclude_from_discount":false,"pric_use_as_fee":false,"fee_label":"Fee","render_after_acb":false,"disp_hide_options_price":false}}]},"yoast_head":"<!-- This site is optimized with the Yoast SEO plugin v26.5 - https:\/\/yoast.com\/wordpress\/plugins\/seo\/ -->\n<title>(Women) adidas Tokyo &#039;Lucid Pink&#039;  - Tourcruiser PTE. LTD<\/title>\n<meta name=\"robots\" content=\"index, follow, max-snippet:-1, max-image-preview:large, max-video-preview:-1\" \/>\n<link rel=\"canonical\" href=\"https:\/\/tourcruiser.com\/\" \/>\n<meta property=\"og:locale\" content=\"de_DE\" \/>\n<meta property=\"og:type\" content=\"article\" \/>\n<meta property=\"og:title\" content=\"(Women) adidas Tokyo &#039;Lucid Pink&#039;  - Tourcruiser PTE. LTD\" \/>\n<meta property=\"og:description\" content=\"adidas Tokyo Sneakers \u201d\u201d Lucid Pink\/Core Black\/Gum\" \/>\n<meta property=\"og:url\" content=\"\/\" \/>\n<meta property=\"og:site_name\" content=\"Tourcruiser Sneaker Store\" \/>\n<meta property=\"article:modified_time\" content=\"2026-03-27T17:46:46+00:00\" \/>\n<meta name=\"twitter:card\" content=\"summary_large_image\" \/>\n<meta name=\"twitter:image\" content=\"https:\/\/images.novelship.com\/product\/_w__tokyo_sneakers_jq3025_0_36056.jpeg;https:\/\/images.novelship.com\/product\/_w__tokyo_sneakers_jq3025_1_36056.jpeg;https:\/\/images.novelship.com\/product\/_w__tokyo_sneakers_jq3025_2_36056.jpeg;https:\/\/images.novelship.com\/product\/_w__tokyo_sneakers_jq3025_3_36056.jpeg;https:\/\/images.novelship.com\/product\/_w__tokyo_sneakers_jq3025_4_36056.jpeg;https:\/\/images.novelship.com\/product\/_w__tokyo_sneakers_jq3025_5_36056.jpeg;https:\/\/images.novelship.com\/product\/_w__tokyo_sneakers_jq3025_6_36056.jpeg;https:\/\/images.novelship.com\/product\/_w__tokyo_sneakers_jq3025_7_36056.jpeg;https:\/\/images.novelship.com\/product\/_w__tokyo_sneakers_jq3025_8_36056.jpeg\" \/>\n<meta name=\"twitter:label1\" content=\"Gesch\u00e4tzte Lesezeit\" \/>\n\t<meta name=\"twitter:data1\" content=\"1\u00a0Minute\" \/>\n<script type=\"application\/ld+json\" class=\"yoast-schema-graph\">{\"@context\":\"https:\/\/schema.org\",\"@graph\":[{\"@type\":\"WebPage\",\"@id\":\"\/\",\"url\":\"https:\/\/tourcruiser.com\/\",\"name\":\"(Women) adidas Tokyo 'Lucid Pink' - Tourcruiser PTE. LTD\",\"isPartOf\":{\"@id\":\"https:\/\/tourcruiser.com\/de\/#website\"},\"primaryImageOfPage\":{\"@id\":\"https:\/\/tourcruiser.com\/#primaryimage\"},\"image\":{\"@id\":\"https:\/\/tourcruiser.com\/#primaryimage\"},\"thumbnailUrl\":\"https:\/\/images.novelship.com\/product\/_w__tokyo_sneakers_jq3025_0_36056.jpeg;https:\/\/images.novelship.com\/product\/_w__tokyo_sneakers_jq3025_1_36056.jpeg;https:\/\/images.novelship.com\/product\/_w__tokyo_sneakers_jq3025_2_36056.jpeg;https:\/\/images.novelship.com\/product\/_w__tokyo_sneakers_jq3025_3_36056.jpeg;https:\/\/images.novelship.com\/product\/_w__tokyo_sneakers_jq3025_4_36056.jpeg;https:\/\/images.novelship.com\/product\/_w__tokyo_sneakers_jq3025_5_36056.jpeg;https:\/\/images.novelship.com\/product\/_w__tokyo_sneakers_jq3025_6_36056.jpeg;https:\/\/images.novelship.com\/product\/_w__tokyo_sneakers_jq3025_7_36056.jpeg;https:\/\/images.novelship.com\/product\/_w__tokyo_sneakers_jq3025_8_36056.jpeg\",\"datePublished\":\"2026-03-02T07:50:23+00:00\",\"dateModified\":\"2026-03-27T17:46:46+00:00\",\"breadcrumb\":{\"@id\":\"https:\/\/tourcruiser.com\/#breadcrumb\"},\"inLanguage\":\"de\",\"potentialAction\":[{\"@type\":\"ReadAction\",\"target\":[\"https:\/\/tourcruiser.com\/\"]}]},{\"@type\":\"ImageObject\",\"inLanguage\":\"de\",\"@id\":\"https:\/\/tourcruiser.com\/#primaryimage\",\"url\":\"https:\/\/images.novelship.com\/product\/_w__tokyo_sneakers_jq3025_0_36056.jpeg;https:\/\/images.novelship.com\/product\/_w__tokyo_sneakers_jq3025_1_36056.jpeg;https:\/\/images.novelship.com\/product\/_w__tokyo_sneakers_jq3025_2_36056.jpeg;https:\/\/images.novelship.com\/product\/_w__tokyo_sneakers_jq3025_3_36056.jpeg;https:\/\/images.novelship.com\/product\/_w__tokyo_sneakers_jq3025_4_36056.jpeg;https:\/\/images.novelship.com\/product\/_w__tokyo_sneakers_jq3025_5_36056.jpeg;https:\/\/images.novelship.com\/product\/_w__tokyo_sneakers_jq3025_6_36056.jpeg;https:\/\/images.novelship.com\/product\/_w__tokyo_sneakers_jq3025_7_36056.jpeg;https:\/\/images.novelship.com\/product\/_w__tokyo_sneakers_jq3025_8_36056.jpeg\",\"contentUrl\":\"https:\/\/images.novelship.com\/product\/_w__tokyo_sneakers_jq3025_0_36056.jpeg;https:\/\/images.novelship.com\/product\/_w__tokyo_sneakers_jq3025_1_36056.jpeg;https:\/\/images.novelship.com\/product\/_w__tokyo_sneakers_jq3025_2_36056.jpeg;https:\/\/images.novelship.com\/product\/_w__tokyo_sneakers_jq3025_3_36056.jpeg;https:\/\/images.novelship.com\/product\/_w__tokyo_sneakers_jq3025_4_36056.jpeg;https:\/\/images.novelship.com\/product\/_w__tokyo_sneakers_jq3025_5_36056.jpeg;https:\/\/images.novelship.com\/product\/_w__tokyo_sneakers_jq3025_6_36056.jpeg;https:\/\/images.novelship.com\/product\/_w__tokyo_sneakers_jq3025_7_36056.jpeg;https:\/\/images.novelship.com\/product\/_w__tokyo_sneakers_jq3025_8_36056.jpeg\"},{\"@type\":\"BreadcrumbList\",\"@id\":\"https:\/\/tourcruiser.com\/#breadcrumb\",\"itemListElement\":[{\"@type\":\"ListItem\",\"position\":1,\"name\":\"Home\",\"item\":\"https:\/\/tourcruiser.com\/de\/\"},{\"@type\":\"ListItem\",\"position\":2,\"name\":\"Shop\",\"item\":\"https:\/\/tourcruiser.com\/de\/shop\/\"},{\"@type\":\"ListItem\",\"position\":3,\"name\":\"(Women) adidas Tokyo &#8218;Lucid Pink&#8216;\"}]},{\"@type\":\"WebSite\",\"@id\":\"https:\/\/tourcruiser.com\/de\/#website\",\"url\":\"https:\/\/tourcruiser.com\/de\/\",\"name\":\"Styloral Jewelry Shop\",\"description\":\"Tourcruiser Sneaker Store \u2014 der Ort, an dem das Universum deine Einzigartigkeit trifft.\",\"publisher\":{\"@id\":\"https:\/\/tourcruiser.com\/de\/#organization\"},\"potentialAction\":[{\"@type\":\"SearchAction\",\"target\":{\"@type\":\"EntryPoint\",\"urlTemplate\":\"https:\/\/tourcruiser.com\/de\/?s={search_term_string}\"},\"query-input\":{\"@type\":\"PropertyValueSpecification\",\"valueRequired\":true,\"valueName\":\"search_term_string\"}}],\"inLanguage\":\"de\"},{\"@type\":\"Organization\",\"@id\":\"https:\/\/tourcruiser.com\/de\/#organization\",\"name\":\"STYLORAL PTE. LTD\",\"url\":\"https:\/\/tourcruiser.com\/de\/\",\"logo\":{\"@type\":\"ImageObject\",\"inLanguage\":\"de\",\"@id\":\"https:\/\/tourcruiser.com\/de\/#\/schema\/logo\/image\/\",\"url\":\"https:\/\/www.tourcruiser.com\/wp-content\/uploads\/2025\/12\/logo.png\",\"contentUrl\":\"https:\/\/www.tourcruiser.com\/wp-content\/uploads\/2025\/12\/logo.png\",\"width\":200,\"height\":65,\"caption\":\"STYLORAL PTE. LTD\"},\"image\":{\"@id\":\"https:\/\/tourcruiser.com\/de\/#\/schema\/logo\/image\/\"}}]}<\/script>\n<!-- \/ Yoast SEO plugin. -->","yoast_head_json":{"title":"(Women) adidas Tokyo 'Lucid Pink'  - Tourcruiser PTE. LTD","robots":{"index":"index","follow":"follow","max-snippet":"max-snippet:-1","max-image-preview":"max-image-preview:large","max-video-preview":"max-video-preview:-1"},"canonical":"https:\/\/tourcruiser.com\/","og_locale":"de_DE","og_type":"article","og_title":"(Women) adidas Tokyo 'Lucid Pink'  - Tourcruiser PTE. LTD","og_description":"adidas Tokyo Sneakers \u201d\u201d Lucid Pink\/Core Black\/Gum","og_url":"\/","og_site_name":"Tourcruiser Sneaker Store","article_modified_time":"2026-03-27T17:46:46+00:00","twitter_card":"summary_large_image","twitter_image":"https:\/\/images.novelship.com\/product\/_w__tokyo_sneakers_jq3025_0_36056.jpeg;https:\/\/images.novelship.com\/product\/_w__tokyo_sneakers_jq3025_1_36056.jpeg;https:\/\/images.novelship.com\/product\/_w__tokyo_sneakers_jq3025_2_36056.jpeg;https:\/\/images.novelship.com\/product\/_w__tokyo_sneakers_jq3025_3_36056.jpeg;https:\/\/images.novelship.com\/product\/_w__tokyo_sneakers_jq3025_4_36056.jpeg;https:\/\/images.novelship.com\/product\/_w__tokyo_sneakers_jq3025_5_36056.jpeg;https:\/\/images.novelship.com\/product\/_w__tokyo_sneakers_jq3025_6_36056.jpeg;https:\/\/images.novelship.com\/product\/_w__tokyo_sneakers_jq3025_7_36056.jpeg;https:\/\/images.novelship.com\/product\/_w__tokyo_sneakers_jq3025_8_36056.jpeg","twitter_misc":{"Gesch\u00e4tzte Lesezeit":"1\u00a0Minute"},"schema":{"@context":"https:\/\/schema.org","@graph":[{"@type":"WebPage","@id":"\/","url":"https:\/\/tourcruiser.com\/","name":"(Women) adidas Tokyo 'Lucid Pink' - Tourcruiser PTE. LTD","isPartOf":{"@id":"https:\/\/tourcruiser.com\/de\/#website"},"primaryImageOfPage":{"@id":"https:\/\/tourcruiser.com\/#primaryimage"},"image":{"@id":"https:\/\/tourcruiser.com\/#primaryimage"},"thumbnailUrl":"https:\/\/images.novelship.com\/product\/_w__tokyo_sneakers_jq3025_0_36056.jpeg;https:\/\/images.novelship.com\/product\/_w__tokyo_sneakers_jq3025_1_36056.jpeg;https:\/\/images.novelship.com\/product\/_w__tokyo_sneakers_jq3025_2_36056.jpeg;https:\/\/images.novelship.com\/product\/_w__tokyo_sneakers_jq3025_3_36056.jpeg;https:\/\/images.novelship.com\/product\/_w__tokyo_sneakers_jq3025_4_36056.jpeg;https:\/\/images.novelship.com\/product\/_w__tokyo_sneakers_jq3025_5_36056.jpeg;https:\/\/images.novelship.com\/product\/_w__tokyo_sneakers_jq3025_6_36056.jpeg;https:\/\/images.novelship.com\/product\/_w__tokyo_sneakers_jq3025_7_36056.jpeg;https:\/\/images.novelship.com\/product\/_w__tokyo_sneakers_jq3025_8_36056.jpeg","datePublished":"2026-03-02T07:50:23+00:00","dateModified":"2026-03-27T17:46:46+00:00","breadcrumb":{"@id":"https:\/\/tourcruiser.com\/#breadcrumb"},"inLanguage":"de","potentialAction":[{"@type":"ReadAction","target":["https:\/\/tourcruiser.com\/"]}]},{"@type":"ImageObject","inLanguage":"de","@id":"https:\/\/tourcruiser.com\/#primaryimage","url":"https:\/\/images.novelship.com\/product\/_w__tokyo_sneakers_jq3025_0_36056.jpeg;https:\/\/images.novelship.com\/product\/_w__tokyo_sneakers_jq3025_1_36056.jpeg;https:\/\/images.novelship.com\/product\/_w__tokyo_sneakers_jq3025_2_36056.jpeg;https:\/\/images.novelship.com\/product\/_w__tokyo_sneakers_jq3025_3_36056.jpeg;https:\/\/images.novelship.com\/product\/_w__tokyo_sneakers_jq3025_4_36056.jpeg;https:\/\/images.novelship.com\/product\/_w__tokyo_sneakers_jq3025_5_36056.jpeg;https:\/\/images.novelship.com\/product\/_w__tokyo_sneakers_jq3025_6_36056.jpeg;https:\/\/images.novelship.com\/product\/_w__tokyo_sneakers_jq3025_7_36056.jpeg;https:\/\/images.novelship.com\/product\/_w__tokyo_sneakers_jq3025_8_36056.jpeg","contentUrl":"https:\/\/images.novelship.com\/product\/_w__tokyo_sneakers_jq3025_0_36056.jpeg;https:\/\/images.novelship.com\/product\/_w__tokyo_sneakers_jq3025_1_36056.jpeg;https:\/\/images.novelship.com\/product\/_w__tokyo_sneakers_jq3025_2_36056.jpeg;https:\/\/images.novelship.com\/product\/_w__tokyo_sneakers_jq3025_3_36056.jpeg;https:\/\/images.novelship.com\/product\/_w__tokyo_sneakers_jq3025_4_36056.jpeg;https:\/\/images.novelship.com\/product\/_w__tokyo_sneakers_jq3025_5_36056.jpeg;https:\/\/images.novelship.com\/product\/_w__tokyo_sneakers_jq3025_6_36056.jpeg;https:\/\/images.novelship.com\/product\/_w__tokyo_sneakers_jq3025_7_36056.jpeg;https:\/\/images.novelship.com\/product\/_w__tokyo_sneakers_jq3025_8_36056.jpeg"},{"@type":"BreadcrumbList","@id":"https:\/\/tourcruiser.com\/#breadcrumb","itemListElement":[{"@type":"ListItem","position":1,"name":"Home","item":"https:\/\/tourcruiser.com\/de\/"},{"@type":"ListItem","position":2,"name":"Shop","item":"https:\/\/tourcruiser.com\/de\/shop\/"},{"@type":"ListItem","position":3,"name":"(Women) adidas Tokyo &#8218;Lucid Pink&#8216;"}]},{"@type":"WebSite","@id":"https:\/\/tourcruiser.com\/de\/#website","url":"https:\/\/tourcruiser.com\/de\/","name":"Styloral Jewelry Shop","description":"Tourcruiser Sneaker Store \u2014 der Ort, an dem das Universum deine Einzigartigkeit trifft.","publisher":{"@id":"https:\/\/tourcruiser.com\/de\/#organization"},"potentialAction":[{"@type":"SearchAction","target":{"@type":"EntryPoint","urlTemplate":"https:\/\/tourcruiser.com\/de\/?s={search_term_string}"},"query-input":{"@type":"PropertyValueSpecification","valueRequired":true,"valueName":"search_term_string"}}],"inLanguage":"de"},{"@type":"Organization","@id":"https:\/\/tourcruiser.com\/de\/#organization","name":"STYLORAL PTE. LTD","url":"https:\/\/tourcruiser.com\/de\/","logo":{"@type":"ImageObject","inLanguage":"de","@id":"https:\/\/tourcruiser.com\/de\/#\/schema\/logo\/image\/","url":"https:\/\/www.tourcruiser.com\/wp-content\/uploads\/2025\/12\/logo.png","contentUrl":"https:\/\/www.tourcruiser.com\/wp-content\/uploads\/2025\/12\/logo.png","width":200,"height":65,"caption":"STYLORAL PTE. LTD"},"image":{"@id":"https:\/\/tourcruiser.com\/de\/#\/schema\/logo\/image\/"}}]}},"_links":{"self":[{"href":"https:\/\/tourcruiser.com\/de\/wp-json\/wp\/v2\/product\/37947","targetHints":{"allow":["GET"]}}],"collection":[{"href":"https:\/\/tourcruiser.com\/de\/wp-json\/wp\/v2\/product"}],"about":[{"href":"https:\/\/tourcruiser.com\/de\/wp-json\/wp\/v2\/types\/product"}],"replies":[{"embeddable":true,"href":"https:\/\/tourcruiser.com\/de\/wp-json\/wp\/v2\/comments?post=37947"}],"wp:featuredmedia":[{"embeddable":true,"href":"https:\/\/tourcruiser.com\/de\/wp-json\/wp\/v2\/media\/37948"}],"wp:attachment":[{"href":"https:\/\/tourcruiser.com\/de\/wp-json\/wp\/v2\/media?parent=37947"}],"wp:term":[{"taxonomy":"product_brand","embeddable":true,"href":"https:\/\/tourcruiser.com\/de\/wp-json\/wp\/v2\/product_brand?post=37947"},{"taxonomy":"product_cat","embeddable":true,"href":"https:\/\/tourcruiser.com\/de\/wp-json\/wp\/v2\/product_cat?post=37947"},{"taxonomy":"product_tag","embeddable":true,"href":"https:\/\/tourcruiser.com\/de\/wp-json\/wp\/v2\/product_tag?post=37947"}],"curies":[{"name":"wp","href":"https:\/\/api.w.org\/{rel}","templated":true}]}}