{"id":37532,"date":"2026-03-02T14:49:47","date_gmt":"2026-03-02T07:49:47","guid":{"rendered":"http:\/\/tourcruiser.com\/product\/adidas-xlg-storm-edge-silver-metallic-black"},"modified":"2026-03-28T00:46:26","modified_gmt":"2026-03-27T17:46:26","slug":"adidas-xlg-storm-edge-silver-metallic-black","status":"publish","type":"product","link":"https:\/\/tourcruiser.com\/de\/products\/adidas-xlg-storm-edge-silver-metallic-black\/","title":{"rendered":"adidas XLG Storm Edge &#8218;Silver Metallic Black&#8216;"},"content":{"rendered":"<p>Erleben Sie die perfekte Kombination aus Performance und Style mit dem adidas XLG Storm Edge &#8218;Silver Metallic Black&#8216; JS0059 \u201d\u201c ein Schuh, der vielseitige Funktionalit\u00e4t und topaktuelle Mode vereint. Dieser Premium-Schuh besticht durch sein elegantes silber-metallic-schwarzes Design und bietet eine moderne \u00c4sthetik, die \u00fcberall auff\u00e4llt, egal ob im Fitnessstudio, auf der Laufbahn oder in der Stadt. Die leichte Konstruktion sorgt f\u00fcr ganzt\u00e4gigen Tragekomfort, w\u00e4hrend die fortschrittliche Sohlentechnologie hervorragenden Grip und optimale D\u00e4mpfung f\u00fcr maximale Unterst\u00fctzung bei intensiven Aktivit\u00e4ten bietet. Dank atmungsaktiver Materialien bleiben Ihre F\u00fc\u00dfe k\u00fchl und trocken \u201d\u201c ideal f\u00fcr Sport und Alltag. Der adidas XLG Storm Edge ist auf Langlebigkeit ausgelegt und h\u00e4lt auch starker Beanspruchung stand, ohne Kompromisse bei Komfort und Style einzugehen. Heben Sie Ihren Schuhstil auf ein neues Level und erleben Sie Performance und Design der Extraklasse.<\/p>\n<ul>\n<li><strong>Farbgebung:<\/strong> Wei\u00df\/Schwarz\/Silbermetallic<\/li>\n<li><strong>Artikelnummer:<\/strong> JS0059<\/li>\n<li><strong>Obermaterial:<\/strong> Mesh<\/li>\n<li><strong>Zwischensohle:<\/strong> Repetitor<\/li>\n<li><strong>Farbe:<\/strong> Silber<\/li>\n<\/ul>\n","protected":false},"excerpt":{"rendered":"<p>adidas XLG Storm Edge \u201d\u201d Footwear White\/Core Black\/Silver Metallic<\/p>\n","protected":false},"featured_media":37533,"comment_status":"open","ping_status":"closed","template":"","meta":[],"product_brand":[],"product_cat":[10760],"product_tag":[10759,10750,11575,11576,10758],"class_list":{"0":"post-37532","1":"product","2":"type-product","3":"status-publish","4":"has-post-thumbnail","6":"product_cat-adidas","7":"product_tag-adidas","8":"product_tag-athleisure-shoes","9":"product_tag-kids-lifestyle-casual-shoes","10":"product_tag-kids-sneakers","11":"product_tag-under-retail","12":"wcpa_has_options","14":"first","15":"outofstock","16":"taxable","17":"shipping-taxable","18":"purchasable","19":"product-type-simple"},"wcpa_form_fields":{"rules":{"pric_overide_base_price":false,"pric_overide_base_price_if_gt_zero":false,"pric_overide_base_price_fully":false,"pric_cal_option_once":false,"pric_use_as_fee":false,"bind_quantity":false,"quantity_bind_formula":false},"fields":[{"type":"color-group","required":true,"elementId":"wcpa-color-group-66c4a7f817afe","label":"Gr\u00f6\u00dfe","inline":true,"priceOptions":"different_for_all","pricingType":"fixed","className":"hassizechart product-shoes-size-eu product-shoes-size","name":"color-group-66c4a7f817b18","disp_type":"square","selection_type":"tick-border","disp_size":"50","show_label_inside":true,"adjust_width":true,"cart_display_type":"text","other_text":"Other","cl_rule":"show","col":6,"values":[{"label":"35","value":"EU 35","price":"","pimage":"","pimage_id":"","pthumb":"","color":""},{"label":"35.5","value":"EU 35.5","price":"","pimage":"","pimage_id":"","pthumb":"","color":""},{"label":"36","value":"EU 36","price":"","pimage":"","pimage_id":"","pthumb":"","color":"","selected":true},{"label":"36 2\/3","value":"EU 36 2\/3","price":"","pimage":"","pimage_id":"","pthumb":"","color":""},{"label":"37 1\/3","value":"EU 37 1\/3","price":"","pimage":"","pimage_id":"","pthumb":"","color":""},{"label":"38","value":"EU 38","price":"","pimage":"","pimage_id":"","pthumb":"","color":""},{"label":"38 2\/3","value":"EU 38 2\/3","price":"","pimage":"","pimage_id":"","pthumb":"","color":""},{"label":"39 1\/3","value":"EU 39 1\/3","price":"","pimage":"","pimage_id":"","pthumb":"","color":""},{"label":"40","value":"EU 40","price":"","pimage":"","pimage_id":"","pthumb":"","color":""},{"label":"40 2\/3","value":"EU 40 2\/3","price":"","pimage":"","pimage_id":"","pthumb":"","color":""},{"label":"41 1\/3","value":"EU 41 1\/3","price":"","pimage":"","pimage_id":"","pthumb":"","color":""},{"label":"42","value":"EU 42","price":"","pimage":"","pimage_id":"","pthumb":"","color":""},{"label":"42 2\/3","value":"EU 42 2\/3","price":"","pimage":"","pimage_id":"","pthumb":"","color":""},{"label":"43 1\/3","value":"EU 43 1\/3","price":"","pimage":"","pimage_id":"","pthumb":"","color":""},{"label":"44","value":"EU 44","price":"","pimage":"","pimage_id":"","pthumb":"","color":""},{"label":"44 2\/3","value":"EU 44 2\/3","price":"","pimage":"","pimage_id":"","pthumb":"","color":""},{"label":"45 1\/3","value":"EU 45 1\/3","price":"","pimage":"","pimage_id":"","pthumb":"","color":""},{"label":"46","value":"EU 46","price":"","pimage":"","pimage_id":"","pthumb":"","color":""},{"label":"46 2\/3","value":"EU 46 2\/3","price":"","pimage":"","pimage_id":"","pthumb":"","color":""},{"label":"47 1\/3","value":"EU 47 1\/3","price":"","pimage":"","pimage_id":"","pthumb":"","color":""}],"relations":[{"operator":false,"rules":[]}],"form_id":24802,"form_rules":{"pric_cal_option_once":false,"exclude_from_discount":false,"pric_use_as_fee":false,"fee_label":"Fee","render_after_acb":false,"disp_hide_options_price":false}}]},"yoast_head":"<!-- This site is optimized with the Yoast SEO plugin v26.5 - https:\/\/yoast.com\/wordpress\/plugins\/seo\/ -->\n<title>adidas XLG Storm Edge &#039;Silver Metallic Black&#039;  - Tourcruiser PTE. LTD<\/title>\n<meta name=\"robots\" content=\"index, follow, max-snippet:-1, max-image-preview:large, max-video-preview:-1\" \/>\n<link rel=\"canonical\" href=\"https:\/\/tourcruiser.com\/\" \/>\n<meta property=\"og:locale\" content=\"de_DE\" \/>\n<meta property=\"og:type\" content=\"article\" \/>\n<meta property=\"og:title\" content=\"adidas XLG Storm Edge &#039;Silver Metallic Black&#039;  - Tourcruiser PTE. LTD\" \/>\n<meta property=\"og:description\" content=\"adidas XLG Storm Edge \u201d\u201d Footwear White\/Core Black\/Silver Metallic\" \/>\n<meta property=\"og:url\" content=\"\/\" \/>\n<meta property=\"og:site_name\" content=\"Tourcruiser Sneaker Store\" \/>\n<meta property=\"article:modified_time\" content=\"2026-03-27T17:46:26+00:00\" \/>\n<meta name=\"twitter:card\" content=\"summary_large_image\" \/>\n<meta name=\"twitter:image\" content=\"https:\/\/images.novelship.com\/product\/adidas_xlg_storm_edge__silver_metallic_black__js00_0_40560.jpeg;https:\/\/images.novelship.com\/product\/adidas_xlg_storm_edge__silver_metallic_black__js00_1_40560.jpeg;https:\/\/images.novelship.com\/product\/adidas_xlg_storm_edge__silver_metallic_black__js00_2_40560.jpeg;https:\/\/images.novelship.com\/product\/adidas_xlg_storm_edge__silver_metallic_black__js00_3_40560.jpeg;https:\/\/images.novelship.com\/product\/adidas_xlg_storm_edge__silver_metallic_black__js00_4_40560.jpeg\" \/>\n<meta name=\"twitter:label1\" content=\"Gesch\u00e4tzte Lesezeit\" \/>\n\t<meta name=\"twitter:data1\" content=\"1\u00a0Minute\" \/>\n<script type=\"application\/ld+json\" class=\"yoast-schema-graph\">{\"@context\":\"https:\/\/schema.org\",\"@graph\":[{\"@type\":\"WebPage\",\"@id\":\"\/\",\"url\":\"https:\/\/tourcruiser.com\/\",\"name\":\"adidas XLG Storm Edge 'Silver Metallic Black' - Tourcruiser PTE. LTD\",\"isPartOf\":{\"@id\":\"https:\/\/tourcruiser.com\/de\/#website\"},\"primaryImageOfPage\":{\"@id\":\"https:\/\/tourcruiser.com\/#primaryimage\"},\"image\":{\"@id\":\"https:\/\/tourcruiser.com\/#primaryimage\"},\"thumbnailUrl\":\"https:\/\/images.novelship.com\/product\/adidas_xlg_storm_edge__silver_metallic_black__js00_0_40560.jpeg;https:\/\/images.novelship.com\/product\/adidas_xlg_storm_edge__silver_metallic_black__js00_1_40560.jpeg;https:\/\/images.novelship.com\/product\/adidas_xlg_storm_edge__silver_metallic_black__js00_2_40560.jpeg;https:\/\/images.novelship.com\/product\/adidas_xlg_storm_edge__silver_metallic_black__js00_3_40560.jpeg;https:\/\/images.novelship.com\/product\/adidas_xlg_storm_edge__silver_metallic_black__js00_4_40560.jpeg\",\"datePublished\":\"2026-03-02T07:49:47+00:00\",\"dateModified\":\"2026-03-27T17:46:26+00:00\",\"breadcrumb\":{\"@id\":\"https:\/\/tourcruiser.com\/#breadcrumb\"},\"inLanguage\":\"de\",\"potentialAction\":[{\"@type\":\"ReadAction\",\"target\":[\"https:\/\/tourcruiser.com\/\"]}]},{\"@type\":\"ImageObject\",\"inLanguage\":\"de\",\"@id\":\"https:\/\/tourcruiser.com\/#primaryimage\",\"url\":\"https:\/\/images.novelship.com\/product\/adidas_xlg_storm_edge__silver_metallic_black__js00_0_40560.jpeg;https:\/\/images.novelship.com\/product\/adidas_xlg_storm_edge__silver_metallic_black__js00_1_40560.jpeg;https:\/\/images.novelship.com\/product\/adidas_xlg_storm_edge__silver_metallic_black__js00_2_40560.jpeg;https:\/\/images.novelship.com\/product\/adidas_xlg_storm_edge__silver_metallic_black__js00_3_40560.jpeg;https:\/\/images.novelship.com\/product\/adidas_xlg_storm_edge__silver_metallic_black__js00_4_40560.jpeg\",\"contentUrl\":\"https:\/\/images.novelship.com\/product\/adidas_xlg_storm_edge__silver_metallic_black__js00_0_40560.jpeg;https:\/\/images.novelship.com\/product\/adidas_xlg_storm_edge__silver_metallic_black__js00_1_40560.jpeg;https:\/\/images.novelship.com\/product\/adidas_xlg_storm_edge__silver_metallic_black__js00_2_40560.jpeg;https:\/\/images.novelship.com\/product\/adidas_xlg_storm_edge__silver_metallic_black__js00_3_40560.jpeg;https:\/\/images.novelship.com\/product\/adidas_xlg_storm_edge__silver_metallic_black__js00_4_40560.jpeg\"},{\"@type\":\"BreadcrumbList\",\"@id\":\"https:\/\/tourcruiser.com\/#breadcrumb\",\"itemListElement\":[{\"@type\":\"ListItem\",\"position\":1,\"name\":\"Home\",\"item\":\"https:\/\/tourcruiser.com\/de\/\"},{\"@type\":\"ListItem\",\"position\":2,\"name\":\"Shop\",\"item\":\"https:\/\/tourcruiser.com\/de\/shop\/\"},{\"@type\":\"ListItem\",\"position\":3,\"name\":\"adidas XLG Storm Edge &#8218;Silver Metallic Black&#8216;\"}]},{\"@type\":\"WebSite\",\"@id\":\"https:\/\/tourcruiser.com\/de\/#website\",\"url\":\"https:\/\/tourcruiser.com\/de\/\",\"name\":\"Styloral Jewelry Shop\",\"description\":\"Tourcruiser Sneaker Store \u2014 der Ort, an dem das Universum deine Einzigartigkeit trifft.\",\"publisher\":{\"@id\":\"https:\/\/tourcruiser.com\/de\/#organization\"},\"potentialAction\":[{\"@type\":\"SearchAction\",\"target\":{\"@type\":\"EntryPoint\",\"urlTemplate\":\"https:\/\/tourcruiser.com\/de\/?s={search_term_string}\"},\"query-input\":{\"@type\":\"PropertyValueSpecification\",\"valueRequired\":true,\"valueName\":\"search_term_string\"}}],\"inLanguage\":\"de\"},{\"@type\":\"Organization\",\"@id\":\"https:\/\/tourcruiser.com\/de\/#organization\",\"name\":\"STYLORAL PTE. LTD\",\"url\":\"https:\/\/tourcruiser.com\/de\/\",\"logo\":{\"@type\":\"ImageObject\",\"inLanguage\":\"de\",\"@id\":\"https:\/\/tourcruiser.com\/de\/#\/schema\/logo\/image\/\",\"url\":\"https:\/\/www.tourcruiser.com\/wp-content\/uploads\/2025\/12\/logo.png\",\"contentUrl\":\"https:\/\/www.tourcruiser.com\/wp-content\/uploads\/2025\/12\/logo.png\",\"width\":200,\"height\":65,\"caption\":\"STYLORAL PTE. LTD\"},\"image\":{\"@id\":\"https:\/\/tourcruiser.com\/de\/#\/schema\/logo\/image\/\"}}]}<\/script>\n<!-- \/ Yoast SEO plugin. -->","yoast_head_json":{"title":"adidas XLG Storm Edge 'Silver Metallic Black'  - Tourcruiser PTE. LTD","robots":{"index":"index","follow":"follow","max-snippet":"max-snippet:-1","max-image-preview":"max-image-preview:large","max-video-preview":"max-video-preview:-1"},"canonical":"https:\/\/tourcruiser.com\/","og_locale":"de_DE","og_type":"article","og_title":"adidas XLG Storm Edge 'Silver Metallic Black'  - Tourcruiser PTE. LTD","og_description":"adidas XLG Storm Edge \u201d\u201d Footwear White\/Core Black\/Silver Metallic","og_url":"\/","og_site_name":"Tourcruiser Sneaker Store","article_modified_time":"2026-03-27T17:46:26+00:00","twitter_card":"summary_large_image","twitter_image":"https:\/\/images.novelship.com\/product\/adidas_xlg_storm_edge__silver_metallic_black__js00_0_40560.jpeg;https:\/\/images.novelship.com\/product\/adidas_xlg_storm_edge__silver_metallic_black__js00_1_40560.jpeg;https:\/\/images.novelship.com\/product\/adidas_xlg_storm_edge__silver_metallic_black__js00_2_40560.jpeg;https:\/\/images.novelship.com\/product\/adidas_xlg_storm_edge__silver_metallic_black__js00_3_40560.jpeg;https:\/\/images.novelship.com\/product\/adidas_xlg_storm_edge__silver_metallic_black__js00_4_40560.jpeg","twitter_misc":{"Gesch\u00e4tzte Lesezeit":"1\u00a0Minute"},"schema":{"@context":"https:\/\/schema.org","@graph":[{"@type":"WebPage","@id":"\/","url":"https:\/\/tourcruiser.com\/","name":"adidas XLG Storm Edge 'Silver Metallic Black' - Tourcruiser PTE. LTD","isPartOf":{"@id":"https:\/\/tourcruiser.com\/de\/#website"},"primaryImageOfPage":{"@id":"https:\/\/tourcruiser.com\/#primaryimage"},"image":{"@id":"https:\/\/tourcruiser.com\/#primaryimage"},"thumbnailUrl":"https:\/\/images.novelship.com\/product\/adidas_xlg_storm_edge__silver_metallic_black__js00_0_40560.jpeg;https:\/\/images.novelship.com\/product\/adidas_xlg_storm_edge__silver_metallic_black__js00_1_40560.jpeg;https:\/\/images.novelship.com\/product\/adidas_xlg_storm_edge__silver_metallic_black__js00_2_40560.jpeg;https:\/\/images.novelship.com\/product\/adidas_xlg_storm_edge__silver_metallic_black__js00_3_40560.jpeg;https:\/\/images.novelship.com\/product\/adidas_xlg_storm_edge__silver_metallic_black__js00_4_40560.jpeg","datePublished":"2026-03-02T07:49:47+00:00","dateModified":"2026-03-27T17:46:26+00:00","breadcrumb":{"@id":"https:\/\/tourcruiser.com\/#breadcrumb"},"inLanguage":"de","potentialAction":[{"@type":"ReadAction","target":["https:\/\/tourcruiser.com\/"]}]},{"@type":"ImageObject","inLanguage":"de","@id":"https:\/\/tourcruiser.com\/#primaryimage","url":"https:\/\/images.novelship.com\/product\/adidas_xlg_storm_edge__silver_metallic_black__js00_0_40560.jpeg;https:\/\/images.novelship.com\/product\/adidas_xlg_storm_edge__silver_metallic_black__js00_1_40560.jpeg;https:\/\/images.novelship.com\/product\/adidas_xlg_storm_edge__silver_metallic_black__js00_2_40560.jpeg;https:\/\/images.novelship.com\/product\/adidas_xlg_storm_edge__silver_metallic_black__js00_3_40560.jpeg;https:\/\/images.novelship.com\/product\/adidas_xlg_storm_edge__silver_metallic_black__js00_4_40560.jpeg","contentUrl":"https:\/\/images.novelship.com\/product\/adidas_xlg_storm_edge__silver_metallic_black__js00_0_40560.jpeg;https:\/\/images.novelship.com\/product\/adidas_xlg_storm_edge__silver_metallic_black__js00_1_40560.jpeg;https:\/\/images.novelship.com\/product\/adidas_xlg_storm_edge__silver_metallic_black__js00_2_40560.jpeg;https:\/\/images.novelship.com\/product\/adidas_xlg_storm_edge__silver_metallic_black__js00_3_40560.jpeg;https:\/\/images.novelship.com\/product\/adidas_xlg_storm_edge__silver_metallic_black__js00_4_40560.jpeg"},{"@type":"BreadcrumbList","@id":"https:\/\/tourcruiser.com\/#breadcrumb","itemListElement":[{"@type":"ListItem","position":1,"name":"Home","item":"https:\/\/tourcruiser.com\/de\/"},{"@type":"ListItem","position":2,"name":"Shop","item":"https:\/\/tourcruiser.com\/de\/shop\/"},{"@type":"ListItem","position":3,"name":"adidas XLG Storm Edge &#8218;Silver Metallic Black&#8216;"}]},{"@type":"WebSite","@id":"https:\/\/tourcruiser.com\/de\/#website","url":"https:\/\/tourcruiser.com\/de\/","name":"Styloral Jewelry Shop","description":"Tourcruiser Sneaker Store \u2014 der Ort, an dem das Universum deine Einzigartigkeit trifft.","publisher":{"@id":"https:\/\/tourcruiser.com\/de\/#organization"},"potentialAction":[{"@type":"SearchAction","target":{"@type":"EntryPoint","urlTemplate":"https:\/\/tourcruiser.com\/de\/?s={search_term_string}"},"query-input":{"@type":"PropertyValueSpecification","valueRequired":true,"valueName":"search_term_string"}}],"inLanguage":"de"},{"@type":"Organization","@id":"https:\/\/tourcruiser.com\/de\/#organization","name":"STYLORAL PTE. LTD","url":"https:\/\/tourcruiser.com\/de\/","logo":{"@type":"ImageObject","inLanguage":"de","@id":"https:\/\/tourcruiser.com\/de\/#\/schema\/logo\/image\/","url":"https:\/\/www.tourcruiser.com\/wp-content\/uploads\/2025\/12\/logo.png","contentUrl":"https:\/\/www.tourcruiser.com\/wp-content\/uploads\/2025\/12\/logo.png","width":200,"height":65,"caption":"STYLORAL PTE. LTD"},"image":{"@id":"https:\/\/tourcruiser.com\/de\/#\/schema\/logo\/image\/"}}]}},"_links":{"self":[{"href":"https:\/\/tourcruiser.com\/de\/wp-json\/wp\/v2\/product\/37532","targetHints":{"allow":["GET"]}}],"collection":[{"href":"https:\/\/tourcruiser.com\/de\/wp-json\/wp\/v2\/product"}],"about":[{"href":"https:\/\/tourcruiser.com\/de\/wp-json\/wp\/v2\/types\/product"}],"replies":[{"embeddable":true,"href":"https:\/\/tourcruiser.com\/de\/wp-json\/wp\/v2\/comments?post=37532"}],"wp:featuredmedia":[{"embeddable":true,"href":"https:\/\/tourcruiser.com\/de\/wp-json\/wp\/v2\/media\/37533"}],"wp:attachment":[{"href":"https:\/\/tourcruiser.com\/de\/wp-json\/wp\/v2\/media?parent=37532"}],"wp:term":[{"taxonomy":"product_brand","embeddable":true,"href":"https:\/\/tourcruiser.com\/de\/wp-json\/wp\/v2\/product_brand?post=37532"},{"taxonomy":"product_cat","embeddable":true,"href":"https:\/\/tourcruiser.com\/de\/wp-json\/wp\/v2\/product_cat?post=37532"},{"taxonomy":"product_tag","embeddable":true,"href":"https:\/\/tourcruiser.com\/de\/wp-json\/wp\/v2\/product_tag?post=37532"}],"curies":[{"name":"wp","href":"https:\/\/api.w.org\/{rel}","templated":true}]}}