{"id":37355,"date":"2026-03-02T14:49:32","date_gmt":"2026-03-02T07:49:32","guid":{"rendered":"http:\/\/tourcruiser.com\/product\/asics-ultrezza-club-3-safety-yellow-white"},"modified":"2026-03-28T00:46:20","modified_gmt":"2026-03-27T17:46:20","slug":"asics-ultrezza-club-3-safety-yellow-white","status":"publish","type":"product","link":"https:\/\/tourcruiser.com\/de\/products\/asics-ultrezza-club-3-safety-yellow-white\/","title":{"rendered":"ASICS Ultrezza Club 3 &#8218;Safety Yellow White&#8216;"},"content":{"rendered":"<p>Verbessere dein Spiel mit dem ASICS Ultrezza Club 3 \u201eSafety Yellow White\u201c 1101A059-750, einem Performance-Fu\u00dfballschuh, der f\u00fcr Pr\u00e4zision, Schnelligkeit und Komfort auf dem Platz entwickelt wurde. Dank des leichten Synthetik-Obermaterials bietet er optimale Ballkontrolle, w\u00e4hrend die leuchtende Farbkombination aus Sicherheitsgelb und Wei\u00df daf\u00fcr sorgt, dass du in jedem Spiel auff\u00e4llst. Die reaktionsfreudige Zwischensohle verbessert deine Agilit\u00e4t, und die strapazierf\u00e4hige Au\u00dfensohle f\u00fcr verschiedene Untergr\u00fcnde bietet hervorragenden Grip und Stabilit\u00e4t. Der Ultrezza Club 3 wurde f\u00fcr Spieler entwickelt, die im Wettkampf einen Vorteil suchen, und kombiniert modernste Technologie mit einem eleganten Design, um deine Leistung zu steigern. Egal ob Sprinten, Passen oder Schie\u00dfen \u201d\u201c dieser Schuh bietet dir bei jedem Schritt un\u00fcbertroffene Zuverl\u00e4ssigkeit und Unterst\u00fctzung. Mach dich bereit, das Spielfeld mit Selbstbewusstsein und Stil zu dominieren.<\/p>\n<ul>\n<li><strong>Artikelnummer:<\/strong> 1101A059-750<\/li>\n<li><strong>Obermaterial:<\/strong> Synthetik<\/li>\n<li><strong>Farbe:<\/strong> Gelb<\/li>\n<\/ul>\n","protected":false},"excerpt":{"rendered":"<p>ASICS Ultrezza Club 3 &#8218;Safety Yellow White&#8216;<\/p>\n","protected":false},"featured_media":37356,"comment_status":"open","ping_status":"closed","template":"","meta":[],"product_brand":[],"product_cat":[10792],"product_tag":[10791,11087,10753,10802,10987,10758],"class_list":{"0":"post-37355","1":"product","2":"type-product","3":"status-publish","4":"has-post-thumbnail","6":"product_cat-asics","7":"product_tag-asics","8":"product_tag-firm-ground-fg-football-boots","9":"product_tag-gift-for-him","10":"product_tag-performance-sport-shoes","11":"product_tag-soccer-shoes-football-cleats","12":"product_tag-under-retail","13":"wcpa_has_options","15":"first","16":"outofstock","17":"taxable","18":"shipping-taxable","19":"purchasable","20":"product-type-simple"},"wcpa_form_fields":{"rules":{"pric_overide_base_price":false,"pric_overide_base_price_if_gt_zero":false,"pric_overide_base_price_fully":false,"pric_cal_option_once":false,"pric_use_as_fee":false,"bind_quantity":false,"quantity_bind_formula":false},"fields":[{"type":"color-group","required":true,"elementId":"wcpa-color-group-69a5ab08ee12d","label":"Gr\u00f6\u00dfe","inline":true,"priceOptions":"different_for_all","pricingType":"fixed","className":"hassizechart product-shoes-size-eu product-shoes-size","name":"color-group-69a5ab08ee136","disp_type":"square","selection_type":"tick-border","disp_size":"50","show_label_inside":true,"adjust_width":true,"cart_display_type":"text","other_text":"Other","cl_rule":"show","col":6,"values":[{"label":"36","value":"EU 36","price":"","pimage":"","pimage_id":"","pthumb":"","color":"","selected":true},{"label":"37","value":"EU 37","price":"","pimage":"","pimage_id":"","pthumb":"","color":""},{"label":"37.5","value":"EU 37.5","price":"","pimage":"","pimage_id":"","pthumb":"","color":""},{"label":"38","value":"EU 38","price":"","pimage":"","pimage_id":"","pthumb":"","color":""},{"label":"38.5","value":"EU 38.5","price":"","pimage":"","pimage_id":"","pthumb":"","color":""},{"label":"39","value":"EU 39","price":"","pimage":"","pimage_id":"","pthumb":"","color":""},{"label":"39.5","value":"EU 39.5","price":"","pimage":"","pimage_id":"","pthumb":"","color":""},{"label":"40","value":"EU 40","price":"","pimage":"","pimage_id":"","pthumb":"","color":""},{"label":"40.5","value":"EU 40.5","price":"","pimage":"","pimage_id":"","pthumb":"","color":""},{"label":" 41.5","value":"EU 41.5","price":"","pimage":"","pimage_id":"","pthumb":"","color":""},{"label":"42","value":"EU 42","price":"","pimage":"","pimage_id":"","pthumb":"","color":""},{"label":"42.5","value":"EU 42.5","price":"","pimage":"","pimage_id":"","pthumb":"","color":""},{"label":"43.5","value":"EU 43.5","price":"","pimage":"","pimage_id":"","pthumb":"","color":""},{"label":"44","value":"EU 44","price":"","pimage":"","pimage_id":"","pthumb":"","color":""},{"label":"44.5","value":"EU 44.5","price":"","pimage":"","pimage_id":"","pthumb":"","color":""},{"label":"45","value":"EU 45","price":"","pimage":"","pimage_id":"","pthumb":"","color":""}],"relations":[{"operator":false,"rules":[]}],"form_id":184311,"form_rules":{"pric_cal_option_once":false,"exclude_from_discount":false,"pric_use_as_fee":false,"fee_label":"Fee","render_after_acb":false,"disp_hide_options_price":false}}]},"yoast_head":"<!-- This site is optimized with the Yoast SEO plugin v26.5 - https:\/\/yoast.com\/wordpress\/plugins\/seo\/ -->\n<title>ASICS Ultrezza Club 3 &#039;Safety Yellow White&#039;  - Tourcruiser PTE. LTD<\/title>\n<meta name=\"robots\" content=\"index, follow, max-snippet:-1, max-image-preview:large, max-video-preview:-1\" \/>\n<link rel=\"canonical\" href=\"https:\/\/tourcruiser.com\/\" \/>\n<meta property=\"og:locale\" content=\"de_DE\" \/>\n<meta property=\"og:type\" content=\"article\" \/>\n<meta property=\"og:title\" content=\"ASICS Ultrezza Club 3 &#039;Safety Yellow White&#039;  - Tourcruiser PTE. LTD\" \/>\n<meta property=\"og:description\" content=\"ASICS Ultrezza Club 3 &#039;Safety Yellow White&#039;\" \/>\n<meta property=\"og:url\" content=\"\/\" \/>\n<meta property=\"og:site_name\" content=\"Tourcruiser Sneaker Store\" \/>\n<meta property=\"article:modified_time\" content=\"2026-03-27T17:46:20+00:00\" \/>\n<meta name=\"twitter:card\" content=\"summary_large_image\" \/>\n<meta name=\"twitter:image\" content=\"https:\/\/images.novelship.com\/product\/asics_ultrezza_club_3__safety_yellow_white__1101a0_0_44432.jpeg;https:\/\/images.novelship.com\/product\/asics_ultrezza_club_3__safety_yellow_white__1101a0_1_44432.jpeg;https:\/\/images.novelship.com\/product\/asics_ultrezza_club_3__safety_yellow_white__1101a0_2_44432.jpeg;https:\/\/images.novelship.com\/product\/asics_ultrezza_club_3__safety_yellow_white__1101a0_3_44432.jpeg;https:\/\/images.novelship.com\/product\/asics_ultrezza_club_3__safety_yellow_white__1101a0_4_44433.jpeg;https:\/\/images.novelship.com\/product\/asics_ultrezza_club_3__safety_yellow_white__1101a0_5_44433.jpeg;https:\/\/images.novelship.com\/product\/asics_ultrezza_club_3__safety_yellow_white__1101a0_6_44433.jpeg;https:\/\/images.novelship.com\/product\/asics_ultrezza_club_3__safety_yellow_white__1101a0_7_44433.jpeg\" \/>\n<meta name=\"twitter:label1\" content=\"Gesch\u00e4tzte Lesezeit\" \/>\n\t<meta name=\"twitter:data1\" content=\"1\u00a0Minute\" \/>\n<script type=\"application\/ld+json\" class=\"yoast-schema-graph\">{\"@context\":\"https:\/\/schema.org\",\"@graph\":[{\"@type\":\"WebPage\",\"@id\":\"\/\",\"url\":\"https:\/\/tourcruiser.com\/\",\"name\":\"ASICS Ultrezza Club 3 'Safety Yellow White' - Tourcruiser PTE. LTD\",\"isPartOf\":{\"@id\":\"https:\/\/tourcruiser.com\/de\/#website\"},\"primaryImageOfPage\":{\"@id\":\"https:\/\/tourcruiser.com\/#primaryimage\"},\"image\":{\"@id\":\"https:\/\/tourcruiser.com\/#primaryimage\"},\"thumbnailUrl\":\"https:\/\/images.novelship.com\/product\/asics_ultrezza_club_3__safety_yellow_white__1101a0_0_44432.jpeg;https:\/\/images.novelship.com\/product\/asics_ultrezza_club_3__safety_yellow_white__1101a0_1_44432.jpeg;https:\/\/images.novelship.com\/product\/asics_ultrezza_club_3__safety_yellow_white__1101a0_2_44432.jpeg;https:\/\/images.novelship.com\/product\/asics_ultrezza_club_3__safety_yellow_white__1101a0_3_44432.jpeg;https:\/\/images.novelship.com\/product\/asics_ultrezza_club_3__safety_yellow_white__1101a0_4_44433.jpeg;https:\/\/images.novelship.com\/product\/asics_ultrezza_club_3__safety_yellow_white__1101a0_5_44433.jpeg;https:\/\/images.novelship.com\/product\/asics_ultrezza_club_3__safety_yellow_white__1101a0_6_44433.jpeg;https:\/\/images.novelship.com\/product\/asics_ultrezza_club_3__safety_yellow_white__1101a0_7_44433.jpeg\",\"datePublished\":\"2026-03-02T07:49:32+00:00\",\"dateModified\":\"2026-03-27T17:46:20+00:00\",\"breadcrumb\":{\"@id\":\"https:\/\/tourcruiser.com\/#breadcrumb\"},\"inLanguage\":\"de\",\"potentialAction\":[{\"@type\":\"ReadAction\",\"target\":[\"https:\/\/tourcruiser.com\/\"]}]},{\"@type\":\"ImageObject\",\"inLanguage\":\"de\",\"@id\":\"https:\/\/tourcruiser.com\/#primaryimage\",\"url\":\"https:\/\/images.novelship.com\/product\/asics_ultrezza_club_3__safety_yellow_white__1101a0_0_44432.jpeg;https:\/\/images.novelship.com\/product\/asics_ultrezza_club_3__safety_yellow_white__1101a0_1_44432.jpeg;https:\/\/images.novelship.com\/product\/asics_ultrezza_club_3__safety_yellow_white__1101a0_2_44432.jpeg;https:\/\/images.novelship.com\/product\/asics_ultrezza_club_3__safety_yellow_white__1101a0_3_44432.jpeg;https:\/\/images.novelship.com\/product\/asics_ultrezza_club_3__safety_yellow_white__1101a0_4_44433.jpeg;https:\/\/images.novelship.com\/product\/asics_ultrezza_club_3__safety_yellow_white__1101a0_5_44433.jpeg;https:\/\/images.novelship.com\/product\/asics_ultrezza_club_3__safety_yellow_white__1101a0_6_44433.jpeg;https:\/\/images.novelship.com\/product\/asics_ultrezza_club_3__safety_yellow_white__1101a0_7_44433.jpeg\",\"contentUrl\":\"https:\/\/images.novelship.com\/product\/asics_ultrezza_club_3__safety_yellow_white__1101a0_0_44432.jpeg;https:\/\/images.novelship.com\/product\/asics_ultrezza_club_3__safety_yellow_white__1101a0_1_44432.jpeg;https:\/\/images.novelship.com\/product\/asics_ultrezza_club_3__safety_yellow_white__1101a0_2_44432.jpeg;https:\/\/images.novelship.com\/product\/asics_ultrezza_club_3__safety_yellow_white__1101a0_3_44432.jpeg;https:\/\/images.novelship.com\/product\/asics_ultrezza_club_3__safety_yellow_white__1101a0_4_44433.jpeg;https:\/\/images.novelship.com\/product\/asics_ultrezza_club_3__safety_yellow_white__1101a0_5_44433.jpeg;https:\/\/images.novelship.com\/product\/asics_ultrezza_club_3__safety_yellow_white__1101a0_6_44433.jpeg;https:\/\/images.novelship.com\/product\/asics_ultrezza_club_3__safety_yellow_white__1101a0_7_44433.jpeg\"},{\"@type\":\"BreadcrumbList\",\"@id\":\"https:\/\/tourcruiser.com\/#breadcrumb\",\"itemListElement\":[{\"@type\":\"ListItem\",\"position\":1,\"name\":\"Home\",\"item\":\"https:\/\/tourcruiser.com\/de\/\"},{\"@type\":\"ListItem\",\"position\":2,\"name\":\"Shop\",\"item\":\"https:\/\/tourcruiser.com\/de\/shop\/\"},{\"@type\":\"ListItem\",\"position\":3,\"name\":\"ASICS Ultrezza Club 3 &#8218;Safety Yellow White&#8216;\"}]},{\"@type\":\"WebSite\",\"@id\":\"https:\/\/tourcruiser.com\/de\/#website\",\"url\":\"https:\/\/tourcruiser.com\/de\/\",\"name\":\"Styloral Jewelry Shop\",\"description\":\"Tourcruiser Sneaker Store \u2014 der Ort, an dem das Universum deine Einzigartigkeit trifft.\",\"publisher\":{\"@id\":\"https:\/\/tourcruiser.com\/de\/#organization\"},\"potentialAction\":[{\"@type\":\"SearchAction\",\"target\":{\"@type\":\"EntryPoint\",\"urlTemplate\":\"https:\/\/tourcruiser.com\/de\/?s={search_term_string}\"},\"query-input\":{\"@type\":\"PropertyValueSpecification\",\"valueRequired\":true,\"valueName\":\"search_term_string\"}}],\"inLanguage\":\"de\"},{\"@type\":\"Organization\",\"@id\":\"https:\/\/tourcruiser.com\/de\/#organization\",\"name\":\"STYLORAL PTE. LTD\",\"url\":\"https:\/\/tourcruiser.com\/de\/\",\"logo\":{\"@type\":\"ImageObject\",\"inLanguage\":\"de\",\"@id\":\"https:\/\/tourcruiser.com\/de\/#\/schema\/logo\/image\/\",\"url\":\"https:\/\/www.tourcruiser.com\/wp-content\/uploads\/2025\/12\/logo.png\",\"contentUrl\":\"https:\/\/www.tourcruiser.com\/wp-content\/uploads\/2025\/12\/logo.png\",\"width\":200,\"height\":65,\"caption\":\"STYLORAL PTE. LTD\"},\"image\":{\"@id\":\"https:\/\/tourcruiser.com\/de\/#\/schema\/logo\/image\/\"}}]}<\/script>\n<!-- \/ Yoast SEO plugin. -->","yoast_head_json":{"title":"ASICS Ultrezza Club 3 'Safety Yellow White'  - Tourcruiser PTE. LTD","robots":{"index":"index","follow":"follow","max-snippet":"max-snippet:-1","max-image-preview":"max-image-preview:large","max-video-preview":"max-video-preview:-1"},"canonical":"https:\/\/tourcruiser.com\/","og_locale":"de_DE","og_type":"article","og_title":"ASICS Ultrezza Club 3 'Safety Yellow White'  - Tourcruiser PTE. LTD","og_description":"ASICS Ultrezza Club 3 'Safety Yellow White'","og_url":"\/","og_site_name":"Tourcruiser Sneaker Store","article_modified_time":"2026-03-27T17:46:20+00:00","twitter_card":"summary_large_image","twitter_image":"https:\/\/images.novelship.com\/product\/asics_ultrezza_club_3__safety_yellow_white__1101a0_0_44432.jpeg;https:\/\/images.novelship.com\/product\/asics_ultrezza_club_3__safety_yellow_white__1101a0_1_44432.jpeg;https:\/\/images.novelship.com\/product\/asics_ultrezza_club_3__safety_yellow_white__1101a0_2_44432.jpeg;https:\/\/images.novelship.com\/product\/asics_ultrezza_club_3__safety_yellow_white__1101a0_3_44432.jpeg;https:\/\/images.novelship.com\/product\/asics_ultrezza_club_3__safety_yellow_white__1101a0_4_44433.jpeg;https:\/\/images.novelship.com\/product\/asics_ultrezza_club_3__safety_yellow_white__1101a0_5_44433.jpeg;https:\/\/images.novelship.com\/product\/asics_ultrezza_club_3__safety_yellow_white__1101a0_6_44433.jpeg;https:\/\/images.novelship.com\/product\/asics_ultrezza_club_3__safety_yellow_white__1101a0_7_44433.jpeg","twitter_misc":{"Gesch\u00e4tzte Lesezeit":"1\u00a0Minute"},"schema":{"@context":"https:\/\/schema.org","@graph":[{"@type":"WebPage","@id":"\/","url":"https:\/\/tourcruiser.com\/","name":"ASICS Ultrezza Club 3 'Safety Yellow White' - Tourcruiser PTE. LTD","isPartOf":{"@id":"https:\/\/tourcruiser.com\/de\/#website"},"primaryImageOfPage":{"@id":"https:\/\/tourcruiser.com\/#primaryimage"},"image":{"@id":"https:\/\/tourcruiser.com\/#primaryimage"},"thumbnailUrl":"https:\/\/images.novelship.com\/product\/asics_ultrezza_club_3__safety_yellow_white__1101a0_0_44432.jpeg;https:\/\/images.novelship.com\/product\/asics_ultrezza_club_3__safety_yellow_white__1101a0_1_44432.jpeg;https:\/\/images.novelship.com\/product\/asics_ultrezza_club_3__safety_yellow_white__1101a0_2_44432.jpeg;https:\/\/images.novelship.com\/product\/asics_ultrezza_club_3__safety_yellow_white__1101a0_3_44432.jpeg;https:\/\/images.novelship.com\/product\/asics_ultrezza_club_3__safety_yellow_white__1101a0_4_44433.jpeg;https:\/\/images.novelship.com\/product\/asics_ultrezza_club_3__safety_yellow_white__1101a0_5_44433.jpeg;https:\/\/images.novelship.com\/product\/asics_ultrezza_club_3__safety_yellow_white__1101a0_6_44433.jpeg;https:\/\/images.novelship.com\/product\/asics_ultrezza_club_3__safety_yellow_white__1101a0_7_44433.jpeg","datePublished":"2026-03-02T07:49:32+00:00","dateModified":"2026-03-27T17:46:20+00:00","breadcrumb":{"@id":"https:\/\/tourcruiser.com\/#breadcrumb"},"inLanguage":"de","potentialAction":[{"@type":"ReadAction","target":["https:\/\/tourcruiser.com\/"]}]},{"@type":"ImageObject","inLanguage":"de","@id":"https:\/\/tourcruiser.com\/#primaryimage","url":"https:\/\/images.novelship.com\/product\/asics_ultrezza_club_3__safety_yellow_white__1101a0_0_44432.jpeg;https:\/\/images.novelship.com\/product\/asics_ultrezza_club_3__safety_yellow_white__1101a0_1_44432.jpeg;https:\/\/images.novelship.com\/product\/asics_ultrezza_club_3__safety_yellow_white__1101a0_2_44432.jpeg;https:\/\/images.novelship.com\/product\/asics_ultrezza_club_3__safety_yellow_white__1101a0_3_44432.jpeg;https:\/\/images.novelship.com\/product\/asics_ultrezza_club_3__safety_yellow_white__1101a0_4_44433.jpeg;https:\/\/images.novelship.com\/product\/asics_ultrezza_club_3__safety_yellow_white__1101a0_5_44433.jpeg;https:\/\/images.novelship.com\/product\/asics_ultrezza_club_3__safety_yellow_white__1101a0_6_44433.jpeg;https:\/\/images.novelship.com\/product\/asics_ultrezza_club_3__safety_yellow_white__1101a0_7_44433.jpeg","contentUrl":"https:\/\/images.novelship.com\/product\/asics_ultrezza_club_3__safety_yellow_white__1101a0_0_44432.jpeg;https:\/\/images.novelship.com\/product\/asics_ultrezza_club_3__safety_yellow_white__1101a0_1_44432.jpeg;https:\/\/images.novelship.com\/product\/asics_ultrezza_club_3__safety_yellow_white__1101a0_2_44432.jpeg;https:\/\/images.novelship.com\/product\/asics_ultrezza_club_3__safety_yellow_white__1101a0_3_44432.jpeg;https:\/\/images.novelship.com\/product\/asics_ultrezza_club_3__safety_yellow_white__1101a0_4_44433.jpeg;https:\/\/images.novelship.com\/product\/asics_ultrezza_club_3__safety_yellow_white__1101a0_5_44433.jpeg;https:\/\/images.novelship.com\/product\/asics_ultrezza_club_3__safety_yellow_white__1101a0_6_44433.jpeg;https:\/\/images.novelship.com\/product\/asics_ultrezza_club_3__safety_yellow_white__1101a0_7_44433.jpeg"},{"@type":"BreadcrumbList","@id":"https:\/\/tourcruiser.com\/#breadcrumb","itemListElement":[{"@type":"ListItem","position":1,"name":"Home","item":"https:\/\/tourcruiser.com\/de\/"},{"@type":"ListItem","position":2,"name":"Shop","item":"https:\/\/tourcruiser.com\/de\/shop\/"},{"@type":"ListItem","position":3,"name":"ASICS Ultrezza Club 3 &#8218;Safety Yellow White&#8216;"}]},{"@type":"WebSite","@id":"https:\/\/tourcruiser.com\/de\/#website","url":"https:\/\/tourcruiser.com\/de\/","name":"Styloral Jewelry Shop","description":"Tourcruiser Sneaker Store \u2014 der Ort, an dem das Universum deine Einzigartigkeit trifft.","publisher":{"@id":"https:\/\/tourcruiser.com\/de\/#organization"},"potentialAction":[{"@type":"SearchAction","target":{"@type":"EntryPoint","urlTemplate":"https:\/\/tourcruiser.com\/de\/?s={search_term_string}"},"query-input":{"@type":"PropertyValueSpecification","valueRequired":true,"valueName":"search_term_string"}}],"inLanguage":"de"},{"@type":"Organization","@id":"https:\/\/tourcruiser.com\/de\/#organization","name":"STYLORAL PTE. LTD","url":"https:\/\/tourcruiser.com\/de\/","logo":{"@type":"ImageObject","inLanguage":"de","@id":"https:\/\/tourcruiser.com\/de\/#\/schema\/logo\/image\/","url":"https:\/\/www.tourcruiser.com\/wp-content\/uploads\/2025\/12\/logo.png","contentUrl":"https:\/\/www.tourcruiser.com\/wp-content\/uploads\/2025\/12\/logo.png","width":200,"height":65,"caption":"STYLORAL PTE. LTD"},"image":{"@id":"https:\/\/tourcruiser.com\/de\/#\/schema\/logo\/image\/"}}]}},"_links":{"self":[{"href":"https:\/\/tourcruiser.com\/de\/wp-json\/wp\/v2\/product\/37355","targetHints":{"allow":["GET"]}}],"collection":[{"href":"https:\/\/tourcruiser.com\/de\/wp-json\/wp\/v2\/product"}],"about":[{"href":"https:\/\/tourcruiser.com\/de\/wp-json\/wp\/v2\/types\/product"}],"replies":[{"embeddable":true,"href":"https:\/\/tourcruiser.com\/de\/wp-json\/wp\/v2\/comments?post=37355"}],"wp:featuredmedia":[{"embeddable":true,"href":"https:\/\/tourcruiser.com\/de\/wp-json\/wp\/v2\/media\/37356"}],"wp:attachment":[{"href":"https:\/\/tourcruiser.com\/de\/wp-json\/wp\/v2\/media?parent=37355"}],"wp:term":[{"taxonomy":"product_brand","embeddable":true,"href":"https:\/\/tourcruiser.com\/de\/wp-json\/wp\/v2\/product_brand?post=37355"},{"taxonomy":"product_cat","embeddable":true,"href":"https:\/\/tourcruiser.com\/de\/wp-json\/wp\/v2\/product_cat?post=37355"},{"taxonomy":"product_tag","embeddable":true,"href":"https:\/\/tourcruiser.com\/de\/wp-json\/wp\/v2\/product_tag?post=37355"}],"curies":[{"name":"wp","href":"https:\/\/api.w.org\/{rel}","templated":true}]}}