{"id":37302,"date":"2026-03-02T14:49:27","date_gmt":"2026-03-02T07:49:27","guid":{"rendered":"http:\/\/tourcruiser.com\/product\/women-nike-p-6000-white-metallic-gold"},"modified":"2026-03-28T00:46:16","modified_gmt":"2026-03-27T17:46:16","slug":"women-nike-p-6000-white-metallic-gold","status":"publish","type":"product","link":"https:\/\/tourcruiser.com\/de\/products\/women-nike-p-6000-white-metallic-gold\/","title":{"rendered":"(Women) Nike P-6000 &#8218;White Metallic Gold&#8216;"},"content":{"rendered":"<p>Mit dem Nike P-6000 Gold IF1787-100, einem vielseitigen Damen-Sneaker, der Retro-\u00c4sthetik mit modernem Komfort vereint, verleihst du deinem Style und deiner Performance das gewisse Extra. Die sportlich-eleganten Schuhe mit ihrem schimmernden Goldfinish sind perfekt f\u00fcr Frauen, die Wert auf Stil und Funktionalit\u00e4t legen. Das atmungsaktive Mesh-Obermaterial wird durch strapazierf\u00e4hige Synthetik-Overlays erg\u00e4nzt und sorgt so f\u00fcr ganzt\u00e4gigen Tragekomfort und Halt \u201d\u201c egal ob in der Stadt oder im Fitnessstudio.<\/p>\n<p>Die ged\u00e4mpfte Mittelsohle bietet reaktionsfreudigen Komfort und reduziert die Aufprallkr\u00e4fte bei jedem Schritt, w\u00e4hrend die Gummiau\u00dfensohle hervorragende Traktion und Langlebigkeit auf verschiedenen Untergr\u00fcnden gew\u00e4hrleistet. Die metallischen Akzente und die raffinierten Details machen diesen Sneaker zu einem echten Hingucker und unterstreichen feminine St\u00e4rke und zeitlosen sportlichen Stil.<\/p>\n<p>Der Nike P-6000 Gold ist der ideale Begleiter f\u00fcr Freizeit und sportliche Aktivit\u00e4ten und ein Must-have f\u00fcr alle, die Wert auf Vielseitigkeit legen. Mit diesen au\u00dfergew\u00f6hnlichen Sneakern, die f\u00fcr jeden Anlass und jedes Umfeld geeignet sind, strahlst du Selbstbewusstsein, Performance und makellosen Style aus. Perfekt f\u00fcr Sneaker-Fans und modebewusste Menschen gleicherma\u00dfen: Dieses Design vereint Innovation mit markanter \u00c4sthetik und definiert so den Alltag neu. Erleben Sie die Zukunft der Schuhe mit diesem auff\u00e4lligen Modell aus Nikes legend\u00e4rer Kollektion.<\/p>\n<ul>\n<li><strong>Farbgebung:<\/strong> Wei\u00df\/Grain\/Metallic Gold Grain\/Schwarz<\/li>\n<li><strong>Style-Code:<\/strong> IF1787-100<\/li>\n<li><strong>Obermaterial:<\/strong> Mesh<\/li>\n<li><strong>Farbe:<\/strong> Gold<\/li>\n<\/ul>\n","protected":false},"excerpt":{"rendered":"<p>Nike P-6000 \u201d\u201d White\/Grain\/Metallic Gold Grain\/Black<\/p>\n","protected":false},"featured_media":37303,"comment_status":"open","ping_status":"closed","template":"","meta":[],"product_brand":[],"product_cat":[10809],"product_tag":[10754,10765,10801,10768,10758],"class_list":{"0":"post-37302","1":"product","2":"type-product","3":"status-publish","4":"has-post-thumbnail","6":"product_cat-nike-women","7":"product_tag-lifestyle-casual-shoes","8":"product_tag-lifestyle-shoes-running-inspired","9":"product_tag-nike","10":"product_tag-retro-running-shoes","11":"product_tag-under-retail","12":"wcpa_has_options","14":"first","15":"outofstock","16":"taxable","17":"shipping-taxable","18":"purchasable","19":"product-type-simple"},"wcpa_form_fields":{"rules":{"pric_overide_base_price":false,"pric_overide_base_price_if_gt_zero":false,"pric_overide_base_price_fully":false,"pric_cal_option_once":false,"pric_use_as_fee":false,"bind_quantity":false,"quantity_bind_formula":false},"fields":[{"type":"color-group","required":true,"elementId":"wcpa-color-group-66c4a75505e74","label":"Gr\u00f6\u00dfe - EU Gr\u00f6\u00dfe","inline":true,"priceOptions":"different_for_all","pricingType":"fixed","className":"hassizechart product-shoes-size-eu product-shoes-size","name":"color-group-66c4a75505e89","disp_type":"square","selection_type":"tick-border","disp_size":"44","show_label_inside":true,"adjust_width":true,"cart_display_type":"text","other_text":"Other","cl_rule":"show","col":6,"values":[{"label":"35.5","value":"EU 35.5","price":"","pimage":"","pimage_id":"","pthumb":"","color":""},{"label":"36","value":"EU 36","price":"","pimage":"","pimage_id":"","pthumb":"","color":"","selected":true},{"label":"36.5","value":"EU 36.5","price":"","pimage":"","pimage_id":"","pthumb":"","color":""},{"label":"37.5","value":"EU 37.5","price":"","pimage":"","pimage_id":"","pthumb":"","color":""},{"label":"38","value":"EU 38","price":"","pimage":"","pimage_id":"","pthumb":"","color":""},{"label":"38.5","value":"EU 38.5","price":"","pimage":"","pimage_id":"","pthumb":"","color":""},{"label":"39","value":"EU 39","price":"","pimage":"","pimage_id":"","pthumb":"","color":""},{"label":"40","value":"EU 40","price":"","pimage":"","pimage_id":"","pthumb":"","color":""},{"label":"40.5","value":"EU 40.5","price":"","pimage":"","pimage_id":"","pthumb":"","color":""},{"label":"41","value":"EU 41","price":"","pimage":"","pimage_id":"","pthumb":"","color":""},{"label":"42","value":"EU 42","price":"","pimage":"","pimage_id":"","pthumb":"","color":""},{"label":"42.5","value":"EU 42.5","price":"","pimage":"","pimage_id":"","pthumb":"","color":""},{"label":"43","value":"EU 43","price":"","pimage":"","pimage_id":"","pthumb":"","color":""},{"label":"44","value":"EU 44","price":"","pimage":"","pimage_id":"","pthumb":"","color":""},{"label":"44.5","value":"EU 44.5","price":"","pimage":"","pimage_id":"","pthumb":"","color":""},{"label":"45","value":"EU 45","price":"","pimage":"","pimage_id":"","pthumb":"","color":""},{"label":"45.5","value":"EU 45.5","price":"","pimage":"","pimage_id":"","pthumb":"","color":""},{"label":"46","value":"EU 46","price":"","pimage":"","pimage_id":"","pthumb":"","color":""},{"label":"47","value":"EU 47","price":"","pimage":"","pimage_id":"","pthumb":"","color":""},{"label":"47.5","value":"EU 47.5","price":"","pimage":"","pimage_id":"","pthumb":"","color":""},{"label":"48","value":"EU 48","price":"","pimage":"","pimage_id":"","pthumb":"","color":""}],"relations":[{"operator":false,"rules":[]}],"form_id":18106,"form_rules":{"pric_cal_option_once":false,"exclude_from_discount":false,"pric_use_as_fee":false,"fee_label":"Fee","render_after_acb":false,"disp_hide_options_price":false}}]},"yoast_head":"<!-- This site is optimized with the Yoast SEO plugin v26.5 - https:\/\/yoast.com\/wordpress\/plugins\/seo\/ -->\n<title>(Women) Nike P-6000 &#039;White Metallic Gold&#039;  - Tourcruiser PTE. LTD<\/title>\n<meta name=\"robots\" content=\"index, follow, max-snippet:-1, max-image-preview:large, max-video-preview:-1\" \/>\n<link rel=\"canonical\" href=\"https:\/\/tourcruiser.com\/de\/products\/women-nike-p-6000-white-metallic-gold\/\" \/>\n<meta property=\"og:locale\" content=\"de_DE\" \/>\n<meta property=\"og:type\" content=\"article\" \/>\n<meta property=\"og:title\" content=\"(Women) Nike P-6000 &#039;White Metallic Gold&#039;  - Tourcruiser PTE. LTD\" \/>\n<meta property=\"og:description\" content=\"Nike P-6000 \u201d\u201d White\/Grain\/Metallic Gold Grain\/Black\" \/>\n<meta property=\"og:url\" content=\"https:\/\/tourcruiser.com\/de\/products\/women-nike-p-6000-white-metallic-gold\/\" \/>\n<meta property=\"og:site_name\" content=\"Tourcruiser Sneaker Store\" \/>\n<meta property=\"article:modified_time\" content=\"2026-03-27T17:46:16+00:00\" \/>\n<meta name=\"twitter:card\" content=\"summary_large_image\" \/>\n<meta name=\"twitter:image\" content=\"https:\/\/images.novelship.com\/product\/_women__nike_p-6000__white_metallic_gold__if1787-1_0_25645.jpeg;https:\/\/images.novelship.com\/product\/_women__nike_p-6000__white_metallic_gold__if1787-1_1_25645.jpeg;https:\/\/images.novelship.com\/product\/_women__nike_p-6000__white_metallic_gold__if1787-1_2_25645.jpeg;https:\/\/images.novelship.com\/product\/_women__nike_p-6000__white_metallic_gold__if1787-1_3_25645.jpeg;https:\/\/images.novelship.com\/product\/_women__nike_p-6000__white_metallic_gold__if1787-1_4_25645.jpeg;https:\/\/images.novelship.com\/product\/_women__nike_p-6000__white_metallic_gold__if1787-1_5_25645.jpeg;https:\/\/images.novelship.com\/product\/_women__nike_p-6000__white_metallic_gold__if1787-1_6_25645.jpeg;https:\/\/images.novelship.com\/product\/_women__nike_p-6000__white_metallic_gold__if1787-1_7_25645.jpeg\" \/>\n<meta name=\"twitter:label1\" content=\"Gesch\u00e4tzte Lesezeit\" \/>\n\t<meta name=\"twitter:data1\" content=\"1\u00a0Minute\" \/>\n<script type=\"application\/ld+json\" class=\"yoast-schema-graph\">{\"@context\":\"https:\/\/schema.org\",\"@graph\":[{\"@type\":\"WebPage\",\"@id\":\"https:\/\/tourcruiser.com\/de\/products\/women-nike-p-6000-white-metallic-gold\/\",\"url\":\"https:\/\/tourcruiser.com\/de\/products\/women-nike-p-6000-white-metallic-gold\/\",\"name\":\"(Women) Nike P-6000 'White Metallic Gold' - Tourcruiser PTE. LTD\",\"isPartOf\":{\"@id\":\"https:\/\/tourcruiser.com\/de\/#website\"},\"primaryImageOfPage\":{\"@id\":\"https:\/\/tourcruiser.com\/de\/products\/women-nike-p-6000-white-metallic-gold\/#primaryimage\"},\"image\":{\"@id\":\"https:\/\/tourcruiser.com\/de\/products\/women-nike-p-6000-white-metallic-gold\/#primaryimage\"},\"thumbnailUrl\":\"https:\/\/images.novelship.com\/product\/_women__nike_p-6000__white_metallic_gold__if1787-1_0_25645.jpeg;https:\/\/images.novelship.com\/product\/_women__nike_p-6000__white_metallic_gold__if1787-1_1_25645.jpeg;https:\/\/images.novelship.com\/product\/_women__nike_p-6000__white_metallic_gold__if1787-1_2_25645.jpeg;https:\/\/images.novelship.com\/product\/_women__nike_p-6000__white_metallic_gold__if1787-1_3_25645.jpeg;https:\/\/images.novelship.com\/product\/_women__nike_p-6000__white_metallic_gold__if1787-1_4_25645.jpeg;https:\/\/images.novelship.com\/product\/_women__nike_p-6000__white_metallic_gold__if1787-1_5_25645.jpeg;https:\/\/images.novelship.com\/product\/_women__nike_p-6000__white_metallic_gold__if1787-1_6_25645.jpeg;https:\/\/images.novelship.com\/product\/_women__nike_p-6000__white_metallic_gold__if1787-1_7_25645.jpeg\",\"datePublished\":\"2026-03-02T07:49:27+00:00\",\"dateModified\":\"2026-03-27T17:46:16+00:00\",\"breadcrumb\":{\"@id\":\"https:\/\/tourcruiser.com\/de\/products\/women-nike-p-6000-white-metallic-gold\/#breadcrumb\"},\"inLanguage\":\"de\",\"potentialAction\":[{\"@type\":\"ReadAction\",\"target\":[\"https:\/\/tourcruiser.com\/de\/products\/women-nike-p-6000-white-metallic-gold\/\"]}]},{\"@type\":\"ImageObject\",\"inLanguage\":\"de\",\"@id\":\"https:\/\/tourcruiser.com\/de\/products\/women-nike-p-6000-white-metallic-gold\/#primaryimage\",\"url\":\"https:\/\/images.novelship.com\/product\/_women__nike_p-6000__white_metallic_gold__if1787-1_0_25645.jpeg;https:\/\/images.novelship.com\/product\/_women__nike_p-6000__white_metallic_gold__if1787-1_1_25645.jpeg;https:\/\/images.novelship.com\/product\/_women__nike_p-6000__white_metallic_gold__if1787-1_2_25645.jpeg;https:\/\/images.novelship.com\/product\/_women__nike_p-6000__white_metallic_gold__if1787-1_3_25645.jpeg;https:\/\/images.novelship.com\/product\/_women__nike_p-6000__white_metallic_gold__if1787-1_4_25645.jpeg;https:\/\/images.novelship.com\/product\/_women__nike_p-6000__white_metallic_gold__if1787-1_5_25645.jpeg;https:\/\/images.novelship.com\/product\/_women__nike_p-6000__white_metallic_gold__if1787-1_6_25645.jpeg;https:\/\/images.novelship.com\/product\/_women__nike_p-6000__white_metallic_gold__if1787-1_7_25645.jpeg\",\"contentUrl\":\"https:\/\/images.novelship.com\/product\/_women__nike_p-6000__white_metallic_gold__if1787-1_0_25645.jpeg;https:\/\/images.novelship.com\/product\/_women__nike_p-6000__white_metallic_gold__if1787-1_1_25645.jpeg;https:\/\/images.novelship.com\/product\/_women__nike_p-6000__white_metallic_gold__if1787-1_2_25645.jpeg;https:\/\/images.novelship.com\/product\/_women__nike_p-6000__white_metallic_gold__if1787-1_3_25645.jpeg;https:\/\/images.novelship.com\/product\/_women__nike_p-6000__white_metallic_gold__if1787-1_4_25645.jpeg;https:\/\/images.novelship.com\/product\/_women__nike_p-6000__white_metallic_gold__if1787-1_5_25645.jpeg;https:\/\/images.novelship.com\/product\/_women__nike_p-6000__white_metallic_gold__if1787-1_6_25645.jpeg;https:\/\/images.novelship.com\/product\/_women__nike_p-6000__white_metallic_gold__if1787-1_7_25645.jpeg\"},{\"@type\":\"BreadcrumbList\",\"@id\":\"https:\/\/tourcruiser.com\/de\/products\/women-nike-p-6000-white-metallic-gold\/#breadcrumb\",\"itemListElement\":[{\"@type\":\"ListItem\",\"position\":1,\"name\":\"Home\",\"item\":\"https:\/\/tourcruiser.com\/de\/\"},{\"@type\":\"ListItem\",\"position\":2,\"name\":\"Shop\",\"item\":\"https:\/\/tourcruiser.com\/de\/shop\/\"},{\"@type\":\"ListItem\",\"position\":3,\"name\":\"(Women) Nike P-6000 'White Metallic Gold'\"}]},{\"@type\":\"WebSite\",\"@id\":\"https:\/\/tourcruiser.com\/de\/#website\",\"url\":\"https:\/\/tourcruiser.com\/de\/\",\"name\":\"Styloral Jewelry Shop\",\"description\":\"Tourcruiser Sneaker Store \u2014 der Ort, an dem das Universum deine Einzigartigkeit trifft.\",\"publisher\":{\"@id\":\"https:\/\/tourcruiser.com\/de\/#organization\"},\"potentialAction\":[{\"@type\":\"SearchAction\",\"target\":{\"@type\":\"EntryPoint\",\"urlTemplate\":\"https:\/\/tourcruiser.com\/de\/?s={search_term_string}\"},\"query-input\":{\"@type\":\"PropertyValueSpecification\",\"valueRequired\":true,\"valueName\":\"search_term_string\"}}],\"inLanguage\":\"de\"},{\"@type\":\"Organization\",\"@id\":\"https:\/\/tourcruiser.com\/de\/#organization\",\"name\":\"STYLORAL PTE. LTD\",\"url\":\"https:\/\/tourcruiser.com\/de\/\",\"logo\":{\"@type\":\"ImageObject\",\"inLanguage\":\"de\",\"@id\":\"https:\/\/tourcruiser.com\/de\/#\/schema\/logo\/image\/\",\"url\":\"https:\/\/www.tourcruiser.com\/wp-content\/uploads\/2025\/12\/logo.png\",\"contentUrl\":\"https:\/\/www.tourcruiser.com\/wp-content\/uploads\/2025\/12\/logo.png\",\"width\":200,\"height\":65,\"caption\":\"STYLORAL PTE. LTD\"},\"image\":{\"@id\":\"https:\/\/tourcruiser.com\/de\/#\/schema\/logo\/image\/\"}}]}<\/script>\n<!-- \/ Yoast SEO plugin. -->","yoast_head_json":{"title":"(Women) Nike P-6000 'White Metallic Gold'  - Tourcruiser PTE. LTD","robots":{"index":"index","follow":"follow","max-snippet":"max-snippet:-1","max-image-preview":"max-image-preview:large","max-video-preview":"max-video-preview:-1"},"canonical":"https:\/\/tourcruiser.com\/de\/products\/women-nike-p-6000-white-metallic-gold\/","og_locale":"de_DE","og_type":"article","og_title":"(Women) Nike P-6000 'White Metallic Gold'  - Tourcruiser PTE. LTD","og_description":"Nike P-6000 \u201d\u201d White\/Grain\/Metallic Gold Grain\/Black","og_url":"https:\/\/tourcruiser.com\/de\/products\/women-nike-p-6000-white-metallic-gold\/","og_site_name":"Tourcruiser Sneaker Store","article_modified_time":"2026-03-27T17:46:16+00:00","twitter_card":"summary_large_image","twitter_image":"https:\/\/images.novelship.com\/product\/_women__nike_p-6000__white_metallic_gold__if1787-1_0_25645.jpeg;https:\/\/images.novelship.com\/product\/_women__nike_p-6000__white_metallic_gold__if1787-1_1_25645.jpeg;https:\/\/images.novelship.com\/product\/_women__nike_p-6000__white_metallic_gold__if1787-1_2_25645.jpeg;https:\/\/images.novelship.com\/product\/_women__nike_p-6000__white_metallic_gold__if1787-1_3_25645.jpeg;https:\/\/images.novelship.com\/product\/_women__nike_p-6000__white_metallic_gold__if1787-1_4_25645.jpeg;https:\/\/images.novelship.com\/product\/_women__nike_p-6000__white_metallic_gold__if1787-1_5_25645.jpeg;https:\/\/images.novelship.com\/product\/_women__nike_p-6000__white_metallic_gold__if1787-1_6_25645.jpeg;https:\/\/images.novelship.com\/product\/_women__nike_p-6000__white_metallic_gold__if1787-1_7_25645.jpeg","twitter_misc":{"Gesch\u00e4tzte Lesezeit":"1\u00a0Minute"},"schema":{"@context":"https:\/\/schema.org","@graph":[{"@type":"WebPage","@id":"https:\/\/tourcruiser.com\/de\/products\/women-nike-p-6000-white-metallic-gold\/","url":"https:\/\/tourcruiser.com\/de\/products\/women-nike-p-6000-white-metallic-gold\/","name":"(Women) Nike P-6000 'White Metallic Gold' - Tourcruiser PTE. LTD","isPartOf":{"@id":"https:\/\/tourcruiser.com\/de\/#website"},"primaryImageOfPage":{"@id":"https:\/\/tourcruiser.com\/de\/products\/women-nike-p-6000-white-metallic-gold\/#primaryimage"},"image":{"@id":"https:\/\/tourcruiser.com\/de\/products\/women-nike-p-6000-white-metallic-gold\/#primaryimage"},"thumbnailUrl":"https:\/\/images.novelship.com\/product\/_women__nike_p-6000__white_metallic_gold__if1787-1_0_25645.jpeg;https:\/\/images.novelship.com\/product\/_women__nike_p-6000__white_metallic_gold__if1787-1_1_25645.jpeg;https:\/\/images.novelship.com\/product\/_women__nike_p-6000__white_metallic_gold__if1787-1_2_25645.jpeg;https:\/\/images.novelship.com\/product\/_women__nike_p-6000__white_metallic_gold__if1787-1_3_25645.jpeg;https:\/\/images.novelship.com\/product\/_women__nike_p-6000__white_metallic_gold__if1787-1_4_25645.jpeg;https:\/\/images.novelship.com\/product\/_women__nike_p-6000__white_metallic_gold__if1787-1_5_25645.jpeg;https:\/\/images.novelship.com\/product\/_women__nike_p-6000__white_metallic_gold__if1787-1_6_25645.jpeg;https:\/\/images.novelship.com\/product\/_women__nike_p-6000__white_metallic_gold__if1787-1_7_25645.jpeg","datePublished":"2026-03-02T07:49:27+00:00","dateModified":"2026-03-27T17:46:16+00:00","breadcrumb":{"@id":"https:\/\/tourcruiser.com\/de\/products\/women-nike-p-6000-white-metallic-gold\/#breadcrumb"},"inLanguage":"de","potentialAction":[{"@type":"ReadAction","target":["https:\/\/tourcruiser.com\/de\/products\/women-nike-p-6000-white-metallic-gold\/"]}]},{"@type":"ImageObject","inLanguage":"de","@id":"https:\/\/tourcruiser.com\/de\/products\/women-nike-p-6000-white-metallic-gold\/#primaryimage","url":"https:\/\/images.novelship.com\/product\/_women__nike_p-6000__white_metallic_gold__if1787-1_0_25645.jpeg;https:\/\/images.novelship.com\/product\/_women__nike_p-6000__white_metallic_gold__if1787-1_1_25645.jpeg;https:\/\/images.novelship.com\/product\/_women__nike_p-6000__white_metallic_gold__if1787-1_2_25645.jpeg;https:\/\/images.novelship.com\/product\/_women__nike_p-6000__white_metallic_gold__if1787-1_3_25645.jpeg;https:\/\/images.novelship.com\/product\/_women__nike_p-6000__white_metallic_gold__if1787-1_4_25645.jpeg;https:\/\/images.novelship.com\/product\/_women__nike_p-6000__white_metallic_gold__if1787-1_5_25645.jpeg;https:\/\/images.novelship.com\/product\/_women__nike_p-6000__white_metallic_gold__if1787-1_6_25645.jpeg;https:\/\/images.novelship.com\/product\/_women__nike_p-6000__white_metallic_gold__if1787-1_7_25645.jpeg","contentUrl":"https:\/\/images.novelship.com\/product\/_women__nike_p-6000__white_metallic_gold__if1787-1_0_25645.jpeg;https:\/\/images.novelship.com\/product\/_women__nike_p-6000__white_metallic_gold__if1787-1_1_25645.jpeg;https:\/\/images.novelship.com\/product\/_women__nike_p-6000__white_metallic_gold__if1787-1_2_25645.jpeg;https:\/\/images.novelship.com\/product\/_women__nike_p-6000__white_metallic_gold__if1787-1_3_25645.jpeg;https:\/\/images.novelship.com\/product\/_women__nike_p-6000__white_metallic_gold__if1787-1_4_25645.jpeg;https:\/\/images.novelship.com\/product\/_women__nike_p-6000__white_metallic_gold__if1787-1_5_25645.jpeg;https:\/\/images.novelship.com\/product\/_women__nike_p-6000__white_metallic_gold__if1787-1_6_25645.jpeg;https:\/\/images.novelship.com\/product\/_women__nike_p-6000__white_metallic_gold__if1787-1_7_25645.jpeg"},{"@type":"BreadcrumbList","@id":"https:\/\/tourcruiser.com\/de\/products\/women-nike-p-6000-white-metallic-gold\/#breadcrumb","itemListElement":[{"@type":"ListItem","position":1,"name":"Home","item":"https:\/\/tourcruiser.com\/de\/"},{"@type":"ListItem","position":2,"name":"Shop","item":"https:\/\/tourcruiser.com\/de\/shop\/"},{"@type":"ListItem","position":3,"name":"(Women) Nike P-6000 'White Metallic Gold'"}]},{"@type":"WebSite","@id":"https:\/\/tourcruiser.com\/de\/#website","url":"https:\/\/tourcruiser.com\/de\/","name":"Styloral Jewelry Shop","description":"Tourcruiser Sneaker Store \u2014 der Ort, an dem das Universum deine Einzigartigkeit trifft.","publisher":{"@id":"https:\/\/tourcruiser.com\/de\/#organization"},"potentialAction":[{"@type":"SearchAction","target":{"@type":"EntryPoint","urlTemplate":"https:\/\/tourcruiser.com\/de\/?s={search_term_string}"},"query-input":{"@type":"PropertyValueSpecification","valueRequired":true,"valueName":"search_term_string"}}],"inLanguage":"de"},{"@type":"Organization","@id":"https:\/\/tourcruiser.com\/de\/#organization","name":"STYLORAL PTE. LTD","url":"https:\/\/tourcruiser.com\/de\/","logo":{"@type":"ImageObject","inLanguage":"de","@id":"https:\/\/tourcruiser.com\/de\/#\/schema\/logo\/image\/","url":"https:\/\/www.tourcruiser.com\/wp-content\/uploads\/2025\/12\/logo.png","contentUrl":"https:\/\/www.tourcruiser.com\/wp-content\/uploads\/2025\/12\/logo.png","width":200,"height":65,"caption":"STYLORAL PTE. LTD"},"image":{"@id":"https:\/\/tourcruiser.com\/de\/#\/schema\/logo\/image\/"}}]}},"_links":{"self":[{"href":"https:\/\/tourcruiser.com\/de\/wp-json\/wp\/v2\/product\/37302","targetHints":{"allow":["GET"]}}],"collection":[{"href":"https:\/\/tourcruiser.com\/de\/wp-json\/wp\/v2\/product"}],"about":[{"href":"https:\/\/tourcruiser.com\/de\/wp-json\/wp\/v2\/types\/product"}],"replies":[{"embeddable":true,"href":"https:\/\/tourcruiser.com\/de\/wp-json\/wp\/v2\/comments?post=37302"}],"wp:featuredmedia":[{"embeddable":true,"href":"https:\/\/tourcruiser.com\/de\/wp-json\/wp\/v2\/media\/37303"}],"wp:attachment":[{"href":"https:\/\/tourcruiser.com\/de\/wp-json\/wp\/v2\/media?parent=37302"}],"wp:term":[{"taxonomy":"product_brand","embeddable":true,"href":"https:\/\/tourcruiser.com\/de\/wp-json\/wp\/v2\/product_brand?post=37302"},{"taxonomy":"product_cat","embeddable":true,"href":"https:\/\/tourcruiser.com\/de\/wp-json\/wp\/v2\/product_cat?post=37302"},{"taxonomy":"product_tag","embeddable":true,"href":"https:\/\/tourcruiser.com\/de\/wp-json\/wp\/v2\/product_tag?post=37302"}],"curies":[{"name":"wp","href":"https:\/\/api.w.org\/{rel}","templated":true}]}}