{"id":37166,"date":"2026-03-02T14:49:16","date_gmt":"2026-03-02T07:49:16","guid":{"rendered":"http:\/\/tourcruiser.com\/product\/nike-burrow-midnight-navy-midnight"},"modified":"2026-03-28T00:46:10","modified_gmt":"2026-03-27T17:46:10","slug":"nike-burrow-midnight-navy-midnight","status":"publish","type":"product","link":"https:\/\/tourcruiser.com\/de\/products\/nike-burrow-midnight-navy-midnight\/","title":{"rendered":"Nike Burrow &#8218;Midnight Navy Midnight&#8216;"},"content":{"rendered":"<p>Erleben Sie ultimativen Komfort und Style mit dem Nike Burrow \u201eMidnight Navy Midnight\u201c (FZ7941-400), einem vielseitigen Slipper, der perfekt zum gem\u00fctlichen Entspannen zu Hause oder f\u00fcr kurze Ausfl\u00fcge im Freien geeignet ist. Der elegante Sneaker in Midnight Navy kombiniert ein elegantes Design mit weichen Materialien. Das kuschelige Fleecefutter sorgt f\u00fcr W\u00e4rme, w\u00e4hrend die strapazierf\u00e4hige Au\u00dfensohle optimalen Halt und Stabilit\u00e4t bietet. Dank der umklappbaren Ferse l\u00e4sst er sich leicht anziehen, und die bequeme Passform garantiert den ganzen Tag \u00fcber sicheren Halt. Der Nike Burrow vereint Funktionalit\u00e4t und minimalistisches Design und verleiht jedem Casual-Look eine l\u00e4ssige Note. Ob Sie zu Hause entspannen oder Besorgungen erledigen \u201d\u201c dieser Schuh ist der perfekte Begleiter f\u00fcr jeden Tag.<\/p>\n<ul>\n<li><strong>Farbe:<\/strong> Marineblau<\/li>\n<li><strong>Artikelnummer:<\/strong> FZ7941-400<\/li>\n<li><strong>Obermaterial:<\/strong> Textil<\/li>\n<li><strong>Farbe:<\/strong> Marineblau<\/li>\n<\/ul>\n","protected":false},"excerpt":{"rendered":"<p>Nike Burrow \u201d\u201d Navy<\/p>\n","protected":false},"featured_media":37167,"comment_status":"open","ping_status":"closed","template":"","meta":[],"product_brand":[],"product_cat":[10803],"product_tag":[11664,10753,10754,10801,11665,10758],"class_list":{"0":"post-37166","1":"product","2":"type-product","3":"status-publish","4":"has-post-thumbnail","6":"product_cat-nike","7":"product_tag-covered-toe-slippers","8":"product_tag-gift-for-him","9":"product_tag-lifestyle-casual-shoes","10":"product_tag-nike","11":"product_tag-slippers","12":"product_tag-under-retail","13":"wcpa_has_options","15":"first","16":"outofstock","17":"taxable","18":"shipping-taxable","19":"purchasable","20":"product-type-simple"},"wcpa_form_fields":{"rules":{"pric_overide_base_price":false,"pric_overide_base_price_if_gt_zero":false,"pric_overide_base_price_fully":false,"pric_cal_option_once":false,"pric_use_as_fee":false,"bind_quantity":false,"quantity_bind_formula":false},"fields":[{"type":"color-group","required":true,"elementId":"wcpa-color-group-66c4a75505e74","label":"Gr\u00f6\u00dfe - EU Gr\u00f6\u00dfe","inline":true,"priceOptions":"different_for_all","pricingType":"fixed","className":"hassizechart product-shoes-size-eu product-shoes-size","name":"color-group-66c4a75505e89","disp_type":"square","selection_type":"tick-border","disp_size":"44","show_label_inside":true,"adjust_width":true,"cart_display_type":"text","other_text":"Other","cl_rule":"show","col":6,"values":[{"label":"35.5","value":"EU 35.5","price":"","pimage":"","pimage_id":"","pthumb":"","color":""},{"label":"36","value":"EU 36","price":"","pimage":"","pimage_id":"","pthumb":"","color":"","selected":true},{"label":"36.5","value":"EU 36.5","price":"","pimage":"","pimage_id":"","pthumb":"","color":""},{"label":"37.5","value":"EU 37.5","price":"","pimage":"","pimage_id":"","pthumb":"","color":""},{"label":"38","value":"EU 38","price":"","pimage":"","pimage_id":"","pthumb":"","color":""},{"label":"38.5","value":"EU 38.5","price":"","pimage":"","pimage_id":"","pthumb":"","color":""},{"label":"39","value":"EU 39","price":"","pimage":"","pimage_id":"","pthumb":"","color":""},{"label":"40","value":"EU 40","price":"","pimage":"","pimage_id":"","pthumb":"","color":""},{"label":"40.5","value":"EU 40.5","price":"","pimage":"","pimage_id":"","pthumb":"","color":""},{"label":"41","value":"EU 41","price":"","pimage":"","pimage_id":"","pthumb":"","color":""},{"label":"42","value":"EU 42","price":"","pimage":"","pimage_id":"","pthumb":"","color":""},{"label":"42.5","value":"EU 42.5","price":"","pimage":"","pimage_id":"","pthumb":"","color":""},{"label":"43","value":"EU 43","price":"","pimage":"","pimage_id":"","pthumb":"","color":""},{"label":"44","value":"EU 44","price":"","pimage":"","pimage_id":"","pthumb":"","color":""},{"label":"44.5","value":"EU 44.5","price":"","pimage":"","pimage_id":"","pthumb":"","color":""},{"label":"45","value":"EU 45","price":"","pimage":"","pimage_id":"","pthumb":"","color":""},{"label":"45.5","value":"EU 45.5","price":"","pimage":"","pimage_id":"","pthumb":"","color":""},{"label":"46","value":"EU 46","price":"","pimage":"","pimage_id":"","pthumb":"","color":""},{"label":"47","value":"EU 47","price":"","pimage":"","pimage_id":"","pthumb":"","color":""},{"label":"47.5","value":"EU 47.5","price":"","pimage":"","pimage_id":"","pthumb":"","color":""},{"label":"48","value":"EU 48","price":"","pimage":"","pimage_id":"","pthumb":"","color":""}],"relations":[{"operator":false,"rules":[]}],"form_id":18106,"form_rules":{"pric_cal_option_once":false,"exclude_from_discount":false,"pric_use_as_fee":false,"fee_label":"Fee","render_after_acb":false,"disp_hide_options_price":false}}]},"yoast_head":"<!-- This site is optimized with the Yoast SEO plugin v26.5 - https:\/\/yoast.com\/wordpress\/plugins\/seo\/ -->\n<title>Nike Burrow &#039;Midnight Navy Midnight&#039;  - Tourcruiser PTE. LTD<\/title>\n<meta name=\"robots\" content=\"index, follow, max-snippet:-1, max-image-preview:large, max-video-preview:-1\" \/>\n<link rel=\"canonical\" href=\"https:\/\/tourcruiser.com\/de\/products\/nike-burrow-midnight-navy-midnight\/\" \/>\n<meta property=\"og:locale\" content=\"de_DE\" \/>\n<meta property=\"og:type\" content=\"article\" \/>\n<meta property=\"og:title\" content=\"Nike Burrow &#039;Midnight Navy Midnight&#039;  - Tourcruiser PTE. LTD\" \/>\n<meta property=\"og:description\" content=\"Nike Burrow \u201d\u201d Navy\" \/>\n<meta property=\"og:url\" content=\"https:\/\/tourcruiser.com\/de\/products\/nike-burrow-midnight-navy-midnight\/\" \/>\n<meta property=\"og:site_name\" content=\"Tourcruiser Sneaker Store\" \/>\n<meta property=\"article:modified_time\" content=\"2026-03-27T17:46:10+00:00\" \/>\n<meta name=\"twitter:card\" content=\"summary_large_image\" \/>\n<meta name=\"twitter:image\" content=\"https:\/\/images.novelship.com\/product\/nike_burrow__midnight_navy_midnight__fz7941-400_0_32302.jpeg;https:\/\/images.novelship.com\/product\/nike_burrow__midnight_navy_midnight__fz7941-400_1_32303.jpeg;https:\/\/images.novelship.com\/product\/nike_burrow__midnight_navy_midnight__fz7941-400_2_32303.jpeg;https:\/\/images.novelship.com\/product\/nike_burrow__midnight_navy_midnight__fz7941-400_3_32303.jpeg;https:\/\/images.novelship.com\/product\/nike_burrow__midnight_navy_midnight__fz7941-400_4_32303.jpeg;https:\/\/images.novelship.com\/product\/nike_burrow__midnight_navy_midnight__fz7941-400_5_32303.jpeg\" \/>\n<meta name=\"twitter:label1\" content=\"Gesch\u00e4tzte Lesezeit\" \/>\n\t<meta name=\"twitter:data1\" content=\"1\u00a0Minute\" \/>\n<script type=\"application\/ld+json\" class=\"yoast-schema-graph\">{\"@context\":\"https:\/\/schema.org\",\"@graph\":[{\"@type\":\"WebPage\",\"@id\":\"https:\/\/tourcruiser.com\/de\/products\/nike-burrow-midnight-navy-midnight\/\",\"url\":\"https:\/\/tourcruiser.com\/de\/products\/nike-burrow-midnight-navy-midnight\/\",\"name\":\"Nike Burrow 'Midnight Navy Midnight' - Tourcruiser PTE. LTD\",\"isPartOf\":{\"@id\":\"https:\/\/tourcruiser.com\/de\/#website\"},\"primaryImageOfPage\":{\"@id\":\"https:\/\/tourcruiser.com\/de\/products\/nike-burrow-midnight-navy-midnight\/#primaryimage\"},\"image\":{\"@id\":\"https:\/\/tourcruiser.com\/de\/products\/nike-burrow-midnight-navy-midnight\/#primaryimage\"},\"thumbnailUrl\":\"https:\/\/images.novelship.com\/product\/nike_burrow__midnight_navy_midnight__fz7941-400_0_32302.jpeg;https:\/\/images.novelship.com\/product\/nike_burrow__midnight_navy_midnight__fz7941-400_1_32303.jpeg;https:\/\/images.novelship.com\/product\/nike_burrow__midnight_navy_midnight__fz7941-400_2_32303.jpeg;https:\/\/images.novelship.com\/product\/nike_burrow__midnight_navy_midnight__fz7941-400_3_32303.jpeg;https:\/\/images.novelship.com\/product\/nike_burrow__midnight_navy_midnight__fz7941-400_4_32303.jpeg;https:\/\/images.novelship.com\/product\/nike_burrow__midnight_navy_midnight__fz7941-400_5_32303.jpeg\",\"datePublished\":\"2026-03-02T07:49:16+00:00\",\"dateModified\":\"2026-03-27T17:46:10+00:00\",\"breadcrumb\":{\"@id\":\"https:\/\/tourcruiser.com\/de\/products\/nike-burrow-midnight-navy-midnight\/#breadcrumb\"},\"inLanguage\":\"de\",\"potentialAction\":[{\"@type\":\"ReadAction\",\"target\":[\"https:\/\/tourcruiser.com\/de\/products\/nike-burrow-midnight-navy-midnight\/\"]}]},{\"@type\":\"ImageObject\",\"inLanguage\":\"de\",\"@id\":\"https:\/\/tourcruiser.com\/de\/products\/nike-burrow-midnight-navy-midnight\/#primaryimage\",\"url\":\"https:\/\/images.novelship.com\/product\/nike_burrow__midnight_navy_midnight__fz7941-400_0_32302.jpeg;https:\/\/images.novelship.com\/product\/nike_burrow__midnight_navy_midnight__fz7941-400_1_32303.jpeg;https:\/\/images.novelship.com\/product\/nike_burrow__midnight_navy_midnight__fz7941-400_2_32303.jpeg;https:\/\/images.novelship.com\/product\/nike_burrow__midnight_navy_midnight__fz7941-400_3_32303.jpeg;https:\/\/images.novelship.com\/product\/nike_burrow__midnight_navy_midnight__fz7941-400_4_32303.jpeg;https:\/\/images.novelship.com\/product\/nike_burrow__midnight_navy_midnight__fz7941-400_5_32303.jpeg\",\"contentUrl\":\"https:\/\/images.novelship.com\/product\/nike_burrow__midnight_navy_midnight__fz7941-400_0_32302.jpeg;https:\/\/images.novelship.com\/product\/nike_burrow__midnight_navy_midnight__fz7941-400_1_32303.jpeg;https:\/\/images.novelship.com\/product\/nike_burrow__midnight_navy_midnight__fz7941-400_2_32303.jpeg;https:\/\/images.novelship.com\/product\/nike_burrow__midnight_navy_midnight__fz7941-400_3_32303.jpeg;https:\/\/images.novelship.com\/product\/nike_burrow__midnight_navy_midnight__fz7941-400_4_32303.jpeg;https:\/\/images.novelship.com\/product\/nike_burrow__midnight_navy_midnight__fz7941-400_5_32303.jpeg\"},{\"@type\":\"BreadcrumbList\",\"@id\":\"https:\/\/tourcruiser.com\/de\/products\/nike-burrow-midnight-navy-midnight\/#breadcrumb\",\"itemListElement\":[{\"@type\":\"ListItem\",\"position\":1,\"name\":\"Home\",\"item\":\"https:\/\/tourcruiser.com\/de\/\"},{\"@type\":\"ListItem\",\"position\":2,\"name\":\"Shop\",\"item\":\"https:\/\/tourcruiser.com\/de\/shop\/\"},{\"@type\":\"ListItem\",\"position\":3,\"name\":\"Nike Burrow 'Midnight Navy Midnight'\"}]},{\"@type\":\"WebSite\",\"@id\":\"https:\/\/tourcruiser.com\/de\/#website\",\"url\":\"https:\/\/tourcruiser.com\/de\/\",\"name\":\"Styloral Jewelry Shop\",\"description\":\"Tourcruiser Sneaker Store \u2014 der Ort, an dem das Universum deine Einzigartigkeit trifft.\",\"publisher\":{\"@id\":\"https:\/\/tourcruiser.com\/de\/#organization\"},\"potentialAction\":[{\"@type\":\"SearchAction\",\"target\":{\"@type\":\"EntryPoint\",\"urlTemplate\":\"https:\/\/tourcruiser.com\/de\/?s={search_term_string}\"},\"query-input\":{\"@type\":\"PropertyValueSpecification\",\"valueRequired\":true,\"valueName\":\"search_term_string\"}}],\"inLanguage\":\"de\"},{\"@type\":\"Organization\",\"@id\":\"https:\/\/tourcruiser.com\/de\/#organization\",\"name\":\"STYLORAL PTE. LTD\",\"url\":\"https:\/\/tourcruiser.com\/de\/\",\"logo\":{\"@type\":\"ImageObject\",\"inLanguage\":\"de\",\"@id\":\"https:\/\/tourcruiser.com\/de\/#\/schema\/logo\/image\/\",\"url\":\"https:\/\/www.tourcruiser.com\/wp-content\/uploads\/2025\/12\/logo.png\",\"contentUrl\":\"https:\/\/www.tourcruiser.com\/wp-content\/uploads\/2025\/12\/logo.png\",\"width\":200,\"height\":65,\"caption\":\"STYLORAL PTE. LTD\"},\"image\":{\"@id\":\"https:\/\/tourcruiser.com\/de\/#\/schema\/logo\/image\/\"}}]}<\/script>\n<!-- \/ Yoast SEO plugin. -->","yoast_head_json":{"title":"Nike Burrow 'Midnight Navy Midnight'  - Tourcruiser PTE. LTD","robots":{"index":"index","follow":"follow","max-snippet":"max-snippet:-1","max-image-preview":"max-image-preview:large","max-video-preview":"max-video-preview:-1"},"canonical":"https:\/\/tourcruiser.com\/de\/products\/nike-burrow-midnight-navy-midnight\/","og_locale":"de_DE","og_type":"article","og_title":"Nike Burrow 'Midnight Navy Midnight'  - Tourcruiser PTE. LTD","og_description":"Nike Burrow \u201d\u201d Navy","og_url":"https:\/\/tourcruiser.com\/de\/products\/nike-burrow-midnight-navy-midnight\/","og_site_name":"Tourcruiser Sneaker Store","article_modified_time":"2026-03-27T17:46:10+00:00","twitter_card":"summary_large_image","twitter_image":"https:\/\/images.novelship.com\/product\/nike_burrow__midnight_navy_midnight__fz7941-400_0_32302.jpeg;https:\/\/images.novelship.com\/product\/nike_burrow__midnight_navy_midnight__fz7941-400_1_32303.jpeg;https:\/\/images.novelship.com\/product\/nike_burrow__midnight_navy_midnight__fz7941-400_2_32303.jpeg;https:\/\/images.novelship.com\/product\/nike_burrow__midnight_navy_midnight__fz7941-400_3_32303.jpeg;https:\/\/images.novelship.com\/product\/nike_burrow__midnight_navy_midnight__fz7941-400_4_32303.jpeg;https:\/\/images.novelship.com\/product\/nike_burrow__midnight_navy_midnight__fz7941-400_5_32303.jpeg","twitter_misc":{"Gesch\u00e4tzte Lesezeit":"1\u00a0Minute"},"schema":{"@context":"https:\/\/schema.org","@graph":[{"@type":"WebPage","@id":"https:\/\/tourcruiser.com\/de\/products\/nike-burrow-midnight-navy-midnight\/","url":"https:\/\/tourcruiser.com\/de\/products\/nike-burrow-midnight-navy-midnight\/","name":"Nike Burrow 'Midnight Navy Midnight' - Tourcruiser PTE. LTD","isPartOf":{"@id":"https:\/\/tourcruiser.com\/de\/#website"},"primaryImageOfPage":{"@id":"https:\/\/tourcruiser.com\/de\/products\/nike-burrow-midnight-navy-midnight\/#primaryimage"},"image":{"@id":"https:\/\/tourcruiser.com\/de\/products\/nike-burrow-midnight-navy-midnight\/#primaryimage"},"thumbnailUrl":"https:\/\/images.novelship.com\/product\/nike_burrow__midnight_navy_midnight__fz7941-400_0_32302.jpeg;https:\/\/images.novelship.com\/product\/nike_burrow__midnight_navy_midnight__fz7941-400_1_32303.jpeg;https:\/\/images.novelship.com\/product\/nike_burrow__midnight_navy_midnight__fz7941-400_2_32303.jpeg;https:\/\/images.novelship.com\/product\/nike_burrow__midnight_navy_midnight__fz7941-400_3_32303.jpeg;https:\/\/images.novelship.com\/product\/nike_burrow__midnight_navy_midnight__fz7941-400_4_32303.jpeg;https:\/\/images.novelship.com\/product\/nike_burrow__midnight_navy_midnight__fz7941-400_5_32303.jpeg","datePublished":"2026-03-02T07:49:16+00:00","dateModified":"2026-03-27T17:46:10+00:00","breadcrumb":{"@id":"https:\/\/tourcruiser.com\/de\/products\/nike-burrow-midnight-navy-midnight\/#breadcrumb"},"inLanguage":"de","potentialAction":[{"@type":"ReadAction","target":["https:\/\/tourcruiser.com\/de\/products\/nike-burrow-midnight-navy-midnight\/"]}]},{"@type":"ImageObject","inLanguage":"de","@id":"https:\/\/tourcruiser.com\/de\/products\/nike-burrow-midnight-navy-midnight\/#primaryimage","url":"https:\/\/images.novelship.com\/product\/nike_burrow__midnight_navy_midnight__fz7941-400_0_32302.jpeg;https:\/\/images.novelship.com\/product\/nike_burrow__midnight_navy_midnight__fz7941-400_1_32303.jpeg;https:\/\/images.novelship.com\/product\/nike_burrow__midnight_navy_midnight__fz7941-400_2_32303.jpeg;https:\/\/images.novelship.com\/product\/nike_burrow__midnight_navy_midnight__fz7941-400_3_32303.jpeg;https:\/\/images.novelship.com\/product\/nike_burrow__midnight_navy_midnight__fz7941-400_4_32303.jpeg;https:\/\/images.novelship.com\/product\/nike_burrow__midnight_navy_midnight__fz7941-400_5_32303.jpeg","contentUrl":"https:\/\/images.novelship.com\/product\/nike_burrow__midnight_navy_midnight__fz7941-400_0_32302.jpeg;https:\/\/images.novelship.com\/product\/nike_burrow__midnight_navy_midnight__fz7941-400_1_32303.jpeg;https:\/\/images.novelship.com\/product\/nike_burrow__midnight_navy_midnight__fz7941-400_2_32303.jpeg;https:\/\/images.novelship.com\/product\/nike_burrow__midnight_navy_midnight__fz7941-400_3_32303.jpeg;https:\/\/images.novelship.com\/product\/nike_burrow__midnight_navy_midnight__fz7941-400_4_32303.jpeg;https:\/\/images.novelship.com\/product\/nike_burrow__midnight_navy_midnight__fz7941-400_5_32303.jpeg"},{"@type":"BreadcrumbList","@id":"https:\/\/tourcruiser.com\/de\/products\/nike-burrow-midnight-navy-midnight\/#breadcrumb","itemListElement":[{"@type":"ListItem","position":1,"name":"Home","item":"https:\/\/tourcruiser.com\/de\/"},{"@type":"ListItem","position":2,"name":"Shop","item":"https:\/\/tourcruiser.com\/de\/shop\/"},{"@type":"ListItem","position":3,"name":"Nike Burrow 'Midnight Navy Midnight'"}]},{"@type":"WebSite","@id":"https:\/\/tourcruiser.com\/de\/#website","url":"https:\/\/tourcruiser.com\/de\/","name":"Styloral Jewelry Shop","description":"Tourcruiser Sneaker Store \u2014 der Ort, an dem das Universum deine Einzigartigkeit trifft.","publisher":{"@id":"https:\/\/tourcruiser.com\/de\/#organization"},"potentialAction":[{"@type":"SearchAction","target":{"@type":"EntryPoint","urlTemplate":"https:\/\/tourcruiser.com\/de\/?s={search_term_string}"},"query-input":{"@type":"PropertyValueSpecification","valueRequired":true,"valueName":"search_term_string"}}],"inLanguage":"de"},{"@type":"Organization","@id":"https:\/\/tourcruiser.com\/de\/#organization","name":"STYLORAL PTE. LTD","url":"https:\/\/tourcruiser.com\/de\/","logo":{"@type":"ImageObject","inLanguage":"de","@id":"https:\/\/tourcruiser.com\/de\/#\/schema\/logo\/image\/","url":"https:\/\/www.tourcruiser.com\/wp-content\/uploads\/2025\/12\/logo.png","contentUrl":"https:\/\/www.tourcruiser.com\/wp-content\/uploads\/2025\/12\/logo.png","width":200,"height":65,"caption":"STYLORAL PTE. LTD"},"image":{"@id":"https:\/\/tourcruiser.com\/de\/#\/schema\/logo\/image\/"}}]}},"_links":{"self":[{"href":"https:\/\/tourcruiser.com\/de\/wp-json\/wp\/v2\/product\/37166","targetHints":{"allow":["GET"]}}],"collection":[{"href":"https:\/\/tourcruiser.com\/de\/wp-json\/wp\/v2\/product"}],"about":[{"href":"https:\/\/tourcruiser.com\/de\/wp-json\/wp\/v2\/types\/product"}],"replies":[{"embeddable":true,"href":"https:\/\/tourcruiser.com\/de\/wp-json\/wp\/v2\/comments?post=37166"}],"wp:featuredmedia":[{"embeddable":true,"href":"https:\/\/tourcruiser.com\/de\/wp-json\/wp\/v2\/media\/37167"}],"wp:attachment":[{"href":"https:\/\/tourcruiser.com\/de\/wp-json\/wp\/v2\/media?parent=37166"}],"wp:term":[{"taxonomy":"product_brand","embeddable":true,"href":"https:\/\/tourcruiser.com\/de\/wp-json\/wp\/v2\/product_brand?post=37166"},{"taxonomy":"product_cat","embeddable":true,"href":"https:\/\/tourcruiser.com\/de\/wp-json\/wp\/v2\/product_cat?post=37166"},{"taxonomy":"product_tag","embeddable":true,"href":"https:\/\/tourcruiser.com\/de\/wp-json\/wp\/v2\/product_tag?post=37166"}],"curies":[{"name":"wp","href":"https:\/\/api.w.org\/{rel}","templated":true}]}}