{"id":36235,"date":"2026-03-02T14:47:57","date_gmt":"2026-03-02T07:47:57","guid":{"rendered":"http:\/\/tourcruiser.com\/product\/nike-junior-mercurial-vapor-16-academy"},"modified":"2026-03-28T00:45:19","modified_gmt":"2026-03-27T17:45:19","slug":"nike-junior-mercurial-vapor-16-academy","status":"publish","type":"product","link":"https:\/\/tourcruiser.com\/de\/products\/nike-junior-mercurial-vapor-16-academy\/","title":{"rendered":"Nike Junior Mercurial Vapor 16 Academy"},"content":{"rendered":"<p>Der Nike Junior Mercurial Vapor 16 Academy FQ8407-400 bietet jungen Sportlern dank seines leichten Designs und der hervorragenden Traktion unvergleichliche Geschwindigkeit und Pr\u00e4zision. Diese Fu\u00dfballschuhe wurden entwickelt, um die Leistung auf dem Platz zu steigern. Sie bieten eine eng anliegende Passform, die sich dem Wachstum der F\u00fc\u00dfe anpasst und so optimalen Komfort und Stabilit\u00e4t bei intensivem Spiel gew\u00e4hrleistet. Das strukturierte Obermaterial verbessert die Ballkontrolle und sorgt f\u00fcr mehr Genauigkeit und Finesse beim Dribbling und Schuss.<\/p>\n<p>Die Sohle ist f\u00fcr verschiedene Untergr\u00fcnde geeignet und bietet vielseitigen Grip, sodass die Schuhe sowohl auf Natur- als auch auf Kunstrasenpl\u00e4tzen verwendet werden k\u00f6nnen. Die auff\u00e4llige Farbgebung des FQ8407-400 ist nicht nur ein echter Hingucker, sondern spiegelt auch das Selbstvertrauen und die Energie angehender Fu\u00dfballstars wider.<\/p>\n<p>Die Schuhe unterst\u00fctzen junge Spieler beim Erreichen ihrer Ziele und vereinen Form und Funktion perfekt. Sie bieten Langlebigkeit, ohne Kompromisse beim Stil einzugehen. Der Mercurial Vapor 16 Academy Junior ist ideal f\u00fcr Trainingseinheiten und Wettk\u00e4mpfe und eine bahnbrechende Wahl f\u00fcr aufstrebende Talente.<\/p>\n<ul>\n<li><strong>Farbgebung:<\/strong> Gletscherblau\/Blau Orbit<\/li>\n<li><strong>Artikelnummer:<\/strong> FQ8407-400<\/li>\n<li><strong>Farbe:<\/strong> Blau<\/li>\n<\/ul>\n","protected":false},"excerpt":{"rendered":"<p>Nike Vapor 16 Academy \u201d\u201d Glacier Blue\/Blue Orbit<\/p>\n","protected":false},"featured_media":36236,"comment_status":"open","ping_status":"closed","template":"","meta":[],"product_brand":[],"product_cat":[10803],"product_tag":[10799,10800,14209,11095,10801,10802,10986,10758],"class_list":{"0":"post-36235","1":"product","2":"type-product","3":"status-publish","4":"has-post-thumbnail","6":"product_cat-nike","7":"product_tag-ankle-support-basketball-shoes","8":"product_tag-basketball-shoes","9":"product_tag-kids-soccer-shoes","10":"product_tag-kids-sport-performance-shoes","11":"product_tag-nike","12":"product_tag-performance-sport-shoes","13":"product_tag-soccer-shoes","14":"product_tag-under-retail","15":"wcpa_has_options","17":"first","18":"outofstock","19":"taxable","20":"shipping-taxable","21":"purchasable","22":"product-type-simple"},"wcpa_form_fields":{"rules":{"pric_overide_base_price":false,"pric_overide_base_price_if_gt_zero":false,"pric_overide_base_price_fully":false,"pric_cal_option_once":false,"pric_use_as_fee":false,"bind_quantity":false,"quantity_bind_formula":false},"fields":[{"type":"color-group","required":true,"elementId":"wcpa-color-group-66c4a75505e74","label":"Gr\u00f6\u00dfe - EU Gr\u00f6\u00dfe","inline":true,"priceOptions":"different_for_all","pricingType":"fixed","className":"hassizechart product-shoes-size-eu product-shoes-size","name":"color-group-66c4a75505e89","disp_type":"square","selection_type":"tick-border","disp_size":"44","show_label_inside":true,"adjust_width":true,"cart_display_type":"text","other_text":"Other","cl_rule":"show","col":6,"values":[{"label":"35.5","value":"EU 35.5","price":"","pimage":"","pimage_id":"","pthumb":"","color":""},{"label":"36","value":"EU 36","price":"","pimage":"","pimage_id":"","pthumb":"","color":"","selected":true},{"label":"36.5","value":"EU 36.5","price":"","pimage":"","pimage_id":"","pthumb":"","color":""},{"label":"37.5","value":"EU 37.5","price":"","pimage":"","pimage_id":"","pthumb":"","color":""},{"label":"38","value":"EU 38","price":"","pimage":"","pimage_id":"","pthumb":"","color":""},{"label":"38.5","value":"EU 38.5","price":"","pimage":"","pimage_id":"","pthumb":"","color":""},{"label":"39","value":"EU 39","price":"","pimage":"","pimage_id":"","pthumb":"","color":""},{"label":"40","value":"EU 40","price":"","pimage":"","pimage_id":"","pthumb":"","color":""},{"label":"40.5","value":"EU 40.5","price":"","pimage":"","pimage_id":"","pthumb":"","color":""},{"label":"41","value":"EU 41","price":"","pimage":"","pimage_id":"","pthumb":"","color":""},{"label":"42","value":"EU 42","price":"","pimage":"","pimage_id":"","pthumb":"","color":""},{"label":"42.5","value":"EU 42.5","price":"","pimage":"","pimage_id":"","pthumb":"","color":""},{"label":"43","value":"EU 43","price":"","pimage":"","pimage_id":"","pthumb":"","color":""},{"label":"44","value":"EU 44","price":"","pimage":"","pimage_id":"","pthumb":"","color":""},{"label":"44.5","value":"EU 44.5","price":"","pimage":"","pimage_id":"","pthumb":"","color":""},{"label":"45","value":"EU 45","price":"","pimage":"","pimage_id":"","pthumb":"","color":""},{"label":"45.5","value":"EU 45.5","price":"","pimage":"","pimage_id":"","pthumb":"","color":""},{"label":"46","value":"EU 46","price":"","pimage":"","pimage_id":"","pthumb":"","color":""},{"label":"47","value":"EU 47","price":"","pimage":"","pimage_id":"","pthumb":"","color":""},{"label":"47.5","value":"EU 47.5","price":"","pimage":"","pimage_id":"","pthumb":"","color":""},{"label":"48","value":"EU 48","price":"","pimage":"","pimage_id":"","pthumb":"","color":""}],"relations":[{"operator":false,"rules":[]}],"form_id":18106,"form_rules":{"pric_cal_option_once":false,"exclude_from_discount":false,"pric_use_as_fee":false,"fee_label":"Fee","render_after_acb":false,"disp_hide_options_price":false}}]},"yoast_head":"<!-- This site is optimized with the Yoast SEO plugin v26.5 - https:\/\/yoast.com\/wordpress\/plugins\/seo\/ -->\n<title>Nike Junior Mercurial Vapor 16 Academy  - Tourcruiser PTE. LTD<\/title>\n<meta name=\"robots\" content=\"index, follow, max-snippet:-1, max-image-preview:large, max-video-preview:-1\" \/>\n<link rel=\"canonical\" href=\"https:\/\/tourcruiser.com\/de\/products\/nike-junior-mercurial-vapor-16-academy\/\" \/>\n<meta property=\"og:locale\" content=\"de_DE\" \/>\n<meta property=\"og:type\" content=\"article\" \/>\n<meta property=\"og:title\" content=\"Nike Junior Mercurial Vapor 16 Academy  - Tourcruiser PTE. LTD\" \/>\n<meta property=\"og:description\" content=\"Nike Vapor 16 Academy \u201d\u201d Glacier Blue\/Blue Orbit\" \/>\n<meta property=\"og:url\" content=\"https:\/\/tourcruiser.com\/de\/products\/nike-junior-mercurial-vapor-16-academy\/\" \/>\n<meta property=\"og:site_name\" content=\"Tourcruiser Sneaker Store\" \/>\n<meta property=\"article:modified_time\" content=\"2026-03-27T17:45:19+00:00\" \/>\n<meta name=\"twitter:card\" content=\"summary_large_image\" \/>\n<meta name=\"twitter:image\" content=\"https:\/\/images.novelship.com\/product\/nike_junior_mercurial_vapor_16_academy_fq8407-400_0_48290.jpeg;https:\/\/images.novelship.com\/product\/nike_junior_mercurial_vapor_16_academy_fq8407-400_1_48290.jpeg;https:\/\/images.novelship.com\/product\/nike_junior_mercurial_vapor_16_academy_fq8407-400_2_48290.jpeg;https:\/\/images.novelship.com\/product\/nike_junior_mercurial_vapor_16_academy_fq8407-400_3_48290.jpeg;https:\/\/images.novelship.com\/product\/nike_junior_mercurial_vapor_16_academy_fq8407-400_4_48290.jpeg;https:\/\/images.novelship.com\/product\/nike_junior_mercurial_vapor_16_academy_fq8407-400_5_48291.jpeg;https:\/\/images.novelship.com\/product\/nike_junior_mercurial_vapor_16_academy_fq8407-400_6_48291.jpeg;https:\/\/images.novelship.com\/product\/nike_junior_mercurial_vapor_16_academy_fq8407-400_7_48291.jpeg;https:\/\/images.novelship.com\/product\/nike_junior_mercurial_vapor_16_academy_fq8407-400_8_48291.jpeg\" \/>\n<meta name=\"twitter:label1\" content=\"Gesch\u00e4tzte Lesezeit\" \/>\n\t<meta name=\"twitter:data1\" content=\"1\u00a0Minute\" \/>\n<script type=\"application\/ld+json\" class=\"yoast-schema-graph\">{\"@context\":\"https:\/\/schema.org\",\"@graph\":[{\"@type\":\"WebPage\",\"@id\":\"https:\/\/tourcruiser.com\/de\/products\/nike-junior-mercurial-vapor-16-academy\/\",\"url\":\"https:\/\/tourcruiser.com\/de\/products\/nike-junior-mercurial-vapor-16-academy\/\",\"name\":\"Nike Junior Mercurial Vapor 16 Academy - Tourcruiser PTE. LTD\",\"isPartOf\":{\"@id\":\"https:\/\/tourcruiser.com\/de\/#website\"},\"primaryImageOfPage\":{\"@id\":\"https:\/\/tourcruiser.com\/de\/products\/nike-junior-mercurial-vapor-16-academy\/#primaryimage\"},\"image\":{\"@id\":\"https:\/\/tourcruiser.com\/de\/products\/nike-junior-mercurial-vapor-16-academy\/#primaryimage\"},\"thumbnailUrl\":\"https:\/\/images.novelship.com\/product\/nike_junior_mercurial_vapor_16_academy_fq8407-400_0_48290.jpeg;https:\/\/images.novelship.com\/product\/nike_junior_mercurial_vapor_16_academy_fq8407-400_1_48290.jpeg;https:\/\/images.novelship.com\/product\/nike_junior_mercurial_vapor_16_academy_fq8407-400_2_48290.jpeg;https:\/\/images.novelship.com\/product\/nike_junior_mercurial_vapor_16_academy_fq8407-400_3_48290.jpeg;https:\/\/images.novelship.com\/product\/nike_junior_mercurial_vapor_16_academy_fq8407-400_4_48290.jpeg;https:\/\/images.novelship.com\/product\/nike_junior_mercurial_vapor_16_academy_fq8407-400_5_48291.jpeg;https:\/\/images.novelship.com\/product\/nike_junior_mercurial_vapor_16_academy_fq8407-400_6_48291.jpeg;https:\/\/images.novelship.com\/product\/nike_junior_mercurial_vapor_16_academy_fq8407-400_7_48291.jpeg;https:\/\/images.novelship.com\/product\/nike_junior_mercurial_vapor_16_academy_fq8407-400_8_48291.jpeg\",\"datePublished\":\"2026-03-02T07:47:57+00:00\",\"dateModified\":\"2026-03-27T17:45:19+00:00\",\"breadcrumb\":{\"@id\":\"https:\/\/tourcruiser.com\/de\/products\/nike-junior-mercurial-vapor-16-academy\/#breadcrumb\"},\"inLanguage\":\"de\",\"potentialAction\":[{\"@type\":\"ReadAction\",\"target\":[\"https:\/\/tourcruiser.com\/de\/products\/nike-junior-mercurial-vapor-16-academy\/\"]}]},{\"@type\":\"ImageObject\",\"inLanguage\":\"de\",\"@id\":\"https:\/\/tourcruiser.com\/de\/products\/nike-junior-mercurial-vapor-16-academy\/#primaryimage\",\"url\":\"https:\/\/images.novelship.com\/product\/nike_junior_mercurial_vapor_16_academy_fq8407-400_0_48290.jpeg;https:\/\/images.novelship.com\/product\/nike_junior_mercurial_vapor_16_academy_fq8407-400_1_48290.jpeg;https:\/\/images.novelship.com\/product\/nike_junior_mercurial_vapor_16_academy_fq8407-400_2_48290.jpeg;https:\/\/images.novelship.com\/product\/nike_junior_mercurial_vapor_16_academy_fq8407-400_3_48290.jpeg;https:\/\/images.novelship.com\/product\/nike_junior_mercurial_vapor_16_academy_fq8407-400_4_48290.jpeg;https:\/\/images.novelship.com\/product\/nike_junior_mercurial_vapor_16_academy_fq8407-400_5_48291.jpeg;https:\/\/images.novelship.com\/product\/nike_junior_mercurial_vapor_16_academy_fq8407-400_6_48291.jpeg;https:\/\/images.novelship.com\/product\/nike_junior_mercurial_vapor_16_academy_fq8407-400_7_48291.jpeg;https:\/\/images.novelship.com\/product\/nike_junior_mercurial_vapor_16_academy_fq8407-400_8_48291.jpeg\",\"contentUrl\":\"https:\/\/images.novelship.com\/product\/nike_junior_mercurial_vapor_16_academy_fq8407-400_0_48290.jpeg;https:\/\/images.novelship.com\/product\/nike_junior_mercurial_vapor_16_academy_fq8407-400_1_48290.jpeg;https:\/\/images.novelship.com\/product\/nike_junior_mercurial_vapor_16_academy_fq8407-400_2_48290.jpeg;https:\/\/images.novelship.com\/product\/nike_junior_mercurial_vapor_16_academy_fq8407-400_3_48290.jpeg;https:\/\/images.novelship.com\/product\/nike_junior_mercurial_vapor_16_academy_fq8407-400_4_48290.jpeg;https:\/\/images.novelship.com\/product\/nike_junior_mercurial_vapor_16_academy_fq8407-400_5_48291.jpeg;https:\/\/images.novelship.com\/product\/nike_junior_mercurial_vapor_16_academy_fq8407-400_6_48291.jpeg;https:\/\/images.novelship.com\/product\/nike_junior_mercurial_vapor_16_academy_fq8407-400_7_48291.jpeg;https:\/\/images.novelship.com\/product\/nike_junior_mercurial_vapor_16_academy_fq8407-400_8_48291.jpeg\"},{\"@type\":\"BreadcrumbList\",\"@id\":\"https:\/\/tourcruiser.com\/de\/products\/nike-junior-mercurial-vapor-16-academy\/#breadcrumb\",\"itemListElement\":[{\"@type\":\"ListItem\",\"position\":1,\"name\":\"Home\",\"item\":\"https:\/\/tourcruiser.com\/de\/\"},{\"@type\":\"ListItem\",\"position\":2,\"name\":\"Shop\",\"item\":\"https:\/\/tourcruiser.com\/de\/shop\/\"},{\"@type\":\"ListItem\",\"position\":3,\"name\":\"Nike Junior Mercurial Vapor 16 Academy\"}]},{\"@type\":\"WebSite\",\"@id\":\"https:\/\/tourcruiser.com\/de\/#website\",\"url\":\"https:\/\/tourcruiser.com\/de\/\",\"name\":\"Styloral Jewelry Shop\",\"description\":\"Tourcruiser Sneaker Store \u2014 der Ort, an dem das Universum deine Einzigartigkeit trifft.\",\"publisher\":{\"@id\":\"https:\/\/tourcruiser.com\/de\/#organization\"},\"potentialAction\":[{\"@type\":\"SearchAction\",\"target\":{\"@type\":\"EntryPoint\",\"urlTemplate\":\"https:\/\/tourcruiser.com\/de\/?s={search_term_string}\"},\"query-input\":{\"@type\":\"PropertyValueSpecification\",\"valueRequired\":true,\"valueName\":\"search_term_string\"}}],\"inLanguage\":\"de\"},{\"@type\":\"Organization\",\"@id\":\"https:\/\/tourcruiser.com\/de\/#organization\",\"name\":\"STYLORAL PTE. LTD\",\"url\":\"https:\/\/tourcruiser.com\/de\/\",\"logo\":{\"@type\":\"ImageObject\",\"inLanguage\":\"de\",\"@id\":\"https:\/\/tourcruiser.com\/de\/#\/schema\/logo\/image\/\",\"url\":\"https:\/\/www.tourcruiser.com\/wp-content\/uploads\/2025\/12\/logo.png\",\"contentUrl\":\"https:\/\/www.tourcruiser.com\/wp-content\/uploads\/2025\/12\/logo.png\",\"width\":200,\"height\":65,\"caption\":\"STYLORAL PTE. LTD\"},\"image\":{\"@id\":\"https:\/\/tourcruiser.com\/de\/#\/schema\/logo\/image\/\"}}]}<\/script>\n<!-- \/ Yoast SEO plugin. -->","yoast_head_json":{"title":"Nike Junior Mercurial Vapor 16 Academy  - Tourcruiser PTE. LTD","robots":{"index":"index","follow":"follow","max-snippet":"max-snippet:-1","max-image-preview":"max-image-preview:large","max-video-preview":"max-video-preview:-1"},"canonical":"https:\/\/tourcruiser.com\/de\/products\/nike-junior-mercurial-vapor-16-academy\/","og_locale":"de_DE","og_type":"article","og_title":"Nike Junior Mercurial Vapor 16 Academy  - Tourcruiser PTE. LTD","og_description":"Nike Vapor 16 Academy \u201d\u201d Glacier Blue\/Blue Orbit","og_url":"https:\/\/tourcruiser.com\/de\/products\/nike-junior-mercurial-vapor-16-academy\/","og_site_name":"Tourcruiser Sneaker Store","article_modified_time":"2026-03-27T17:45:19+00:00","twitter_card":"summary_large_image","twitter_image":"https:\/\/images.novelship.com\/product\/nike_junior_mercurial_vapor_16_academy_fq8407-400_0_48290.jpeg;https:\/\/images.novelship.com\/product\/nike_junior_mercurial_vapor_16_academy_fq8407-400_1_48290.jpeg;https:\/\/images.novelship.com\/product\/nike_junior_mercurial_vapor_16_academy_fq8407-400_2_48290.jpeg;https:\/\/images.novelship.com\/product\/nike_junior_mercurial_vapor_16_academy_fq8407-400_3_48290.jpeg;https:\/\/images.novelship.com\/product\/nike_junior_mercurial_vapor_16_academy_fq8407-400_4_48290.jpeg;https:\/\/images.novelship.com\/product\/nike_junior_mercurial_vapor_16_academy_fq8407-400_5_48291.jpeg;https:\/\/images.novelship.com\/product\/nike_junior_mercurial_vapor_16_academy_fq8407-400_6_48291.jpeg;https:\/\/images.novelship.com\/product\/nike_junior_mercurial_vapor_16_academy_fq8407-400_7_48291.jpeg;https:\/\/images.novelship.com\/product\/nike_junior_mercurial_vapor_16_academy_fq8407-400_8_48291.jpeg","twitter_misc":{"Gesch\u00e4tzte Lesezeit":"1\u00a0Minute"},"schema":{"@context":"https:\/\/schema.org","@graph":[{"@type":"WebPage","@id":"https:\/\/tourcruiser.com\/de\/products\/nike-junior-mercurial-vapor-16-academy\/","url":"https:\/\/tourcruiser.com\/de\/products\/nike-junior-mercurial-vapor-16-academy\/","name":"Nike Junior Mercurial Vapor 16 Academy - Tourcruiser PTE. LTD","isPartOf":{"@id":"https:\/\/tourcruiser.com\/de\/#website"},"primaryImageOfPage":{"@id":"https:\/\/tourcruiser.com\/de\/products\/nike-junior-mercurial-vapor-16-academy\/#primaryimage"},"image":{"@id":"https:\/\/tourcruiser.com\/de\/products\/nike-junior-mercurial-vapor-16-academy\/#primaryimage"},"thumbnailUrl":"https:\/\/images.novelship.com\/product\/nike_junior_mercurial_vapor_16_academy_fq8407-400_0_48290.jpeg;https:\/\/images.novelship.com\/product\/nike_junior_mercurial_vapor_16_academy_fq8407-400_1_48290.jpeg;https:\/\/images.novelship.com\/product\/nike_junior_mercurial_vapor_16_academy_fq8407-400_2_48290.jpeg;https:\/\/images.novelship.com\/product\/nike_junior_mercurial_vapor_16_academy_fq8407-400_3_48290.jpeg;https:\/\/images.novelship.com\/product\/nike_junior_mercurial_vapor_16_academy_fq8407-400_4_48290.jpeg;https:\/\/images.novelship.com\/product\/nike_junior_mercurial_vapor_16_academy_fq8407-400_5_48291.jpeg;https:\/\/images.novelship.com\/product\/nike_junior_mercurial_vapor_16_academy_fq8407-400_6_48291.jpeg;https:\/\/images.novelship.com\/product\/nike_junior_mercurial_vapor_16_academy_fq8407-400_7_48291.jpeg;https:\/\/images.novelship.com\/product\/nike_junior_mercurial_vapor_16_academy_fq8407-400_8_48291.jpeg","datePublished":"2026-03-02T07:47:57+00:00","dateModified":"2026-03-27T17:45:19+00:00","breadcrumb":{"@id":"https:\/\/tourcruiser.com\/de\/products\/nike-junior-mercurial-vapor-16-academy\/#breadcrumb"},"inLanguage":"de","potentialAction":[{"@type":"ReadAction","target":["https:\/\/tourcruiser.com\/de\/products\/nike-junior-mercurial-vapor-16-academy\/"]}]},{"@type":"ImageObject","inLanguage":"de","@id":"https:\/\/tourcruiser.com\/de\/products\/nike-junior-mercurial-vapor-16-academy\/#primaryimage","url":"https:\/\/images.novelship.com\/product\/nike_junior_mercurial_vapor_16_academy_fq8407-400_0_48290.jpeg;https:\/\/images.novelship.com\/product\/nike_junior_mercurial_vapor_16_academy_fq8407-400_1_48290.jpeg;https:\/\/images.novelship.com\/product\/nike_junior_mercurial_vapor_16_academy_fq8407-400_2_48290.jpeg;https:\/\/images.novelship.com\/product\/nike_junior_mercurial_vapor_16_academy_fq8407-400_3_48290.jpeg;https:\/\/images.novelship.com\/product\/nike_junior_mercurial_vapor_16_academy_fq8407-400_4_48290.jpeg;https:\/\/images.novelship.com\/product\/nike_junior_mercurial_vapor_16_academy_fq8407-400_5_48291.jpeg;https:\/\/images.novelship.com\/product\/nike_junior_mercurial_vapor_16_academy_fq8407-400_6_48291.jpeg;https:\/\/images.novelship.com\/product\/nike_junior_mercurial_vapor_16_academy_fq8407-400_7_48291.jpeg;https:\/\/images.novelship.com\/product\/nike_junior_mercurial_vapor_16_academy_fq8407-400_8_48291.jpeg","contentUrl":"https:\/\/images.novelship.com\/product\/nike_junior_mercurial_vapor_16_academy_fq8407-400_0_48290.jpeg;https:\/\/images.novelship.com\/product\/nike_junior_mercurial_vapor_16_academy_fq8407-400_1_48290.jpeg;https:\/\/images.novelship.com\/product\/nike_junior_mercurial_vapor_16_academy_fq8407-400_2_48290.jpeg;https:\/\/images.novelship.com\/product\/nike_junior_mercurial_vapor_16_academy_fq8407-400_3_48290.jpeg;https:\/\/images.novelship.com\/product\/nike_junior_mercurial_vapor_16_academy_fq8407-400_4_48290.jpeg;https:\/\/images.novelship.com\/product\/nike_junior_mercurial_vapor_16_academy_fq8407-400_5_48291.jpeg;https:\/\/images.novelship.com\/product\/nike_junior_mercurial_vapor_16_academy_fq8407-400_6_48291.jpeg;https:\/\/images.novelship.com\/product\/nike_junior_mercurial_vapor_16_academy_fq8407-400_7_48291.jpeg;https:\/\/images.novelship.com\/product\/nike_junior_mercurial_vapor_16_academy_fq8407-400_8_48291.jpeg"},{"@type":"BreadcrumbList","@id":"https:\/\/tourcruiser.com\/de\/products\/nike-junior-mercurial-vapor-16-academy\/#breadcrumb","itemListElement":[{"@type":"ListItem","position":1,"name":"Home","item":"https:\/\/tourcruiser.com\/de\/"},{"@type":"ListItem","position":2,"name":"Shop","item":"https:\/\/tourcruiser.com\/de\/shop\/"},{"@type":"ListItem","position":3,"name":"Nike Junior Mercurial Vapor 16 Academy"}]},{"@type":"WebSite","@id":"https:\/\/tourcruiser.com\/de\/#website","url":"https:\/\/tourcruiser.com\/de\/","name":"Styloral Jewelry Shop","description":"Tourcruiser Sneaker Store \u2014 der Ort, an dem das Universum deine Einzigartigkeit trifft.","publisher":{"@id":"https:\/\/tourcruiser.com\/de\/#organization"},"potentialAction":[{"@type":"SearchAction","target":{"@type":"EntryPoint","urlTemplate":"https:\/\/tourcruiser.com\/de\/?s={search_term_string}"},"query-input":{"@type":"PropertyValueSpecification","valueRequired":true,"valueName":"search_term_string"}}],"inLanguage":"de"},{"@type":"Organization","@id":"https:\/\/tourcruiser.com\/de\/#organization","name":"STYLORAL PTE. LTD","url":"https:\/\/tourcruiser.com\/de\/","logo":{"@type":"ImageObject","inLanguage":"de","@id":"https:\/\/tourcruiser.com\/de\/#\/schema\/logo\/image\/","url":"https:\/\/www.tourcruiser.com\/wp-content\/uploads\/2025\/12\/logo.png","contentUrl":"https:\/\/www.tourcruiser.com\/wp-content\/uploads\/2025\/12\/logo.png","width":200,"height":65,"caption":"STYLORAL PTE. LTD"},"image":{"@id":"https:\/\/tourcruiser.com\/de\/#\/schema\/logo\/image\/"}}]}},"_links":{"self":[{"href":"https:\/\/tourcruiser.com\/de\/wp-json\/wp\/v2\/product\/36235","targetHints":{"allow":["GET"]}}],"collection":[{"href":"https:\/\/tourcruiser.com\/de\/wp-json\/wp\/v2\/product"}],"about":[{"href":"https:\/\/tourcruiser.com\/de\/wp-json\/wp\/v2\/types\/product"}],"replies":[{"embeddable":true,"href":"https:\/\/tourcruiser.com\/de\/wp-json\/wp\/v2\/comments?post=36235"}],"wp:featuredmedia":[{"embeddable":true,"href":"https:\/\/tourcruiser.com\/de\/wp-json\/wp\/v2\/media\/36236"}],"wp:attachment":[{"href":"https:\/\/tourcruiser.com\/de\/wp-json\/wp\/v2\/media?parent=36235"}],"wp:term":[{"taxonomy":"product_brand","embeddable":true,"href":"https:\/\/tourcruiser.com\/de\/wp-json\/wp\/v2\/product_brand?post=36235"},{"taxonomy":"product_cat","embeddable":true,"href":"https:\/\/tourcruiser.com\/de\/wp-json\/wp\/v2\/product_cat?post=36235"},{"taxonomy":"product_tag","embeddable":true,"href":"https:\/\/tourcruiser.com\/de\/wp-json\/wp\/v2\/product_tag?post=36235"}],"curies":[{"name":"wp","href":"https:\/\/api.w.org\/{rel}","templated":true}]}}