{"id":36145,"date":"2026-03-02T14:47:51","date_gmt":"2026-03-02T07:47:51","guid":{"rendered":"http:\/\/tourcruiser.com\/product\/women-ugg-classic-clear-mini-boot-black"},"modified":"2026-03-28T00:45:15","modified_gmt":"2026-03-27T17:45:15","slug":"women-ugg-classic-clear-mini-boot-black","status":"publish","type":"product","link":"https:\/\/tourcruiser.com\/de\/products\/women-ugg-classic-clear-mini-boot-black\/","title":{"rendered":"(Women) UGG Classic Clear Mini Boot Black"},"content":{"rendered":"<p>Vereinen Sie Stil und Komfort mit dem UGG Classic Clear Mini Boot Black (1113190-BLK) f\u00fcr Damen. Diese schicken, wasserdichten Stiefel vereinen Funktionalit\u00e4t und Mode auf elegante Weise. Mit ihrem schlichten schwarzen Obermaterial, dem kuscheligen Lammfellfutter und der leichten, aber dennoch robusten Sohle sind sie perfekt f\u00fcr jedes Wetter. Die Mini-Stiefelh\u00f6he macht sie vielseitig kombinierbar und ideal f\u00fcr Freizeitaktivit\u00e4ten oder gem\u00fctliche Tage zu Hause. Bereichern Sie Ihre Schuhsammlung mit diesen zeitlosen UGG-Klassikern.<\/p>\n<ul>\n<li><strong>Farbgebung:<\/strong> Schwarz\/Schwarz<\/li>\n<li><strong>Artikelnummer:<\/strong> 1113190-BLK<\/li>\n<li><strong>Farbe:<\/strong> Schwarz<\/li>\n<li><strong>Saison:<\/strong> Herbst\/Winter<\/li>\n<li><strong>Erscheinungsjahr:<\/strong> 2021<\/li>\n<\/ul>\n","protected":false},"excerpt":{"rendered":"<p>UGG Classic Clear Mini \u201d\u201d Black\/Black<\/p>\n","protected":false},"featured_media":36146,"comment_status":"open","ping_status":"closed","template":"","meta":[],"product_brand":[],"product_cat":[11247],"product_tag":[13816,10751,10926,11245,10754,12619,11246,11666,10758],"class_list":{"0":"post-36145","1":"product","2":"type-product","3":"status-publish","4":"has-post-thumbnail","6":"product_cat-ugg-women","7":"product_tag-ankle-boots","8":"product_tag-best-seller","9":"product_tag-gift-for-her","10":"product_tag-lifestyle-boots","11":"product_tag-lifestyle-casual-shoes","12":"product_tag-shearling-boots","13":"product_tag-ugg","14":"product_tag-ugg-collection","15":"product_tag-under-retail","16":"wcpa_has_options","18":"first","19":"outofstock","20":"taxable","21":"shipping-taxable","22":"purchasable","23":"product-type-simple"},"wcpa_form_fields":{"rules":{"pric_overide_base_price":false,"pric_overide_base_price_if_gt_zero":false,"pric_overide_base_price_fully":false,"pric_cal_option_once":false,"pric_use_as_fee":false,"bind_quantity":false,"quantity_bind_formula":false},"fields":[{"type":"color-group","required":true,"elementId":"wcpa-color-group-69a5ae7a28b88","label":"Gr\u00f6\u00dfe","inline":true,"priceOptions":"different_for_all","pricingType":"fixed","className":"hassizechart product-shoes-size-eu product-shoes-size","name":"color-group-69a5ae7a28b91","disp_type":"square","selection_type":"tick-border","disp_size":"50","show_label_inside":true,"adjust_width":true,"cart_display_type":"text","other_text":"Other","cl_rule":"show","col":6,"values":[{"label":"34.5","value":"EU 34.5","price":"","pimage":"","pimage_id":"","pthumb":"","color":""},{"label":"35","value":"EU 35","price":"","pimage":"","pimage_id":"","pthumb":"","color":""},{"label":"35.5","value":"EU 35.5","price":"","pimage":"","pimage_id":"","pthumb":"","color":""},{"label":"36","value":"EU 36","price":"","pimage":"","pimage_id":"","pthumb":"","color":"","selected":true},{"label":"37","value":"EU 37","price":"","pimage":"","pimage_id":"","pthumb":"","color":""},{"label":"37.5","value":"EU 37.5","price":"","pimage":"","pimage_id":"","pthumb":"","color":""},{"label":"38","value":"EU 38","price":"","pimage":"","pimage_id":"","pthumb":"","color":""},{"label":"38.5","value":"EU 38.5","price":"","pimage":"","pimage_id":"","pthumb":"","color":""},{"label":"39","value":"EU 39","price":"","pimage":"","pimage_id":"","pthumb":"","color":""},{"label":"39.5","value":"EU 39.5","price":"","pimage":"","pimage_id":"","pthumb":"","color":""},{"label":"40","value":"EU 40","price":"","pimage":"","pimage_id":"","pthumb":"","color":""},{"label":"40.5","value":"EU 40.5","price":"","pimage":"","pimage_id":"","pthumb":"","color":""},{"label":" 41.5","value":"EU 41.5","price":"","pimage":"","pimage_id":"","pthumb":"","color":""},{"label":"42","value":"EU 42","price":"","pimage":"","pimage_id":"","pthumb":"","color":""},{"label":"42.5","value":"EU 42.5","price":"","pimage":"","pimage_id":"","pthumb":"","color":""},{"label":"43","value":"EU 43","price":"","pimage":"","pimage_id":"","pthumb":"","color":""},{"label":"44","value":"EU 44","price":"","pimage":"","pimage_id":"","pthumb":"","color":""},{"label":"45","value":"EU 45","price":"","pimage":"","pimage_id":"","pthumb":"","color":""},{"label":"48","value":"EU 48","price":"","pimage":"","pimage_id":"","pthumb":"","color":""}],"relations":[{"operator":false,"rules":[]}],"form_id":184315,"form_rules":{"pric_cal_option_once":false,"exclude_from_discount":false,"pric_use_as_fee":false,"fee_label":"Fee","render_after_acb":false,"disp_hide_options_price":false}}]},"yoast_head":"<!-- This site is optimized with the Yoast SEO plugin v26.5 - https:\/\/yoast.com\/wordpress\/plugins\/seo\/ -->\n<title>(Women) UGG Classic Clear Mini Boot Black  - Tourcruiser PTE. LTD<\/title>\n<meta name=\"robots\" content=\"index, follow, max-snippet:-1, max-image-preview:large, max-video-preview:-1\" \/>\n<link rel=\"canonical\" href=\"https:\/\/tourcruiser.com\/\" \/>\n<meta property=\"og:locale\" content=\"de_DE\" \/>\n<meta property=\"og:type\" content=\"article\" \/>\n<meta property=\"og:title\" content=\"(Women) UGG Classic Clear Mini Boot Black  - Tourcruiser PTE. LTD\" \/>\n<meta property=\"og:description\" content=\"UGG Classic Clear Mini \u201d\u201d Black\/Black\" \/>\n<meta property=\"og:url\" content=\"\/\" \/>\n<meta property=\"og:site_name\" content=\"Tourcruiser Sneaker Store\" \/>\n<meta property=\"article:modified_time\" content=\"2026-03-27T17:45:15+00:00\" \/>\n<meta name=\"twitter:card\" content=\"summary_large_image\" \/>\n<meta name=\"twitter:image\" content=\"https:\/\/images.novelship.com\/product\/_women__ugg_classic_clear_mini_boot_black_1113190-_0_36187.jpeg;https:\/\/images.novelship.com\/product\/_women__ugg_classic_clear_mini_boot_black_1113190-_1_36187.jpeg;https:\/\/images.novelship.com\/product\/_women__ugg_classic_clear_mini_boot_black_1113190-_2_36187.jpeg;https:\/\/images.novelship.com\/product\/_women__ugg_classic_clear_mini_boot_black_1113190-_3_36187.jpeg;https:\/\/images.novelship.com\/product\/_women__ugg_classic_clear_mini_boot_black_1113190-_4_36187.jpeg;https:\/\/images.novelship.com\/product\/_women__ugg_classic_clear_mini_boot_black_1113190-_5_36187.jpeg\" \/>\n<script type=\"application\/ld+json\" class=\"yoast-schema-graph\">{\"@context\":\"https:\/\/schema.org\",\"@graph\":[{\"@type\":\"WebPage\",\"@id\":\"\/\",\"url\":\"https:\/\/tourcruiser.com\/\",\"name\":\"(Women) UGG Classic Clear Mini Boot Black - Tourcruiser PTE. LTD\",\"isPartOf\":{\"@id\":\"https:\/\/tourcruiser.com\/de\/#website\"},\"primaryImageOfPage\":{\"@id\":\"https:\/\/tourcruiser.com\/#primaryimage\"},\"image\":{\"@id\":\"https:\/\/tourcruiser.com\/#primaryimage\"},\"thumbnailUrl\":\"https:\/\/images.novelship.com\/product\/_women__ugg_classic_clear_mini_boot_black_1113190-_0_36187.jpeg;https:\/\/images.novelship.com\/product\/_women__ugg_classic_clear_mini_boot_black_1113190-_1_36187.jpeg;https:\/\/images.novelship.com\/product\/_women__ugg_classic_clear_mini_boot_black_1113190-_2_36187.jpeg;https:\/\/images.novelship.com\/product\/_women__ugg_classic_clear_mini_boot_black_1113190-_3_36187.jpeg;https:\/\/images.novelship.com\/product\/_women__ugg_classic_clear_mini_boot_black_1113190-_4_36187.jpeg;https:\/\/images.novelship.com\/product\/_women__ugg_classic_clear_mini_boot_black_1113190-_5_36187.jpeg\",\"datePublished\":\"2026-03-02T07:47:51+00:00\",\"dateModified\":\"2026-03-27T17:45:15+00:00\",\"breadcrumb\":{\"@id\":\"https:\/\/tourcruiser.com\/#breadcrumb\"},\"inLanguage\":\"de\",\"potentialAction\":[{\"@type\":\"ReadAction\",\"target\":[\"https:\/\/tourcruiser.com\/\"]}]},{\"@type\":\"ImageObject\",\"inLanguage\":\"de\",\"@id\":\"https:\/\/tourcruiser.com\/#primaryimage\",\"url\":\"https:\/\/images.novelship.com\/product\/_women__ugg_classic_clear_mini_boot_black_1113190-_0_36187.jpeg;https:\/\/images.novelship.com\/product\/_women__ugg_classic_clear_mini_boot_black_1113190-_1_36187.jpeg;https:\/\/images.novelship.com\/product\/_women__ugg_classic_clear_mini_boot_black_1113190-_2_36187.jpeg;https:\/\/images.novelship.com\/product\/_women__ugg_classic_clear_mini_boot_black_1113190-_3_36187.jpeg;https:\/\/images.novelship.com\/product\/_women__ugg_classic_clear_mini_boot_black_1113190-_4_36187.jpeg;https:\/\/images.novelship.com\/product\/_women__ugg_classic_clear_mini_boot_black_1113190-_5_36187.jpeg\",\"contentUrl\":\"https:\/\/images.novelship.com\/product\/_women__ugg_classic_clear_mini_boot_black_1113190-_0_36187.jpeg;https:\/\/images.novelship.com\/product\/_women__ugg_classic_clear_mini_boot_black_1113190-_1_36187.jpeg;https:\/\/images.novelship.com\/product\/_women__ugg_classic_clear_mini_boot_black_1113190-_2_36187.jpeg;https:\/\/images.novelship.com\/product\/_women__ugg_classic_clear_mini_boot_black_1113190-_3_36187.jpeg;https:\/\/images.novelship.com\/product\/_women__ugg_classic_clear_mini_boot_black_1113190-_4_36187.jpeg;https:\/\/images.novelship.com\/product\/_women__ugg_classic_clear_mini_boot_black_1113190-_5_36187.jpeg\"},{\"@type\":\"BreadcrumbList\",\"@id\":\"https:\/\/tourcruiser.com\/#breadcrumb\",\"itemListElement\":[{\"@type\":\"ListItem\",\"position\":1,\"name\":\"Home\",\"item\":\"https:\/\/tourcruiser.com\/de\/\"},{\"@type\":\"ListItem\",\"position\":2,\"name\":\"Shop\",\"item\":\"https:\/\/tourcruiser.com\/de\/shop\/\"},{\"@type\":\"ListItem\",\"position\":3,\"name\":\"(Women) UGG Classic Clear Mini Boot Black\"}]},{\"@type\":\"WebSite\",\"@id\":\"https:\/\/tourcruiser.com\/de\/#website\",\"url\":\"https:\/\/tourcruiser.com\/de\/\",\"name\":\"Styloral Jewelry Shop\",\"description\":\"Tourcruiser Sneaker Store \u2014 der Ort, an dem das Universum deine Einzigartigkeit trifft.\",\"publisher\":{\"@id\":\"https:\/\/tourcruiser.com\/de\/#organization\"},\"potentialAction\":[{\"@type\":\"SearchAction\",\"target\":{\"@type\":\"EntryPoint\",\"urlTemplate\":\"https:\/\/tourcruiser.com\/de\/?s={search_term_string}\"},\"query-input\":{\"@type\":\"PropertyValueSpecification\",\"valueRequired\":true,\"valueName\":\"search_term_string\"}}],\"inLanguage\":\"de\"},{\"@type\":\"Organization\",\"@id\":\"https:\/\/tourcruiser.com\/de\/#organization\",\"name\":\"STYLORAL PTE. LTD\",\"url\":\"https:\/\/tourcruiser.com\/de\/\",\"logo\":{\"@type\":\"ImageObject\",\"inLanguage\":\"de\",\"@id\":\"https:\/\/tourcruiser.com\/de\/#\/schema\/logo\/image\/\",\"url\":\"https:\/\/www.tourcruiser.com\/wp-content\/uploads\/2025\/12\/logo.png\",\"contentUrl\":\"https:\/\/www.tourcruiser.com\/wp-content\/uploads\/2025\/12\/logo.png\",\"width\":200,\"height\":65,\"caption\":\"STYLORAL PTE. LTD\"},\"image\":{\"@id\":\"https:\/\/tourcruiser.com\/de\/#\/schema\/logo\/image\/\"}}]}<\/script>\n<!-- \/ Yoast SEO plugin. -->","yoast_head_json":{"title":"(Women) UGG Classic Clear Mini Boot Black  - Tourcruiser PTE. LTD","robots":{"index":"index","follow":"follow","max-snippet":"max-snippet:-1","max-image-preview":"max-image-preview:large","max-video-preview":"max-video-preview:-1"},"canonical":"https:\/\/tourcruiser.com\/","og_locale":"de_DE","og_type":"article","og_title":"(Women) UGG Classic Clear Mini Boot Black  - Tourcruiser PTE. LTD","og_description":"UGG Classic Clear Mini \u201d\u201d Black\/Black","og_url":"\/","og_site_name":"Tourcruiser Sneaker Store","article_modified_time":"2026-03-27T17:45:15+00:00","twitter_card":"summary_large_image","twitter_image":"https:\/\/images.novelship.com\/product\/_women__ugg_classic_clear_mini_boot_black_1113190-_0_36187.jpeg;https:\/\/images.novelship.com\/product\/_women__ugg_classic_clear_mini_boot_black_1113190-_1_36187.jpeg;https:\/\/images.novelship.com\/product\/_women__ugg_classic_clear_mini_boot_black_1113190-_2_36187.jpeg;https:\/\/images.novelship.com\/product\/_women__ugg_classic_clear_mini_boot_black_1113190-_3_36187.jpeg;https:\/\/images.novelship.com\/product\/_women__ugg_classic_clear_mini_boot_black_1113190-_4_36187.jpeg;https:\/\/images.novelship.com\/product\/_women__ugg_classic_clear_mini_boot_black_1113190-_5_36187.jpeg","schema":{"@context":"https:\/\/schema.org","@graph":[{"@type":"WebPage","@id":"\/","url":"https:\/\/tourcruiser.com\/","name":"(Women) UGG Classic Clear Mini Boot Black - Tourcruiser PTE. LTD","isPartOf":{"@id":"https:\/\/tourcruiser.com\/de\/#website"},"primaryImageOfPage":{"@id":"https:\/\/tourcruiser.com\/#primaryimage"},"image":{"@id":"https:\/\/tourcruiser.com\/#primaryimage"},"thumbnailUrl":"https:\/\/images.novelship.com\/product\/_women__ugg_classic_clear_mini_boot_black_1113190-_0_36187.jpeg;https:\/\/images.novelship.com\/product\/_women__ugg_classic_clear_mini_boot_black_1113190-_1_36187.jpeg;https:\/\/images.novelship.com\/product\/_women__ugg_classic_clear_mini_boot_black_1113190-_2_36187.jpeg;https:\/\/images.novelship.com\/product\/_women__ugg_classic_clear_mini_boot_black_1113190-_3_36187.jpeg;https:\/\/images.novelship.com\/product\/_women__ugg_classic_clear_mini_boot_black_1113190-_4_36187.jpeg;https:\/\/images.novelship.com\/product\/_women__ugg_classic_clear_mini_boot_black_1113190-_5_36187.jpeg","datePublished":"2026-03-02T07:47:51+00:00","dateModified":"2026-03-27T17:45:15+00:00","breadcrumb":{"@id":"https:\/\/tourcruiser.com\/#breadcrumb"},"inLanguage":"de","potentialAction":[{"@type":"ReadAction","target":["https:\/\/tourcruiser.com\/"]}]},{"@type":"ImageObject","inLanguage":"de","@id":"https:\/\/tourcruiser.com\/#primaryimage","url":"https:\/\/images.novelship.com\/product\/_women__ugg_classic_clear_mini_boot_black_1113190-_0_36187.jpeg;https:\/\/images.novelship.com\/product\/_women__ugg_classic_clear_mini_boot_black_1113190-_1_36187.jpeg;https:\/\/images.novelship.com\/product\/_women__ugg_classic_clear_mini_boot_black_1113190-_2_36187.jpeg;https:\/\/images.novelship.com\/product\/_women__ugg_classic_clear_mini_boot_black_1113190-_3_36187.jpeg;https:\/\/images.novelship.com\/product\/_women__ugg_classic_clear_mini_boot_black_1113190-_4_36187.jpeg;https:\/\/images.novelship.com\/product\/_women__ugg_classic_clear_mini_boot_black_1113190-_5_36187.jpeg","contentUrl":"https:\/\/images.novelship.com\/product\/_women__ugg_classic_clear_mini_boot_black_1113190-_0_36187.jpeg;https:\/\/images.novelship.com\/product\/_women__ugg_classic_clear_mini_boot_black_1113190-_1_36187.jpeg;https:\/\/images.novelship.com\/product\/_women__ugg_classic_clear_mini_boot_black_1113190-_2_36187.jpeg;https:\/\/images.novelship.com\/product\/_women__ugg_classic_clear_mini_boot_black_1113190-_3_36187.jpeg;https:\/\/images.novelship.com\/product\/_women__ugg_classic_clear_mini_boot_black_1113190-_4_36187.jpeg;https:\/\/images.novelship.com\/product\/_women__ugg_classic_clear_mini_boot_black_1113190-_5_36187.jpeg"},{"@type":"BreadcrumbList","@id":"https:\/\/tourcruiser.com\/#breadcrumb","itemListElement":[{"@type":"ListItem","position":1,"name":"Home","item":"https:\/\/tourcruiser.com\/de\/"},{"@type":"ListItem","position":2,"name":"Shop","item":"https:\/\/tourcruiser.com\/de\/shop\/"},{"@type":"ListItem","position":3,"name":"(Women) UGG Classic Clear Mini Boot Black"}]},{"@type":"WebSite","@id":"https:\/\/tourcruiser.com\/de\/#website","url":"https:\/\/tourcruiser.com\/de\/","name":"Styloral Jewelry Shop","description":"Tourcruiser Sneaker Store \u2014 der Ort, an dem das Universum deine Einzigartigkeit trifft.","publisher":{"@id":"https:\/\/tourcruiser.com\/de\/#organization"},"potentialAction":[{"@type":"SearchAction","target":{"@type":"EntryPoint","urlTemplate":"https:\/\/tourcruiser.com\/de\/?s={search_term_string}"},"query-input":{"@type":"PropertyValueSpecification","valueRequired":true,"valueName":"search_term_string"}}],"inLanguage":"de"},{"@type":"Organization","@id":"https:\/\/tourcruiser.com\/de\/#organization","name":"STYLORAL PTE. LTD","url":"https:\/\/tourcruiser.com\/de\/","logo":{"@type":"ImageObject","inLanguage":"de","@id":"https:\/\/tourcruiser.com\/de\/#\/schema\/logo\/image\/","url":"https:\/\/www.tourcruiser.com\/wp-content\/uploads\/2025\/12\/logo.png","contentUrl":"https:\/\/www.tourcruiser.com\/wp-content\/uploads\/2025\/12\/logo.png","width":200,"height":65,"caption":"STYLORAL PTE. LTD"},"image":{"@id":"https:\/\/tourcruiser.com\/de\/#\/schema\/logo\/image\/"}}]}},"_links":{"self":[{"href":"https:\/\/tourcruiser.com\/de\/wp-json\/wp\/v2\/product\/36145","targetHints":{"allow":["GET"]}}],"collection":[{"href":"https:\/\/tourcruiser.com\/de\/wp-json\/wp\/v2\/product"}],"about":[{"href":"https:\/\/tourcruiser.com\/de\/wp-json\/wp\/v2\/types\/product"}],"replies":[{"embeddable":true,"href":"https:\/\/tourcruiser.com\/de\/wp-json\/wp\/v2\/comments?post=36145"}],"wp:featuredmedia":[{"embeddable":true,"href":"https:\/\/tourcruiser.com\/de\/wp-json\/wp\/v2\/media\/36146"}],"wp:attachment":[{"href":"https:\/\/tourcruiser.com\/de\/wp-json\/wp\/v2\/media?parent=36145"}],"wp:term":[{"taxonomy":"product_brand","embeddable":true,"href":"https:\/\/tourcruiser.com\/de\/wp-json\/wp\/v2\/product_brand?post=36145"},{"taxonomy":"product_cat","embeddable":true,"href":"https:\/\/tourcruiser.com\/de\/wp-json\/wp\/v2\/product_cat?post=36145"},{"taxonomy":"product_tag","embeddable":true,"href":"https:\/\/tourcruiser.com\/de\/wp-json\/wp\/v2\/product_tag?post=36145"}],"curies":[{"name":"wp","href":"https:\/\/api.w.org\/{rel}","templated":true}]}}