{"id":35569,"date":"2026-03-02T14:47:02","date_gmt":"2026-03-02T07:47:02","guid":{"rendered":"http:\/\/tourcruiser.com\/product\/nike-metcon-9-amp-direct-exclusive-product"},"modified":"2026-03-28T00:44:51","modified_gmt":"2026-03-27T17:44:51","slug":"nike-metcon-9-amp-direct-exclusive-product","status":"publish","type":"product","link":"https:\/\/tourcruiser.com\/de\/products\/nike-metcon-9-amp-direct-exclusive-product\/","title":{"rendered":"Nike Metcon 9 AMP [Direct Exclusive Product]"},"content":{"rendered":"<p>Der Nike Metcon 9 AMP Direct Exclusive ist der ultimative High-Performance-Trainingsschuh, entwickelt f\u00fcr Stabilit\u00e4t, Strapazierf\u00e4higkeit und Vielseitigkeit bei intensiven Workouts. Er wurde f\u00fcr Athleten mit h\u00f6chsten Anspr\u00fcchen an Funktionalit\u00e4t konzipiert und verf\u00fcgt \u00fcber ein atmungsaktives Mesh-Obermaterial, verbesserte Fersenunterst\u00fctzung und eine leichte Konstruktion f\u00fcr optimale Agilit\u00e4t und Konzentration. Die Gummisohle mit Profil bietet au\u00dfergew\u00f6hnlichen Grip und Traktion auf verschiedenen Untergr\u00fcnden und gibt dir bei jeder Bewegung Sicherheit.<\/p>\n<p>Seine reaktionsfreudige D\u00e4mpfung sorgt f\u00fcr Komfort und Energier\u00fcckgabe und macht ihn ideal f\u00fcr intensive Trainingsformen wie Gewichtheben, CrossFit oder Zirkeltraining. Die einzigartigen AMP-Details verleihen dem Schuh einen exklusiven Style und eine markante, dynamische Optik, die im Fitnessstudio und auf der Stra\u00dfe auff\u00e4llt. Fortschrittliche Technologie garantiert sicheren Halt und pr\u00e4zise Fixierung f\u00fcr schnelle Seitw\u00e4rtsbewegungen und schweres Heben. Der Nike Metcon 9 AMP verk\u00f6rpert Innovation und sportliche Performance und ist damit ein Must-have f\u00fcr Fitnessbegeisterte und Profis weltweit.<\/p>\n<p>Dieses exklusiv als Direct-Release-Produkt erh\u00e4ltliche Modell kombiniert hochwertige Materialien mit modernstem Design f\u00fcr unvergleichliche Performance. Egal ob du deine pers\u00f6nliche Bestleistung \u00fcbertreffen oder allt\u00e4gliche Fitnessherausforderungen meistern willst \u201d\u201c der Nike Metcon 9 AMP wurde mit viel Liebe zum Detail entwickelt, um dein Training auf das n\u00e4chste Level zu heben.<\/p>\n<ul>\n<li><strong>Farbgebung:<\/strong> Schwarz\/Deep Night\/Copper Moon\/Blue Void<\/li>\n<li><strong>Style-Code:<\/strong> HF1098-001<\/li>\n<li><strong>Obermaterial:<\/strong> Mesh<\/li>\n<li><strong>Mittelsohle:<\/strong> Hyperlift<\/li>\n<li><strong>Farbe:<\/strong> Schwarz<\/li>\n<\/ul>\n","protected":false},"excerpt":{"rendered":"<p>Nike Metcon 9 AMP \u201d\u201d Black\/Deep Night\/Copper Moon\/Blue Void<\/p>\n","protected":false},"featured_media":35570,"comment_status":"open","ping_status":"closed","template":"","meta":[],"product_brand":[],"product_cat":[10803],"product_tag":[10799,10800,10801,10802,10873,10758],"class_list":{"0":"post-35569","1":"product","2":"type-product","3":"status-publish","4":"has-post-thumbnail","6":"product_cat-nike","7":"product_tag-ankle-support-basketball-shoes","8":"product_tag-basketball-shoes","9":"product_tag-nike","10":"product_tag-performance-sport-shoes","11":"product_tag-training-shoes","12":"product_tag-under-retail","13":"wcpa_has_options","15":"first","16":"outofstock","17":"taxable","18":"shipping-taxable","19":"purchasable","20":"product-type-simple"},"wcpa_form_fields":{"rules":{"pric_overide_base_price":false,"pric_overide_base_price_if_gt_zero":false,"pric_overide_base_price_fully":false,"pric_cal_option_once":false,"pric_use_as_fee":false,"bind_quantity":false,"quantity_bind_formula":false},"fields":[{"type":"color-group","required":true,"elementId":"wcpa-color-group-66c4a75505e74","label":"Gr\u00f6\u00dfe - EU Gr\u00f6\u00dfe","inline":true,"priceOptions":"different_for_all","pricingType":"fixed","className":"hassizechart product-shoes-size-eu product-shoes-size","name":"color-group-66c4a75505e89","disp_type":"square","selection_type":"tick-border","disp_size":"44","show_label_inside":true,"adjust_width":true,"cart_display_type":"text","other_text":"Other","cl_rule":"show","col":6,"values":[{"label":"35.5","value":"EU 35.5","price":"","pimage":"","pimage_id":"","pthumb":"","color":""},{"label":"36","value":"EU 36","price":"","pimage":"","pimage_id":"","pthumb":"","color":"","selected":true},{"label":"36.5","value":"EU 36.5","price":"","pimage":"","pimage_id":"","pthumb":"","color":""},{"label":"37.5","value":"EU 37.5","price":"","pimage":"","pimage_id":"","pthumb":"","color":""},{"label":"38","value":"EU 38","price":"","pimage":"","pimage_id":"","pthumb":"","color":""},{"label":"38.5","value":"EU 38.5","price":"","pimage":"","pimage_id":"","pthumb":"","color":""},{"label":"39","value":"EU 39","price":"","pimage":"","pimage_id":"","pthumb":"","color":""},{"label":"40","value":"EU 40","price":"","pimage":"","pimage_id":"","pthumb":"","color":""},{"label":"40.5","value":"EU 40.5","price":"","pimage":"","pimage_id":"","pthumb":"","color":""},{"label":"41","value":"EU 41","price":"","pimage":"","pimage_id":"","pthumb":"","color":""},{"label":"42","value":"EU 42","price":"","pimage":"","pimage_id":"","pthumb":"","color":""},{"label":"42.5","value":"EU 42.5","price":"","pimage":"","pimage_id":"","pthumb":"","color":""},{"label":"43","value":"EU 43","price":"","pimage":"","pimage_id":"","pthumb":"","color":""},{"label":"44","value":"EU 44","price":"","pimage":"","pimage_id":"","pthumb":"","color":""},{"label":"44.5","value":"EU 44.5","price":"","pimage":"","pimage_id":"","pthumb":"","color":""},{"label":"45","value":"EU 45","price":"","pimage":"","pimage_id":"","pthumb":"","color":""},{"label":"45.5","value":"EU 45.5","price":"","pimage":"","pimage_id":"","pthumb":"","color":""},{"label":"46","value":"EU 46","price":"","pimage":"","pimage_id":"","pthumb":"","color":""},{"label":"47","value":"EU 47","price":"","pimage":"","pimage_id":"","pthumb":"","color":""},{"label":"47.5","value":"EU 47.5","price":"","pimage":"","pimage_id":"","pthumb":"","color":""},{"label":"48","value":"EU 48","price":"","pimage":"","pimage_id":"","pthumb":"","color":""}],"relations":[{"operator":false,"rules":[]}],"form_id":18106,"form_rules":{"pric_cal_option_once":false,"exclude_from_discount":false,"pric_use_as_fee":false,"fee_label":"Fee","render_after_acb":false,"disp_hide_options_price":false}}]},"yoast_head":"<!-- This site is optimized with the Yoast SEO plugin v26.5 - https:\/\/yoast.com\/wordpress\/plugins\/seo\/ -->\n<title>Nike Metcon 9 AMP [Direct Exclusive Product]  - Tourcruiser PTE. LTD<\/title>\n<meta name=\"robots\" content=\"index, follow, max-snippet:-1, max-image-preview:large, max-video-preview:-1\" \/>\n<link rel=\"canonical\" href=\"https:\/\/tourcruiser.com\/de\/products\/nike-metcon-9-amp-direct-exclusive-product\/\" \/>\n<meta property=\"og:locale\" content=\"de_DE\" \/>\n<meta property=\"og:type\" content=\"article\" \/>\n<meta property=\"og:title\" content=\"Nike Metcon 9 AMP [Direct Exclusive Product]  - Tourcruiser PTE. LTD\" \/>\n<meta property=\"og:description\" content=\"Nike Metcon 9 AMP \u201d\u201d Black\/Deep Night\/Copper Moon\/Blue Void\" \/>\n<meta property=\"og:url\" content=\"https:\/\/tourcruiser.com\/de\/products\/nike-metcon-9-amp-direct-exclusive-product\/\" \/>\n<meta property=\"og:site_name\" content=\"Tourcruiser Sneaker Store\" \/>\n<meta property=\"article:modified_time\" content=\"2026-03-27T17:44:51+00:00\" \/>\n<meta name=\"twitter:card\" content=\"summary_large_image\" \/>\n<meta name=\"twitter:image\" content=\"https:\/\/images.novelship.com\/product\/nike_metcon_9_amp__direct_exclusive_product__hf109_0_95736.jpeg;https:\/\/images.novelship.com\/product\/nike_metcon_9_amp__direct_exclusive_product__hf109_1_95736.jpeg;https:\/\/images.novelship.com\/product\/nike_metcon_9_amp__direct_exclusive_product__hf109_2_95736.jpeg;https:\/\/images.novelship.com\/product\/nike_metcon_9_amp__direct_exclusive_product__hf109_3_95736.jpeg;https:\/\/images.novelship.com\/product\/nike_metcon_9_amp__direct_exclusive_product__hf109_4_95736.jpeg;https:\/\/images.novelship.com\/product\/nike_metcon_9_amp__direct_exclusive_product__hf109_5_95736.jpeg;https:\/\/images.novelship.com\/product\/nike_metcon_9_amp__direct_exclusive_product__hf109_6_95736.jpeg;https:\/\/images.novelship.com\/product\/nike_metcon_9_amp__direct_exclusive_product__hf109_7_95736.jpeg\" \/>\n<meta name=\"twitter:label1\" content=\"Gesch\u00e4tzte Lesezeit\" \/>\n\t<meta name=\"twitter:data1\" content=\"1\u00a0Minute\" \/>\n<script type=\"application\/ld+json\" class=\"yoast-schema-graph\">{\"@context\":\"https:\/\/schema.org\",\"@graph\":[{\"@type\":\"WebPage\",\"@id\":\"https:\/\/tourcruiser.com\/de\/products\/nike-metcon-9-amp-direct-exclusive-product\/\",\"url\":\"https:\/\/tourcruiser.com\/de\/products\/nike-metcon-9-amp-direct-exclusive-product\/\",\"name\":\"Nike Metcon 9 AMP [Direct Exclusive Product] - Tourcruiser PTE. LTD\",\"isPartOf\":{\"@id\":\"https:\/\/tourcruiser.com\/de\/#website\"},\"primaryImageOfPage\":{\"@id\":\"https:\/\/tourcruiser.com\/de\/products\/nike-metcon-9-amp-direct-exclusive-product\/#primaryimage\"},\"image\":{\"@id\":\"https:\/\/tourcruiser.com\/de\/products\/nike-metcon-9-amp-direct-exclusive-product\/#primaryimage\"},\"thumbnailUrl\":\"https:\/\/images.novelship.com\/product\/nike_metcon_9_amp__direct_exclusive_product__hf109_0_95736.jpeg;https:\/\/images.novelship.com\/product\/nike_metcon_9_amp__direct_exclusive_product__hf109_1_95736.jpeg;https:\/\/images.novelship.com\/product\/nike_metcon_9_amp__direct_exclusive_product__hf109_2_95736.jpeg;https:\/\/images.novelship.com\/product\/nike_metcon_9_amp__direct_exclusive_product__hf109_3_95736.jpeg;https:\/\/images.novelship.com\/product\/nike_metcon_9_amp__direct_exclusive_product__hf109_4_95736.jpeg;https:\/\/images.novelship.com\/product\/nike_metcon_9_amp__direct_exclusive_product__hf109_5_95736.jpeg;https:\/\/images.novelship.com\/product\/nike_metcon_9_amp__direct_exclusive_product__hf109_6_95736.jpeg;https:\/\/images.novelship.com\/product\/nike_metcon_9_amp__direct_exclusive_product__hf109_7_95736.jpeg\",\"datePublished\":\"2026-03-02T07:47:02+00:00\",\"dateModified\":\"2026-03-27T17:44:51+00:00\",\"breadcrumb\":{\"@id\":\"https:\/\/tourcruiser.com\/de\/products\/nike-metcon-9-amp-direct-exclusive-product\/#breadcrumb\"},\"inLanguage\":\"de\",\"potentialAction\":[{\"@type\":\"ReadAction\",\"target\":[\"https:\/\/tourcruiser.com\/de\/products\/nike-metcon-9-amp-direct-exclusive-product\/\"]}]},{\"@type\":\"ImageObject\",\"inLanguage\":\"de\",\"@id\":\"https:\/\/tourcruiser.com\/de\/products\/nike-metcon-9-amp-direct-exclusive-product\/#primaryimage\",\"url\":\"https:\/\/images.novelship.com\/product\/nike_metcon_9_amp__direct_exclusive_product__hf109_0_95736.jpeg;https:\/\/images.novelship.com\/product\/nike_metcon_9_amp__direct_exclusive_product__hf109_1_95736.jpeg;https:\/\/images.novelship.com\/product\/nike_metcon_9_amp__direct_exclusive_product__hf109_2_95736.jpeg;https:\/\/images.novelship.com\/product\/nike_metcon_9_amp__direct_exclusive_product__hf109_3_95736.jpeg;https:\/\/images.novelship.com\/product\/nike_metcon_9_amp__direct_exclusive_product__hf109_4_95736.jpeg;https:\/\/images.novelship.com\/product\/nike_metcon_9_amp__direct_exclusive_product__hf109_5_95736.jpeg;https:\/\/images.novelship.com\/product\/nike_metcon_9_amp__direct_exclusive_product__hf109_6_95736.jpeg;https:\/\/images.novelship.com\/product\/nike_metcon_9_amp__direct_exclusive_product__hf109_7_95736.jpeg\",\"contentUrl\":\"https:\/\/images.novelship.com\/product\/nike_metcon_9_amp__direct_exclusive_product__hf109_0_95736.jpeg;https:\/\/images.novelship.com\/product\/nike_metcon_9_amp__direct_exclusive_product__hf109_1_95736.jpeg;https:\/\/images.novelship.com\/product\/nike_metcon_9_amp__direct_exclusive_product__hf109_2_95736.jpeg;https:\/\/images.novelship.com\/product\/nike_metcon_9_amp__direct_exclusive_product__hf109_3_95736.jpeg;https:\/\/images.novelship.com\/product\/nike_metcon_9_amp__direct_exclusive_product__hf109_4_95736.jpeg;https:\/\/images.novelship.com\/product\/nike_metcon_9_amp__direct_exclusive_product__hf109_5_95736.jpeg;https:\/\/images.novelship.com\/product\/nike_metcon_9_amp__direct_exclusive_product__hf109_6_95736.jpeg;https:\/\/images.novelship.com\/product\/nike_metcon_9_amp__direct_exclusive_product__hf109_7_95736.jpeg\"},{\"@type\":\"BreadcrumbList\",\"@id\":\"https:\/\/tourcruiser.com\/de\/products\/nike-metcon-9-amp-direct-exclusive-product\/#breadcrumb\",\"itemListElement\":[{\"@type\":\"ListItem\",\"position\":1,\"name\":\"Home\",\"item\":\"https:\/\/tourcruiser.com\/de\/\"},{\"@type\":\"ListItem\",\"position\":2,\"name\":\"Shop\",\"item\":\"https:\/\/tourcruiser.com\/de\/shop\/\"},{\"@type\":\"ListItem\",\"position\":3,\"name\":\"Nike Metcon 9 AMP [Direct Exclusive Product]\"}]},{\"@type\":\"WebSite\",\"@id\":\"https:\/\/tourcruiser.com\/de\/#website\",\"url\":\"https:\/\/tourcruiser.com\/de\/\",\"name\":\"Styloral Jewelry Shop\",\"description\":\"Tourcruiser Sneaker Store \u2014 der Ort, an dem das Universum deine Einzigartigkeit trifft.\",\"publisher\":{\"@id\":\"https:\/\/tourcruiser.com\/de\/#organization\"},\"potentialAction\":[{\"@type\":\"SearchAction\",\"target\":{\"@type\":\"EntryPoint\",\"urlTemplate\":\"https:\/\/tourcruiser.com\/de\/?s={search_term_string}\"},\"query-input\":{\"@type\":\"PropertyValueSpecification\",\"valueRequired\":true,\"valueName\":\"search_term_string\"}}],\"inLanguage\":\"de\"},{\"@type\":\"Organization\",\"@id\":\"https:\/\/tourcruiser.com\/de\/#organization\",\"name\":\"STYLORAL PTE. LTD\",\"url\":\"https:\/\/tourcruiser.com\/de\/\",\"logo\":{\"@type\":\"ImageObject\",\"inLanguage\":\"de\",\"@id\":\"https:\/\/tourcruiser.com\/de\/#\/schema\/logo\/image\/\",\"url\":\"https:\/\/www.tourcruiser.com\/wp-content\/uploads\/2025\/12\/logo.png\",\"contentUrl\":\"https:\/\/www.tourcruiser.com\/wp-content\/uploads\/2025\/12\/logo.png\",\"width\":200,\"height\":65,\"caption\":\"STYLORAL PTE. LTD\"},\"image\":{\"@id\":\"https:\/\/tourcruiser.com\/de\/#\/schema\/logo\/image\/\"}}]}<\/script>\n<!-- \/ Yoast SEO plugin. -->","yoast_head_json":{"title":"Nike Metcon 9 AMP [Direct Exclusive Product]  - Tourcruiser PTE. LTD","robots":{"index":"index","follow":"follow","max-snippet":"max-snippet:-1","max-image-preview":"max-image-preview:large","max-video-preview":"max-video-preview:-1"},"canonical":"https:\/\/tourcruiser.com\/de\/products\/nike-metcon-9-amp-direct-exclusive-product\/","og_locale":"de_DE","og_type":"article","og_title":"Nike Metcon 9 AMP [Direct Exclusive Product]  - Tourcruiser PTE. LTD","og_description":"Nike Metcon 9 AMP \u201d\u201d Black\/Deep Night\/Copper Moon\/Blue Void","og_url":"https:\/\/tourcruiser.com\/de\/products\/nike-metcon-9-amp-direct-exclusive-product\/","og_site_name":"Tourcruiser Sneaker Store","article_modified_time":"2026-03-27T17:44:51+00:00","twitter_card":"summary_large_image","twitter_image":"https:\/\/images.novelship.com\/product\/nike_metcon_9_amp__direct_exclusive_product__hf109_0_95736.jpeg;https:\/\/images.novelship.com\/product\/nike_metcon_9_amp__direct_exclusive_product__hf109_1_95736.jpeg;https:\/\/images.novelship.com\/product\/nike_metcon_9_amp__direct_exclusive_product__hf109_2_95736.jpeg;https:\/\/images.novelship.com\/product\/nike_metcon_9_amp__direct_exclusive_product__hf109_3_95736.jpeg;https:\/\/images.novelship.com\/product\/nike_metcon_9_amp__direct_exclusive_product__hf109_4_95736.jpeg;https:\/\/images.novelship.com\/product\/nike_metcon_9_amp__direct_exclusive_product__hf109_5_95736.jpeg;https:\/\/images.novelship.com\/product\/nike_metcon_9_amp__direct_exclusive_product__hf109_6_95736.jpeg;https:\/\/images.novelship.com\/product\/nike_metcon_9_amp__direct_exclusive_product__hf109_7_95736.jpeg","twitter_misc":{"Gesch\u00e4tzte Lesezeit":"1\u00a0Minute"},"schema":{"@context":"https:\/\/schema.org","@graph":[{"@type":"WebPage","@id":"https:\/\/tourcruiser.com\/de\/products\/nike-metcon-9-amp-direct-exclusive-product\/","url":"https:\/\/tourcruiser.com\/de\/products\/nike-metcon-9-amp-direct-exclusive-product\/","name":"Nike Metcon 9 AMP [Direct Exclusive Product] - Tourcruiser PTE. LTD","isPartOf":{"@id":"https:\/\/tourcruiser.com\/de\/#website"},"primaryImageOfPage":{"@id":"https:\/\/tourcruiser.com\/de\/products\/nike-metcon-9-amp-direct-exclusive-product\/#primaryimage"},"image":{"@id":"https:\/\/tourcruiser.com\/de\/products\/nike-metcon-9-amp-direct-exclusive-product\/#primaryimage"},"thumbnailUrl":"https:\/\/images.novelship.com\/product\/nike_metcon_9_amp__direct_exclusive_product__hf109_0_95736.jpeg;https:\/\/images.novelship.com\/product\/nike_metcon_9_amp__direct_exclusive_product__hf109_1_95736.jpeg;https:\/\/images.novelship.com\/product\/nike_metcon_9_amp__direct_exclusive_product__hf109_2_95736.jpeg;https:\/\/images.novelship.com\/product\/nike_metcon_9_amp__direct_exclusive_product__hf109_3_95736.jpeg;https:\/\/images.novelship.com\/product\/nike_metcon_9_amp__direct_exclusive_product__hf109_4_95736.jpeg;https:\/\/images.novelship.com\/product\/nike_metcon_9_amp__direct_exclusive_product__hf109_5_95736.jpeg;https:\/\/images.novelship.com\/product\/nike_metcon_9_amp__direct_exclusive_product__hf109_6_95736.jpeg;https:\/\/images.novelship.com\/product\/nike_metcon_9_amp__direct_exclusive_product__hf109_7_95736.jpeg","datePublished":"2026-03-02T07:47:02+00:00","dateModified":"2026-03-27T17:44:51+00:00","breadcrumb":{"@id":"https:\/\/tourcruiser.com\/de\/products\/nike-metcon-9-amp-direct-exclusive-product\/#breadcrumb"},"inLanguage":"de","potentialAction":[{"@type":"ReadAction","target":["https:\/\/tourcruiser.com\/de\/products\/nike-metcon-9-amp-direct-exclusive-product\/"]}]},{"@type":"ImageObject","inLanguage":"de","@id":"https:\/\/tourcruiser.com\/de\/products\/nike-metcon-9-amp-direct-exclusive-product\/#primaryimage","url":"https:\/\/images.novelship.com\/product\/nike_metcon_9_amp__direct_exclusive_product__hf109_0_95736.jpeg;https:\/\/images.novelship.com\/product\/nike_metcon_9_amp__direct_exclusive_product__hf109_1_95736.jpeg;https:\/\/images.novelship.com\/product\/nike_metcon_9_amp__direct_exclusive_product__hf109_2_95736.jpeg;https:\/\/images.novelship.com\/product\/nike_metcon_9_amp__direct_exclusive_product__hf109_3_95736.jpeg;https:\/\/images.novelship.com\/product\/nike_metcon_9_amp__direct_exclusive_product__hf109_4_95736.jpeg;https:\/\/images.novelship.com\/product\/nike_metcon_9_amp__direct_exclusive_product__hf109_5_95736.jpeg;https:\/\/images.novelship.com\/product\/nike_metcon_9_amp__direct_exclusive_product__hf109_6_95736.jpeg;https:\/\/images.novelship.com\/product\/nike_metcon_9_amp__direct_exclusive_product__hf109_7_95736.jpeg","contentUrl":"https:\/\/images.novelship.com\/product\/nike_metcon_9_amp__direct_exclusive_product__hf109_0_95736.jpeg;https:\/\/images.novelship.com\/product\/nike_metcon_9_amp__direct_exclusive_product__hf109_1_95736.jpeg;https:\/\/images.novelship.com\/product\/nike_metcon_9_amp__direct_exclusive_product__hf109_2_95736.jpeg;https:\/\/images.novelship.com\/product\/nike_metcon_9_amp__direct_exclusive_product__hf109_3_95736.jpeg;https:\/\/images.novelship.com\/product\/nike_metcon_9_amp__direct_exclusive_product__hf109_4_95736.jpeg;https:\/\/images.novelship.com\/product\/nike_metcon_9_amp__direct_exclusive_product__hf109_5_95736.jpeg;https:\/\/images.novelship.com\/product\/nike_metcon_9_amp__direct_exclusive_product__hf109_6_95736.jpeg;https:\/\/images.novelship.com\/product\/nike_metcon_9_amp__direct_exclusive_product__hf109_7_95736.jpeg"},{"@type":"BreadcrumbList","@id":"https:\/\/tourcruiser.com\/de\/products\/nike-metcon-9-amp-direct-exclusive-product\/#breadcrumb","itemListElement":[{"@type":"ListItem","position":1,"name":"Home","item":"https:\/\/tourcruiser.com\/de\/"},{"@type":"ListItem","position":2,"name":"Shop","item":"https:\/\/tourcruiser.com\/de\/shop\/"},{"@type":"ListItem","position":3,"name":"Nike Metcon 9 AMP [Direct Exclusive Product]"}]},{"@type":"WebSite","@id":"https:\/\/tourcruiser.com\/de\/#website","url":"https:\/\/tourcruiser.com\/de\/","name":"Styloral Jewelry Shop","description":"Tourcruiser Sneaker Store \u2014 der Ort, an dem das Universum deine Einzigartigkeit trifft.","publisher":{"@id":"https:\/\/tourcruiser.com\/de\/#organization"},"potentialAction":[{"@type":"SearchAction","target":{"@type":"EntryPoint","urlTemplate":"https:\/\/tourcruiser.com\/de\/?s={search_term_string}"},"query-input":{"@type":"PropertyValueSpecification","valueRequired":true,"valueName":"search_term_string"}}],"inLanguage":"de"},{"@type":"Organization","@id":"https:\/\/tourcruiser.com\/de\/#organization","name":"STYLORAL PTE. LTD","url":"https:\/\/tourcruiser.com\/de\/","logo":{"@type":"ImageObject","inLanguage":"de","@id":"https:\/\/tourcruiser.com\/de\/#\/schema\/logo\/image\/","url":"https:\/\/www.tourcruiser.com\/wp-content\/uploads\/2025\/12\/logo.png","contentUrl":"https:\/\/www.tourcruiser.com\/wp-content\/uploads\/2025\/12\/logo.png","width":200,"height":65,"caption":"STYLORAL PTE. LTD"},"image":{"@id":"https:\/\/tourcruiser.com\/de\/#\/schema\/logo\/image\/"}}]}},"_links":{"self":[{"href":"https:\/\/tourcruiser.com\/de\/wp-json\/wp\/v2\/product\/35569","targetHints":{"allow":["GET"]}}],"collection":[{"href":"https:\/\/tourcruiser.com\/de\/wp-json\/wp\/v2\/product"}],"about":[{"href":"https:\/\/tourcruiser.com\/de\/wp-json\/wp\/v2\/types\/product"}],"replies":[{"embeddable":true,"href":"https:\/\/tourcruiser.com\/de\/wp-json\/wp\/v2\/comments?post=35569"}],"wp:featuredmedia":[{"embeddable":true,"href":"https:\/\/tourcruiser.com\/de\/wp-json\/wp\/v2\/media\/35570"}],"wp:attachment":[{"href":"https:\/\/tourcruiser.com\/de\/wp-json\/wp\/v2\/media?parent=35569"}],"wp:term":[{"taxonomy":"product_brand","embeddable":true,"href":"https:\/\/tourcruiser.com\/de\/wp-json\/wp\/v2\/product_brand?post=35569"},{"taxonomy":"product_cat","embeddable":true,"href":"https:\/\/tourcruiser.com\/de\/wp-json\/wp\/v2\/product_cat?post=35569"},{"taxonomy":"product_tag","embeddable":true,"href":"https:\/\/tourcruiser.com\/de\/wp-json\/wp\/v2\/product_tag?post=35569"}],"curies":[{"name":"wp","href":"https:\/\/api.w.org\/{rel}","templated":true}]}}