{"id":35451,"date":"2026-03-02T14:46:51","date_gmt":"2026-03-02T07:46:51","guid":{"rendered":"http:\/\/tourcruiser.com\/product\/adidas-sl72-rs-collegiate-burgundy-mint-ton"},"modified":"2026-03-28T00:44:46","modified_gmt":"2026-03-27T17:44:46","slug":"adidas-sl72-rs-collegiate-burgundy-mint-ton","status":"publish","type":"product","link":"https:\/\/tourcruiser.com\/de\/products\/adidas-sl72-rs-collegiate-burgundy-mint-ton\/","title":{"rendered":"adidas SL72 RS &#8218;Collegiate Burgundy Mint Ton&#8216;"},"content":{"rendered":"<p>Erweitere deine Schuhsammlung mit dem adidas SL72 RS &#8218;Collegiate Burgundy Mint Ton&#8216; JR0049, einem Sneaker im Retro-Stil, der Vintage-Charme mit moderner Eleganz vereint. Das ikonische Design besticht durch eine lebendige Farbkombination aus Burgunderrot und Mintgr\u00fcn und ist mit weichen Nylon- und Wildleder-Overlays gefertigt, die f\u00fcr ein leichtes und dennoch strapazierf\u00e4higes Tragegef\u00fchl sorgen.<\/p>\n<p>Die EVA-Zwischensohle bietet reaktionsfreudige D\u00e4mpfung f\u00fcr ganzt\u00e4gigen Tragekomfort, w\u00e4hrend die griffige Gummiau\u00dfensohle zuverl\u00e4ssige Traktion auf verschiedenen Untergr\u00fcnden gew\u00e4hrleistet. Ob f\u00fcr l\u00e4ssige Ausfl\u00fcge oder um ein modisches Statement zu setzen \u201d\u201c dieser Schuh vereint sportliche \u00c4sthetik mit vielseitigen Einsatzm\u00f6glichkeiten. Der SL72 RS wurde f\u00fcr Trendsetter entwickelt, die Wert auf Stil und Performance legen. Er ist ein Must-have, das die Tradition von adidas mit modernem Flair vereint.<\/p>\n<ul>\n<li><strong>Farbgebung:<\/strong> Collegiate Burgundy\/Mint Ton\/Shadow Red<\/li>\n<li><strong>Style-Code:<\/strong> JR0049<\/li>\n<li><strong>Obermaterial:<\/strong> Leder<\/li>\n<li><strong>Farbe:<\/strong> Burgundy<\/li>\n<li><strong>Saison:<\/strong> Winter<\/li>\n<li><strong>Erscheinungsjahr:<\/strong> 2024<\/li>\n<\/ul>\n","protected":false},"excerpt":{"rendered":"<p>adidas SL72 RS \u201d\u201d Collegiate Burgundy\/Mint Ton\/Shadow Red<\/p>\n","protected":false},"featured_media":35452,"comment_status":"open","ping_status":"closed","template":"","meta":[],"product_brand":[],"product_cat":[10760],"product_tag":[10759,10750,11575,11576,10756,10758],"class_list":{"0":"post-35451","1":"product","2":"type-product","3":"status-publish","4":"has-post-thumbnail","6":"product_cat-adidas","7":"product_tag-adidas","8":"product_tag-athleisure-shoes","9":"product_tag-kids-lifestyle-casual-shoes","10":"product_tag-kids-sneakers","11":"product_tag-retro-casual-shoes","12":"product_tag-under-retail","13":"wcpa_has_options","15":"first","16":"outofstock","17":"taxable","18":"shipping-taxable","19":"purchasable","20":"product-type-simple"},"wcpa_form_fields":{"rules":{"pric_overide_base_price":false,"pric_overide_base_price_if_gt_zero":false,"pric_overide_base_price_fully":false,"pric_cal_option_once":false,"pric_use_as_fee":false,"bind_quantity":false,"quantity_bind_formula":false},"fields":[{"type":"color-group","required":true,"elementId":"wcpa-color-group-66c4a7f817afe","label":"Gr\u00f6\u00dfe","inline":true,"priceOptions":"different_for_all","pricingType":"fixed","className":"hassizechart product-shoes-size-eu product-shoes-size","name":"color-group-66c4a7f817b18","disp_type":"square","selection_type":"tick-border","disp_size":"50","show_label_inside":true,"adjust_width":true,"cart_display_type":"text","other_text":"Other","cl_rule":"show","col":6,"values":[{"label":"35","value":"EU 35","price":"","pimage":"","pimage_id":"","pthumb":"","color":""},{"label":"35.5","value":"EU 35.5","price":"","pimage":"","pimage_id":"","pthumb":"","color":""},{"label":"36","value":"EU 36","price":"","pimage":"","pimage_id":"","pthumb":"","color":"","selected":true},{"label":"36 2\/3","value":"EU 36 2\/3","price":"","pimage":"","pimage_id":"","pthumb":"","color":""},{"label":"37 1\/3","value":"EU 37 1\/3","price":"","pimage":"","pimage_id":"","pthumb":"","color":""},{"label":"38","value":"EU 38","price":"","pimage":"","pimage_id":"","pthumb":"","color":""},{"label":"38 2\/3","value":"EU 38 2\/3","price":"","pimage":"","pimage_id":"","pthumb":"","color":""},{"label":"39 1\/3","value":"EU 39 1\/3","price":"","pimage":"","pimage_id":"","pthumb":"","color":""},{"label":"40","value":"EU 40","price":"","pimage":"","pimage_id":"","pthumb":"","color":""},{"label":"40 2\/3","value":"EU 40 2\/3","price":"","pimage":"","pimage_id":"","pthumb":"","color":""},{"label":"41 1\/3","value":"EU 41 1\/3","price":"","pimage":"","pimage_id":"","pthumb":"","color":""},{"label":"42","value":"EU 42","price":"","pimage":"","pimage_id":"","pthumb":"","color":""},{"label":"42 2\/3","value":"EU 42 2\/3","price":"","pimage":"","pimage_id":"","pthumb":"","color":""},{"label":"43 1\/3","value":"EU 43 1\/3","price":"","pimage":"","pimage_id":"","pthumb":"","color":""},{"label":"44","value":"EU 44","price":"","pimage":"","pimage_id":"","pthumb":"","color":""},{"label":"44 2\/3","value":"EU 44 2\/3","price":"","pimage":"","pimage_id":"","pthumb":"","color":""},{"label":"45 1\/3","value":"EU 45 1\/3","price":"","pimage":"","pimage_id":"","pthumb":"","color":""},{"label":"46","value":"EU 46","price":"","pimage":"","pimage_id":"","pthumb":"","color":""},{"label":"46 2\/3","value":"EU 46 2\/3","price":"","pimage":"","pimage_id":"","pthumb":"","color":""},{"label":"47 1\/3","value":"EU 47 1\/3","price":"","pimage":"","pimage_id":"","pthumb":"","color":""}],"relations":[{"operator":false,"rules":[]}],"form_id":24802,"form_rules":{"pric_cal_option_once":false,"exclude_from_discount":false,"pric_use_as_fee":false,"fee_label":"Fee","render_after_acb":false,"disp_hide_options_price":false}}]},"yoast_head":"<!-- This site is optimized with the Yoast SEO plugin v26.5 - https:\/\/yoast.com\/wordpress\/plugins\/seo\/ -->\n<title>adidas SL72 RS &#039;Collegiate Burgundy Mint Ton&#039;  - Tourcruiser PTE. LTD<\/title>\n<meta name=\"robots\" content=\"index, follow, max-snippet:-1, max-image-preview:large, max-video-preview:-1\" \/>\n<link rel=\"canonical\" href=\"https:\/\/tourcruiser.com\/de\/products\/adidas-sl72-rs-collegiate-burgundy-mint-ton\/\" \/>\n<meta property=\"og:locale\" content=\"de_DE\" \/>\n<meta property=\"og:type\" content=\"article\" \/>\n<meta property=\"og:title\" content=\"adidas SL72 RS &#039;Collegiate Burgundy Mint Ton&#039;  - Tourcruiser PTE. LTD\" \/>\n<meta property=\"og:description\" content=\"adidas SL72 RS \u201d\u201d Collegiate Burgundy\/Mint Ton\/Shadow Red\" \/>\n<meta property=\"og:url\" content=\"https:\/\/tourcruiser.com\/de\/products\/adidas-sl72-rs-collegiate-burgundy-mint-ton\/\" \/>\n<meta property=\"og:site_name\" content=\"Tourcruiser Sneaker Store\" \/>\n<meta property=\"article:modified_time\" content=\"2026-03-27T17:44:46+00:00\" \/>\n<meta name=\"twitter:card\" content=\"summary_large_image\" \/>\n<meta name=\"twitter:image\" content=\"https:\/\/images.novelship.com\/product\/adidas_sl72_rs__collegiate_burgundy_mint_ton__jr00_0_73935.png;https:\/\/images.novelship.com\/product\/adidas_sl72_rs__collegiate_burgundy_mint_ton__jr00_1_73935.jpeg;https:\/\/images.novelship.com\/product\/adidas_sl72_rs__collegiate_burgundy_mint_ton__jr00_2_73935.jpeg;https:\/\/images.novelship.com\/product\/adidas_sl72_rs__collegiate_burgundy_mint_ton__jr00_3_73935.jpeg\" \/>\n<meta name=\"twitter:label1\" content=\"Gesch\u00e4tzte Lesezeit\" \/>\n\t<meta name=\"twitter:data1\" content=\"1\u00a0Minute\" \/>\n<script type=\"application\/ld+json\" class=\"yoast-schema-graph\">{\"@context\":\"https:\/\/schema.org\",\"@graph\":[{\"@type\":\"WebPage\",\"@id\":\"https:\/\/tourcruiser.com\/de\/products\/adidas-sl72-rs-collegiate-burgundy-mint-ton\/\",\"url\":\"https:\/\/tourcruiser.com\/de\/products\/adidas-sl72-rs-collegiate-burgundy-mint-ton\/\",\"name\":\"adidas SL72 RS 'Collegiate Burgundy Mint Ton' - Tourcruiser PTE. LTD\",\"isPartOf\":{\"@id\":\"https:\/\/tourcruiser.com\/de\/#website\"},\"primaryImageOfPage\":{\"@id\":\"https:\/\/tourcruiser.com\/de\/products\/adidas-sl72-rs-collegiate-burgundy-mint-ton\/#primaryimage\"},\"image\":{\"@id\":\"https:\/\/tourcruiser.com\/de\/products\/adidas-sl72-rs-collegiate-burgundy-mint-ton\/#primaryimage\"},\"thumbnailUrl\":\"https:\/\/images.novelship.com\/product\/adidas_sl72_rs__collegiate_burgundy_mint_ton__jr00_0_73935.png;https:\/\/images.novelship.com\/product\/adidas_sl72_rs__collegiate_burgundy_mint_ton__jr00_1_73935.jpeg;https:\/\/images.novelship.com\/product\/adidas_sl72_rs__collegiate_burgundy_mint_ton__jr00_2_73935.jpeg;https:\/\/images.novelship.com\/product\/adidas_sl72_rs__collegiate_burgundy_mint_ton__jr00_3_73935.jpeg\",\"datePublished\":\"2026-03-02T07:46:51+00:00\",\"dateModified\":\"2026-03-27T17:44:46+00:00\",\"breadcrumb\":{\"@id\":\"https:\/\/tourcruiser.com\/de\/products\/adidas-sl72-rs-collegiate-burgundy-mint-ton\/#breadcrumb\"},\"inLanguage\":\"de\",\"potentialAction\":[{\"@type\":\"ReadAction\",\"target\":[\"https:\/\/tourcruiser.com\/de\/products\/adidas-sl72-rs-collegiate-burgundy-mint-ton\/\"]}]},{\"@type\":\"ImageObject\",\"inLanguage\":\"de\",\"@id\":\"https:\/\/tourcruiser.com\/de\/products\/adidas-sl72-rs-collegiate-burgundy-mint-ton\/#primaryimage\",\"url\":\"https:\/\/images.novelship.com\/product\/adidas_sl72_rs__collegiate_burgundy_mint_ton__jr00_0_73935.png;https:\/\/images.novelship.com\/product\/adidas_sl72_rs__collegiate_burgundy_mint_ton__jr00_1_73935.jpeg;https:\/\/images.novelship.com\/product\/adidas_sl72_rs__collegiate_burgundy_mint_ton__jr00_2_73935.jpeg;https:\/\/images.novelship.com\/product\/adidas_sl72_rs__collegiate_burgundy_mint_ton__jr00_3_73935.jpeg\",\"contentUrl\":\"https:\/\/images.novelship.com\/product\/adidas_sl72_rs__collegiate_burgundy_mint_ton__jr00_0_73935.png;https:\/\/images.novelship.com\/product\/adidas_sl72_rs__collegiate_burgundy_mint_ton__jr00_1_73935.jpeg;https:\/\/images.novelship.com\/product\/adidas_sl72_rs__collegiate_burgundy_mint_ton__jr00_2_73935.jpeg;https:\/\/images.novelship.com\/product\/adidas_sl72_rs__collegiate_burgundy_mint_ton__jr00_3_73935.jpeg\"},{\"@type\":\"BreadcrumbList\",\"@id\":\"https:\/\/tourcruiser.com\/de\/products\/adidas-sl72-rs-collegiate-burgundy-mint-ton\/#breadcrumb\",\"itemListElement\":[{\"@type\":\"ListItem\",\"position\":1,\"name\":\"Home\",\"item\":\"https:\/\/tourcruiser.com\/de\/\"},{\"@type\":\"ListItem\",\"position\":2,\"name\":\"Shop\",\"item\":\"https:\/\/tourcruiser.com\/de\/shop\/\"},{\"@type\":\"ListItem\",\"position\":3,\"name\":\"adidas SL72 RS 'Collegiate Burgundy Mint Ton'\"}]},{\"@type\":\"WebSite\",\"@id\":\"https:\/\/tourcruiser.com\/de\/#website\",\"url\":\"https:\/\/tourcruiser.com\/de\/\",\"name\":\"Styloral Jewelry Shop\",\"description\":\"Tourcruiser Sneaker Store \u2014 der Ort, an dem das Universum deine Einzigartigkeit trifft.\",\"publisher\":{\"@id\":\"https:\/\/tourcruiser.com\/de\/#organization\"},\"potentialAction\":[{\"@type\":\"SearchAction\",\"target\":{\"@type\":\"EntryPoint\",\"urlTemplate\":\"https:\/\/tourcruiser.com\/de\/?s={search_term_string}\"},\"query-input\":{\"@type\":\"PropertyValueSpecification\",\"valueRequired\":true,\"valueName\":\"search_term_string\"}}],\"inLanguage\":\"de\"},{\"@type\":\"Organization\",\"@id\":\"https:\/\/tourcruiser.com\/de\/#organization\",\"name\":\"STYLORAL PTE. LTD\",\"url\":\"https:\/\/tourcruiser.com\/de\/\",\"logo\":{\"@type\":\"ImageObject\",\"inLanguage\":\"de\",\"@id\":\"https:\/\/tourcruiser.com\/de\/#\/schema\/logo\/image\/\",\"url\":\"https:\/\/www.tourcruiser.com\/wp-content\/uploads\/2025\/12\/logo.png\",\"contentUrl\":\"https:\/\/www.tourcruiser.com\/wp-content\/uploads\/2025\/12\/logo.png\",\"width\":200,\"height\":65,\"caption\":\"STYLORAL PTE. LTD\"},\"image\":{\"@id\":\"https:\/\/tourcruiser.com\/de\/#\/schema\/logo\/image\/\"}}]}<\/script>\n<!-- \/ Yoast SEO plugin. -->","yoast_head_json":{"title":"adidas SL72 RS 'Collegiate Burgundy Mint Ton'  - Tourcruiser PTE. LTD","robots":{"index":"index","follow":"follow","max-snippet":"max-snippet:-1","max-image-preview":"max-image-preview:large","max-video-preview":"max-video-preview:-1"},"canonical":"https:\/\/tourcruiser.com\/de\/products\/adidas-sl72-rs-collegiate-burgundy-mint-ton\/","og_locale":"de_DE","og_type":"article","og_title":"adidas SL72 RS 'Collegiate Burgundy Mint Ton'  - Tourcruiser PTE. LTD","og_description":"adidas SL72 RS \u201d\u201d Collegiate Burgundy\/Mint Ton\/Shadow Red","og_url":"https:\/\/tourcruiser.com\/de\/products\/adidas-sl72-rs-collegiate-burgundy-mint-ton\/","og_site_name":"Tourcruiser Sneaker Store","article_modified_time":"2026-03-27T17:44:46+00:00","twitter_card":"summary_large_image","twitter_image":"https:\/\/images.novelship.com\/product\/adidas_sl72_rs__collegiate_burgundy_mint_ton__jr00_0_73935.png;https:\/\/images.novelship.com\/product\/adidas_sl72_rs__collegiate_burgundy_mint_ton__jr00_1_73935.jpeg;https:\/\/images.novelship.com\/product\/adidas_sl72_rs__collegiate_burgundy_mint_ton__jr00_2_73935.jpeg;https:\/\/images.novelship.com\/product\/adidas_sl72_rs__collegiate_burgundy_mint_ton__jr00_3_73935.jpeg","twitter_misc":{"Gesch\u00e4tzte Lesezeit":"1\u00a0Minute"},"schema":{"@context":"https:\/\/schema.org","@graph":[{"@type":"WebPage","@id":"https:\/\/tourcruiser.com\/de\/products\/adidas-sl72-rs-collegiate-burgundy-mint-ton\/","url":"https:\/\/tourcruiser.com\/de\/products\/adidas-sl72-rs-collegiate-burgundy-mint-ton\/","name":"adidas SL72 RS 'Collegiate Burgundy Mint Ton' - Tourcruiser PTE. LTD","isPartOf":{"@id":"https:\/\/tourcruiser.com\/de\/#website"},"primaryImageOfPage":{"@id":"https:\/\/tourcruiser.com\/de\/products\/adidas-sl72-rs-collegiate-burgundy-mint-ton\/#primaryimage"},"image":{"@id":"https:\/\/tourcruiser.com\/de\/products\/adidas-sl72-rs-collegiate-burgundy-mint-ton\/#primaryimage"},"thumbnailUrl":"https:\/\/images.novelship.com\/product\/adidas_sl72_rs__collegiate_burgundy_mint_ton__jr00_0_73935.png;https:\/\/images.novelship.com\/product\/adidas_sl72_rs__collegiate_burgundy_mint_ton__jr00_1_73935.jpeg;https:\/\/images.novelship.com\/product\/adidas_sl72_rs__collegiate_burgundy_mint_ton__jr00_2_73935.jpeg;https:\/\/images.novelship.com\/product\/adidas_sl72_rs__collegiate_burgundy_mint_ton__jr00_3_73935.jpeg","datePublished":"2026-03-02T07:46:51+00:00","dateModified":"2026-03-27T17:44:46+00:00","breadcrumb":{"@id":"https:\/\/tourcruiser.com\/de\/products\/adidas-sl72-rs-collegiate-burgundy-mint-ton\/#breadcrumb"},"inLanguage":"de","potentialAction":[{"@type":"ReadAction","target":["https:\/\/tourcruiser.com\/de\/products\/adidas-sl72-rs-collegiate-burgundy-mint-ton\/"]}]},{"@type":"ImageObject","inLanguage":"de","@id":"https:\/\/tourcruiser.com\/de\/products\/adidas-sl72-rs-collegiate-burgundy-mint-ton\/#primaryimage","url":"https:\/\/images.novelship.com\/product\/adidas_sl72_rs__collegiate_burgundy_mint_ton__jr00_0_73935.png;https:\/\/images.novelship.com\/product\/adidas_sl72_rs__collegiate_burgundy_mint_ton__jr00_1_73935.jpeg;https:\/\/images.novelship.com\/product\/adidas_sl72_rs__collegiate_burgundy_mint_ton__jr00_2_73935.jpeg;https:\/\/images.novelship.com\/product\/adidas_sl72_rs__collegiate_burgundy_mint_ton__jr00_3_73935.jpeg","contentUrl":"https:\/\/images.novelship.com\/product\/adidas_sl72_rs__collegiate_burgundy_mint_ton__jr00_0_73935.png;https:\/\/images.novelship.com\/product\/adidas_sl72_rs__collegiate_burgundy_mint_ton__jr00_1_73935.jpeg;https:\/\/images.novelship.com\/product\/adidas_sl72_rs__collegiate_burgundy_mint_ton__jr00_2_73935.jpeg;https:\/\/images.novelship.com\/product\/adidas_sl72_rs__collegiate_burgundy_mint_ton__jr00_3_73935.jpeg"},{"@type":"BreadcrumbList","@id":"https:\/\/tourcruiser.com\/de\/products\/adidas-sl72-rs-collegiate-burgundy-mint-ton\/#breadcrumb","itemListElement":[{"@type":"ListItem","position":1,"name":"Home","item":"https:\/\/tourcruiser.com\/de\/"},{"@type":"ListItem","position":2,"name":"Shop","item":"https:\/\/tourcruiser.com\/de\/shop\/"},{"@type":"ListItem","position":3,"name":"adidas SL72 RS 'Collegiate Burgundy Mint Ton'"}]},{"@type":"WebSite","@id":"https:\/\/tourcruiser.com\/de\/#website","url":"https:\/\/tourcruiser.com\/de\/","name":"Styloral Jewelry Shop","description":"Tourcruiser Sneaker Store \u2014 der Ort, an dem das Universum deine Einzigartigkeit trifft.","publisher":{"@id":"https:\/\/tourcruiser.com\/de\/#organization"},"potentialAction":[{"@type":"SearchAction","target":{"@type":"EntryPoint","urlTemplate":"https:\/\/tourcruiser.com\/de\/?s={search_term_string}"},"query-input":{"@type":"PropertyValueSpecification","valueRequired":true,"valueName":"search_term_string"}}],"inLanguage":"de"},{"@type":"Organization","@id":"https:\/\/tourcruiser.com\/de\/#organization","name":"STYLORAL PTE. LTD","url":"https:\/\/tourcruiser.com\/de\/","logo":{"@type":"ImageObject","inLanguage":"de","@id":"https:\/\/tourcruiser.com\/de\/#\/schema\/logo\/image\/","url":"https:\/\/www.tourcruiser.com\/wp-content\/uploads\/2025\/12\/logo.png","contentUrl":"https:\/\/www.tourcruiser.com\/wp-content\/uploads\/2025\/12\/logo.png","width":200,"height":65,"caption":"STYLORAL PTE. LTD"},"image":{"@id":"https:\/\/tourcruiser.com\/de\/#\/schema\/logo\/image\/"}}]}},"_links":{"self":[{"href":"https:\/\/tourcruiser.com\/de\/wp-json\/wp\/v2\/product\/35451","targetHints":{"allow":["GET"]}}],"collection":[{"href":"https:\/\/tourcruiser.com\/de\/wp-json\/wp\/v2\/product"}],"about":[{"href":"https:\/\/tourcruiser.com\/de\/wp-json\/wp\/v2\/types\/product"}],"replies":[{"embeddable":true,"href":"https:\/\/tourcruiser.com\/de\/wp-json\/wp\/v2\/comments?post=35451"}],"wp:featuredmedia":[{"embeddable":true,"href":"https:\/\/tourcruiser.com\/de\/wp-json\/wp\/v2\/media\/35452"}],"wp:attachment":[{"href":"https:\/\/tourcruiser.com\/de\/wp-json\/wp\/v2\/media?parent=35451"}],"wp:term":[{"taxonomy":"product_brand","embeddable":true,"href":"https:\/\/tourcruiser.com\/de\/wp-json\/wp\/v2\/product_brand?post=35451"},{"taxonomy":"product_cat","embeddable":true,"href":"https:\/\/tourcruiser.com\/de\/wp-json\/wp\/v2\/product_cat?post=35451"},{"taxonomy":"product_tag","embeddable":true,"href":"https:\/\/tourcruiser.com\/de\/wp-json\/wp\/v2\/product_tag?post=35451"}],"curies":[{"name":"wp","href":"https:\/\/api.w.org\/{rel}","templated":true}]}}