{"id":35347,"date":"2026-03-02T14:46:42","date_gmt":"2026-03-02T07:46:42","guid":{"rendered":"http:\/\/tourcruiser.com\/product\/predator-pro-tf"},"modified":"2026-03-28T00:44:41","modified_gmt":"2026-03-27T17:44:41","slug":"predator-pro-tf","status":"publish","type":"product","link":"https:\/\/tourcruiser.com\/de\/products\/predator-pro-tf\/","title":{"rendered":"Predator Pro TF"},"content":{"rendered":"<p>Entfessle dein Spiel mit dem Predator Pro TF ID3764, einem High-Performance-Turf-Fu\u00dfballschuh, der f\u00fcr Pr\u00e4zision und Dominanz in jeder Spielsituation entwickelt wurde. Diese Premium-Schuhe bieten dank ihrer eng anliegenden, adaptiven Passform maximale Stabilit\u00e4t und Komfort auch bei intensiven Spielen. Das innovative Obermaterial aus Hightech-Materialien verbessert Ballkontrolle und Genauigkeit und erm\u00f6glicht dir pr\u00e4zise P\u00e4sse, Sch\u00fcsse und Dribblings mit Leichtigkeit. Die reaktionsfreudige Zwischensohle bietet hervorragende D\u00e4mpfung, reduziert St\u00f6\u00dfe und erh\u00e4lt gleichzeitig deine Agilit\u00e4t \u201d\u201c f\u00fcr optimalen Komfort auch bei langen Spielen. Die spezielle Turf-Au\u00dfensohle sorgt f\u00fcr optimale Traktion und garantiert au\u00dfergew\u00f6hnlichen Grip und schnelle Bewegungen auf Kunstrasen. Elegantes, modernes Design trifft auf funktionale Exzellenz in diesem sorgf\u00e4ltig entwickelten Schuh \u201d\u201c ein Must-have f\u00fcr Freizeitspieler und ambitionierte Sportler gleicherma\u00dfen. Egal ob Training oder Wettkampf, der Predator Pro TF ID3764 ist dein perfekter Partner, um auf dem Spielfeld zu dominieren und die Konkurrenz zu \u00fcberfl\u00fcgeln.<\/p>\n<ul>\n<li><strong>Farbgebung:<\/strong> Lucid Red\/Cloud White\/Core Black<\/li>\n<li><strong>Style-Code:<\/strong> ID3764<\/li>\n<li><strong>Obermaterial:<\/strong> HybridTouch<\/li>\n<li><strong>Zwischensohle:<\/strong> Lightstrike<\/li>\n<li><strong>Farbe:<\/strong> Rot<\/li>\n<\/ul>\n","protected":false},"excerpt":{"rendered":"<p>adidas Predator Pro TF \u201d\u201d Lucid Red\/Cloud White\/Core Black<\/p>\n","protected":false},"featured_media":35348,"comment_status":"open","ping_status":"closed","template":"","meta":[],"product_brand":[],"product_cat":[10760],"product_tag":[10759,10802,10986,10987,10785,10786,12449,10758],"class_list":{"0":"post-35347","1":"product","2":"type-product","3":"status-publish","4":"has-post-thumbnail","6":"product_cat-adidas","7":"product_tag-adidas","8":"product_tag-performance-sport-shoes","9":"product_tag-soccer-shoes","10":"product_tag-soccer-shoes-football-cleats","11":"product_tag-trending-deals","12":"product_tag-trending-deals-under-150","13":"product_tag-turf-tf-football-boots","14":"product_tag-under-retail","15":"wcpa_has_options","17":"first","18":"outofstock","19":"taxable","20":"shipping-taxable","21":"purchasable","22":"product-type-simple"},"wcpa_form_fields":{"rules":{"pric_overide_base_price":false,"pric_overide_base_price_if_gt_zero":false,"pric_overide_base_price_fully":false,"pric_cal_option_once":false,"pric_use_as_fee":false,"bind_quantity":false,"quantity_bind_formula":false},"fields":[{"type":"color-group","required":true,"elementId":"wcpa-color-group-66c4a7f817afe","label":"Gr\u00f6\u00dfe","inline":true,"priceOptions":"different_for_all","pricingType":"fixed","className":"hassizechart product-shoes-size-eu product-shoes-size","name":"color-group-66c4a7f817b18","disp_type":"square","selection_type":"tick-border","disp_size":"50","show_label_inside":true,"adjust_width":true,"cart_display_type":"text","other_text":"Other","cl_rule":"show","col":6,"values":[{"label":"35","value":"EU 35","price":"","pimage":"","pimage_id":"","pthumb":"","color":""},{"label":"35.5","value":"EU 35.5","price":"","pimage":"","pimage_id":"","pthumb":"","color":""},{"label":"36","value":"EU 36","price":"","pimage":"","pimage_id":"","pthumb":"","color":"","selected":true},{"label":"36 2\/3","value":"EU 36 2\/3","price":"","pimage":"","pimage_id":"","pthumb":"","color":""},{"label":"37 1\/3","value":"EU 37 1\/3","price":"","pimage":"","pimage_id":"","pthumb":"","color":""},{"label":"38","value":"EU 38","price":"","pimage":"","pimage_id":"","pthumb":"","color":""},{"label":"38 2\/3","value":"EU 38 2\/3","price":"","pimage":"","pimage_id":"","pthumb":"","color":""},{"label":"39 1\/3","value":"EU 39 1\/3","price":"","pimage":"","pimage_id":"","pthumb":"","color":""},{"label":"40","value":"EU 40","price":"","pimage":"","pimage_id":"","pthumb":"","color":""},{"label":"40 2\/3","value":"EU 40 2\/3","price":"","pimage":"","pimage_id":"","pthumb":"","color":""},{"label":"41 1\/3","value":"EU 41 1\/3","price":"","pimage":"","pimage_id":"","pthumb":"","color":""},{"label":"42","value":"EU 42","price":"","pimage":"","pimage_id":"","pthumb":"","color":""},{"label":"42 2\/3","value":"EU 42 2\/3","price":"","pimage":"","pimage_id":"","pthumb":"","color":""},{"label":"43 1\/3","value":"EU 43 1\/3","price":"","pimage":"","pimage_id":"","pthumb":"","color":""},{"label":"44","value":"EU 44","price":"","pimage":"","pimage_id":"","pthumb":"","color":""},{"label":"44 2\/3","value":"EU 44 2\/3","price":"","pimage":"","pimage_id":"","pthumb":"","color":""},{"label":"45 1\/3","value":"EU 45 1\/3","price":"","pimage":"","pimage_id":"","pthumb":"","color":""},{"label":"46","value":"EU 46","price":"","pimage":"","pimage_id":"","pthumb":"","color":""},{"label":"46 2\/3","value":"EU 46 2\/3","price":"","pimage":"","pimage_id":"","pthumb":"","color":""},{"label":"47 1\/3","value":"EU 47 1\/3","price":"","pimage":"","pimage_id":"","pthumb":"","color":""}],"relations":[{"operator":false,"rules":[]}],"form_id":24802,"form_rules":{"pric_cal_option_once":false,"exclude_from_discount":false,"pric_use_as_fee":false,"fee_label":"Fee","render_after_acb":false,"disp_hide_options_price":false}}]},"yoast_head":"<!-- This site is optimized with the Yoast SEO plugin v26.5 - https:\/\/yoast.com\/wordpress\/plugins\/seo\/ -->\n<title>Predator Pro TF  - Tourcruiser PTE. LTD<\/title>\n<meta name=\"robots\" content=\"index, follow, max-snippet:-1, max-image-preview:large, max-video-preview:-1\" \/>\n<link rel=\"canonical\" href=\"https:\/\/tourcruiser.com\/de\/products\/predator-pro-tf\/\" \/>\n<meta property=\"og:locale\" content=\"de_DE\" \/>\n<meta property=\"og:type\" content=\"article\" \/>\n<meta property=\"og:title\" content=\"Predator Pro TF  - Tourcruiser PTE. LTD\" \/>\n<meta property=\"og:description\" content=\"adidas Predator Pro TF \u201d\u201d Lucid Red\/Cloud White\/Core Black\" \/>\n<meta property=\"og:url\" content=\"https:\/\/tourcruiser.com\/de\/products\/predator-pro-tf\/\" \/>\n<meta property=\"og:site_name\" content=\"Tourcruiser Sneaker Store\" \/>\n<meta property=\"article:modified_time\" content=\"2026-03-27T17:44:41+00:00\" \/>\n<meta name=\"twitter:card\" content=\"summary_large_image\" \/>\n<meta name=\"twitter:image\" content=\"https:\/\/images.novelship.com\/product\/predator_pro_tf_id3764_0_69214.jpeg;https:\/\/images.novelship.com\/product\/predator_pro_tf_id3764_1_69214.jpeg;https:\/\/images.novelship.com\/product\/predator_pro_tf_id3764_2_69214.jpeg;https:\/\/images.novelship.com\/product\/predator_pro_tf_id3764_3_69215.jpeg;https:\/\/images.novelship.com\/product\/predator_pro_tf_id3764_4_69215.jpeg;https:\/\/images.novelship.com\/product\/predator_pro_tf_id3764_5_69215.jpeg;https:\/\/images.novelship.com\/product\/predator_pro_tf_id3764_6_69215.jpeg;https:\/\/images.novelship.com\/product\/predator_pro_tf_id3764_7_69215.jpeg;https:\/\/images.novelship.com\/product\/predator_pro_tf_id3764_8_69215.jpeg;https:\/\/images.novelship.com\/product\/predator_pro_tf_id3764_9_69215.jpeg\" \/>\n<meta name=\"twitter:label1\" content=\"Gesch\u00e4tzte Lesezeit\" \/>\n\t<meta name=\"twitter:data1\" content=\"1\u00a0Minute\" \/>\n<script type=\"application\/ld+json\" class=\"yoast-schema-graph\">{\"@context\":\"https:\/\/schema.org\",\"@graph\":[{\"@type\":\"WebPage\",\"@id\":\"https:\/\/tourcruiser.com\/de\/products\/predator-pro-tf\/\",\"url\":\"https:\/\/tourcruiser.com\/de\/products\/predator-pro-tf\/\",\"name\":\"Predator Pro TF - Tourcruiser PTE. LTD\",\"isPartOf\":{\"@id\":\"https:\/\/tourcruiser.com\/de\/#website\"},\"primaryImageOfPage\":{\"@id\":\"https:\/\/tourcruiser.com\/de\/products\/predator-pro-tf\/#primaryimage\"},\"image\":{\"@id\":\"https:\/\/tourcruiser.com\/de\/products\/predator-pro-tf\/#primaryimage\"},\"thumbnailUrl\":\"https:\/\/images.novelship.com\/product\/predator_pro_tf_id3764_0_69214.jpeg;https:\/\/images.novelship.com\/product\/predator_pro_tf_id3764_1_69214.jpeg;https:\/\/images.novelship.com\/product\/predator_pro_tf_id3764_2_69214.jpeg;https:\/\/images.novelship.com\/product\/predator_pro_tf_id3764_3_69215.jpeg;https:\/\/images.novelship.com\/product\/predator_pro_tf_id3764_4_69215.jpeg;https:\/\/images.novelship.com\/product\/predator_pro_tf_id3764_5_69215.jpeg;https:\/\/images.novelship.com\/product\/predator_pro_tf_id3764_6_69215.jpeg;https:\/\/images.novelship.com\/product\/predator_pro_tf_id3764_7_69215.jpeg;https:\/\/images.novelship.com\/product\/predator_pro_tf_id3764_8_69215.jpeg;https:\/\/images.novelship.com\/product\/predator_pro_tf_id3764_9_69215.jpeg\",\"datePublished\":\"2026-03-02T07:46:42+00:00\",\"dateModified\":\"2026-03-27T17:44:41+00:00\",\"breadcrumb\":{\"@id\":\"https:\/\/tourcruiser.com\/de\/products\/predator-pro-tf\/#breadcrumb\"},\"inLanguage\":\"de\",\"potentialAction\":[{\"@type\":\"ReadAction\",\"target\":[\"https:\/\/tourcruiser.com\/de\/products\/predator-pro-tf\/\"]}]},{\"@type\":\"ImageObject\",\"inLanguage\":\"de\",\"@id\":\"https:\/\/tourcruiser.com\/de\/products\/predator-pro-tf\/#primaryimage\",\"url\":\"https:\/\/images.novelship.com\/product\/predator_pro_tf_id3764_0_69214.jpeg;https:\/\/images.novelship.com\/product\/predator_pro_tf_id3764_1_69214.jpeg;https:\/\/images.novelship.com\/product\/predator_pro_tf_id3764_2_69214.jpeg;https:\/\/images.novelship.com\/product\/predator_pro_tf_id3764_3_69215.jpeg;https:\/\/images.novelship.com\/product\/predator_pro_tf_id3764_4_69215.jpeg;https:\/\/images.novelship.com\/product\/predator_pro_tf_id3764_5_69215.jpeg;https:\/\/images.novelship.com\/product\/predator_pro_tf_id3764_6_69215.jpeg;https:\/\/images.novelship.com\/product\/predator_pro_tf_id3764_7_69215.jpeg;https:\/\/images.novelship.com\/product\/predator_pro_tf_id3764_8_69215.jpeg;https:\/\/images.novelship.com\/product\/predator_pro_tf_id3764_9_69215.jpeg\",\"contentUrl\":\"https:\/\/images.novelship.com\/product\/predator_pro_tf_id3764_0_69214.jpeg;https:\/\/images.novelship.com\/product\/predator_pro_tf_id3764_1_69214.jpeg;https:\/\/images.novelship.com\/product\/predator_pro_tf_id3764_2_69214.jpeg;https:\/\/images.novelship.com\/product\/predator_pro_tf_id3764_3_69215.jpeg;https:\/\/images.novelship.com\/product\/predator_pro_tf_id3764_4_69215.jpeg;https:\/\/images.novelship.com\/product\/predator_pro_tf_id3764_5_69215.jpeg;https:\/\/images.novelship.com\/product\/predator_pro_tf_id3764_6_69215.jpeg;https:\/\/images.novelship.com\/product\/predator_pro_tf_id3764_7_69215.jpeg;https:\/\/images.novelship.com\/product\/predator_pro_tf_id3764_8_69215.jpeg;https:\/\/images.novelship.com\/product\/predator_pro_tf_id3764_9_69215.jpeg\"},{\"@type\":\"BreadcrumbList\",\"@id\":\"https:\/\/tourcruiser.com\/de\/products\/predator-pro-tf\/#breadcrumb\",\"itemListElement\":[{\"@type\":\"ListItem\",\"position\":1,\"name\":\"Home\",\"item\":\"https:\/\/tourcruiser.com\/de\/\"},{\"@type\":\"ListItem\",\"position\":2,\"name\":\"Shop\",\"item\":\"https:\/\/tourcruiser.com\/de\/shop\/\"},{\"@type\":\"ListItem\",\"position\":3,\"name\":\"Predator Pro TF\"}]},{\"@type\":\"WebSite\",\"@id\":\"https:\/\/tourcruiser.com\/de\/#website\",\"url\":\"https:\/\/tourcruiser.com\/de\/\",\"name\":\"Styloral Jewelry Shop\",\"description\":\"Tourcruiser Sneaker Store \u2014 der Ort, an dem das Universum deine Einzigartigkeit trifft.\",\"publisher\":{\"@id\":\"https:\/\/tourcruiser.com\/de\/#organization\"},\"potentialAction\":[{\"@type\":\"SearchAction\",\"target\":{\"@type\":\"EntryPoint\",\"urlTemplate\":\"https:\/\/tourcruiser.com\/de\/?s={search_term_string}\"},\"query-input\":{\"@type\":\"PropertyValueSpecification\",\"valueRequired\":true,\"valueName\":\"search_term_string\"}}],\"inLanguage\":\"de\"},{\"@type\":\"Organization\",\"@id\":\"https:\/\/tourcruiser.com\/de\/#organization\",\"name\":\"STYLORAL PTE. LTD\",\"url\":\"https:\/\/tourcruiser.com\/de\/\",\"logo\":{\"@type\":\"ImageObject\",\"inLanguage\":\"de\",\"@id\":\"https:\/\/tourcruiser.com\/de\/#\/schema\/logo\/image\/\",\"url\":\"https:\/\/www.tourcruiser.com\/wp-content\/uploads\/2025\/12\/logo.png\",\"contentUrl\":\"https:\/\/www.tourcruiser.com\/wp-content\/uploads\/2025\/12\/logo.png\",\"width\":200,\"height\":65,\"caption\":\"STYLORAL PTE. LTD\"},\"image\":{\"@id\":\"https:\/\/tourcruiser.com\/de\/#\/schema\/logo\/image\/\"}}]}<\/script>\n<!-- \/ Yoast SEO plugin. -->","yoast_head_json":{"title":"Predator Pro TF  - Tourcruiser PTE. LTD","robots":{"index":"index","follow":"follow","max-snippet":"max-snippet:-1","max-image-preview":"max-image-preview:large","max-video-preview":"max-video-preview:-1"},"canonical":"https:\/\/tourcruiser.com\/de\/products\/predator-pro-tf\/","og_locale":"de_DE","og_type":"article","og_title":"Predator Pro TF  - Tourcruiser PTE. LTD","og_description":"adidas Predator Pro TF \u201d\u201d Lucid Red\/Cloud White\/Core Black","og_url":"https:\/\/tourcruiser.com\/de\/products\/predator-pro-tf\/","og_site_name":"Tourcruiser Sneaker Store","article_modified_time":"2026-03-27T17:44:41+00:00","twitter_card":"summary_large_image","twitter_image":"https:\/\/images.novelship.com\/product\/predator_pro_tf_id3764_0_69214.jpeg;https:\/\/images.novelship.com\/product\/predator_pro_tf_id3764_1_69214.jpeg;https:\/\/images.novelship.com\/product\/predator_pro_tf_id3764_2_69214.jpeg;https:\/\/images.novelship.com\/product\/predator_pro_tf_id3764_3_69215.jpeg;https:\/\/images.novelship.com\/product\/predator_pro_tf_id3764_4_69215.jpeg;https:\/\/images.novelship.com\/product\/predator_pro_tf_id3764_5_69215.jpeg;https:\/\/images.novelship.com\/product\/predator_pro_tf_id3764_6_69215.jpeg;https:\/\/images.novelship.com\/product\/predator_pro_tf_id3764_7_69215.jpeg;https:\/\/images.novelship.com\/product\/predator_pro_tf_id3764_8_69215.jpeg;https:\/\/images.novelship.com\/product\/predator_pro_tf_id3764_9_69215.jpeg","twitter_misc":{"Gesch\u00e4tzte Lesezeit":"1\u00a0Minute"},"schema":{"@context":"https:\/\/schema.org","@graph":[{"@type":"WebPage","@id":"https:\/\/tourcruiser.com\/de\/products\/predator-pro-tf\/","url":"https:\/\/tourcruiser.com\/de\/products\/predator-pro-tf\/","name":"Predator Pro TF - Tourcruiser PTE. LTD","isPartOf":{"@id":"https:\/\/tourcruiser.com\/de\/#website"},"primaryImageOfPage":{"@id":"https:\/\/tourcruiser.com\/de\/products\/predator-pro-tf\/#primaryimage"},"image":{"@id":"https:\/\/tourcruiser.com\/de\/products\/predator-pro-tf\/#primaryimage"},"thumbnailUrl":"https:\/\/images.novelship.com\/product\/predator_pro_tf_id3764_0_69214.jpeg;https:\/\/images.novelship.com\/product\/predator_pro_tf_id3764_1_69214.jpeg;https:\/\/images.novelship.com\/product\/predator_pro_tf_id3764_2_69214.jpeg;https:\/\/images.novelship.com\/product\/predator_pro_tf_id3764_3_69215.jpeg;https:\/\/images.novelship.com\/product\/predator_pro_tf_id3764_4_69215.jpeg;https:\/\/images.novelship.com\/product\/predator_pro_tf_id3764_5_69215.jpeg;https:\/\/images.novelship.com\/product\/predator_pro_tf_id3764_6_69215.jpeg;https:\/\/images.novelship.com\/product\/predator_pro_tf_id3764_7_69215.jpeg;https:\/\/images.novelship.com\/product\/predator_pro_tf_id3764_8_69215.jpeg;https:\/\/images.novelship.com\/product\/predator_pro_tf_id3764_9_69215.jpeg","datePublished":"2026-03-02T07:46:42+00:00","dateModified":"2026-03-27T17:44:41+00:00","breadcrumb":{"@id":"https:\/\/tourcruiser.com\/de\/products\/predator-pro-tf\/#breadcrumb"},"inLanguage":"de","potentialAction":[{"@type":"ReadAction","target":["https:\/\/tourcruiser.com\/de\/products\/predator-pro-tf\/"]}]},{"@type":"ImageObject","inLanguage":"de","@id":"https:\/\/tourcruiser.com\/de\/products\/predator-pro-tf\/#primaryimage","url":"https:\/\/images.novelship.com\/product\/predator_pro_tf_id3764_0_69214.jpeg;https:\/\/images.novelship.com\/product\/predator_pro_tf_id3764_1_69214.jpeg;https:\/\/images.novelship.com\/product\/predator_pro_tf_id3764_2_69214.jpeg;https:\/\/images.novelship.com\/product\/predator_pro_tf_id3764_3_69215.jpeg;https:\/\/images.novelship.com\/product\/predator_pro_tf_id3764_4_69215.jpeg;https:\/\/images.novelship.com\/product\/predator_pro_tf_id3764_5_69215.jpeg;https:\/\/images.novelship.com\/product\/predator_pro_tf_id3764_6_69215.jpeg;https:\/\/images.novelship.com\/product\/predator_pro_tf_id3764_7_69215.jpeg;https:\/\/images.novelship.com\/product\/predator_pro_tf_id3764_8_69215.jpeg;https:\/\/images.novelship.com\/product\/predator_pro_tf_id3764_9_69215.jpeg","contentUrl":"https:\/\/images.novelship.com\/product\/predator_pro_tf_id3764_0_69214.jpeg;https:\/\/images.novelship.com\/product\/predator_pro_tf_id3764_1_69214.jpeg;https:\/\/images.novelship.com\/product\/predator_pro_tf_id3764_2_69214.jpeg;https:\/\/images.novelship.com\/product\/predator_pro_tf_id3764_3_69215.jpeg;https:\/\/images.novelship.com\/product\/predator_pro_tf_id3764_4_69215.jpeg;https:\/\/images.novelship.com\/product\/predator_pro_tf_id3764_5_69215.jpeg;https:\/\/images.novelship.com\/product\/predator_pro_tf_id3764_6_69215.jpeg;https:\/\/images.novelship.com\/product\/predator_pro_tf_id3764_7_69215.jpeg;https:\/\/images.novelship.com\/product\/predator_pro_tf_id3764_8_69215.jpeg;https:\/\/images.novelship.com\/product\/predator_pro_tf_id3764_9_69215.jpeg"},{"@type":"BreadcrumbList","@id":"https:\/\/tourcruiser.com\/de\/products\/predator-pro-tf\/#breadcrumb","itemListElement":[{"@type":"ListItem","position":1,"name":"Home","item":"https:\/\/tourcruiser.com\/de\/"},{"@type":"ListItem","position":2,"name":"Shop","item":"https:\/\/tourcruiser.com\/de\/shop\/"},{"@type":"ListItem","position":3,"name":"Predator Pro TF"}]},{"@type":"WebSite","@id":"https:\/\/tourcruiser.com\/de\/#website","url":"https:\/\/tourcruiser.com\/de\/","name":"Styloral Jewelry Shop","description":"Tourcruiser Sneaker Store \u2014 der Ort, an dem das Universum deine Einzigartigkeit trifft.","publisher":{"@id":"https:\/\/tourcruiser.com\/de\/#organization"},"potentialAction":[{"@type":"SearchAction","target":{"@type":"EntryPoint","urlTemplate":"https:\/\/tourcruiser.com\/de\/?s={search_term_string}"},"query-input":{"@type":"PropertyValueSpecification","valueRequired":true,"valueName":"search_term_string"}}],"inLanguage":"de"},{"@type":"Organization","@id":"https:\/\/tourcruiser.com\/de\/#organization","name":"STYLORAL PTE. LTD","url":"https:\/\/tourcruiser.com\/de\/","logo":{"@type":"ImageObject","inLanguage":"de","@id":"https:\/\/tourcruiser.com\/de\/#\/schema\/logo\/image\/","url":"https:\/\/www.tourcruiser.com\/wp-content\/uploads\/2025\/12\/logo.png","contentUrl":"https:\/\/www.tourcruiser.com\/wp-content\/uploads\/2025\/12\/logo.png","width":200,"height":65,"caption":"STYLORAL PTE. LTD"},"image":{"@id":"https:\/\/tourcruiser.com\/de\/#\/schema\/logo\/image\/"}}]}},"_links":{"self":[{"href":"https:\/\/tourcruiser.com\/de\/wp-json\/wp\/v2\/product\/35347","targetHints":{"allow":["GET"]}}],"collection":[{"href":"https:\/\/tourcruiser.com\/de\/wp-json\/wp\/v2\/product"}],"about":[{"href":"https:\/\/tourcruiser.com\/de\/wp-json\/wp\/v2\/types\/product"}],"replies":[{"embeddable":true,"href":"https:\/\/tourcruiser.com\/de\/wp-json\/wp\/v2\/comments?post=35347"}],"wp:featuredmedia":[{"embeddable":true,"href":"https:\/\/tourcruiser.com\/de\/wp-json\/wp\/v2\/media\/35348"}],"wp:attachment":[{"href":"https:\/\/tourcruiser.com\/de\/wp-json\/wp\/v2\/media?parent=35347"}],"wp:term":[{"taxonomy":"product_brand","embeddable":true,"href":"https:\/\/tourcruiser.com\/de\/wp-json\/wp\/v2\/product_brand?post=35347"},{"taxonomy":"product_cat","embeddable":true,"href":"https:\/\/tourcruiser.com\/de\/wp-json\/wp\/v2\/product_cat?post=35347"},{"taxonomy":"product_tag","embeddable":true,"href":"https:\/\/tourcruiser.com\/de\/wp-json\/wp\/v2\/product_tag?post=35347"}],"curies":[{"name":"wp","href":"https:\/\/api.w.org\/{rel}","templated":true}]}}