{"id":34826,"date":"2026-03-02T14:45:56","date_gmt":"2026-03-02T07:45:56","guid":{"rendered":"http:\/\/tourcruiser.com\/product\/nike-air-max-90-g-golf-shoes"},"modified":"2026-03-28T00:44:20","modified_gmt":"2026-03-27T17:44:20","slug":"nike-air-max-90-g-golf-shoes","status":"publish","type":"product","link":"https:\/\/tourcruiser.com\/de\/products\/nike-air-max-90-g-golf-shoes\/","title":{"rendered":"Nike Air Max 90 G Golf Shoes"},"content":{"rendered":"<p>Mit den Nike Air Max 90 G Golfschuhen HV9305-102 betreten Sie den Golfplatz mit Stil und Leistung \u201d\u201c die perfekte Kombination aus ikonischem Design und modernster Funktionalit\u00e4t. Inspiriert von der zeitlosen Silhouette des originalen Air Max 90, sorgen diese Golfschuhe daf\u00fcr, dass Sie auf dem Gr\u00fcn genauso gut aussehen wie daneben. Die Max Air-D\u00e4mpfung bietet reaktionsfreudige Unterst\u00fctzung bei jedem Schritt und reduziert Erm\u00fcdungserscheinungen bei langen Runden.<\/p>\n<p>Der Sneaker zeichnet sich durch seine leichte und dennoch robuste Konstruktion aus. Das integrierte Traktionsmuster der Au\u00dfensohle bietet au\u00dfergew\u00f6hnlichen Grip auf unterschiedlichem Terrain. Das wasserdichte Obermaterial h\u00e4lt Ihre F\u00fc\u00dfe auch bei feuchten Bedingungen trocken, sodass Sie sich voll und ganz auf Ihr Spiel konzentrieren k\u00f6nnen. Dank der formgebenden Innenausstattung und atmungsaktiven Materialien bieten diese Golfschuhe ganzt\u00e4gigen Komfort und Stabilit\u00e4t.<\/p>\n<p>Ob passionierter Golfer oder Gelegenheitsspieler \u201d\u201c die Nike Air Max 90 G Golfschuhe bieten unvergleichlichen Stil und Leistung f\u00fcr jedes Spielniveau. Verbessere dein Spiel mit diesem modernen Klassiker, der Tradition und Innovation vereint.<\/p>\n<ul>\n<li><strong>Farbgebung:<\/strong> Wei\u00df\/Schwarz<\/li>\n<li><strong>Artikelnummer:<\/strong> HV9305-102<\/li>\n<li><strong>Obermaterial:<\/strong> Synthetik<\/li>\n<li><strong>Zwischensohle:<\/strong> Air<\/li>\n<li><strong>Farbe:<\/strong> Wei\u00df<\/li>\n<li><strong>Designer:<\/strong> Tinker Hatfield<\/li>\n<\/ul>\n","protected":false},"excerpt":{"rendered":"<p>Nike Air Max 90 G \u201d\u201d White\/Black<\/p>\n","protected":false},"featured_media":34827,"comment_status":"open","ping_status":"closed","template":"","meta":[],"product_brand":[],"product_cat":[10803],"product_tag":[10799,10800,11042,10754,10801,10802,10758],"class_list":{"0":"post-34826","1":"product","2":"type-product","3":"status-publish","4":"has-post-thumbnail","6":"product_cat-nike","7":"product_tag-ankle-support-basketball-shoes","8":"product_tag-basketball-shoes","9":"product_tag-golf-shoes","10":"product_tag-lifestyle-casual-shoes","11":"product_tag-nike","12":"product_tag-performance-sport-shoes","13":"product_tag-under-retail","14":"wcpa_has_options","16":"first","17":"outofstock","18":"sale","19":"taxable","20":"shipping-taxable","21":"purchasable","22":"product-type-simple"},"wcpa_form_fields":{"rules":{"pric_overide_base_price":false,"pric_overide_base_price_if_gt_zero":false,"pric_overide_base_price_fully":false,"pric_cal_option_once":false,"pric_use_as_fee":false,"bind_quantity":false,"quantity_bind_formula":false},"fields":[{"type":"color-group","required":true,"elementId":"wcpa-color-group-66c4a75505e74","label":"Gr\u00f6\u00dfe - EU Gr\u00f6\u00dfe","inline":true,"priceOptions":"different_for_all","pricingType":"fixed","className":"hassizechart product-shoes-size-eu product-shoes-size","name":"color-group-66c4a75505e89","disp_type":"square","selection_type":"tick-border","disp_size":"44","show_label_inside":true,"adjust_width":true,"cart_display_type":"text","other_text":"Other","cl_rule":"show","col":6,"values":[{"label":"35.5","value":"EU 35.5","price":"","pimage":"","pimage_id":"","pthumb":"","color":""},{"label":"36","value":"EU 36","price":"","pimage":"","pimage_id":"","pthumb":"","color":"","selected":true},{"label":"36.5","value":"EU 36.5","price":"","pimage":"","pimage_id":"","pthumb":"","color":""},{"label":"37.5","value":"EU 37.5","price":"","pimage":"","pimage_id":"","pthumb":"","color":""},{"label":"38","value":"EU 38","price":"","pimage":"","pimage_id":"","pthumb":"","color":""},{"label":"38.5","value":"EU 38.5","price":"","pimage":"","pimage_id":"","pthumb":"","color":""},{"label":"39","value":"EU 39","price":"","pimage":"","pimage_id":"","pthumb":"","color":""},{"label":"40","value":"EU 40","price":"","pimage":"","pimage_id":"","pthumb":"","color":""},{"label":"40.5","value":"EU 40.5","price":"","pimage":"","pimage_id":"","pthumb":"","color":""},{"label":"41","value":"EU 41","price":"","pimage":"","pimage_id":"","pthumb":"","color":""},{"label":"42","value":"EU 42","price":"","pimage":"","pimage_id":"","pthumb":"","color":""},{"label":"42.5","value":"EU 42.5","price":"","pimage":"","pimage_id":"","pthumb":"","color":""},{"label":"43","value":"EU 43","price":"","pimage":"","pimage_id":"","pthumb":"","color":""},{"label":"44","value":"EU 44","price":"","pimage":"","pimage_id":"","pthumb":"","color":""},{"label":"44.5","value":"EU 44.5","price":"","pimage":"","pimage_id":"","pthumb":"","color":""},{"label":"45","value":"EU 45","price":"","pimage":"","pimage_id":"","pthumb":"","color":""},{"label":"45.5","value":"EU 45.5","price":"","pimage":"","pimage_id":"","pthumb":"","color":""},{"label":"46","value":"EU 46","price":"","pimage":"","pimage_id":"","pthumb":"","color":""},{"label":"47","value":"EU 47","price":"","pimage":"","pimage_id":"","pthumb":"","color":""},{"label":"47.5","value":"EU 47.5","price":"","pimage":"","pimage_id":"","pthumb":"","color":""},{"label":"48","value":"EU 48","price":"","pimage":"","pimage_id":"","pthumb":"","color":""}],"relations":[{"operator":false,"rules":[]}],"form_id":18106,"form_rules":{"pric_cal_option_once":false,"exclude_from_discount":false,"pric_use_as_fee":false,"fee_label":"Fee","render_after_acb":false,"disp_hide_options_price":false}}]},"yoast_head":"<!-- This site is optimized with the Yoast SEO plugin v26.5 - https:\/\/yoast.com\/wordpress\/plugins\/seo\/ -->\n<title>Nike Air Max 90 G Golf Shoes  - Tourcruiser PTE. LTD<\/title>\n<meta name=\"robots\" content=\"index, follow, max-snippet:-1, max-image-preview:large, max-video-preview:-1\" \/>\n<link rel=\"canonical\" href=\"https:\/\/tourcruiser.com\/de\/products\/nike-air-max-90-g-golf-shoes\/\" \/>\n<meta property=\"og:locale\" content=\"de_DE\" \/>\n<meta property=\"og:type\" content=\"article\" \/>\n<meta property=\"og:title\" content=\"Nike Air Max 90 G Golf Shoes  - Tourcruiser PTE. LTD\" \/>\n<meta property=\"og:description\" content=\"Nike Air Max 90 G \u201d\u201d White\/Black\" \/>\n<meta property=\"og:url\" content=\"https:\/\/tourcruiser.com\/de\/products\/nike-air-max-90-g-golf-shoes\/\" \/>\n<meta property=\"og:site_name\" content=\"Tourcruiser Sneaker Store\" \/>\n<meta property=\"article:modified_time\" content=\"2026-03-27T17:44:20+00:00\" \/>\n<meta name=\"twitter:card\" content=\"summary_large_image\" \/>\n<meta name=\"twitter:image\" content=\"https:\/\/images.novelship.com\/product\/nike_air_max_90_g_golf_shoes_hv9305-102_0_25113.jpeg;https:\/\/images.novelship.com\/product\/nike_air_max_90_g_golf_shoes_hv9305-102_1_25113.jpeg;https:\/\/images.novelship.com\/product\/nike_air_max_90_g_golf_shoes_hv9305-102_2_25113.jpeg;https:\/\/images.novelship.com\/product\/nike_air_max_90_g_golf_shoes_hv9305-102_3_25113.jpeg;https:\/\/images.novelship.com\/product\/nike_air_max_90_g_golf_shoes_hv9305-102_4_25113.jpeg;https:\/\/images.novelship.com\/product\/nike_air_max_90_g_golf_shoes_hv9305-102_5_25113.jpeg;https:\/\/images.novelship.com\/product\/nike_air_max_90_g_golf_shoes_hv9305-102_6_25113.jpeg;https:\/\/images.novelship.com\/product\/nike_air_max_90_g_golf_shoes_hv9305-102_7_25113.jpeg\" \/>\n<meta name=\"twitter:label1\" content=\"Gesch\u00e4tzte Lesezeit\" \/>\n\t<meta name=\"twitter:data1\" content=\"1\u00a0Minute\" \/>\n<script type=\"application\/ld+json\" class=\"yoast-schema-graph\">{\"@context\":\"https:\/\/schema.org\",\"@graph\":[{\"@type\":\"WebPage\",\"@id\":\"https:\/\/tourcruiser.com\/de\/products\/nike-air-max-90-g-golf-shoes\/\",\"url\":\"https:\/\/tourcruiser.com\/de\/products\/nike-air-max-90-g-golf-shoes\/\",\"name\":\"Nike Air Max 90 G Golf Shoes - Tourcruiser PTE. LTD\",\"isPartOf\":{\"@id\":\"https:\/\/tourcruiser.com\/de\/#website\"},\"primaryImageOfPage\":{\"@id\":\"https:\/\/tourcruiser.com\/de\/products\/nike-air-max-90-g-golf-shoes\/#primaryimage\"},\"image\":{\"@id\":\"https:\/\/tourcruiser.com\/de\/products\/nike-air-max-90-g-golf-shoes\/#primaryimage\"},\"thumbnailUrl\":\"https:\/\/images.novelship.com\/product\/nike_air_max_90_g_golf_shoes_hv9305-102_0_25113.jpeg;https:\/\/images.novelship.com\/product\/nike_air_max_90_g_golf_shoes_hv9305-102_1_25113.jpeg;https:\/\/images.novelship.com\/product\/nike_air_max_90_g_golf_shoes_hv9305-102_2_25113.jpeg;https:\/\/images.novelship.com\/product\/nike_air_max_90_g_golf_shoes_hv9305-102_3_25113.jpeg;https:\/\/images.novelship.com\/product\/nike_air_max_90_g_golf_shoes_hv9305-102_4_25113.jpeg;https:\/\/images.novelship.com\/product\/nike_air_max_90_g_golf_shoes_hv9305-102_5_25113.jpeg;https:\/\/images.novelship.com\/product\/nike_air_max_90_g_golf_shoes_hv9305-102_6_25113.jpeg;https:\/\/images.novelship.com\/product\/nike_air_max_90_g_golf_shoes_hv9305-102_7_25113.jpeg\",\"datePublished\":\"2026-03-02T07:45:56+00:00\",\"dateModified\":\"2026-03-27T17:44:20+00:00\",\"breadcrumb\":{\"@id\":\"https:\/\/tourcruiser.com\/de\/products\/nike-air-max-90-g-golf-shoes\/#breadcrumb\"},\"inLanguage\":\"de\",\"potentialAction\":[{\"@type\":\"ReadAction\",\"target\":[\"https:\/\/tourcruiser.com\/de\/products\/nike-air-max-90-g-golf-shoes\/\"]}]},{\"@type\":\"ImageObject\",\"inLanguage\":\"de\",\"@id\":\"https:\/\/tourcruiser.com\/de\/products\/nike-air-max-90-g-golf-shoes\/#primaryimage\",\"url\":\"https:\/\/images.novelship.com\/product\/nike_air_max_90_g_golf_shoes_hv9305-102_0_25113.jpeg;https:\/\/images.novelship.com\/product\/nike_air_max_90_g_golf_shoes_hv9305-102_1_25113.jpeg;https:\/\/images.novelship.com\/product\/nike_air_max_90_g_golf_shoes_hv9305-102_2_25113.jpeg;https:\/\/images.novelship.com\/product\/nike_air_max_90_g_golf_shoes_hv9305-102_3_25113.jpeg;https:\/\/images.novelship.com\/product\/nike_air_max_90_g_golf_shoes_hv9305-102_4_25113.jpeg;https:\/\/images.novelship.com\/product\/nike_air_max_90_g_golf_shoes_hv9305-102_5_25113.jpeg;https:\/\/images.novelship.com\/product\/nike_air_max_90_g_golf_shoes_hv9305-102_6_25113.jpeg;https:\/\/images.novelship.com\/product\/nike_air_max_90_g_golf_shoes_hv9305-102_7_25113.jpeg\",\"contentUrl\":\"https:\/\/images.novelship.com\/product\/nike_air_max_90_g_golf_shoes_hv9305-102_0_25113.jpeg;https:\/\/images.novelship.com\/product\/nike_air_max_90_g_golf_shoes_hv9305-102_1_25113.jpeg;https:\/\/images.novelship.com\/product\/nike_air_max_90_g_golf_shoes_hv9305-102_2_25113.jpeg;https:\/\/images.novelship.com\/product\/nike_air_max_90_g_golf_shoes_hv9305-102_3_25113.jpeg;https:\/\/images.novelship.com\/product\/nike_air_max_90_g_golf_shoes_hv9305-102_4_25113.jpeg;https:\/\/images.novelship.com\/product\/nike_air_max_90_g_golf_shoes_hv9305-102_5_25113.jpeg;https:\/\/images.novelship.com\/product\/nike_air_max_90_g_golf_shoes_hv9305-102_6_25113.jpeg;https:\/\/images.novelship.com\/product\/nike_air_max_90_g_golf_shoes_hv9305-102_7_25113.jpeg\"},{\"@type\":\"BreadcrumbList\",\"@id\":\"https:\/\/tourcruiser.com\/de\/products\/nike-air-max-90-g-golf-shoes\/#breadcrumb\",\"itemListElement\":[{\"@type\":\"ListItem\",\"position\":1,\"name\":\"Home\",\"item\":\"https:\/\/tourcruiser.com\/de\/\"},{\"@type\":\"ListItem\",\"position\":2,\"name\":\"Shop\",\"item\":\"https:\/\/tourcruiser.com\/de\/shop\/\"},{\"@type\":\"ListItem\",\"position\":3,\"name\":\"Nike Air Max 90 G Golf Shoes\"}]},{\"@type\":\"WebSite\",\"@id\":\"https:\/\/tourcruiser.com\/de\/#website\",\"url\":\"https:\/\/tourcruiser.com\/de\/\",\"name\":\"Styloral Jewelry Shop\",\"description\":\"Tourcruiser Sneaker Store \u2014 der Ort, an dem das Universum deine Einzigartigkeit trifft.\",\"publisher\":{\"@id\":\"https:\/\/tourcruiser.com\/de\/#organization\"},\"potentialAction\":[{\"@type\":\"SearchAction\",\"target\":{\"@type\":\"EntryPoint\",\"urlTemplate\":\"https:\/\/tourcruiser.com\/de\/?s={search_term_string}\"},\"query-input\":{\"@type\":\"PropertyValueSpecification\",\"valueRequired\":true,\"valueName\":\"search_term_string\"}}],\"inLanguage\":\"de\"},{\"@type\":\"Organization\",\"@id\":\"https:\/\/tourcruiser.com\/de\/#organization\",\"name\":\"STYLORAL PTE. LTD\",\"url\":\"https:\/\/tourcruiser.com\/de\/\",\"logo\":{\"@type\":\"ImageObject\",\"inLanguage\":\"de\",\"@id\":\"https:\/\/tourcruiser.com\/de\/#\/schema\/logo\/image\/\",\"url\":\"https:\/\/www.tourcruiser.com\/wp-content\/uploads\/2025\/12\/logo.png\",\"contentUrl\":\"https:\/\/www.tourcruiser.com\/wp-content\/uploads\/2025\/12\/logo.png\",\"width\":200,\"height\":65,\"caption\":\"STYLORAL PTE. LTD\"},\"image\":{\"@id\":\"https:\/\/tourcruiser.com\/de\/#\/schema\/logo\/image\/\"}}]}<\/script>\n<!-- \/ Yoast SEO plugin. -->","yoast_head_json":{"title":"Nike Air Max 90 G Golf Shoes  - Tourcruiser PTE. LTD","robots":{"index":"index","follow":"follow","max-snippet":"max-snippet:-1","max-image-preview":"max-image-preview:large","max-video-preview":"max-video-preview:-1"},"canonical":"https:\/\/tourcruiser.com\/de\/products\/nike-air-max-90-g-golf-shoes\/","og_locale":"de_DE","og_type":"article","og_title":"Nike Air Max 90 G Golf Shoes  - Tourcruiser PTE. LTD","og_description":"Nike Air Max 90 G \u201d\u201d White\/Black","og_url":"https:\/\/tourcruiser.com\/de\/products\/nike-air-max-90-g-golf-shoes\/","og_site_name":"Tourcruiser Sneaker Store","article_modified_time":"2026-03-27T17:44:20+00:00","twitter_card":"summary_large_image","twitter_image":"https:\/\/images.novelship.com\/product\/nike_air_max_90_g_golf_shoes_hv9305-102_0_25113.jpeg;https:\/\/images.novelship.com\/product\/nike_air_max_90_g_golf_shoes_hv9305-102_1_25113.jpeg;https:\/\/images.novelship.com\/product\/nike_air_max_90_g_golf_shoes_hv9305-102_2_25113.jpeg;https:\/\/images.novelship.com\/product\/nike_air_max_90_g_golf_shoes_hv9305-102_3_25113.jpeg;https:\/\/images.novelship.com\/product\/nike_air_max_90_g_golf_shoes_hv9305-102_4_25113.jpeg;https:\/\/images.novelship.com\/product\/nike_air_max_90_g_golf_shoes_hv9305-102_5_25113.jpeg;https:\/\/images.novelship.com\/product\/nike_air_max_90_g_golf_shoes_hv9305-102_6_25113.jpeg;https:\/\/images.novelship.com\/product\/nike_air_max_90_g_golf_shoes_hv9305-102_7_25113.jpeg","twitter_misc":{"Gesch\u00e4tzte Lesezeit":"1\u00a0Minute"},"schema":{"@context":"https:\/\/schema.org","@graph":[{"@type":"WebPage","@id":"https:\/\/tourcruiser.com\/de\/products\/nike-air-max-90-g-golf-shoes\/","url":"https:\/\/tourcruiser.com\/de\/products\/nike-air-max-90-g-golf-shoes\/","name":"Nike Air Max 90 G Golf Shoes - Tourcruiser PTE. LTD","isPartOf":{"@id":"https:\/\/tourcruiser.com\/de\/#website"},"primaryImageOfPage":{"@id":"https:\/\/tourcruiser.com\/de\/products\/nike-air-max-90-g-golf-shoes\/#primaryimage"},"image":{"@id":"https:\/\/tourcruiser.com\/de\/products\/nike-air-max-90-g-golf-shoes\/#primaryimage"},"thumbnailUrl":"https:\/\/images.novelship.com\/product\/nike_air_max_90_g_golf_shoes_hv9305-102_0_25113.jpeg;https:\/\/images.novelship.com\/product\/nike_air_max_90_g_golf_shoes_hv9305-102_1_25113.jpeg;https:\/\/images.novelship.com\/product\/nike_air_max_90_g_golf_shoes_hv9305-102_2_25113.jpeg;https:\/\/images.novelship.com\/product\/nike_air_max_90_g_golf_shoes_hv9305-102_3_25113.jpeg;https:\/\/images.novelship.com\/product\/nike_air_max_90_g_golf_shoes_hv9305-102_4_25113.jpeg;https:\/\/images.novelship.com\/product\/nike_air_max_90_g_golf_shoes_hv9305-102_5_25113.jpeg;https:\/\/images.novelship.com\/product\/nike_air_max_90_g_golf_shoes_hv9305-102_6_25113.jpeg;https:\/\/images.novelship.com\/product\/nike_air_max_90_g_golf_shoes_hv9305-102_7_25113.jpeg","datePublished":"2026-03-02T07:45:56+00:00","dateModified":"2026-03-27T17:44:20+00:00","breadcrumb":{"@id":"https:\/\/tourcruiser.com\/de\/products\/nike-air-max-90-g-golf-shoes\/#breadcrumb"},"inLanguage":"de","potentialAction":[{"@type":"ReadAction","target":["https:\/\/tourcruiser.com\/de\/products\/nike-air-max-90-g-golf-shoes\/"]}]},{"@type":"ImageObject","inLanguage":"de","@id":"https:\/\/tourcruiser.com\/de\/products\/nike-air-max-90-g-golf-shoes\/#primaryimage","url":"https:\/\/images.novelship.com\/product\/nike_air_max_90_g_golf_shoes_hv9305-102_0_25113.jpeg;https:\/\/images.novelship.com\/product\/nike_air_max_90_g_golf_shoes_hv9305-102_1_25113.jpeg;https:\/\/images.novelship.com\/product\/nike_air_max_90_g_golf_shoes_hv9305-102_2_25113.jpeg;https:\/\/images.novelship.com\/product\/nike_air_max_90_g_golf_shoes_hv9305-102_3_25113.jpeg;https:\/\/images.novelship.com\/product\/nike_air_max_90_g_golf_shoes_hv9305-102_4_25113.jpeg;https:\/\/images.novelship.com\/product\/nike_air_max_90_g_golf_shoes_hv9305-102_5_25113.jpeg;https:\/\/images.novelship.com\/product\/nike_air_max_90_g_golf_shoes_hv9305-102_6_25113.jpeg;https:\/\/images.novelship.com\/product\/nike_air_max_90_g_golf_shoes_hv9305-102_7_25113.jpeg","contentUrl":"https:\/\/images.novelship.com\/product\/nike_air_max_90_g_golf_shoes_hv9305-102_0_25113.jpeg;https:\/\/images.novelship.com\/product\/nike_air_max_90_g_golf_shoes_hv9305-102_1_25113.jpeg;https:\/\/images.novelship.com\/product\/nike_air_max_90_g_golf_shoes_hv9305-102_2_25113.jpeg;https:\/\/images.novelship.com\/product\/nike_air_max_90_g_golf_shoes_hv9305-102_3_25113.jpeg;https:\/\/images.novelship.com\/product\/nike_air_max_90_g_golf_shoes_hv9305-102_4_25113.jpeg;https:\/\/images.novelship.com\/product\/nike_air_max_90_g_golf_shoes_hv9305-102_5_25113.jpeg;https:\/\/images.novelship.com\/product\/nike_air_max_90_g_golf_shoes_hv9305-102_6_25113.jpeg;https:\/\/images.novelship.com\/product\/nike_air_max_90_g_golf_shoes_hv9305-102_7_25113.jpeg"},{"@type":"BreadcrumbList","@id":"https:\/\/tourcruiser.com\/de\/products\/nike-air-max-90-g-golf-shoes\/#breadcrumb","itemListElement":[{"@type":"ListItem","position":1,"name":"Home","item":"https:\/\/tourcruiser.com\/de\/"},{"@type":"ListItem","position":2,"name":"Shop","item":"https:\/\/tourcruiser.com\/de\/shop\/"},{"@type":"ListItem","position":3,"name":"Nike Air Max 90 G Golf Shoes"}]},{"@type":"WebSite","@id":"https:\/\/tourcruiser.com\/de\/#website","url":"https:\/\/tourcruiser.com\/de\/","name":"Styloral Jewelry Shop","description":"Tourcruiser Sneaker Store \u2014 der Ort, an dem das Universum deine Einzigartigkeit trifft.","publisher":{"@id":"https:\/\/tourcruiser.com\/de\/#organization"},"potentialAction":[{"@type":"SearchAction","target":{"@type":"EntryPoint","urlTemplate":"https:\/\/tourcruiser.com\/de\/?s={search_term_string}"},"query-input":{"@type":"PropertyValueSpecification","valueRequired":true,"valueName":"search_term_string"}}],"inLanguage":"de"},{"@type":"Organization","@id":"https:\/\/tourcruiser.com\/de\/#organization","name":"STYLORAL PTE. LTD","url":"https:\/\/tourcruiser.com\/de\/","logo":{"@type":"ImageObject","inLanguage":"de","@id":"https:\/\/tourcruiser.com\/de\/#\/schema\/logo\/image\/","url":"https:\/\/www.tourcruiser.com\/wp-content\/uploads\/2025\/12\/logo.png","contentUrl":"https:\/\/www.tourcruiser.com\/wp-content\/uploads\/2025\/12\/logo.png","width":200,"height":65,"caption":"STYLORAL PTE. LTD"},"image":{"@id":"https:\/\/tourcruiser.com\/de\/#\/schema\/logo\/image\/"}}]}},"_links":{"self":[{"href":"https:\/\/tourcruiser.com\/de\/wp-json\/wp\/v2\/product\/34826","targetHints":{"allow":["GET"]}}],"collection":[{"href":"https:\/\/tourcruiser.com\/de\/wp-json\/wp\/v2\/product"}],"about":[{"href":"https:\/\/tourcruiser.com\/de\/wp-json\/wp\/v2\/types\/product"}],"replies":[{"embeddable":true,"href":"https:\/\/tourcruiser.com\/de\/wp-json\/wp\/v2\/comments?post=34826"}],"wp:featuredmedia":[{"embeddable":true,"href":"https:\/\/tourcruiser.com\/de\/wp-json\/wp\/v2\/media\/34827"}],"wp:attachment":[{"href":"https:\/\/tourcruiser.com\/de\/wp-json\/wp\/v2\/media?parent=34826"}],"wp:term":[{"taxonomy":"product_brand","embeddable":true,"href":"https:\/\/tourcruiser.com\/de\/wp-json\/wp\/v2\/product_brand?post=34826"},{"taxonomy":"product_cat","embeddable":true,"href":"https:\/\/tourcruiser.com\/de\/wp-json\/wp\/v2\/product_cat?post=34826"},{"taxonomy":"product_tag","embeddable":true,"href":"https:\/\/tourcruiser.com\/de\/wp-json\/wp\/v2\/product_tag?post=34826"}],"curies":[{"name":"wp","href":"https:\/\/api.w.org\/{rel}","templated":true}]}}