{"id":34659,"date":"2026-03-02T14:45:40","date_gmt":"2026-03-02T07:45:40","guid":{"rendered":"http:\/\/tourcruiser.com\/product\/women-nike-metcon-9-alabaster-desert-khaki"},"modified":"2026-03-28T00:44:13","modified_gmt":"2026-03-27T17:44:13","slug":"women-nike-metcon-9-alabaster-desert-khaki","status":"publish","type":"product","link":"https:\/\/tourcruiser.com\/de\/products\/women-nike-metcon-9-alabaster-desert-khaki\/","title":{"rendered":"(Women) Nike Metcon 9 &#8218;Alabaster Desert Khaki&#8216;"},"content":{"rendered":"<p>Der Nike Metcon 9 (Exklusiv im Direktvertrieb erh\u00e4ltlich) DZ2537-700 ist ein hochmoderner Trainingsschuh f\u00fcr H\u00f6chstleistungen. Er bietet unvergleichliche Stabilit\u00e4t, Strapazierf\u00e4higkeit und Unterst\u00fctzung f\u00fcr deine anspruchsvollsten Workouts. Dieser Premium-Damenschuh wurde speziell f\u00fcr hochintensives Training entwickelt und verf\u00fcgt \u00fcber ein innovatives Design mit reaktionsfreudiger D\u00e4mpfung, die f\u00fcr optimalen Komfort bei schweren Gewichten, explosiven Bewegungen und Ausdauereinheiten sorgt. Die verbesserte Fu\u00dfgew\u00f6lbeunterst\u00fctzung, die flache Ferse und die breite Plattform bieten hervorragenden Grip und Balance, w\u00e4hrend das abriebfeste Obermaterial f\u00fcr lange Haltbarkeit sorgt. Der Metcon 9 ist ideal f\u00fcr Fitnessbegeisterte und Sportlerinnen und vereint Form und Funktion. Sein elegantes Design und die auff\u00e4llige Farbgebung machen ihn zum absoluten Hingucker. Erleben Sie die ultimative Kombination aus Stil, Funktionalit\u00e4t und Zuverl\u00e4ssigkeit mit diesem exklusiven Modell, das Sie optimal bei der Erreichung Ihrer Fitnessziele unterst\u00fctzt.<\/p>\n<ul>\n<li><strong>Farbgebung:<\/strong> Alabaster\/Team Gold\/Desert Khaki<\/li>\n<li><strong>Artikelnummer:<\/strong> DZ2537-700<\/li>\n<li><strong>Obermaterial:<\/strong> Mesh<\/li>\n<li><strong>Zwischensohle:<\/strong> Hyperlift<\/li>\n<li><strong>Farbe:<\/strong> Gelb<\/li>\n<\/ul>\n","protected":false},"excerpt":{"rendered":"<p>Nike Metcon 9 \u201d\u201d Alabaster\/Team Gold\/Desert Khaki<\/p>\n","protected":false},"featured_media":34660,"comment_status":"open","ping_status":"closed","template":"","meta":[],"product_brand":[],"product_cat":[10809],"product_tag":[10801,10802,10873,10758],"class_list":{"0":"post-34659","1":"product","2":"type-product","3":"status-publish","4":"has-post-thumbnail","6":"product_cat-nike-women","7":"product_tag-nike","8":"product_tag-performance-sport-shoes","9":"product_tag-training-shoes","10":"product_tag-under-retail","11":"wcpa_has_options","13":"first","14":"outofstock","15":"taxable","16":"shipping-taxable","17":"purchasable","18":"product-type-simple"},"wcpa_form_fields":{"rules":{"pric_overide_base_price":false,"pric_overide_base_price_if_gt_zero":false,"pric_overide_base_price_fully":false,"pric_cal_option_once":false,"pric_use_as_fee":false,"bind_quantity":false,"quantity_bind_formula":false},"fields":[{"type":"color-group","required":true,"elementId":"wcpa-color-group-66c4a75505e74","label":"Gr\u00f6\u00dfe - EU Gr\u00f6\u00dfe","inline":true,"priceOptions":"different_for_all","pricingType":"fixed","className":"hassizechart product-shoes-size-eu product-shoes-size","name":"color-group-66c4a75505e89","disp_type":"square","selection_type":"tick-border","disp_size":"44","show_label_inside":true,"adjust_width":true,"cart_display_type":"text","other_text":"Other","cl_rule":"show","col":6,"values":[{"label":"35.5","value":"EU 35.5","price":"","pimage":"","pimage_id":"","pthumb":"","color":""},{"label":"36","value":"EU 36","price":"","pimage":"","pimage_id":"","pthumb":"","color":"","selected":true},{"label":"36.5","value":"EU 36.5","price":"","pimage":"","pimage_id":"","pthumb":"","color":""},{"label":"37.5","value":"EU 37.5","price":"","pimage":"","pimage_id":"","pthumb":"","color":""},{"label":"38","value":"EU 38","price":"","pimage":"","pimage_id":"","pthumb":"","color":""},{"label":"38.5","value":"EU 38.5","price":"","pimage":"","pimage_id":"","pthumb":"","color":""},{"label":"39","value":"EU 39","price":"","pimage":"","pimage_id":"","pthumb":"","color":""},{"label":"40","value":"EU 40","price":"","pimage":"","pimage_id":"","pthumb":"","color":""},{"label":"40.5","value":"EU 40.5","price":"","pimage":"","pimage_id":"","pthumb":"","color":""},{"label":"41","value":"EU 41","price":"","pimage":"","pimage_id":"","pthumb":"","color":""},{"label":"42","value":"EU 42","price":"","pimage":"","pimage_id":"","pthumb":"","color":""},{"label":"42.5","value":"EU 42.5","price":"","pimage":"","pimage_id":"","pthumb":"","color":""},{"label":"43","value":"EU 43","price":"","pimage":"","pimage_id":"","pthumb":"","color":""},{"label":"44","value":"EU 44","price":"","pimage":"","pimage_id":"","pthumb":"","color":""},{"label":"44.5","value":"EU 44.5","price":"","pimage":"","pimage_id":"","pthumb":"","color":""},{"label":"45","value":"EU 45","price":"","pimage":"","pimage_id":"","pthumb":"","color":""},{"label":"45.5","value":"EU 45.5","price":"","pimage":"","pimage_id":"","pthumb":"","color":""},{"label":"46","value":"EU 46","price":"","pimage":"","pimage_id":"","pthumb":"","color":""},{"label":"47","value":"EU 47","price":"","pimage":"","pimage_id":"","pthumb":"","color":""},{"label":"47.5","value":"EU 47.5","price":"","pimage":"","pimage_id":"","pthumb":"","color":""},{"label":"48","value":"EU 48","price":"","pimage":"","pimage_id":"","pthumb":"","color":""}],"relations":[{"operator":false,"rules":[]}],"form_id":18106,"form_rules":{"pric_cal_option_once":false,"exclude_from_discount":false,"pric_use_as_fee":false,"fee_label":"Fee","render_after_acb":false,"disp_hide_options_price":false}}]},"yoast_head":"<!-- This site is optimized with the Yoast SEO plugin v26.5 - https:\/\/yoast.com\/wordpress\/plugins\/seo\/ -->\n<title>(Women) Nike Metcon 9 &#039;Alabaster Desert Khaki&#039;  - Tourcruiser PTE. LTD<\/title>\n<meta name=\"robots\" content=\"index, follow, max-snippet:-1, max-image-preview:large, max-video-preview:-1\" \/>\n<link rel=\"canonical\" href=\"https:\/\/tourcruiser.com\/de\/products\/women-nike-metcon-9-alabaster-desert-khaki\/\" \/>\n<meta property=\"og:locale\" content=\"de_DE\" \/>\n<meta property=\"og:type\" content=\"article\" \/>\n<meta property=\"og:title\" content=\"(Women) Nike Metcon 9 &#039;Alabaster Desert Khaki&#039;  - Tourcruiser PTE. LTD\" \/>\n<meta property=\"og:description\" content=\"Nike Metcon 9 \u201d\u201d Alabaster\/Team Gold\/Desert Khaki\" \/>\n<meta property=\"og:url\" content=\"https:\/\/tourcruiser.com\/de\/products\/women-nike-metcon-9-alabaster-desert-khaki\/\" \/>\n<meta property=\"og:site_name\" content=\"Tourcruiser Sneaker Store\" \/>\n<meta property=\"article:modified_time\" content=\"2026-03-27T17:44:13+00:00\" \/>\n<meta name=\"twitter:card\" content=\"summary_large_image\" \/>\n<meta name=\"twitter:image\" content=\"https:\/\/images.novelship.com\/product\/_w__nike_metcon_9__exclusive_direct_purchase__dz25_0_98645.jpeg;https:\/\/images.novelship.com\/product\/_w__nike_metcon_9__exclusive_direct_purchase__dz25_1_98645.jpeg;https:\/\/images.novelship.com\/product\/_w__nike_metcon_9__exclusive_direct_purchase__dz25_2_98645.jpeg;https:\/\/images.novelship.com\/product\/_w__nike_metcon_9__exclusive_direct_purchase__dz25_3_98645.jpeg;https:\/\/images.novelship.com\/product\/_w__nike_metcon_9__exclusive_direct_purchase__dz25_4_98645.jpeg;https:\/\/images.novelship.com\/product\/_w__nike_metcon_9__exclusive_direct_purchase__dz25_5_98646.jpeg;https:\/\/images.novelship.com\/product\/_w__nike_metcon_9__exclusive_direct_purchase__dz25_6_98646.jpeg;https:\/\/images.novelship.com\/product\/_w__nike_metcon_9__exclusive_direct_purchase__dz25_7_98646.jpeg\" \/>\n<meta name=\"twitter:label1\" content=\"Gesch\u00e4tzte Lesezeit\" \/>\n\t<meta name=\"twitter:data1\" content=\"1\u00a0Minute\" \/>\n<script type=\"application\/ld+json\" class=\"yoast-schema-graph\">{\"@context\":\"https:\/\/schema.org\",\"@graph\":[{\"@type\":\"WebPage\",\"@id\":\"https:\/\/tourcruiser.com\/de\/products\/women-nike-metcon-9-alabaster-desert-khaki\/\",\"url\":\"https:\/\/tourcruiser.com\/de\/products\/women-nike-metcon-9-alabaster-desert-khaki\/\",\"name\":\"(Women) Nike Metcon 9 'Alabaster Desert Khaki' - Tourcruiser PTE. LTD\",\"isPartOf\":{\"@id\":\"https:\/\/tourcruiser.com\/de\/#website\"},\"primaryImageOfPage\":{\"@id\":\"https:\/\/tourcruiser.com\/de\/products\/women-nike-metcon-9-alabaster-desert-khaki\/#primaryimage\"},\"image\":{\"@id\":\"https:\/\/tourcruiser.com\/de\/products\/women-nike-metcon-9-alabaster-desert-khaki\/#primaryimage\"},\"thumbnailUrl\":\"https:\/\/images.novelship.com\/product\/_w__nike_metcon_9__exclusive_direct_purchase__dz25_0_98645.jpeg;https:\/\/images.novelship.com\/product\/_w__nike_metcon_9__exclusive_direct_purchase__dz25_1_98645.jpeg;https:\/\/images.novelship.com\/product\/_w__nike_metcon_9__exclusive_direct_purchase__dz25_2_98645.jpeg;https:\/\/images.novelship.com\/product\/_w__nike_metcon_9__exclusive_direct_purchase__dz25_3_98645.jpeg;https:\/\/images.novelship.com\/product\/_w__nike_metcon_9__exclusive_direct_purchase__dz25_4_98645.jpeg;https:\/\/images.novelship.com\/product\/_w__nike_metcon_9__exclusive_direct_purchase__dz25_5_98646.jpeg;https:\/\/images.novelship.com\/product\/_w__nike_metcon_9__exclusive_direct_purchase__dz25_6_98646.jpeg;https:\/\/images.novelship.com\/product\/_w__nike_metcon_9__exclusive_direct_purchase__dz25_7_98646.jpeg\",\"datePublished\":\"2026-03-02T07:45:40+00:00\",\"dateModified\":\"2026-03-27T17:44:13+00:00\",\"breadcrumb\":{\"@id\":\"https:\/\/tourcruiser.com\/de\/products\/women-nike-metcon-9-alabaster-desert-khaki\/#breadcrumb\"},\"inLanguage\":\"de\",\"potentialAction\":[{\"@type\":\"ReadAction\",\"target\":[\"https:\/\/tourcruiser.com\/de\/products\/women-nike-metcon-9-alabaster-desert-khaki\/\"]}]},{\"@type\":\"ImageObject\",\"inLanguage\":\"de\",\"@id\":\"https:\/\/tourcruiser.com\/de\/products\/women-nike-metcon-9-alabaster-desert-khaki\/#primaryimage\",\"url\":\"https:\/\/images.novelship.com\/product\/_w__nike_metcon_9__exclusive_direct_purchase__dz25_0_98645.jpeg;https:\/\/images.novelship.com\/product\/_w__nike_metcon_9__exclusive_direct_purchase__dz25_1_98645.jpeg;https:\/\/images.novelship.com\/product\/_w__nike_metcon_9__exclusive_direct_purchase__dz25_2_98645.jpeg;https:\/\/images.novelship.com\/product\/_w__nike_metcon_9__exclusive_direct_purchase__dz25_3_98645.jpeg;https:\/\/images.novelship.com\/product\/_w__nike_metcon_9__exclusive_direct_purchase__dz25_4_98645.jpeg;https:\/\/images.novelship.com\/product\/_w__nike_metcon_9__exclusive_direct_purchase__dz25_5_98646.jpeg;https:\/\/images.novelship.com\/product\/_w__nike_metcon_9__exclusive_direct_purchase__dz25_6_98646.jpeg;https:\/\/images.novelship.com\/product\/_w__nike_metcon_9__exclusive_direct_purchase__dz25_7_98646.jpeg\",\"contentUrl\":\"https:\/\/images.novelship.com\/product\/_w__nike_metcon_9__exclusive_direct_purchase__dz25_0_98645.jpeg;https:\/\/images.novelship.com\/product\/_w__nike_metcon_9__exclusive_direct_purchase__dz25_1_98645.jpeg;https:\/\/images.novelship.com\/product\/_w__nike_metcon_9__exclusive_direct_purchase__dz25_2_98645.jpeg;https:\/\/images.novelship.com\/product\/_w__nike_metcon_9__exclusive_direct_purchase__dz25_3_98645.jpeg;https:\/\/images.novelship.com\/product\/_w__nike_metcon_9__exclusive_direct_purchase__dz25_4_98645.jpeg;https:\/\/images.novelship.com\/product\/_w__nike_metcon_9__exclusive_direct_purchase__dz25_5_98646.jpeg;https:\/\/images.novelship.com\/product\/_w__nike_metcon_9__exclusive_direct_purchase__dz25_6_98646.jpeg;https:\/\/images.novelship.com\/product\/_w__nike_metcon_9__exclusive_direct_purchase__dz25_7_98646.jpeg\"},{\"@type\":\"BreadcrumbList\",\"@id\":\"https:\/\/tourcruiser.com\/de\/products\/women-nike-metcon-9-alabaster-desert-khaki\/#breadcrumb\",\"itemListElement\":[{\"@type\":\"ListItem\",\"position\":1,\"name\":\"Home\",\"item\":\"https:\/\/tourcruiser.com\/de\/\"},{\"@type\":\"ListItem\",\"position\":2,\"name\":\"Shop\",\"item\":\"https:\/\/tourcruiser.com\/de\/shop\/\"},{\"@type\":\"ListItem\",\"position\":3,\"name\":\"(Women) Nike Metcon 9 'Alabaster Desert Khaki'\"}]},{\"@type\":\"WebSite\",\"@id\":\"https:\/\/tourcruiser.com\/de\/#website\",\"url\":\"https:\/\/tourcruiser.com\/de\/\",\"name\":\"Styloral Jewelry Shop\",\"description\":\"Tourcruiser Sneaker Store \u2014 der Ort, an dem das Universum deine Einzigartigkeit trifft.\",\"publisher\":{\"@id\":\"https:\/\/tourcruiser.com\/de\/#organization\"},\"potentialAction\":[{\"@type\":\"SearchAction\",\"target\":{\"@type\":\"EntryPoint\",\"urlTemplate\":\"https:\/\/tourcruiser.com\/de\/?s={search_term_string}\"},\"query-input\":{\"@type\":\"PropertyValueSpecification\",\"valueRequired\":true,\"valueName\":\"search_term_string\"}}],\"inLanguage\":\"de\"},{\"@type\":\"Organization\",\"@id\":\"https:\/\/tourcruiser.com\/de\/#organization\",\"name\":\"STYLORAL PTE. LTD\",\"url\":\"https:\/\/tourcruiser.com\/de\/\",\"logo\":{\"@type\":\"ImageObject\",\"inLanguage\":\"de\",\"@id\":\"https:\/\/tourcruiser.com\/de\/#\/schema\/logo\/image\/\",\"url\":\"https:\/\/www.tourcruiser.com\/wp-content\/uploads\/2025\/12\/logo.png\",\"contentUrl\":\"https:\/\/www.tourcruiser.com\/wp-content\/uploads\/2025\/12\/logo.png\",\"width\":200,\"height\":65,\"caption\":\"STYLORAL PTE. LTD\"},\"image\":{\"@id\":\"https:\/\/tourcruiser.com\/de\/#\/schema\/logo\/image\/\"}}]}<\/script>\n<!-- \/ Yoast SEO plugin. -->","yoast_head_json":{"title":"(Women) Nike Metcon 9 'Alabaster Desert Khaki'  - Tourcruiser PTE. LTD","robots":{"index":"index","follow":"follow","max-snippet":"max-snippet:-1","max-image-preview":"max-image-preview:large","max-video-preview":"max-video-preview:-1"},"canonical":"https:\/\/tourcruiser.com\/de\/products\/women-nike-metcon-9-alabaster-desert-khaki\/","og_locale":"de_DE","og_type":"article","og_title":"(Women) Nike Metcon 9 'Alabaster Desert Khaki'  - Tourcruiser PTE. LTD","og_description":"Nike Metcon 9 \u201d\u201d Alabaster\/Team Gold\/Desert Khaki","og_url":"https:\/\/tourcruiser.com\/de\/products\/women-nike-metcon-9-alabaster-desert-khaki\/","og_site_name":"Tourcruiser Sneaker Store","article_modified_time":"2026-03-27T17:44:13+00:00","twitter_card":"summary_large_image","twitter_image":"https:\/\/images.novelship.com\/product\/_w__nike_metcon_9__exclusive_direct_purchase__dz25_0_98645.jpeg;https:\/\/images.novelship.com\/product\/_w__nike_metcon_9__exclusive_direct_purchase__dz25_1_98645.jpeg;https:\/\/images.novelship.com\/product\/_w__nike_metcon_9__exclusive_direct_purchase__dz25_2_98645.jpeg;https:\/\/images.novelship.com\/product\/_w__nike_metcon_9__exclusive_direct_purchase__dz25_3_98645.jpeg;https:\/\/images.novelship.com\/product\/_w__nike_metcon_9__exclusive_direct_purchase__dz25_4_98645.jpeg;https:\/\/images.novelship.com\/product\/_w__nike_metcon_9__exclusive_direct_purchase__dz25_5_98646.jpeg;https:\/\/images.novelship.com\/product\/_w__nike_metcon_9__exclusive_direct_purchase__dz25_6_98646.jpeg;https:\/\/images.novelship.com\/product\/_w__nike_metcon_9__exclusive_direct_purchase__dz25_7_98646.jpeg","twitter_misc":{"Gesch\u00e4tzte Lesezeit":"1\u00a0Minute"},"schema":{"@context":"https:\/\/schema.org","@graph":[{"@type":"WebPage","@id":"https:\/\/tourcruiser.com\/de\/products\/women-nike-metcon-9-alabaster-desert-khaki\/","url":"https:\/\/tourcruiser.com\/de\/products\/women-nike-metcon-9-alabaster-desert-khaki\/","name":"(Women) Nike Metcon 9 'Alabaster Desert Khaki' - Tourcruiser PTE. LTD","isPartOf":{"@id":"https:\/\/tourcruiser.com\/de\/#website"},"primaryImageOfPage":{"@id":"https:\/\/tourcruiser.com\/de\/products\/women-nike-metcon-9-alabaster-desert-khaki\/#primaryimage"},"image":{"@id":"https:\/\/tourcruiser.com\/de\/products\/women-nike-metcon-9-alabaster-desert-khaki\/#primaryimage"},"thumbnailUrl":"https:\/\/images.novelship.com\/product\/_w__nike_metcon_9__exclusive_direct_purchase__dz25_0_98645.jpeg;https:\/\/images.novelship.com\/product\/_w__nike_metcon_9__exclusive_direct_purchase__dz25_1_98645.jpeg;https:\/\/images.novelship.com\/product\/_w__nike_metcon_9__exclusive_direct_purchase__dz25_2_98645.jpeg;https:\/\/images.novelship.com\/product\/_w__nike_metcon_9__exclusive_direct_purchase__dz25_3_98645.jpeg;https:\/\/images.novelship.com\/product\/_w__nike_metcon_9__exclusive_direct_purchase__dz25_4_98645.jpeg;https:\/\/images.novelship.com\/product\/_w__nike_metcon_9__exclusive_direct_purchase__dz25_5_98646.jpeg;https:\/\/images.novelship.com\/product\/_w__nike_metcon_9__exclusive_direct_purchase__dz25_6_98646.jpeg;https:\/\/images.novelship.com\/product\/_w__nike_metcon_9__exclusive_direct_purchase__dz25_7_98646.jpeg","datePublished":"2026-03-02T07:45:40+00:00","dateModified":"2026-03-27T17:44:13+00:00","breadcrumb":{"@id":"https:\/\/tourcruiser.com\/de\/products\/women-nike-metcon-9-alabaster-desert-khaki\/#breadcrumb"},"inLanguage":"de","potentialAction":[{"@type":"ReadAction","target":["https:\/\/tourcruiser.com\/de\/products\/women-nike-metcon-9-alabaster-desert-khaki\/"]}]},{"@type":"ImageObject","inLanguage":"de","@id":"https:\/\/tourcruiser.com\/de\/products\/women-nike-metcon-9-alabaster-desert-khaki\/#primaryimage","url":"https:\/\/images.novelship.com\/product\/_w__nike_metcon_9__exclusive_direct_purchase__dz25_0_98645.jpeg;https:\/\/images.novelship.com\/product\/_w__nike_metcon_9__exclusive_direct_purchase__dz25_1_98645.jpeg;https:\/\/images.novelship.com\/product\/_w__nike_metcon_9__exclusive_direct_purchase__dz25_2_98645.jpeg;https:\/\/images.novelship.com\/product\/_w__nike_metcon_9__exclusive_direct_purchase__dz25_3_98645.jpeg;https:\/\/images.novelship.com\/product\/_w__nike_metcon_9__exclusive_direct_purchase__dz25_4_98645.jpeg;https:\/\/images.novelship.com\/product\/_w__nike_metcon_9__exclusive_direct_purchase__dz25_5_98646.jpeg;https:\/\/images.novelship.com\/product\/_w__nike_metcon_9__exclusive_direct_purchase__dz25_6_98646.jpeg;https:\/\/images.novelship.com\/product\/_w__nike_metcon_9__exclusive_direct_purchase__dz25_7_98646.jpeg","contentUrl":"https:\/\/images.novelship.com\/product\/_w__nike_metcon_9__exclusive_direct_purchase__dz25_0_98645.jpeg;https:\/\/images.novelship.com\/product\/_w__nike_metcon_9__exclusive_direct_purchase__dz25_1_98645.jpeg;https:\/\/images.novelship.com\/product\/_w__nike_metcon_9__exclusive_direct_purchase__dz25_2_98645.jpeg;https:\/\/images.novelship.com\/product\/_w__nike_metcon_9__exclusive_direct_purchase__dz25_3_98645.jpeg;https:\/\/images.novelship.com\/product\/_w__nike_metcon_9__exclusive_direct_purchase__dz25_4_98645.jpeg;https:\/\/images.novelship.com\/product\/_w__nike_metcon_9__exclusive_direct_purchase__dz25_5_98646.jpeg;https:\/\/images.novelship.com\/product\/_w__nike_metcon_9__exclusive_direct_purchase__dz25_6_98646.jpeg;https:\/\/images.novelship.com\/product\/_w__nike_metcon_9__exclusive_direct_purchase__dz25_7_98646.jpeg"},{"@type":"BreadcrumbList","@id":"https:\/\/tourcruiser.com\/de\/products\/women-nike-metcon-9-alabaster-desert-khaki\/#breadcrumb","itemListElement":[{"@type":"ListItem","position":1,"name":"Home","item":"https:\/\/tourcruiser.com\/de\/"},{"@type":"ListItem","position":2,"name":"Shop","item":"https:\/\/tourcruiser.com\/de\/shop\/"},{"@type":"ListItem","position":3,"name":"(Women) Nike Metcon 9 'Alabaster Desert Khaki'"}]},{"@type":"WebSite","@id":"https:\/\/tourcruiser.com\/de\/#website","url":"https:\/\/tourcruiser.com\/de\/","name":"Styloral Jewelry Shop","description":"Tourcruiser Sneaker Store \u2014 der Ort, an dem das Universum deine Einzigartigkeit trifft.","publisher":{"@id":"https:\/\/tourcruiser.com\/de\/#organization"},"potentialAction":[{"@type":"SearchAction","target":{"@type":"EntryPoint","urlTemplate":"https:\/\/tourcruiser.com\/de\/?s={search_term_string}"},"query-input":{"@type":"PropertyValueSpecification","valueRequired":true,"valueName":"search_term_string"}}],"inLanguage":"de"},{"@type":"Organization","@id":"https:\/\/tourcruiser.com\/de\/#organization","name":"STYLORAL PTE. LTD","url":"https:\/\/tourcruiser.com\/de\/","logo":{"@type":"ImageObject","inLanguage":"de","@id":"https:\/\/tourcruiser.com\/de\/#\/schema\/logo\/image\/","url":"https:\/\/www.tourcruiser.com\/wp-content\/uploads\/2025\/12\/logo.png","contentUrl":"https:\/\/www.tourcruiser.com\/wp-content\/uploads\/2025\/12\/logo.png","width":200,"height":65,"caption":"STYLORAL PTE. LTD"},"image":{"@id":"https:\/\/tourcruiser.com\/de\/#\/schema\/logo\/image\/"}}]}},"_links":{"self":[{"href":"https:\/\/tourcruiser.com\/de\/wp-json\/wp\/v2\/product\/34659","targetHints":{"allow":["GET"]}}],"collection":[{"href":"https:\/\/tourcruiser.com\/de\/wp-json\/wp\/v2\/product"}],"about":[{"href":"https:\/\/tourcruiser.com\/de\/wp-json\/wp\/v2\/types\/product"}],"replies":[{"embeddable":true,"href":"https:\/\/tourcruiser.com\/de\/wp-json\/wp\/v2\/comments?post=34659"}],"wp:featuredmedia":[{"embeddable":true,"href":"https:\/\/tourcruiser.com\/de\/wp-json\/wp\/v2\/media\/34660"}],"wp:attachment":[{"href":"https:\/\/tourcruiser.com\/de\/wp-json\/wp\/v2\/media?parent=34659"}],"wp:term":[{"taxonomy":"product_brand","embeddable":true,"href":"https:\/\/tourcruiser.com\/de\/wp-json\/wp\/v2\/product_brand?post=34659"},{"taxonomy":"product_cat","embeddable":true,"href":"https:\/\/tourcruiser.com\/de\/wp-json\/wp\/v2\/product_cat?post=34659"},{"taxonomy":"product_tag","embeddable":true,"href":"https:\/\/tourcruiser.com\/de\/wp-json\/wp\/v2\/product_tag?post=34659"}],"curies":[{"name":"wp","href":"https:\/\/api.w.org\/{rel}","templated":true}]}}