{"id":33194,"date":"2026-03-02T14:43:27","date_gmt":"2026-03-02T07:43:27","guid":{"rendered":"http:\/\/tourcruiser.com\/product\/women-nike-nikecourt-lite-4-summit-white-binary-blue"},"modified":"2026-03-28T00:42:59","modified_gmt":"2026-03-27T17:42:59","slug":"women-nike-nikecourt-lite-4-summit-white-binary-blue","status":"publish","type":"product","link":"https:\/\/tourcruiser.com\/de\/products\/women-nike-nikecourt-lite-4-summit-white-binary-blue\/","title":{"rendered":"(Women) Nike NikeCourt Lite 4 &#8218;Summit White Binary Blue&#8216;"},"content":{"rendered":"<p>Verbessere dein Tennisspiel mit dem Nike Court Lite 4 FD6575-102, einem Damen-Tennisschuh, der f\u00fcr Komfort, Strapazierf\u00e4higkeit und optimale Leistung auf Hartpl\u00e4tzen entwickelt wurde. Der leichte und dennoch robuste Schuh kombiniert ein Obermaterial aus Synthetikleder und Mesh f\u00fcr verbesserte Atmungsaktivit\u00e4t und langanhaltenden Halt auch bei intensiven Matches. Die strapazierf\u00e4hige Au\u00dfensohle mit ihrem einzigartigen Traktionsmuster sorgt f\u00fcr hervorragenden Grip und Stabilit\u00e4t und erm\u00f6glicht schnelle Richtungswechsel und agile Bewegungen.<\/p>\n<p>Die Schaumstoff-Mittelsohle bietet reaktionsfreudige D\u00e4mpfung, reduziert St\u00f6\u00dfe und maximiert den Komfort bei langen Spielen. Gepolsterter Schaftrand und Zunge verbessern die Passform und sorgen f\u00fcr ein sicheres, angenehmes Tragegef\u00fchl, damit du dich voll und ganz auf dein Spiel konzentrieren kannst. Der Nike Court Lite 4 besticht durch sein elegantes und zeitloses Design in Wei\u00df mit dezenten Details und vereint technische Innovation mit anspruchsvollem Stil. Damit ist er die perfekte Wahl f\u00fcr ambitionierte Spielerinnen und Freizeitsportlerinnen.<\/p>\n<p>Ob beim Training von Volleys oder im Turnier \u201d\u201c dieser Schuh passt sich deinen Bed\u00fcrfnissen an und bietet optimalen Halt und Schutz bei jeder Bewegung. Der Nike Court Lite 4 FD6575-102, hergestellt von einem der renommiertesten Hersteller von Sportschuhen, ist ein zuverl\u00e4ssiger Partner, der dich dank erstklassiger Verarbeitung und \u00fcberragender Funktionalit\u00e4t in Topform h\u00e4lt.<\/p>\n<ul>\n<li><strong>Farbgebung:<\/strong> Summit White\/Light Bone\/White\/Binary Blue<\/li>\n<li><strong>Artikelnummer:<\/strong> FD6575-102<\/li>\n<li><strong>Obermaterial:<\/strong> Mesh<\/li>\n<li><strong>Farbe:<\/strong> Beige<\/li>\n<\/ul>\n","protected":false},"excerpt":{"rendered":"<p>Nike Court Lite 4 \u201d\u201d Summit White\/Light Bone\/White\/Binary Blue<\/p>\n","protected":false},"featured_media":33195,"comment_status":"open","ping_status":"closed","template":"","meta":[],"product_brand":[],"product_cat":[10809],"product_tag":[10992],"class_list":{"0":"post-33194","1":"product","2":"type-product","3":"status-publish","4":"has-post-thumbnail","6":"product_cat-nike-women","7":"product_tag-small-100-usd","8":"wcpa_has_options","10":"first","11":"outofstock","12":"taxable","13":"shipping-taxable","14":"purchasable","15":"product-type-simple"},"wcpa_form_fields":{"rules":{"pric_overide_base_price":false,"pric_overide_base_price_if_gt_zero":false,"pric_overide_base_price_fully":false,"pric_cal_option_once":false,"pric_use_as_fee":false,"bind_quantity":false,"quantity_bind_formula":false},"fields":[{"type":"color-group","required":true,"elementId":"wcpa-color-group-66c4a75505e74","label":"Gr\u00f6\u00dfe - EU Gr\u00f6\u00dfe","inline":true,"priceOptions":"different_for_all","pricingType":"fixed","className":"hassizechart product-shoes-size-eu product-shoes-size","name":"color-group-66c4a75505e89","disp_type":"square","selection_type":"tick-border","disp_size":"44","show_label_inside":true,"adjust_width":true,"cart_display_type":"text","other_text":"Other","cl_rule":"show","col":6,"values":[{"label":"35.5","value":"EU 35.5","price":"","pimage":"","pimage_id":"","pthumb":"","color":""},{"label":"36","value":"EU 36","price":"","pimage":"","pimage_id":"","pthumb":"","color":"","selected":true},{"label":"36.5","value":"EU 36.5","price":"","pimage":"","pimage_id":"","pthumb":"","color":""},{"label":"37.5","value":"EU 37.5","price":"","pimage":"","pimage_id":"","pthumb":"","color":""},{"label":"38","value":"EU 38","price":"","pimage":"","pimage_id":"","pthumb":"","color":""},{"label":"38.5","value":"EU 38.5","price":"","pimage":"","pimage_id":"","pthumb":"","color":""},{"label":"39","value":"EU 39","price":"","pimage":"","pimage_id":"","pthumb":"","color":""},{"label":"40","value":"EU 40","price":"","pimage":"","pimage_id":"","pthumb":"","color":""},{"label":"40.5","value":"EU 40.5","price":"","pimage":"","pimage_id":"","pthumb":"","color":""},{"label":"41","value":"EU 41","price":"","pimage":"","pimage_id":"","pthumb":"","color":""},{"label":"42","value":"EU 42","price":"","pimage":"","pimage_id":"","pthumb":"","color":""},{"label":"42.5","value":"EU 42.5","price":"","pimage":"","pimage_id":"","pthumb":"","color":""},{"label":"43","value":"EU 43","price":"","pimage":"","pimage_id":"","pthumb":"","color":""},{"label":"44","value":"EU 44","price":"","pimage":"","pimage_id":"","pthumb":"","color":""},{"label":"44.5","value":"EU 44.5","price":"","pimage":"","pimage_id":"","pthumb":"","color":""},{"label":"45","value":"EU 45","price":"","pimage":"","pimage_id":"","pthumb":"","color":""},{"label":"45.5","value":"EU 45.5","price":"","pimage":"","pimage_id":"","pthumb":"","color":""},{"label":"46","value":"EU 46","price":"","pimage":"","pimage_id":"","pthumb":"","color":""},{"label":"47","value":"EU 47","price":"","pimage":"","pimage_id":"","pthumb":"","color":""},{"label":"47.5","value":"EU 47.5","price":"","pimage":"","pimage_id":"","pthumb":"","color":""},{"label":"48","value":"EU 48","price":"","pimage":"","pimage_id":"","pthumb":"","color":""}],"relations":[{"operator":false,"rules":[]}],"form_id":18106,"form_rules":{"pric_cal_option_once":false,"exclude_from_discount":false,"pric_use_as_fee":false,"fee_label":"Fee","render_after_acb":false,"disp_hide_options_price":false}}]},"yoast_head":"<!-- This site is optimized with the Yoast SEO plugin v26.5 - https:\/\/yoast.com\/wordpress\/plugins\/seo\/ -->\n<title>(Women) Nike NikeCourt Lite 4 &#039;Summit White Binary Blue&#039;  - Tourcruiser PTE. LTD<\/title>\n<meta name=\"robots\" content=\"index, follow, max-snippet:-1, max-image-preview:large, max-video-preview:-1\" \/>\n<link rel=\"canonical\" href=\"https:\/\/tourcruiser.com\/de\/products\/women-nike-nikecourt-lite-4-summit-white-binary-blue\/\" \/>\n<meta property=\"og:locale\" content=\"de_DE\" \/>\n<meta property=\"og:type\" content=\"article\" \/>\n<meta property=\"og:title\" content=\"(Women) Nike NikeCourt Lite 4 &#039;Summit White Binary Blue&#039;  - Tourcruiser PTE. LTD\" \/>\n<meta property=\"og:description\" content=\"Nike Court Lite 4 \u201d\u201d Summit White\/Light Bone\/White\/Binary Blue\" \/>\n<meta property=\"og:url\" content=\"https:\/\/tourcruiser.com\/de\/products\/women-nike-nikecourt-lite-4-summit-white-binary-blue\/\" \/>\n<meta property=\"og:site_name\" content=\"Tourcruiser Sneaker Store\" \/>\n<meta property=\"article:modified_time\" content=\"2026-03-27T17:42:59+00:00\" \/>\n<meta name=\"twitter:card\" content=\"summary_large_image\" \/>\n<meta name=\"twitter:image\" content=\"https:\/\/images.novelship.com\/product\/_w__nike_court_lite_4_fd6575-102_0_79530.png;https:\/\/images.novelship.com\/product\/_w__nike_court_lite_4_fd6575-102_1_79531.png;https:\/\/images.novelship.com\/product\/_w__nike_court_lite_4_fd6575-102_2_79531.png;https:\/\/images.novelship.com\/product\/_w__nike_court_lite_4_fd6575-102_3_79531.png;https:\/\/images.novelship.com\/product\/_w__nike_court_lite_4_fd6575-102_4_79531.png;https:\/\/images.novelship.com\/product\/_w__nike_court_lite_4_fd6575-102_5_79531.png;https:\/\/images.novelship.com\/product\/_w__nike_court_lite_4_fd6575-102_6_79531.png;https:\/\/images.novelship.com\/product\/_w__nike_court_lite_4_fd6575-102_7_79531.png\" \/>\n<meta name=\"twitter:label1\" content=\"Gesch\u00e4tzte Lesezeit\" \/>\n\t<meta name=\"twitter:data1\" content=\"1\u00a0Minute\" \/>\n<script type=\"application\/ld+json\" class=\"yoast-schema-graph\">{\"@context\":\"https:\/\/schema.org\",\"@graph\":[{\"@type\":\"WebPage\",\"@id\":\"https:\/\/tourcruiser.com\/de\/products\/women-nike-nikecourt-lite-4-summit-white-binary-blue\/\",\"url\":\"https:\/\/tourcruiser.com\/de\/products\/women-nike-nikecourt-lite-4-summit-white-binary-blue\/\",\"name\":\"(Women) Nike NikeCourt Lite 4 'Summit White Binary Blue' - Tourcruiser PTE. LTD\",\"isPartOf\":{\"@id\":\"https:\/\/tourcruiser.com\/de\/#website\"},\"primaryImageOfPage\":{\"@id\":\"https:\/\/tourcruiser.com\/de\/products\/women-nike-nikecourt-lite-4-summit-white-binary-blue\/#primaryimage\"},\"image\":{\"@id\":\"https:\/\/tourcruiser.com\/de\/products\/women-nike-nikecourt-lite-4-summit-white-binary-blue\/#primaryimage\"},\"thumbnailUrl\":\"https:\/\/images.novelship.com\/product\/_w__nike_court_lite_4_fd6575-102_0_79530.png;https:\/\/images.novelship.com\/product\/_w__nike_court_lite_4_fd6575-102_1_79531.png;https:\/\/images.novelship.com\/product\/_w__nike_court_lite_4_fd6575-102_2_79531.png;https:\/\/images.novelship.com\/product\/_w__nike_court_lite_4_fd6575-102_3_79531.png;https:\/\/images.novelship.com\/product\/_w__nike_court_lite_4_fd6575-102_4_79531.png;https:\/\/images.novelship.com\/product\/_w__nike_court_lite_4_fd6575-102_5_79531.png;https:\/\/images.novelship.com\/product\/_w__nike_court_lite_4_fd6575-102_6_79531.png;https:\/\/images.novelship.com\/product\/_w__nike_court_lite_4_fd6575-102_7_79531.png\",\"datePublished\":\"2026-03-02T07:43:27+00:00\",\"dateModified\":\"2026-03-27T17:42:59+00:00\",\"breadcrumb\":{\"@id\":\"https:\/\/tourcruiser.com\/de\/products\/women-nike-nikecourt-lite-4-summit-white-binary-blue\/#breadcrumb\"},\"inLanguage\":\"de\",\"potentialAction\":[{\"@type\":\"ReadAction\",\"target\":[\"https:\/\/tourcruiser.com\/de\/products\/women-nike-nikecourt-lite-4-summit-white-binary-blue\/\"]}]},{\"@type\":\"ImageObject\",\"inLanguage\":\"de\",\"@id\":\"https:\/\/tourcruiser.com\/de\/products\/women-nike-nikecourt-lite-4-summit-white-binary-blue\/#primaryimage\",\"url\":\"https:\/\/images.novelship.com\/product\/_w__nike_court_lite_4_fd6575-102_0_79530.png;https:\/\/images.novelship.com\/product\/_w__nike_court_lite_4_fd6575-102_1_79531.png;https:\/\/images.novelship.com\/product\/_w__nike_court_lite_4_fd6575-102_2_79531.png;https:\/\/images.novelship.com\/product\/_w__nike_court_lite_4_fd6575-102_3_79531.png;https:\/\/images.novelship.com\/product\/_w__nike_court_lite_4_fd6575-102_4_79531.png;https:\/\/images.novelship.com\/product\/_w__nike_court_lite_4_fd6575-102_5_79531.png;https:\/\/images.novelship.com\/product\/_w__nike_court_lite_4_fd6575-102_6_79531.png;https:\/\/images.novelship.com\/product\/_w__nike_court_lite_4_fd6575-102_7_79531.png\",\"contentUrl\":\"https:\/\/images.novelship.com\/product\/_w__nike_court_lite_4_fd6575-102_0_79530.png;https:\/\/images.novelship.com\/product\/_w__nike_court_lite_4_fd6575-102_1_79531.png;https:\/\/images.novelship.com\/product\/_w__nike_court_lite_4_fd6575-102_2_79531.png;https:\/\/images.novelship.com\/product\/_w__nike_court_lite_4_fd6575-102_3_79531.png;https:\/\/images.novelship.com\/product\/_w__nike_court_lite_4_fd6575-102_4_79531.png;https:\/\/images.novelship.com\/product\/_w__nike_court_lite_4_fd6575-102_5_79531.png;https:\/\/images.novelship.com\/product\/_w__nike_court_lite_4_fd6575-102_6_79531.png;https:\/\/images.novelship.com\/product\/_w__nike_court_lite_4_fd6575-102_7_79531.png\"},{\"@type\":\"BreadcrumbList\",\"@id\":\"https:\/\/tourcruiser.com\/de\/products\/women-nike-nikecourt-lite-4-summit-white-binary-blue\/#breadcrumb\",\"itemListElement\":[{\"@type\":\"ListItem\",\"position\":1,\"name\":\"Home\",\"item\":\"https:\/\/tourcruiser.com\/de\/\"},{\"@type\":\"ListItem\",\"position\":2,\"name\":\"Shop\",\"item\":\"https:\/\/tourcruiser.com\/de\/shop\/\"},{\"@type\":\"ListItem\",\"position\":3,\"name\":\"(Women) Nike NikeCourt Lite 4 'Summit White Binary Blue'\"}]},{\"@type\":\"WebSite\",\"@id\":\"https:\/\/tourcruiser.com\/de\/#website\",\"url\":\"https:\/\/tourcruiser.com\/de\/\",\"name\":\"Styloral Jewelry Shop\",\"description\":\"Tourcruiser Sneaker Store \u2014 der Ort, an dem das Universum deine Einzigartigkeit trifft.\",\"publisher\":{\"@id\":\"https:\/\/tourcruiser.com\/de\/#organization\"},\"potentialAction\":[{\"@type\":\"SearchAction\",\"target\":{\"@type\":\"EntryPoint\",\"urlTemplate\":\"https:\/\/tourcruiser.com\/de\/?s={search_term_string}\"},\"query-input\":{\"@type\":\"PropertyValueSpecification\",\"valueRequired\":true,\"valueName\":\"search_term_string\"}}],\"inLanguage\":\"de\"},{\"@type\":\"Organization\",\"@id\":\"https:\/\/tourcruiser.com\/de\/#organization\",\"name\":\"STYLORAL PTE. LTD\",\"url\":\"https:\/\/tourcruiser.com\/de\/\",\"logo\":{\"@type\":\"ImageObject\",\"inLanguage\":\"de\",\"@id\":\"https:\/\/tourcruiser.com\/de\/#\/schema\/logo\/image\/\",\"url\":\"https:\/\/www.tourcruiser.com\/wp-content\/uploads\/2025\/12\/logo.png\",\"contentUrl\":\"https:\/\/www.tourcruiser.com\/wp-content\/uploads\/2025\/12\/logo.png\",\"width\":200,\"height\":65,\"caption\":\"STYLORAL PTE. LTD\"},\"image\":{\"@id\":\"https:\/\/tourcruiser.com\/de\/#\/schema\/logo\/image\/\"}}]}<\/script>\n<!-- \/ Yoast SEO plugin. -->","yoast_head_json":{"title":"(Women) Nike NikeCourt Lite 4 'Summit White Binary Blue'  - Tourcruiser PTE. LTD","robots":{"index":"index","follow":"follow","max-snippet":"max-snippet:-1","max-image-preview":"max-image-preview:large","max-video-preview":"max-video-preview:-1"},"canonical":"https:\/\/tourcruiser.com\/de\/products\/women-nike-nikecourt-lite-4-summit-white-binary-blue\/","og_locale":"de_DE","og_type":"article","og_title":"(Women) Nike NikeCourt Lite 4 'Summit White Binary Blue'  - Tourcruiser PTE. LTD","og_description":"Nike Court Lite 4 \u201d\u201d Summit White\/Light Bone\/White\/Binary Blue","og_url":"https:\/\/tourcruiser.com\/de\/products\/women-nike-nikecourt-lite-4-summit-white-binary-blue\/","og_site_name":"Tourcruiser Sneaker Store","article_modified_time":"2026-03-27T17:42:59+00:00","twitter_card":"summary_large_image","twitter_image":"https:\/\/images.novelship.com\/product\/_w__nike_court_lite_4_fd6575-102_0_79530.png;https:\/\/images.novelship.com\/product\/_w__nike_court_lite_4_fd6575-102_1_79531.png;https:\/\/images.novelship.com\/product\/_w__nike_court_lite_4_fd6575-102_2_79531.png;https:\/\/images.novelship.com\/product\/_w__nike_court_lite_4_fd6575-102_3_79531.png;https:\/\/images.novelship.com\/product\/_w__nike_court_lite_4_fd6575-102_4_79531.png;https:\/\/images.novelship.com\/product\/_w__nike_court_lite_4_fd6575-102_5_79531.png;https:\/\/images.novelship.com\/product\/_w__nike_court_lite_4_fd6575-102_6_79531.png;https:\/\/images.novelship.com\/product\/_w__nike_court_lite_4_fd6575-102_7_79531.png","twitter_misc":{"Gesch\u00e4tzte Lesezeit":"1\u00a0Minute"},"schema":{"@context":"https:\/\/schema.org","@graph":[{"@type":"WebPage","@id":"https:\/\/tourcruiser.com\/de\/products\/women-nike-nikecourt-lite-4-summit-white-binary-blue\/","url":"https:\/\/tourcruiser.com\/de\/products\/women-nike-nikecourt-lite-4-summit-white-binary-blue\/","name":"(Women) Nike NikeCourt Lite 4 'Summit White Binary Blue' - Tourcruiser PTE. LTD","isPartOf":{"@id":"https:\/\/tourcruiser.com\/de\/#website"},"primaryImageOfPage":{"@id":"https:\/\/tourcruiser.com\/de\/products\/women-nike-nikecourt-lite-4-summit-white-binary-blue\/#primaryimage"},"image":{"@id":"https:\/\/tourcruiser.com\/de\/products\/women-nike-nikecourt-lite-4-summit-white-binary-blue\/#primaryimage"},"thumbnailUrl":"https:\/\/images.novelship.com\/product\/_w__nike_court_lite_4_fd6575-102_0_79530.png;https:\/\/images.novelship.com\/product\/_w__nike_court_lite_4_fd6575-102_1_79531.png;https:\/\/images.novelship.com\/product\/_w__nike_court_lite_4_fd6575-102_2_79531.png;https:\/\/images.novelship.com\/product\/_w__nike_court_lite_4_fd6575-102_3_79531.png;https:\/\/images.novelship.com\/product\/_w__nike_court_lite_4_fd6575-102_4_79531.png;https:\/\/images.novelship.com\/product\/_w__nike_court_lite_4_fd6575-102_5_79531.png;https:\/\/images.novelship.com\/product\/_w__nike_court_lite_4_fd6575-102_6_79531.png;https:\/\/images.novelship.com\/product\/_w__nike_court_lite_4_fd6575-102_7_79531.png","datePublished":"2026-03-02T07:43:27+00:00","dateModified":"2026-03-27T17:42:59+00:00","breadcrumb":{"@id":"https:\/\/tourcruiser.com\/de\/products\/women-nike-nikecourt-lite-4-summit-white-binary-blue\/#breadcrumb"},"inLanguage":"de","potentialAction":[{"@type":"ReadAction","target":["https:\/\/tourcruiser.com\/de\/products\/women-nike-nikecourt-lite-4-summit-white-binary-blue\/"]}]},{"@type":"ImageObject","inLanguage":"de","@id":"https:\/\/tourcruiser.com\/de\/products\/women-nike-nikecourt-lite-4-summit-white-binary-blue\/#primaryimage","url":"https:\/\/images.novelship.com\/product\/_w__nike_court_lite_4_fd6575-102_0_79530.png;https:\/\/images.novelship.com\/product\/_w__nike_court_lite_4_fd6575-102_1_79531.png;https:\/\/images.novelship.com\/product\/_w__nike_court_lite_4_fd6575-102_2_79531.png;https:\/\/images.novelship.com\/product\/_w__nike_court_lite_4_fd6575-102_3_79531.png;https:\/\/images.novelship.com\/product\/_w__nike_court_lite_4_fd6575-102_4_79531.png;https:\/\/images.novelship.com\/product\/_w__nike_court_lite_4_fd6575-102_5_79531.png;https:\/\/images.novelship.com\/product\/_w__nike_court_lite_4_fd6575-102_6_79531.png;https:\/\/images.novelship.com\/product\/_w__nike_court_lite_4_fd6575-102_7_79531.png","contentUrl":"https:\/\/images.novelship.com\/product\/_w__nike_court_lite_4_fd6575-102_0_79530.png;https:\/\/images.novelship.com\/product\/_w__nike_court_lite_4_fd6575-102_1_79531.png;https:\/\/images.novelship.com\/product\/_w__nike_court_lite_4_fd6575-102_2_79531.png;https:\/\/images.novelship.com\/product\/_w__nike_court_lite_4_fd6575-102_3_79531.png;https:\/\/images.novelship.com\/product\/_w__nike_court_lite_4_fd6575-102_4_79531.png;https:\/\/images.novelship.com\/product\/_w__nike_court_lite_4_fd6575-102_5_79531.png;https:\/\/images.novelship.com\/product\/_w__nike_court_lite_4_fd6575-102_6_79531.png;https:\/\/images.novelship.com\/product\/_w__nike_court_lite_4_fd6575-102_7_79531.png"},{"@type":"BreadcrumbList","@id":"https:\/\/tourcruiser.com\/de\/products\/women-nike-nikecourt-lite-4-summit-white-binary-blue\/#breadcrumb","itemListElement":[{"@type":"ListItem","position":1,"name":"Home","item":"https:\/\/tourcruiser.com\/de\/"},{"@type":"ListItem","position":2,"name":"Shop","item":"https:\/\/tourcruiser.com\/de\/shop\/"},{"@type":"ListItem","position":3,"name":"(Women) Nike NikeCourt Lite 4 'Summit White Binary Blue'"}]},{"@type":"WebSite","@id":"https:\/\/tourcruiser.com\/de\/#website","url":"https:\/\/tourcruiser.com\/de\/","name":"Styloral Jewelry Shop","description":"Tourcruiser Sneaker Store \u2014 der Ort, an dem das Universum deine Einzigartigkeit trifft.","publisher":{"@id":"https:\/\/tourcruiser.com\/de\/#organization"},"potentialAction":[{"@type":"SearchAction","target":{"@type":"EntryPoint","urlTemplate":"https:\/\/tourcruiser.com\/de\/?s={search_term_string}"},"query-input":{"@type":"PropertyValueSpecification","valueRequired":true,"valueName":"search_term_string"}}],"inLanguage":"de"},{"@type":"Organization","@id":"https:\/\/tourcruiser.com\/de\/#organization","name":"STYLORAL PTE. LTD","url":"https:\/\/tourcruiser.com\/de\/","logo":{"@type":"ImageObject","inLanguage":"de","@id":"https:\/\/tourcruiser.com\/de\/#\/schema\/logo\/image\/","url":"https:\/\/www.tourcruiser.com\/wp-content\/uploads\/2025\/12\/logo.png","contentUrl":"https:\/\/www.tourcruiser.com\/wp-content\/uploads\/2025\/12\/logo.png","width":200,"height":65,"caption":"STYLORAL PTE. LTD"},"image":{"@id":"https:\/\/tourcruiser.com\/de\/#\/schema\/logo\/image\/"}}]}},"_links":{"self":[{"href":"https:\/\/tourcruiser.com\/de\/wp-json\/wp\/v2\/product\/33194","targetHints":{"allow":["GET"]}}],"collection":[{"href":"https:\/\/tourcruiser.com\/de\/wp-json\/wp\/v2\/product"}],"about":[{"href":"https:\/\/tourcruiser.com\/de\/wp-json\/wp\/v2\/types\/product"}],"replies":[{"embeddable":true,"href":"https:\/\/tourcruiser.com\/de\/wp-json\/wp\/v2\/comments?post=33194"}],"wp:featuredmedia":[{"embeddable":true,"href":"https:\/\/tourcruiser.com\/de\/wp-json\/wp\/v2\/media\/33195"}],"wp:attachment":[{"href":"https:\/\/tourcruiser.com\/de\/wp-json\/wp\/v2\/media?parent=33194"}],"wp:term":[{"taxonomy":"product_brand","embeddable":true,"href":"https:\/\/tourcruiser.com\/de\/wp-json\/wp\/v2\/product_brand?post=33194"},{"taxonomy":"product_cat","embeddable":true,"href":"https:\/\/tourcruiser.com\/de\/wp-json\/wp\/v2\/product_cat?post=33194"},{"taxonomy":"product_tag","embeddable":true,"href":"https:\/\/tourcruiser.com\/de\/wp-json\/wp\/v2\/product_tag?post=33194"}],"curies":[{"name":"wp","href":"https:\/\/api.w.org\/{rel}","templated":true}]}}