{"id":32715,"date":"2026-03-02T14:42:43","date_gmt":"2026-03-02T07:42:43","guid":{"rendered":"http:\/\/tourcruiser.com\/product\/asics-ds-light-club-tf-wide-white-tuna-blue"},"modified":"2026-03-28T00:42:33","modified_gmt":"2026-03-27T17:42:33","slug":"asics-ds-light-club-tf-wide-white-tuna-blue","status":"publish","type":"product","link":"https:\/\/tourcruiser.com\/de\/products\/asics-ds-light-club-tf-wide-white-tuna-blue\/","title":{"rendered":"ASICS Ds Light Club Tf Wide &#8218;White Tuna Blue&#8216;"},"content":{"rendered":"<p>Verbessere dein Spiel mit dem ASICS DS Light Club TF Wide &#8218;White Tuna Blue&#8216; 1103A112-100, einem vielseitigen Turf-Fu\u00dfballschuh, der Komfort und Leistung vereint. Dank seiner breiten Passform bietet dieses Modell viel Platz f\u00fcr deine F\u00fc\u00dfe und sorgt so f\u00fcr sicheren und bequemen Halt auch bei intensivem Spiel. Die elegante Kombination aus wei\u00dfen und tunfischblauen Akzenten verleiht ihm einen modernen Look, der auf und neben dem Platz \u00fcberzeugt. Ausgestattet mit fortschrittlicher Traktionstechnologie bietet dieser Schuh exzellenten Grip auf Kunstrasen und erm\u00f6glicht so schnelle Richtungswechsel und optimale Agilit\u00e4t. Die leichte Konstruktion erh\u00f6ht die Geschwindigkeit und reduziert die Erm\u00fcdung, damit du l\u00e4nger H\u00f6chstleistungen erbringen kannst. Gefertigt aus hochwertigen Materialien, garantiert der DS Light Club TF Wide Langlebigkeit und dauerhafte Performance \u201d\u201c perfekt f\u00fcr Spieler aller Leistungsstufen. Ob Training oder Wettkampf \u201d\u201c dieser Schuh vereint Funktionalit\u00e4t, Stil und Qualit\u00e4t, damit du die Kontrolle beh\u00e4ltst und deine Bestleistung abrufen kannst.<\/p>\n<ul>\n<li><strong>Farbgebung:<\/strong> Wei\u00df\/Tuna Blue<\/li>\n<li><strong>Artikelnummer:<\/strong> 1103A112-100<\/li>\n<li><strong>Farbe:<\/strong> Wei\u00df<\/li>\n<\/ul>\n","protected":false},"excerpt":{"rendered":"<p>ASICS Ds Light Club Tf Wide \u201d\u201d White\/Tuna Blue<\/p>\n","protected":false},"featured_media":32716,"comment_status":"open","ping_status":"closed","template":"","meta":[],"product_brand":[],"product_cat":[10792],"product_tag":[10791,10753,10802,10986,10987,12449,10758,13187],"class_list":{"0":"post-32715","1":"product","2":"type-product","3":"status-publish","4":"has-post-thumbnail","6":"product_cat-asics","7":"product_tag-asics","8":"product_tag-gift-for-him","9":"product_tag-performance-sport-shoes","10":"product_tag-soccer-shoes","11":"product_tag-soccer-shoes-football-cleats","12":"product_tag-turf-tf-football-boots","13":"product_tag-under-retail","14":"product_tag-wide-soccer-shoes","15":"wcpa_has_options","17":"first","18":"outofstock","19":"taxable","20":"shipping-taxable","21":"purchasable","22":"product-type-simple"},"wcpa_form_fields":{"rules":{"pric_overide_base_price":false,"pric_overide_base_price_if_gt_zero":false,"pric_overide_base_price_fully":false,"pric_cal_option_once":false,"pric_use_as_fee":false,"bind_quantity":false,"quantity_bind_formula":false},"fields":[{"type":"color-group","required":true,"elementId":"wcpa-color-group-69a5ab08ee12d","label":"Gr\u00f6\u00dfe","inline":true,"priceOptions":"different_for_all","pricingType":"fixed","className":"hassizechart product-shoes-size-eu product-shoes-size","name":"color-group-69a5ab08ee136","disp_type":"square","selection_type":"tick-border","disp_size":"50","show_label_inside":true,"adjust_width":true,"cart_display_type":"text","other_text":"Other","cl_rule":"show","col":6,"values":[{"label":"36","value":"EU 36","price":"","pimage":"","pimage_id":"","pthumb":"","color":"","selected":true},{"label":"37","value":"EU 37","price":"","pimage":"","pimage_id":"","pthumb":"","color":""},{"label":"37.5","value":"EU 37.5","price":"","pimage":"","pimage_id":"","pthumb":"","color":""},{"label":"38","value":"EU 38","price":"","pimage":"","pimage_id":"","pthumb":"","color":""},{"label":"38.5","value":"EU 38.5","price":"","pimage":"","pimage_id":"","pthumb":"","color":""},{"label":"39","value":"EU 39","price":"","pimage":"","pimage_id":"","pthumb":"","color":""},{"label":"39.5","value":"EU 39.5","price":"","pimage":"","pimage_id":"","pthumb":"","color":""},{"label":"40","value":"EU 40","price":"","pimage":"","pimage_id":"","pthumb":"","color":""},{"label":"40.5","value":"EU 40.5","price":"","pimage":"","pimage_id":"","pthumb":"","color":""},{"label":" 41.5","value":"EU 41.5","price":"","pimage":"","pimage_id":"","pthumb":"","color":""},{"label":"42","value":"EU 42","price":"","pimage":"","pimage_id":"","pthumb":"","color":""},{"label":"42.5","value":"EU 42.5","price":"","pimage":"","pimage_id":"","pthumb":"","color":""},{"label":"43.5","value":"EU 43.5","price":"","pimage":"","pimage_id":"","pthumb":"","color":""},{"label":"44","value":"EU 44","price":"","pimage":"","pimage_id":"","pthumb":"","color":""},{"label":"44.5","value":"EU 44.5","price":"","pimage":"","pimage_id":"","pthumb":"","color":""},{"label":"45","value":"EU 45","price":"","pimage":"","pimage_id":"","pthumb":"","color":""}],"relations":[{"operator":false,"rules":[]}],"form_id":184311,"form_rules":{"pric_cal_option_once":false,"exclude_from_discount":false,"pric_use_as_fee":false,"fee_label":"Fee","render_after_acb":false,"disp_hide_options_price":false}}]},"yoast_head":"<!-- This site is optimized with the Yoast SEO plugin v26.5 - https:\/\/yoast.com\/wordpress\/plugins\/seo\/ -->\n<title>ASICS Ds Light Club Tf Wide &#039;White Tuna Blue&#039;  - Tourcruiser PTE. LTD<\/title>\n<meta name=\"robots\" content=\"index, follow, max-snippet:-1, max-image-preview:large, max-video-preview:-1\" \/>\n<link rel=\"canonical\" href=\"https:\/\/tourcruiser.com\/\" \/>\n<meta property=\"og:locale\" content=\"de_DE\" \/>\n<meta property=\"og:type\" content=\"article\" \/>\n<meta property=\"og:title\" content=\"ASICS Ds Light Club Tf Wide &#039;White Tuna Blue&#039;  - Tourcruiser PTE. LTD\" \/>\n<meta property=\"og:description\" content=\"ASICS Ds Light Club Tf Wide \u201d\u201d White\/Tuna Blue\" \/>\n<meta property=\"og:url\" content=\"\/\" \/>\n<meta property=\"og:site_name\" content=\"Tourcruiser Sneaker Store\" \/>\n<meta property=\"article:modified_time\" content=\"2026-03-27T17:42:33+00:00\" \/>\n<meta name=\"twitter:card\" content=\"summary_large_image\" \/>\n<meta name=\"twitter:image\" content=\"https:\/\/images.novelship.com\/product\/asics_ds_light_club_tf_wide__white_tuna_blue__1103_0_24412.jpeg;https:\/\/images.novelship.com\/product\/asics_ds_light_club_tf_wide__white_tuna_blue__1103_1_24413.jpeg;https:\/\/images.novelship.com\/product\/asics_ds_light_club_tf_wide__white_tuna_blue__1103_2_24413.jpeg;https:\/\/images.novelship.com\/product\/asics_ds_light_club_tf_wide__white_tuna_blue__1103_3_24413.jpeg;https:\/\/images.novelship.com\/product\/asics_ds_light_club_tf_wide__white_tuna_blue__1103_4_24413.jpeg;https:\/\/images.novelship.com\/product\/asics_ds_light_club_tf_wide__white_tuna_blue__1103_5_24413.jpeg;https:\/\/images.novelship.com\/product\/asics_ds_light_club_tf_wide__white_tuna_blue__1103_6_24413.jpeg;https:\/\/images.novelship.com\/product\/asics_ds_light_club_tf_wide__white_tuna_blue__1103_7_24413.jpeg\" \/>\n<meta name=\"twitter:label1\" content=\"Gesch\u00e4tzte Lesezeit\" \/>\n\t<meta name=\"twitter:data1\" content=\"1\u00a0Minute\" \/>\n<script type=\"application\/ld+json\" class=\"yoast-schema-graph\">{\"@context\":\"https:\/\/schema.org\",\"@graph\":[{\"@type\":\"WebPage\",\"@id\":\"\/\",\"url\":\"https:\/\/tourcruiser.com\/\",\"name\":\"ASICS Ds Light Club Tf Wide 'White Tuna Blue' - Tourcruiser PTE. LTD\",\"isPartOf\":{\"@id\":\"https:\/\/tourcruiser.com\/de\/#website\"},\"primaryImageOfPage\":{\"@id\":\"https:\/\/tourcruiser.com\/#primaryimage\"},\"image\":{\"@id\":\"https:\/\/tourcruiser.com\/#primaryimage\"},\"thumbnailUrl\":\"https:\/\/images.novelship.com\/product\/asics_ds_light_club_tf_wide__white_tuna_blue__1103_0_24412.jpeg;https:\/\/images.novelship.com\/product\/asics_ds_light_club_tf_wide__white_tuna_blue__1103_1_24413.jpeg;https:\/\/images.novelship.com\/product\/asics_ds_light_club_tf_wide__white_tuna_blue__1103_2_24413.jpeg;https:\/\/images.novelship.com\/product\/asics_ds_light_club_tf_wide__white_tuna_blue__1103_3_24413.jpeg;https:\/\/images.novelship.com\/product\/asics_ds_light_club_tf_wide__white_tuna_blue__1103_4_24413.jpeg;https:\/\/images.novelship.com\/product\/asics_ds_light_club_tf_wide__white_tuna_blue__1103_5_24413.jpeg;https:\/\/images.novelship.com\/product\/asics_ds_light_club_tf_wide__white_tuna_blue__1103_6_24413.jpeg;https:\/\/images.novelship.com\/product\/asics_ds_light_club_tf_wide__white_tuna_blue__1103_7_24413.jpeg\",\"datePublished\":\"2026-03-02T07:42:43+00:00\",\"dateModified\":\"2026-03-27T17:42:33+00:00\",\"breadcrumb\":{\"@id\":\"https:\/\/tourcruiser.com\/#breadcrumb\"},\"inLanguage\":\"de\",\"potentialAction\":[{\"@type\":\"ReadAction\",\"target\":[\"https:\/\/tourcruiser.com\/\"]}]},{\"@type\":\"ImageObject\",\"inLanguage\":\"de\",\"@id\":\"https:\/\/tourcruiser.com\/#primaryimage\",\"url\":\"https:\/\/images.novelship.com\/product\/asics_ds_light_club_tf_wide__white_tuna_blue__1103_0_24412.jpeg;https:\/\/images.novelship.com\/product\/asics_ds_light_club_tf_wide__white_tuna_blue__1103_1_24413.jpeg;https:\/\/images.novelship.com\/product\/asics_ds_light_club_tf_wide__white_tuna_blue__1103_2_24413.jpeg;https:\/\/images.novelship.com\/product\/asics_ds_light_club_tf_wide__white_tuna_blue__1103_3_24413.jpeg;https:\/\/images.novelship.com\/product\/asics_ds_light_club_tf_wide__white_tuna_blue__1103_4_24413.jpeg;https:\/\/images.novelship.com\/product\/asics_ds_light_club_tf_wide__white_tuna_blue__1103_5_24413.jpeg;https:\/\/images.novelship.com\/product\/asics_ds_light_club_tf_wide__white_tuna_blue__1103_6_24413.jpeg;https:\/\/images.novelship.com\/product\/asics_ds_light_club_tf_wide__white_tuna_blue__1103_7_24413.jpeg\",\"contentUrl\":\"https:\/\/images.novelship.com\/product\/asics_ds_light_club_tf_wide__white_tuna_blue__1103_0_24412.jpeg;https:\/\/images.novelship.com\/product\/asics_ds_light_club_tf_wide__white_tuna_blue__1103_1_24413.jpeg;https:\/\/images.novelship.com\/product\/asics_ds_light_club_tf_wide__white_tuna_blue__1103_2_24413.jpeg;https:\/\/images.novelship.com\/product\/asics_ds_light_club_tf_wide__white_tuna_blue__1103_3_24413.jpeg;https:\/\/images.novelship.com\/product\/asics_ds_light_club_tf_wide__white_tuna_blue__1103_4_24413.jpeg;https:\/\/images.novelship.com\/product\/asics_ds_light_club_tf_wide__white_tuna_blue__1103_5_24413.jpeg;https:\/\/images.novelship.com\/product\/asics_ds_light_club_tf_wide__white_tuna_blue__1103_6_24413.jpeg;https:\/\/images.novelship.com\/product\/asics_ds_light_club_tf_wide__white_tuna_blue__1103_7_24413.jpeg\"},{\"@type\":\"BreadcrumbList\",\"@id\":\"https:\/\/tourcruiser.com\/#breadcrumb\",\"itemListElement\":[{\"@type\":\"ListItem\",\"position\":1,\"name\":\"Home\",\"item\":\"https:\/\/tourcruiser.com\/de\/\"},{\"@type\":\"ListItem\",\"position\":2,\"name\":\"Shop\",\"item\":\"https:\/\/tourcruiser.com\/de\/shop\/\"},{\"@type\":\"ListItem\",\"position\":3,\"name\":\"ASICS Ds Light Club Tf Wide &#8218;White Tuna Blue&#8216;\"}]},{\"@type\":\"WebSite\",\"@id\":\"https:\/\/tourcruiser.com\/de\/#website\",\"url\":\"https:\/\/tourcruiser.com\/de\/\",\"name\":\"Styloral Jewelry Shop\",\"description\":\"Tourcruiser Sneaker Store \u2014 der Ort, an dem das Universum deine Einzigartigkeit trifft.\",\"publisher\":{\"@id\":\"https:\/\/tourcruiser.com\/de\/#organization\"},\"potentialAction\":[{\"@type\":\"SearchAction\",\"target\":{\"@type\":\"EntryPoint\",\"urlTemplate\":\"https:\/\/tourcruiser.com\/de\/?s={search_term_string}\"},\"query-input\":{\"@type\":\"PropertyValueSpecification\",\"valueRequired\":true,\"valueName\":\"search_term_string\"}}],\"inLanguage\":\"de\"},{\"@type\":\"Organization\",\"@id\":\"https:\/\/tourcruiser.com\/de\/#organization\",\"name\":\"STYLORAL PTE. LTD\",\"url\":\"https:\/\/tourcruiser.com\/de\/\",\"logo\":{\"@type\":\"ImageObject\",\"inLanguage\":\"de\",\"@id\":\"https:\/\/tourcruiser.com\/de\/#\/schema\/logo\/image\/\",\"url\":\"https:\/\/www.tourcruiser.com\/wp-content\/uploads\/2025\/12\/logo.png\",\"contentUrl\":\"https:\/\/www.tourcruiser.com\/wp-content\/uploads\/2025\/12\/logo.png\",\"width\":200,\"height\":65,\"caption\":\"STYLORAL PTE. LTD\"},\"image\":{\"@id\":\"https:\/\/tourcruiser.com\/de\/#\/schema\/logo\/image\/\"}}]}<\/script>\n<!-- \/ Yoast SEO plugin. -->","yoast_head_json":{"title":"ASICS Ds Light Club Tf Wide 'White Tuna Blue'  - Tourcruiser PTE. LTD","robots":{"index":"index","follow":"follow","max-snippet":"max-snippet:-1","max-image-preview":"max-image-preview:large","max-video-preview":"max-video-preview:-1"},"canonical":"https:\/\/tourcruiser.com\/","og_locale":"de_DE","og_type":"article","og_title":"ASICS Ds Light Club Tf Wide 'White Tuna Blue'  - Tourcruiser PTE. LTD","og_description":"ASICS Ds Light Club Tf Wide \u201d\u201d White\/Tuna Blue","og_url":"\/","og_site_name":"Tourcruiser Sneaker Store","article_modified_time":"2026-03-27T17:42:33+00:00","twitter_card":"summary_large_image","twitter_image":"https:\/\/images.novelship.com\/product\/asics_ds_light_club_tf_wide__white_tuna_blue__1103_0_24412.jpeg;https:\/\/images.novelship.com\/product\/asics_ds_light_club_tf_wide__white_tuna_blue__1103_1_24413.jpeg;https:\/\/images.novelship.com\/product\/asics_ds_light_club_tf_wide__white_tuna_blue__1103_2_24413.jpeg;https:\/\/images.novelship.com\/product\/asics_ds_light_club_tf_wide__white_tuna_blue__1103_3_24413.jpeg;https:\/\/images.novelship.com\/product\/asics_ds_light_club_tf_wide__white_tuna_blue__1103_4_24413.jpeg;https:\/\/images.novelship.com\/product\/asics_ds_light_club_tf_wide__white_tuna_blue__1103_5_24413.jpeg;https:\/\/images.novelship.com\/product\/asics_ds_light_club_tf_wide__white_tuna_blue__1103_6_24413.jpeg;https:\/\/images.novelship.com\/product\/asics_ds_light_club_tf_wide__white_tuna_blue__1103_7_24413.jpeg","twitter_misc":{"Gesch\u00e4tzte Lesezeit":"1\u00a0Minute"},"schema":{"@context":"https:\/\/schema.org","@graph":[{"@type":"WebPage","@id":"\/","url":"https:\/\/tourcruiser.com\/","name":"ASICS Ds Light Club Tf Wide 'White Tuna Blue' - Tourcruiser PTE. LTD","isPartOf":{"@id":"https:\/\/tourcruiser.com\/de\/#website"},"primaryImageOfPage":{"@id":"https:\/\/tourcruiser.com\/#primaryimage"},"image":{"@id":"https:\/\/tourcruiser.com\/#primaryimage"},"thumbnailUrl":"https:\/\/images.novelship.com\/product\/asics_ds_light_club_tf_wide__white_tuna_blue__1103_0_24412.jpeg;https:\/\/images.novelship.com\/product\/asics_ds_light_club_tf_wide__white_tuna_blue__1103_1_24413.jpeg;https:\/\/images.novelship.com\/product\/asics_ds_light_club_tf_wide__white_tuna_blue__1103_2_24413.jpeg;https:\/\/images.novelship.com\/product\/asics_ds_light_club_tf_wide__white_tuna_blue__1103_3_24413.jpeg;https:\/\/images.novelship.com\/product\/asics_ds_light_club_tf_wide__white_tuna_blue__1103_4_24413.jpeg;https:\/\/images.novelship.com\/product\/asics_ds_light_club_tf_wide__white_tuna_blue__1103_5_24413.jpeg;https:\/\/images.novelship.com\/product\/asics_ds_light_club_tf_wide__white_tuna_blue__1103_6_24413.jpeg;https:\/\/images.novelship.com\/product\/asics_ds_light_club_tf_wide__white_tuna_blue__1103_7_24413.jpeg","datePublished":"2026-03-02T07:42:43+00:00","dateModified":"2026-03-27T17:42:33+00:00","breadcrumb":{"@id":"https:\/\/tourcruiser.com\/#breadcrumb"},"inLanguage":"de","potentialAction":[{"@type":"ReadAction","target":["https:\/\/tourcruiser.com\/"]}]},{"@type":"ImageObject","inLanguage":"de","@id":"https:\/\/tourcruiser.com\/#primaryimage","url":"https:\/\/images.novelship.com\/product\/asics_ds_light_club_tf_wide__white_tuna_blue__1103_0_24412.jpeg;https:\/\/images.novelship.com\/product\/asics_ds_light_club_tf_wide__white_tuna_blue__1103_1_24413.jpeg;https:\/\/images.novelship.com\/product\/asics_ds_light_club_tf_wide__white_tuna_blue__1103_2_24413.jpeg;https:\/\/images.novelship.com\/product\/asics_ds_light_club_tf_wide__white_tuna_blue__1103_3_24413.jpeg;https:\/\/images.novelship.com\/product\/asics_ds_light_club_tf_wide__white_tuna_blue__1103_4_24413.jpeg;https:\/\/images.novelship.com\/product\/asics_ds_light_club_tf_wide__white_tuna_blue__1103_5_24413.jpeg;https:\/\/images.novelship.com\/product\/asics_ds_light_club_tf_wide__white_tuna_blue__1103_6_24413.jpeg;https:\/\/images.novelship.com\/product\/asics_ds_light_club_tf_wide__white_tuna_blue__1103_7_24413.jpeg","contentUrl":"https:\/\/images.novelship.com\/product\/asics_ds_light_club_tf_wide__white_tuna_blue__1103_0_24412.jpeg;https:\/\/images.novelship.com\/product\/asics_ds_light_club_tf_wide__white_tuna_blue__1103_1_24413.jpeg;https:\/\/images.novelship.com\/product\/asics_ds_light_club_tf_wide__white_tuna_blue__1103_2_24413.jpeg;https:\/\/images.novelship.com\/product\/asics_ds_light_club_tf_wide__white_tuna_blue__1103_3_24413.jpeg;https:\/\/images.novelship.com\/product\/asics_ds_light_club_tf_wide__white_tuna_blue__1103_4_24413.jpeg;https:\/\/images.novelship.com\/product\/asics_ds_light_club_tf_wide__white_tuna_blue__1103_5_24413.jpeg;https:\/\/images.novelship.com\/product\/asics_ds_light_club_tf_wide__white_tuna_blue__1103_6_24413.jpeg;https:\/\/images.novelship.com\/product\/asics_ds_light_club_tf_wide__white_tuna_blue__1103_7_24413.jpeg"},{"@type":"BreadcrumbList","@id":"https:\/\/tourcruiser.com\/#breadcrumb","itemListElement":[{"@type":"ListItem","position":1,"name":"Home","item":"https:\/\/tourcruiser.com\/de\/"},{"@type":"ListItem","position":2,"name":"Shop","item":"https:\/\/tourcruiser.com\/de\/shop\/"},{"@type":"ListItem","position":3,"name":"ASICS Ds Light Club Tf Wide &#8218;White Tuna Blue&#8216;"}]},{"@type":"WebSite","@id":"https:\/\/tourcruiser.com\/de\/#website","url":"https:\/\/tourcruiser.com\/de\/","name":"Styloral Jewelry Shop","description":"Tourcruiser Sneaker Store \u2014 der Ort, an dem das Universum deine Einzigartigkeit trifft.","publisher":{"@id":"https:\/\/tourcruiser.com\/de\/#organization"},"potentialAction":[{"@type":"SearchAction","target":{"@type":"EntryPoint","urlTemplate":"https:\/\/tourcruiser.com\/de\/?s={search_term_string}"},"query-input":{"@type":"PropertyValueSpecification","valueRequired":true,"valueName":"search_term_string"}}],"inLanguage":"de"},{"@type":"Organization","@id":"https:\/\/tourcruiser.com\/de\/#organization","name":"STYLORAL PTE. LTD","url":"https:\/\/tourcruiser.com\/de\/","logo":{"@type":"ImageObject","inLanguage":"de","@id":"https:\/\/tourcruiser.com\/de\/#\/schema\/logo\/image\/","url":"https:\/\/www.tourcruiser.com\/wp-content\/uploads\/2025\/12\/logo.png","contentUrl":"https:\/\/www.tourcruiser.com\/wp-content\/uploads\/2025\/12\/logo.png","width":200,"height":65,"caption":"STYLORAL PTE. LTD"},"image":{"@id":"https:\/\/tourcruiser.com\/de\/#\/schema\/logo\/image\/"}}]}},"_links":{"self":[{"href":"https:\/\/tourcruiser.com\/de\/wp-json\/wp\/v2\/product\/32715","targetHints":{"allow":["GET"]}}],"collection":[{"href":"https:\/\/tourcruiser.com\/de\/wp-json\/wp\/v2\/product"}],"about":[{"href":"https:\/\/tourcruiser.com\/de\/wp-json\/wp\/v2\/types\/product"}],"replies":[{"embeddable":true,"href":"https:\/\/tourcruiser.com\/de\/wp-json\/wp\/v2\/comments?post=32715"}],"wp:featuredmedia":[{"embeddable":true,"href":"https:\/\/tourcruiser.com\/de\/wp-json\/wp\/v2\/media\/32716"}],"wp:attachment":[{"href":"https:\/\/tourcruiser.com\/de\/wp-json\/wp\/v2\/media?parent=32715"}],"wp:term":[{"taxonomy":"product_brand","embeddable":true,"href":"https:\/\/tourcruiser.com\/de\/wp-json\/wp\/v2\/product_brand?post=32715"},{"taxonomy":"product_cat","embeddable":true,"href":"https:\/\/tourcruiser.com\/de\/wp-json\/wp\/v2\/product_cat?post=32715"},{"taxonomy":"product_tag","embeddable":true,"href":"https:\/\/tourcruiser.com\/de\/wp-json\/wp\/v2\/product_tag?post=32715"}],"curies":[{"name":"wp","href":"https:\/\/api.w.org\/{rel}","templated":true}]}}