{"id":32290,"date":"2026-03-02T14:42:10","date_gmt":"2026-03-02T07:42:10","guid":{"rendered":"http:\/\/tourcruiser.com\/product\/women-nike-al8-black"},"modified":"2026-03-28T00:42:09","modified_gmt":"2026-03-27T17:42:09","slug":"women-nike-al8-black","status":"publish","type":"product","link":"https:\/\/tourcruiser.com\/de\/products\/women-nike-al8-black\/","title":{"rendered":"(Women) Nike AL8 &#8218;Black&#8216;"},"content":{"rendered":"<p>Der Nike AL8 &#8218;Black&#8216; FJ3794-002 f\u00fcr Damen vereint ein elegantes, komplett schwarzes Design mit erstklassigem Komfort und Performance und ist damit der perfekte Schuh f\u00fcr einen aktiven und l\u00e4ssigen Lifestyle. Das leichte, atmungsaktive Mesh-Obermaterial sorgt f\u00fcr ganzt\u00e4gige Bel\u00fcftung und eine optimale Passform. Die reaktionsfreudige Mittelsohlend\u00e4mpfung bietet hervorragende Unterst\u00fctzung und Energier\u00fcckgabe f\u00fcr ein geschmeidiges, m\u00fcheloses Laufgef\u00fchl \u201d\u201c egal ob in der Stadt oder im Fitnessstudio. Die strapazierf\u00e4hige Gummiau\u00dfensohle bietet hervorragende Traktion und Grip f\u00fcr sicheren Halt auf unterschiedlichsten Untergr\u00fcnden. Minimalistische \u00c4sthetik und moderne Details machen den Nike AL8 &#8218;Black&#8216; zu einer vielseitigen Erg\u00e4nzung f\u00fcr Ihre Garderobe. Er passt sich m\u00fchelos jedem Outfit an und unterstreicht Ihren Style. Dieser Sneaker wurde perfekt f\u00fcr alle entwickelt, die Wert auf ein harmonisches Gleichgewicht zwischen Funktionalit\u00e4t und Mode legen. Er passt sich Ihrem Tempo an und unterst\u00fctzt Sie bei jedem Schritt. Mit h\u00f6chstem Anspruch an Qualit\u00e4t und Innovation im Gep\u00e4ck verk\u00f6rpert er Nikes Engagement f\u00fcr h\u00f6chste Anspr\u00fcche. Mit dem Nike AL8 &#8218;Black&#8216; FJ3794-002 verleihst du deinem Schuh-Look ein Upgrade \u201d\u201c die ideale Kombination aus moderner Performance und zeitlosem Design f\u00fcr Frauen, die nur das Beste verdienen.<\/p>\n<ul>\n<li><strong>Farbgebung:<\/strong> Schwarz\/Schwarz<\/li>\n<li><strong>Artikelnummer:<\/strong> FJ3794-002<\/li>\n<li><strong>Obermaterial:<\/strong> Wildleder<\/li>\n<li><strong>Farbe:<\/strong> Schwarz<\/li>\n<\/ul>\n","protected":false},"excerpt":{"rendered":"<p>Nike AL 8 \u201d\u201d Black\/Black<\/p>\n","protected":false},"featured_media":32291,"comment_status":"open","ping_status":"closed","template":"","meta":[],"product_brand":[],"product_cat":[10809],"product_tag":[10750,10926,10754,10765,10801,10768,10758],"class_list":{"0":"post-32290","1":"product","2":"type-product","3":"status-publish","4":"has-post-thumbnail","6":"product_cat-nike-women","7":"product_tag-athleisure-shoes","8":"product_tag-gift-for-her","9":"product_tag-lifestyle-casual-shoes","10":"product_tag-lifestyle-shoes-running-inspired","11":"product_tag-nike","12":"product_tag-retro-running-shoes","13":"product_tag-under-retail","14":"wcpa_has_options","16":"first","17":"outofstock","18":"taxable","19":"shipping-taxable","20":"purchasable","21":"product-type-simple"},"wcpa_form_fields":{"rules":{"pric_overide_base_price":false,"pric_overide_base_price_if_gt_zero":false,"pric_overide_base_price_fully":false,"pric_cal_option_once":false,"pric_use_as_fee":false,"bind_quantity":false,"quantity_bind_formula":false},"fields":[{"type":"color-group","required":true,"elementId":"wcpa-color-group-66c4a75505e74","label":"Gr\u00f6\u00dfe - EU Gr\u00f6\u00dfe","inline":true,"priceOptions":"different_for_all","pricingType":"fixed","className":"hassizechart product-shoes-size-eu product-shoes-size","name":"color-group-66c4a75505e89","disp_type":"square","selection_type":"tick-border","disp_size":"44","show_label_inside":true,"adjust_width":true,"cart_display_type":"text","other_text":"Other","cl_rule":"show","col":6,"values":[{"label":"35.5","value":"EU 35.5","price":"","pimage":"","pimage_id":"","pthumb":"","color":""},{"label":"36","value":"EU 36","price":"","pimage":"","pimage_id":"","pthumb":"","color":"","selected":true},{"label":"36.5","value":"EU 36.5","price":"","pimage":"","pimage_id":"","pthumb":"","color":""},{"label":"37.5","value":"EU 37.5","price":"","pimage":"","pimage_id":"","pthumb":"","color":""},{"label":"38","value":"EU 38","price":"","pimage":"","pimage_id":"","pthumb":"","color":""},{"label":"38.5","value":"EU 38.5","price":"","pimage":"","pimage_id":"","pthumb":"","color":""},{"label":"39","value":"EU 39","price":"","pimage":"","pimage_id":"","pthumb":"","color":""},{"label":"40","value":"EU 40","price":"","pimage":"","pimage_id":"","pthumb":"","color":""},{"label":"40.5","value":"EU 40.5","price":"","pimage":"","pimage_id":"","pthumb":"","color":""},{"label":"41","value":"EU 41","price":"","pimage":"","pimage_id":"","pthumb":"","color":""},{"label":"42","value":"EU 42","price":"","pimage":"","pimage_id":"","pthumb":"","color":""},{"label":"42.5","value":"EU 42.5","price":"","pimage":"","pimage_id":"","pthumb":"","color":""},{"label":"43","value":"EU 43","price":"","pimage":"","pimage_id":"","pthumb":"","color":""},{"label":"44","value":"EU 44","price":"","pimage":"","pimage_id":"","pthumb":"","color":""},{"label":"44.5","value":"EU 44.5","price":"","pimage":"","pimage_id":"","pthumb":"","color":""},{"label":"45","value":"EU 45","price":"","pimage":"","pimage_id":"","pthumb":"","color":""},{"label":"45.5","value":"EU 45.5","price":"","pimage":"","pimage_id":"","pthumb":"","color":""},{"label":"46","value":"EU 46","price":"","pimage":"","pimage_id":"","pthumb":"","color":""},{"label":"47","value":"EU 47","price":"","pimage":"","pimage_id":"","pthumb":"","color":""},{"label":"47.5","value":"EU 47.5","price":"","pimage":"","pimage_id":"","pthumb":"","color":""},{"label":"48","value":"EU 48","price":"","pimage":"","pimage_id":"","pthumb":"","color":""}],"relations":[{"operator":false,"rules":[]}],"form_id":18106,"form_rules":{"pric_cal_option_once":false,"exclude_from_discount":false,"pric_use_as_fee":false,"fee_label":"Fee","render_after_acb":false,"disp_hide_options_price":false}}]},"yoast_head":"<!-- This site is optimized with the Yoast SEO plugin v26.5 - https:\/\/yoast.com\/wordpress\/plugins\/seo\/ -->\n<title>(Women) Nike AL8 &#039;Black&#039;  - Tourcruiser PTE. LTD<\/title>\n<meta name=\"robots\" content=\"index, follow, max-snippet:-1, max-image-preview:large, max-video-preview:-1\" \/>\n<link rel=\"canonical\" href=\"https:\/\/tourcruiser.com\/de\/products\/women-nike-al8-black\/\" \/>\n<meta property=\"og:locale\" content=\"de_DE\" \/>\n<meta property=\"og:type\" content=\"article\" \/>\n<meta property=\"og:title\" content=\"(Women) Nike AL8 &#039;Black&#039;  - Tourcruiser PTE. LTD\" \/>\n<meta property=\"og:description\" content=\"Nike AL 8 \u201d\u201d Black\/Black\" \/>\n<meta property=\"og:url\" content=\"https:\/\/tourcruiser.com\/de\/products\/women-nike-al8-black\/\" \/>\n<meta property=\"og:site_name\" content=\"Tourcruiser Sneaker Store\" \/>\n<meta property=\"article:modified_time\" content=\"2026-03-27T17:42:09+00:00\" \/>\n<meta name=\"twitter:card\" content=\"summary_large_image\" \/>\n<meta name=\"twitter:image\" content=\"https:\/\/images.novelship.com\/product\/_women__nike_al8__black__fj3794-002_0_66527.jpeg;https:\/\/images.novelship.com\/product\/_women__nike_al8__black__fj3794-002_1_66527.jpeg;https:\/\/images.novelship.com\/product\/_women__nike_al8__black__fj3794-002_2_66527.jpeg;https:\/\/images.novelship.com\/product\/_women__nike_al8__black__fj3794-002_3_66527.jpeg;https:\/\/images.novelship.com\/product\/_women__nike_al8__black__fj3794-002_4_66527.jpeg;https:\/\/images.novelship.com\/product\/_women__nike_al8__black__fj3794-002_5_66527.jpeg;https:\/\/images.novelship.com\/product\/_women__nike_al8__black__fj3794-002_6_66527.jpeg;https:\/\/images.novelship.com\/product\/_women__nike_al8__black__fj3794-002_7_66527.jpeg\" \/>\n<meta name=\"twitter:label1\" content=\"Gesch\u00e4tzte Lesezeit\" \/>\n\t<meta name=\"twitter:data1\" content=\"1\u00a0Minute\" \/>\n<script type=\"application\/ld+json\" class=\"yoast-schema-graph\">{\"@context\":\"https:\/\/schema.org\",\"@graph\":[{\"@type\":\"WebPage\",\"@id\":\"https:\/\/tourcruiser.com\/de\/products\/women-nike-al8-black\/\",\"url\":\"https:\/\/tourcruiser.com\/de\/products\/women-nike-al8-black\/\",\"name\":\"(Women) Nike AL8 'Black' - Tourcruiser PTE. LTD\",\"isPartOf\":{\"@id\":\"https:\/\/tourcruiser.com\/de\/#website\"},\"primaryImageOfPage\":{\"@id\":\"https:\/\/tourcruiser.com\/de\/products\/women-nike-al8-black\/#primaryimage\"},\"image\":{\"@id\":\"https:\/\/tourcruiser.com\/de\/products\/women-nike-al8-black\/#primaryimage\"},\"thumbnailUrl\":\"https:\/\/images.novelship.com\/product\/_women__nike_al8__black__fj3794-002_0_66527.jpeg;https:\/\/images.novelship.com\/product\/_women__nike_al8__black__fj3794-002_1_66527.jpeg;https:\/\/images.novelship.com\/product\/_women__nike_al8__black__fj3794-002_2_66527.jpeg;https:\/\/images.novelship.com\/product\/_women__nike_al8__black__fj3794-002_3_66527.jpeg;https:\/\/images.novelship.com\/product\/_women__nike_al8__black__fj3794-002_4_66527.jpeg;https:\/\/images.novelship.com\/product\/_women__nike_al8__black__fj3794-002_5_66527.jpeg;https:\/\/images.novelship.com\/product\/_women__nike_al8__black__fj3794-002_6_66527.jpeg;https:\/\/images.novelship.com\/product\/_women__nike_al8__black__fj3794-002_7_66527.jpeg\",\"datePublished\":\"2026-03-02T07:42:10+00:00\",\"dateModified\":\"2026-03-27T17:42:09+00:00\",\"breadcrumb\":{\"@id\":\"https:\/\/tourcruiser.com\/de\/products\/women-nike-al8-black\/#breadcrumb\"},\"inLanguage\":\"de\",\"potentialAction\":[{\"@type\":\"ReadAction\",\"target\":[\"https:\/\/tourcruiser.com\/de\/products\/women-nike-al8-black\/\"]}]},{\"@type\":\"ImageObject\",\"inLanguage\":\"de\",\"@id\":\"https:\/\/tourcruiser.com\/de\/products\/women-nike-al8-black\/#primaryimage\",\"url\":\"https:\/\/images.novelship.com\/product\/_women__nike_al8__black__fj3794-002_0_66527.jpeg;https:\/\/images.novelship.com\/product\/_women__nike_al8__black__fj3794-002_1_66527.jpeg;https:\/\/images.novelship.com\/product\/_women__nike_al8__black__fj3794-002_2_66527.jpeg;https:\/\/images.novelship.com\/product\/_women__nike_al8__black__fj3794-002_3_66527.jpeg;https:\/\/images.novelship.com\/product\/_women__nike_al8__black__fj3794-002_4_66527.jpeg;https:\/\/images.novelship.com\/product\/_women__nike_al8__black__fj3794-002_5_66527.jpeg;https:\/\/images.novelship.com\/product\/_women__nike_al8__black__fj3794-002_6_66527.jpeg;https:\/\/images.novelship.com\/product\/_women__nike_al8__black__fj3794-002_7_66527.jpeg\",\"contentUrl\":\"https:\/\/images.novelship.com\/product\/_women__nike_al8__black__fj3794-002_0_66527.jpeg;https:\/\/images.novelship.com\/product\/_women__nike_al8__black__fj3794-002_1_66527.jpeg;https:\/\/images.novelship.com\/product\/_women__nike_al8__black__fj3794-002_2_66527.jpeg;https:\/\/images.novelship.com\/product\/_women__nike_al8__black__fj3794-002_3_66527.jpeg;https:\/\/images.novelship.com\/product\/_women__nike_al8__black__fj3794-002_4_66527.jpeg;https:\/\/images.novelship.com\/product\/_women__nike_al8__black__fj3794-002_5_66527.jpeg;https:\/\/images.novelship.com\/product\/_women__nike_al8__black__fj3794-002_6_66527.jpeg;https:\/\/images.novelship.com\/product\/_women__nike_al8__black__fj3794-002_7_66527.jpeg\"},{\"@type\":\"BreadcrumbList\",\"@id\":\"https:\/\/tourcruiser.com\/de\/products\/women-nike-al8-black\/#breadcrumb\",\"itemListElement\":[{\"@type\":\"ListItem\",\"position\":1,\"name\":\"Home\",\"item\":\"https:\/\/tourcruiser.com\/de\/\"},{\"@type\":\"ListItem\",\"position\":2,\"name\":\"Shop\",\"item\":\"https:\/\/tourcruiser.com\/de\/shop\/\"},{\"@type\":\"ListItem\",\"position\":3,\"name\":\"(Women) Nike AL8 'Black'\"}]},{\"@type\":\"WebSite\",\"@id\":\"https:\/\/tourcruiser.com\/de\/#website\",\"url\":\"https:\/\/tourcruiser.com\/de\/\",\"name\":\"Styloral Jewelry Shop\",\"description\":\"Tourcruiser Sneaker Store \u2014 der Ort, an dem das Universum deine Einzigartigkeit trifft.\",\"publisher\":{\"@id\":\"https:\/\/tourcruiser.com\/de\/#organization\"},\"potentialAction\":[{\"@type\":\"SearchAction\",\"target\":{\"@type\":\"EntryPoint\",\"urlTemplate\":\"https:\/\/tourcruiser.com\/de\/?s={search_term_string}\"},\"query-input\":{\"@type\":\"PropertyValueSpecification\",\"valueRequired\":true,\"valueName\":\"search_term_string\"}}],\"inLanguage\":\"de\"},{\"@type\":\"Organization\",\"@id\":\"https:\/\/tourcruiser.com\/de\/#organization\",\"name\":\"STYLORAL PTE. LTD\",\"url\":\"https:\/\/tourcruiser.com\/de\/\",\"logo\":{\"@type\":\"ImageObject\",\"inLanguage\":\"de\",\"@id\":\"https:\/\/tourcruiser.com\/de\/#\/schema\/logo\/image\/\",\"url\":\"https:\/\/www.tourcruiser.com\/wp-content\/uploads\/2025\/12\/logo.png\",\"contentUrl\":\"https:\/\/www.tourcruiser.com\/wp-content\/uploads\/2025\/12\/logo.png\",\"width\":200,\"height\":65,\"caption\":\"STYLORAL PTE. LTD\"},\"image\":{\"@id\":\"https:\/\/tourcruiser.com\/de\/#\/schema\/logo\/image\/\"}}]}<\/script>\n<!-- \/ Yoast SEO plugin. -->","yoast_head_json":{"title":"(Women) Nike AL8 'Black'  - Tourcruiser PTE. LTD","robots":{"index":"index","follow":"follow","max-snippet":"max-snippet:-1","max-image-preview":"max-image-preview:large","max-video-preview":"max-video-preview:-1"},"canonical":"https:\/\/tourcruiser.com\/de\/products\/women-nike-al8-black\/","og_locale":"de_DE","og_type":"article","og_title":"(Women) Nike AL8 'Black'  - Tourcruiser PTE. LTD","og_description":"Nike AL 8 \u201d\u201d Black\/Black","og_url":"https:\/\/tourcruiser.com\/de\/products\/women-nike-al8-black\/","og_site_name":"Tourcruiser Sneaker Store","article_modified_time":"2026-03-27T17:42:09+00:00","twitter_card":"summary_large_image","twitter_image":"https:\/\/images.novelship.com\/product\/_women__nike_al8__black__fj3794-002_0_66527.jpeg;https:\/\/images.novelship.com\/product\/_women__nike_al8__black__fj3794-002_1_66527.jpeg;https:\/\/images.novelship.com\/product\/_women__nike_al8__black__fj3794-002_2_66527.jpeg;https:\/\/images.novelship.com\/product\/_women__nike_al8__black__fj3794-002_3_66527.jpeg;https:\/\/images.novelship.com\/product\/_women__nike_al8__black__fj3794-002_4_66527.jpeg;https:\/\/images.novelship.com\/product\/_women__nike_al8__black__fj3794-002_5_66527.jpeg;https:\/\/images.novelship.com\/product\/_women__nike_al8__black__fj3794-002_6_66527.jpeg;https:\/\/images.novelship.com\/product\/_women__nike_al8__black__fj3794-002_7_66527.jpeg","twitter_misc":{"Gesch\u00e4tzte Lesezeit":"1\u00a0Minute"},"schema":{"@context":"https:\/\/schema.org","@graph":[{"@type":"WebPage","@id":"https:\/\/tourcruiser.com\/de\/products\/women-nike-al8-black\/","url":"https:\/\/tourcruiser.com\/de\/products\/women-nike-al8-black\/","name":"(Women) Nike AL8 'Black' - Tourcruiser PTE. LTD","isPartOf":{"@id":"https:\/\/tourcruiser.com\/de\/#website"},"primaryImageOfPage":{"@id":"https:\/\/tourcruiser.com\/de\/products\/women-nike-al8-black\/#primaryimage"},"image":{"@id":"https:\/\/tourcruiser.com\/de\/products\/women-nike-al8-black\/#primaryimage"},"thumbnailUrl":"https:\/\/images.novelship.com\/product\/_women__nike_al8__black__fj3794-002_0_66527.jpeg;https:\/\/images.novelship.com\/product\/_women__nike_al8__black__fj3794-002_1_66527.jpeg;https:\/\/images.novelship.com\/product\/_women__nike_al8__black__fj3794-002_2_66527.jpeg;https:\/\/images.novelship.com\/product\/_women__nike_al8__black__fj3794-002_3_66527.jpeg;https:\/\/images.novelship.com\/product\/_women__nike_al8__black__fj3794-002_4_66527.jpeg;https:\/\/images.novelship.com\/product\/_women__nike_al8__black__fj3794-002_5_66527.jpeg;https:\/\/images.novelship.com\/product\/_women__nike_al8__black__fj3794-002_6_66527.jpeg;https:\/\/images.novelship.com\/product\/_women__nike_al8__black__fj3794-002_7_66527.jpeg","datePublished":"2026-03-02T07:42:10+00:00","dateModified":"2026-03-27T17:42:09+00:00","breadcrumb":{"@id":"https:\/\/tourcruiser.com\/de\/products\/women-nike-al8-black\/#breadcrumb"},"inLanguage":"de","potentialAction":[{"@type":"ReadAction","target":["https:\/\/tourcruiser.com\/de\/products\/women-nike-al8-black\/"]}]},{"@type":"ImageObject","inLanguage":"de","@id":"https:\/\/tourcruiser.com\/de\/products\/women-nike-al8-black\/#primaryimage","url":"https:\/\/images.novelship.com\/product\/_women__nike_al8__black__fj3794-002_0_66527.jpeg;https:\/\/images.novelship.com\/product\/_women__nike_al8__black__fj3794-002_1_66527.jpeg;https:\/\/images.novelship.com\/product\/_women__nike_al8__black__fj3794-002_2_66527.jpeg;https:\/\/images.novelship.com\/product\/_women__nike_al8__black__fj3794-002_3_66527.jpeg;https:\/\/images.novelship.com\/product\/_women__nike_al8__black__fj3794-002_4_66527.jpeg;https:\/\/images.novelship.com\/product\/_women__nike_al8__black__fj3794-002_5_66527.jpeg;https:\/\/images.novelship.com\/product\/_women__nike_al8__black__fj3794-002_6_66527.jpeg;https:\/\/images.novelship.com\/product\/_women__nike_al8__black__fj3794-002_7_66527.jpeg","contentUrl":"https:\/\/images.novelship.com\/product\/_women__nike_al8__black__fj3794-002_0_66527.jpeg;https:\/\/images.novelship.com\/product\/_women__nike_al8__black__fj3794-002_1_66527.jpeg;https:\/\/images.novelship.com\/product\/_women__nike_al8__black__fj3794-002_2_66527.jpeg;https:\/\/images.novelship.com\/product\/_women__nike_al8__black__fj3794-002_3_66527.jpeg;https:\/\/images.novelship.com\/product\/_women__nike_al8__black__fj3794-002_4_66527.jpeg;https:\/\/images.novelship.com\/product\/_women__nike_al8__black__fj3794-002_5_66527.jpeg;https:\/\/images.novelship.com\/product\/_women__nike_al8__black__fj3794-002_6_66527.jpeg;https:\/\/images.novelship.com\/product\/_women__nike_al8__black__fj3794-002_7_66527.jpeg"},{"@type":"BreadcrumbList","@id":"https:\/\/tourcruiser.com\/de\/products\/women-nike-al8-black\/#breadcrumb","itemListElement":[{"@type":"ListItem","position":1,"name":"Home","item":"https:\/\/tourcruiser.com\/de\/"},{"@type":"ListItem","position":2,"name":"Shop","item":"https:\/\/tourcruiser.com\/de\/shop\/"},{"@type":"ListItem","position":3,"name":"(Women) Nike AL8 'Black'"}]},{"@type":"WebSite","@id":"https:\/\/tourcruiser.com\/de\/#website","url":"https:\/\/tourcruiser.com\/de\/","name":"Styloral Jewelry Shop","description":"Tourcruiser Sneaker Store \u2014 der Ort, an dem das Universum deine Einzigartigkeit trifft.","publisher":{"@id":"https:\/\/tourcruiser.com\/de\/#organization"},"potentialAction":[{"@type":"SearchAction","target":{"@type":"EntryPoint","urlTemplate":"https:\/\/tourcruiser.com\/de\/?s={search_term_string}"},"query-input":{"@type":"PropertyValueSpecification","valueRequired":true,"valueName":"search_term_string"}}],"inLanguage":"de"},{"@type":"Organization","@id":"https:\/\/tourcruiser.com\/de\/#organization","name":"STYLORAL PTE. LTD","url":"https:\/\/tourcruiser.com\/de\/","logo":{"@type":"ImageObject","inLanguage":"de","@id":"https:\/\/tourcruiser.com\/de\/#\/schema\/logo\/image\/","url":"https:\/\/www.tourcruiser.com\/wp-content\/uploads\/2025\/12\/logo.png","contentUrl":"https:\/\/www.tourcruiser.com\/wp-content\/uploads\/2025\/12\/logo.png","width":200,"height":65,"caption":"STYLORAL PTE. LTD"},"image":{"@id":"https:\/\/tourcruiser.com\/de\/#\/schema\/logo\/image\/"}}]}},"_links":{"self":[{"href":"https:\/\/tourcruiser.com\/de\/wp-json\/wp\/v2\/product\/32290","targetHints":{"allow":["GET"]}}],"collection":[{"href":"https:\/\/tourcruiser.com\/de\/wp-json\/wp\/v2\/product"}],"about":[{"href":"https:\/\/tourcruiser.com\/de\/wp-json\/wp\/v2\/types\/product"}],"replies":[{"embeddable":true,"href":"https:\/\/tourcruiser.com\/de\/wp-json\/wp\/v2\/comments?post=32290"}],"wp:featuredmedia":[{"embeddable":true,"href":"https:\/\/tourcruiser.com\/de\/wp-json\/wp\/v2\/media\/32291"}],"wp:attachment":[{"href":"https:\/\/tourcruiser.com\/de\/wp-json\/wp\/v2\/media?parent=32290"}],"wp:term":[{"taxonomy":"product_brand","embeddable":true,"href":"https:\/\/tourcruiser.com\/de\/wp-json\/wp\/v2\/product_brand?post=32290"},{"taxonomy":"product_cat","embeddable":true,"href":"https:\/\/tourcruiser.com\/de\/wp-json\/wp\/v2\/product_cat?post=32290"},{"taxonomy":"product_tag","embeddable":true,"href":"https:\/\/tourcruiser.com\/de\/wp-json\/wp\/v2\/product_tag?post=32290"}],"curies":[{"name":"wp","href":"https:\/\/api.w.org\/{rel}","templated":true}]}}