{"id":32195,"date":"2026-03-02T14:42:02","date_gmt":"2026-03-02T07:42:02","guid":{"rendered":"http:\/\/tourcruiser.com\/product\/tiago-lemos-x-new-balance-numeric-1010-sea-salt-spruce"},"modified":"2026-03-02T14:42:02","modified_gmt":"2026-03-02T07:42:02","slug":"tiago-lemos-x-new-balance-numeric-1010-sea-salt-spruce","status":"publish","type":"product","link":"https:\/\/tourcruiser.com\/de\/products\/tiago-lemos-x-new-balance-numeric-1010-sea-salt-spruce\/","title":{"rendered":"Tiago Lemos x New Balance Numeric 1010 &#8218;Sea Salt Spruce&#8216;"},"content":{"rendered":"<p>Wir pr\u00e4sentieren den Tiago Lemos x New Balance Numeric 1010 \u201eSea Salt Spruce\u201c NM1010AL \u201d\u201c einen Sneaker in limitierter Auflage, der f\u00fcr unvergleichliche Performance und Style entwickelt wurde. Dieser stylische Schuh besticht durch ein Obermaterial aus Wildleder in Sea Salt Spruce, eine verst\u00e4rkte Zehenkappe und die ABZORB SBS-D\u00e4mpfung f\u00fcr optimalen Tragekomfort. Seine robuste Konstruktion und die N-Durance-Gummisohle garantieren Langlebigkeit, w\u00e4hrend die charakteristischen Tiago Lemos-Details f\u00fcr Exklusivit\u00e4t sorgen. Verbessere dein Skateboarding oder setze ein Fashion-Statement mit diesem Must-have-Sneaker.<\/p>\n<p>Farbgebung: Wei\u00df\/New Spruce<\/p>\n<p>Style-Code: NM1010AL<\/p>\n<p>Obermaterial: Leder<br \/>\nZwischensohle: FuelCell<\/p>\n<p>Farbe: Wei\u00df<\/p>\n<p>Farbe: Wei\u00df<\/p>\n","protected":false},"excerpt":{"rendered":"<p>New Balance Numeric 1010 \u201d\u201d White\/New Spruce<\/p>\n","protected":false},"featured_media":32196,"comment_status":"open","ping_status":"closed","template":"","meta":[],"product_brand":[],"product_cat":[10771],"product_tag":[10753,12042,10766,10802,11153,10758],"class_list":{"0":"post-32195","1":"product","2":"type-product","3":"status-publish","4":"has-post-thumbnail","6":"product_cat-new-balance","7":"product_tag-gift-for-him","8":"product_tag-leather-skateboard-shoes","9":"product_tag-new-balance","10":"product_tag-performance-sport-shoes","11":"product_tag-skateboard-shoes","12":"product_tag-under-retail","13":"wcpa_has_options","15":"first","16":"instock","17":"taxable","18":"shipping-taxable","19":"purchasable","20":"product-type-simple"},"wcpa_form_fields":{"rules":{"pric_overide_base_price":false,"pric_overide_base_price_if_gt_zero":false,"pric_overide_base_price_fully":false,"pric_cal_option_once":false,"pric_use_as_fee":false,"bind_quantity":false,"quantity_bind_formula":false},"fields":[{"type":"color-group","required":true,"elementId":"wcpa-color-group-66c4a928225d2","label":"Gr\u00f6\u00dfe","inline":true,"priceOptions":"different_for_all","pricingType":"fixed","className":"hassizechart product-shoes-size-eu product-shoes-size","name":"color-group-66c4a928225e2","disp_type":"square","selection_type":"tick-border","disp_size":"50","show_label_inside":true,"adjust_width":true,"cart_display_type":"text","other_text":"Other","cl_rule":"show","col":6,"values":[{"label":"35","value":"EU 35","price":"","pimage":"","pimage_id":"","pthumb":"","color":""},{"label":"36","value":"EU 36","price":"","pimage":"","pimage_id":"","pthumb":"","color":"","selected":true},{"label":"37","value":"EU 37","price":"","pimage":"","pimage_id":"","pthumb":"","color":""},{"label":"37.5","value":"EU 37.5","price":"","pimage":"","pimage_id":"","pthumb":"","color":""},{"label":"38","value":"EU 38","price":"","pimage":"","pimage_id":"","pthumb":"","color":""},{"label":"38.5","value":"EU 38.5","price":"","pimage":"","pimage_id":"","pthumb":"","color":""},{"label":"39","value":"EU 39","price":"","pimage":"","pimage_id":"","pthumb":"","color":""},{"label":"39.5","value":"EU 39.5","price":"","pimage":"","pimage_id":"","pthumb":"","color":""},{"label":"40","value":"EU 40","price":"","pimage":"","pimage_id":"","pthumb":"","color":""},{"label":"40.5","value":"EU 40.5","price":"","pimage":"","pimage_id":"","pthumb":"","color":""},{"label":" 41.5","value":"EU 41.5","price":"","pimage":"","pimage_id":"","pthumb":"","color":""},{"label":"42","value":"EU 42","price":"","pimage":"","pimage_id":"","pthumb":"","color":""},{"label":"42.5","value":"EU 42.5","price":"","pimage":"","pimage_id":"","pthumb":"","color":""},{"label":"43","value":"EU 43","price":"","pimage":"","pimage_id":"","pthumb":"","color":""},{"label":"44","value":"EU 44","price":"","pimage":"","pimage_id":"","pthumb":"","color":""},{"label":"44.5","value":"EU 44.5","price":"","pimage":"","pimage_id":"","pthumb":"","color":""},{"label":"45","value":"EU 45","price":"","pimage":"","pimage_id":"","pthumb":"","color":""},{"label":"45.5","value":"EU 45.5","price":"","pimage":"","pimage_id":"","pthumb":"","color":""},{"label":"46","value":"EU 46","price":"","pimage":"","pimage_id":"","pthumb":"","color":""}],"relations":[{"operator":false,"rules":[]}],"form_id":24803,"form_rules":{"pric_cal_option_once":false,"exclude_from_discount":false,"pric_use_as_fee":false,"fee_label":"Fee","render_after_acb":false,"disp_hide_options_price":false}}]},"yoast_head":"<!-- This site is optimized with the Yoast SEO plugin v26.5 - https:\/\/yoast.com\/wordpress\/plugins\/seo\/ -->\n<title>Tiago Lemos x New Balance Numeric 1010 &#039;Sea Salt Spruce&#039;  - Tourcruiser PTE. LTD<\/title>\n<meta name=\"robots\" content=\"index, follow, max-snippet:-1, max-image-preview:large, max-video-preview:-1\" \/>\n<link rel=\"canonical\" href=\"https:\/\/tourcruiser.com\/de\/products\/tiago-lemos-x-new-balance-numeric-1010-sea-salt-spruce\/\" \/>\n<meta property=\"og:locale\" content=\"de_DE\" \/>\n<meta property=\"og:type\" content=\"article\" \/>\n<meta property=\"og:title\" content=\"Tiago Lemos x New Balance Numeric 1010 &#039;Sea Salt Spruce&#039;  - Tourcruiser PTE. LTD\" \/>\n<meta property=\"og:description\" content=\"New Balance Numeric 1010 \u201d\u201d White\/New Spruce\" \/>\n<meta property=\"og:url\" content=\"https:\/\/tourcruiser.com\/de\/products\/tiago-lemos-x-new-balance-numeric-1010-sea-salt-spruce\/\" \/>\n<meta property=\"og:site_name\" content=\"Tourcruiser Sneaker Store\" \/>\n<meta name=\"twitter:card\" content=\"summary_large_image\" \/>\n<meta name=\"twitter:image\" content=\"https:\/\/images.novelship.com\/product\/tiago_lemos_x_new_balance_numeric_1010__sea_salt_s_0_36486.jpeg\" \/>\n<script type=\"application\/ld+json\" class=\"yoast-schema-graph\">{\"@context\":\"https:\/\/schema.org\",\"@graph\":[{\"@type\":\"WebPage\",\"@id\":\"https:\/\/tourcruiser.com\/de\/products\/tiago-lemos-x-new-balance-numeric-1010-sea-salt-spruce\/\",\"url\":\"https:\/\/tourcruiser.com\/de\/products\/tiago-lemos-x-new-balance-numeric-1010-sea-salt-spruce\/\",\"name\":\"Tiago Lemos x New Balance Numeric 1010 'Sea Salt Spruce' - Tourcruiser PTE. LTD\",\"isPartOf\":{\"@id\":\"https:\/\/tourcruiser.com\/de\/#website\"},\"primaryImageOfPage\":{\"@id\":\"https:\/\/tourcruiser.com\/de\/products\/tiago-lemos-x-new-balance-numeric-1010-sea-salt-spruce\/#primaryimage\"},\"image\":{\"@id\":\"https:\/\/tourcruiser.com\/de\/products\/tiago-lemos-x-new-balance-numeric-1010-sea-salt-spruce\/#primaryimage\"},\"thumbnailUrl\":\"https:\/\/images.novelship.com\/product\/tiago_lemos_x_new_balance_numeric_1010__sea_salt_s_0_36486.jpeg\",\"datePublished\":\"2026-03-02T07:42:02+00:00\",\"breadcrumb\":{\"@id\":\"https:\/\/tourcruiser.com\/de\/products\/tiago-lemos-x-new-balance-numeric-1010-sea-salt-spruce\/#breadcrumb\"},\"inLanguage\":\"de\",\"potentialAction\":[{\"@type\":\"ReadAction\",\"target\":[\"https:\/\/tourcruiser.com\/de\/products\/tiago-lemos-x-new-balance-numeric-1010-sea-salt-spruce\/\"]}]},{\"@type\":\"ImageObject\",\"inLanguage\":\"de\",\"@id\":\"https:\/\/tourcruiser.com\/de\/products\/tiago-lemos-x-new-balance-numeric-1010-sea-salt-spruce\/#primaryimage\",\"url\":\"https:\/\/images.novelship.com\/product\/tiago_lemos_x_new_balance_numeric_1010__sea_salt_s_0_36486.jpeg\",\"contentUrl\":\"https:\/\/images.novelship.com\/product\/tiago_lemos_x_new_balance_numeric_1010__sea_salt_s_0_36486.jpeg\"},{\"@type\":\"BreadcrumbList\",\"@id\":\"https:\/\/tourcruiser.com\/de\/products\/tiago-lemos-x-new-balance-numeric-1010-sea-salt-spruce\/#breadcrumb\",\"itemListElement\":[{\"@type\":\"ListItem\",\"position\":1,\"name\":\"Home\",\"item\":\"https:\/\/tourcruiser.com\/de\/\"},{\"@type\":\"ListItem\",\"position\":2,\"name\":\"Shop\",\"item\":\"https:\/\/tourcruiser.com\/de\/shop\/\"},{\"@type\":\"ListItem\",\"position\":3,\"name\":\"Tiago Lemos x New Balance Numeric 1010 'Sea Salt Spruce'\"}]},{\"@type\":\"WebSite\",\"@id\":\"https:\/\/tourcruiser.com\/de\/#website\",\"url\":\"https:\/\/tourcruiser.com\/de\/\",\"name\":\"Styloral Jewelry Shop\",\"description\":\"Tourcruiser Sneaker Store \u2014 der Ort, an dem das Universum deine Einzigartigkeit trifft.\",\"publisher\":{\"@id\":\"https:\/\/tourcruiser.com\/de\/#organization\"},\"potentialAction\":[{\"@type\":\"SearchAction\",\"target\":{\"@type\":\"EntryPoint\",\"urlTemplate\":\"https:\/\/tourcruiser.com\/de\/?s={search_term_string}\"},\"query-input\":{\"@type\":\"PropertyValueSpecification\",\"valueRequired\":true,\"valueName\":\"search_term_string\"}}],\"inLanguage\":\"de\"},{\"@type\":\"Organization\",\"@id\":\"https:\/\/tourcruiser.com\/de\/#organization\",\"name\":\"STYLORAL PTE. LTD\",\"url\":\"https:\/\/tourcruiser.com\/de\/\",\"logo\":{\"@type\":\"ImageObject\",\"inLanguage\":\"de\",\"@id\":\"https:\/\/tourcruiser.com\/de\/#\/schema\/logo\/image\/\",\"url\":\"https:\/\/www.tourcruiser.com\/wp-content\/uploads\/2025\/12\/logo.png\",\"contentUrl\":\"https:\/\/www.tourcruiser.com\/wp-content\/uploads\/2025\/12\/logo.png\",\"width\":200,\"height\":65,\"caption\":\"STYLORAL PTE. LTD\"},\"image\":{\"@id\":\"https:\/\/tourcruiser.com\/de\/#\/schema\/logo\/image\/\"}}]}<\/script>\n<!-- \/ Yoast SEO plugin. -->","yoast_head_json":{"title":"Tiago Lemos x New Balance Numeric 1010 'Sea Salt Spruce'  - Tourcruiser PTE. LTD","robots":{"index":"index","follow":"follow","max-snippet":"max-snippet:-1","max-image-preview":"max-image-preview:large","max-video-preview":"max-video-preview:-1"},"canonical":"https:\/\/tourcruiser.com\/de\/products\/tiago-lemos-x-new-balance-numeric-1010-sea-salt-spruce\/","og_locale":"de_DE","og_type":"article","og_title":"Tiago Lemos x New Balance Numeric 1010 'Sea Salt Spruce'  - Tourcruiser PTE. LTD","og_description":"New Balance Numeric 1010 \u201d\u201d White\/New Spruce","og_url":"https:\/\/tourcruiser.com\/de\/products\/tiago-lemos-x-new-balance-numeric-1010-sea-salt-spruce\/","og_site_name":"Tourcruiser Sneaker Store","twitter_card":"summary_large_image","twitter_image":"https:\/\/images.novelship.com\/product\/tiago_lemos_x_new_balance_numeric_1010__sea_salt_s_0_36486.jpeg","schema":{"@context":"https:\/\/schema.org","@graph":[{"@type":"WebPage","@id":"https:\/\/tourcruiser.com\/de\/products\/tiago-lemos-x-new-balance-numeric-1010-sea-salt-spruce\/","url":"https:\/\/tourcruiser.com\/de\/products\/tiago-lemos-x-new-balance-numeric-1010-sea-salt-spruce\/","name":"Tiago Lemos x New Balance Numeric 1010 'Sea Salt Spruce' - Tourcruiser PTE. LTD","isPartOf":{"@id":"https:\/\/tourcruiser.com\/de\/#website"},"primaryImageOfPage":{"@id":"https:\/\/tourcruiser.com\/de\/products\/tiago-lemos-x-new-balance-numeric-1010-sea-salt-spruce\/#primaryimage"},"image":{"@id":"https:\/\/tourcruiser.com\/de\/products\/tiago-lemos-x-new-balance-numeric-1010-sea-salt-spruce\/#primaryimage"},"thumbnailUrl":"https:\/\/images.novelship.com\/product\/tiago_lemos_x_new_balance_numeric_1010__sea_salt_s_0_36486.jpeg","datePublished":"2026-03-02T07:42:02+00:00","breadcrumb":{"@id":"https:\/\/tourcruiser.com\/de\/products\/tiago-lemos-x-new-balance-numeric-1010-sea-salt-spruce\/#breadcrumb"},"inLanguage":"de","potentialAction":[{"@type":"ReadAction","target":["https:\/\/tourcruiser.com\/de\/products\/tiago-lemos-x-new-balance-numeric-1010-sea-salt-spruce\/"]}]},{"@type":"ImageObject","inLanguage":"de","@id":"https:\/\/tourcruiser.com\/de\/products\/tiago-lemos-x-new-balance-numeric-1010-sea-salt-spruce\/#primaryimage","url":"https:\/\/images.novelship.com\/product\/tiago_lemos_x_new_balance_numeric_1010__sea_salt_s_0_36486.jpeg","contentUrl":"https:\/\/images.novelship.com\/product\/tiago_lemos_x_new_balance_numeric_1010__sea_salt_s_0_36486.jpeg"},{"@type":"BreadcrumbList","@id":"https:\/\/tourcruiser.com\/de\/products\/tiago-lemos-x-new-balance-numeric-1010-sea-salt-spruce\/#breadcrumb","itemListElement":[{"@type":"ListItem","position":1,"name":"Home","item":"https:\/\/tourcruiser.com\/de\/"},{"@type":"ListItem","position":2,"name":"Shop","item":"https:\/\/tourcruiser.com\/de\/shop\/"},{"@type":"ListItem","position":3,"name":"Tiago Lemos x New Balance Numeric 1010 'Sea Salt Spruce'"}]},{"@type":"WebSite","@id":"https:\/\/tourcruiser.com\/de\/#website","url":"https:\/\/tourcruiser.com\/de\/","name":"Styloral Jewelry Shop","description":"Tourcruiser Sneaker Store \u2014 der Ort, an dem das Universum deine Einzigartigkeit trifft.","publisher":{"@id":"https:\/\/tourcruiser.com\/de\/#organization"},"potentialAction":[{"@type":"SearchAction","target":{"@type":"EntryPoint","urlTemplate":"https:\/\/tourcruiser.com\/de\/?s={search_term_string}"},"query-input":{"@type":"PropertyValueSpecification","valueRequired":true,"valueName":"search_term_string"}}],"inLanguage":"de"},{"@type":"Organization","@id":"https:\/\/tourcruiser.com\/de\/#organization","name":"STYLORAL PTE. LTD","url":"https:\/\/tourcruiser.com\/de\/","logo":{"@type":"ImageObject","inLanguage":"de","@id":"https:\/\/tourcruiser.com\/de\/#\/schema\/logo\/image\/","url":"https:\/\/www.tourcruiser.com\/wp-content\/uploads\/2025\/12\/logo.png","contentUrl":"https:\/\/www.tourcruiser.com\/wp-content\/uploads\/2025\/12\/logo.png","width":200,"height":65,"caption":"STYLORAL PTE. LTD"},"image":{"@id":"https:\/\/tourcruiser.com\/de\/#\/schema\/logo\/image\/"}}]}},"_links":{"self":[{"href":"https:\/\/tourcruiser.com\/de\/wp-json\/wp\/v2\/product\/32195","targetHints":{"allow":["GET"]}}],"collection":[{"href":"https:\/\/tourcruiser.com\/de\/wp-json\/wp\/v2\/product"}],"about":[{"href":"https:\/\/tourcruiser.com\/de\/wp-json\/wp\/v2\/types\/product"}],"replies":[{"embeddable":true,"href":"https:\/\/tourcruiser.com\/de\/wp-json\/wp\/v2\/comments?post=32195"}],"wp:featuredmedia":[{"embeddable":true,"href":"https:\/\/tourcruiser.com\/de\/wp-json\/wp\/v2\/media\/32196"}],"wp:attachment":[{"href":"https:\/\/tourcruiser.com\/de\/wp-json\/wp\/v2\/media?parent=32195"}],"wp:term":[{"taxonomy":"product_brand","embeddable":true,"href":"https:\/\/tourcruiser.com\/de\/wp-json\/wp\/v2\/product_brand?post=32195"},{"taxonomy":"product_cat","embeddable":true,"href":"https:\/\/tourcruiser.com\/de\/wp-json\/wp\/v2\/product_cat?post=32195"},{"taxonomy":"product_tag","embeddable":true,"href":"https:\/\/tourcruiser.com\/de\/wp-json\/wp\/v2\/product_tag?post=32195"}],"curies":[{"name":"wp","href":"https:\/\/api.w.org\/{rel}","templated":true}]}}