{"id":31899,"date":"2026-03-02T14:41:38","date_gmt":"2026-03-02T07:41:38","guid":{"rendered":"http:\/\/tourcruiser.com\/product\/asics-gel-nyc-2055-silver-cream-midnight"},"modified":"2026-03-28T00:41:47","modified_gmt":"2026-03-27T17:41:47","slug":"asics-gel-nyc-2055-silver-cream-midnight","status":"publish","type":"product","link":"https:\/\/tourcruiser.com\/de\/products\/asics-gel-nyc-2055-silver-cream-midnight\/","title":{"rendered":"ASICS Gel NYC 2055 &#8218;Silver Cream Midnight&#8216;"},"content":{"rendered":"<p>Erleben Sie unvergleichlichen Komfort und Style mit dem ASICS Gel NYC 2055 \u201eSilver Cream Midnight\u201c 1203A542-102 \u201d\u201c die perfekte Kombination aus modernster Technologie und elegantem, urbanem Design. Ausgestattet mit dem bew\u00e4hrten GEL-D\u00e4mpfungssystem von ASICS bietet dieser Sneaker au\u00dfergew\u00f6hnliche Sto\u00dfd\u00e4mpfung und ganzt\u00e4gigen Halt, egal ob Sie in der Stadt unterwegs sind oder neue Horizonte entdecken. Die Farbgebung \u201eSilver Cream Midnight\u201c verleiht ihm eine moderne und vielseitige Optik und macht ihn zu einer m\u00fchelosen Erg\u00e4nzung f\u00fcr jede Garderobe. Das Obermaterial aus strapazierf\u00e4higem Mesh und Synthetikleder sorgt f\u00fcr Atmungsaktivit\u00e4t und Langlebigkeit, w\u00e4hrend die leichte Zwischensohle Flexibilit\u00e4t und Performance optimiert. Der ASICS Gel NYC 2055 ist perfekt f\u00fcr Freizeit und einen aktiven Lebensstil und definiert Funktionalit\u00e4t mit einem Hauch von Eleganz neu. W\u00e4hle ultimative Performance und zeitloses Design f\u00fcr ein neues Level an Schuhen.<\/p>\n<ul>\n<li><strong>Farbgebung:<\/strong> Creme\/Mitternacht<\/li>\n<li><strong>Artikelnummer:<\/strong> 1203A542-102<\/li>\n<li><strong>Obermaterial:<\/strong> Mesh<\/li>\n<li><strong>Zwischensohle:<\/strong> Gel<\/li>\n<li><strong>Farbe:<\/strong> Silber<\/li>\n<li><strong>Erscheinungsjahr:<\/strong> 2025<\/li>\n<\/ul>\n","protected":false},"excerpt":{"rendered":"<p>ASICS Gel NYC 2055 \u201d\u201d Cream\/Midnight<\/p>\n","protected":false},"featured_media":31900,"comment_status":"open","ping_status":"closed","template":"","meta":[],"product_brand":[],"product_cat":[10792],"product_tag":[10791,10750,10754,10765,10768,10758],"class_list":{"0":"post-31899","1":"product","2":"type-product","3":"status-publish","4":"has-post-thumbnail","6":"product_cat-asics","7":"product_tag-asics","8":"product_tag-athleisure-shoes","9":"product_tag-lifestyle-casual-shoes","10":"product_tag-lifestyle-shoes-running-inspired","11":"product_tag-retro-running-shoes","12":"product_tag-under-retail","13":"wcpa_has_options","15":"first","16":"outofstock","17":"taxable","18":"shipping-taxable","19":"purchasable","20":"product-type-simple"},"wcpa_form_fields":{"rules":{"pric_overide_base_price":false,"pric_overide_base_price_if_gt_zero":false,"pric_overide_base_price_fully":false,"pric_cal_option_once":false,"pric_use_as_fee":false,"bind_quantity":false,"quantity_bind_formula":false},"fields":[{"type":"color-group","required":true,"elementId":"wcpa-color-group-69a5ab08ee12d","label":"Gr\u00f6\u00dfe","inline":true,"priceOptions":"different_for_all","pricingType":"fixed","className":"hassizechart product-shoes-size-eu product-shoes-size","name":"color-group-69a5ab08ee136","disp_type":"square","selection_type":"tick-border","disp_size":"50","show_label_inside":true,"adjust_width":true,"cart_display_type":"text","other_text":"Other","cl_rule":"show","col":6,"values":[{"label":"36","value":"EU 36","price":"","pimage":"","pimage_id":"","pthumb":"","color":"","selected":true},{"label":"37","value":"EU 37","price":"","pimage":"","pimage_id":"","pthumb":"","color":""},{"label":"37.5","value":"EU 37.5","price":"","pimage":"","pimage_id":"","pthumb":"","color":""},{"label":"38","value":"EU 38","price":"","pimage":"","pimage_id":"","pthumb":"","color":""},{"label":"38.5","value":"EU 38.5","price":"","pimage":"","pimage_id":"","pthumb":"","color":""},{"label":"39","value":"EU 39","price":"","pimage":"","pimage_id":"","pthumb":"","color":""},{"label":"39.5","value":"EU 39.5","price":"","pimage":"","pimage_id":"","pthumb":"","color":""},{"label":"40","value":"EU 40","price":"","pimage":"","pimage_id":"","pthumb":"","color":""},{"label":"40.5","value":"EU 40.5","price":"","pimage":"","pimage_id":"","pthumb":"","color":""},{"label":" 41.5","value":"EU 41.5","price":"","pimage":"","pimage_id":"","pthumb":"","color":""},{"label":"42","value":"EU 42","price":"","pimage":"","pimage_id":"","pthumb":"","color":""},{"label":"42.5","value":"EU 42.5","price":"","pimage":"","pimage_id":"","pthumb":"","color":""},{"label":"43.5","value":"EU 43.5","price":"","pimage":"","pimage_id":"","pthumb":"","color":""},{"label":"44","value":"EU 44","price":"","pimage":"","pimage_id":"","pthumb":"","color":""},{"label":"44.5","value":"EU 44.5","price":"","pimage":"","pimage_id":"","pthumb":"","color":""},{"label":"45","value":"EU 45","price":"","pimage":"","pimage_id":"","pthumb":"","color":""}],"relations":[{"operator":false,"rules":[]}],"form_id":184311,"form_rules":{"pric_cal_option_once":false,"exclude_from_discount":false,"pric_use_as_fee":false,"fee_label":"Fee","render_after_acb":false,"disp_hide_options_price":false}}]},"yoast_head":"<!-- This site is optimized with the Yoast SEO plugin v26.5 - https:\/\/yoast.com\/wordpress\/plugins\/seo\/ -->\n<title>ASICS Gel NYC 2055 &#039;Silver Cream Midnight&#039;  - Tourcruiser PTE. LTD<\/title>\n<meta name=\"robots\" content=\"index, follow, max-snippet:-1, max-image-preview:large, max-video-preview:-1\" \/>\n<link rel=\"canonical\" href=\"https:\/\/tourcruiser.com\/de\/products\/asics-gel-nyc-2055-silver-cream-midnight\/\" \/>\n<meta property=\"og:locale\" content=\"de_DE\" \/>\n<meta property=\"og:type\" content=\"article\" \/>\n<meta property=\"og:title\" content=\"ASICS Gel NYC 2055 &#039;Silver Cream Midnight&#039;  - Tourcruiser PTE. LTD\" \/>\n<meta property=\"og:description\" content=\"ASICS Gel NYC 2055 \u201d\u201d Cream\/Midnight\" \/>\n<meta property=\"og:url\" content=\"https:\/\/tourcruiser.com\/de\/products\/asics-gel-nyc-2055-silver-cream-midnight\/\" \/>\n<meta property=\"og:site_name\" content=\"Tourcruiser Sneaker Store\" \/>\n<meta property=\"article:modified_time\" content=\"2026-03-27T17:41:47+00:00\" \/>\n<meta name=\"twitter:card\" content=\"summary_large_image\" \/>\n<meta name=\"twitter:image\" content=\"https:\/\/images.novelship.com\/product\/asics_gel_nyc_2055__silver_cream_midnight__1203a54_0_99845.jpeg;https:\/\/images.novelship.com\/product\/asics_gel_nyc_2055__silver_cream_midnight__1203a54_1_99848.jpeg;https:\/\/images.novelship.com\/product\/asics_gel_nyc_2055__silver_cream_midnight__1203a54_2_99848.jpeg;https:\/\/images.novelship.com\/product\/asics_gel_nyc_2055__silver_cream_midnight__1203a54_3_99848.jpeg;https:\/\/images.novelship.com\/product\/asics_gel_nyc_2055__silver_cream_midnight__1203a54_4_99848.jpeg;https:\/\/images.novelship.com\/product\/asics_gel_nyc_2055__silver_cream_midnight__1203a54_5_99848.jpeg;https:\/\/images.novelship.com\/product\/asics_gel_nyc_2055__silver_cream_midnight__1203a54_6_99849.jpeg;https:\/\/images.novelship.com\/product\/asics_gel_nyc_2055__silver_cream_midnight__1203a54_7_99849.jpeg\" \/>\n<meta name=\"twitter:label1\" content=\"Gesch\u00e4tzte Lesezeit\" \/>\n\t<meta name=\"twitter:data1\" content=\"1\u00a0Minute\" \/>\n<script type=\"application\/ld+json\" class=\"yoast-schema-graph\">{\"@context\":\"https:\/\/schema.org\",\"@graph\":[{\"@type\":\"WebPage\",\"@id\":\"https:\/\/tourcruiser.com\/de\/products\/asics-gel-nyc-2055-silver-cream-midnight\/\",\"url\":\"https:\/\/tourcruiser.com\/de\/products\/asics-gel-nyc-2055-silver-cream-midnight\/\",\"name\":\"ASICS Gel NYC 2055 'Silver Cream Midnight' - Tourcruiser PTE. LTD\",\"isPartOf\":{\"@id\":\"https:\/\/tourcruiser.com\/de\/#website\"},\"primaryImageOfPage\":{\"@id\":\"https:\/\/tourcruiser.com\/de\/products\/asics-gel-nyc-2055-silver-cream-midnight\/#primaryimage\"},\"image\":{\"@id\":\"https:\/\/tourcruiser.com\/de\/products\/asics-gel-nyc-2055-silver-cream-midnight\/#primaryimage\"},\"thumbnailUrl\":\"https:\/\/images.novelship.com\/product\/asics_gel_nyc_2055__silver_cream_midnight__1203a54_0_99845.jpeg;https:\/\/images.novelship.com\/product\/asics_gel_nyc_2055__silver_cream_midnight__1203a54_1_99848.jpeg;https:\/\/images.novelship.com\/product\/asics_gel_nyc_2055__silver_cream_midnight__1203a54_2_99848.jpeg;https:\/\/images.novelship.com\/product\/asics_gel_nyc_2055__silver_cream_midnight__1203a54_3_99848.jpeg;https:\/\/images.novelship.com\/product\/asics_gel_nyc_2055__silver_cream_midnight__1203a54_4_99848.jpeg;https:\/\/images.novelship.com\/product\/asics_gel_nyc_2055__silver_cream_midnight__1203a54_5_99848.jpeg;https:\/\/images.novelship.com\/product\/asics_gel_nyc_2055__silver_cream_midnight__1203a54_6_99849.jpeg;https:\/\/images.novelship.com\/product\/asics_gel_nyc_2055__silver_cream_midnight__1203a54_7_99849.jpeg\",\"datePublished\":\"2026-03-02T07:41:38+00:00\",\"dateModified\":\"2026-03-27T17:41:47+00:00\",\"breadcrumb\":{\"@id\":\"https:\/\/tourcruiser.com\/de\/products\/asics-gel-nyc-2055-silver-cream-midnight\/#breadcrumb\"},\"inLanguage\":\"de\",\"potentialAction\":[{\"@type\":\"ReadAction\",\"target\":[\"https:\/\/tourcruiser.com\/de\/products\/asics-gel-nyc-2055-silver-cream-midnight\/\"]}]},{\"@type\":\"ImageObject\",\"inLanguage\":\"de\",\"@id\":\"https:\/\/tourcruiser.com\/de\/products\/asics-gel-nyc-2055-silver-cream-midnight\/#primaryimage\",\"url\":\"https:\/\/images.novelship.com\/product\/asics_gel_nyc_2055__silver_cream_midnight__1203a54_0_99845.jpeg;https:\/\/images.novelship.com\/product\/asics_gel_nyc_2055__silver_cream_midnight__1203a54_1_99848.jpeg;https:\/\/images.novelship.com\/product\/asics_gel_nyc_2055__silver_cream_midnight__1203a54_2_99848.jpeg;https:\/\/images.novelship.com\/product\/asics_gel_nyc_2055__silver_cream_midnight__1203a54_3_99848.jpeg;https:\/\/images.novelship.com\/product\/asics_gel_nyc_2055__silver_cream_midnight__1203a54_4_99848.jpeg;https:\/\/images.novelship.com\/product\/asics_gel_nyc_2055__silver_cream_midnight__1203a54_5_99848.jpeg;https:\/\/images.novelship.com\/product\/asics_gel_nyc_2055__silver_cream_midnight__1203a54_6_99849.jpeg;https:\/\/images.novelship.com\/product\/asics_gel_nyc_2055__silver_cream_midnight__1203a54_7_99849.jpeg\",\"contentUrl\":\"https:\/\/images.novelship.com\/product\/asics_gel_nyc_2055__silver_cream_midnight__1203a54_0_99845.jpeg;https:\/\/images.novelship.com\/product\/asics_gel_nyc_2055__silver_cream_midnight__1203a54_1_99848.jpeg;https:\/\/images.novelship.com\/product\/asics_gel_nyc_2055__silver_cream_midnight__1203a54_2_99848.jpeg;https:\/\/images.novelship.com\/product\/asics_gel_nyc_2055__silver_cream_midnight__1203a54_3_99848.jpeg;https:\/\/images.novelship.com\/product\/asics_gel_nyc_2055__silver_cream_midnight__1203a54_4_99848.jpeg;https:\/\/images.novelship.com\/product\/asics_gel_nyc_2055__silver_cream_midnight__1203a54_5_99848.jpeg;https:\/\/images.novelship.com\/product\/asics_gel_nyc_2055__silver_cream_midnight__1203a54_6_99849.jpeg;https:\/\/images.novelship.com\/product\/asics_gel_nyc_2055__silver_cream_midnight__1203a54_7_99849.jpeg\"},{\"@type\":\"BreadcrumbList\",\"@id\":\"https:\/\/tourcruiser.com\/de\/products\/asics-gel-nyc-2055-silver-cream-midnight\/#breadcrumb\",\"itemListElement\":[{\"@type\":\"ListItem\",\"position\":1,\"name\":\"Home\",\"item\":\"https:\/\/tourcruiser.com\/de\/\"},{\"@type\":\"ListItem\",\"position\":2,\"name\":\"Shop\",\"item\":\"https:\/\/tourcruiser.com\/de\/shop\/\"},{\"@type\":\"ListItem\",\"position\":3,\"name\":\"ASICS Gel NYC 2055 'Silver Cream Midnight'\"}]},{\"@type\":\"WebSite\",\"@id\":\"https:\/\/tourcruiser.com\/de\/#website\",\"url\":\"https:\/\/tourcruiser.com\/de\/\",\"name\":\"Styloral Jewelry Shop\",\"description\":\"Tourcruiser Sneaker Store \u2014 der Ort, an dem das Universum deine Einzigartigkeit trifft.\",\"publisher\":{\"@id\":\"https:\/\/tourcruiser.com\/de\/#organization\"},\"potentialAction\":[{\"@type\":\"SearchAction\",\"target\":{\"@type\":\"EntryPoint\",\"urlTemplate\":\"https:\/\/tourcruiser.com\/de\/?s={search_term_string}\"},\"query-input\":{\"@type\":\"PropertyValueSpecification\",\"valueRequired\":true,\"valueName\":\"search_term_string\"}}],\"inLanguage\":\"de\"},{\"@type\":\"Organization\",\"@id\":\"https:\/\/tourcruiser.com\/de\/#organization\",\"name\":\"STYLORAL PTE. LTD\",\"url\":\"https:\/\/tourcruiser.com\/de\/\",\"logo\":{\"@type\":\"ImageObject\",\"inLanguage\":\"de\",\"@id\":\"https:\/\/tourcruiser.com\/de\/#\/schema\/logo\/image\/\",\"url\":\"https:\/\/www.tourcruiser.com\/wp-content\/uploads\/2025\/12\/logo.png\",\"contentUrl\":\"https:\/\/www.tourcruiser.com\/wp-content\/uploads\/2025\/12\/logo.png\",\"width\":200,\"height\":65,\"caption\":\"STYLORAL PTE. LTD\"},\"image\":{\"@id\":\"https:\/\/tourcruiser.com\/de\/#\/schema\/logo\/image\/\"}}]}<\/script>\n<!-- \/ Yoast SEO plugin. -->","yoast_head_json":{"title":"ASICS Gel NYC 2055 'Silver Cream Midnight'  - Tourcruiser PTE. LTD","robots":{"index":"index","follow":"follow","max-snippet":"max-snippet:-1","max-image-preview":"max-image-preview:large","max-video-preview":"max-video-preview:-1"},"canonical":"https:\/\/tourcruiser.com\/de\/products\/asics-gel-nyc-2055-silver-cream-midnight\/","og_locale":"de_DE","og_type":"article","og_title":"ASICS Gel NYC 2055 'Silver Cream Midnight'  - Tourcruiser PTE. LTD","og_description":"ASICS Gel NYC 2055 \u201d\u201d Cream\/Midnight","og_url":"https:\/\/tourcruiser.com\/de\/products\/asics-gel-nyc-2055-silver-cream-midnight\/","og_site_name":"Tourcruiser Sneaker Store","article_modified_time":"2026-03-27T17:41:47+00:00","twitter_card":"summary_large_image","twitter_image":"https:\/\/images.novelship.com\/product\/asics_gel_nyc_2055__silver_cream_midnight__1203a54_0_99845.jpeg;https:\/\/images.novelship.com\/product\/asics_gel_nyc_2055__silver_cream_midnight__1203a54_1_99848.jpeg;https:\/\/images.novelship.com\/product\/asics_gel_nyc_2055__silver_cream_midnight__1203a54_2_99848.jpeg;https:\/\/images.novelship.com\/product\/asics_gel_nyc_2055__silver_cream_midnight__1203a54_3_99848.jpeg;https:\/\/images.novelship.com\/product\/asics_gel_nyc_2055__silver_cream_midnight__1203a54_4_99848.jpeg;https:\/\/images.novelship.com\/product\/asics_gel_nyc_2055__silver_cream_midnight__1203a54_5_99848.jpeg;https:\/\/images.novelship.com\/product\/asics_gel_nyc_2055__silver_cream_midnight__1203a54_6_99849.jpeg;https:\/\/images.novelship.com\/product\/asics_gel_nyc_2055__silver_cream_midnight__1203a54_7_99849.jpeg","twitter_misc":{"Gesch\u00e4tzte Lesezeit":"1\u00a0Minute"},"schema":{"@context":"https:\/\/schema.org","@graph":[{"@type":"WebPage","@id":"https:\/\/tourcruiser.com\/de\/products\/asics-gel-nyc-2055-silver-cream-midnight\/","url":"https:\/\/tourcruiser.com\/de\/products\/asics-gel-nyc-2055-silver-cream-midnight\/","name":"ASICS Gel NYC 2055 'Silver Cream Midnight' - Tourcruiser PTE. LTD","isPartOf":{"@id":"https:\/\/tourcruiser.com\/de\/#website"},"primaryImageOfPage":{"@id":"https:\/\/tourcruiser.com\/de\/products\/asics-gel-nyc-2055-silver-cream-midnight\/#primaryimage"},"image":{"@id":"https:\/\/tourcruiser.com\/de\/products\/asics-gel-nyc-2055-silver-cream-midnight\/#primaryimage"},"thumbnailUrl":"https:\/\/images.novelship.com\/product\/asics_gel_nyc_2055__silver_cream_midnight__1203a54_0_99845.jpeg;https:\/\/images.novelship.com\/product\/asics_gel_nyc_2055__silver_cream_midnight__1203a54_1_99848.jpeg;https:\/\/images.novelship.com\/product\/asics_gel_nyc_2055__silver_cream_midnight__1203a54_2_99848.jpeg;https:\/\/images.novelship.com\/product\/asics_gel_nyc_2055__silver_cream_midnight__1203a54_3_99848.jpeg;https:\/\/images.novelship.com\/product\/asics_gel_nyc_2055__silver_cream_midnight__1203a54_4_99848.jpeg;https:\/\/images.novelship.com\/product\/asics_gel_nyc_2055__silver_cream_midnight__1203a54_5_99848.jpeg;https:\/\/images.novelship.com\/product\/asics_gel_nyc_2055__silver_cream_midnight__1203a54_6_99849.jpeg;https:\/\/images.novelship.com\/product\/asics_gel_nyc_2055__silver_cream_midnight__1203a54_7_99849.jpeg","datePublished":"2026-03-02T07:41:38+00:00","dateModified":"2026-03-27T17:41:47+00:00","breadcrumb":{"@id":"https:\/\/tourcruiser.com\/de\/products\/asics-gel-nyc-2055-silver-cream-midnight\/#breadcrumb"},"inLanguage":"de","potentialAction":[{"@type":"ReadAction","target":["https:\/\/tourcruiser.com\/de\/products\/asics-gel-nyc-2055-silver-cream-midnight\/"]}]},{"@type":"ImageObject","inLanguage":"de","@id":"https:\/\/tourcruiser.com\/de\/products\/asics-gel-nyc-2055-silver-cream-midnight\/#primaryimage","url":"https:\/\/images.novelship.com\/product\/asics_gel_nyc_2055__silver_cream_midnight__1203a54_0_99845.jpeg;https:\/\/images.novelship.com\/product\/asics_gel_nyc_2055__silver_cream_midnight__1203a54_1_99848.jpeg;https:\/\/images.novelship.com\/product\/asics_gel_nyc_2055__silver_cream_midnight__1203a54_2_99848.jpeg;https:\/\/images.novelship.com\/product\/asics_gel_nyc_2055__silver_cream_midnight__1203a54_3_99848.jpeg;https:\/\/images.novelship.com\/product\/asics_gel_nyc_2055__silver_cream_midnight__1203a54_4_99848.jpeg;https:\/\/images.novelship.com\/product\/asics_gel_nyc_2055__silver_cream_midnight__1203a54_5_99848.jpeg;https:\/\/images.novelship.com\/product\/asics_gel_nyc_2055__silver_cream_midnight__1203a54_6_99849.jpeg;https:\/\/images.novelship.com\/product\/asics_gel_nyc_2055__silver_cream_midnight__1203a54_7_99849.jpeg","contentUrl":"https:\/\/images.novelship.com\/product\/asics_gel_nyc_2055__silver_cream_midnight__1203a54_0_99845.jpeg;https:\/\/images.novelship.com\/product\/asics_gel_nyc_2055__silver_cream_midnight__1203a54_1_99848.jpeg;https:\/\/images.novelship.com\/product\/asics_gel_nyc_2055__silver_cream_midnight__1203a54_2_99848.jpeg;https:\/\/images.novelship.com\/product\/asics_gel_nyc_2055__silver_cream_midnight__1203a54_3_99848.jpeg;https:\/\/images.novelship.com\/product\/asics_gel_nyc_2055__silver_cream_midnight__1203a54_4_99848.jpeg;https:\/\/images.novelship.com\/product\/asics_gel_nyc_2055__silver_cream_midnight__1203a54_5_99848.jpeg;https:\/\/images.novelship.com\/product\/asics_gel_nyc_2055__silver_cream_midnight__1203a54_6_99849.jpeg;https:\/\/images.novelship.com\/product\/asics_gel_nyc_2055__silver_cream_midnight__1203a54_7_99849.jpeg"},{"@type":"BreadcrumbList","@id":"https:\/\/tourcruiser.com\/de\/products\/asics-gel-nyc-2055-silver-cream-midnight\/#breadcrumb","itemListElement":[{"@type":"ListItem","position":1,"name":"Home","item":"https:\/\/tourcruiser.com\/de\/"},{"@type":"ListItem","position":2,"name":"Shop","item":"https:\/\/tourcruiser.com\/de\/shop\/"},{"@type":"ListItem","position":3,"name":"ASICS Gel NYC 2055 'Silver Cream Midnight'"}]},{"@type":"WebSite","@id":"https:\/\/tourcruiser.com\/de\/#website","url":"https:\/\/tourcruiser.com\/de\/","name":"Styloral Jewelry Shop","description":"Tourcruiser Sneaker Store \u2014 der Ort, an dem das Universum deine Einzigartigkeit trifft.","publisher":{"@id":"https:\/\/tourcruiser.com\/de\/#organization"},"potentialAction":[{"@type":"SearchAction","target":{"@type":"EntryPoint","urlTemplate":"https:\/\/tourcruiser.com\/de\/?s={search_term_string}"},"query-input":{"@type":"PropertyValueSpecification","valueRequired":true,"valueName":"search_term_string"}}],"inLanguage":"de"},{"@type":"Organization","@id":"https:\/\/tourcruiser.com\/de\/#organization","name":"STYLORAL PTE. LTD","url":"https:\/\/tourcruiser.com\/de\/","logo":{"@type":"ImageObject","inLanguage":"de","@id":"https:\/\/tourcruiser.com\/de\/#\/schema\/logo\/image\/","url":"https:\/\/www.tourcruiser.com\/wp-content\/uploads\/2025\/12\/logo.png","contentUrl":"https:\/\/www.tourcruiser.com\/wp-content\/uploads\/2025\/12\/logo.png","width":200,"height":65,"caption":"STYLORAL PTE. LTD"},"image":{"@id":"https:\/\/tourcruiser.com\/de\/#\/schema\/logo\/image\/"}}]}},"_links":{"self":[{"href":"https:\/\/tourcruiser.com\/de\/wp-json\/wp\/v2\/product\/31899","targetHints":{"allow":["GET"]}}],"collection":[{"href":"https:\/\/tourcruiser.com\/de\/wp-json\/wp\/v2\/product"}],"about":[{"href":"https:\/\/tourcruiser.com\/de\/wp-json\/wp\/v2\/types\/product"}],"replies":[{"embeddable":true,"href":"https:\/\/tourcruiser.com\/de\/wp-json\/wp\/v2\/comments?post=31899"}],"wp:featuredmedia":[{"embeddable":true,"href":"https:\/\/tourcruiser.com\/de\/wp-json\/wp\/v2\/media\/31900"}],"wp:attachment":[{"href":"https:\/\/tourcruiser.com\/de\/wp-json\/wp\/v2\/media?parent=31899"}],"wp:term":[{"taxonomy":"product_brand","embeddable":true,"href":"https:\/\/tourcruiser.com\/de\/wp-json\/wp\/v2\/product_brand?post=31899"},{"taxonomy":"product_cat","embeddable":true,"href":"https:\/\/tourcruiser.com\/de\/wp-json\/wp\/v2\/product_cat?post=31899"},{"taxonomy":"product_tag","embeddable":true,"href":"https:\/\/tourcruiser.com\/de\/wp-json\/wp\/v2\/product_tag?post=31899"}],"curies":[{"name":"wp","href":"https:\/\/api.w.org\/{rel}","templated":true}]}}